{"id":6192,"date":"2026-05-15T15:18:37","date_gmt":"2026-05-15T07:18:37","guid":{"rendered":"https:\/\/halleffectkeyboard.com\/?post_type=product&#038;p=6192"},"modified":"2026-05-15T15:18:39","modified_gmt":"2026-05-15T07:18:39","slug":"payson-2-in-1-aluminum-alloy-switch-opener","status":"publish","type":"product","link":"https:\/\/halleffectkeyboard.com\/sv\/produkt\/payson-2-i-1-strombrytare-i-aluminiumlegering\/","title":{"rendered":"PAYSON 2-i-1-brytar\u00f6ppnare i aluminiumlegering"},"content":{"rendered":"<h1><strong>PAYSON 2-i-1-brytar\u00f6ppnare i aluminiumlegering: Det ultimata verktyget f\u00f6r mekaniska tangentbord<\/strong><\/h1>\n<p><strong>Produkt\u00f6versikt<\/strong> Demontera, inspektera och anpassa enkelt dina tangentbordsbrytare med <strong>PAYSON 2-i-1-brytar\u00f6ppnare i aluminiumlegering<\/strong>. Utformad som en <strong>Premium brytar\u00f6ppnare i aluminium<\/strong> f\u00f6r b\u00e5de magnetiska och mekaniska brytare, detta <strong>h\u00e5llbar brytar\u00f6ppnare<\/strong> f\u00f6renklar processen att \u00f6ppna brytare utan att orsaka skador.<\/p>\n<p>Oavsett om du \u00e4r hobbyist, entusiast eller yrkesverksam, detta <strong>verktyg f\u00f6r demontering av tangentbordsbrytare<\/strong> \u00e4r ett oumb\u00e4rligt tillskott till din samling. Perfekt som <strong>DIY-tangentbordsmodifieringsverktyg<\/strong>, den finns i m\u00e5ngsidiga konfigurationer \u2013 fungerar perfekt som en <strong>2-i-1-brytar\u00f6ppnare<\/strong> och till och med tillgodose behoven f\u00f6r en <strong>3-i-1 mekanisk str\u00f6mbrytare<\/strong>. Den fungerar s\u00f6ml\u00f6st med de flesta switchar p\u00e5 marknaden, vilket g\u00f6r den till en verkligt <strong>universell brytar\u00f6ppnare<\/strong>.<\/p>\n<p><img loading=\"lazy\" decoding=\"async\" class=\"alignnone size-full wp-image-6202\" src=\"https:\/\/halleffectkeyboard.com\/wp-content\/uploads\/2026\/05\/1-62-scaled.jpg\" alt=\"PAYSON 2-in-1 Aluminum Alloy Switch Opener\" width=\"2560\" height=\"1437\" srcset=\"https:\/\/halleffectkeyboard.com\/wp-content\/uploads\/2026\/05\/1-62-scaled.jpg 2560w, https:\/\/halleffectkeyboard.com\/wp-content\/uploads\/2026\/05\/1-62-300x168.jpg 300w, https:\/\/halleffectkeyboard.com\/wp-content\/uploads\/2026\/05\/1-62-1024x575.jpg 1024w, https:\/\/halleffectkeyboard.com\/wp-content\/uploads\/2026\/05\/1-62-768x431.jpg 768w, https:\/\/halleffectkeyboard.com\/wp-content\/uploads\/2026\/05\/1-62-1536x862.jpg 1536w, https:\/\/halleffectkeyboard.com\/wp-content\/uploads\/2026\/05\/1-62-2048x1150.jpg 2048w, https:\/\/halleffectkeyboard.com\/wp-content\/uploads\/2026\/05\/1-62-18x10.jpg 18w, https:\/\/halleffectkeyboard.com\/wp-content\/uploads\/2026\/05\/1-62-1200x674.jpg 1200w\" sizes=\"auto, (max-width: 2560px) 100vw, 2560px\" data-no-translation=\"\" \/><\/p>\n<h3><strong>Viktiga funktioner<\/strong><\/h3>\n<ul>\n<li><strong>Multifunktionskompatibilitet:<\/strong>\u00a0Detta\u00a0<strong>multifunktionsbrytare<\/strong>\u00a0st\u00f6der b\u00e5de mekaniska och magnetiska brytare. Den fungerar som en p\u00e5litlig\u00a0<strong>Cherry MX switch\u00f6ppnare<\/strong>, optiskt omkopplarverktyg, och\u00a0<strong>magnetisk axelbrytare<\/strong>.<\/li>\n<li><strong>Premium CNC-fr\u00e4st aluminium:<\/strong>\u00a0Tillverkad av h\u00f6gkvalitativa material, denna\u00a0<strong>CNC-fr\u00e4st brytar\u00f6ppnare<\/strong>\u00a0\u00e4r mycket h\u00e5llbar och byggd f\u00f6r l\u00e5ngvarig anv\u00e4ndning, vilket g\u00f6r den till den perfekta\u00a0<strong>verktyg f\u00f6r tangentbordsbrytare i aluminium<\/strong>.<\/li>\n<li><strong>Dubbelsidig funktionalitet:<\/strong>\u00a0De\u00a0<strong>dubbelsidig brytar\u00f6ppnare<\/strong>\u00a0Designen g\u00f6r att du kan \u00f6ppna brytare fr\u00e5n b\u00e5da sidor, vilket ger maximal flexibilitet f\u00f6r olika brytartyper.<\/li>\n<li><strong>Precisionsbearbetad interi\u00f6r:<\/strong>\u00a0Konstruerad som en\u00a0<strong>precisionsbrytar\u00f6ppnare<\/strong>, dess inv\u00e4ndiga sp\u00e5r s\u00e4kerst\u00e4ller en s\u00e4ker passform och f\u00f6rhindrar skador p\u00e5 k\u00e4nsliga brytarkomponenter vid demontering.<\/li>\n<li><strong>Kompakt och b\u00e4rbar:<\/strong>\u00a0Den lilla, fyrkantiga formfaktorn g\u00f6r detta\u00a0<strong>kompakt brytar\u00f6ppnare<\/strong>\u00a0L\u00e4tt att f\u00f6rvara och transportera, perfekt f\u00f6r anpassningar eller reparationsprojekt p\u00e5 spr\u00e5ng.<\/li>\n<li><strong>Sl\u00e4t, icke-slipande yta:<\/strong>\u00a0Den polerade aluminiumfinishen g\u00f6r den till en\u00a0<strong>rept\u00e5lig brytar\u00f6ppnare<\/strong>, vilket skyddar dina brytare fr\u00e5n kosmetiska skador samtidigt som det ger ett bekv\u00e4mt grepp.<br \/>\n<img loading=\"lazy\" decoding=\"async\" class=\"alignnone size-full wp-image-6203\" src=\"https:\/\/halleffectkeyboard.com\/wp-content\/uploads\/2026\/05\/2-69-scaled.jpg\" alt=\"PAYSON 2-in-1 Aluminum Alloy Switch Opener\" width=\"2560\" height=\"1437\" srcset=\"https:\/\/halleffectkeyboard.com\/wp-content\/uploads\/2026\/05\/2-69-scaled.jpg 2560w, https:\/\/halleffectkeyboard.com\/wp-content\/uploads\/2026\/05\/2-69-300x168.jpg 300w, https:\/\/halleffectkeyboard.com\/wp-content\/uploads\/2026\/05\/2-69-1024x575.jpg 1024w, https:\/\/halleffectkeyboard.com\/wp-content\/uploads\/2026\/05\/2-69-768x431.jpg 768w, https:\/\/halleffectkeyboard.com\/wp-content\/uploads\/2026\/05\/2-69-1536x862.jpg 1536w, https:\/\/halleffectkeyboard.com\/wp-content\/uploads\/2026\/05\/2-69-2048x1150.jpg 2048w, https:\/\/halleffectkeyboard.com\/wp-content\/uploads\/2026\/05\/2-69-18x10.jpg 18w, https:\/\/halleffectkeyboard.com\/wp-content\/uploads\/2026\/05\/2-69-1200x674.jpg 1200w\" sizes=\"auto, (max-width: 2560px) 100vw, 2560px\" data-no-translation=\"\" \/><\/li>\n<\/ul>\n<h3><strong>Specifikationer<\/strong><\/h3>\n<table>\n<thead>\n<tr>\n<th>S\u00e4rdrag<\/th>\n<th>Detaljer<\/th>\n<\/tr>\n<\/thead>\n<tbody>\n<tr>\n<td><strong>Produktnamn<\/strong><\/td>\n<td><strong>PAYSON 2-i-1-brytar\u00f6ppnare i aluminiumlegering<\/strong>\u00a0(2-i-1 \/ 3-i-1-kompatibel)<\/td>\n<\/tr>\n<tr>\n<td><strong>Material<\/strong><\/td>\n<td>CNC-fr\u00e4st aluminiumlegering<\/td>\n<\/tr>\n<tr>\n<td><strong>F\u00e4rgalternativ<\/strong><\/td>\n<td>Silver, Guld, R\u00f6d, Svart<\/td>\n<\/tr>\n<tr>\n<td><strong>Kompatibilitet<\/strong><\/td>\n<td>Mekaniska brytare i Cherry MX-stil, magnetiska axelbrytare, optiska brytare och de vanligaste tangentbordsbrytarna<\/td>\n<\/tr>\n<tr>\n<td><strong>Design<\/strong><\/td>\n<td>Dubbelsidiga, multifunktionella platser<\/td>\n<\/tr>\n<\/tbody>\n<\/table>\n<h3><img loading=\"lazy\" decoding=\"async\" class=\"alignnone size-full wp-image-6204\" src=\"https:\/\/halleffectkeyboard.com\/wp-content\/uploads\/2026\/05\/3-69-scaled.jpg\" alt=\"PAYSON 2-in-1 Aluminum Alloy Switch Opener\" width=\"2560\" height=\"1437\" srcset=\"https:\/\/halleffectkeyboard.com\/wp-content\/uploads\/2026\/05\/3-69-scaled.jpg 2560w, https:\/\/halleffectkeyboard.com\/wp-content\/uploads\/2026\/05\/3-69-300x168.jpg 300w, https:\/\/halleffectkeyboard.com\/wp-content\/uploads\/2026\/05\/3-69-1024x575.jpg 1024w, https:\/\/halleffectkeyboard.com\/wp-content\/uploads\/2026\/05\/3-69-768x431.jpg 768w, https:\/\/halleffectkeyboard.com\/wp-content\/uploads\/2026\/05\/3-69-1536x862.jpg 1536w, https:\/\/halleffectkeyboard.com\/wp-content\/uploads\/2026\/05\/3-69-2048x1150.jpg 2048w, https:\/\/halleffectkeyboard.com\/wp-content\/uploads\/2026\/05\/3-69-18x10.jpg 18w, https:\/\/halleffectkeyboard.com\/wp-content\/uploads\/2026\/05\/3-69-1200x674.jpg 1200w\" sizes=\"auto, (max-width: 2560px) 100vw, 2560px\" data-no-translation=\"\" \/> <img loading=\"lazy\" decoding=\"async\" class=\"alignnone size-full wp-image-6205\" src=\"https:\/\/halleffectkeyboard.com\/wp-content\/uploads\/2026\/05\/4-67-scaled.jpg\" alt=\"PAYSON 2-in-1 Aluminum Alloy Switch Opener\" width=\"2560\" height=\"1437\" srcset=\"https:\/\/halleffectkeyboard.com\/wp-content\/uploads\/2026\/05\/4-67-scaled.jpg 2560w, https:\/\/halleffectkeyboard.com\/wp-content\/uploads\/2026\/05\/4-67-300x168.jpg 300w, https:\/\/halleffectkeyboard.com\/wp-content\/uploads\/2026\/05\/4-67-1024x575.jpg 1024w, https:\/\/halleffectkeyboard.com\/wp-content\/uploads\/2026\/05\/4-67-768x431.jpg 768w, https:\/\/halleffectkeyboard.com\/wp-content\/uploads\/2026\/05\/4-67-1536x862.jpg 1536w, https:\/\/halleffectkeyboard.com\/wp-content\/uploads\/2026\/05\/4-67-2048x1150.jpg 2048w, https:\/\/halleffectkeyboard.com\/wp-content\/uploads\/2026\/05\/4-67-18x10.jpg 18w, https:\/\/halleffectkeyboard.com\/wp-content\/uploads\/2026\/05\/4-67-1200x674.jpg 1200w\" sizes=\"auto, (max-width: 2560px) 100vw, 2560px\" data-no-translation=\"\" \/> <img loading=\"lazy\" decoding=\"async\" class=\"alignnone size-full wp-image-6206\" src=\"https:\/\/halleffectkeyboard.com\/wp-content\/uploads\/2026\/05\/5-62-scaled.jpg\" alt=\"PAYSON 2-in-1 Aluminum Alloy Switch Opener\" width=\"2560\" height=\"1437\" srcset=\"https:\/\/halleffectkeyboard.com\/wp-content\/uploads\/2026\/05\/5-62-scaled.jpg 2560w, https:\/\/halleffectkeyboard.com\/wp-content\/uploads\/2026\/05\/5-62-300x168.jpg 300w, https:\/\/halleffectkeyboard.com\/wp-content\/uploads\/2026\/05\/5-62-1024x575.jpg 1024w, https:\/\/halleffectkeyboard.com\/wp-content\/uploads\/2026\/05\/5-62-768x431.jpg 768w, https:\/\/halleffectkeyboard.com\/wp-content\/uploads\/2026\/05\/5-62-1536x862.jpg 1536w, https:\/\/halleffectkeyboard.com\/wp-content\/uploads\/2026\/05\/5-62-2048x1150.jpg 2048w, https:\/\/halleffectkeyboard.com\/wp-content\/uploads\/2026\/05\/5-62-18x10.jpg 18w, https:\/\/halleffectkeyboard.com\/wp-content\/uploads\/2026\/05\/5-62-1200x674.jpg 1200w\" sizes=\"auto, (max-width: 2560px) 100vw, 2560px\" data-no-translation=\"\" \/><\/h3>\n<h3><strong>Varf\u00f6r v\u00e4lja den h\u00e4r \u00f6ppnaren?<\/strong><\/h3>\n<ul>\n<li><strong>Skadefri demontering:<\/strong>\u00a0Den precisionsskurna designen s\u00e4kerst\u00e4ller att du kan \u00f6ppna brytare utan att b\u00f6ja stiften eller skada interna delar. Det \u00e4r den ultimata\u00a0<strong>underh\u00e5llsverktyg f\u00f6r speltangentbord<\/strong>.<\/li>\n<li><strong>L\u00e5ngvarig h\u00e5llbarhet:<\/strong>\u00a0Till skillnad fr\u00e5n plastalternativ, detta\u00a0<strong>brytar\u00f6ppnare i aluminiumlegering<\/strong>\u00a0kommer inte att skeva eller g\u00e5 s\u00f6nder, inte ens vid upprepad anv\u00e4ndning.<\/li>\n<li><strong>M\u00e5ngsidig funktionalitet:<\/strong>\u00a0Multikonfigurationsdesignen st\u00f6der b\u00e5de mekaniska och magnetiska brytare, vilket g\u00f6r den till ett starkt rekommenderat alternativ\u00a0<strong>brytar\u00f6ppnare f\u00f6r moddare<\/strong>\u00a0och ett m\u00e5ste\u00a0<strong>mekaniskt tangentbordsverktyg<\/strong>.<\/li>\n<li><strong>Anv\u00e4ndarv\u00e4nlig:<\/strong>\u00a0Den enkla, intuitiva designen kr\u00e4ver inga speciella f\u00e4rdigheter \u2013 placera bara str\u00f6mbrytaren och tryck f\u00f6rsiktigt f\u00f6r att \u00f6ppna.<\/li>\n<\/ul>\n<h3><strong>Paketet inkluderar<\/strong><\/h3>\n<ul>\n<li>1 \u00d7\u00a0<strong>2-i-1-brytar\u00f6ppnare i aluminiumlegering<\/strong>\u00a0(eller 3-i-1, valfri f\u00e4rg)<\/li>\n<\/ul>\n<h3><strong>Viktiga anm\u00e4rkningar:<\/strong><\/h3>\n<ul>\n<li>Detta verktyg \u00e4r endast avsett f\u00f6r tangentbordsbrytare; anv\u00e4nd det inte f\u00f6r andra \u00e4ndam\u00e5l.<\/li>\n<li>Hantera alltid brytare f\u00f6rsiktigt n\u00e4r du anv\u00e4nder \u00f6ppnaren f\u00f6r att undvika skador p\u00e5 \u00f6mt\u00e5liga komponenter.<\/li>\n<li>Mindre f\u00e4rgvariationer kan f\u00f6rekomma p\u00e5 grund av olika sk\u00e4rmvisningar.<\/li>\n<\/ul>","protected":false},"excerpt":{"rendered":"<ul>\n<li><strong>Material:<\/strong>\u00a0Premium CNC-fr\u00e4st aluminiumlegering<\/li>\n<li><strong>Kompatibilitet:<\/strong>\u00a0Mekaniska och magnetiska axelbrytare i Cherry MX-stil<\/li>\n<li><strong>Viktiga funktioner:<\/strong>\u00a0Dubbelsidig, rept\u00e5lig och kompakt design<\/li>\n<li><strong>Perfekt f\u00f6r:<\/strong>\u00a0Snabb, skadefri demontering av brytare och g\u00f6r-det-sj\u00e4lv-modding<\/li>\n<\/ul>","protected":false},"featured_media":6201,"comment_status":"open","ping_status":"closed","template":"","meta":[],"product_brand":[678],"product_cat":[290],"product_tag":[700,292],"class_list":{"0":"post-6192","1":"product","2":"type-product","3":"status-publish","4":"has-post-thumbnail","6":"product_brand-payson","7":"product_cat-tool","8":"product_tag-keyboard-tool","9":"product_tag-tool","11":"first","12":"instock","13":"taxable","14":"shipping-taxable","15":"purchasable","16":"product-type-variable","17":"wvs-archive-product-wrapper"},"aioseo_notices":[],"ct_brands":[{"id":678,"name":"PAYSON","slug":"payson"}],"jetpack_sharing_enabled":true,"_links":{"self":[{"href":"https:\/\/halleffectkeyboard.com\/sv\/wp-json\/wp\/v2\/product\/6192","targetHints":{"allow":["GET"]}}],"collection":[{"href":"https:\/\/halleffectkeyboard.com\/sv\/wp-json\/wp\/v2\/product"}],"about":[{"href":"https:\/\/halleffectkeyboard.com\/sv\/wp-json\/wp\/v2\/types\/product"}],"replies":[{"embeddable":true,"href":"https:\/\/halleffectkeyboard.com\/sv\/wp-json\/wp\/v2\/comments?post=6192"}],"version-history":[{"count":1,"href":"https:\/\/halleffectkeyboard.com\/sv\/wp-json\/wp\/v2\/product\/6192\/revisions"}],"predecessor-version":[{"id":6207,"href":"https:\/\/halleffectkeyboard.com\/sv\/wp-json\/wp\/v2\/product\/6192\/revisions\/6207"}],"wp:featuredmedia":[{"embeddable":true,"href":"https:\/\/halleffectkeyboard.com\/sv\/wp-json\/wp\/v2\/media\/6201"}],"wp:attachment":[{"href":"https:\/\/halleffectkeyboard.com\/sv\/wp-json\/wp\/v2\/media?parent=6192"}],"wp:term":[{"taxonomy":"product_brand","embeddable":true,"href":"https:\/\/halleffectkeyboard.com\/sv\/wp-json\/wp\/v2\/product_brand?post=6192"},{"taxonomy":"product_cat","embeddable":true,"href":"https:\/\/halleffectkeyboard.com\/sv\/wp-json\/wp\/v2\/product_cat?post=6192"},{"taxonomy":"product_tag","embeddable":true,"href":"https:\/\/halleffectkeyboard.com\/sv\/wp-json\/wp\/v2\/product_tag?post=6192"}],"curies":[{"name":"wp","href":"https:\/\/api.w.org\/{rel}","templated":true}]}}