{"id":5902,"date":"2026-05-13T16:35:11","date_gmt":"2026-05-13T08:35:11","guid":{"rendered":"https:\/\/halleffectkeyboard.com\/?post_type=product&#038;p=5902"},"modified":"2026-05-13T17:02:31","modified_gmt":"2026-05-13T09:02:31","slug":"payson-2-in-1-keycap-switch-puller","status":"publish","type":"product","link":"https:\/\/halleffectkeyboard.com\/sv\/produkt\/payson-2-i-1-tangentbrytaravdragare\/","title":{"rendered":"PAYSON 2-i-1-tangentbrytaravdragare"},"content":{"rendered":"<h1><strong>PAYSON 2-i-1-tangentbrytaravdragare: Det ultimata underh\u00e5llsverktyget f\u00f6r mekaniska tangentbord<br \/>\n<img loading=\"lazy\" decoding=\"async\" class=\"alignnone size-full wp-image-5916\" src=\"https:\/\/halleffectkeyboard.com\/wp-content\/uploads\/2026\/05\/1-38-scaled.jpg\" alt=\"PAYSON 2-in-1 Keycap Switch Puller\" width=\"2560\" height=\"1437\" srcset=\"https:\/\/halleffectkeyboard.com\/wp-content\/uploads\/2026\/05\/1-38-scaled.jpg 2560w, https:\/\/halleffectkeyboard.com\/wp-content\/uploads\/2026\/05\/1-38-300x168.jpg 300w, https:\/\/halleffectkeyboard.com\/wp-content\/uploads\/2026\/05\/1-38-1024x575.jpg 1024w, https:\/\/halleffectkeyboard.com\/wp-content\/uploads\/2026\/05\/1-38-768x431.jpg 768w, https:\/\/halleffectkeyboard.com\/wp-content\/uploads\/2026\/05\/1-38-1536x862.jpg 1536w, https:\/\/halleffectkeyboard.com\/wp-content\/uploads\/2026\/05\/1-38-2048x1150.jpg 2048w, https:\/\/halleffectkeyboard.com\/wp-content\/uploads\/2026\/05\/1-38-18x10.jpg 18w, https:\/\/halleffectkeyboard.com\/wp-content\/uploads\/2026\/05\/1-38-1200x674.jpg 1200w\" sizes=\"auto, (max-width: 2560px) 100vw, 2560px\" data-no-translation=\"\" \/><br \/>\n<\/strong><\/h1>\n<h2><strong>Produkt\u00f6versikt<\/strong><\/h2>\n<p>Uppgradera din installation med <strong>PAYSON 2-i-1 tangentbrytaravdragare<\/strong>, det v\u00e4sentliga <strong>tillbeh\u00f6r till mekaniskt tangentbord<\/strong> designad f\u00f6r enkel borttagning av b\u00e5de tangentknappar och brytare. Oavsett om du \u00e4r nyb\u00f6rjare eller en erfaren entusiast, \u00e4r detta <strong>2-i-1-tangentbordsverktyg<\/strong> \u00e4r perfekt f\u00f6r att anpassa och underh\u00e5lla ditt mekaniska tangentbord.<\/p>\n<p>Med en h\u00e5llbar konstruktion och anv\u00e4ndarv\u00e4nlig design \u00e4r denna m\u00e5ngsidiga <strong>tangentlock och brytaravdragare<\/strong> Fungerar felfritt med b\u00e5de mekaniska tangentbord som kan bytas under drift och tangentbord med magnetiska brytare. G\u00f6r ditt n\u00e4sta bygge till en barnlek med den ultimata <strong>verktyg f\u00f6r tangentbordsanpassning<\/strong>.<br \/>\n<img loading=\"lazy\" decoding=\"async\" class=\"alignnone size-full wp-image-5917\" src=\"https:\/\/halleffectkeyboard.com\/wp-content\/uploads\/2026\/05\/2-42-scaled.jpg\" alt=\"PAYSON 2-in-1 Keycap Switch Puller\" width=\"2560\" height=\"1437\" srcset=\"https:\/\/halleffectkeyboard.com\/wp-content\/uploads\/2026\/05\/2-42-scaled.jpg 2560w, https:\/\/halleffectkeyboard.com\/wp-content\/uploads\/2026\/05\/2-42-300x168.jpg 300w, https:\/\/halleffectkeyboard.com\/wp-content\/uploads\/2026\/05\/2-42-1024x575.jpg 1024w, https:\/\/halleffectkeyboard.com\/wp-content\/uploads\/2026\/05\/2-42-768x431.jpg 768w, https:\/\/halleffectkeyboard.com\/wp-content\/uploads\/2026\/05\/2-42-1536x862.jpg 1536w, https:\/\/halleffectkeyboard.com\/wp-content\/uploads\/2026\/05\/2-42-2048x1150.jpg 2048w, https:\/\/halleffectkeyboard.com\/wp-content\/uploads\/2026\/05\/2-42-18x10.jpg 18w, https:\/\/halleffectkeyboard.com\/wp-content\/uploads\/2026\/05\/2-42-1200x674.jpg 1200w\" sizes=\"auto, (max-width: 2560px) 100vw, 2560px\" data-no-translation=\"\" \/><\/p>\n<h2><strong>Viktiga funktioner<\/strong><\/h2>\n<ul>\n<li><strong>\u00c4kta 2-i-1-design:<\/strong>\u00a0S\u00f6ml\u00f6s \u00f6verg\u00e5ng mellan en\u00a0<strong>verktyg f\u00f6r borttagning av tangentkapslar<\/strong>\u00a0och en\u00a0<strong>verktyg f\u00f6r borttagning av brytare<\/strong>\u00a0med en enda, kompakt enhet.<\/li>\n<li><strong>Universell kompatibilitet:<\/strong>\u00a0En utm\u00e4rkt\u00a0<strong>universell tangentbordsavdragare<\/strong>\u00a0som fungerar med alla Cherry MX-brytare, magnetiska brytare och de flesta tangentprofiler. Den fungerar ocks\u00e5 som en p\u00e5litlig\u00a0<strong>magnetisk brytaravdragare<\/strong>.<\/li>\n<li><strong>H\u00f6gh\u00e5llfasta material:<\/strong>\u00a0Byggd f\u00f6r att h\u00e5lla, denna\u00a0<strong>brytaravtagare i rostfritt st\u00e5l<\/strong>\u00a0har slitstarka manganst\u00e5lstift f\u00f6r l\u00e5ngvarig anv\u00e4ndning, vilket s\u00e4kerst\u00e4ller att den f\u00f6rblir din favorit\u00a0<strong>verktyg f\u00f6r demontering av tangentbord<\/strong>.<\/li>\n<li><strong>Ergonomiskt ABS-handtag:<\/strong>\u00a0Utformad som en\u00a0<strong>ergonomisk tangentavdragare<\/strong>, den h\u00f6gkvalitativa\u00a0<strong>ABS-tangentavdragare<\/strong>\u00a0Handtaget ger ett bekv\u00e4mt grepp som inte glider under intensiva modding-sessioner.<\/li>\n<li><strong>S\u00e4kert och effektivt:<\/strong>\u00a0Den precisionskonstruerade\u00a0<strong>4-stiftsbrytare<\/strong>\u00a0Designen s\u00e4kerst\u00e4ller att det inte finns n\u00e5gon risk att repa tangentbordet eller b\u00f6ja \u00f6mt\u00e5liga stift vid korrekt anv\u00e4ndning.<br \/>\n<img loading=\"lazy\" decoding=\"async\" class=\"alignnone size-full wp-image-5918\" src=\"https:\/\/halleffectkeyboard.com\/wp-content\/uploads\/2026\/05\/3-42-scaled.jpg\" alt=\"PAYSON 2-in-1 Keycap Switch Puller\" width=\"2560\" height=\"1437\" srcset=\"https:\/\/halleffectkeyboard.com\/wp-content\/uploads\/2026\/05\/3-42-scaled.jpg 2560w, https:\/\/halleffectkeyboard.com\/wp-content\/uploads\/2026\/05\/3-42-300x168.jpg 300w, https:\/\/halleffectkeyboard.com\/wp-content\/uploads\/2026\/05\/3-42-1024x575.jpg 1024w, https:\/\/halleffectkeyboard.com\/wp-content\/uploads\/2026\/05\/3-42-768x431.jpg 768w, https:\/\/halleffectkeyboard.com\/wp-content\/uploads\/2026\/05\/3-42-1536x862.jpg 1536w, https:\/\/halleffectkeyboard.com\/wp-content\/uploads\/2026\/05\/3-42-2048x1150.jpg 2048w, https:\/\/halleffectkeyboard.com\/wp-content\/uploads\/2026\/05\/3-42-18x10.jpg 18w, https:\/\/halleffectkeyboard.com\/wp-content\/uploads\/2026\/05\/3-42-1200x674.jpg 1200w\" sizes=\"auto, (max-width: 2560px) 100vw, 2560px\" data-no-translation=\"\" \/><\/li>\n<\/ul>\n<h2><strong>Specifikationer<\/strong><\/h2>\n<table>\n<thead>\n<tr>\n<th>Punkt<\/th>\n<th>Detaljer<\/th>\n<\/tr>\n<\/thead>\n<tbody>\n<tr>\n<td><strong>Produktnamn<\/strong><\/td>\n<td>PAYSON 4-stifts 2-i-1 tangent- och brytaravdragare<\/td>\n<\/tr>\n<tr>\n<td><strong>Skalmaterial<\/strong><\/td>\n<td>ABS-plast<\/td>\n<\/tr>\n<tr>\n<td><strong>Metallstiftmaterial<\/strong><\/td>\n<td>Manganst\u00e5l + Rostfritt st\u00e5l<\/td>\n<\/tr>\n<tr>\n<td><strong>M\u00e5tt<\/strong><\/td>\n<td>20 \u00d7 20 \u00d7 115 mm<\/td>\n<\/tr>\n<tr>\n<td><strong>Vikt<\/strong><\/td>\n<td>25 g<\/td>\n<\/tr>\n<tr>\n<td><strong>Kompatibilitet<\/strong><\/td>\n<td>Mekaniska tangentbord som kan bytas under drift, tangentbord med magnetisk brytare som kan bytas under drift<\/td>\n<\/tr>\n<\/tbody>\n<\/table>\n<p><img loading=\"lazy\" decoding=\"async\" class=\"alignnone size-full wp-image-5919\" src=\"https:\/\/halleffectkeyboard.com\/wp-content\/uploads\/2026\/05\/4-41-scaled.jpg\" alt=\"PAYSON 2-in-1 Keycap Switch Puller\" width=\"2560\" height=\"1437\" srcset=\"https:\/\/halleffectkeyboard.com\/wp-content\/uploads\/2026\/05\/4-41-scaled.jpg 2560w, https:\/\/halleffectkeyboard.com\/wp-content\/uploads\/2026\/05\/4-41-300x168.jpg 300w, https:\/\/halleffectkeyboard.com\/wp-content\/uploads\/2026\/05\/4-41-1024x575.jpg 1024w, https:\/\/halleffectkeyboard.com\/wp-content\/uploads\/2026\/05\/4-41-768x431.jpg 768w, https:\/\/halleffectkeyboard.com\/wp-content\/uploads\/2026\/05\/4-41-1536x862.jpg 1536w, https:\/\/halleffectkeyboard.com\/wp-content\/uploads\/2026\/05\/4-41-2048x1150.jpg 2048w, https:\/\/halleffectkeyboard.com\/wp-content\/uploads\/2026\/05\/4-41-18x10.jpg 18w, https:\/\/halleffectkeyboard.com\/wp-content\/uploads\/2026\/05\/4-41-1200x674.jpg 1200w\" sizes=\"auto, (max-width: 2560px) 100vw, 2560px\" data-no-translation=\"\" \/><\/p>\n<h2><strong>S\u00e5 h\u00e4r anv\u00e4nder du ditt tangentbordsmodifieringsverktyg<\/strong><\/h2>\n<h3><strong>Ta bort tangentknappar (anv\u00e4nda som tangentutdragare)<\/strong><\/h3>\n<ol>\n<li>Haka fast de tv\u00e5 b\u00f6jda stiften under tangentk\u00e5pan fr\u00e5n motsatta sidor.<\/li>\n<li>Dra i\u00a0<strong>mekanisk tangentbordsavdragare<\/strong>\u00a0rakt upp med j\u00e4mn kraft f\u00f6r att s\u00e4kert ta bort tangentk\u00e5pan.<\/li>\n<\/ol>\n<h3><strong>Ta bort brytare (anv\u00e4nd som brytaravdragare f\u00f6r hot swap)<\/strong><\/h3>\n<ol>\n<li>Rikta in de fyra spetsarna p\u00e5\u00a0<strong>verktyg f\u00f6r hot swap-brytare<\/strong>\u00a0med brytarens monteringskl\u00e4mmor (tv\u00e5 p\u00e5 toppen, tv\u00e5 p\u00e5 botten).<\/li>\n<li>Krama handtaget f\u00f6r att st\u00e4nga stiften och lossa kl\u00e4mmorna ordentligt.<\/li>\n<li>Dra omkopplaren rakt ut fr\u00e5n kretskortet.<\/li>\n<\/ol>\n<h2><strong>Paketet inkluderar<\/strong><\/h2>\n<ul>\n<li>1 \u00d7\u00a0<strong>PAYSON 2-i-1-tangentbrytaravdragare<br \/>\n<img loading=\"lazy\" decoding=\"async\" class=\"alignnone size-full wp-image-5920\" src=\"https:\/\/halleffectkeyboard.com\/wp-content\/uploads\/2026\/05\/5-39-scaled.jpg\" alt=\"PAYSON 2-in-1 Keycap Switch Puller\" width=\"2560\" height=\"1437\" srcset=\"https:\/\/halleffectkeyboard.com\/wp-content\/uploads\/2026\/05\/5-39-scaled.jpg 2560w, https:\/\/halleffectkeyboard.com\/wp-content\/uploads\/2026\/05\/5-39-300x168.jpg 300w, https:\/\/halleffectkeyboard.com\/wp-content\/uploads\/2026\/05\/5-39-1024x575.jpg 1024w, https:\/\/halleffectkeyboard.com\/wp-content\/uploads\/2026\/05\/5-39-768x431.jpg 768w, https:\/\/halleffectkeyboard.com\/wp-content\/uploads\/2026\/05\/5-39-1536x862.jpg 1536w, https:\/\/halleffectkeyboard.com\/wp-content\/uploads\/2026\/05\/5-39-2048x1150.jpg 2048w, https:\/\/halleffectkeyboard.com\/wp-content\/uploads\/2026\/05\/5-39-18x10.jpg 18w, https:\/\/halleffectkeyboard.com\/wp-content\/uploads\/2026\/05\/5-39-1200x674.jpg 1200w\" sizes=\"auto, (max-width: 2560px) 100vw, 2560px\" data-no-translation=\"\" \/><br \/>\n<\/strong><\/li>\n<\/ul>","protected":false},"excerpt":{"rendered":"<p>De <strong>PAYSON 2-i-1-tangentbrytaravdragare<\/strong> \u00e4r den ultimata f\u00f6ljeslagaren f\u00f6r entusiaster av mekaniska tangentbord. Genom att kombinera en tangentborttagare och en precisionsbrytarutdragare med 4 stift i ett kompakt verktyg garanterar den s\u00e4kert och repfritt underh\u00e5ll f\u00f6r alla dina hot-swap- och magnetiska tangentbord.<\/p>","protected":false},"featured_media":5908,"comment_status":"open","ping_status":"closed","template":"","meta":[],"product_brand":[678],"product_cat":[290],"product_tag":[700,292],"class_list":{"0":"post-5902","1":"product","2":"type-product","3":"status-publish","4":"has-post-thumbnail","6":"product_brand-payson","7":"product_cat-tool","8":"product_tag-keyboard-tool","9":"product_tag-tool","11":"first","12":"instock","13":"taxable","14":"shipping-taxable","15":"purchasable","16":"product-type-variable","17":"wvs-archive-product-wrapper"},"aioseo_notices":[],"ct_brands":[{"id":678,"name":"PAYSON","slug":"payson"}],"jetpack_sharing_enabled":true,"_links":{"self":[{"href":"https:\/\/halleffectkeyboard.com\/sv\/wp-json\/wp\/v2\/product\/5902","targetHints":{"allow":["GET"]}}],"collection":[{"href":"https:\/\/halleffectkeyboard.com\/sv\/wp-json\/wp\/v2\/product"}],"about":[{"href":"https:\/\/halleffectkeyboard.com\/sv\/wp-json\/wp\/v2\/types\/product"}],"replies":[{"embeddable":true,"href":"https:\/\/halleffectkeyboard.com\/sv\/wp-json\/wp\/v2\/comments?post=5902"}],"version-history":[{"count":3,"href":"https:\/\/halleffectkeyboard.com\/sv\/wp-json\/wp\/v2\/product\/5902\/revisions"}],"predecessor-version":[{"id":5921,"href":"https:\/\/halleffectkeyboard.com\/sv\/wp-json\/wp\/v2\/product\/5902\/revisions\/5921"}],"wp:featuredmedia":[{"embeddable":true,"href":"https:\/\/halleffectkeyboard.com\/sv\/wp-json\/wp\/v2\/media\/5908"}],"wp:attachment":[{"href":"https:\/\/halleffectkeyboard.com\/sv\/wp-json\/wp\/v2\/media?parent=5902"}],"wp:term":[{"taxonomy":"product_brand","embeddable":true,"href":"https:\/\/halleffectkeyboard.com\/sv\/wp-json\/wp\/v2\/product_brand?post=5902"},{"taxonomy":"product_cat","embeddable":true,"href":"https:\/\/halleffectkeyboard.com\/sv\/wp-json\/wp\/v2\/product_cat?post=5902"},{"taxonomy":"product_tag","embeddable":true,"href":"https:\/\/halleffectkeyboard.com\/sv\/wp-json\/wp\/v2\/product_tag?post=5902"}],"curies":[{"name":"wp","href":"https:\/\/api.w.org\/{rel}","templated":true}]}}