{"id":5614,"date":"2026-05-11T13:51:38","date_gmt":"2026-05-11T05:51:38","guid":{"rendered":"https:\/\/halleffectkeyboard.com\/?post_type=product&#038;p=5614"},"modified":"2026-05-11T15:52:55","modified_gmt":"2026-05-11T07:52:55","slug":"aula-mini60-he-pro-hall-effect-keyboard","status":"publish","type":"product","link":"https:\/\/halleffectkeyboard.com\/sv\/produkt\/aula-mini60-he-pro-halleffekt-tangentbord\/","title":{"rendered":"AULA Mini60 HE PRO Halleffekt-keyboard"},"content":{"rendered":"<h1>AULA Mini60 HE PRO Halleffekttangentbord: Det ultimata 60% snabbtrigger-speltangentbordet<br \/>\n<img loading=\"lazy\" decoding=\"async\" class=\"alignnone size-full wp-image-5654\" src=\"https:\/\/halleffectkeyboard.com\/wp-content\/uploads\/2026\/05\/7-10-scaled.jpg\" alt=\"AULA Mini60 HE PRO Hall Effect Keyboard\" width=\"2560\" height=\"1437\" srcset=\"https:\/\/halleffectkeyboard.com\/wp-content\/uploads\/2026\/05\/7-10-scaled.jpg 2560w, https:\/\/halleffectkeyboard.com\/wp-content\/uploads\/2026\/05\/7-10-300x168.jpg 300w, https:\/\/halleffectkeyboard.com\/wp-content\/uploads\/2026\/05\/7-10-1024x575.jpg 1024w, https:\/\/halleffectkeyboard.com\/wp-content\/uploads\/2026\/05\/7-10-768x431.jpg 768w, https:\/\/halleffectkeyboard.com\/wp-content\/uploads\/2026\/05\/7-10-1536x862.jpg 1536w, https:\/\/halleffectkeyboard.com\/wp-content\/uploads\/2026\/05\/7-10-2048x1150.jpg 2048w, https:\/\/halleffectkeyboard.com\/wp-content\/uploads\/2026\/05\/7-10-18x10.jpg 18w, https:\/\/halleffectkeyboard.com\/wp-content\/uploads\/2026\/05\/7-10-1200x674.jpg 1200w\" sizes=\"auto, (max-width: 2560px) 100vw, 2560px\" data-no-translation=\"\" \/><\/h1>\n<p><strong>Produkt\u00f6versikt<\/strong> Uppt\u00e4ck toppen av t\u00e4vlingsinriktat spelande med <strong>AULA Mini60 HE PRO<\/strong>, en premie <strong>halleffekt-tangentbord<\/strong> designad f\u00f6r e-sportproffs och entusiaster av mekaniska tangentbord. Som en toppklass <strong>60 tangentbord<\/strong>, kombinerar den perfekt banbrytande magnetbrytarteknik med en platsbesparande design. Oavsett om du letar efter den ultimata <strong>FPS-speltangentbord<\/strong>, en mycket responsiv <strong>Valorant-tangentbord<\/strong>, eller en blixtsnabb <strong>osu! tangentbord<\/strong>, AULA Mini60 HE PRO levererar o\u00f6vertr\u00e4ffad precision och hastighet f\u00f6r alla dina <strong>tangentbord f\u00f6r snabba spel<\/strong> behov.<br \/>\n<img loading=\"lazy\" decoding=\"async\" class=\"alignnone size-full wp-image-5648\" src=\"https:\/\/halleffectkeyboard.com\/wp-content\/uploads\/2026\/05\/1-22-scaled.jpg\" alt=\"AULA Mini60 HE PRO Hall Effect Keyboard\" width=\"2560\" height=\"1437\" srcset=\"https:\/\/halleffectkeyboard.com\/wp-content\/uploads\/2026\/05\/1-22-scaled.jpg 2560w, https:\/\/halleffectkeyboard.com\/wp-content\/uploads\/2026\/05\/1-22-300x168.jpg 300w, https:\/\/halleffectkeyboard.com\/wp-content\/uploads\/2026\/05\/1-22-1024x575.jpg 1024w, https:\/\/halleffectkeyboard.com\/wp-content\/uploads\/2026\/05\/1-22-768x431.jpg 768w, https:\/\/halleffectkeyboard.com\/wp-content\/uploads\/2026\/05\/1-22-1536x862.jpg 1536w, https:\/\/halleffectkeyboard.com\/wp-content\/uploads\/2026\/05\/1-22-2048x1150.jpg 2048w, https:\/\/halleffectkeyboard.com\/wp-content\/uploads\/2026\/05\/1-22-18x10.jpg 18w, https:\/\/halleffectkeyboard.com\/wp-content\/uploads\/2026\/05\/1-22-1200x674.jpg 1200w\" sizes=\"auto, (max-width: 2560px) 100vw, 2560px\" data-no-translation=\"\" \/><\/p>\n<h3><strong>Viktiga funktioner<\/strong><\/h3>\n<p><strong>N\u00e4sta generations Hall-effektbrytare och 0,01 mm RT-k\u00e4nslighet<\/strong> Kliv in i framtidens spel med avancerade <strong>halleffektbrytare<\/strong>. Som en sann <strong>Rapid Trigger-tangentbord \/ RT-tangentbord<\/strong>, Mini60 HE PRO m\u00f6jligg\u00f6r detaljerad styrning via sin webbdrivrutin. Detta <strong>justerbart tangentbord f\u00f6r aktiveringspunkt<\/strong> l\u00e5ter dig anpassa triggerpunkter fr\u00e5n blixtsnabba 0,1 mm f\u00f6r skyttar till avsiktliga 3,4 mm f\u00f6r maskinskrivning. Upplev det ultimata <strong>Magnetiskt tangentbord med omkopplare<\/strong> som anpassar sig felfritt till b\u00e5de intensiv e-sport och daglig produktivitet.<\/p>\n<p><img loading=\"lazy\" decoding=\"async\" class=\"alignnone size-full wp-image-5649\" src=\"https:\/\/halleffectkeyboard.com\/wp-content\/uploads\/2026\/05\/2-23-scaled.jpg\" alt=\"AULA Mini60 HE PRO Hall Effect Keyboard\" width=\"2560\" height=\"1437\" srcset=\"https:\/\/halleffectkeyboard.com\/wp-content\/uploads\/2026\/05\/2-23-scaled.jpg 2560w, https:\/\/halleffectkeyboard.com\/wp-content\/uploads\/2026\/05\/2-23-300x168.jpg 300w, https:\/\/halleffectkeyboard.com\/wp-content\/uploads\/2026\/05\/2-23-1024x575.jpg 1024w, https:\/\/halleffectkeyboard.com\/wp-content\/uploads\/2026\/05\/2-23-768x431.jpg 768w, https:\/\/halleffectkeyboard.com\/wp-content\/uploads\/2026\/05\/2-23-1536x862.jpg 1536w, https:\/\/halleffectkeyboard.com\/wp-content\/uploads\/2026\/05\/2-23-2048x1150.jpg 2048w, https:\/\/halleffectkeyboard.com\/wp-content\/uploads\/2026\/05\/2-23-18x10.jpg 18w, https:\/\/halleffectkeyboard.com\/wp-content\/uploads\/2026\/05\/2-23-1200x674.jpg 1200w\" sizes=\"auto, (max-width: 2560px) 100vw, 2560px\" data-no-translation=\"\" \/><\/p>\n<p><strong>Blixtsnabb pollingfrekvens p\u00e5 8000 Hz och skanningsfrekvens p\u00e5 128 kHz<\/strong> F\u00f6rh\u00f6j ditt spelande med en ultraresponsiv <strong>8000 Hz pollingfrekvens<\/strong>. Denna avancerade <strong>magnetiskt tangentbord<\/strong> garanterar noll latens och blixtsnabba uppdateringar vid varje tangenttryckning. Tillsammans med en skanningshastighet p\u00e5 128 kHz \u00e4r den den ideala <strong>Rytmspelstangentbord<\/strong> d\u00e4r varje millisekund r\u00e4knas, vilket garanterar att varje snabbt kommando registreras direkt.<br \/>\n<img loading=\"lazy\" decoding=\"async\" class=\"alignnone size-full wp-image-5653\" src=\"https:\/\/halleffectkeyboard.com\/wp-content\/uploads\/2026\/05\/6-11-scaled.jpg\" alt=\"AULA Mini60 HE PRO Hall Effect Keyboard\" width=\"2560\" height=\"1437\" srcset=\"https:\/\/halleffectkeyboard.com\/wp-content\/uploads\/2026\/05\/6-11-scaled.jpg 2560w, https:\/\/halleffectkeyboard.com\/wp-content\/uploads\/2026\/05\/6-11-300x168.jpg 300w, https:\/\/halleffectkeyboard.com\/wp-content\/uploads\/2026\/05\/6-11-1024x575.jpg 1024w, https:\/\/halleffectkeyboard.com\/wp-content\/uploads\/2026\/05\/6-11-768x431.jpg 768w, https:\/\/halleffectkeyboard.com\/wp-content\/uploads\/2026\/05\/6-11-1536x862.jpg 1536w, https:\/\/halleffectkeyboard.com\/wp-content\/uploads\/2026\/05\/6-11-2048x1150.jpg 2048w, https:\/\/halleffectkeyboard.com\/wp-content\/uploads\/2026\/05\/6-11-18x10.jpg 18w, https:\/\/halleffectkeyboard.com\/wp-content\/uploads\/2026\/05\/6-11-1200x674.jpg 1200w\" sizes=\"auto, (max-width: 2560px) 100vw, 2560px\" data-no-translation=\"\" \/><\/p>\n<p><strong>Kompakt 60% tangentbordslayout f\u00f6r maximal effektivitet<\/strong> Maximera ditt skrivbordsutrymme med denna eleganta <strong>60 speltangentbord<\/strong>. Den minimalistiska <strong>60 procent tangentbordslayout<\/strong> tar bort on\u00f6diga tangenter f\u00f6r att ge musen mer glidutrymme, vilket g\u00f6r den perfekt f\u00f6r spelare med l\u00e5g k\u00e4nslighet. Trots sin storlek beh\u00e5ller den full funktionalitet \u2013 du kan enkelt anpassa makron eller mappa om dem. <strong>standard hemtangent f\u00f6r 60-tangentbord<\/strong> inst\u00e4llningar med hj\u00e4lp av den intuitiva programvaran. Bland alla <strong>60 tangentbord<\/strong> p\u00e5 marknaden, detta <strong>60 tangentbordslayout<\/strong> sticker ut med ergonomiska stativ i tv\u00e5 niv\u00e5er f\u00f6r att bibeh\u00e5lla komforten under maratonspelsessioner.<br \/>\n<img loading=\"lazy\" decoding=\"async\" class=\"alignnone size-full wp-image-5651\" src=\"https:\/\/halleffectkeyboard.com\/wp-content\/uploads\/2026\/05\/4-23-scaled.jpg\" alt=\"AULA Mini60 HE PRO Hall Effect Keyboard\" width=\"2560\" height=\"1437\" srcset=\"https:\/\/halleffectkeyboard.com\/wp-content\/uploads\/2026\/05\/4-23-scaled.jpg 2560w, https:\/\/halleffectkeyboard.com\/wp-content\/uploads\/2026\/05\/4-23-300x168.jpg 300w, https:\/\/halleffectkeyboard.com\/wp-content\/uploads\/2026\/05\/4-23-1024x575.jpg 1024w, https:\/\/halleffectkeyboard.com\/wp-content\/uploads\/2026\/05\/4-23-768x431.jpg 768w, https:\/\/halleffectkeyboard.com\/wp-content\/uploads\/2026\/05\/4-23-1536x862.jpg 1536w, https:\/\/halleffectkeyboard.com\/wp-content\/uploads\/2026\/05\/4-23-2048x1150.jpg 2048w, https:\/\/halleffectkeyboard.com\/wp-content\/uploads\/2026\/05\/4-23-18x10.jpg 18w, https:\/\/halleffectkeyboard.com\/wp-content\/uploads\/2026\/05\/4-23-1200x674.jpg 1200w\" sizes=\"auto, (max-width: 2560px) 100vw, 2560px\" data-no-translation=\"\" \/><\/p>\n<p><strong>Trippell\u00e4ges tr\u00e5dl\u00f6s och plattformsoberoende beh\u00e4rskning<\/strong> AULA Mini60 HE PRO \u00e4r en mycket m\u00e5ngsidig <strong>Mac- och Windows-kompatibelt speltangentbord<\/strong>. Den har s\u00f6ml\u00f6s trippell\u00e4gesanslutning: Bluetooth, tr\u00e5dl\u00f6s 2,4 GHz med l\u00e5g latens och USB-C-kabel. Med ett robust batteri p\u00e5 4000 mAh kan du enkelt v\u00e4xla mellan din PC, Mac eller surfplatta utan att beh\u00f6va oroa dig f\u00f6r t\u00e4ta laddningar.<br \/>\n<img loading=\"lazy\" decoding=\"async\" class=\"alignnone size-full wp-image-5650\" src=\"https:\/\/halleffectkeyboard.com\/wp-content\/uploads\/2026\/05\/3-24-scaled.jpg\" alt=\"AULA Mini60 HE PRO Hall Effect Keyboard\" width=\"2560\" height=\"1437\" srcset=\"https:\/\/halleffectkeyboard.com\/wp-content\/uploads\/2026\/05\/3-24-scaled.jpg 2560w, https:\/\/halleffectkeyboard.com\/wp-content\/uploads\/2026\/05\/3-24-300x168.jpg 300w, https:\/\/halleffectkeyboard.com\/wp-content\/uploads\/2026\/05\/3-24-1024x575.jpg 1024w, https:\/\/halleffectkeyboard.com\/wp-content\/uploads\/2026\/05\/3-24-768x431.jpg 768w, https:\/\/halleffectkeyboard.com\/wp-content\/uploads\/2026\/05\/3-24-1536x862.jpg 1536w, https:\/\/halleffectkeyboard.com\/wp-content\/uploads\/2026\/05\/3-24-2048x1150.jpg 2048w, https:\/\/halleffectkeyboard.com\/wp-content\/uploads\/2026\/05\/3-24-18x10.jpg 18w, https:\/\/halleffectkeyboard.com\/wp-content\/uploads\/2026\/05\/3-24-1200x674.jpg 1200w\" sizes=\"auto, (max-width: 2560px) 100vw, 2560px\" data-no-translation=\"\" \/><\/p>\n<p><strong>Fantastiska RGB-bakgrundsbelysningar och Cherry Profile-tangenter<\/strong> Lys upp din stridsstation med livfull, anpassningsbar RGB-bakgrundsbelysning. <strong>Anpassat tangentbord<\/strong> premiumfunktioner <strong>Cherry-profil PBT-tangentknappar med sidotryck<\/strong> som g\u00f6r att RGB-ljuset lyser igenom vackert, \u00e4ven i svagt ljus. V\u00e4lj fr\u00e5n ett spektrum av dynamiska ljuseffekter f\u00f6r att skapa en uppslukande spelatmosf\u00e4r.<\/p>\n<p><strong>Programmerbar webbdrivrutin f\u00f6r ultimat kontroll<\/strong> Frig\u00f6r din fulla potential <strong>60 procent tangentbord<\/strong> med den programmerbara webbdrivrutinen. Implementera Mod Tap eller Dynamic Keystroke f\u00f6r att tilldela flera funktioner till en enda tangent baserat p\u00e5 tryckning, h\u00e5llning eller tangenttryckningsdjup, vilket m\u00f6jligg\u00f6r komplexa kommandoaktiveringar samtidigt som full kontroll \u00f6ver r\u00f6relsetangenterna bibeh\u00e5lls.<br \/>\n<img loading=\"lazy\" decoding=\"async\" class=\"alignnone size-full wp-image-5652\" src=\"https:\/\/halleffectkeyboard.com\/wp-content\/uploads\/2026\/05\/5-25-scaled.jpg\" alt=\"AULA Mini60 HE PRO Hall Effect Keyboard\" width=\"2560\" height=\"1437\" srcset=\"https:\/\/halleffectkeyboard.com\/wp-content\/uploads\/2026\/05\/5-25-scaled.jpg 2560w, https:\/\/halleffectkeyboard.com\/wp-content\/uploads\/2026\/05\/5-25-300x168.jpg 300w, https:\/\/halleffectkeyboard.com\/wp-content\/uploads\/2026\/05\/5-25-1024x575.jpg 1024w, https:\/\/halleffectkeyboard.com\/wp-content\/uploads\/2026\/05\/5-25-768x431.jpg 768w, https:\/\/halleffectkeyboard.com\/wp-content\/uploads\/2026\/05\/5-25-1536x862.jpg 1536w, https:\/\/halleffectkeyboard.com\/wp-content\/uploads\/2026\/05\/5-25-2048x1150.jpg 2048w, https:\/\/halleffectkeyboard.com\/wp-content\/uploads\/2026\/05\/5-25-18x10.jpg 18w, https:\/\/halleffectkeyboard.com\/wp-content\/uploads\/2026\/05\/5-25-1200x674.jpg 1200w\" sizes=\"auto, (max-width: 2560px) 100vw, 2560px\" data-no-translation=\"\" \/><\/p>\n<hr \/>\n<h3><strong>MAX-versionen: Premiumuppgraderingen<\/strong><\/h3>\n<p>F\u00f6r g\u00f6r-det-sj\u00e4lv-entusiaster och keyboardspelare med specialdesign, <strong>AULA Mini60 HE PRO MAX Version<\/strong> tar byggkvaliteten till n\u00e4sta niv\u00e5. Denna uppgraderade <strong>Toppmonterat magnetiskt tangentbord<\/strong> Tillbeh\u00f6ret \u00e4r optimerat vad g\u00e4ller material, struktur och kompatibilitet.<\/p>\n<ul>\n<li><strong>Premiummaterial och hantverk:<\/strong>\u00a0Har en h\u00f6gdensitets- och h\u00e5rdhetsplatta med CNC-integrerad gjutprocess. Den slitstarka och rept\u00e5liga ytan s\u00e4kerst\u00e4ller att den inte gulnar med tiden, medan sl\u00e4ta, rundade kanter ger en s\u00e4ker och gradfri installation.<\/li>\n<li><strong>HIFI akustisk prestanda:<\/strong>\u00a0Den integrerade f\u00f6rst\u00e4rkta strukturen eliminerar ih\u00e5liga ljud och skakningar under skrivning, vilket ger en renare och mer texturerad HIFI-ljudprofil.<\/li>\n<li><strong>Ultimat precision och kompatibilitet:<\/strong>\u00a0Utformad med felfri h\u00e5lpositionering, passar den perfekt f\u00f6r vanliga hot-swap-kretskort, konventionella mekaniska brytare och satellitaxlar.<\/li>\n<li><strong>Byggd f\u00f6r att h\u00e5lla:<\/strong>\u00a0Tjockare uppgraderade material ger starkare tryckmotst\u00e5nd, vilket f\u00f6rhindrar b\u00f6jning och s\u00e4kerst\u00e4ller en l\u00e4ngre livsl\u00e4ngd f\u00f6r din\u00a0<strong>Speltangentbord<\/strong>.<\/li>\n<\/ul>\n<p><strong>Anv\u00e4ndningsscenarier:<\/strong> Perfekt f\u00f6r e-sportt\u00e4vlingar, daglig kontorsskrivning, g\u00f6r-det-sj\u00e4lv-modifieringar av tangentbordet och uppgradering av din nuvarande konfiguration. Dominera topplistorna och h\u00f6j din skrivupplevelse med AULA Mini60 HE PRO idag!<\/p>","protected":false},"excerpt":{"rendered":"<ul>\n<li><strong>N\u00e4sta generations precision:<\/strong>\u00a0Magnetiska Hall-effektbrytare med 0,01 mm justerbar Rapid Trigger (RT)-k\u00e4nslighet.<\/li>\n<li><strong>Noll latens:<\/strong>\u00a08000Hz pollingfrekvens och 128KHz skanningsfrekvens f\u00f6r omedelbar respons i snabba spel.<\/li>\n<li><strong>Kompakt effektivitet:<\/strong>\u00a060%-layout med premium Cherry-profilerade PBT-tangentknappar p\u00e5 sidan och fantastisk RGB.<\/li>\n<li><strong>Beh\u00e4rskning av plattformsoberoende:<\/strong>\u00a0Trippell\u00e4gesanslutning (Bluetooth, 2,4 GHz, USB-C) helt kompatibel med Mac och Windows.<\/li>\n<\/ul>","protected":false},"featured_media":5643,"comment_status":"open","ping_status":"closed","template":"","meta":[],"product_brand":[54],"product_cat":[571,322,20],"product_tag":[606,58,22],"class_list":{"0":"post-5614","1":"product","2":"type-product","3":"status-publish","4":"has-post-thumbnail","6":"product_brand-aula","7":"product_cat-60-keyboard","8":"product_cat-hall-effect-keyboard","9":"product_cat-keyboard","10":"product_tag-60-keyboard","11":"product_tag-hall-effect-keyboard","12":"product_tag-keyboard","14":"first","15":"instock","16":"sale","17":"taxable","18":"shipping-taxable","19":"purchasable","20":"product-type-variable","21":"wvs-archive-product-wrapper"},"aioseo_notices":[],"ct_brands":[{"id":54,"name":"AULA","slug":"aula"}],"jetpack_sharing_enabled":true,"_links":{"self":[{"href":"https:\/\/halleffectkeyboard.com\/sv\/wp-json\/wp\/v2\/product\/5614","targetHints":{"allow":["GET"]}}],"collection":[{"href":"https:\/\/halleffectkeyboard.com\/sv\/wp-json\/wp\/v2\/product"}],"about":[{"href":"https:\/\/halleffectkeyboard.com\/sv\/wp-json\/wp\/v2\/types\/product"}],"replies":[{"embeddable":true,"href":"https:\/\/halleffectkeyboard.com\/sv\/wp-json\/wp\/v2\/comments?post=5614"}],"version-history":[{"count":3,"href":"https:\/\/halleffectkeyboard.com\/sv\/wp-json\/wp\/v2\/product\/5614\/revisions"}],"predecessor-version":[{"id":5656,"href":"https:\/\/halleffectkeyboard.com\/sv\/wp-json\/wp\/v2\/product\/5614\/revisions\/5656"}],"wp:featuredmedia":[{"embeddable":true,"href":"https:\/\/halleffectkeyboard.com\/sv\/wp-json\/wp\/v2\/media\/5643"}],"wp:attachment":[{"href":"https:\/\/halleffectkeyboard.com\/sv\/wp-json\/wp\/v2\/media?parent=5614"}],"wp:term":[{"taxonomy":"product_brand","embeddable":true,"href":"https:\/\/halleffectkeyboard.com\/sv\/wp-json\/wp\/v2\/product_brand?post=5614"},{"taxonomy":"product_cat","embeddable":true,"href":"https:\/\/halleffectkeyboard.com\/sv\/wp-json\/wp\/v2\/product_cat?post=5614"},{"taxonomy":"product_tag","embeddable":true,"href":"https:\/\/halleffectkeyboard.com\/sv\/wp-json\/wp\/v2\/product_tag?post=5614"}],"curies":[{"name":"wp","href":"https:\/\/api.w.org\/{rel}","templated":true}]}}