{"id":5541,"date":"2026-05-09T15:46:27","date_gmt":"2026-05-09T07:46:27","guid":{"rendered":"https:\/\/halleffectkeyboard.com\/?post_type=product&#038;p=5541"},"modified":"2026-05-11T10:21:17","modified_gmt":"2026-05-11T02:21:17","slug":"aula-ag75-hall-effect-keyboard","status":"publish","type":"product","link":"https:\/\/halleffectkeyboard.com\/sv\/produkt\/aula-ag75-halleffekt-keyboard\/","title":{"rendered":"AULA AG75 Hall-effektklaviatur"},"content":{"rendered":"<h1>AULA AG75 Halleffekttangentbord: Det ultimata 75% magnetiska speltangentbordet<br \/>\n<img loading=\"lazy\" decoding=\"async\" class=\"alignnone size-full wp-image-5596\" src=\"https:\/\/halleffectkeyboard.com\/wp-content\/uploads\/2026\/05\/1-20-scaled.jpg\" alt=\"AULA AG75 Hall Effect Keyboard\" width=\"2560\" height=\"1437\" srcset=\"https:\/\/halleffectkeyboard.com\/wp-content\/uploads\/2026\/05\/1-20-scaled.jpg 2560w, https:\/\/halleffectkeyboard.com\/wp-content\/uploads\/2026\/05\/1-20-300x168.jpg 300w, https:\/\/halleffectkeyboard.com\/wp-content\/uploads\/2026\/05\/1-20-1024x575.jpg 1024w, https:\/\/halleffectkeyboard.com\/wp-content\/uploads\/2026\/05\/1-20-768x431.jpg 768w, https:\/\/halleffectkeyboard.com\/wp-content\/uploads\/2026\/05\/1-20-1536x862.jpg 1536w, https:\/\/halleffectkeyboard.com\/wp-content\/uploads\/2026\/05\/1-20-2048x1150.jpg 2048w, https:\/\/halleffectkeyboard.com\/wp-content\/uploads\/2026\/05\/1-20-18x10.jpg 18w, https:\/\/halleffectkeyboard.com\/wp-content\/uploads\/2026\/05\/1-20-1200x674.jpg 1200w\" sizes=\"auto, (max-width: 2560px) 100vw, 2560px\" data-no-translation=\"\" \/><\/h1>\n<p>Uppt\u00e4ck n\u00e4sta niv\u00e5 av t\u00e4vlingsinriktat spelande och precision i skrivandet med <strong>AULA AG75<\/strong>, en premie <strong>halleffekt-tangentbord<\/strong> konstruerad f\u00f6r ultimat prestanda. Med ett elegant CNC-h\u00f6lje helt i aluminium och banbrytande magnetiska brytare <strong>75 tangentbord<\/strong> balanserar perfekt ett kompakt format med kompromissl\u00f6s funktionalitet. Oavsett om du \u00e4r en e-sportproffs eller en entusiast av specialdesignade mekaniska tangentbord, levererar AG75-serien (Standard, Pro och Ultra) en o\u00f6vertr\u00e4ffad upplevelse.<br \/>\n<img loading=\"lazy\" decoding=\"async\" class=\"alignnone size-full wp-image-5599\" src=\"https:\/\/halleffectkeyboard.com\/wp-content\/uploads\/2026\/05\/4-21-scaled.jpg\" alt=\"AULA AG75 Hall Effect Keyboard\" width=\"2560\" height=\"1437\" srcset=\"https:\/\/halleffectkeyboard.com\/wp-content\/uploads\/2026\/05\/4-21-scaled.jpg 2560w, https:\/\/halleffectkeyboard.com\/wp-content\/uploads\/2026\/05\/4-21-300x168.jpg 300w, https:\/\/halleffectkeyboard.com\/wp-content\/uploads\/2026\/05\/4-21-1024x575.jpg 1024w, https:\/\/halleffectkeyboard.com\/wp-content\/uploads\/2026\/05\/4-21-768x431.jpg 768w, https:\/\/halleffectkeyboard.com\/wp-content\/uploads\/2026\/05\/4-21-1536x862.jpg 1536w, https:\/\/halleffectkeyboard.com\/wp-content\/uploads\/2026\/05\/4-21-2048x1150.jpg 2048w, https:\/\/halleffectkeyboard.com\/wp-content\/uploads\/2026\/05\/4-21-18x10.jpg 18w, https:\/\/halleffectkeyboard.com\/wp-content\/uploads\/2026\/05\/4-21-1200x674.jpg 1200w\" sizes=\"auto, (max-width: 2560px) 100vw, 2560px\" data-no-translation=\"\" \/><\/p>\n<h2>Dominera med ultrasnabb prestanda<\/h2>\n<p>Byggd f\u00f6r hastighet, AULA AG75 \u00e4r en sann <strong>Rapid Trigger-tangentbord \/ RT-tangentbord<\/strong> som eliminerar traditionell ing\u00e5ngsf\u00f6rdr\u00f6jning.<\/p>\n<ul>\n<li><strong>Blixtsnabb respons:<\/strong>\u00a0Upplev \u00e4kta spel utan lagg med en\u00a0<strong>8000Hz pollingfrekvens<\/strong>\u00a0och en f\u00f6rv\u00e5nansv\u00e4rt l\u00e5g genomsnittlig latens p\u00e5 ner till 0,08 ms (Ultra-versionen).<\/li>\n<li><strong>Justerbart aktiveringspunktstangentbord:<\/strong>\u00a0Anpassa din nyckelr\u00f6relse fr\u00e5n 0,001 mm till 3,4 mm. Stegprecisionen p\u00e5 0,001 mm och den justerbara &quot;0&quot;-d\u00f6dzonen g\u00f6r den till den perfekta\u00a0<strong>FPS-speltangentbord<\/strong>\u00a0och\u00a0<strong>Valorant-tangentbord<\/strong>, vilket m\u00f6jligg\u00f6r omedelbara stopp och exakt precision.<br \/>\n<img loading=\"lazy\" decoding=\"async\" class=\"alignnone size-full wp-image-5602\" src=\"https:\/\/halleffectkeyboard.com\/wp-content\/uploads\/2026\/05\/7-9-scaled.jpg\" alt=\"AULA AG75 Hall Effect Keyboard\" width=\"2560\" height=\"1437\" srcset=\"https:\/\/halleffectkeyboard.com\/wp-content\/uploads\/2026\/05\/7-9-scaled.jpg 2560w, https:\/\/halleffectkeyboard.com\/wp-content\/uploads\/2026\/05\/7-9-300x168.jpg 300w, https:\/\/halleffectkeyboard.com\/wp-content\/uploads\/2026\/05\/7-9-1024x575.jpg 1024w, https:\/\/halleffectkeyboard.com\/wp-content\/uploads\/2026\/05\/7-9-768x431.jpg 768w, https:\/\/halleffectkeyboard.com\/wp-content\/uploads\/2026\/05\/7-9-1536x862.jpg 1536w, https:\/\/halleffectkeyboard.com\/wp-content\/uploads\/2026\/05\/7-9-2048x1150.jpg 2048w, https:\/\/halleffectkeyboard.com\/wp-content\/uploads\/2026\/05\/7-9-18x10.jpg 18w, https:\/\/halleffectkeyboard.com\/wp-content\/uploads\/2026\/05\/7-9-1200x674.jpg 1200w\" sizes=\"auto, (max-width: 2560px) 100vw, 2560px\" data-no-translation=\"\" \/><\/li>\n<li><strong>Byggd f\u00f6r hastighet:<\/strong>\u00a0Oavsett om du beh\u00f6ver en\u00a0<strong>osu! tangentbord<\/strong>, en\u00a0<strong>Rytmspelstangentbord<\/strong>, eller en p\u00e5litlig\u00a0<strong>Tangentbord f\u00f6r snabba spel<\/strong>, den avancerade 3:e och 4:e generationen\u00a0<strong>halleffektbrytare<\/strong>\u00a0se till att varje tangenttryckning registreras omedelbart.<br \/>\n<img loading=\"lazy\" decoding=\"async\" class=\"alignnone size-full wp-image-5597\" src=\"https:\/\/halleffectkeyboard.com\/wp-content\/uploads\/2026\/05\/2-21-scaled.jpg\" alt=\"AULA AG75 Hall Effect Keyboard\" width=\"2560\" height=\"1437\" srcset=\"https:\/\/halleffectkeyboard.com\/wp-content\/uploads\/2026\/05\/2-21-scaled.jpg 2560w, https:\/\/halleffectkeyboard.com\/wp-content\/uploads\/2026\/05\/2-21-300x168.jpg 300w, https:\/\/halleffectkeyboard.com\/wp-content\/uploads\/2026\/05\/2-21-1024x575.jpg 1024w, https:\/\/halleffectkeyboard.com\/wp-content\/uploads\/2026\/05\/2-21-768x431.jpg 768w, https:\/\/halleffectkeyboard.com\/wp-content\/uploads\/2026\/05\/2-21-1536x862.jpg 1536w, https:\/\/halleffectkeyboard.com\/wp-content\/uploads\/2026\/05\/2-21-2048x1150.jpg 2048w, https:\/\/halleffectkeyboard.com\/wp-content\/uploads\/2026\/05\/2-21-18x10.jpg 18w, https:\/\/halleffectkeyboard.com\/wp-content\/uploads\/2026\/05\/2-21-1200x674.jpg 1200w\" sizes=\"auto, (max-width: 2560px) 100vw, 2560px\" data-no-translation=\"\" \/><\/li>\n<\/ul>\n<h2>Premium anpassat tangentbordsupplevelse<\/h2>\n<p>Upplev akustiken och k\u00e4nslan av ett exklusivt ljudsystem <strong>Anpassat tangentbord<\/strong> direkt ur l\u00e5dan.<\/p>\n<ul>\n<li><strong>\u00d6verl\u00e4gsen konstruktion:<\/strong>\u00a0Innesluten i ett 220-mesh anodiserat eller finelektrofores-helaluminiumskal, detta\u00a0<strong>magnetiskt tangentbord<\/strong>\u00a0har en stel, premiumstruktur.<\/li>\n<li><strong>HIFI-akustik:<\/strong>\u00a0Utrustad med ett 6-lagers komplett vadderingssystem (inklusive l\u00e5ngsamt \u00e5terstudsande PO-skum, PET-shims och en positioneringsplatta i kolfiber) levererar den en ren och tjock ljudprofil.<\/li>\n<li><strong>M\u00e5ngsidig design:<\/strong>\u00a0Utformad f\u00f6r att konkurrera med alla\u00a0<strong>toppmonterat magnetiskt tangentbord<\/strong>, den har en snabbkopplingsmagnetisk enhet f\u00f6r enkel moddning. Den passar utm\u00e4rkt med olika tangenttyper, inklusive premium\u00a0<strong>Cherry-profil PBT-tangentknappar med sidotryck<\/strong>\u00a0och de medf\u00f6ljande seten med frostat\/metalltema.<br \/>\n<img loading=\"lazy\" decoding=\"async\" class=\"alignnone size-full wp-image-5601\" src=\"https:\/\/halleffectkeyboard.com\/wp-content\/uploads\/2026\/05\/6-10-scaled.jpg\" alt=\"AULA AG75 Hall Effect Keyboard\" width=\"2560\" height=\"1437\" srcset=\"https:\/\/halleffectkeyboard.com\/wp-content\/uploads\/2026\/05\/6-10-scaled.jpg 2560w, https:\/\/halleffectkeyboard.com\/wp-content\/uploads\/2026\/05\/6-10-300x168.jpg 300w, https:\/\/halleffectkeyboard.com\/wp-content\/uploads\/2026\/05\/6-10-1024x575.jpg 1024w, https:\/\/halleffectkeyboard.com\/wp-content\/uploads\/2026\/05\/6-10-768x431.jpg 768w, https:\/\/halleffectkeyboard.com\/wp-content\/uploads\/2026\/05\/6-10-1536x862.jpg 1536w, https:\/\/halleffectkeyboard.com\/wp-content\/uploads\/2026\/05\/6-10-2048x1150.jpg 2048w, https:\/\/halleffectkeyboard.com\/wp-content\/uploads\/2026\/05\/6-10-18x10.jpg 18w, https:\/\/halleffectkeyboard.com\/wp-content\/uploads\/2026\/05\/6-10-1200x674.jpg 1200w\" sizes=\"auto, (max-width: 2560px) 100vw, 2560px\" data-no-translation=\"\" \/><\/li>\n<\/ul>\n<h2>N\u00e4sta generations tangentbord med magnetiska brytare<\/h2>\n<p>Kliv in i framtiden f\u00f6r <strong>HE-tangentbord<\/strong> med AULAs specialanpassade brytare. Detta <strong>Magnetiskt tangentbord med omkopplare<\/strong> erbjuder fyra distinkta v\u00e4xlingsalternativ f\u00f6r att passa dina exakta preferenser:<\/p>\n<ul>\n<li><strong>Mixue magnetisk brytare:<\/strong>\u00a0Mjuk linj\u00e4r k\u00e4nsla med omedelbar avtryckare.<\/li>\n<li><strong>Bingxin Silver Magnetisk Str\u00f6mbrytare:<\/strong>\u00a0Taktil med tydlig feedback.<\/li>\n<li><strong>Chaoshen magnetisk brytare:<\/strong>\u00a0Linj\u00e4r och ultrasnabb f\u00f6r t\u00e4vlingsinriktat spel.<\/li>\n<li><strong>Babao magnetisk brytare:<\/strong>\u00a0Krispigt &quot;vattendroppe&quot;-ljud med en ren, icke-d\u00e4mpad bottenutg\u00e5ng.<br \/>\n<img loading=\"lazy\" decoding=\"async\" class=\"alignnone size-full wp-image-5600\" src=\"https:\/\/halleffectkeyboard.com\/wp-content\/uploads\/2026\/05\/5-23-scaled.jpg\" alt=\"AULA AG75 Hall Effect Keyboard\" width=\"2560\" height=\"1437\" srcset=\"https:\/\/halleffectkeyboard.com\/wp-content\/uploads\/2026\/05\/5-23-scaled.jpg 2560w, https:\/\/halleffectkeyboard.com\/wp-content\/uploads\/2026\/05\/5-23-300x168.jpg 300w, https:\/\/halleffectkeyboard.com\/wp-content\/uploads\/2026\/05\/5-23-1024x575.jpg 1024w, https:\/\/halleffectkeyboard.com\/wp-content\/uploads\/2026\/05\/5-23-768x431.jpg 768w, https:\/\/halleffectkeyboard.com\/wp-content\/uploads\/2026\/05\/5-23-1536x862.jpg 1536w, https:\/\/halleffectkeyboard.com\/wp-content\/uploads\/2026\/05\/5-23-2048x1150.jpg 2048w, https:\/\/halleffectkeyboard.com\/wp-content\/uploads\/2026\/05\/5-23-18x10.jpg 18w, https:\/\/halleffectkeyboard.com\/wp-content\/uploads\/2026\/05\/5-23-1200x674.jpg 1200w\" sizes=\"auto, (max-width: 2560px) 100vw, 2560px\" data-no-translation=\"\" \/><\/li>\n<\/ul>\n<h2>Smart layout och bred kompatibilitet<\/h2>\n<ul>\n<li><strong>Platsbesparande design:<\/strong>\u00a0De\u00a0<strong>75 procent tangentbord<\/strong>\u00a0formfaktorn sparar 25% av ditt skrivbordsutrymme j\u00e4mf\u00f6rt med modeller i full storlek. Den optimerade\u00a0<strong>75 tangentbordslayout<\/strong>\u00a0beh\u00e5ller viktiga funktionstangenter och piltangenter, vilket g\u00f6r den till en av de mest praktiska\u00a0<strong>75 tangentbord<\/strong>\u00a0p\u00e5 marknaden.<\/li>\n<li><strong>S\u00f6ml\u00f6s integration:<\/strong>\u00a0Detta \u00e4r en helt\u00e4ckande\u00a0<strong>Mac- och Windows-kompatibelt speltangentbord<\/strong>\u00a0(st\u00f6der \u00e4ven Linux).<\/li>\n<li><strong>Avancerad programvara:<\/strong>\u00a0Med hj\u00e4lp av AULA Web Driver 3.0 kan du enkelt mappa RT\/SOCD-inst\u00e4llningar, st\u00e4lla in f\u00f6rinst\u00e4llningar f\u00f6r professionella spelare och anpassa den livfulla 170-LED ARGB-belysningen utan att ladda ner bloatware.<\/li>\n<li><strong>Dubbelutl\u00f6sare &quot;Dubbel sj\u00e4l&quot;:<\/strong>\u00a0V\u00e4xla direkt mellan tv\u00e5 anpassade l\u00e4gen med ett klick \u2013 perfekt f\u00f6r \u00f6verg\u00e5ngen mellan arbete och spel.<br \/>\n<img loading=\"lazy\" decoding=\"async\" class=\"alignnone size-full wp-image-5598\" src=\"https:\/\/halleffectkeyboard.com\/wp-content\/uploads\/2026\/05\/3-22-scaled.jpg\" alt=\"AULA AG75 Hall Effect Keyboard\" width=\"2560\" height=\"1437\" srcset=\"https:\/\/halleffectkeyboard.com\/wp-content\/uploads\/2026\/05\/3-22-scaled.jpg 2560w, https:\/\/halleffectkeyboard.com\/wp-content\/uploads\/2026\/05\/3-22-300x168.jpg 300w, https:\/\/halleffectkeyboard.com\/wp-content\/uploads\/2026\/05\/3-22-1024x575.jpg 1024w, https:\/\/halleffectkeyboard.com\/wp-content\/uploads\/2026\/05\/3-22-768x431.jpg 768w, https:\/\/halleffectkeyboard.com\/wp-content\/uploads\/2026\/05\/3-22-1536x862.jpg 1536w, https:\/\/halleffectkeyboard.com\/wp-content\/uploads\/2026\/05\/3-22-2048x1150.jpg 2048w, https:\/\/halleffectkeyboard.com\/wp-content\/uploads\/2026\/05\/3-22-18x10.jpg 18w, https:\/\/halleffectkeyboard.com\/wp-content\/uploads\/2026\/05\/3-22-1200x674.jpg 1200w\" sizes=\"auto, (max-width: 2560px) 100vw, 2560px\" data-no-translation=\"\" \/><\/li>\n<\/ul>\n<hr \/>\n<h2>J\u00e4mf\u00f6relse av AULA AG75-serien: Vilken \u00e4r r\u00e4tt f\u00f6r dig?<\/h2>\n<table>\n<thead>\n<tr>\n<th>S\u00e4rdrag<\/th>\n<th>AULA AG75<\/th>\n<th>AULA AG75 Pro<\/th>\n<th>AULA AG75 Ultra<\/th>\n<\/tr>\n<\/thead>\n<tbody>\n<tr>\n<td><strong>M\u00e5lanv\u00e4ndare<\/strong><\/td>\n<td>Ing\u00e5ngsniv\u00e5 T\u00e4vlingsm\u00e4ssig<\/td>\n<td>Avancerade spelare<\/td>\n<td>E-sportproffs<\/td>\n<\/tr>\n<tr>\n<td><strong>Sensor<\/strong><\/td>\n<td>3:e generationens Hall-sensor<\/td>\n<td>3:e generationens Hall-sensor<\/td>\n<td><strong>4:e generationens Hall-sensor<\/strong>\u00a0(Mest exakt)<\/td>\n<\/tr>\n<tr>\n<td><strong>Skanningshastighet \/ Latens<\/strong><\/td>\n<td>256K \/ 0,1ms<\/td>\n<td>256K \/ 0,1ms<\/td>\n<td><strong>2304K \/ 0,08ms<\/strong><\/td>\n<\/tr>\n<tr>\n<td><strong>PCB-l\u00f6sning<\/strong><\/td>\n<td>L\u00f6sning med en enda station<\/td>\n<td>L\u00f6sning med dubbla stationer<\/td>\n<td><strong>Starlight 3-k\u00e4rnig direktanslutning<\/strong><\/td>\n<\/tr>\n<tr>\n<td><strong>Standardbrytare<\/strong><\/td>\n<td>Mixue Magnetic<\/td>\n<td>Bingxin Silver Magnetisk<\/td>\n<td>Chaoshen \/ Babao Magnetic<\/td>\n<\/tr>\n<tr>\n<td><strong>Skalfinish<\/strong><\/td>\n<td>220-mesh anodiserad<\/td>\n<td>Fin elektrofores<\/td>\n<td>220-mesh anodiserad<\/td>\n<\/tr>\n<tr>\n<td><strong>Tangentknappar<\/strong><\/td>\n<td>Frostad genomskinlig<\/td>\n<td>Metall\/V\u00e4rmesublimering<\/td>\n<td>Metall\/3-delad transparent<\/td>\n<\/tr>\n<\/tbody>\n<\/table>\n<p><strong>Uppgradera din setup idag med AULA AG75 Hall Effect-keyboard \u2013 d\u00e4r precisionsteknik m\u00f6ter konkurrenskraftig dominans.<br \/>\n<img loading=\"lazy\" decoding=\"async\" class=\"alignnone size-full wp-image-5603\" src=\"https:\/\/halleffectkeyboard.com\/wp-content\/uploads\/2026\/05\/8-4-scaled.jpg\" alt=\"AULA AG75 Hall Effect Keyboard\" width=\"2560\" height=\"1437\" srcset=\"https:\/\/halleffectkeyboard.com\/wp-content\/uploads\/2026\/05\/8-4-scaled.jpg 2560w, https:\/\/halleffectkeyboard.com\/wp-content\/uploads\/2026\/05\/8-4-300x168.jpg 300w, https:\/\/halleffectkeyboard.com\/wp-content\/uploads\/2026\/05\/8-4-1024x575.jpg 1024w, https:\/\/halleffectkeyboard.com\/wp-content\/uploads\/2026\/05\/8-4-768x431.jpg 768w, https:\/\/halleffectkeyboard.com\/wp-content\/uploads\/2026\/05\/8-4-1536x862.jpg 1536w, https:\/\/halleffectkeyboard.com\/wp-content\/uploads\/2026\/05\/8-4-2048x1150.jpg 2048w, https:\/\/halleffectkeyboard.com\/wp-content\/uploads\/2026\/05\/8-4-18x10.jpg 18w, https:\/\/halleffectkeyboard.com\/wp-content\/uploads\/2026\/05\/8-4-1200x674.jpg 1200w\" sizes=\"auto, (max-width: 2560px) 100vw, 2560px\" data-no-translation=\"\" \/><br \/>\n<\/strong><\/p>","protected":false},"excerpt":{"rendered":"<ul>\n<li><strong>Ultrasnabb respons:<\/strong>\u00a08000Hz polling rate med en latens p\u00e5 ner till 0,08ms.<\/li>\n<li><strong>Snabb utl\u00f6sning (RT):<\/strong>\u00a0Justerbar man\u00f6vrering med 0,001 mm precision f\u00f6r omedelbar attack.<\/li>\n<li><strong>Premiumversion:<\/strong>\u00a0Helaluminium CNC-skal med ett 6-lagers HIFI-ljudd\u00e4mpningssystem.<\/li>\n<li><strong>Smart 75%-layout:<\/strong>\u00a0Sparar skrivbordsutrymme utan att offra viktiga nycklar.<\/li>\n<li><strong>Bred kompatibilitet:<\/strong>\u00a0Fungerar smidigt med Mac och Windows.<\/li>\n<\/ul>","protected":false},"featured_media":5574,"comment_status":"open","ping_status":"closed","template":"","meta":[],"product_brand":[54],"product_cat":[574,322,20],"product_tag":[626,58,22],"class_list":{"0":"post-5541","1":"product","2":"type-product","3":"status-publish","4":"has-post-thumbnail","6":"product_brand-aula","7":"product_cat-75-keyboard","8":"product_cat-hall-effect-keyboard","9":"product_cat-keyboard","10":"product_tag-75-keyboard","11":"product_tag-hall-effect-keyboard","12":"product_tag-keyboard","14":"first","15":"instock","16":"taxable","17":"shipping-taxable","18":"purchasable","19":"product-type-variable","20":"wvs-archive-product-wrapper"},"aioseo_notices":[],"ct_brands":[{"id":54,"name":"AULA","slug":"aula"}],"jetpack_sharing_enabled":true,"_links":{"self":[{"href":"https:\/\/halleffectkeyboard.com\/sv\/wp-json\/wp\/v2\/product\/5541","targetHints":{"allow":["GET"]}}],"collection":[{"href":"https:\/\/halleffectkeyboard.com\/sv\/wp-json\/wp\/v2\/product"}],"about":[{"href":"https:\/\/halleffectkeyboard.com\/sv\/wp-json\/wp\/v2\/types\/product"}],"replies":[{"embeddable":true,"href":"https:\/\/halleffectkeyboard.com\/sv\/wp-json\/wp\/v2\/comments?post=5541"}],"version-history":[{"count":3,"href":"https:\/\/halleffectkeyboard.com\/sv\/wp-json\/wp\/v2\/product\/5541\/revisions"}],"predecessor-version":[{"id":5605,"href":"https:\/\/halleffectkeyboard.com\/sv\/wp-json\/wp\/v2\/product\/5541\/revisions\/5605"}],"wp:featuredmedia":[{"embeddable":true,"href":"https:\/\/halleffectkeyboard.com\/sv\/wp-json\/wp\/v2\/media\/5574"}],"wp:attachment":[{"href":"https:\/\/halleffectkeyboard.com\/sv\/wp-json\/wp\/v2\/media?parent=5541"}],"wp:term":[{"taxonomy":"product_brand","embeddable":true,"href":"https:\/\/halleffectkeyboard.com\/sv\/wp-json\/wp\/v2\/product_brand?post=5541"},{"taxonomy":"product_cat","embeddable":true,"href":"https:\/\/halleffectkeyboard.com\/sv\/wp-json\/wp\/v2\/product_cat?post=5541"},{"taxonomy":"product_tag","embeddable":true,"href":"https:\/\/halleffectkeyboard.com\/sv\/wp-json\/wp\/v2\/product_tag?post=5541"}],"curies":[{"name":"wp","href":"https:\/\/api.w.org\/{rel}","templated":true}]}}