{"id":5500,"date":"2026-05-09T11:36:29","date_gmt":"2026-05-09T03:36:29","guid":{"rendered":"https:\/\/halleffectkeyboard.com\/?post_type=product&#038;p=5500"},"modified":"2026-05-09T15:26:21","modified_gmt":"2026-05-09T07:26:21","slug":"aula-ag60-hall-effect-keyboard","status":"publish","type":"product","link":"https:\/\/halleffectkeyboard.com\/sv\/produkt\/aula-ag60-halleffekt-keyboard\/","title":{"rendered":"AULA AG60 Hall-effektklaviatur"},"content":{"rendered":"<h1>AULA AG60 Halleffekt-tangentbord: Det ultimata 60% snabbtrigger-speltangentbordet<br \/>\n<img loading=\"lazy\" decoding=\"async\" class=\"alignnone size-full wp-image-5508\" src=\"https:\/\/halleffectkeyboard.com\/wp-content\/uploads\/2026\/05\/1-16-scaled.jpg\" alt=\"AULA AG60 Hall Effect Keyboard\" width=\"2560\" height=\"1437\" srcset=\"https:\/\/halleffectkeyboard.com\/wp-content\/uploads\/2026\/05\/1-16-scaled.jpg 2560w, https:\/\/halleffectkeyboard.com\/wp-content\/uploads\/2026\/05\/1-16-300x168.jpg 300w, https:\/\/halleffectkeyboard.com\/wp-content\/uploads\/2026\/05\/1-16-1024x575.jpg 1024w, https:\/\/halleffectkeyboard.com\/wp-content\/uploads\/2026\/05\/1-16-768x431.jpg 768w, https:\/\/halleffectkeyboard.com\/wp-content\/uploads\/2026\/05\/1-16-1536x862.jpg 1536w, https:\/\/halleffectkeyboard.com\/wp-content\/uploads\/2026\/05\/1-16-2048x1150.jpg 2048w, https:\/\/halleffectkeyboard.com\/wp-content\/uploads\/2026\/05\/1-16-18x10.jpg 18w, https:\/\/halleffectkeyboard.com\/wp-content\/uploads\/2026\/05\/1-16-1200x674.jpg 1200w\" sizes=\"auto, (max-width: 2560px) 100vw, 2560px\" data-no-translation=\"\" \/><\/h1>\n<p><strong>F\u00f6rb\u00e4ttra din konkurrensf\u00f6rdel med AULA AG60-serien \u2013 det fr\u00e4msta Hall-effekt-keyboardet designat f\u00f6r hastighet, precision och minimalistisk estetik.<\/strong><\/p>\n<p>De <strong>AULA AG60 Halleffekt-keyboard<\/strong> \u00e4r konstruerad f\u00f6r att dominera. Med branschledande <strong>magnetisk brytare<\/strong> teknologi, en <strong>8000Hz pollingfrekvens<\/strong>, och en kompakt <strong>60% tangentbordslayout<\/strong>, detta \u00e4r den <strong>budget Rapid Trigger-tangentbord<\/strong> du har v\u00e4ntat p\u00e5.<br \/>\n<img loading=\"lazy\" decoding=\"async\" class=\"alignnone size-full wp-image-5515\" src=\"https:\/\/halleffectkeyboard.com\/wp-content\/uploads\/2026\/05\/7-7-scaled.jpg\" alt=\"AULA AG60 Hall Effect Keyboard\" width=\"2560\" height=\"1437\" srcset=\"https:\/\/halleffectkeyboard.com\/wp-content\/uploads\/2026\/05\/7-7-scaled.jpg 2560w, https:\/\/halleffectkeyboard.com\/wp-content\/uploads\/2026\/05\/7-7-300x168.jpg 300w, https:\/\/halleffectkeyboard.com\/wp-content\/uploads\/2026\/05\/7-7-1024x575.jpg 1024w, https:\/\/halleffectkeyboard.com\/wp-content\/uploads\/2026\/05\/7-7-768x431.jpg 768w, https:\/\/halleffectkeyboard.com\/wp-content\/uploads\/2026\/05\/7-7-1536x862.jpg 1536w, https:\/\/halleffectkeyboard.com\/wp-content\/uploads\/2026\/05\/7-7-2048x1150.jpg 2048w, https:\/\/halleffectkeyboard.com\/wp-content\/uploads\/2026\/05\/7-7-18x10.jpg 18w, https:\/\/halleffectkeyboard.com\/wp-content\/uploads\/2026\/05\/7-7-1200x674.jpg 1200w\" sizes=\"auto, (max-width: 2560px) 100vw, 2560px\" data-no-translation=\"\" \/><\/p>\n<hr \/>\n<h2>Varf\u00f6r v\u00e4lja AULA AG60 Hall-effektklaviatur?<\/h2>\n<p>AULA AG60 \u00e4r inte bara en till <strong>60 speltangentbord<\/strong>; Det \u00e4r ett h\u00f6gpresterande verktyg byggt f\u00f6r spelare som kr\u00e4ver noll latens.<\/p>\n<h3>Banbrytande magnetisk brytarteknik<\/h3>\n<p>Utrustad med avancerad <strong>halleffektbrytare<\/strong>, AULA AG60 erbjuder en <strong>justerbar aktiveringspunkt<\/strong> (fr\u00e5n 0,1 mm till 4,0 mm). Oavsett om du beh\u00f6ver en fj\u00e4derl\u00e4tt ber\u00f6ring f\u00f6r <strong>snabba spel<\/strong> eller ett avsiktligt skrivs\u00e4tt, detta <strong>magnetiskt tangentbord<\/strong> anpassar sig till dig.<\/p>\n<ul>\n<li><strong>Snabb utl\u00f6sning (RT):<\/strong>\u00a0Upplev n\u00e4stan omedelbar \u00e5terst\u00e4llning med\u00a0<strong>RT 0,001 mm<\/strong>\u00a0precision, avg\u00f6rande f\u00f6r\u00a0<strong>Valorant<\/strong>,\u00a0<strong>CS2<\/strong>, och\u00a0<strong>Osu!-tangentbord<\/strong>\u00a0entusiaster.<\/li>\n<li><strong>8000Hz pollningshastighet:<\/strong>\u00a0Med en\u00a0<strong>8K pollingfrekvens<\/strong>, njut av en ing\u00e5ngslatens p\u00e5 0,1 ms som h\u00e5ller dig steget f\u00f6re konkurrenterna.<br \/>\n<img loading=\"lazy\" decoding=\"async\" class=\"alignnone size-full wp-image-5509\" src=\"https:\/\/halleffectkeyboard.com\/wp-content\/uploads\/2026\/05\/2-16-scaled.jpg\" alt=\"AULA AG60 Hall Effect Keyboard\" width=\"2560\" height=\"1437\" srcset=\"https:\/\/halleffectkeyboard.com\/wp-content\/uploads\/2026\/05\/2-16-scaled.jpg 2560w, https:\/\/halleffectkeyboard.com\/wp-content\/uploads\/2026\/05\/2-16-300x168.jpg 300w, https:\/\/halleffectkeyboard.com\/wp-content\/uploads\/2026\/05\/2-16-1024x575.jpg 1024w, https:\/\/halleffectkeyboard.com\/wp-content\/uploads\/2026\/05\/2-16-768x431.jpg 768w, https:\/\/halleffectkeyboard.com\/wp-content\/uploads\/2026\/05\/2-16-1536x862.jpg 1536w, https:\/\/halleffectkeyboard.com\/wp-content\/uploads\/2026\/05\/2-16-2048x1150.jpg 2048w, https:\/\/halleffectkeyboard.com\/wp-content\/uploads\/2026\/05\/2-16-18x10.jpg 18w, https:\/\/halleffectkeyboard.com\/wp-content\/uploads\/2026\/05\/2-16-1200x674.jpg 1200w\" sizes=\"auto, (max-width: 2560px) 100vw, 2560px\" data-no-translation=\"\" \/><\/li>\n<\/ul>\n<h3>Kompakt 60%-layout f\u00f6r minimalistiska inst\u00e4llningar<\/h3>\n<p>De <strong>60 procent tangentbordslayout<\/strong> \u00e4r guldstandarden f\u00f6r <strong>FPS-speltangentbord<\/strong>. Genom att ta bort siffertangentbordet och funktionsraden f\u00e5r du massor av skrivbordsyta f\u00f6r musr\u00f6relser med l\u00e5g k\u00e4nslighet. <em>Obs: Beh\u00f6ver du navigeringsknappar? <strong>standard hemtangent f\u00f6r 60-tangentbord<\/strong> \u00e4r l\u00e4ttillg\u00e4nglig via intuitiva Fn-lagergenv\u00e4gar, helt anpassningsbara i v\u00e5r programvara.<\/em><\/p>\n<h3>Premiumbygge och anpassning<\/h3>\n<ul>\n<li><strong>Anpassad tangentbordsupplevelse:<\/strong>\u00a0Medverkar\u00a0<strong>fullst\u00e4ndiga nycklar kan bytas under drift<\/strong>\u00a0uttag, kan du enkelt byta brytare utan att l\u00f6da.<\/li>\n<li><strong>\u00d6verl\u00e4gsen akustik:<\/strong>\u00a0V\u00e5r\u00a0<strong>toppmonterat magnetiskt tangentbord<\/strong>\u00a0Designen inkluderar flerskiktsljudd\u00e4mpning, vilket s\u00e4kerst\u00e4ller en &quot;tjock&quot; och tillfredsst\u00e4llande ljudprofil.<\/li>\n<li><strong>H\u00e5llbar estetik:<\/strong>\u00a0Utrustad med\u00a0<strong>Tangentknappar med PBT-tryck p\u00e5 sidan och k\u00f6rsb\u00e4rsprofil<\/strong>\u00a0som \u00e4r oljebest\u00e4ndiga och blekningsbest\u00e4ndiga, i kombination med en livfull\u00a0<strong>Twin-Star RGB-bakgrundsbelysning<\/strong>.<br \/>\n<img loading=\"lazy\" decoding=\"async\" class=\"alignnone size-full wp-image-5510\" src=\"https:\/\/halleffectkeyboard.com\/wp-content\/uploads\/2026\/05\/3-17-scaled.jpg\" alt=\"AULA AG60 Hall Effect Keyboard\" width=\"2560\" height=\"1437\" srcset=\"https:\/\/halleffectkeyboard.com\/wp-content\/uploads\/2026\/05\/3-17-scaled.jpg 2560w, https:\/\/halleffectkeyboard.com\/wp-content\/uploads\/2026\/05\/3-17-300x168.jpg 300w, https:\/\/halleffectkeyboard.com\/wp-content\/uploads\/2026\/05\/3-17-1024x575.jpg 1024w, https:\/\/halleffectkeyboard.com\/wp-content\/uploads\/2026\/05\/3-17-768x431.jpg 768w, https:\/\/halleffectkeyboard.com\/wp-content\/uploads\/2026\/05\/3-17-1536x862.jpg 1536w, https:\/\/halleffectkeyboard.com\/wp-content\/uploads\/2026\/05\/3-17-2048x1150.jpg 2048w, https:\/\/halleffectkeyboard.com\/wp-content\/uploads\/2026\/05\/3-17-18x10.jpg 18w, https:\/\/halleffectkeyboard.com\/wp-content\/uploads\/2026\/05\/3-17-1200x674.jpg 1200w\" sizes=\"auto, (max-width: 2560px) 100vw, 2560px\" data-no-translation=\"\" \/><\/li>\n<\/ul>\n<hr \/>\n<h2>Viktiga specifikationer<\/h2>\n<table>\n<thead>\n<tr>\n<th>S\u00e4rdrag<\/th>\n<th>Specifikation<\/th>\n<\/tr>\n<\/thead>\n<tbody>\n<tr>\n<td><strong>Produkt<\/strong><\/td>\n<td>AULA AG60-serien<\/td>\n<\/tr>\n<tr>\n<td><strong>V\u00e4xeltyp<\/strong><\/td>\n<td>Halleffekt \/ Magnetisk brytare<\/td>\n<\/tr>\n<tr>\n<td><strong>Valfrekvens<\/strong><\/td>\n<td>8000Hz (0,1ms latens)<\/td>\n<\/tr>\n<tr>\n<td><strong>Snabb utl\u00f6sare<\/strong><\/td>\n<td>Ja (0,001 mm precision)<\/td>\n<\/tr>\n<tr>\n<td><strong>Layout<\/strong><\/td>\n<td>60% (61 nycklar)<\/td>\n<\/tr>\n<tr>\n<td><strong>Kompatibilitet<\/strong><\/td>\n<td>Mac- och Windows-kompatibelt speltangentbord<\/td>\n<\/tr>\n<tr>\n<td><strong>Anslutning<\/strong><\/td>\n<td>Stabil tr\u00e5dbunden USB<\/td>\n<\/tr>\n<\/tbody>\n<\/table>\n<p>&nbsp;<\/p>\n<p><img loading=\"lazy\" decoding=\"async\" class=\"alignnone size-full wp-image-5511\" src=\"https:\/\/halleffectkeyboard.com\/wp-content\/uploads\/2026\/05\/4-16-scaled.jpg\" alt=\"AULA AG60 Hall Effect Keyboard\" width=\"2560\" height=\"1437\" srcset=\"https:\/\/halleffectkeyboard.com\/wp-content\/uploads\/2026\/05\/4-16-scaled.jpg 2560w, https:\/\/halleffectkeyboard.com\/wp-content\/uploads\/2026\/05\/4-16-300x168.jpg 300w, https:\/\/halleffectkeyboard.com\/wp-content\/uploads\/2026\/05\/4-16-1024x575.jpg 1024w, https:\/\/halleffectkeyboard.com\/wp-content\/uploads\/2026\/05\/4-16-768x431.jpg 768w, https:\/\/halleffectkeyboard.com\/wp-content\/uploads\/2026\/05\/4-16-1536x862.jpg 1536w, https:\/\/halleffectkeyboard.com\/wp-content\/uploads\/2026\/05\/4-16-2048x1150.jpg 2048w, https:\/\/halleffectkeyboard.com\/wp-content\/uploads\/2026\/05\/4-16-18x10.jpg 18w, https:\/\/halleffectkeyboard.com\/wp-content\/uploads\/2026\/05\/4-16-1200x674.jpg 1200w\" sizes=\"auto, (max-width: 2560px) 100vw, 2560px\" data-no-translation=\"\" \/><\/p>\n<hr \/>\n<h2>Optimerad f\u00f6r t\u00e4vlingsinriktad e-sport<\/h2>\n<p>Oavsett om du \u00e4r en <strong>esportspelare<\/strong> eller en vanlig anv\u00e4ndare \u00e4r AULA AG60 den perfekta <strong>60 procent tangentbord<\/strong>.<\/p>\n<ul>\n<li><strong>FPS-spel:<\/strong>\u00a0Det ultimata\u00a0<strong>Valorant-tangentbord<\/strong>\u00a0och\u00a0<strong>CS2-tangentbord<\/strong>\u00a0f\u00f6r exakt r\u00f6relse.<\/li>\n<li><strong>Rytmspel:<\/strong>\u00a0Det f\u00f6redragna\u00a0<strong>Osu!-tangentbord<\/strong>\u00a0f\u00f6r h\u00f6ghastighetsg\u00e4ngning.<\/li>\n<li><strong>M\u00e5ngsidighet:<\/strong>\u00a0En helt\u00e4ckande\u00a0<strong>Mac- och Windows-kompatibelt speltangentbord<\/strong>\u00a0som passar alla arbetsstationer.<br \/>\n<img loading=\"lazy\" decoding=\"async\" class=\"alignnone size-full wp-image-5515\" src=\"https:\/\/halleffectkeyboard.com\/wp-content\/uploads\/2026\/05\/7-7-scaled.jpg\" alt=\"AULA AG60 Hall Effect Keyboard\" width=\"2560\" height=\"1437\" srcset=\"https:\/\/halleffectkeyboard.com\/wp-content\/uploads\/2026\/05\/7-7-scaled.jpg 2560w, https:\/\/halleffectkeyboard.com\/wp-content\/uploads\/2026\/05\/7-7-300x168.jpg 300w, https:\/\/halleffectkeyboard.com\/wp-content\/uploads\/2026\/05\/7-7-1024x575.jpg 1024w, https:\/\/halleffectkeyboard.com\/wp-content\/uploads\/2026\/05\/7-7-768x431.jpg 768w, https:\/\/halleffectkeyboard.com\/wp-content\/uploads\/2026\/05\/7-7-1536x862.jpg 1536w, https:\/\/halleffectkeyboard.com\/wp-content\/uploads\/2026\/05\/7-7-2048x1150.jpg 2048w, https:\/\/halleffectkeyboard.com\/wp-content\/uploads\/2026\/05\/7-7-18x10.jpg 18w, https:\/\/halleffectkeyboard.com\/wp-content\/uploads\/2026\/05\/7-7-1200x674.jpg 1200w\" sizes=\"auto, (max-width: 2560px) 100vw, 2560px\" data-no-translation=\"\" \/><\/li>\n<\/ul>\n<hr \/>\n<h2><img loading=\"lazy\" decoding=\"async\" class=\"alignnone size-full wp-image-5516\" src=\"https:\/\/halleffectkeyboard.com\/wp-content\/uploads\/2026\/05\/5-17-scaled.jpg\" alt=\"AULA AG60 Hall Effect Keyboard\" width=\"2560\" height=\"1437\" srcset=\"https:\/\/halleffectkeyboard.com\/wp-content\/uploads\/2026\/05\/5-17-scaled.jpg 2560w, https:\/\/halleffectkeyboard.com\/wp-content\/uploads\/2026\/05\/5-17-300x168.jpg 300w, https:\/\/halleffectkeyboard.com\/wp-content\/uploads\/2026\/05\/5-17-1024x575.jpg 1024w, https:\/\/halleffectkeyboard.com\/wp-content\/uploads\/2026\/05\/5-17-768x431.jpg 768w, https:\/\/halleffectkeyboard.com\/wp-content\/uploads\/2026\/05\/5-17-1536x862.jpg 1536w, https:\/\/halleffectkeyboard.com\/wp-content\/uploads\/2026\/05\/5-17-2048x1150.jpg 2048w, https:\/\/halleffectkeyboard.com\/wp-content\/uploads\/2026\/05\/5-17-18x10.jpg 18w, https:\/\/halleffectkeyboard.com\/wp-content\/uploads\/2026\/05\/5-17-1200x674.jpg 1200w\" sizes=\"auto, (max-width: 2560px) 100vw, 2560px\" data-no-translation=\"\" \/><br \/>\nVanliga fr\u00e5gor (FAQ)<\/h2>\n<p><strong>F: \u00c4r AULA AG60 ett bra alternativ till Wooting 60HE?<\/strong> A: Absolut. AULA AG60 erbjuder professionella <strong>Halleffekt<\/strong> prestanda, inklusive <strong>Snabb utl\u00f6sare<\/strong> och <strong>8000Hz polling<\/strong>, till en br\u00e5kdel av kostnaden.<\/p>\n<p><strong>F: Vad \u00e4r skillnaden mellan AULA AG60, Pro och Max?<\/strong> A: Den <strong>AULA AG60-serien<\/strong> erbjuder olika niv\u00e5er. Medan basmodellen AG60 levererar k\u00e4rnfunktioner <strong>magnetiskt tangentbord<\/strong> prestanda, Pro- och Max-versionerna inkluderar uppgraderade material och avancerade programvarufunktioner.<\/p>\n<p><strong>F: \u00c4r detta ett specialanpassat tangentbord?<\/strong> A: Ja, det \u00e4r en <strong>anpassat tangentbord<\/strong> plattform. Med <strong>hot-swap-brytare<\/strong> och en <strong>toppmontering<\/strong> struktur, den \u00e4r perfekt f\u00f6r entusiaster.<\/p>","protected":false},"excerpt":{"rendered":"<p>Dominera konkurrenterna med AULA AG60, ett premium 60%-tangentbord med magnetisk switch. Med 0,1 ms latens, 8000 Hz polling rate och ultraprecis Rapid Trigger-teknik \u00e4r det det ultimata kompakta speltangentbordet f\u00f6r FPS-, Valorant- och rytmspel. Upplev proffsprestanda i en elegant, minimalistisk design som kan bytas under drift.<\/p>","protected":false},"featured_media":5504,"comment_status":"open","ping_status":"closed","template":"","meta":[],"product_brand":[54],"product_cat":[571,322,20],"product_tag":[606,58,22],"class_list":{"0":"post-5500","1":"product","2":"type-product","3":"status-publish","4":"has-post-thumbnail","6":"product_brand-aula","7":"product_cat-60-keyboard","8":"product_cat-hall-effect-keyboard","9":"product_cat-keyboard","10":"product_tag-60-keyboard","11":"product_tag-hall-effect-keyboard","12":"product_tag-keyboard","14":"first","15":"instock","16":"taxable","17":"shipping-taxable","18":"purchasable","19":"product-type-variable","20":"wvs-archive-product-wrapper"},"aioseo_notices":[],"ct_brands":[{"id":54,"name":"AULA","slug":"aula"}],"jetpack_sharing_enabled":true,"_links":{"self":[{"href":"https:\/\/halleffectkeyboard.com\/sv\/wp-json\/wp\/v2\/product\/5500","targetHints":{"allow":["GET"]}}],"collection":[{"href":"https:\/\/halleffectkeyboard.com\/sv\/wp-json\/wp\/v2\/product"}],"about":[{"href":"https:\/\/halleffectkeyboard.com\/sv\/wp-json\/wp\/v2\/types\/product"}],"replies":[{"embeddable":true,"href":"https:\/\/halleffectkeyboard.com\/sv\/wp-json\/wp\/v2\/comments?post=5500"}],"version-history":[{"count":4,"href":"https:\/\/halleffectkeyboard.com\/sv\/wp-json\/wp\/v2\/product\/5500\/revisions"}],"predecessor-version":[{"id":5517,"href":"https:\/\/halleffectkeyboard.com\/sv\/wp-json\/wp\/v2\/product\/5500\/revisions\/5517"}],"wp:featuredmedia":[{"embeddable":true,"href":"https:\/\/halleffectkeyboard.com\/sv\/wp-json\/wp\/v2\/media\/5504"}],"wp:attachment":[{"href":"https:\/\/halleffectkeyboard.com\/sv\/wp-json\/wp\/v2\/media?parent=5500"}],"wp:term":[{"taxonomy":"product_brand","embeddable":true,"href":"https:\/\/halleffectkeyboard.com\/sv\/wp-json\/wp\/v2\/product_brand?post=5500"},{"taxonomy":"product_cat","embeddable":true,"href":"https:\/\/halleffectkeyboard.com\/sv\/wp-json\/wp\/v2\/product_cat?post=5500"},{"taxonomy":"product_tag","embeddable":true,"href":"https:\/\/halleffectkeyboard.com\/sv\/wp-json\/wp\/v2\/product_tag?post=5500"}],"curies":[{"name":"wp","href":"https:\/\/api.w.org\/{rel}","templated":true}]}}