{"id":5297,"date":"2026-05-07T16:29:22","date_gmt":"2026-05-07T08:29:22","guid":{"rendered":"https:\/\/halleffectkeyboard.com\/?post_type=product&#038;p=5297"},"modified":"2026-05-07T16:49:58","modified_gmt":"2026-05-07T08:49:58","slug":"atk-x-qk-hex80-hall-effect-keyboard","status":"publish","type":"product","link":"https:\/\/halleffectkeyboard.com\/sv\/produkt\/atk-x-qk-hex80-halleffekttangentbord\/","title":{"rendered":"ATK x QK Hex80 Hall-effekttangentbord"},"content":{"rendered":"<h1><strong>ATK x QK Hex80: Det ultimata 8K TKL Hall-effekt-keyboardet<br \/>\n<img loading=\"lazy\" decoding=\"async\" class=\"alignnone size-full wp-image-5325\" src=\"https:\/\/halleffectkeyboard.com\/wp-content\/uploads\/2026\/05\/7-5-scaled.jpg\" alt=\"ATK x QK Hex80 Hall Effect Keyboard\" width=\"2560\" height=\"1437\" srcset=\"https:\/\/halleffectkeyboard.com\/wp-content\/uploads\/2026\/05\/7-5-scaled.jpg 2560w, https:\/\/halleffectkeyboard.com\/wp-content\/uploads\/2026\/05\/7-5-300x168.jpg 300w, https:\/\/halleffectkeyboard.com\/wp-content\/uploads\/2026\/05\/7-5-1024x575.jpg 1024w, https:\/\/halleffectkeyboard.com\/wp-content\/uploads\/2026\/05\/7-5-768x431.jpg 768w, https:\/\/halleffectkeyboard.com\/wp-content\/uploads\/2026\/05\/7-5-1536x862.jpg 1536w, https:\/\/halleffectkeyboard.com\/wp-content\/uploads\/2026\/05\/7-5-2048x1150.jpg 2048w, https:\/\/halleffectkeyboard.com\/wp-content\/uploads\/2026\/05\/7-5-18x10.jpg 18w, https:\/\/halleffectkeyboard.com\/wp-content\/uploads\/2026\/05\/7-5-1200x674.jpg 1200w\" sizes=\"auto, (max-width: 2560px) 100vw, 2560px\" data-no-translation=\"\" \/><br \/>\n<\/strong><\/h1>\n<p>Letar efter <strong>b\u00e4sta TKL magnetiska tangentbordet<\/strong> f\u00f6r att f\u00f6rb\u00e4ttra ditt spelande? M\u00f6t <strong>ATK x QK Hex80 Hall-effekt-tangentbord<\/strong>, ett flaggskeppssamarbete mellan <strong>ATK<\/strong> och <strong>Qwerty-tangenter (QK)<\/strong>. Utformad f\u00f6r t\u00e4vlingsinriktade spelare och entusiaster av anpassade tangentbord, detta <strong>80%-tangentbord<\/strong> kombinerar banbrytande <strong>Snabb utl\u00f6sare<\/strong> teknik med f\u00f6rstklassig specialanpassad akustik.<\/p>\n<p>Oavsett om du s\u00f6ker efter <strong>b\u00e4sta tangentbordet f\u00f6r Valorant<\/strong>, en blixtsnabb <strong>Rapid Trigger-tangentbord f\u00f6r OSU!<\/strong>, eller den <strong>b\u00e4sta tangentbordet f\u00f6r CS2-spel<\/strong>, den <strong>ATK Hex80<\/strong> levererar o\u00f6vertr\u00e4ffad precision och en f\u00f6rstklassig skrivupplevelse.<br \/>\n<img loading=\"lazy\" decoding=\"async\" class=\"alignnone size-full wp-image-5319\" src=\"https:\/\/halleffectkeyboard.com\/wp-content\/uploads\/2026\/05\/1-11-scaled.jpg\" alt=\"ATK x QK Hex80 Hall Effect Keyboard\" width=\"2560\" height=\"1437\" srcset=\"https:\/\/halleffectkeyboard.com\/wp-content\/uploads\/2026\/05\/1-11-scaled.jpg 2560w, https:\/\/halleffectkeyboard.com\/wp-content\/uploads\/2026\/05\/1-11-300x168.jpg 300w, https:\/\/halleffectkeyboard.com\/wp-content\/uploads\/2026\/05\/1-11-1024x575.jpg 1024w, https:\/\/halleffectkeyboard.com\/wp-content\/uploads\/2026\/05\/1-11-768x431.jpg 768w, https:\/\/halleffectkeyboard.com\/wp-content\/uploads\/2026\/05\/1-11-1536x862.jpg 1536w, https:\/\/halleffectkeyboard.com\/wp-content\/uploads\/2026\/05\/1-11-2048x1150.jpg 2048w, https:\/\/halleffectkeyboard.com\/wp-content\/uploads\/2026\/05\/1-11-18x10.jpg 18w, https:\/\/halleffectkeyboard.com\/wp-content\/uploads\/2026\/05\/1-11-1200x674.jpg 1200w\" sizes=\"auto, (max-width: 2560px) 100vw, 2560px\" data-no-translation=\"\" \/><\/p>\n<h2><strong>O\u00f6vertr\u00e4ffad e-sportprestanda<\/strong><\/h2>\n<p>Drivs av ATK Blazing Wind Magnetic Switch Solution och med premiumfunktioner <strong>OwLab Ti magnetiska brytare<\/strong>, detta <strong>HE-tangentbord<\/strong> \u00e4r byggd f\u00f6r ren hastighet.<\/p>\n<ul>\n<li><strong>0,005 mm aktiveringstangentbord:<\/strong>\u00a0Branschledande justerbart triggerdjup (0,005 mm \u2013 3,3 mm) f\u00f6r pixelperfekt kontroll.<\/li>\n<li><strong>8K Hz Rapid Trigger-tangentbord:<\/strong>\u00a0Upplev noll lagg med en\u00a0<strong>8K polling rate-tangentbord<\/strong>\u00a0arkitektur, vilket ger en ultral\u00e5g latens p\u00e5 0,08 ms.<\/li>\n<li><strong>Extremt l\u00e4ge:<\/strong>\u00a0L\u00e5ser upp ultrasnabb, stabil triggning med noll missade ing\u00e5ngar, vilket g\u00f6r den till den ultimata\u00a0<strong>esports-speltangentbord<\/strong>.<img loading=\"lazy\" decoding=\"async\" class=\"alignnone size-full wp-image-5320\" src=\"https:\/\/halleffectkeyboard.com\/wp-content\/uploads\/2026\/05\/2-11-scaled.jpg\" alt=\"ATK x QK Hex80 Hall Effect Keyboard\" width=\"2560\" height=\"1437\" srcset=\"https:\/\/halleffectkeyboard.com\/wp-content\/uploads\/2026\/05\/2-11-scaled.jpg 2560w, https:\/\/halleffectkeyboard.com\/wp-content\/uploads\/2026\/05\/2-11-300x168.jpg 300w, https:\/\/halleffectkeyboard.com\/wp-content\/uploads\/2026\/05\/2-11-1024x575.jpg 1024w, https:\/\/halleffectkeyboard.com\/wp-content\/uploads\/2026\/05\/2-11-768x431.jpg 768w, https:\/\/halleffectkeyboard.com\/wp-content\/uploads\/2026\/05\/2-11-1536x862.jpg 1536w, https:\/\/halleffectkeyboard.com\/wp-content\/uploads\/2026\/05\/2-11-2048x1150.jpg 2048w, https:\/\/halleffectkeyboard.com\/wp-content\/uploads\/2026\/05\/2-11-18x10.jpg 18w, https:\/\/halleffectkeyboard.com\/wp-content\/uploads\/2026\/05\/2-11-1200x674.jpg 1200w\" sizes=\"auto, (max-width: 2560px) 100vw, 2560px\" data-no-translation=\"\" \/><\/li>\n<\/ul>\n<h2><strong><img loading=\"lazy\" decoding=\"async\" class=\"alignnone size-full wp-image-5321\" src=\"https:\/\/halleffectkeyboard.com\/wp-content\/uploads\/2026\/05\/3-12-scaled.jpg\" alt=\"ATK x QK Hex80 Hall Effect Keyboard\" width=\"2560\" height=\"1437\" srcset=\"https:\/\/halleffectkeyboard.com\/wp-content\/uploads\/2026\/05\/3-12-scaled.jpg 2560w, https:\/\/halleffectkeyboard.com\/wp-content\/uploads\/2026\/05\/3-12-300x168.jpg 300w, https:\/\/halleffectkeyboard.com\/wp-content\/uploads\/2026\/05\/3-12-1024x575.jpg 1024w, https:\/\/halleffectkeyboard.com\/wp-content\/uploads\/2026\/05\/3-12-768x431.jpg 768w, https:\/\/halleffectkeyboard.com\/wp-content\/uploads\/2026\/05\/3-12-1536x862.jpg 1536w, https:\/\/halleffectkeyboard.com\/wp-content\/uploads\/2026\/05\/3-12-2048x1150.jpg 2048w, https:\/\/halleffectkeyboard.com\/wp-content\/uploads\/2026\/05\/3-12-18x10.jpg 18w, https:\/\/halleffectkeyboard.com\/wp-content\/uploads\/2026\/05\/3-12-1200x674.jpg 1200w\" sizes=\"auto, (max-width: 2560px) 100vw, 2560px\" data-no-translation=\"\" \/><br \/>\nPremiumkonstruktion och &quot;tjock&quot; akustik<\/strong><\/h2>\n<p>Till skillnad fr\u00e5n vanlig spelutrustning, <strong>QK Hex80<\/strong> \u00e4r en <strong>specialbyggt tangentbord<\/strong> som v\u00e4grar kompromissa med ljud eller k\u00e4nsla.<\/p>\n<ul>\n<li><strong>Packningsmonterat HE-tangentbord:<\/strong>\u00a0Har ett flerskiktat ljudd\u00e4mpningssystem, vilket resulterar i en ren, djup ljudprofil som g\u00f6r den till en verkligt\u00a0<strong>tjockt magnetiskt tangentbord<\/strong>.<\/li>\n<li><strong>Aluminiumh\u00f6lje HE-tangentbord:<\/strong>\u00a0CNC-fr\u00e4st aluminium med en f\u00f6rfinad 220-mesh anodiserad\/spraybelagd finish f\u00f6r exceptionell h\u00e5llbarhet och textur.<\/li>\n<li><strong>Frostade PC-tangentknappar:<\/strong>\u00a0Bekv\u00e4ma tangentbord med k\u00f6rsb\u00e4rsprofil som ger utm\u00e4rkt RGB-ljusgenomsl\u00e4pp.<br \/>\n<img loading=\"lazy\" decoding=\"async\" class=\"alignnone size-full wp-image-5322\" src=\"https:\/\/halleffectkeyboard.com\/wp-content\/uploads\/2026\/05\/4-11-scaled.jpg\" alt=\"ATK x QK Hex80 Hall Effect Keyboard\" width=\"2560\" height=\"1437\" srcset=\"https:\/\/halleffectkeyboard.com\/wp-content\/uploads\/2026\/05\/4-11-scaled.jpg 2560w, https:\/\/halleffectkeyboard.com\/wp-content\/uploads\/2026\/05\/4-11-300x168.jpg 300w, https:\/\/halleffectkeyboard.com\/wp-content\/uploads\/2026\/05\/4-11-1024x575.jpg 1024w, https:\/\/halleffectkeyboard.com\/wp-content\/uploads\/2026\/05\/4-11-768x431.jpg 768w, https:\/\/halleffectkeyboard.com\/wp-content\/uploads\/2026\/05\/4-11-1536x862.jpg 1536w, https:\/\/halleffectkeyboard.com\/wp-content\/uploads\/2026\/05\/4-11-2048x1150.jpg 2048w, https:\/\/halleffectkeyboard.com\/wp-content\/uploads\/2026\/05\/4-11-18x10.jpg 18w, https:\/\/halleffectkeyboard.com\/wp-content\/uploads\/2026\/05\/4-11-1200x674.jpg 1200w\" sizes=\"auto, (max-width: 2560px) 100vw, 2560px\" data-no-translation=\"\" \/><\/li>\n<\/ul>\n<h2><strong>Hur j\u00e4mf\u00f6rs det?<\/strong><\/h2>\n<p>Om du letar efter <strong>b\u00e4sta Wooting-alternativet<\/strong>, den <strong>ATK QK Hex80 Hall-effekttangentbord<\/strong> \u00e4r det definitiva svaret. N\u00e4r man j\u00e4mf\u00f6r <strong>ATK Hex80 mot Wooting 80HE<\/strong>, <strong>QK Hex80 mot Boog75<\/strong>, eller <strong>ATK Hex80 mot DrunkDeer A75<\/strong>, Hex80 utm\u00e4rker sig genom att erbjuda \u00f6verl\u00e4gsen specialanpassad akustik tack vare sin <strong>Packningsmontering Halleffekt-tangentbord<\/strong> struktur. Lyssna bara p\u00e5 vilken som helst <strong>Qwertykeys Hex80 recension<\/strong> eller <strong>ATK Hex80 ljudtest<\/strong> att h\u00f6ra den enorma skillnaden i skrivkvalitet.<br \/>\n<img loading=\"lazy\" decoding=\"async\" class=\"alignnone size-full wp-image-5324\" src=\"https:\/\/halleffectkeyboard.com\/wp-content\/uploads\/2026\/05\/6-5-scaled.jpg\" alt=\"ATK x QK Hex80 Hall Effect Keyboard\" width=\"2560\" height=\"1437\" srcset=\"https:\/\/halleffectkeyboard.com\/wp-content\/uploads\/2026\/05\/6-5-scaled.jpg 2560w, https:\/\/halleffectkeyboard.com\/wp-content\/uploads\/2026\/05\/6-5-300x168.jpg 300w, https:\/\/halleffectkeyboard.com\/wp-content\/uploads\/2026\/05\/6-5-1024x575.jpg 1024w, https:\/\/halleffectkeyboard.com\/wp-content\/uploads\/2026\/05\/6-5-768x431.jpg 768w, https:\/\/halleffectkeyboard.com\/wp-content\/uploads\/2026\/05\/6-5-1536x862.jpg 1536w, https:\/\/halleffectkeyboard.com\/wp-content\/uploads\/2026\/05\/6-5-2048x1150.jpg 2048w, https:\/\/halleffectkeyboard.com\/wp-content\/uploads\/2026\/05\/6-5-18x10.jpg 18w, https:\/\/halleffectkeyboard.com\/wp-content\/uploads\/2026\/05\/6-5-1200x674.jpg 1200w\" sizes=\"auto, (max-width: 2560px) 100vw, 2560px\" data-no-translation=\"\" \/><\/p>\n<h2><strong>K\u00e4rnspecifikationer<\/strong><\/h2>\n<ul>\n<li><strong>Layout:<\/strong>\u00a0<strong>TKL-tangentbord<\/strong>\u00a0\/ 88 tangenter<\/li>\n<li><strong>Strukturera:<\/strong>\u00a0Packningsf\u00e4ste med flerskiktsd\u00e4mpning<\/li>\n<li><strong>Fodralmaterial:<\/strong>\u00a0CNC-fr\u00e4st aluminium<\/li>\n<li><strong>V\u00e4xlar:<\/strong>\u00a0<strong>OwLab Ti-switchtangentbord<\/strong>\u00a0(Tangentbord med magnetisk brytare)<\/li>\n<li><strong>RT-intervall:<\/strong>\u00a00,005 mm \u2013 3,3 mm (i steg om 0,005 mm)<\/li>\n<li><strong>Valfrekvens:<\/strong>\u00a0Upp till 8000Hz (8K)<\/li>\n<li><strong>Latens:<\/strong>\u00a00,08 ms<\/li>\n<li><strong>Drag:<\/strong>\u00a0RT Extreme Mode, helt programmerbara tangenter, RGB-belysning<br \/>\n<img loading=\"lazy\" decoding=\"async\" class=\"alignnone size-full wp-image-5323\" src=\"https:\/\/halleffectkeyboard.com\/wp-content\/uploads\/2026\/05\/5-10-scaled.jpg\" alt=\"ATK x QK Hex80 Hall Effect Keyboard\" width=\"2560\" height=\"1437\" srcset=\"https:\/\/halleffectkeyboard.com\/wp-content\/uploads\/2026\/05\/5-10-scaled.jpg 2560w, https:\/\/halleffectkeyboard.com\/wp-content\/uploads\/2026\/05\/5-10-300x168.jpg 300w, https:\/\/halleffectkeyboard.com\/wp-content\/uploads\/2026\/05\/5-10-1024x575.jpg 1024w, https:\/\/halleffectkeyboard.com\/wp-content\/uploads\/2026\/05\/5-10-768x431.jpg 768w, https:\/\/halleffectkeyboard.com\/wp-content\/uploads\/2026\/05\/5-10-1536x862.jpg 1536w, https:\/\/halleffectkeyboard.com\/wp-content\/uploads\/2026\/05\/5-10-2048x1150.jpg 2048w, https:\/\/halleffectkeyboard.com\/wp-content\/uploads\/2026\/05\/5-10-18x10.jpg 18w, https:\/\/halleffectkeyboard.com\/wp-content\/uploads\/2026\/05\/5-10-1200x674.jpg 1200w\" sizes=\"auto, (max-width: 2560px) 100vw, 2560px\" data-no-translation=\"\" \/><\/li>\n<\/ul>\n<h2><strong>Uppgradera din installation idag<\/strong><\/h2>\n<p>Redo att dominera topplistorna? Om du vill <strong>k\u00f6p ATK QK Hex80<\/strong>, du investerar i ett toppskikt <strong>anpassat HE-speltangentbord i lager<\/strong> som omdefinierar metan. Erbjuder en otroligt konkurrenskraftig <strong>Qwertykeys Hex80 HE pris<\/strong> F\u00f6r sina funktioner \u00e4r den den perfekta blandningen av r\u00e5 esportshastighet och hantverk av entusiastklass.<\/p>","protected":false},"excerpt":{"rendered":"<p>Dominera t\u00e4vlingen med den ultimata <strong>TKL magnetiskt tangentbord<\/strong>, skapad i samarbete med ATK och Qwertykeys. Hex80 blandar r\u00e5 esporthastighet med specialdesignad akustik och \u00e4r byggd f\u00f6r spelare som v\u00e4grar kompromissa.<\/p>\n<ul>\n<li><strong>Ultrasnabb hastighet:<\/strong>\u00a08K Hz pollinghastighet med en latens p\u00e5 n\u00e4stan noll 0,08 ms.<\/li>\n<li><strong>Pixelperfekt kontroll:<\/strong>\u00a0Justerbar snabbavtryckare (RT) med branschledande precision p\u00e5 0,005 mm.<\/li>\n<li><strong>Premium anpassad byggnation:<\/strong>\u00a0CNC-fr\u00e4st aluminiumh\u00f6lje med packningsmontering.<\/li>\n<li><strong>\u00d6verl\u00e4gsen akustik:<\/strong>\u00a0Flerskiktad ljudd\u00e4mpning och OwLab Ti magnetiska brytare f\u00f6r en djupt tillfredsst\u00e4llande och &quot;tjocka&quot; skrivupplevelse.<\/li>\n<\/ul>","protected":false},"featured_media":5312,"comment_status":"open","ping_status":"closed","template":"","meta":[],"product_brand":[226],"product_cat":[322,20],"product_tag":[386,185,22],"class_list":{"0":"post-5297","1":"product","2":"type-product","3":"status-publish","4":"has-post-thumbnail","6":"product_brand-atk","7":"product_cat-hall-effect-keyboard","8":"product_cat-keyboard","9":"product_tag-gaming-keyboard","10":"product_tag-hall-effect-switches","11":"product_tag-keyboard","13":"first","14":"instock","15":"taxable","16":"shipping-taxable","17":"purchasable","18":"product-type-variable","19":"wvs-archive-product-wrapper"},"aioseo_notices":[],"ct_brands":[{"id":226,"name":"ATK","slug":"atk"}],"jetpack_sharing_enabled":true,"_links":{"self":[{"href":"https:\/\/halleffectkeyboard.com\/sv\/wp-json\/wp\/v2\/product\/5297","targetHints":{"allow":["GET"]}}],"collection":[{"href":"https:\/\/halleffectkeyboard.com\/sv\/wp-json\/wp\/v2\/product"}],"about":[{"href":"https:\/\/halleffectkeyboard.com\/sv\/wp-json\/wp\/v2\/types\/product"}],"replies":[{"embeddable":true,"href":"https:\/\/halleffectkeyboard.com\/sv\/wp-json\/wp\/v2\/comments?post=5297"}],"version-history":[{"count":3,"href":"https:\/\/halleffectkeyboard.com\/sv\/wp-json\/wp\/v2\/product\/5297\/revisions"}],"predecessor-version":[{"id":5328,"href":"https:\/\/halleffectkeyboard.com\/sv\/wp-json\/wp\/v2\/product\/5297\/revisions\/5328"}],"wp:featuredmedia":[{"embeddable":true,"href":"https:\/\/halleffectkeyboard.com\/sv\/wp-json\/wp\/v2\/media\/5312"}],"wp:attachment":[{"href":"https:\/\/halleffectkeyboard.com\/sv\/wp-json\/wp\/v2\/media?parent=5297"}],"wp:term":[{"taxonomy":"product_brand","embeddable":true,"href":"https:\/\/halleffectkeyboard.com\/sv\/wp-json\/wp\/v2\/product_brand?post=5297"},{"taxonomy":"product_cat","embeddable":true,"href":"https:\/\/halleffectkeyboard.com\/sv\/wp-json\/wp\/v2\/product_cat?post=5297"},{"taxonomy":"product_tag","embeddable":true,"href":"https:\/\/halleffectkeyboard.com\/sv\/wp-json\/wp\/v2\/product_tag?post=5297"}],"curies":[{"name":"wp","href":"https:\/\/api.w.org\/{rel}","templated":true}]}}