{"id":5264,"date":"2026-05-07T14:04:15","date_gmt":"2026-05-07T06:04:15","guid":{"rendered":"https:\/\/halleffectkeyboard.com\/?post_type=product&#038;p=5264"},"modified":"2026-05-07T15:09:52","modified_gmt":"2026-05-07T07:09:52","slug":"atk-f1-extreme-wireless-mouse-leviatan-edition","status":"publish","type":"product","link":"https:\/\/halleffectkeyboard.com\/sv\/produkt\/atk-f1-extreme-tradlos-mus-leviatan-edition\/","title":{"rendered":"ATK F1 Extreme tr\u00e5dl\u00f6s mus \u2013 LEVIATAN-utg\u00e5va"},"content":{"rendered":"<h1>ATK F1 Extreme tr\u00e5dl\u00f6s mus \u2013 LEVIATAN-utg\u00e5va<\/h1>\n<h2>Den ultimata spelmusen med eget varum\u00e4rke f\u00f6r e-sportproffs<br \/>\n<img loading=\"lazy\" decoding=\"async\" class=\"alignnone size-full wp-image-5271\" src=\"https:\/\/halleffectkeyboard.com\/wp-content\/uploads\/2026\/05\/1-9-scaled.jpg\" alt=\"ATK F1 Extreme Wireless Mouse - LEVIATAN Edition\" width=\"2560\" height=\"1437\" srcset=\"https:\/\/halleffectkeyboard.com\/wp-content\/uploads\/2026\/05\/1-9-scaled.jpg 2560w, https:\/\/halleffectkeyboard.com\/wp-content\/uploads\/2026\/05\/1-9-300x168.jpg 300w, https:\/\/halleffectkeyboard.com\/wp-content\/uploads\/2026\/05\/1-9-1024x575.jpg 1024w, https:\/\/halleffectkeyboard.com\/wp-content\/uploads\/2026\/05\/1-9-768x431.jpg 768w, https:\/\/halleffectkeyboard.com\/wp-content\/uploads\/2026\/05\/1-9-1536x862.jpg 1536w, https:\/\/halleffectkeyboard.com\/wp-content\/uploads\/2026\/05\/1-9-2048x1150.jpg 2048w, https:\/\/halleffectkeyboard.com\/wp-content\/uploads\/2026\/05\/1-9-18x10.jpg 18w, https:\/\/halleffectkeyboard.com\/wp-content\/uploads\/2026\/05\/1-9-1200x674.jpg 1200w\" sizes=\"auto, (max-width: 2560px) 100vw, 2560px\" data-no-translation=\"\" \/><\/h2>\n<p>Upplev toppen av t\u00e4vlingsinriktat spelande med <strong>ATK F1 Extreme tr\u00e5dl\u00f6s mus \u2013 LEVIATAN-utg\u00e5va<\/strong>. F\u00f6dd ur en exklusiv <strong>LEVIATAN-samarbetet<\/strong>, denna exklusiva <strong>Tr\u00e5dl\u00f6s e-sportmus<\/strong> kombinerar f\u00f6rstklassig h\u00e5rdvara med en ultral\u00e4tt ergonomisk design. Som den officiella <strong>Leviatan Team spelmus<\/strong>, den <strong>ATK Blazing Sky F1 Extreme<\/strong> \u00e4r konstruerad f\u00f6r att leverera exakt sp\u00e5rning, ultral\u00e5g latens och komfort hela dagen f\u00f6r b\u00e5de professionella spelare och FPS-entusiaster.<\/p>\n<h2><img loading=\"lazy\" decoding=\"async\" class=\"alignnone size-full wp-image-5274\" src=\"https:\/\/halleffectkeyboard.com\/wp-content\/uploads\/2026\/05\/4-9-scaled.jpg\" alt=\"ATK F1 Extreme Wireless Mouse - LEVIATAN Edition\" width=\"2560\" height=\"1437\" srcset=\"https:\/\/halleffectkeyboard.com\/wp-content\/uploads\/2026\/05\/4-9-scaled.jpg 2560w, https:\/\/halleffectkeyboard.com\/wp-content\/uploads\/2026\/05\/4-9-300x168.jpg 300w, https:\/\/halleffectkeyboard.com\/wp-content\/uploads\/2026\/05\/4-9-1024x575.jpg 1024w, https:\/\/halleffectkeyboard.com\/wp-content\/uploads\/2026\/05\/4-9-768x431.jpg 768w, https:\/\/halleffectkeyboard.com\/wp-content\/uploads\/2026\/05\/4-9-1536x862.jpg 1536w, https:\/\/halleffectkeyboard.com\/wp-content\/uploads\/2026\/05\/4-9-2048x1150.jpg 2048w, https:\/\/halleffectkeyboard.com\/wp-content\/uploads\/2026\/05\/4-9-18x10.jpg 18w, https:\/\/halleffectkeyboard.com\/wp-content\/uploads\/2026\/05\/4-9-1200x674.jpg 1200w\" sizes=\"auto, (max-width: 2560px) 100vw, 2560px\" data-no-translation=\"\" \/><br \/>\nO\u00f6vertr\u00e4ffad k\u00e4rnprestanda och h\u00e5rdvara<\/h2>\n<ul>\n<li><strong>Flaggskeppssensor PAW3950:<\/strong>\u00a0Dominera konkurrensen med branschledande\u00a0<strong>PAW3950-sensor<\/strong>. Detta\u00a0<strong>PAW3950 tr\u00e5dl\u00f6s mus<\/strong>\u00a0erbjuder inbyggd ultrah\u00f6g DPI, noll mark\u00f6racceleration och ingen sp\u00e5rningsavvikelse, vilket g\u00f6r den till den\u00a0<strong>b\u00e4sta musen f\u00f6r Valorant esports<\/strong>\u00a0d\u00e4r snabb siktning och mikrojusteringar \u00e4r avg\u00f6rande.<\/li>\n<li><strong>8K Hz tr\u00e5dl\u00f6s spelmus:<\/strong>\u00a0Missa aldrig en bildruta. Med en\u00a0<strong>8K polling rate mus \/ 8K dongel<\/strong>\u00a0uppst\u00e4llning, detta\u00a0<strong>PAW3950 8K tr\u00e5dl\u00f6s mus<\/strong>\u00a0garanterar en anslutning med extremt l\u00e5g latens och stabil signal\u00f6verf\u00f6ring.<\/li>\n<li><strong>N\u00e4sta generations kontrollchip:<\/strong>\u00a0Det inbyggda h\u00f6gkvalitativa huvudkontrollchippet s\u00e4kerst\u00e4ller extremt smidig mark\u00f6rsp\u00e5rning. Dessutom, som en\u00a0<strong>webbaserad spelmus med mjukvara<\/strong>, kan du enkelt anpassa DPI, polling rate och RGB-belysning utan \u00f6verfl\u00f6diga skrivbordsappar.<br \/>\n<img loading=\"lazy\" decoding=\"async\" class=\"alignnone size-full wp-image-5273\" src=\"https:\/\/halleffectkeyboard.com\/wp-content\/uploads\/2026\/05\/3-10-scaled.jpg\" alt=\"ATK F1 Extreme Wireless Mouse - LEVIATAN Edition\" width=\"2560\" height=\"1437\" srcset=\"https:\/\/halleffectkeyboard.com\/wp-content\/uploads\/2026\/05\/3-10-scaled.jpg 2560w, https:\/\/halleffectkeyboard.com\/wp-content\/uploads\/2026\/05\/3-10-300x168.jpg 300w, https:\/\/halleffectkeyboard.com\/wp-content\/uploads\/2026\/05\/3-10-1024x575.jpg 1024w, https:\/\/halleffectkeyboard.com\/wp-content\/uploads\/2026\/05\/3-10-768x431.jpg 768w, https:\/\/halleffectkeyboard.com\/wp-content\/uploads\/2026\/05\/3-10-1536x862.jpg 1536w, https:\/\/halleffectkeyboard.com\/wp-content\/uploads\/2026\/05\/3-10-2048x1150.jpg 2048w, https:\/\/halleffectkeyboard.com\/wp-content\/uploads\/2026\/05\/3-10-18x10.jpg 18w, https:\/\/halleffectkeyboard.com\/wp-content\/uploads\/2026\/05\/3-10-1200x674.jpg 1200w\" sizes=\"auto, (max-width: 2560px) 100vw, 2560px\" data-no-translation=\"\" \/><\/li>\n<\/ul>\n<h2>Ultral\u00e4tt ergonomi och exklusiv design<\/h2>\n<ul>\n<li><strong>35g ultral\u00e4tt spelmus:<\/strong>\u00a0Med en vikt p\u00e5 h\u00e4pnadsv\u00e4ckande 35 gram\u00a0<strong>35g spelmus<\/strong>\u00a0m\u00f6jligg\u00f6r enkel dragning och sn\u00e4rtning. Dess klassiska ergonomiska form f\u00f6r h\u00f6gerh\u00e4nta g\u00f6r den till den perfekta\u00a0<strong>l\u00e4tt mus f\u00f6r klogrepp<\/strong>\u00a0och ett ideal\u00a0<strong>spelmus med fingertoppsgrepp<\/strong>, vilket avsev\u00e4rt minskar handledstr\u00f6tthet.<br \/>\n<img loading=\"lazy\" decoding=\"async\" class=\"alignnone size-full wp-image-5272\" src=\"https:\/\/halleffectkeyboard.com\/wp-content\/uploads\/2026\/05\/2-9-scaled.jpg\" alt=\"ATK F1 Extreme Wireless Mouse - LEVIATAN Edition\" width=\"2560\" height=\"1437\" srcset=\"https:\/\/halleffectkeyboard.com\/wp-content\/uploads\/2026\/05\/2-9-scaled.jpg 2560w, https:\/\/halleffectkeyboard.com\/wp-content\/uploads\/2026\/05\/2-9-300x168.jpg 300w, https:\/\/halleffectkeyboard.com\/wp-content\/uploads\/2026\/05\/2-9-1024x575.jpg 1024w, https:\/\/halleffectkeyboard.com\/wp-content\/uploads\/2026\/05\/2-9-768x431.jpg 768w, https:\/\/halleffectkeyboard.com\/wp-content\/uploads\/2026\/05\/2-9-1536x862.jpg 1536w, https:\/\/halleffectkeyboard.com\/wp-content\/uploads\/2026\/05\/2-9-2048x1150.jpg 2048w, https:\/\/halleffectkeyboard.com\/wp-content\/uploads\/2026\/05\/2-9-18x10.jpg 18w, https:\/\/halleffectkeyboard.com\/wp-content\/uploads\/2026\/05\/2-9-1200x674.jpg 1200w\" sizes=\"auto, (max-width: 2560px) 100vw, 2560px\" data-no-translation=\"\" \/><\/li>\n<li><strong>Premium isk\u00e4nsla i finish:<\/strong>\u00a0Stick ut med det exklusiva\u00a0<strong>LEVIATAN-utg\u00e5va mus<\/strong>\u00a0estetisk. Den har ett anpassat f\u00e4rgschema, ikonisk co-branding och ett premium halkskydd\u00a0<strong>Isk\u00e4nslan av finish<\/strong>. Denna svettbest\u00e4ndiga\u00a0<strong>isbel\u00e4ggning spelmus<\/strong>\u00a0garanterar ett fast grepp under intensiva matcher.<\/li>\n<li><strong>H\u00e5llbara optiska brytare:<\/strong>\u00a0Byggd som en h\u00f6gpresterande\u00a0<strong>optiska switchar tr\u00e5dl\u00f6s mus<\/strong>, den ger skarp klick\u00e5terkoppling, snabb \u00e5terh\u00e4mtning och en f\u00f6rl\u00e4ngd livsl\u00e4ngd f\u00f6r kontinuerligt snabbt klickande.<br \/>\n<img loading=\"lazy\" decoding=\"async\" class=\"alignnone size-full wp-image-5276\" src=\"https:\/\/halleffectkeyboard.com\/wp-content\/uploads\/2026\/05\/6-4-scaled.jpg\" alt=\"ATK F1 Extreme Wireless Mouse - LEVIATAN Edition\" width=\"2560\" height=\"1437\" srcset=\"https:\/\/halleffectkeyboard.com\/wp-content\/uploads\/2026\/05\/6-4-scaled.jpg 2560w, https:\/\/halleffectkeyboard.com\/wp-content\/uploads\/2026\/05\/6-4-300x168.jpg 300w, https:\/\/halleffectkeyboard.com\/wp-content\/uploads\/2026\/05\/6-4-1024x575.jpg 1024w, https:\/\/halleffectkeyboard.com\/wp-content\/uploads\/2026\/05\/6-4-768x431.jpg 768w, https:\/\/halleffectkeyboard.com\/wp-content\/uploads\/2026\/05\/6-4-1536x862.jpg 1536w, https:\/\/halleffectkeyboard.com\/wp-content\/uploads\/2026\/05\/6-4-2048x1150.jpg 2048w, https:\/\/halleffectkeyboard.com\/wp-content\/uploads\/2026\/05\/6-4-18x10.jpg 18w, https:\/\/halleffectkeyboard.com\/wp-content\/uploads\/2026\/05\/6-4-1200x674.jpg 1200w\" sizes=\"auto, (max-width: 2560px) 100vw, 2560px\" data-no-translation=\"\" \/><\/li>\n<\/ul>\n<h2>Sammanfattning av tekniska specifikationer<\/h2>\n<ul>\n<li><strong>Produkt:<\/strong>\u00a0<strong>ATK Blazing Sky F1<\/strong>\u00a0(Extrem utg\u00e5va)<\/li>\n<li><strong>Sensor:<\/strong>\u00a0PAW3950 Optisk sensor<\/li>\n<li><strong>Vikt:<\/strong>\u00a035 g<\/li>\n<li><strong>Valfrekvens:<\/strong>\u00a0Upp till 8000Hz (8K-dongel ing\u00e5r)<\/li>\n<li><strong>Anslutning:<\/strong>\u00a02.4G tr\u00e5dl\u00f6st + tr\u00e5dbundet dubbell\u00e4ge<\/li>\n<li><strong>Batteri:<\/strong>\u00a0Uppladdningsbart batteri med h\u00f6g kapacitet och st\u00f6d f\u00f6r snabbladdning<\/li>\n<li><strong>Glider:<\/strong>\u00a0Premium ultrasl\u00e4ta PTFE-musf\u00f6tter<\/li>\n<li><strong>Kompatibilitet:<\/strong>\u00a0Plug-and-play f\u00f6r Windows, macOS och Linux<\/li>\n<\/ul>\n<h2><img loading=\"lazy\" decoding=\"async\" class=\"alignnone size-full wp-image-5275\" src=\"https:\/\/halleffectkeyboard.com\/wp-content\/uploads\/2026\/05\/5-8-scaled.jpg\" alt=\"ATK F1 Extreme Wireless Mouse - LEVIATAN Edition\" width=\"2560\" height=\"1437\" srcset=\"https:\/\/halleffectkeyboard.com\/wp-content\/uploads\/2026\/05\/5-8-scaled.jpg 2560w, https:\/\/halleffectkeyboard.com\/wp-content\/uploads\/2026\/05\/5-8-300x168.jpg 300w, https:\/\/halleffectkeyboard.com\/wp-content\/uploads\/2026\/05\/5-8-1024x575.jpg 1024w, https:\/\/halleffectkeyboard.com\/wp-content\/uploads\/2026\/05\/5-8-768x431.jpg 768w, https:\/\/halleffectkeyboard.com\/wp-content\/uploads\/2026\/05\/5-8-1536x862.jpg 1536w, https:\/\/halleffectkeyboard.com\/wp-content\/uploads\/2026\/05\/5-8-2048x1150.jpg 2048w, https:\/\/halleffectkeyboard.com\/wp-content\/uploads\/2026\/05\/5-8-18x10.jpg 18w, https:\/\/halleffectkeyboard.com\/wp-content\/uploads\/2026\/05\/5-8-1200x674.jpg 1200w\" sizes=\"auto, (max-width: 2560px) 100vw, 2560px\" data-no-translation=\"\" \/><br \/>\nUppgradera din installation idag<\/h2>\n<p>Redo att h\u00f6ja ditt spelande med exakt den utrustning som anv\u00e4nds av proffsen? Kolla in <strong>ATK Blazing Sky F1 Extreme pris<\/strong> och <strong>k\u00f6p ATK F1 Extreme Leviatan<\/strong> idag f\u00f6r att s\u00e4kra din del av esportshistoria. G\u00e5 med i elitspelarnas skara med <strong>ATK F1 Extreme tr\u00e5dl\u00f6s mus<\/strong>.<\/p>","protected":false},"excerpt":{"rendered":"<p>Upplev elitprestationer i esport med <strong>ATK F1 Extreme tr\u00e5dl\u00f6s mus \u2013 LEVIATAN-utg\u00e5va<\/strong>. Med en vikt p\u00e5 h\u00e4pnadsv\u00e4ckande 35 g har denna exklusiva spelmus fr\u00e5n ett annat varum\u00e4rke flaggskeppsmodell, PAW3950-sensorn, en polling rate p\u00e5 8K f\u00f6r ultral\u00e5g latens och en premium halkfri yta med Ice-Feeling-k\u00e4nsla. Utvecklad f\u00f6r professionella FPS-spelare som kr\u00e4ver ultimat precision och hastighet.<\/p>","protected":false},"featured_media":5266,"comment_status":"open","ping_status":"closed","template":"","meta":[],"product_brand":[226],"product_cat":[331],"product_tag":[499,338,498],"class_list":{"0":"post-5264","1":"product","2":"type-product","3":"status-publish","4":"has-post-thumbnail","6":"product_brand-atk","7":"product_cat-mouse","8":"product_tag-gaming-mouse","9":"product_tag-mouse","10":"product_tag-wireless-mouse","12":"first","13":"instock","14":"taxable","15":"shipping-taxable","16":"purchasable","17":"product-type-variable","18":"wvs-archive-product-wrapper"},"aioseo_notices":[],"ct_brands":[{"id":226,"name":"ATK","slug":"atk"}],"jetpack_sharing_enabled":true,"_links":{"self":[{"href":"https:\/\/halleffectkeyboard.com\/sv\/wp-json\/wp\/v2\/product\/5264","targetHints":{"allow":["GET"]}}],"collection":[{"href":"https:\/\/halleffectkeyboard.com\/sv\/wp-json\/wp\/v2\/product"}],"about":[{"href":"https:\/\/halleffectkeyboard.com\/sv\/wp-json\/wp\/v2\/types\/product"}],"replies":[{"embeddable":true,"href":"https:\/\/halleffectkeyboard.com\/sv\/wp-json\/wp\/v2\/comments?post=5264"}],"version-history":[{"count":3,"href":"https:\/\/halleffectkeyboard.com\/sv\/wp-json\/wp\/v2\/product\/5264\/revisions"}],"predecessor-version":[{"id":5279,"href":"https:\/\/halleffectkeyboard.com\/sv\/wp-json\/wp\/v2\/product\/5264\/revisions\/5279"}],"wp:featuredmedia":[{"embeddable":true,"href":"https:\/\/halleffectkeyboard.com\/sv\/wp-json\/wp\/v2\/media\/5266"}],"wp:attachment":[{"href":"https:\/\/halleffectkeyboard.com\/sv\/wp-json\/wp\/v2\/media?parent=5264"}],"wp:term":[{"taxonomy":"product_brand","embeddable":true,"href":"https:\/\/halleffectkeyboard.com\/sv\/wp-json\/wp\/v2\/product_brand?post=5264"},{"taxonomy":"product_cat","embeddable":true,"href":"https:\/\/halleffectkeyboard.com\/sv\/wp-json\/wp\/v2\/product_cat?post=5264"},{"taxonomy":"product_tag","embeddable":true,"href":"https:\/\/halleffectkeyboard.com\/sv\/wp-json\/wp\/v2\/product_tag?post=5264"}],"curies":[{"name":"wp","href":"https:\/\/api.w.org\/{rel}","templated":true}]}}