{"id":5243,"date":"2026-05-07T11:10:15","date_gmt":"2026-05-07T03:10:15","guid":{"rendered":"https:\/\/halleffectkeyboard.com\/?post_type=product&#038;p=5243"},"modified":"2026-05-07T17:09:50","modified_gmt":"2026-05-07T09:09:50","slug":"atk-99g-mouse-pad","status":"publish","type":"product","link":"https:\/\/halleffectkeyboard.com\/sv\/produkt\/atk-99g-musmatta\/","title":{"rendered":"ATK 99G musmatta"},"content":{"rendered":"<h1><strong>ATK 99G musmatta: Den ultimata XSoft e-sports-gamingmusmattan<br \/>\n<img loading=\"lazy\" decoding=\"async\" class=\"alignnone size-full wp-image-5256\" src=\"https:\/\/halleffectkeyboard.com\/wp-content\/uploads\/2026\/05\/1-7-scaled.jpg\" alt=\"ATK 99G Mouse Pad\" width=\"2560\" height=\"1437\" srcset=\"https:\/\/halleffectkeyboard.com\/wp-content\/uploads\/2026\/05\/1-7-scaled.jpg 2560w, https:\/\/halleffectkeyboard.com\/wp-content\/uploads\/2026\/05\/1-7-300x168.jpg 300w, https:\/\/halleffectkeyboard.com\/wp-content\/uploads\/2026\/05\/1-7-1024x575.jpg 1024w, https:\/\/halleffectkeyboard.com\/wp-content\/uploads\/2026\/05\/1-7-768x431.jpg 768w, https:\/\/halleffectkeyboard.com\/wp-content\/uploads\/2026\/05\/1-7-1536x862.jpg 1536w, https:\/\/halleffectkeyboard.com\/wp-content\/uploads\/2026\/05\/1-7-2048x1150.jpg 2048w, https:\/\/halleffectkeyboard.com\/wp-content\/uploads\/2026\/05\/1-7-18x10.jpg 18w, https:\/\/halleffectkeyboard.com\/wp-content\/uploads\/2026\/05\/1-7-1200x674.jpg 1200w\" sizes=\"auto, (max-width: 2560px) 100vw, 2560px\" data-no-translation=\"\" \/><br \/>\n<\/strong><\/h1>\n<p>F\u00f6rh\u00f6j din spelupplevelse med <strong>ATK 99G<\/strong>, en toppklass <strong>Musmatta f\u00f6r e-sportspel<\/strong> designad f\u00f6r t\u00e4vlingsspelare och proffs. Oavsett om du sp\u00e5rar m\u00e5l i snabba skjutspel eller utf\u00f6r precisa klick i MOBA:er, \u00e4r detta <strong>ATK-musmatta<\/strong> levererar den perfekta blandningen av hastighet och kontroll. Om du vill <strong>K\u00f6p ATK 99G musmatta<\/strong>, investerar du i en premiumyta som omdefinierar din installation.<br \/>\n<img loading=\"lazy\" decoding=\"async\" class=\"alignnone size-full wp-image-5260\" src=\"https:\/\/halleffectkeyboard.com\/wp-content\/uploads\/2026\/05\/5-6-scaled.jpg\" alt=\"ATK 99G Mouse Pad\" width=\"2560\" height=\"1437\" srcset=\"https:\/\/halleffectkeyboard.com\/wp-content\/uploads\/2026\/05\/5-6-scaled.jpg 2560w, https:\/\/halleffectkeyboard.com\/wp-content\/uploads\/2026\/05\/5-6-300x168.jpg 300w, https:\/\/halleffectkeyboard.com\/wp-content\/uploads\/2026\/05\/5-6-1024x575.jpg 1024w, https:\/\/halleffectkeyboard.com\/wp-content\/uploads\/2026\/05\/5-6-768x431.jpg 768w, https:\/\/halleffectkeyboard.com\/wp-content\/uploads\/2026\/05\/5-6-1536x862.jpg 1536w, https:\/\/halleffectkeyboard.com\/wp-content\/uploads\/2026\/05\/5-6-2048x1150.jpg 2048w, https:\/\/halleffectkeyboard.com\/wp-content\/uploads\/2026\/05\/5-6-18x10.jpg 18w, https:\/\/halleffectkeyboard.com\/wp-content\/uploads\/2026\/05\/5-6-1200x674.jpg 1200w\" sizes=\"auto, (max-width: 2560px) 100vw, 2560px\" data-no-translation=\"\" \/><\/p>\n<h2><strong>O\u00f6vertr\u00e4ffad yta och kontroll<\/strong><\/h2>\n<p>I hj\u00e4rtat av <strong>ATK 99G<\/strong> \u00e4r en <strong>musmatta av premiumkompositfiber<\/strong> designen. Den <strong>kompositfiberyta<\/strong> erbjuder en hudv\u00e4nlig mikrofleecestruktur som garanterar en <strong>mjuk glidning<\/strong> samtidigt som <strong>balanserad stoppkraft<\/strong>. Detta g\u00f6r det till ett exceptionellt <strong>smidig glidkontrollplatta<\/strong> och det ultimata <strong>stoppande kraft spelmusmatta<\/strong>.<\/p>\n<p>F\u00f6r spelare som kr\u00e4ver konsekvens, <strong>ATK 99G<\/strong> \u00e4r ocks\u00e5 utformad som en <strong>fuktt\u00e5lig spelmusmatta<\/strong>, vilket s\u00e4kerst\u00e4ller att ditt sikte f\u00f6rblir felfritt oavsett v\u00e4der eller intensiva spelsessioner.<br \/>\n<img loading=\"lazy\" decoding=\"async\" class=\"alignnone size-full wp-image-5257\" src=\"https:\/\/halleffectkeyboard.com\/wp-content\/uploads\/2026\/05\/2-7-scaled.jpg\" alt=\"ATK 99G Mouse Pad\" width=\"2560\" height=\"1437\" srcset=\"https:\/\/halleffectkeyboard.com\/wp-content\/uploads\/2026\/05\/2-7-scaled.jpg 2560w, https:\/\/halleffectkeyboard.com\/wp-content\/uploads\/2026\/05\/2-7-300x168.jpg 300w, https:\/\/halleffectkeyboard.com\/wp-content\/uploads\/2026\/05\/2-7-1024x575.jpg 1024w, https:\/\/halleffectkeyboard.com\/wp-content\/uploads\/2026\/05\/2-7-768x431.jpg 768w, https:\/\/halleffectkeyboard.com\/wp-content\/uploads\/2026\/05\/2-7-1536x862.jpg 1536w, https:\/\/halleffectkeyboard.com\/wp-content\/uploads\/2026\/05\/2-7-2048x1150.jpg 2048w, https:\/\/halleffectkeyboard.com\/wp-content\/uploads\/2026\/05\/2-7-18x10.jpg 18w, https:\/\/halleffectkeyboard.com\/wp-content\/uploads\/2026\/05\/2-7-1200x674.jpg 1200w\" sizes=\"auto, (max-width: 2560px) 100vw, 2560px\" data-no-translation=\"\" \/><\/p>\n<h2><strong>Konstruerad f\u00f6r t\u00e4vlingsinriktat spelande<\/strong><\/h2>\n<p>Denna dyna anses allm\u00e4nt vara den <strong>b\u00e4sta musmatta f\u00f6r Valorant l\u00e5gk\u00e4nslighet<\/strong> och den <strong>b\u00e4sta musmattan f\u00f6r CS2<\/strong>. Som en dedikerad <strong>FPS-spelmusmatta<\/strong> och <strong>kontrollmusmatta f\u00f6r FPS-spel<\/strong>, den utm\u00e4rker sig i korta TTK (Time-to-Kill) scenarier som Apex Legends, CS:GO och Valorant.<\/p>\n<p>Inte bara f\u00f6r skyttar, dess m\u00e5ngsidighet g\u00f6r den till ett utm\u00e4rkt val <strong>MOBA-musmatta<\/strong>. F\u00f6r spelare som f\u00f6redrar breda armr\u00f6relser, detta <strong>stor spelmusmatta<\/strong> st\u00f6der <strong>Spel med l\u00e5g DPI<\/strong> utan anstr\u00e4ngning. Som en <strong>stor esports-musmatta 490\u00d7420<\/strong>, det ger gott om plats f\u00f6r b\u00e5de arm- och handledssiktare.<br \/>\n<img loading=\"lazy\" decoding=\"async\" class=\"alignnone size-full wp-image-5259\" src=\"https:\/\/halleffectkeyboard.com\/wp-content\/uploads\/2026\/05\/4-7-scaled.jpg\" alt=\"ATK 99G Mouse Pad\" width=\"2560\" height=\"1437\" srcset=\"https:\/\/halleffectkeyboard.com\/wp-content\/uploads\/2026\/05\/4-7-scaled.jpg 2560w, https:\/\/halleffectkeyboard.com\/wp-content\/uploads\/2026\/05\/4-7-300x168.jpg 300w, https:\/\/halleffectkeyboard.com\/wp-content\/uploads\/2026\/05\/4-7-1024x575.jpg 1024w, https:\/\/halleffectkeyboard.com\/wp-content\/uploads\/2026\/05\/4-7-768x431.jpg 768w, https:\/\/halleffectkeyboard.com\/wp-content\/uploads\/2026\/05\/4-7-1536x862.jpg 1536w, https:\/\/halleffectkeyboard.com\/wp-content\/uploads\/2026\/05\/4-7-2048x1150.jpg 2048w, https:\/\/halleffectkeyboard.com\/wp-content\/uploads\/2026\/05\/4-7-18x10.jpg 18w, https:\/\/halleffectkeyboard.com\/wp-content\/uploads\/2026\/05\/4-7-1200x674.jpg 1200w\" sizes=\"auto, (max-width: 2560px) 100vw, 2560px\" data-no-translation=\"\" \/><\/p>\n<h2><strong>Premiumbas och h\u00e5llbarhet<\/strong><\/h2>\n<p>Finns i Air- och Carbon-versioner. <strong>ATK 99G<\/strong> har en anpassad <strong>XSoft basmusmatta<\/strong> formel. Kolfiberversionerna anv\u00e4nder en h\u00f6gkvalitativ koreansk polyuretanbas (PU), vilket g\u00f6r att den fungerar precis som en premiummodell <strong>Poronbase gaming musmatta<\/strong> med otroliga halkskyddande egenskaper.<\/p>\n<p>H\u00e5llbarheten garanteras med precisionss\u00f6mmar under ytan. Som en h\u00f6gkvalitativ <strong>Gamingmusmatta med sydda kanter<\/strong>, kanterna sitter under ytan f\u00f6r att f\u00f6rhindra att den fransar sig och s\u00e4kerst\u00e4lla att den aldrig irriterar armen under l\u00e5nga sessioner.<br \/>\n<img loading=\"lazy\" decoding=\"async\" class=\"alignnone size-full wp-image-5261\" src=\"https:\/\/halleffectkeyboard.com\/wp-content\/uploads\/2026\/05\/6-3-scaled.jpg\" alt=\"ATK 99G Mouse Pad\" width=\"2560\" height=\"1437\" srcset=\"https:\/\/halleffectkeyboard.com\/wp-content\/uploads\/2026\/05\/6-3-scaled.jpg 2560w, https:\/\/halleffectkeyboard.com\/wp-content\/uploads\/2026\/05\/6-3-300x168.jpg 300w, https:\/\/halleffectkeyboard.com\/wp-content\/uploads\/2026\/05\/6-3-1024x575.jpg 1024w, https:\/\/halleffectkeyboard.com\/wp-content\/uploads\/2026\/05\/6-3-768x431.jpg 768w, https:\/\/halleffectkeyboard.com\/wp-content\/uploads\/2026\/05\/6-3-1536x862.jpg 1536w, https:\/\/halleffectkeyboard.com\/wp-content\/uploads\/2026\/05\/6-3-2048x1150.jpg 2048w, https:\/\/halleffectkeyboard.com\/wp-content\/uploads\/2026\/05\/6-3-18x10.jpg 18w, https:\/\/halleffectkeyboard.com\/wp-content\/uploads\/2026\/05\/6-3-1200x674.jpg 1200w\" sizes=\"auto, (max-width: 2560px) 100vw, 2560px\" data-no-translation=\"\" \/><\/p>\n<h2><strong>Hur j\u00e4mf\u00f6rs det?<\/strong><\/h2>\n<p>P\u00e5 den konkurrensutsatta marknaden f\u00f6r periferiprodukter, den <strong>ATK 99G recension<\/strong> konsensus \u00e4r \u00f6verv\u00e4ldigande positiv. N\u00e4r man tittar p\u00e5 <strong>ATK 99G mot Artisan Zero<\/strong>, m\u00e5nga entusiaster anser att ATK 99G \u00e4r den <strong>b\u00e4sta alternativet f\u00f6r hantverksm\u00e4ssig noll<\/strong> tillg\u00e4nglig idag, och erbjuder liknande premiumprestanda till ett mer \u00f6verkomligt pris.<\/p>\n<p>F\u00f6r de som diskuterar mellan mjukhetsniv\u00e5er, <strong>ATK 99G XSoft vs Mid<\/strong> Diskussioner f\u00f6respr\u00e5kar vanligtvis XSoft f\u00f6r dess \u00f6verl\u00e4gsna bromskraft och mjuka komfort. Dessutom, i j\u00e4mf\u00f6relser som <strong>ATK 99G j\u00e4mf\u00f6rt med Lethal Gaming Gear (LGG)<\/strong>, ATK 99G utm\u00e4rker sig f\u00f6r sin unika kompositfiberblandning och exceptionella v\u00e4rde. Varje <strong>Recension av ATK 99G musmatta<\/strong> framh\u00e4ver dess otroliga kostnads-prestanda-f\u00f6rh\u00e5llande.<br \/>\n<img loading=\"lazy\" decoding=\"async\" class=\"alignnone size-full wp-image-5262\" src=\"https:\/\/halleffectkeyboard.com\/wp-content\/uploads\/2026\/05\/7-3-scaled.jpg\" alt=\"ATK 99G Mouse Pad\" width=\"2560\" height=\"1437\" srcset=\"https:\/\/halleffectkeyboard.com\/wp-content\/uploads\/2026\/05\/7-3-scaled.jpg 2560w, https:\/\/halleffectkeyboard.com\/wp-content\/uploads\/2026\/05\/7-3-300x168.jpg 300w, https:\/\/halleffectkeyboard.com\/wp-content\/uploads\/2026\/05\/7-3-1024x575.jpg 1024w, https:\/\/halleffectkeyboard.com\/wp-content\/uploads\/2026\/05\/7-3-768x431.jpg 768w, https:\/\/halleffectkeyboard.com\/wp-content\/uploads\/2026\/05\/7-3-1536x862.jpg 1536w, https:\/\/halleffectkeyboard.com\/wp-content\/uploads\/2026\/05\/7-3-2048x1150.jpg 2048w, https:\/\/halleffectkeyboard.com\/wp-content\/uploads\/2026\/05\/7-3-18x10.jpg 18w, https:\/\/halleffectkeyboard.com\/wp-content\/uploads\/2026\/05\/7-3-1200x674.jpg 1200w\" sizes=\"auto, (max-width: 2560px) 100vw, 2560px\" data-no-translation=\"\" \/><\/p>\n<h2><strong>Produktspecifikationer<\/strong><\/h2>\n<ul>\n<li><strong>St\u00e4mpla:<\/strong>\u00a0<strong>ATK<\/strong><\/li>\n<li><strong>Modell:<\/strong>\u00a0<strong>ATK 99G<\/strong>\u00a0XSoft<\/li>\n<li><strong>Versioner:<\/strong>\u00a0Luft, kolfiber, proffs<\/li>\n<li><strong>F\u00e4rger:<\/strong>\u00a0Matcha Gr\u00f6n, Svart<\/li>\n<li><strong>M\u00e5tt:<\/strong>\u00a0<strong>490x420 mm musmatta<\/strong><\/li>\n<li><strong>Tjocklek:<\/strong>\u00a04 mm (Pro\/Kolfiber) \/ 4,5 \u00b1 0,5 mm (Luft)<\/li>\n<li><strong>Yta:<\/strong>\u00a0Mikrofleece-kompositfiber<\/li>\n<li><strong>Bas:<\/strong>\u00a0Koreansk PU-bas (Pro\/Kolfiber) \/ F\u00f6rtjockad halkfri gummi (Air)<\/li>\n<\/ul>\n<h2><strong>Sk\u00f6tsel och underh\u00e5ll<\/strong><\/h2>\n<p>F\u00f6r att beh\u00e5lla din <strong>b\u00e4sta XSoft-spelmusmattan<\/strong> i perfekt skick:<\/p>\n<ul>\n<li>Undvik att uts\u00e4tta musmattan f\u00f6r h\u00f6ga temperaturer eller extrem luftfuktighet.<\/li>\n<li><strong>Reng\u00f6ring:<\/strong>\u00a0Torka f\u00f6rsiktigt av ytan med en l\u00e4tt fuktig trasa eller alkoholfria v\u00e5tservetter.\u00a0<strong>Bl\u00f6tl\u00e4gg inte eller maskintv\u00e4tta.<\/strong><\/li>\n<li><em>Obs: En svag gummilukt vid uppackning \u00e4r normalt och f\u00f6rsvinner efter en kort ventilation.<\/em><\/li>\n<\/ul>\n<p><strong>Redo att uppgradera ditt m\u00e5l?<\/strong> N\u00f6j dig inte med mindre. Upplev den perfekta balansen mellan hastighet och kontroll idag med ATK 99G.<\/p>","protected":false},"excerpt":{"rendered":"<p>Upplev ultimat precision med <strong>ATK 99G XSoft Gamingmusmatta<\/strong>, konstruerad f\u00f6r t\u00e4vlingsinriktad e-sport.<\/p>\n<ul>\n<li><strong>Premiumyta:<\/strong>\u00a0Kompositfiberblandning f\u00f6r mjukt glid och balanserad stoppkraft.<\/li>\n<li><strong>XSoft-bas:<\/strong>\u00a0Otrolig halkfri stabilitet och mjuk komfort f\u00f6r l\u00e5nga sessioner.<\/li>\n<li><strong>Storlek p\u00e5 e-sport:<\/strong>\u00a0490x420 mm, vilket ger gott om utrymme f\u00f6r armsikte med l\u00e5g DPI.<\/li>\n<li><strong>H\u00e5llbar konstruktion:<\/strong>\u00a0Underliggande sydda kanter f\u00f6rhindrar fransning och irritation i handleden.<\/li>\n<\/ul>","protected":false},"featured_media":5250,"comment_status":"open","ping_status":"closed","template":"","meta":[],"product_brand":[226],"product_cat":[553],"product_tag":[555,554],"class_list":{"0":"post-5243","1":"product","2":"type-product","3":"status-publish","4":"has-post-thumbnail","6":"product_brand-atk","7":"product_cat-mousepad","8":"product_tag-gaming-mousepad","9":"product_tag-mousepad","11":"first","12":"instock","13":"taxable","14":"shipping-taxable","15":"purchasable","16":"product-type-variable","17":"wvs-archive-product-wrapper"},"aioseo_notices":[],"ct_brands":[{"id":226,"name":"ATK","slug":"atk"}],"jetpack_sharing_enabled":true,"_links":{"self":[{"href":"https:\/\/halleffectkeyboard.com\/sv\/wp-json\/wp\/v2\/product\/5243","targetHints":{"allow":["GET"]}}],"collection":[{"href":"https:\/\/halleffectkeyboard.com\/sv\/wp-json\/wp\/v2\/product"}],"about":[{"href":"https:\/\/halleffectkeyboard.com\/sv\/wp-json\/wp\/v2\/types\/product"}],"replies":[{"embeddable":true,"href":"https:\/\/halleffectkeyboard.com\/sv\/wp-json\/wp\/v2\/comments?post=5243"}],"version-history":[{"count":4,"href":"https:\/\/halleffectkeyboard.com\/sv\/wp-json\/wp\/v2\/product\/5243\/revisions"}],"predecessor-version":[{"id":5263,"href":"https:\/\/halleffectkeyboard.com\/sv\/wp-json\/wp\/v2\/product\/5243\/revisions\/5263"}],"wp:featuredmedia":[{"embeddable":true,"href":"https:\/\/halleffectkeyboard.com\/sv\/wp-json\/wp\/v2\/media\/5250"}],"wp:attachment":[{"href":"https:\/\/halleffectkeyboard.com\/sv\/wp-json\/wp\/v2\/media?parent=5243"}],"wp:term":[{"taxonomy":"product_brand","embeddable":true,"href":"https:\/\/halleffectkeyboard.com\/sv\/wp-json\/wp\/v2\/product_brand?post=5243"},{"taxonomy":"product_cat","embeddable":true,"href":"https:\/\/halleffectkeyboard.com\/sv\/wp-json\/wp\/v2\/product_cat?post=5243"},{"taxonomy":"product_tag","embeddable":true,"href":"https:\/\/halleffectkeyboard.com\/sv\/wp-json\/wp\/v2\/product_tag?post=5243"}],"curies":[{"name":"wp","href":"https:\/\/api.w.org\/{rel}","templated":true}]}}