{"id":5190,"date":"2026-05-06T16:37:36","date_gmt":"2026-05-06T08:37:36","guid":{"rendered":"https:\/\/halleffectkeyboard.com\/?post_type=product&#038;p=5190"},"modified":"2026-05-06T18:29:15","modified_gmt":"2026-05-06T10:29:15","slug":"atk-68-rx-hall-effect-keyboard","status":"publish","type":"product","link":"https:\/\/halleffectkeyboard.com\/sv\/produkt\/atk-68-rx-halleffekt-tangentbord\/","title":{"rendered":"ATK 68 RX Halleffektklaviatur"},"content":{"rendered":"<h1><strong>ATK 68 RX Halleffekttangentbord: Det ultimata speltangentbordet med 68 procents speleffekt<\/strong><\/h1>\n<p>F\u00f6rb\u00e4ttra din spel- och skrivupplevelse med <strong>ATK 68 RX<\/strong>, en premie <strong>halleffekt-tangentbord<\/strong> konstruerad f\u00f6r extremt l\u00e5g latens och responsivitet p\u00e5 esportniv\u00e5. Med en kompakt design <strong>68 tangentbordslayout<\/strong>, detta <strong>magnetiskt tangentbord<\/strong> tar bort on\u00f6diga tangenter f\u00f6r att spara v\u00e4rdefullt skrivbordsutrymme utan att offra funktionalitet. Oavsett om du \u00e4r en professionell spelare eller en daglig maskinskribent, levererar ATK 68 RX den perfekta blandningen av hastighet, precision och estetiskt tilltalande.<\/p>\n<h2><strong>Revolutionerande hastighet: Halleffekt och snabb trigger<\/strong><\/h2>\n<p>Kliv in i framtidens spelande med den senaste tekniken <strong>halleffektbrytare<\/strong>. Till skillnad fr\u00e5n traditionella mekaniska brytare, denna <strong>Magnetiskt tangentbord med omkopplare<\/strong> anv\u00e4nder magnetisk induktion, vilket eliminerar fysiskt kontaktslitage f\u00f6r en betydligt l\u00e4ngre livsl\u00e4ngd och konsekvent stabila avtryckare.<\/p>\n<p>Som en mycket anpassningsbar <strong>Justerbart tangentbord f\u00f6r aktiveringspunkt<\/strong>, l\u00e5ter den dig st\u00e4lla in anpassade h\u00f6ga och l\u00e5ga triggertr\u00f6sklar f\u00f6r att matcha din exakta spelstil. Kombinerat med en blixtsnabb <strong>8000 Hz pollingfrekvens<\/strong>, detta <strong>Rapid Trigger-tangentbord \/ RT-tangentbord<\/strong> garanterar svarstider i millisekunder. Det \u00e4r den ultimata <strong>FPS-speltangentbord<\/strong>, vilket g\u00f6r den till en exceptionell <strong>Valorant-tangentbord<\/strong>, <strong>osu! tangentbord<\/strong>, och <strong>Rytmspelstangentbord<\/strong>. Om du beh\u00f6ver en p\u00e5litlig <strong>tangentbord f\u00f6r snabba spel<\/strong>, ATK 68 RX s\u00e4kerst\u00e4ller att dina ing\u00e5ngar registreras utan f\u00f6rdr\u00f6jning.<\/p>\n<h2><strong>Optimerad 68-tangentbordslayout och premiumversion<\/strong><\/h2>\n<p>De <strong>68 procent tangentbordslayout<\/strong> \u00e4r mycket eftertraktad f\u00f6r sin perfekta balans mellan minimalistisk design och praktisk anv\u00e4ndning. Som en toppklass <strong>68 speltangentbord<\/strong>, den beh\u00e5ller viktiga pil- och navigeringstangenter (inklusive <strong>Standard hemtangent f\u00f6r 68-tangentbord<\/strong> konfigurationer), vilket g\u00f6r att den sticker ut bland andra <strong>68 tangentbord<\/strong> p\u00e5 marknaden.<\/p>\n<p>Byggd som en <strong>Toppmonterat magnetiskt tangentbord<\/strong> och f\u00f6rst\u00e4rkt med flerskiktad ljudabsorberande inv\u00e4ndig stoppning, erbjuder den en mjuk, vadderad skrivk\u00e4nsla med en ren, tillfredsst\u00e4llande akustisk profil \u2013 vilket f\u00f6rhindrar handtr\u00f6tthet under l\u00e5nga sessioner. Br\u00e4dan \u00e4r t\u00e4ckt med premiummaterial. <strong>Cherry-profil PBT-tangentknappar med sidotryck<\/strong>, vilket s\u00e4kerst\u00e4ller tydligt RGB-genomskinlighet samtidigt som det f\u00f6rblir mycket motst\u00e5ndskraftigt mot slitage, glans och blekning.<\/p>\n<h2><strong>Ultimat anpassningsbar design och hot-swap-funktion<\/strong><\/h2>\n<p>Dyk ner i personaliseringens v\u00e4rld med denna m\u00e5ngsidiga <strong>Anpassat tangentbord<\/strong>. Den har ett komplett hot-swap-kretskort med alla tangenter, kompatibelt med vanliga 3-stifts- och 5-stiftsbrytare, vilket g\u00f6r att du enkelt kan byta brytare och skr\u00e4ddarsy din skrivfeedback.<\/p>\n<p>F\u00f6rdjupa dig i ditt spelande med HD RGB-bakgrundsbelysning. Med 16,8 miljoner anpassningsbara f\u00e4rger, dynamiska ljuseffekter och musikrytml\u00e4gen kan du enkelt justera ljusstyrka och hastighet f\u00f6r att skapa den ultimata e-sportatmosf\u00e4ren.<\/p>\n<h2><strong>S\u00f6ml\u00f6s anslutning och kompatibilitet mellan plattformar<\/strong><\/h2>\n<p>Njut av den ultimata friheten med trippell\u00e4gesanslutning: Tr\u00e5dbunden, 2.4G tr\u00e5dl\u00f6s och Bluetooth. V\u00e4xla s\u00f6ml\u00f6st mellan din dator, surfplatta och smartphone. Tack vare v\u00e5rt egenutvecklade tr\u00e5dl\u00f6sa protokoll med l\u00e5g latens kan du uppleva laggfri prestanda i e-sportklass \u00e4ven i tr\u00e5dl\u00f6st l\u00e4ge. Drivs av ett litiumbatteri med h\u00f6g kapacitet och snabbladdningsfunktioner kan du spela i timmar med RGB-lamporna t\u00e4nda utan batterioro.<\/p>\n<p>Utformad f\u00f6r alla, detta \u00e4r en helt\u00e4ckande <strong>Mac- och Windows-kompatibelt speltangentbord<\/strong> som \u00e4ven st\u00f6der iOS och Android. Med den exklusiva drivrutinsprogramvaran kan du enkelt justera makroprogrammering, omprogrammera tangenter och anpassa belysningen. Tillsammans med finjusterade, skrammelfria stabilisatorer ger varje tangenttryckning o\u00f6vertr\u00e4ffad konsekvens.<\/p>\n<hr \/>\n<h3><strong>Varf\u00f6r v\u00e4lja ATK 68 RX?<\/strong><\/h3>\n<ul>\n<li><strong>O\u00f6vertr\u00e4ffad precision:<\/strong>\u00a0<strong>halleffekt-tangentbord<\/strong>\u00a0teknik med justerbar man\u00f6vrering.<\/li>\n<li><strong>Platsbesparande:<\/strong>\u00a0Optimerad\u00a0<strong>68 procent tangentbord<\/strong>\u00a0design f\u00f6r maximal musr\u00f6relse.<\/li>\n<li><strong>Redo f\u00f6r e-sport:<\/strong>\u00a0<strong>8000 Hz pollingfrekvens<\/strong>\u00a0och Rapid Trigger f\u00f6r konkurrensf\u00f6rdelar.<\/li>\n<li><strong>Premiummaterial:<\/strong>\u00a0<strong>Cherry-profil PBT-tangentknappar med sidotryck<\/strong>\u00a0och \u00f6verl\u00e4gsen akustik.<\/li>\n<li><strong>M\u00e5ngsidig:<\/strong>\u00a0En sann\u00a0<strong>Speltangentbord<\/strong>\u00a0som utm\u00e4rker sig i b\u00e5de arbete och fritid.<\/li>\n<\/ul>\n<p><strong>Uppgradera din installation idag med ATK 68 RX \u2013 d\u00e4r precision m\u00f6ter perfektion.<\/strong><\/p>","protected":false},"excerpt":{"rendered":"<p>Dominera dina spel med <strong>ATK 68 RX Halleffektklaviatur<\/strong>. Detta kompakta magnetiska speltangentbord 68% har Rapid Trigger-teknik, en ultrasnabb pollingfrekvens p\u00e5 8000 Hz och justerbara aktiveringspunkter f\u00f6r exakt precision. Med m\u00e5ngsidig tri-mode-anslutning, hot-swap-brytare och s\u00f6ml\u00f6s Mac\/Windows-kompatibilitet levererar det prestanda i e-sportklass i en elegant och platsbesparande design.<\/p>","protected":false},"featured_media":5214,"comment_status":"open","ping_status":"closed","template":"","meta":[],"product_brand":[226],"product_cat":[322,20],"product_tag":[58,22],"class_list":{"0":"post-5190","1":"product","2":"type-product","3":"status-publish","4":"has-post-thumbnail","6":"product_brand-atk","7":"product_cat-hall-effect-keyboard","8":"product_cat-keyboard","9":"product_tag-hall-effect-keyboard","10":"product_tag-keyboard","12":"first","13":"instock","14":"taxable","15":"shipping-taxable","16":"purchasable","17":"product-type-variable","18":"wvs-archive-product-wrapper"},"aioseo_notices":[],"ct_brands":[{"id":226,"name":"ATK","slug":"atk"}],"jetpack_sharing_enabled":true,"_links":{"self":[{"href":"https:\/\/halleffectkeyboard.com\/sv\/wp-json\/wp\/v2\/product\/5190","targetHints":{"allow":["GET"]}}],"collection":[{"href":"https:\/\/halleffectkeyboard.com\/sv\/wp-json\/wp\/v2\/product"}],"about":[{"href":"https:\/\/halleffectkeyboard.com\/sv\/wp-json\/wp\/v2\/types\/product"}],"replies":[{"embeddable":true,"href":"https:\/\/halleffectkeyboard.com\/sv\/wp-json\/wp\/v2\/comments?post=5190"}],"version-history":[{"count":1,"href":"https:\/\/halleffectkeyboard.com\/sv\/wp-json\/wp\/v2\/product\/5190\/revisions"}],"predecessor-version":[{"id":5192,"href":"https:\/\/halleffectkeyboard.com\/sv\/wp-json\/wp\/v2\/product\/5190\/revisions\/5192"}],"wp:featuredmedia":[{"embeddable":true,"href":"https:\/\/halleffectkeyboard.com\/sv\/wp-json\/wp\/v2\/media\/5214"}],"wp:attachment":[{"href":"https:\/\/halleffectkeyboard.com\/sv\/wp-json\/wp\/v2\/media?parent=5190"}],"wp:term":[{"taxonomy":"product_brand","embeddable":true,"href":"https:\/\/halleffectkeyboard.com\/sv\/wp-json\/wp\/v2\/product_brand?post=5190"},{"taxonomy":"product_cat","embeddable":true,"href":"https:\/\/halleffectkeyboard.com\/sv\/wp-json\/wp\/v2\/product_cat?post=5190"},{"taxonomy":"product_tag","embeddable":true,"href":"https:\/\/halleffectkeyboard.com\/sv\/wp-json\/wp\/v2\/product_tag?post=5190"}],"curies":[{"name":"wp","href":"https:\/\/api.w.org\/{rel}","templated":true}]}}