{"id":5030,"date":"2026-04-30T11:22:03","date_gmt":"2026-04-30T03:22:03","guid":{"rendered":"https:\/\/halleffectkeyboard.com\/?post_type=product&#038;p=5030"},"modified":"2026-04-30T14:04:03","modified_gmt":"2026-04-30T06:04:03","slug":"attack-shark-x3-wireless-gaming-mouse","status":"publish","type":"product","link":"https:\/\/halleffectkeyboard.com\/sv\/produkt\/attack-shark-x3-tradlos-spelmus\/","title":{"rendered":"ATTACK SHARK X3 Tr\u00e5dl\u00f6s Gamingmus"},"content":{"rendered":"<h1><img loading=\"lazy\" decoding=\"async\" class=\"alignnone size-full wp-image-5050\" src=\"https:\/\/halleffectkeyboard.com\/wp-content\/uploads\/2026\/04\/1-34-scaled.jpg\" alt=\"ATTACK SHARK X3 Wireless Gaming Mouse\" width=\"2560\" height=\"1049\" srcset=\"https:\/\/halleffectkeyboard.com\/wp-content\/uploads\/2026\/04\/1-34-scaled.jpg 2560w, https:\/\/halleffectkeyboard.com\/wp-content\/uploads\/2026\/04\/1-34-300x123.jpg 300w, https:\/\/halleffectkeyboard.com\/wp-content\/uploads\/2026\/04\/1-34-1024x420.jpg 1024w, https:\/\/halleffectkeyboard.com\/wp-content\/uploads\/2026\/04\/1-34-768x315.jpg 768w, https:\/\/halleffectkeyboard.com\/wp-content\/uploads\/2026\/04\/1-34-1536x630.jpg 1536w, https:\/\/halleffectkeyboard.com\/wp-content\/uploads\/2026\/04\/1-34-2048x840.jpg 2048w, https:\/\/halleffectkeyboard.com\/wp-content\/uploads\/2026\/04\/1-34-18x7.jpg 18w, https:\/\/halleffectkeyboard.com\/wp-content\/uploads\/2026\/04\/1-34-1200x492.jpg 1200w\" sizes=\"auto, (max-width: 2560px) 100vw, 2560px\" data-no-translation=\"\" \/><\/h1>\n<h1>Attack Shark X3 tr\u00e5dl\u00f6s spelmus: Den ultimata l\u00e4ttviktsprestanda<\/h1>\n<p>F\u00f6rh\u00f6j ditt spelande med <strong>Attackera hajen X3<\/strong>, den <strong>b\u00e4sta tr\u00e5dl\u00f6sa spelmusen<\/strong> F\u00f6r t\u00e4vlingsspelare som kr\u00e4ver snabbhet, precision och komfort. Utvecklad som en h\u00f6gpresterande <strong>l\u00e4tt spelmus<\/strong>, X3 v\u00e4ger bara 49 g, vilket g\u00f6r den till en toppmodell <strong>superl\u00e4tt spelmus<\/strong> som konkurrerar med premiumkonkurrenter utan premiumprislappen.<br \/>\n<img loading=\"lazy\" decoding=\"async\" class=\"alignnone size-full wp-image-5059\" src=\"https:\/\/halleffectkeyboard.com\/wp-content\/uploads\/2026\/04\/10-9-scaled.jpg\" alt=\"ATTACK SHARK X3 Wireless Gaming Mouse\" width=\"2560\" height=\"1049\" srcset=\"https:\/\/halleffectkeyboard.com\/wp-content\/uploads\/2026\/04\/10-9-scaled.jpg 2560w, https:\/\/halleffectkeyboard.com\/wp-content\/uploads\/2026\/04\/10-9-300x123.jpg 300w, https:\/\/halleffectkeyboard.com\/wp-content\/uploads\/2026\/04\/10-9-1024x420.jpg 1024w, https:\/\/halleffectkeyboard.com\/wp-content\/uploads\/2026\/04\/10-9-768x315.jpg 768w, https:\/\/halleffectkeyboard.com\/wp-content\/uploads\/2026\/04\/10-9-1536x630.jpg 1536w, https:\/\/halleffectkeyboard.com\/wp-content\/uploads\/2026\/04\/10-9-2048x840.jpg 2048w, https:\/\/halleffectkeyboard.com\/wp-content\/uploads\/2026\/04\/10-9-18x7.jpg 18w, https:\/\/halleffectkeyboard.com\/wp-content\/uploads\/2026\/04\/10-9-1200x492.jpg 1200w\" sizes=\"auto, (max-width: 2560px) 100vw, 2560px\" data-no-translation=\"\" \/><\/p>\n<h3>Precisionsteknik m\u00f6ter prestanda i proffsklass<\/h3>\n<p>I hj\u00e4rtat av detta <strong>PAW3395 spelmus<\/strong> ligger flaggskeppssensorn PAW3395, som levererar h\u00e4pnadsv\u00e4ckande 26000 DPI f\u00f6r o\u00f6vertr\u00e4ffad precision. Oavsett om du flikar i CS:GO, sp\u00e5rar i Valorant eller dominerar i MOBA-titlar, detta <strong>h\u00f6g precisionsmus<\/strong> s\u00e4kerst\u00e4ller att varje r\u00f6relse \u00e4r pixelperfekt.<br \/>\n<img loading=\"lazy\" decoding=\"async\" class=\"alignnone size-full wp-image-5051\" src=\"https:\/\/halleffectkeyboard.com\/wp-content\/uploads\/2026\/04\/2-30-scaled.jpg\" alt=\"ATTACK SHARK X3 Wireless Gaming Mouse\" width=\"2560\" height=\"1049\" srcset=\"https:\/\/halleffectkeyboard.com\/wp-content\/uploads\/2026\/04\/2-30-scaled.jpg 2560w, https:\/\/halleffectkeyboard.com\/wp-content\/uploads\/2026\/04\/2-30-300x123.jpg 300w, https:\/\/halleffectkeyboard.com\/wp-content\/uploads\/2026\/04\/2-30-1024x420.jpg 1024w, https:\/\/halleffectkeyboard.com\/wp-content\/uploads\/2026\/04\/2-30-768x315.jpg 768w, https:\/\/halleffectkeyboard.com\/wp-content\/uploads\/2026\/04\/2-30-1536x630.jpg 1536w, https:\/\/halleffectkeyboard.com\/wp-content\/uploads\/2026\/04\/2-30-2048x840.jpg 2048w, https:\/\/halleffectkeyboard.com\/wp-content\/uploads\/2026\/04\/2-30-18x7.jpg 18w, https:\/\/halleffectkeyboard.com\/wp-content\/uploads\/2026\/04\/2-30-1200x492.jpg 1200w\" sizes=\"auto, (max-width: 2560px) 100vw, 2560px\" data-no-translation=\"\" \/><\/p>\n<h3>O\u00f6vertr\u00e4ffad m\u00e5ngsidighet med Tri-Mode-anslutning<\/h3>\n<p>Upplev sann frihet med v\u00e5r <strong>tri-l\u00e4ges spelmus<\/strong> teknik. V\u00e4lj mellan ultrasnabb 2,4G tr\u00e5dl\u00f6s anslutning, Bluetooth eller tr\u00e5dbunden anslutning beroende p\u00e5 din installation. Som en m\u00e5ngsidig <strong>tr\u00e5dl\u00f6s och tr\u00e5dbunden mus<\/strong>, det \u00e4r det perfekta <strong>Tillbeh\u00f6r f\u00f6r PC-spelinstallation<\/strong> f\u00f6r b\u00e5de datorentusiaster och spelare p\u00e5 spr\u00e5ng.<br \/>\n<img loading=\"lazy\" decoding=\"async\" class=\"alignnone size-full wp-image-5053\" src=\"https:\/\/halleffectkeyboard.com\/wp-content\/uploads\/2026\/04\/4-31-scaled.jpg\" alt=\"ATTACK SHARK X3 Wireless Gaming Mouse\" width=\"2560\" height=\"1049\" srcset=\"https:\/\/halleffectkeyboard.com\/wp-content\/uploads\/2026\/04\/4-31-scaled.jpg 2560w, https:\/\/halleffectkeyboard.com\/wp-content\/uploads\/2026\/04\/4-31-300x123.jpg 300w, https:\/\/halleffectkeyboard.com\/wp-content\/uploads\/2026\/04\/4-31-1024x420.jpg 1024w, https:\/\/halleffectkeyboard.com\/wp-content\/uploads\/2026\/04\/4-31-768x315.jpg 768w, https:\/\/halleffectkeyboard.com\/wp-content\/uploads\/2026\/04\/4-31-1536x630.jpg 1536w, https:\/\/halleffectkeyboard.com\/wp-content\/uploads\/2026\/04\/4-31-2048x840.jpg 2048w, https:\/\/halleffectkeyboard.com\/wp-content\/uploads\/2026\/04\/4-31-18x7.jpg 18w, https:\/\/halleffectkeyboard.com\/wp-content\/uploads\/2026\/04\/4-31-1200x492.jpg 1200w\" sizes=\"auto, (max-width: 2560px) 100vw, 2560px\" data-no-translation=\"\" \/><\/p>\n<h3>Ergonomisk design och premiumkonstruktion<\/h3>\n<p>Attack Shark X3 har en sofistikerad, symmetrisk design utan bikakem\u00f6nster. Till skillnad fr\u00e5n andra l\u00e4ttviktsalternativ har den ett solidt, ergonomiskt skal som k\u00e4nns f\u00f6rstklassigt i handen.<br \/>\n<img loading=\"lazy\" decoding=\"async\" class=\"alignnone size-full wp-image-5052\" src=\"https:\/\/halleffectkeyboard.com\/wp-content\/uploads\/2026\/04\/3-30-scaled.jpg\" alt=\"ATTACK SHARK X3 Wireless Gaming Mouse\" width=\"2560\" height=\"1049\" srcset=\"https:\/\/halleffectkeyboard.com\/wp-content\/uploads\/2026\/04\/3-30-scaled.jpg 2560w, https:\/\/halleffectkeyboard.com\/wp-content\/uploads\/2026\/04\/3-30-300x123.jpg 300w, https:\/\/halleffectkeyboard.com\/wp-content\/uploads\/2026\/04\/3-30-1024x420.jpg 1024w, https:\/\/halleffectkeyboard.com\/wp-content\/uploads\/2026\/04\/3-30-768x315.jpg 768w, https:\/\/halleffectkeyboard.com\/wp-content\/uploads\/2026\/04\/3-30-1536x630.jpg 1536w, https:\/\/halleffectkeyboard.com\/wp-content\/uploads\/2026\/04\/3-30-2048x840.jpg 2048w, https:\/\/halleffectkeyboard.com\/wp-content\/uploads\/2026\/04\/3-30-18x7.jpg 18w, https:\/\/halleffectkeyboard.com\/wp-content\/uploads\/2026\/04\/3-30-1200x492.jpg 1200w\" sizes=\"auto, (max-width: 2560px) 100vw, 2560px\" data-no-translation=\"\" \/><\/p>\n<p><strong>F\u00f6rb\u00e4ttra ditt grepp med v\u00e5r specialanpassade halkfria grepptejp:<\/strong><\/p>\n<ul>\n<li><strong>Precisionsf\u00f6rsk\u00e4rning:<\/strong>\u00a0Speciellt utformad f\u00f6r X3, vilket garanterar en professionell passform som t\u00e4cker hela kroppen.<\/li>\n<li><strong>\u00d6verl\u00e4gsen kontroll:<\/strong>\u00a0Texturerat, svettabsorberande material f\u00f6rb\u00e4ttrar friktionen f\u00f6r intensiva spelsessioner.<\/li>\n<li><strong>Ultratunn:<\/strong>\u00a0Med bara 0,5 mm bibeh\u00e5ller den musens l\u00e5ga profil.<\/li>\n<li><strong>Restfri:<\/strong>\u00a0Med 3M-h\u00e4ft\u00e4mne sitter den s\u00e4kert och \u00e4r l\u00e4tt att ta av.<\/li>\n<\/ul>\n<h3>Varf\u00f6r v\u00e4lja Attack Shark X3?<\/h3>\n<ul>\n<li><strong>B\u00e4sta tr\u00e5dl\u00f6sa spelmusen i budgetklassen:<\/strong>\u00a0F\u00e5 flaggskeppsspecifikationer till en br\u00e5kdel av kostnaden. Det \u00e4r det ultimata\u00a0<strong>Logitech G Pro X Superlight-alternativ<\/strong>\u00a0och en direkt konkurrent till Razer Viper V2 Pro, Pulsar X2 och Lamzu Atlantis.<\/li>\n<li><strong>Pro-niv\u00e5brytare:<\/strong>\u00a0Utrustad med slitstarka Kailh GM 8.0-brytare f\u00f6r skarpa, taktila klick som varar.<\/li>\n<li><strong>Anpassningsbar:<\/strong>\u00a0Anv\u00e4nd\u00a0<strong>Attack Shark X3-programvara<\/strong>\u00a0f\u00f6r att mappa om knappar, justera makron och finjustera din prestanda.<\/li>\n<li><strong>Bred kompatibilitet:<\/strong>\u00a0Helt kompatibel som en\u00a0<strong>Windows-spelmus<\/strong>\u00a0och en\u00a0<strong>Mac-kompatibel tr\u00e5dl\u00f6s mus<\/strong>.<br \/>\n<img loading=\"lazy\" decoding=\"async\" class=\"alignnone size-full wp-image-5058\" src=\"https:\/\/halleffectkeyboard.com\/wp-content\/uploads\/2026\/04\/9-10-scaled.jpg\" alt=\"ATTACK SHARK X3 Wireless Gaming Mouse\" width=\"2560\" height=\"1049\" srcset=\"https:\/\/halleffectkeyboard.com\/wp-content\/uploads\/2026\/04\/9-10-scaled.jpg 2560w, https:\/\/halleffectkeyboard.com\/wp-content\/uploads\/2026\/04\/9-10-300x123.jpg 300w, https:\/\/halleffectkeyboard.com\/wp-content\/uploads\/2026\/04\/9-10-1024x420.jpg 1024w, https:\/\/halleffectkeyboard.com\/wp-content\/uploads\/2026\/04\/9-10-768x315.jpg 768w, https:\/\/halleffectkeyboard.com\/wp-content\/uploads\/2026\/04\/9-10-1536x630.jpg 1536w, https:\/\/halleffectkeyboard.com\/wp-content\/uploads\/2026\/04\/9-10-2048x840.jpg 2048w, https:\/\/halleffectkeyboard.com\/wp-content\/uploads\/2026\/04\/9-10-18x7.jpg 18w, https:\/\/halleffectkeyboard.com\/wp-content\/uploads\/2026\/04\/9-10-1200x492.jpg 1200w\" sizes=\"auto, (max-width: 2560px) 100vw, 2560px\" data-no-translation=\"\" \/><\/li>\n<\/ul>\n<h3>Tekniska specifikationer<\/h3>\n<ul>\n<li><strong>Vikt:<\/strong>\u00a049 g (Ultral\u00e4tt)<\/li>\n<li><strong>Sensor:<\/strong>\u00a0PAW3395 (26000 DPI)<\/li>\n<li><strong>V\u00e4xlar:<\/strong>\u00a0Kailh GM 8.0<\/li>\n<li><strong>F\u00f6rbindelse:<\/strong>\u00a02.4G \/ Bluetooth \/ Tr\u00e5dbunden<\/li>\n<li><strong>Batteri:<\/strong>\u00a0L\u00e5ng batteritid f\u00f6r l\u00e4ngre speltid<br \/>\n<img loading=\"lazy\" decoding=\"async\" class=\"alignnone size-full wp-image-5057\" src=\"https:\/\/halleffectkeyboard.com\/wp-content\/uploads\/2026\/04\/8-15-scaled.jpg\" alt=\"ATTACK SHARK X3 Wireless Gaming Mouse\" width=\"2560\" height=\"1049\" srcset=\"https:\/\/halleffectkeyboard.com\/wp-content\/uploads\/2026\/04\/8-15-scaled.jpg 2560w, https:\/\/halleffectkeyboard.com\/wp-content\/uploads\/2026\/04\/8-15-300x123.jpg 300w, https:\/\/halleffectkeyboard.com\/wp-content\/uploads\/2026\/04\/8-15-1024x420.jpg 1024w, https:\/\/halleffectkeyboard.com\/wp-content\/uploads\/2026\/04\/8-15-768x315.jpg 768w, https:\/\/halleffectkeyboard.com\/wp-content\/uploads\/2026\/04\/8-15-1536x630.jpg 1536w, https:\/\/halleffectkeyboard.com\/wp-content\/uploads\/2026\/04\/8-15-2048x840.jpg 2048w, https:\/\/halleffectkeyboard.com\/wp-content\/uploads\/2026\/04\/8-15-18x7.jpg 18w, https:\/\/halleffectkeyboard.com\/wp-content\/uploads\/2026\/04\/8-15-1200x492.jpg 1200w\" sizes=\"auto, (max-width: 2560px) 100vw, 2560px\" data-no-translation=\"\" \/><\/li>\n<\/ul>\n<p><strong>Paketet inkluderar:<\/strong> 1 x Attack Shark X3 spelmus 1 x Halkfri grepptejp f\u00f6r mus (6 delar) 1 x USB-mottagare och kabel <em>(Obs: Musen ing\u00e5r INTE separat i griptejpsetet; detta paket inkluderar musen och tejpsetet.)<br \/>\n<img loading=\"lazy\" decoding=\"async\" class=\"alignnone size-full wp-image-5054\" src=\"https:\/\/halleffectkeyboard.com\/wp-content\/uploads\/2026\/04\/5-30-scaled.jpg\" alt=\"ATTACK SHARK X3 Wireless Gaming Mouse\" width=\"2560\" height=\"1049\" srcset=\"https:\/\/halleffectkeyboard.com\/wp-content\/uploads\/2026\/04\/5-30-scaled.jpg 2560w, https:\/\/halleffectkeyboard.com\/wp-content\/uploads\/2026\/04\/5-30-300x123.jpg 300w, https:\/\/halleffectkeyboard.com\/wp-content\/uploads\/2026\/04\/5-30-1024x420.jpg 1024w, https:\/\/halleffectkeyboard.com\/wp-content\/uploads\/2026\/04\/5-30-768x315.jpg 768w, https:\/\/halleffectkeyboard.com\/wp-content\/uploads\/2026\/04\/5-30-1536x630.jpg 1536w, https:\/\/halleffectkeyboard.com\/wp-content\/uploads\/2026\/04\/5-30-2048x840.jpg 2048w, https:\/\/halleffectkeyboard.com\/wp-content\/uploads\/2026\/04\/5-30-18x7.jpg 18w, https:\/\/halleffectkeyboard.com\/wp-content\/uploads\/2026\/04\/5-30-1200x492.jpg 1200w\" sizes=\"auto, (max-width: 2560px) 100vw, 2560px\" data-no-translation=\"\" \/> <img loading=\"lazy\" decoding=\"async\" class=\"alignnone size-full wp-image-5055\" src=\"https:\/\/halleffectkeyboard.com\/wp-content\/uploads\/2026\/04\/6-18-scaled.jpg\" alt=\"ATTACK SHARK X3 Wireless Gaming Mouse\" width=\"2560\" height=\"1049\" srcset=\"https:\/\/halleffectkeyboard.com\/wp-content\/uploads\/2026\/04\/6-18-scaled.jpg 2560w, https:\/\/halleffectkeyboard.com\/wp-content\/uploads\/2026\/04\/6-18-300x123.jpg 300w, https:\/\/halleffectkeyboard.com\/wp-content\/uploads\/2026\/04\/6-18-1024x420.jpg 1024w, https:\/\/halleffectkeyboard.com\/wp-content\/uploads\/2026\/04\/6-18-768x315.jpg 768w, https:\/\/halleffectkeyboard.com\/wp-content\/uploads\/2026\/04\/6-18-1536x630.jpg 1536w, https:\/\/halleffectkeyboard.com\/wp-content\/uploads\/2026\/04\/6-18-2048x840.jpg 2048w, https:\/\/halleffectkeyboard.com\/wp-content\/uploads\/2026\/04\/6-18-18x7.jpg 18w, https:\/\/halleffectkeyboard.com\/wp-content\/uploads\/2026\/04\/6-18-1200x492.jpg 1200w\" sizes=\"auto, (max-width: 2560px) 100vw, 2560px\" data-no-translation=\"\" \/> <img loading=\"lazy\" decoding=\"async\" class=\"alignnone size-full wp-image-5056\" src=\"https:\/\/halleffectkeyboard.com\/wp-content\/uploads\/2026\/04\/7-15-scaled.jpg\" alt=\"ATTACK SHARK X3 Wireless Gaming Mouse\" width=\"2560\" height=\"1049\" srcset=\"https:\/\/halleffectkeyboard.com\/wp-content\/uploads\/2026\/04\/7-15-scaled.jpg 2560w, https:\/\/halleffectkeyboard.com\/wp-content\/uploads\/2026\/04\/7-15-300x123.jpg 300w, https:\/\/halleffectkeyboard.com\/wp-content\/uploads\/2026\/04\/7-15-1024x420.jpg 1024w, https:\/\/halleffectkeyboard.com\/wp-content\/uploads\/2026\/04\/7-15-768x315.jpg 768w, https:\/\/halleffectkeyboard.com\/wp-content\/uploads\/2026\/04\/7-15-1536x630.jpg 1536w, https:\/\/halleffectkeyboard.com\/wp-content\/uploads\/2026\/04\/7-15-2048x840.jpg 2048w, https:\/\/halleffectkeyboard.com\/wp-content\/uploads\/2026\/04\/7-15-18x7.jpg 18w, https:\/\/halleffectkeyboard.com\/wp-content\/uploads\/2026\/04\/7-15-1200x492.jpg 1200w\" sizes=\"auto, (max-width: 2560px) 100vw, 2560px\" data-no-translation=\"\" \/><br \/>\n<\/em><\/p>","protected":false},"excerpt":{"rendered":"<p><strong>Attack Shark X3: The Ultimate 49g Lightweight Wireless Gaming Mouse.<\/strong> Engineered with the flagship PAW3395 sensor and tri-mode connectivity, the X3 delivers pro-grade precision at a budget-friendly price. Experience elite performance, zero lag, and unmatched comfort in every match.<\/p>","protected":false},"featured_media":5031,"comment_status":"open","ping_status":"closed","template":"","meta":[],"product_brand":[411],"product_cat":[331],"product_tag":[499,338,498],"class_list":{"0":"post-5030","1":"product","2":"type-product","3":"status-publish","4":"has-post-thumbnail","6":"product_brand-attack-shark","7":"product_cat-mouse","8":"product_tag-gaming-mouse","9":"product_tag-mouse","10":"product_tag-wireless-mouse","12":"first","13":"instock","14":"taxable","15":"shipping-taxable","16":"purchasable","17":"product-type-variable","18":"wvs-archive-product-wrapper"},"aioseo_notices":[],"ct_brands":[{"id":411,"name":"ATTACK SHARK","slug":"attack-shark"}],"jetpack_sharing_enabled":true,"_links":{"self":[{"href":"https:\/\/halleffectkeyboard.com\/sv\/wp-json\/wp\/v2\/product\/5030","targetHints":{"allow":["GET"]}}],"collection":[{"href":"https:\/\/halleffectkeyboard.com\/sv\/wp-json\/wp\/v2\/product"}],"about":[{"href":"https:\/\/halleffectkeyboard.com\/sv\/wp-json\/wp\/v2\/types\/product"}],"replies":[{"embeddable":true,"href":"https:\/\/halleffectkeyboard.com\/sv\/wp-json\/wp\/v2\/comments?post=5030"}],"version-history":[{"count":4,"href":"https:\/\/halleffectkeyboard.com\/sv\/wp-json\/wp\/v2\/product\/5030\/revisions"}],"predecessor-version":[{"id":5060,"href":"https:\/\/halleffectkeyboard.com\/sv\/wp-json\/wp\/v2\/product\/5030\/revisions\/5060"}],"wp:featuredmedia":[{"embeddable":true,"href":"https:\/\/halleffectkeyboard.com\/sv\/wp-json\/wp\/v2\/media\/5031"}],"wp:attachment":[{"href":"https:\/\/halleffectkeyboard.com\/sv\/wp-json\/wp\/v2\/media?parent=5030"}],"wp:term":[{"taxonomy":"product_brand","embeddable":true,"href":"https:\/\/halleffectkeyboard.com\/sv\/wp-json\/wp\/v2\/product_brand?post=5030"},{"taxonomy":"product_cat","embeddable":true,"href":"https:\/\/halleffectkeyboard.com\/sv\/wp-json\/wp\/v2\/product_cat?post=5030"},{"taxonomy":"product_tag","embeddable":true,"href":"https:\/\/halleffectkeyboard.com\/sv\/wp-json\/wp\/v2\/product_tag?post=5030"}],"curies":[{"name":"wp","href":"https:\/\/api.w.org\/{rel}","templated":true}]}}