{"id":4996,"date":"2026-04-29T13:52:35","date_gmt":"2026-04-29T05:52:35","guid":{"rendered":"https:\/\/halleffectkeyboard.com\/?post_type=product&#038;p=4996"},"modified":"2026-04-29T14:47:29","modified_gmt":"2026-04-29T06:47:29","slug":"carbon-fiber-keycaps","status":"publish","type":"product","link":"https:\/\/halleffectkeyboard.com\/sv\/product\/carbon-fiber-keycaps\/","title":{"rendered":"Kolfibertangenter"},"content":{"rendered":"<h1>Kolfibertangenter \u2013 Smidd kolfiberutseende k\u00f6rsb\u00e4rsprofiltangentsats (119 tangenter)<br \/>\n<img loading=\"lazy\" decoding=\"async\" class=\"alignnone size-full wp-image-5011\" src=\"https:\/\/halleffectkeyboard.com\/wp-content\/uploads\/2026\/04\/5-28-scaled.jpg\" alt=\"Carbon Fiber Keycaps\" width=\"2560\" height=\"1049\" srcset=\"https:\/\/halleffectkeyboard.com\/wp-content\/uploads\/2026\/04\/5-28-scaled.jpg 2560w, https:\/\/halleffectkeyboard.com\/wp-content\/uploads\/2026\/04\/5-28-300x123.jpg 300w, https:\/\/halleffectkeyboard.com\/wp-content\/uploads\/2026\/04\/5-28-1024x420.jpg 1024w, https:\/\/halleffectkeyboard.com\/wp-content\/uploads\/2026\/04\/5-28-768x315.jpg 768w, https:\/\/halleffectkeyboard.com\/wp-content\/uploads\/2026\/04\/5-28-1536x630.jpg 1536w, https:\/\/halleffectkeyboard.com\/wp-content\/uploads\/2026\/04\/5-28-2048x840.jpg 2048w, https:\/\/halleffectkeyboard.com\/wp-content\/uploads\/2026\/04\/5-28-18x7.jpg 18w, https:\/\/halleffectkeyboard.com\/wp-content\/uploads\/2026\/04\/5-28-1200x492.jpg 1200w\" sizes=\"auto, (max-width: 2560px) 100vw, 2560px\" data-no-translation=\"\" \/><\/h1>\n<p>F\u00f6rb\u00e4ttra din mekaniska tangentbordsinstallation med v\u00e5r premiumklassificering <strong>Kolfibertangenter<\/strong>. Designad f\u00f6r entusiaster som kr\u00e4ver b\u00e5de stil och substans. <strong>119-tangenters tangentbordsknapp<\/strong> Setet har en sl\u00e5ende estetik i smidd kolfiber som f\u00f6rvandlar din arbetsyta till en elegant och professionell kommandocentral.<\/p>\n<h3>Premiumbygge och dold estetik<br \/>\n<img loading=\"lazy\" decoding=\"async\" class=\"alignnone size-full wp-image-5007\" src=\"https:\/\/halleffectkeyboard.com\/wp-content\/uploads\/2026\/04\/1-31-scaled.jpg\" alt=\"Carbon Fiber Keycaps\" width=\"2560\" height=\"1049\" srcset=\"https:\/\/halleffectkeyboard.com\/wp-content\/uploads\/2026\/04\/1-31-scaled.jpg 2560w, https:\/\/halleffectkeyboard.com\/wp-content\/uploads\/2026\/04\/1-31-300x123.jpg 300w, https:\/\/halleffectkeyboard.com\/wp-content\/uploads\/2026\/04\/1-31-1024x420.jpg 1024w, https:\/\/halleffectkeyboard.com\/wp-content\/uploads\/2026\/04\/1-31-768x315.jpg 768w, https:\/\/halleffectkeyboard.com\/wp-content\/uploads\/2026\/04\/1-31-1536x630.jpg 1536w, https:\/\/halleffectkeyboard.com\/wp-content\/uploads\/2026\/04\/1-31-2048x840.jpg 2048w, https:\/\/halleffectkeyboard.com\/wp-content\/uploads\/2026\/04\/1-31-18x7.jpg 18w, https:\/\/halleffectkeyboard.com\/wp-content\/uploads\/2026\/04\/1-31-1200x492.jpg 1200w\" sizes=\"auto, (max-width: 2560px) 100vw, 2560px\" data-no-translation=\"\" \/><\/h3>\n<p>Tillverkade av ett patentskyddat PC-material med koldioxidinfusion. <strong>Svarta tangentknappar<\/strong> erbjuder exceptionell strukturell integritet och slagt\u00e5lighet. Den unika smidda kolfiberfinishen ger en subtil och tillfredsst\u00e4llande textur som f\u00f6rb\u00e4ttrar ditt grepp och levererar en f\u00f6rstklassig taktil upplevelse vid varje tangenttryckning. Med sidotryckta texter som motst\u00e5r slitage och blekning, beh\u00e5ller ditt tangentbord ett rent, diskret och minimalistiskt utseende \u00f6ver tid.<br \/>\n<img loading=\"lazy\" decoding=\"async\" class=\"alignnone size-full wp-image-5008\" src=\"https:\/\/halleffectkeyboard.com\/wp-content\/uploads\/2026\/04\/2-27-scaled.jpg\" alt=\"Carbon Fiber Keycaps\" width=\"2560\" height=\"1049\" srcset=\"https:\/\/halleffectkeyboard.com\/wp-content\/uploads\/2026\/04\/2-27-scaled.jpg 2560w, https:\/\/halleffectkeyboard.com\/wp-content\/uploads\/2026\/04\/2-27-300x123.jpg 300w, https:\/\/halleffectkeyboard.com\/wp-content\/uploads\/2026\/04\/2-27-1024x420.jpg 1024w, https:\/\/halleffectkeyboard.com\/wp-content\/uploads\/2026\/04\/2-27-768x315.jpg 768w, https:\/\/halleffectkeyboard.com\/wp-content\/uploads\/2026\/04\/2-27-1536x630.jpg 1536w, https:\/\/halleffectkeyboard.com\/wp-content\/uploads\/2026\/04\/2-27-2048x840.jpg 2048w, https:\/\/halleffectkeyboard.com\/wp-content\/uploads\/2026\/04\/2-27-18x7.jpg 18w, https:\/\/halleffectkeyboard.com\/wp-content\/uploads\/2026\/04\/2-27-1200x492.jpg 1200w\" sizes=\"auto, (max-width: 2560px) 100vw, 2560px\" data-no-translation=\"\" \/><\/p>\n<h3>Ergonomisk design f\u00f6r topprestanda<\/h3>\n<p>Upplev ultimat komfort med v\u00e5r <strong>Smidda tangentk\u00e5por med k\u00f6rsb\u00e4rsprofil och kolfiberutseende<\/strong>. Den klassiska Cherry-profilen \u00e4r ergonomiskt skulpterad f\u00f6r att minska fingertr\u00f6tthet, vilket g\u00f6r den till det perfekta valet f\u00f6r l\u00e5nga spelsessioner eller ut\u00f6kade skrivuppgifter.<br \/>\n<img loading=\"lazy\" decoding=\"async\" class=\"alignnone size-full wp-image-5010\" src=\"https:\/\/halleffectkeyboard.com\/wp-content\/uploads\/2026\/04\/4-28-scaled.jpg\" alt=\"Carbon Fiber Keycaps\" width=\"2560\" height=\"1049\" srcset=\"https:\/\/halleffectkeyboard.com\/wp-content\/uploads\/2026\/04\/4-28-scaled.jpg 2560w, https:\/\/halleffectkeyboard.com\/wp-content\/uploads\/2026\/04\/4-28-300x123.jpg 300w, https:\/\/halleffectkeyboard.com\/wp-content\/uploads\/2026\/04\/4-28-1024x420.jpg 1024w, https:\/\/halleffectkeyboard.com\/wp-content\/uploads\/2026\/04\/4-28-768x315.jpg 768w, https:\/\/halleffectkeyboard.com\/wp-content\/uploads\/2026\/04\/4-28-1536x630.jpg 1536w, https:\/\/halleffectkeyboard.com\/wp-content\/uploads\/2026\/04\/4-28-2048x840.jpg 2048w, https:\/\/halleffectkeyboard.com\/wp-content\/uploads\/2026\/04\/4-28-18x7.jpg 18w, https:\/\/halleffectkeyboard.com\/wp-content\/uploads\/2026\/04\/4-28-1200x492.jpg 1200w\" sizes=\"auto, (max-width: 2560px) 100vw, 2560px\" data-no-translation=\"\" \/><\/p>\n<h3>Universell kompatibilitet<\/h3>\n<p>Denna m\u00e5ngsidiga <strong>119-tangenters tangentbordskompatibilitet med ANSI Layout MX Switches mekaniska tangentbord<\/strong> garanterar en s\u00f6ml\u00f6s uppgradering f\u00f6r de flesta inst\u00e4llningar. Setet inneh\u00e5ller 104 standardtangenter och 15 extratangenter, vilket ger fullt st\u00f6d f\u00f6r mekaniska tangentbord av typen 60%, 61%, 68%, 75%, 87%, 98% och 104-tangenters mekaniska tangentbord utrustade med MX-stem-brytare (korsformade brytare).<br \/>\n<img loading=\"lazy\" decoding=\"async\" class=\"alignnone size-full wp-image-5018\" src=\"https:\/\/halleffectkeyboard.com\/wp-content\/uploads\/2026\/04\/8-14-scaled.jpg\" alt=\"Carbon Fiber Keycaps\" width=\"2560\" height=\"1049\" srcset=\"https:\/\/halleffectkeyboard.com\/wp-content\/uploads\/2026\/04\/8-14-scaled.jpg 2560w, https:\/\/halleffectkeyboard.com\/wp-content\/uploads\/2026\/04\/8-14-300x123.jpg 300w, https:\/\/halleffectkeyboard.com\/wp-content\/uploads\/2026\/04\/8-14-1024x420.jpg 1024w, https:\/\/halleffectkeyboard.com\/wp-content\/uploads\/2026\/04\/8-14-768x315.jpg 768w, https:\/\/halleffectkeyboard.com\/wp-content\/uploads\/2026\/04\/8-14-1536x630.jpg 1536w, https:\/\/halleffectkeyboard.com\/wp-content\/uploads\/2026\/04\/8-14-2048x840.jpg 2048w, https:\/\/halleffectkeyboard.com\/wp-content\/uploads\/2026\/04\/8-14-18x7.jpg 18w, https:\/\/halleffectkeyboard.com\/wp-content\/uploads\/2026\/04\/8-14-1200x492.jpg 1200w\" sizes=\"auto, (max-width: 2560px) 100vw, 2560px\" data-no-translation=\"\" \/><\/p>\n<h3>Vad finns i l\u00e5dan?<\/h3>\n<ul>\n<li><strong>119 x kolfibertangenter<\/strong><\/li>\n<li><strong>Premiumf\u00f6rvaringsl\u00e5da:<\/strong>\u00a0H\u00e5ll dina reserv- eller inaktiva tangenter organiserade och skyddade i m\u00e5nga \u00e5r fram\u00f6ver.<\/li>\n<li><em>Obs: Tangentbordet som visas i images \u00e4r endast f\u00f6r demonstrations\u00e4ndam\u00e5l och ing\u00e5r inte.<br \/>\n<img loading=\"lazy\" decoding=\"async\" class=\"alignnone size-full wp-image-5009\" src=\"https:\/\/halleffectkeyboard.com\/wp-content\/uploads\/2026\/04\/3-27-scaled.jpg\" alt=\"Carbon Fiber Keycaps\" width=\"2560\" height=\"1049\" srcset=\"https:\/\/halleffectkeyboard.com\/wp-content\/uploads\/2026\/04\/3-27-scaled.jpg 2560w, https:\/\/halleffectkeyboard.com\/wp-content\/uploads\/2026\/04\/3-27-300x123.jpg 300w, https:\/\/halleffectkeyboard.com\/wp-content\/uploads\/2026\/04\/3-27-1024x420.jpg 1024w, https:\/\/halleffectkeyboard.com\/wp-content\/uploads\/2026\/04\/3-27-768x315.jpg 768w, https:\/\/halleffectkeyboard.com\/wp-content\/uploads\/2026\/04\/3-27-1536x630.jpg 1536w, https:\/\/halleffectkeyboard.com\/wp-content\/uploads\/2026\/04\/3-27-2048x840.jpg 2048w, https:\/\/halleffectkeyboard.com\/wp-content\/uploads\/2026\/04\/3-27-18x7.jpg 18w, https:\/\/halleffectkeyboard.com\/wp-content\/uploads\/2026\/04\/3-27-1200x492.jpg 1200w\" sizes=\"auto, (max-width: 2560px) 100vw, 2560px\" data-no-translation=\"\" \/><br \/>\n<\/em><\/li>\n<\/ul>\n<hr \/>\n<h3>Sammanfattning av viktiga funktioner:<\/h3>\n<ul>\n<li><strong>Material:<\/strong>\u00a0H\u00f6gh\u00e5llfast kolinfunderad PC-blandning.<\/li>\n<li><strong>Profil:<\/strong>\u00a0Ergonomisk k\u00f6rsb\u00e4rsprofil.<\/li>\n<li><strong>Design:<\/strong>\u00a0Smidd kolfiberestetik med sidotryckta texter.<\/li>\n<li><strong>Layout:<\/strong>\u00a0119-tangenters upps\u00e4ttning (st\u00f6d f\u00f6r ANSI-layout).<\/li>\n<li><strong>Kompatibilitet:<\/strong>\u00a0Passar de flesta mekaniska tangentbord med MX-stem-funktion (layouterna 60% till 104%).<\/li>\n<\/ul>\n<p><strong>Uppgradera din skrivupplevelse idag med den perfekta blandningen av h\u00e5llbarhet och avancerad design.<\/p>\n<p><\/strong><\/p>","protected":false},"excerpt":{"rendered":"<p>F\u00f6rb\u00e4ttra ditt mekaniska tangentbord med v\u00e5rt 119-tangenters kolfibertangentset. Med ett f\u00f6rstklassigt smidd kolfiberutseende, h\u00e5llbart kolfiberinfunderat PC-material och en ergonomisk Cherry-profil, erbjuder dessa sidotryckta svarta tangentbord en elegant, diskret estetik och ett \u00f6verl\u00e4gset taktilt grepp f\u00f6r alla ANSI-layout MX-switch-tangentbord.<\/p>","protected":false},"featured_media":5000,"comment_status":"open","ping_status":"closed","template":"","meta":[],"product_brand":[191],"product_cat":[134],"product_tag":[273,136],"class_list":{"0":"post-4996","1":"product","2":"type-product","3":"status-publish","4":"has-post-thumbnail","6":"product_brand-hek","7":"product_cat-keycaps","8":"product_tag-carbon-fiber-keycaps","9":"product_tag-keycaps","11":"first","12":"instock","13":"taxable","14":"shipping-taxable","15":"purchasable","16":"product-type-variable","17":"wvs-archive-product-wrapper"},"aioseo_notices":[],"ct_brands":[{"id":191,"name":"HEK","slug":"hek"}],"jetpack_sharing_enabled":true,"_links":{"self":[{"href":"https:\/\/halleffectkeyboard.com\/sv\/wp-json\/wp\/v2\/product\/4996","targetHints":{"allow":["GET"]}}],"collection":[{"href":"https:\/\/halleffectkeyboard.com\/sv\/wp-json\/wp\/v2\/product"}],"about":[{"href":"https:\/\/halleffectkeyboard.com\/sv\/wp-json\/wp\/v2\/types\/product"}],"replies":[{"embeddable":true,"href":"https:\/\/halleffectkeyboard.com\/sv\/wp-json\/wp\/v2\/comments?post=4996"}],"version-history":[{"count":4,"href":"https:\/\/halleffectkeyboard.com\/sv\/wp-json\/wp\/v2\/product\/4996\/revisions"}],"predecessor-version":[{"id":5019,"href":"https:\/\/halleffectkeyboard.com\/sv\/wp-json\/wp\/v2\/product\/4996\/revisions\/5019"}],"wp:featuredmedia":[{"embeddable":true,"href":"https:\/\/halleffectkeyboard.com\/sv\/wp-json\/wp\/v2\/media\/5000"}],"wp:attachment":[{"href":"https:\/\/halleffectkeyboard.com\/sv\/wp-json\/wp\/v2\/media?parent=4996"}],"wp:term":[{"taxonomy":"product_brand","embeddable":true,"href":"https:\/\/halleffectkeyboard.com\/sv\/wp-json\/wp\/v2\/product_brand?post=4996"},{"taxonomy":"product_cat","embeddable":true,"href":"https:\/\/halleffectkeyboard.com\/sv\/wp-json\/wp\/v2\/product_cat?post=4996"},{"taxonomy":"product_tag","embeddable":true,"href":"https:\/\/halleffectkeyboard.com\/sv\/wp-json\/wp\/v2\/product_tag?post=4996"}],"curies":[{"name":"wp","href":"https:\/\/api.w.org\/{rel}","templated":true}]}}