{"id":6125,"date":"2026-05-15T10:41:22","date_gmt":"2026-05-15T02:41:22","guid":{"rendered":"https:\/\/halleffectkeyboard.com\/?post_type=product&#038;p=6125"},"modified":"2026-05-15T11:03:32","modified_gmt":"2026-05-15T03:03:32","slug":"payson-klein-blue-semi-transparent-keycap","status":"publish","type":"product","link":"https:\/\/halleffectkeyboard.com\/pt\/produto\/tecla-payson-klein-azul-semitransparente\/","title":{"rendered":"Tecla semitransparente azul PAYSON Klein"},"content":{"rendered":"<h1><strong>Conjunto de teclas semitransparentes PAYSON Klein Blue<\/strong><\/h1>\n<h2><strong>Vis\u00e3o geral do produto<\/strong><\/h2>\n<p>Transforme seu teclado mec\u00e2nico com o impressionante <strong>Tecla Payson Klein Azul Semitransparente<\/strong> Conjunto. Projetado para entusiastas que desejam tanto uma est\u00e9tica arrojada quanto um desempenho funcional, este <strong>Teclas Klein Blue ABS<\/strong> Combine o ic\u00f4nico tom azul com detalhes semitransparentes. Seja para digitar ou jogar, este <strong>Conjunto de teclas Payson<\/strong> Cria um efeito visual impressionante. Fabricado com materiais de alta qualidade. <strong>Teclas de teclado em pl\u00e1stico ABS<\/strong> material com um <strong>Conjunto de teclas de altura OEM<\/strong> design, \u00e9 o perfeito <strong>Conjunto de teclas modulares para teclados personalizados<\/strong>, elevando qualquer configura\u00e7\u00e3o de mesa com seu visual moderno e sofisticado.<br \/>\n<img loading=\"lazy\" decoding=\"async\" class=\"alignnone size-full wp-image-6137\" src=\"https:\/\/halleffectkeyboard.com\/wp-content\/uploads\/2026\/05\/4-61-scaled.jpg\" alt=\"PAYSON Klein Blue Semi-Transparent Keycap\" width=\"2560\" height=\"1437\" srcset=\"https:\/\/halleffectkeyboard.com\/wp-content\/uploads\/2026\/05\/4-61-scaled.jpg 2560w, https:\/\/halleffectkeyboard.com\/wp-content\/uploads\/2026\/05\/4-61-300x168.jpg 300w, https:\/\/halleffectkeyboard.com\/wp-content\/uploads\/2026\/05\/4-61-1024x575.jpg 1024w, https:\/\/halleffectkeyboard.com\/wp-content\/uploads\/2026\/05\/4-61-768x431.jpg 768w, https:\/\/halleffectkeyboard.com\/wp-content\/uploads\/2026\/05\/4-61-1536x862.jpg 1536w, https:\/\/halleffectkeyboard.com\/wp-content\/uploads\/2026\/05\/4-61-2048x1150.jpg 2048w, https:\/\/halleffectkeyboard.com\/wp-content\/uploads\/2026\/05\/4-61-18x10.jpg 18w, https:\/\/halleffectkeyboard.com\/wp-content\/uploads\/2026\/05\/4-61-1200x674.jpg 1200w\" sizes=\"auto, (max-width: 2560px) 100vw, 2560px\" data-no-translation=\"\" \/><\/p>\n<h2><strong>Principais caracter\u00edsticas<\/strong><\/h2>\n<ul>\n<li><strong>Est\u00e9tica marcante em azul Klein:<\/strong>\u00a0O\u00a0<strong>Teclas Klein Blue vibrantes<\/strong>\u00a0Em conjunto com elementos semitransparentes, conferem um visual moderno e sofisticado ao seu teclado.\u00a0<strong>teclas elegantes semitransparentes<\/strong>\u00a0Com certeza far\u00e3o uma declara\u00e7\u00e3o ousada.<\/li>\n<li><strong>Constru\u00e7\u00e3o dur\u00e1vel em ABS:<\/strong>\u00a0Feitos com materiais de alta qualidade, estes\u00a0<strong>Teclas ABS lisas<\/strong>\u00a0Oferecem uma digita\u00e7\u00e3o confort\u00e1vel e resist\u00eancia ao desgaste. S\u00e3o\u00a0<strong>Teclas dur\u00e1veis de alta qualidade<\/strong>\u00a0Projetado para uso prolongado.<br \/>\n<img loading=\"lazy\" decoding=\"async\" class=\"alignnone size-full wp-image-6134\" src=\"https:\/\/halleffectkeyboard.com\/wp-content\/uploads\/2026\/05\/1-56-scaled.jpg\" alt=\"PAYSON Klein Blue Semi-Transparent Keycap\" width=\"2560\" height=\"1437\" srcset=\"https:\/\/halleffectkeyboard.com\/wp-content\/uploads\/2026\/05\/1-56-scaled.jpg 2560w, https:\/\/halleffectkeyboard.com\/wp-content\/uploads\/2026\/05\/1-56-300x168.jpg 300w, https:\/\/halleffectkeyboard.com\/wp-content\/uploads\/2026\/05\/1-56-1024x575.jpg 1024w, https:\/\/halleffectkeyboard.com\/wp-content\/uploads\/2026\/05\/1-56-768x431.jpg 768w, https:\/\/halleffectkeyboard.com\/wp-content\/uploads\/2026\/05\/1-56-1536x862.jpg 1536w, https:\/\/halleffectkeyboard.com\/wp-content\/uploads\/2026\/05\/1-56-2048x1150.jpg 2048w, https:\/\/halleffectkeyboard.com\/wp-content\/uploads\/2026\/05\/1-56-18x10.jpg 18w, https:\/\/halleffectkeyboard.com\/wp-content\/uploads\/2026\/05\/1-56-1200x674.jpg 1200w\" sizes=\"auto, (max-width: 2560px) 100vw, 2560px\" data-no-translation=\"\" \/><\/li>\n<li><strong>Lendas do caf\u00e9 duplo crocante:<\/strong>\u00a0Apresentando\u00a0<strong>Teclas semitransparentes de dupla inje\u00e7\u00e3o<\/strong>, o\u00a0<strong>Teclas moldadas por inje\u00e7\u00e3o dupla<\/strong>\u00a0O processo produz caracteres n\u00edtidos que n\u00e3o desbotam nem se desgastam com o tempo. Observe que estes s\u00e3o principalmente\u00a0<strong>teclas sem retroilumina\u00e7\u00e3o<\/strong>\u00a0para as lendas, mas os detalhes semitransparentes permitem uma transmiss\u00e3o de luz sutil.<br \/>\n<img loading=\"lazy\" decoding=\"async\" class=\"alignnone size-full wp-image-6135\" src=\"https:\/\/halleffectkeyboard.com\/wp-content\/uploads\/2026\/05\/2-63-scaled.jpg\" alt=\"PAYSON Klein Blue Semi-Transparent Keycap\" width=\"2560\" height=\"1437\" srcset=\"https:\/\/halleffectkeyboard.com\/wp-content\/uploads\/2026\/05\/2-63-scaled.jpg 2560w, https:\/\/halleffectkeyboard.com\/wp-content\/uploads\/2026\/05\/2-63-300x168.jpg 300w, https:\/\/halleffectkeyboard.com\/wp-content\/uploads\/2026\/05\/2-63-1024x575.jpg 1024w, https:\/\/halleffectkeyboard.com\/wp-content\/uploads\/2026\/05\/2-63-768x431.jpg 768w, https:\/\/halleffectkeyboard.com\/wp-content\/uploads\/2026\/05\/2-63-1536x862.jpg 1536w, https:\/\/halleffectkeyboard.com\/wp-content\/uploads\/2026\/05\/2-63-2048x1150.jpg 2048w, https:\/\/halleffectkeyboard.com\/wp-content\/uploads\/2026\/05\/2-63-18x10.jpg 18w, https:\/\/halleffectkeyboard.com\/wp-content\/uploads\/2026\/05\/2-63-1200x674.jpg 1200w\" sizes=\"auto, (max-width: 2560px) 100vw, 2560px\" data-no-translation=\"\" \/><\/li>\n<li><strong>Perfil OEM confort\u00e1vel:<\/strong>\u00a0Aproveitar\u00a0<strong>teclas ergon\u00f4micas para teclado mec\u00e2nico<\/strong>\u00a0com a altura padr\u00e3o do fabricante original. Estes\u00a0<strong>Teclas de teclado mec\u00e2nico com perfil OEM<\/strong>\u00a0Proporcionam um formato inclinado familiar, ideal tanto para o trabalho quanto para o lazer, tornando-os perfeitos para...\u00a0<strong>Teclas azuis para teclados gamer<\/strong>.<strong>Compatibilidade universal:<\/strong>\u00a0Esse\u00a0<strong>Kit de teclas ABS com 120 teclas<\/strong>\u00a0serve como um completo\u00a0<strong>Conjunto completo de 120 teclas<\/strong>, incluindo todas as teclas e modificadores essenciais. S\u00e3o extremamente vers\u00e1teis.\u00a0<strong>Teclas compat\u00edveis com 61\/68\/75\/87\/104<\/strong>, suportando layouts desde 60% at\u00e9 o tamanho completo.<br \/>\n<img loading=\"lazy\" decoding=\"async\" class=\"alignnone size-full wp-image-6136\" src=\"https:\/\/halleffectkeyboard.com\/wp-content\/uploads\/2026\/05\/3-63-scaled.jpg\" alt=\"PAYSON Klein Blue Semi-Transparent Keycap\" width=\"2560\" height=\"1437\" srcset=\"https:\/\/halleffectkeyboard.com\/wp-content\/uploads\/2026\/05\/3-63-scaled.jpg 2560w, https:\/\/halleffectkeyboard.com\/wp-content\/uploads\/2026\/05\/3-63-300x168.jpg 300w, https:\/\/halleffectkeyboard.com\/wp-content\/uploads\/2026\/05\/3-63-1024x575.jpg 1024w, https:\/\/halleffectkeyboard.com\/wp-content\/uploads\/2026\/05\/3-63-768x431.jpg 768w, https:\/\/halleffectkeyboard.com\/wp-content\/uploads\/2026\/05\/3-63-1536x862.jpg 1536w, https:\/\/halleffectkeyboard.com\/wp-content\/uploads\/2026\/05\/3-63-2048x1150.jpg 2048w, https:\/\/halleffectkeyboard.com\/wp-content\/uploads\/2026\/05\/3-63-18x10.jpg 18w, https:\/\/halleffectkeyboard.com\/wp-content\/uploads\/2026\/05\/3-63-1200x674.jpg 1200w\" sizes=\"auto, (max-width: 2560px) 100vw, 2560px\" data-no-translation=\"\" \/><\/li>\n<\/ul>\n<h2><strong>Especifica\u00e7\u00f5es<\/strong><\/h2>\n<table>\n<thead>\n<tr>\n<th>Recurso<\/th>\n<th>Detalhes<\/th>\n<\/tr>\n<\/thead>\n<tbody>\n<tr>\n<td><strong>Nome do produto<\/strong><\/td>\n<td><strong>Tecla Payson Klein Azul Semitransparente<\/strong><\/td>\n<\/tr>\n<tr>\n<td><strong>Marca<\/strong><\/td>\n<td>Payson<\/td>\n<\/tr>\n<tr>\n<td><strong>Material<\/strong><\/td>\n<td>Pl\u00e1stico ABS<\/td>\n<\/tr>\n<tr>\n<td><strong>Processo de fabrica\u00e7\u00e3o<\/strong><\/td>\n<td>Moldagem por inje\u00e7\u00e3o dupla<\/td>\n<\/tr>\n<tr>\n<td><strong>Altura da tecla<\/strong><\/td>\n<td>Perfil OEM (Original) \u2013\u00a0<strong>Teclas Payson com perfil OEM<\/strong><\/td>\n<\/tr>\n<tr>\n<td><strong>Quantidade<\/strong><\/td>\n<td><strong>Kit de teclas ABS com 120 teclas<\/strong>\u00a0(Conjunto completo pequeno)<\/td>\n<\/tr>\n<tr>\n<td><strong>Compatibilidade com luz de fundo<\/strong><\/td>\n<td>Legendas n\u00e3o transparentes (detalhes semitransparentes permitem uma leve transmiss\u00e3o de luz)<\/td>\n<\/tr>\n<tr>\n<td><strong>Compatibilidade<\/strong><\/td>\n<td>Compat\u00edvel com switches do tipo Cherry MX;\u00a0<strong>Teclas compat\u00edveis com 61\/68\/75\/87\/104<\/strong>\u00a0(Tamb\u00e9m suporta layouts 98\/100)<\/td>\n<\/tr>\n<\/tbody>\n<\/table>\n<p><img loading=\"lazy\" decoding=\"async\" class=\"alignnone size-full wp-image-6140\" src=\"https:\/\/halleffectkeyboard.com\/wp-content\/uploads\/2026\/05\/7-16-scaled.jpg\" alt=\"PAYSON Klein Blue Semi-Transparent Keycap\" width=\"2560\" height=\"1437\" srcset=\"https:\/\/halleffectkeyboard.com\/wp-content\/uploads\/2026\/05\/7-16-scaled.jpg 2560w, https:\/\/halleffectkeyboard.com\/wp-content\/uploads\/2026\/05\/7-16-300x168.jpg 300w, https:\/\/halleffectkeyboard.com\/wp-content\/uploads\/2026\/05\/7-16-1024x575.jpg 1024w, https:\/\/halleffectkeyboard.com\/wp-content\/uploads\/2026\/05\/7-16-768x431.jpg 768w, https:\/\/halleffectkeyboard.com\/wp-content\/uploads\/2026\/05\/7-16-1536x862.jpg 1536w, https:\/\/halleffectkeyboard.com\/wp-content\/uploads\/2026\/05\/7-16-2048x1150.jpg 2048w, https:\/\/halleffectkeyboard.com\/wp-content\/uploads\/2026\/05\/7-16-18x10.jpg 18w, https:\/\/halleffectkeyboard.com\/wp-content\/uploads\/2026\/05\/7-16-1200x674.jpg 1200w\" sizes=\"auto, (max-width: 2560px) 100vw, 2560px\" data-no-translation=\"\" \/><\/p>\n<h2><strong>Por que escolher este conjunto?<\/strong><\/h2>\n<ul>\n<li><strong>Lendas vibrantes e duradouras:<\/strong>\u00a0O\u00a0<strong>Teclas moldadas por inje\u00e7\u00e3o dupla<\/strong>\u00a0Garantir que os caracteres permane\u00e7am n\u00edtidos e claros, mesmo ap\u00f3s anos de uso intenso.<\/li>\n<li><strong>Conforto ergon\u00f4mico:<\/strong>\u00a0Como\u00a0<strong>Teclas de teclado mec\u00e2nico com perfil OEM<\/strong>, Elas proporcionam um formato natural e inclinado que reduz a fadiga dos dedos, tornando-as excelentes.\u00a0<strong>teclas ergon\u00f4micas para teclado mec\u00e2nico<\/strong>\u00a0para longas sess\u00f5es de digita\u00e7\u00e3o.<\/li>\n<li><strong>Design vers\u00e1til:<\/strong>\u00a0A cor vibrante chama a aten\u00e7\u00e3o, e como tal,\u00a0<strong>Tecla semitransparente<\/strong>\u00a0Ao definir o conjunto, os detalhes adicionam profundidade e interesse visual ao seu projeto.\u00a0<strong>Teclas azuis para teclado mec\u00e2nico<\/strong>\u00a0cole\u00e7\u00e3o.<\/li>\n<li><strong>Conjunto completo:<\/strong>\u00a0O\u00a0<strong>Conjunto completo de 120 teclas<\/strong>\u00a0Inclui todas as teclas e modificadores necess\u00e1rios, facilitando a personaliza\u00e7\u00e3o da maioria dos layouts de teclado mec\u00e2nico mais populares.<\/li>\n<\/ul>\n<h2><strong>O pacote inclui:<\/strong><\/h2>\n<ul>\n<li>1 \u00d7\u00a0<strong>Tecla Payson Klein Azul Semitransparente<\/strong>\u00a0Conjunto (120 teclas)<\/li>\n<\/ul>\n<p><em>(Observa\u00e7\u00e3o: teclado, switches e outros acess\u00f3rios n\u00e3o est\u00e3o inclu\u00eddos.)<\/em><\/p>\n<h2><strong>Observa\u00e7\u00f5es importantes:<\/strong><\/h2>\n<ul>\n<li>Este conjunto inclui apenas as teclas; nenhum teclado ou outros componentes est\u00e3o inclu\u00eddos.<\/li>\n<li>Pequenas varia\u00e7\u00f5es de cor podem ocorrer devido \u00e0s diferentes configura\u00e7\u00f5es de tela.<\/li>\n<li>Verifique a compatibilidade com o layout do seu teclado antes de comprar.<\/li>\n<\/ul>","protected":false},"excerpt":{"rendered":"<ul>\n<li><strong>Est\u00e9tica impressionante:<\/strong>\u00a0Azul Klein vibrante com detalhes modernos semitransparentes.<\/li>\n<li><strong>Vers\u00e3o Premium:<\/strong>\u00a0Pl\u00e1stico ABS dur\u00e1vel com legendas de dupla inje\u00e7\u00e3o resistentes ao desbotamento.<\/li>\n<li><strong>Conforto ergon\u00f4mico:<\/strong>\u00a0Perfil OEM padr\u00e3o para digita\u00e7\u00e3o e jogos sem fadiga.<\/li>\n<li><strong>Ajuste universal:<\/strong>\u00a0Teclado de 120 teclas compat\u00edvel com a maioria dos layouts de 61\/68\/75\/87\/98\/104 teclas.<\/li>\n<\/ul>","protected":false},"featured_media":6131,"comment_status":"open","ping_status":"closed","template":"","meta":[],"product_brand":[678],"product_cat":[134],"product_tag":[136,374],"class_list":{"0":"post-6125","1":"product","2":"type-product","3":"status-publish","4":"has-post-thumbnail","6":"product_brand-payson","7":"product_cat-keycaps","8":"product_tag-keycaps","9":"product_tag-translucent-keycaps","11":"first","12":"instock","13":"taxable","14":"shipping-taxable","15":"purchasable","16":"product-type-variable","17":"wvs-archive-product-wrapper"},"aioseo_notices":[],"ct_brands":[{"id":678,"name":"PAYSON","slug":"payson"}],"jetpack_sharing_enabled":true,"_links":{"self":[{"href":"https:\/\/halleffectkeyboard.com\/pt\/wp-json\/wp\/v2\/product\/6125","targetHints":{"allow":["GET"]}}],"collection":[{"href":"https:\/\/halleffectkeyboard.com\/pt\/wp-json\/wp\/v2\/product"}],"about":[{"href":"https:\/\/halleffectkeyboard.com\/pt\/wp-json\/wp\/v2\/types\/product"}],"replies":[{"embeddable":true,"href":"https:\/\/halleffectkeyboard.com\/pt\/wp-json\/wp\/v2\/comments?post=6125"}],"version-history":[{"count":3,"href":"https:\/\/halleffectkeyboard.com\/pt\/wp-json\/wp\/v2\/product\/6125\/revisions"}],"predecessor-version":[{"id":6142,"href":"https:\/\/halleffectkeyboard.com\/pt\/wp-json\/wp\/v2\/product\/6125\/revisions\/6142"}],"wp:featuredmedia":[{"embeddable":true,"href":"https:\/\/halleffectkeyboard.com\/pt\/wp-json\/wp\/v2\/media\/6131"}],"wp:attachment":[{"href":"https:\/\/halleffectkeyboard.com\/pt\/wp-json\/wp\/v2\/media?parent=6125"}],"wp:term":[{"taxonomy":"product_brand","embeddable":true,"href":"https:\/\/halleffectkeyboard.com\/pt\/wp-json\/wp\/v2\/product_brand?post=6125"},{"taxonomy":"product_cat","embeddable":true,"href":"https:\/\/halleffectkeyboard.com\/pt\/wp-json\/wp\/v2\/product_cat?post=6125"},{"taxonomy":"product_tag","embeddable":true,"href":"https:\/\/halleffectkeyboard.com\/pt\/wp-json\/wp\/v2\/product_tag?post=6125"}],"curies":[{"name":"wp","href":"https:\/\/api.w.org\/{rel}","templated":true}]}}