{"id":5885,"date":"2026-05-13T15:46:27","date_gmt":"2026-05-13T07:46:27","guid":{"rendered":"https:\/\/halleffectkeyboard.com\/?post_type=product&#038;p=5885"},"modified":"2026-05-13T16:10:24","modified_gmt":"2026-05-13T08:10:24","slug":"payson-keyboard-spacebar-foam-dampener","status":"publish","type":"product","link":"https:\/\/halleffectkeyboard.com\/pt\/produto\/amortecedor-de-espuma-da-barra-de-espaco-do-teclado-payson\/","title":{"rendered":"Amortecedor de espuma para barra de espa\u00e7o de teclado PAYSON"},"content":{"rendered":"<h1><strong>Amortecedor de espuma para barra de espa\u00e7o do teclado PAYSON \u2013 A solu\u00e7\u00e3o definitiva para o ru\u00eddo da barra de espa\u00e7o.<\/strong><\/h1>\n<p><strong>Meta descri\u00e7\u00e3o:<\/strong> Melhore sua experi\u00eancia de digita\u00e7\u00e3o com o amortecedor de espuma para barra de espa\u00e7o da PAYSON. Elimine sons ocos e ru\u00eddos dos estabilizadores com nossa espuma premium de PORON e EVA. Compat\u00edvel com estabilizadores de montagem em placa e PCB.<br \/>\n<img loading=\"lazy\" decoding=\"async\" class=\"alignnone size-full wp-image-5898\" src=\"https:\/\/halleffectkeyboard.com\/wp-content\/uploads\/2026\/05\/5-36-scaled.jpg\" alt=\"PAYSON Keyboard Spacebar Foam Dampener\" width=\"2560\" height=\"1437\" srcset=\"https:\/\/halleffectkeyboard.com\/wp-content\/uploads\/2026\/05\/5-36-scaled.jpg 2560w, https:\/\/halleffectkeyboard.com\/wp-content\/uploads\/2026\/05\/5-36-300x168.jpg 300w, https:\/\/halleffectkeyboard.com\/wp-content\/uploads\/2026\/05\/5-36-1024x575.jpg 1024w, https:\/\/halleffectkeyboard.com\/wp-content\/uploads\/2026\/05\/5-36-768x431.jpg 768w, https:\/\/halleffectkeyboard.com\/wp-content\/uploads\/2026\/05\/5-36-1536x862.jpg 1536w, https:\/\/halleffectkeyboard.com\/wp-content\/uploads\/2026\/05\/5-36-2048x1150.jpg 2048w, https:\/\/halleffectkeyboard.com\/wp-content\/uploads\/2026\/05\/5-36-18x10.jpg 18w, https:\/\/halleffectkeyboard.com\/wp-content\/uploads\/2026\/05\/5-36-1200x674.jpg 1200w\" sizes=\"auto, (max-width: 2560px) 100vw, 2560px\" data-no-translation=\"\" \/><\/p>\n<h2><strong>Vis\u00e3o geral do produto<\/strong><\/h2>\n<p>Transforme sua experi\u00eancia de digita\u00e7\u00e3o com o <strong>Amortecedor de espuma para barra de espa\u00e7o de teclado PAYSON<\/strong>. Se voc\u00ea est\u00e1 cansado de ecos irritantes, este produto premium \u00e9 para voc\u00ea. <strong>espuma de amortecimento de som para teclado<\/strong> \u00e9 o m\u00e1ximo <strong>corre\u00e7\u00e3o de som oco no teclado<\/strong>. Projetado para atuar como um produto altamente eficaz. <strong>espuma de corre\u00e7\u00e3o de ping da barra de espa\u00e7o<\/strong>, Ele elimina o som oco e o ru\u00eddo met\u00e1lico da barra de espa\u00e7o e de outras teclas grandes. Com corte preciso para f\u00e1cil instala\u00e7\u00e3o, este produto \u00e9 ideal. <strong>espuma para teclado mec\u00e2nico<\/strong> \u00e9 compat\u00edvel com ambos <strong>espuma estabilizadora de PCB<\/strong> configura\u00e7\u00f5es e <strong>espuma estabilizadora de montagem de placa<\/strong> configura\u00e7\u00f5es, funcionando perfeitamente com todos os perfis de teclas comuns.<br \/>\n<img loading=\"lazy\" decoding=\"async\" class=\"alignnone size-full wp-image-5899\" src=\"https:\/\/halleffectkeyboard.com\/wp-content\/uploads\/2026\/05\/6-18-scaled.jpg\" alt=\"PAYSON Keyboard Spacebar Foam Dampener\" width=\"2560\" height=\"1437\" srcset=\"https:\/\/halleffectkeyboard.com\/wp-content\/uploads\/2026\/05\/6-18-scaled.jpg 2560w, https:\/\/halleffectkeyboard.com\/wp-content\/uploads\/2026\/05\/6-18-300x168.jpg 300w, https:\/\/halleffectkeyboard.com\/wp-content\/uploads\/2026\/05\/6-18-1024x575.jpg 1024w, https:\/\/halleffectkeyboard.com\/wp-content\/uploads\/2026\/05\/6-18-768x431.jpg 768w, https:\/\/halleffectkeyboard.com\/wp-content\/uploads\/2026\/05\/6-18-1536x862.jpg 1536w, https:\/\/halleffectkeyboard.com\/wp-content\/uploads\/2026\/05\/6-18-2048x1150.jpg 2048w, https:\/\/halleffectkeyboard.com\/wp-content\/uploads\/2026\/05\/6-18-18x10.jpg 18w, https:\/\/halleffectkeyboard.com\/wp-content\/uploads\/2026\/05\/6-18-1200x674.jpg 1200w\" sizes=\"auto, (max-width: 2560px) 100vw, 2560px\" data-no-translation=\"\" \/><\/p>\n<h2><strong>Principais caracter\u00edsticas<\/strong><\/h2>\n<ul>\n<li><strong>Amortecimento instant\u00e2neo de som:<\/strong>\u00a0Atua como um poderoso\u00a0<strong>atenuador de eco do teclado<\/strong>\u00a0e\u00a0<strong>isolante ac\u00fastico para teclado<\/strong>, eliminando ecos ocos, ru\u00eddos de mola e vibra\u00e7\u00f5es do estabilizador para um perfil sonoro mais profundo e s\u00f3lido.<\/li>\n<li><strong>Compatibilidade com m\u00faltiplos perfis:<\/strong>\u00a0Este vers\u00e1til\u00a0<strong>espuma amortecedora da barra de espa\u00e7o<\/strong>\u00a0Compat\u00edvel com teclas de diferentes alturas, como OEM, Cherry, SA, XDA e outras, com recortes simples.<\/li>\n<li><strong>Instala\u00e7\u00e3o modular f\u00e1cil:<\/strong>\u00a0O desenho pr\u00e9-definido deste\u00a0<strong>espuma de modifica\u00e7\u00e3o de teclado<\/strong>\u00a0permite que voc\u00ea corte facilmente o\u00a0<strong>almofada da barra de espa\u00e7o do teclado<\/strong>\u00a0Para se adaptar a qualquer tipo de estabilizador ou altura de tecla.<\/li>\n<li><strong>Materiais de alta qualidade:<\/strong>\u00a0Dispon\u00edvel na vers\u00e3o premium\u00a0<strong>Espuma PORON para teclado<\/strong>\u00a0e\u00a0<strong>Espuma EVA para teclado<\/strong>\u00a0Op\u00e7\u00f5es para atender \u00e0s suas necessidades espec\u00edficas de isolamento ac\u00fastico.<\/li>\n<li><strong>Durabilidade de longa dura\u00e7\u00e3o:<\/strong>\u00a0Nossa confiabilidade\u00a0<strong>inser\u00e7\u00e3o de espuma para teclado<\/strong>\u00a0Mant\u00e9m sua forma e desempenho mesmo ap\u00f3s milhares de pressionamentos de teclas.<br \/>\n<img loading=\"lazy\" decoding=\"async\" class=\"alignnone size-full wp-image-5900\" src=\"https:\/\/halleffectkeyboard.com\/wp-content\/uploads\/2026\/05\/7-14-scaled.jpg\" alt=\"PAYSON Keyboard Spacebar Foam Dampener\" width=\"2560\" height=\"1437\" srcset=\"https:\/\/halleffectkeyboard.com\/wp-content\/uploads\/2026\/05\/7-14-scaled.jpg 2560w, https:\/\/halleffectkeyboard.com\/wp-content\/uploads\/2026\/05\/7-14-300x168.jpg 300w, https:\/\/halleffectkeyboard.com\/wp-content\/uploads\/2026\/05\/7-14-1024x575.jpg 1024w, https:\/\/halleffectkeyboard.com\/wp-content\/uploads\/2026\/05\/7-14-768x431.jpg 768w, https:\/\/halleffectkeyboard.com\/wp-content\/uploads\/2026\/05\/7-14-1536x862.jpg 1536w, https:\/\/halleffectkeyboard.com\/wp-content\/uploads\/2026\/05\/7-14-2048x1150.jpg 2048w, https:\/\/halleffectkeyboard.com\/wp-content\/uploads\/2026\/05\/7-14-18x10.jpg 18w, https:\/\/halleffectkeyboard.com\/wp-content\/uploads\/2026\/05\/7-14-1200x674.jpg 1200w\" sizes=\"auto, (max-width: 2560px) 100vw, 2560px\" data-no-translation=\"\" \/><\/li>\n<\/ul>\n<h2><strong>Guia de Instala\u00e7\u00e3o por Perfil de Tecla<\/strong><\/h2>\n<p>Personalize o seu <strong>amortecedor de som de tecla<\/strong> Configura\u00e7\u00e3o baseada no seu perfil espec\u00edfico para obter os melhores resultados:<\/p>\n<p><strong>1. Teclas OEM \/ Cherry \/ Padr\u00e3o<\/strong><\/p>\n<ul>\n<li><strong>Camada 1:<\/strong>\u00a0Utilize a espuma PORON de 2,5 mm de comprimento total (cobertura completa).<\/li>\n<li><strong>Camada 2:<\/strong>\u00a0Utilize a se\u00e7\u00e3o de 2\/3 da espuma PORON de 3,5 mm (descarte a parte central).<\/li>\n<li><em>Nota para estabilizadores com nervuras:<\/em>\u00a0A espuma pode ser dividida ao meio para facilitar a instala\u00e7\u00e3o.<\/li>\n<\/ul>\n<p><strong>2. Teclas com perfil SA<\/strong><\/p>\n<ul>\n<li><strong>Camada 1:<\/strong>\u00a0Utilize a espuma PORON de 2,5 mm de comprimento total (cobertura completa).<\/li>\n<li><strong>Camada 2:<\/strong>\u00a0Utilize 2\/3 da espuma EVA de 3 mm (descarte a parte central).<\/li>\n<li><strong>Camada 3:<\/strong>\u00a0Utilize a se\u00e7\u00e3o de 2\/3 da espuma PORON de 3,5 mm (descarte a parte central).<\/li>\n<\/ul>\n<p><strong>3. XDA \/ Teclas de baixo perfil<\/strong><\/p>\n<ul>\n<li><strong>Camada 1:<\/strong>\u00a0Utilize a espuma PORON de 2,5 mm de comprimento total (cobertura completa).<\/li>\n<li><strong>Camada 2:<\/strong>\u00a0Utilize a se\u00e7\u00e3o de 2\/3 da espuma PORON de 3,5 mm (descarte a parte central).<\/li>\n<\/ul>\n<h3><strong>Nota cr\u00edtica para estabilizadores de montagem em placa<\/strong><\/h3>\n<p>Ao usar isto <strong>almofada de espuma estabilizadora<\/strong> Com estabilizadores de montagem em placa, voc\u00ea deve remover as se\u00e7\u00f5es externas \u201c3\u201d de ambas as extremidades da tira de espuma para garantir a compatibilidade e o funcionamento perfeitos do seu produto. <strong>almofada estabilizadora de teclado<\/strong>.<br \/>\n<img loading=\"lazy\" decoding=\"async\" class=\"alignnone size-full wp-image-5894\" src=\"https:\/\/halleffectkeyboard.com\/wp-content\/uploads\/2026\/05\/1-36-scaled.jpg\" alt=\"PAYSON Keyboard Spacebar Foam Dampener\" width=\"2560\" height=\"1437\" srcset=\"https:\/\/halleffectkeyboard.com\/wp-content\/uploads\/2026\/05\/1-36-scaled.jpg 2560w, https:\/\/halleffectkeyboard.com\/wp-content\/uploads\/2026\/05\/1-36-300x168.jpg 300w, https:\/\/halleffectkeyboard.com\/wp-content\/uploads\/2026\/05\/1-36-1024x575.jpg 1024w, https:\/\/halleffectkeyboard.com\/wp-content\/uploads\/2026\/05\/1-36-768x431.jpg 768w, https:\/\/halleffectkeyboard.com\/wp-content\/uploads\/2026\/05\/1-36-1536x862.jpg 1536w, https:\/\/halleffectkeyboard.com\/wp-content\/uploads\/2026\/05\/1-36-2048x1150.jpg 2048w, https:\/\/halleffectkeyboard.com\/wp-content\/uploads\/2026\/05\/1-36-18x10.jpg 18w, https:\/\/halleffectkeyboard.com\/wp-content\/uploads\/2026\/05\/1-36-1200x674.jpg 1200w\" sizes=\"auto, (max-width: 2560px) 100vw, 2560px\" data-no-translation=\"\" \/> <img loading=\"lazy\" decoding=\"async\" class=\"alignnone size-full wp-image-5895\" src=\"https:\/\/halleffectkeyboard.com\/wp-content\/uploads\/2026\/05\/2-39-scaled.jpg\" alt=\"PAYSON Keyboard Spacebar Foam Dampener\" width=\"2560\" height=\"1437\" srcset=\"https:\/\/halleffectkeyboard.com\/wp-content\/uploads\/2026\/05\/2-39-scaled.jpg 2560w, https:\/\/halleffectkeyboard.com\/wp-content\/uploads\/2026\/05\/2-39-300x168.jpg 300w, https:\/\/halleffectkeyboard.com\/wp-content\/uploads\/2026\/05\/2-39-1024x575.jpg 1024w, https:\/\/halleffectkeyboard.com\/wp-content\/uploads\/2026\/05\/2-39-768x431.jpg 768w, https:\/\/halleffectkeyboard.com\/wp-content\/uploads\/2026\/05\/2-39-1536x862.jpg 1536w, https:\/\/halleffectkeyboard.com\/wp-content\/uploads\/2026\/05\/2-39-2048x1150.jpg 2048w, https:\/\/halleffectkeyboard.com\/wp-content\/uploads\/2026\/05\/2-39-18x10.jpg 18w, https:\/\/halleffectkeyboard.com\/wp-content\/uploads\/2026\/05\/2-39-1200x674.jpg 1200w\" sizes=\"auto, (max-width: 2560px) 100vw, 2560px\" data-no-translation=\"\" \/> <img loading=\"lazy\" decoding=\"async\" class=\"alignnone size-full wp-image-5896\" src=\"https:\/\/halleffectkeyboard.com\/wp-content\/uploads\/2026\/05\/3-39-scaled.jpg\" alt=\"PAYSON Keyboard Spacebar Foam Dampener\" width=\"2560\" height=\"1437\" srcset=\"https:\/\/halleffectkeyboard.com\/wp-content\/uploads\/2026\/05\/3-39-scaled.jpg 2560w, https:\/\/halleffectkeyboard.com\/wp-content\/uploads\/2026\/05\/3-39-300x168.jpg 300w, https:\/\/halleffectkeyboard.com\/wp-content\/uploads\/2026\/05\/3-39-1024x575.jpg 1024w, https:\/\/halleffectkeyboard.com\/wp-content\/uploads\/2026\/05\/3-39-768x431.jpg 768w, https:\/\/halleffectkeyboard.com\/wp-content\/uploads\/2026\/05\/3-39-1536x862.jpg 1536w, https:\/\/halleffectkeyboard.com\/wp-content\/uploads\/2026\/05\/3-39-2048x1150.jpg 2048w, https:\/\/halleffectkeyboard.com\/wp-content\/uploads\/2026\/05\/3-39-18x10.jpg 18w, https:\/\/halleffectkeyboard.com\/wp-content\/uploads\/2026\/05\/3-39-1200x674.jpg 1200w\" sizes=\"auto, (max-width: 2560px) 100vw, 2560px\" data-no-translation=\"\" \/> <img loading=\"lazy\" decoding=\"async\" class=\"alignnone size-full wp-image-5897\" src=\"https:\/\/halleffectkeyboard.com\/wp-content\/uploads\/2026\/05\/4-38-scaled.jpg\" alt=\"PAYSON Keyboard Spacebar Foam Dampener\" width=\"2560\" height=\"1437\" srcset=\"https:\/\/halleffectkeyboard.com\/wp-content\/uploads\/2026\/05\/4-38-scaled.jpg 2560w, https:\/\/halleffectkeyboard.com\/wp-content\/uploads\/2026\/05\/4-38-300x168.jpg 300w, https:\/\/halleffectkeyboard.com\/wp-content\/uploads\/2026\/05\/4-38-1024x575.jpg 1024w, https:\/\/halleffectkeyboard.com\/wp-content\/uploads\/2026\/05\/4-38-768x431.jpg 768w, https:\/\/halleffectkeyboard.com\/wp-content\/uploads\/2026\/05\/4-38-1536x862.jpg 1536w, https:\/\/halleffectkeyboard.com\/wp-content\/uploads\/2026\/05\/4-38-2048x1150.jpg 2048w, https:\/\/halleffectkeyboard.com\/wp-content\/uploads\/2026\/05\/4-38-18x10.jpg 18w, https:\/\/halleffectkeyboard.com\/wp-content\/uploads\/2026\/05\/4-38-1200x674.jpg 1200w\" sizes=\"auto, (max-width: 2560px) 100vw, 2560px\" data-no-translation=\"\" \/><\/p>\n<h2><strong>Como instalar<\/strong><\/h2>\n<p>Alcance o m\u00e1ximo <strong>corre\u00e7\u00e3o do ru\u00eddo da barra de espa\u00e7o<\/strong> Em minutos, seguindo estes passos simples:<\/p>\n<ol>\n<li>Remova a tecla de espa\u00e7o e desmonte o estabilizador, se necess\u00e1rio.<\/li>\n<li>Selecione a op\u00e7\u00e3o apropriada.\u00a0<strong>espuma personalizada para teclado<\/strong>\u00a0camada(s) com base no seu guia de perfil de tecla acima.<\/li>\n<li>Corte ou rasgue a tira de espuma nas linhas pr\u00e9-marcadas, conforme o guia.<\/li>\n<li>Retire a pel\u00edcula protetora do adesivo e aplique-o com cuidado.\u00a0<strong>espuma da barra de espa\u00e7o do teclado<\/strong>\u00a0dentro do alojamento da barra de espa\u00e7o, alinhando-a com a estrutura do estabilizador.<\/li>\n<li>Remonte o estabilizador e recoloque a tecla.<\/li>\n<\/ol>\n<h2><strong>O pacote inclui:<\/strong><\/h2>\n<ul>\n<li>Pr\u00e9-cortado\u00a0<strong>Amortecedor de espuma para barra de espa\u00e7o de teclado PAYSON<\/strong>\u00a0tiras<\/li>\n<li>Guia de Instala\u00e7\u00e3o Detalhado<\/li>\n<\/ul>","protected":false},"excerpt":{"rendered":"<ul>\n<li><strong>Materiais de alta qualidade:<\/strong>\u00a0Fabricado com espuma PORON e EVA de alta qualidade.<\/li>\n<li><strong>Ajuste universal:<\/strong>\u00a0Compat\u00edvel com estabilizadores de placa de circuito impresso e de montagem em placa.<\/li>\n<li><strong>Suporte a m\u00faltiplos perfis:<\/strong>\u00a0Design modular com ranhuras pr\u00e9-definidas que se adapta perfeitamente aos padr\u00f5es de teclas Cherry, OEM, SA e XDA.<\/li>\n<li><strong>Instala\u00e7\u00e3o f\u00e1cil:<\/strong>\u00a0Aplica\u00e7\u00e3o autoadesiva para uma melhoria instant\u00e2nea do som.<\/li>\n<\/ul>","protected":false},"featured_media":5891,"comment_status":"open","ping_status":"closed","template":"","meta":[],"product_brand":[678],"product_cat":[290],"product_tag":[700,292],"class_list":{"0":"post-5885","1":"product","2":"type-product","3":"status-publish","4":"has-post-thumbnail","6":"product_brand-payson","7":"product_cat-tool","8":"product_tag-keyboard-tool","9":"product_tag-tool","11":"first","12":"instock","13":"taxable","14":"shipping-taxable","15":"purchasable","16":"product-type-variable","17":"wvs-archive-product-wrapper"},"aioseo_notices":[],"ct_brands":[{"id":678,"name":"PAYSON","slug":"payson"}],"jetpack_sharing_enabled":true,"_links":{"self":[{"href":"https:\/\/halleffectkeyboard.com\/pt\/wp-json\/wp\/v2\/product\/5885","targetHints":{"allow":["GET"]}}],"collection":[{"href":"https:\/\/halleffectkeyboard.com\/pt\/wp-json\/wp\/v2\/product"}],"about":[{"href":"https:\/\/halleffectkeyboard.com\/pt\/wp-json\/wp\/v2\/types\/product"}],"replies":[{"embeddable":true,"href":"https:\/\/halleffectkeyboard.com\/pt\/wp-json\/wp\/v2\/comments?post=5885"}],"version-history":[{"count":3,"href":"https:\/\/halleffectkeyboard.com\/pt\/wp-json\/wp\/v2\/product\/5885\/revisions"}],"predecessor-version":[{"id":5901,"href":"https:\/\/halleffectkeyboard.com\/pt\/wp-json\/wp\/v2\/product\/5885\/revisions\/5901"}],"wp:featuredmedia":[{"embeddable":true,"href":"https:\/\/halleffectkeyboard.com\/pt\/wp-json\/wp\/v2\/media\/5891"}],"wp:attachment":[{"href":"https:\/\/halleffectkeyboard.com\/pt\/wp-json\/wp\/v2\/media?parent=5885"}],"wp:term":[{"taxonomy":"product_brand","embeddable":true,"href":"https:\/\/halleffectkeyboard.com\/pt\/wp-json\/wp\/v2\/product_brand?post=5885"},{"taxonomy":"product_cat","embeddable":true,"href":"https:\/\/halleffectkeyboard.com\/pt\/wp-json\/wp\/v2\/product_cat?post=5885"},{"taxonomy":"product_tag","embeddable":true,"href":"https:\/\/halleffectkeyboard.com\/pt\/wp-json\/wp\/v2\/product_tag?post=5885"}],"curies":[{"name":"wp","href":"https:\/\/api.w.org\/{rel}","templated":true}]}}