{"id":5838,"date":"2026-05-13T11:23:38","date_gmt":"2026-05-13T03:23:38","guid":{"rendered":"https:\/\/halleffectkeyboard.com\/?post_type=product&#038;p=5838"},"modified":"2026-05-13T15:14:47","modified_gmt":"2026-05-13T07:14:47","slug":"payson-keyboard-lubricant","status":"publish","type":"product","link":"https:\/\/halleffectkeyboard.com\/pt\/produto\/lubrificante-para-teclado-payson\/","title":{"rendered":"Lubrificante para teclado PAYSON"},"content":{"rendered":"<h1>Kit de Lubrificantes para Teclado PAYSON: Lubrificante Premium para Teclados Mec\u00e2nicos, Ideal para Switches e Estabilizadores<br \/>\n<img loading=\"lazy\" decoding=\"async\" class=\"alignnone size-full wp-image-5845\" src=\"https:\/\/halleffectkeyboard.com\/wp-content\/uploads\/2026\/05\/2-37-scaled.jpg\" alt=\"PAYSON Keyboard Lubricant\" width=\"2560\" height=\"1437\" srcset=\"https:\/\/halleffectkeyboard.com\/wp-content\/uploads\/2026\/05\/2-37-scaled.jpg 2560w, https:\/\/halleffectkeyboard.com\/wp-content\/uploads\/2026\/05\/2-37-300x168.jpg 300w, https:\/\/halleffectkeyboard.com\/wp-content\/uploads\/2026\/05\/2-37-1024x575.jpg 1024w, https:\/\/halleffectkeyboard.com\/wp-content\/uploads\/2026\/05\/2-37-768x431.jpg 768w, https:\/\/halleffectkeyboard.com\/wp-content\/uploads\/2026\/05\/2-37-1536x862.jpg 1536w, https:\/\/halleffectkeyboard.com\/wp-content\/uploads\/2026\/05\/2-37-2048x1150.jpg 2048w, https:\/\/halleffectkeyboard.com\/wp-content\/uploads\/2026\/05\/2-37-18x10.jpg 18w, https:\/\/halleffectkeyboard.com\/wp-content\/uploads\/2026\/05\/2-37-1200x674.jpg 1200w\" sizes=\"auto, (max-width: 2560px) 100vw, 2560px\" data-no-translation=\"\" \/><\/h1>\n<p><strong>Vis\u00e3o geral do produto<\/strong><\/p>\n<p>Aprimore sua experi\u00eancia de digita\u00e7\u00e3o com o <strong>Conjunto de lubrificante para teclado PAYSON<\/strong>, uma linha completa de produtos de n\u00edvel profissional <strong>lubrificante para teclado mec\u00e2nico<\/strong> Projetado para constru\u00e7\u00f5es personalizadas. Seja voc\u00ea um construtor iniciante ou experiente, este guia essencial ser\u00e1 \u00fatil. <strong>acess\u00f3rio de modifica\u00e7\u00e3o de teclado<\/strong> Oferecemos a solu\u00e7\u00e3o perfeita para eliminar o atrito, reduzir o ru\u00eddo de mola e personalizar a sua experi\u00eancia de digita\u00e7\u00e3o. De teclas n\u00edtidas e r\u00e1pidas a teclas extremamente suaves, nossa linha completa de... <strong>graxa para afina\u00e7\u00e3o de teclado<\/strong> e os \u00f3leos garantem que cada toque no teclado seja perfeito.<\/p>\n<p>Projetado para ser o m\u00e1ximo <strong>lubrificante para teclado entusiasta<\/strong>, A s\u00e9rie PAYSON oferece tudo o que voc\u00ea precisa para interruptores, molas e estabilizadores em uma cole\u00e7\u00e3o pr\u00e1tica.<br \/>\n<img loading=\"lazy\" decoding=\"async\" class=\"alignnone size-full wp-image-5846\" src=\"https:\/\/halleffectkeyboard.com\/wp-content\/uploads\/2026\/05\/3-38-scaled.jpg\" alt=\"PAYSON Keyboard Lubricant\" width=\"2560\" height=\"1437\" srcset=\"https:\/\/halleffectkeyboard.com\/wp-content\/uploads\/2026\/05\/3-38-scaled.jpg 2560w, https:\/\/halleffectkeyboard.com\/wp-content\/uploads\/2026\/05\/3-38-300x168.jpg 300w, https:\/\/halleffectkeyboard.com\/wp-content\/uploads\/2026\/05\/3-38-1024x575.jpg 1024w, https:\/\/halleffectkeyboard.com\/wp-content\/uploads\/2026\/05\/3-38-768x431.jpg 768w, https:\/\/halleffectkeyboard.com\/wp-content\/uploads\/2026\/05\/3-38-1536x862.jpg 1536w, https:\/\/halleffectkeyboard.com\/wp-content\/uploads\/2026\/05\/3-38-2048x1150.jpg 2048w, https:\/\/halleffectkeyboard.com\/wp-content\/uploads\/2026\/05\/3-38-18x10.jpg 18w, https:\/\/halleffectkeyboard.com\/wp-content\/uploads\/2026\/05\/3-38-1200x674.jpg 1200w\" sizes=\"auto, (max-width: 2560px) 100vw, 2560px\" data-no-translation=\"\" \/><\/p>\n<h2>Por que escolher o lubrificante para teclado PAYSON?<\/h2>\n<ul>\n<li><strong>Base lubrificante PFPE premium:<\/strong>\u00a0Formulado com \u00f3leo base PFPE de alta qualidade, garantindo desempenho n\u00e3o corrosivo e duradouro que n\u00e3o se degrada com o tempo.<\/li>\n<li><strong>F\u00f3rmulas espec\u00edficas para cada componente:<\/strong>\u00a0Cada\u00a0<strong>graxa de teclado<\/strong>\u00a0e o \u00f3leo \u00e9 meticulosamente otimizado para pe\u00e7as espec\u00edficas, atuando como o lubrificante perfeito.\u00a0<strong>lubrificante de mola<\/strong>,\u00a0<strong>lubrificante de interruptor<\/strong>, ou\u00a0<strong>lubrificante estabilizador<\/strong>.<\/li>\n<li><strong>Ampla faixa de viscosidade vers\u00e1til:<\/strong>\u00a0De fino\u00a0<strong>\u00f3leo de manuten\u00e7\u00e3o de teclado<\/strong>\u00a0Com graxas espessas, personalize sua prancha exatamente como voc\u00ea quiser.<\/li>\n<li><strong>Desempenho com boa rela\u00e7\u00e3o custo-benef\u00edcio:<\/strong>\u00a0Nossa casa\u00a0<strong>Lubrificante alternativo ao Krytox<\/strong>\u00a0(como o Custom 3204 e o G0) oferece desempenho de primeira linha a uma fra\u00e7\u00e3o do custo.<\/li>\n<li><strong>Ideal para iniciantes:<\/strong>\u00a0Nosso\u00a0<strong>lubrificante pr\u00e9-misturado<\/strong>\u00a0Op\u00e7\u00f5es como a mistura 105+205 eliminam as d\u00favidas, facilitando para construtores iniciantes alcan\u00e7arem resultados profissionais.<br \/>\n<img loading=\"lazy\" decoding=\"async\" class=\"alignnone size-full wp-image-5847\" src=\"https:\/\/halleffectkeyboard.com\/wp-content\/uploads\/2026\/05\/4-37-scaled.jpg\" alt=\"PAYSON Keyboard Lubricant\" width=\"2560\" height=\"1437\" srcset=\"https:\/\/halleffectkeyboard.com\/wp-content\/uploads\/2026\/05\/4-37-scaled.jpg 2560w, https:\/\/halleffectkeyboard.com\/wp-content\/uploads\/2026\/05\/4-37-300x168.jpg 300w, https:\/\/halleffectkeyboard.com\/wp-content\/uploads\/2026\/05\/4-37-1024x575.jpg 1024w, https:\/\/halleffectkeyboard.com\/wp-content\/uploads\/2026\/05\/4-37-768x431.jpg 768w, https:\/\/halleffectkeyboard.com\/wp-content\/uploads\/2026\/05\/4-37-1536x862.jpg 1536w, https:\/\/halleffectkeyboard.com\/wp-content\/uploads\/2026\/05\/4-37-2048x1150.jpg 2048w, https:\/\/halleffectkeyboard.com\/wp-content\/uploads\/2026\/05\/4-37-18x10.jpg 18w, https:\/\/halleffectkeyboard.com\/wp-content\/uploads\/2026\/05\/4-37-1200x674.jpg 1200w\" sizes=\"auto, (max-width: 2560px) 100vw, 2560px\" data-no-translation=\"\" \/><\/li>\n<\/ul>\n<h2>Linha de produtos e especifica\u00e7\u00f5es<\/h2>\n<p><strong>1. Lubrificante GPL105 (L\u00edquido)<\/strong><\/p>\n<ul>\n<li><strong>Conte\u00fado l\u00edquido:<\/strong>\u00a010g \/ 20g \/ 50g (Frasco: \u03c622\u00d755mm)<\/li>\n<li><strong>Textura:<\/strong>\u00a0L\u00edquido, viscosidade fina<\/li>\n<li><strong>Uso recomendado:<\/strong>\u00a0O ideal\u00a0<strong>lubrificante de mola<\/strong>\u00a0(rende mais de 500 aplica\u00e7\u00f5es com 20g).<\/li>\n<li><strong>Efeito:<\/strong>\u00a0Mant\u00e9m uma sensa\u00e7\u00e3o n\u00edtida e responsiva, eliminando completamente o ru\u00eddo met\u00e1lico da mola.<\/li>\n<\/ul>\n<p><strong>2. Lubrificante de pel\u00edcula seca PFPE (SSP-605)<\/strong><\/p>\n<ul>\n<li><strong>Conte\u00fado l\u00edquido:<\/strong>\u00a010g \/ 20g \/ 50g (Frasco: \u03c622\u00d736mm)<\/li>\n<li><strong>Textura:<\/strong>\u00a0Deixa uma pel\u00edcula seca ap\u00f3s a evapora\u00e7\u00e3o do solvente.<\/li>\n<li><strong>Uso recomendado:<\/strong>\u00a0Hastes e trilhos de switches (mais de 200 switches por 10g).<\/li>\n<li><strong>Efeito:<\/strong>\u00a0Ultrabaixo atrito e resistente \u00e0 poeira. Altamente recomendado como um\u00a0<strong>lubrificante para interruptor t\u00e1til<\/strong>\u00a0para manter a textura t\u00e1til n\u00edtida e bem definida.<\/li>\n<\/ul>\n<p><strong>3. Graxa Mista GPL 105 + 205<\/strong><\/p>\n<ul>\n<li><strong>Conte\u00fado l\u00edquido:<\/strong>\u00a010g \/ 20g \/ 50g (Frasco: \u03c636\u00d733mm)<\/li>\n<li><strong>Textura:<\/strong>\u00a0Viscosidade balanceada (NLGI #00)<\/li>\n<li><strong>Uso recomendado:<\/strong>\u00a0Hastes e trilhos de switches (mais de 500 switches por 20g).<\/li>\n<li><strong>Efeito:<\/strong>\u00a0Proporciona uma sensa\u00e7\u00e3o suave e equilibrada. Este \u00e9 o melhor.\u00a0<strong>lubrificante para interruptor linear<\/strong>\u00a0Para uma experi\u00eancia de digita\u00e7\u00e3o sem atritos.<\/li>\n<\/ul>\n<p><strong>4. Graxa personalizada 3204 (Alternativa nacional)<\/strong><\/p>\n<ul>\n<li><strong>Conte\u00fado l\u00edquido:<\/strong>\u00a010g \/ 20g \/ 50g (Frasco: \u03c652\u00d740mm)<\/li>\n<li><strong>Textura:<\/strong>\u00a0Ligeiramente crocante (NLGI #0)<\/li>\n<li><strong>Uso recomendado:<\/strong>\u00a0Hastes\/trilhos de switches e alojamentos de estabilizadores (mais de 1250 switches por 50g).<\/li>\n<li><strong>Efeito:<\/strong>\u00a0Compartilha a mesma f\u00f3rmula do Krytox 3204. Um produto fant\u00e1stico.\u00a0<strong>lubrificante personalizado para teclado<\/strong>\u00a0Oferecendo excelente custo-benef\u00edcio para projetos com or\u00e7amento limitado.<\/li>\n<\/ul>\n<p><strong>5. Graxa GPL205 (Mistura G0)<\/strong><\/p>\n<ul>\n<li><strong>Conte\u00fado l\u00edquido:<\/strong>\u00a010g \/ 20g \/ 50g (Frasco: \u03c636\u00d733mm)<\/li>\n<li><strong>Textura:<\/strong>\u00a0Cremoso, de alta viscosidade (NLGI #0)<\/li>\n<li><strong>Uso recomendado:<\/strong>\u00a0Carca\u00e7as estabilizadoras e hastes de interruptores (mais de 500 interruptores por 20g).<\/li>\n<li><strong>Efeito:<\/strong>\u00a0Um excepcional\u00a0<strong>lubrificante antirru\u00eddo<\/strong>\u00a0Isso reduz significativamente o ru\u00eddo do estabilizador e cria um perfil de som suave, aveludado e &quot;encorpado&quot;.<br \/>\n<img loading=\"lazy\" decoding=\"async\" class=\"alignnone size-full wp-image-5848\" src=\"https:\/\/halleffectkeyboard.com\/wp-content\/uploads\/2026\/05\/5-35-scaled.jpg\" alt=\"PAYSON Keyboard Lubricant\" width=\"2560\" height=\"1437\" srcset=\"https:\/\/halleffectkeyboard.com\/wp-content\/uploads\/2026\/05\/5-35-scaled.jpg 2560w, https:\/\/halleffectkeyboard.com\/wp-content\/uploads\/2026\/05\/5-35-300x168.jpg 300w, https:\/\/halleffectkeyboard.com\/wp-content\/uploads\/2026\/05\/5-35-1024x575.jpg 1024w, https:\/\/halleffectkeyboard.com\/wp-content\/uploads\/2026\/05\/5-35-768x431.jpg 768w, https:\/\/halleffectkeyboard.com\/wp-content\/uploads\/2026\/05\/5-35-1536x862.jpg 1536w, https:\/\/halleffectkeyboard.com\/wp-content\/uploads\/2026\/05\/5-35-2048x1150.jpg 2048w, https:\/\/halleffectkeyboard.com\/wp-content\/uploads\/2026\/05\/5-35-18x10.jpg 18w, https:\/\/halleffectkeyboard.com\/wp-content\/uploads\/2026\/05\/5-35-1200x674.jpg 1200w\" sizes=\"auto, (max-width: 2560px) 100vw, 2560px\" data-no-translation=\"\" \/><\/li>\n<\/ul>\n<h2>Guia de lubrifica\u00e7\u00e3o para iniciantes<\/h2>\n<p>N\u00e3o sabe por onde come\u00e7ar? Use este guia pr\u00e1tico para alcan\u00e7ar a sensa\u00e7\u00e3o de digita\u00e7\u00e3o desejada usando nosso <strong>lubrificante para teclado<\/strong> faixa:<\/p>\n<table>\n<thead>\n<tr>\n<th>Componente<\/th>\n<th>Sensa\u00e7\u00e3o t\u00e1til\/silenciosa<\/th>\n<th>Sensa\u00e7\u00e3o n\u00edtida\/r\u00e1pida<\/th>\n<\/tr>\n<\/thead>\n<tbody>\n<tr>\n<td><strong>Corpo de interruptor<\/strong><\/td>\n<td>Graxa Mista 105 + 205<\/td>\n<td>Lubrificante de pel\u00edcula seca PFPE<\/td>\n<\/tr>\n<tr>\n<td><strong>Primavera<\/strong><\/td>\n<td>\u00d3leo de silicone Dow Corning \/ GPL 105<\/td>\n<td>GPL 105 L\u00edquido<\/td>\n<\/tr>\n<tr>\n<td><strong>Fio estabilizador<\/strong><\/td>\n<td>Taiyang 22058 \/ XHT-BDZ<\/td>\n<td>\u2014<\/td>\n<\/tr>\n<tr>\n<td><strong>Caixa estabilizadora<\/strong><\/td>\n<td>Mix personalizado 205 G0 \/ 205 G0 (ou 105+205)<\/td>\n<td>\u2014<\/td>\n<\/tr>\n<\/tbody>\n<\/table>\n<h2>Compara\u00e7\u00e3o t\u00e9cnica principal<\/h2>\n<table>\n<thead>\n<tr>\n<th>Atributo do produto<\/th>\n<th>GPL 205 (Padr\u00e3o)<\/th>\n<th>Graxa G0 personalizada<\/th>\n<th>Graxa personalizada G00<\/th>\n<\/tr>\n<\/thead>\n<tbody>\n<tr>\n<td><strong>Apar\u00eancia<\/strong><\/td>\n<td>Graxa branca<\/td>\n<td>Graxa branca<\/td>\n<td>Graxa branca<\/td>\n<\/tr>\n<tr>\n<td><strong>Faixa de temperatura<\/strong><\/td>\n<td>-36~204\u2103<\/td>\n<td>-36~200\u2103<\/td>\n<td>-36~200\u2103<\/td>\n<\/tr>\n<tr>\n<td><strong>\u00d3leo base<\/strong><\/td>\n<td>PFPE<\/td>\n<td>PFPE<\/td>\n<td>PFPE<\/td>\n<\/tr>\n<tr>\n<td><strong>Viscosidade (cSt a 20\u2103)<\/strong><\/td>\n<td>522<\/td>\n<td>522<\/td>\n<td>522<\/td>\n<\/tr>\n<tr>\n<td><strong>Espessante<\/strong><\/td>\n<td>PTFE<\/td>\n<td>PTFE<\/td>\n<td>PTFE<\/td>\n<\/tr>\n<tr>\n<td><strong>Grau NLGI<\/strong><\/td>\n<td>#2<\/td>\n<td>#0<\/td>\n<td>#00<\/td>\n<\/tr>\n<tr>\n<td><strong>Uso principal<\/strong><\/td>\n<td>Estabilizadores<\/td>\n<td>Estabilizadores \/ Interruptores<\/td>\n<td>Interruptores<\/td>\n<\/tr>\n<\/tbody>\n<\/table>\n<p>&nbsp;<\/p>\n<h2>O pacote inclui:<img loading=\"lazy\" decoding=\"async\" class=\"alignnone size-full wp-image-5849\" src=\"https:\/\/halleffectkeyboard.com\/wp-content\/uploads\/2026\/05\/6-17-scaled.jpg\" alt=\"PAYSON Keyboard Lubricant\" width=\"2560\" height=\"1437\" srcset=\"https:\/\/halleffectkeyboard.com\/wp-content\/uploads\/2026\/05\/6-17-scaled.jpg 2560w, https:\/\/halleffectkeyboard.com\/wp-content\/uploads\/2026\/05\/6-17-300x168.jpg 300w, https:\/\/halleffectkeyboard.com\/wp-content\/uploads\/2026\/05\/6-17-1024x575.jpg 1024w, https:\/\/halleffectkeyboard.com\/wp-content\/uploads\/2026\/05\/6-17-768x431.jpg 768w, https:\/\/halleffectkeyboard.com\/wp-content\/uploads\/2026\/05\/6-17-1536x862.jpg 1536w, https:\/\/halleffectkeyboard.com\/wp-content\/uploads\/2026\/05\/6-17-2048x1150.jpg 2048w, https:\/\/halleffectkeyboard.com\/wp-content\/uploads\/2026\/05\/6-17-18x10.jpg 18w, https:\/\/halleffectkeyboard.com\/wp-content\/uploads\/2026\/05\/6-17-1200x674.jpg 1200w\" sizes=\"auto, (max-width: 2560px) 100vw, 2560px\" data-no-translation=\"\" \/>\u00e9s<\/h2>\n<p>Personalize seu pedido para atender \u00e0s suas necessidades espec\u00edficas de constru\u00e7\u00e3o. Escolha entre:<\/p>\n<ul>\n<li>Frascos individuais de 10g \/ 20g \/ 50g (Dispon\u00edveis para cada tipo de lubrificante).<\/li>\n<li>Pacotes Combinados (Inclui\u00a0<strong>lubrificante de interruptor<\/strong>,\u00a0<strong>lubrificante de mola<\/strong>, e\u00a0<strong>lubrificante estabilizador<\/strong>\u00a0para uma constru\u00e7\u00e3o completa).<\/li>\n<\/ul>","protected":false},"excerpt":{"rendered":"<p>Melhore o desempenho do seu teclado mec\u00e2nico com o <strong>Conjunto de lubrificante para teclado PAYSON<\/strong>. Projetada para entusiastas de teclados personalizados, esta cole\u00e7\u00e3o premium apresenta lubrificante de alta qualidade \u00e0 base de PFPE para switches, \u00f3leo para molas e graxa para estabilizadores \u2014 incluindo alternativas para GPL105 e GPL205. Se voc\u00ea deseja eliminar o ru\u00eddo met\u00e1lico das molas, silenciar o ru\u00eddo dos estabilizadores ou obter uma sensa\u00e7\u00e3o linear e suave, nossas f\u00f3rmulas pr\u00e9-misturadas e f\u00e1ceis de usar para iniciantes oferecem tudo o que voc\u00ea precisa para aperfei\u00e7oar sua experi\u00eancia de digita\u00e7\u00e3o.<\/p>","protected":false},"featured_media":5840,"comment_status":"open","ping_status":"closed","template":"","meta":[],"product_brand":[678],"product_cat":[290],"product_tag":[688,292],"class_list":{"0":"post-5838","1":"product","2":"type-product","3":"status-publish","4":"has-post-thumbnail","6":"product_brand-payson","7":"product_cat-tool","8":"product_tag-keyboard-lubricant","9":"product_tag-tool","11":"first","12":"instock","13":"taxable","14":"shipping-taxable","15":"purchasable","16":"product-type-variable","17":"wvs-archive-product-wrapper"},"aioseo_notices":[],"ct_brands":[{"id":678,"name":"PAYSON","slug":"payson"}],"jetpack_sharing_enabled":true,"_links":{"self":[{"href":"https:\/\/halleffectkeyboard.com\/pt\/wp-json\/wp\/v2\/product\/5838","targetHints":{"allow":["GET"]}}],"collection":[{"href":"https:\/\/halleffectkeyboard.com\/pt\/wp-json\/wp\/v2\/product"}],"about":[{"href":"https:\/\/halleffectkeyboard.com\/pt\/wp-json\/wp\/v2\/types\/product"}],"replies":[{"embeddable":true,"href":"https:\/\/halleffectkeyboard.com\/pt\/wp-json\/wp\/v2\/comments?post=5838"}],"version-history":[{"count":3,"href":"https:\/\/halleffectkeyboard.com\/pt\/wp-json\/wp\/v2\/product\/5838\/revisions"}],"predecessor-version":[{"id":5850,"href":"https:\/\/halleffectkeyboard.com\/pt\/wp-json\/wp\/v2\/product\/5838\/revisions\/5850"}],"wp:featuredmedia":[{"embeddable":true,"href":"https:\/\/halleffectkeyboard.com\/pt\/wp-json\/wp\/v2\/media\/5840"}],"wp:attachment":[{"href":"https:\/\/halleffectkeyboard.com\/pt\/wp-json\/wp\/v2\/media?parent=5838"}],"wp:term":[{"taxonomy":"product_brand","embeddable":true,"href":"https:\/\/halleffectkeyboard.com\/pt\/wp-json\/wp\/v2\/product_brand?post=5838"},{"taxonomy":"product_cat","embeddable":true,"href":"https:\/\/halleffectkeyboard.com\/pt\/wp-json\/wp\/v2\/product_cat?post=5838"},{"taxonomy":"product_tag","embeddable":true,"href":"https:\/\/halleffectkeyboard.com\/pt\/wp-json\/wp\/v2\/product_tag?post=5838"}],"curies":[{"name":"wp","href":"https:\/\/api.w.org\/{rel}","templated":true}]}}