{"id":5822,"date":"2026-05-13T10:55:07","date_gmt":"2026-05-13T02:55:07","guid":{"rendered":"https:\/\/halleffectkeyboard.com\/?post_type=product&#038;p=5822"},"modified":"2026-05-13T11:08:19","modified_gmt":"2026-05-13T03:08:19","slug":"payson-mouse-carrying-case","status":"publish","type":"product","link":"https:\/\/halleffectkeyboard.com\/pt\/produto\/estojo-de-transporte-para-rato-payson\/","title":{"rendered":"Estojo para transporte de mouse PAYSON"},"content":{"rendered":"<h1><strong>Estojo para transporte de mouse PAYSON \u2013 Estojo de viagem r\u00edgido premium em EVA para mouse<\/strong><\/h1>\n<p>Procurando a prote\u00e7\u00e3o definitiva para o seu mouse de computador favorito? <strong>Estojo para mouse PAYSON<\/strong> Foi projetado para manter seu dispositivo seguro, protegido e organizado onde quer que voc\u00ea v\u00e1. Seja para uma solu\u00e7\u00e3o confi\u00e1vel... <strong>capa para mouse sem fio<\/strong> para o escrit\u00f3rio ou para um ambiente robusto <strong>capa para mouse gamer<\/strong> Para o seu pr\u00f3ximo torneio, este produto premium <strong>estojo para rato EVA<\/strong> Oferece durabilidade e portabilidade incompar\u00e1veis.<\/p>\n<p><img loading=\"lazy\" decoding=\"async\" class=\"alignnone size-full wp-image-5831\" src=\"https:\/\/halleffectkeyboard.com\/wp-content\/uploads\/2026\/05\/1-33-scaled.jpg\" alt=\"PAYSON Mouse Carrying Case\" width=\"2560\" height=\"1437\" srcset=\"https:\/\/halleffectkeyboard.com\/wp-content\/uploads\/2026\/05\/1-33-scaled.jpg 2560w, https:\/\/halleffectkeyboard.com\/wp-content\/uploads\/2026\/05\/1-33-300x168.jpg 300w, https:\/\/halleffectkeyboard.com\/wp-content\/uploads\/2026\/05\/1-33-1024x575.jpg 1024w, https:\/\/halleffectkeyboard.com\/wp-content\/uploads\/2026\/05\/1-33-768x431.jpg 768w, https:\/\/halleffectkeyboard.com\/wp-content\/uploads\/2026\/05\/1-33-1536x862.jpg 1536w, https:\/\/halleffectkeyboard.com\/wp-content\/uploads\/2026\/05\/1-33-2048x1150.jpg 2048w, https:\/\/halleffectkeyboard.com\/wp-content\/uploads\/2026\/05\/1-33-18x10.jpg 18w, https:\/\/halleffectkeyboard.com\/wp-content\/uploads\/2026\/05\/1-33-1200x674.jpg 1200w\" sizes=\"auto, (max-width: 2560px) 100vw, 2560px\" data-no-translation=\"\" \/><\/p>\n<h2><strong>Prote\u00e7\u00e3o m\u00e1xima com nossa capa r\u00edgida para mouse.<\/strong><\/h2>\n<p>Fabricado com EVA de alta qualidade com dureza de 75\u00b0 e tecido Oxford premium, este <strong>estojo r\u00edgido para mouse<\/strong> Oferece prote\u00e7\u00e3o superior contra o desgaste di\u00e1rio. Sua constru\u00e7\u00e3o com aproximadamente 5 mm de espessura a torna altamente resistente. <strong>capa de rato \u00e0 prova de choque<\/strong>, absorvendo impactos e evitando esmagamento durante o transporte.<\/p>\n<p>O interior macio funciona como um <strong>capa de rato anti-riscos<\/strong> forro, garantindo que o acabamento do seu dispositivo permane\u00e7a impec\u00e1vel. Al\u00e9m disso, o <strong>capa para mouse resistente \u00e0 \u00e1gua<\/strong> O exterior repele respingos e chuva leve, tornando-o <strong>Bolsa para rato em tecido Oxford<\/strong> Perfeito para climas imprevis\u00edveis ou para derramamentos acidentais de caf\u00e9 na sua mesa.<br \/>\n<img loading=\"lazy\" decoding=\"async\" class=\"alignnone size-full wp-image-5832\" src=\"https:\/\/halleffectkeyboard.com\/wp-content\/uploads\/2026\/05\/2-35-scaled.jpg\" alt=\"PAYSON Mouse Carrying Case\" width=\"2560\" height=\"1437\" srcset=\"https:\/\/halleffectkeyboard.com\/wp-content\/uploads\/2026\/05\/2-35-scaled.jpg 2560w, https:\/\/halleffectkeyboard.com\/wp-content\/uploads\/2026\/05\/2-35-300x168.jpg 300w, https:\/\/halleffectkeyboard.com\/wp-content\/uploads\/2026\/05\/2-35-1024x575.jpg 1024w, https:\/\/halleffectkeyboard.com\/wp-content\/uploads\/2026\/05\/2-35-768x431.jpg 768w, https:\/\/halleffectkeyboard.com\/wp-content\/uploads\/2026\/05\/2-35-1536x862.jpg 1536w, https:\/\/halleffectkeyboard.com\/wp-content\/uploads\/2026\/05\/2-35-2048x1150.jpg 2048w, https:\/\/halleffectkeyboard.com\/wp-content\/uploads\/2026\/05\/2-35-18x10.jpg 18w, https:\/\/halleffectkeyboard.com\/wp-content\/uploads\/2026\/05\/2-35-1200x674.jpg 1200w\" sizes=\"auto, (max-width: 2560px) 100vw, 2560px\" data-no-translation=\"\" \/><\/p>\n<h2><strong>Principais caracter\u00edsticas da bolsa de armazenamento para ratos PAYSON<\/strong><\/h2>\n<ul>\n<li><strong>\u00c0 prova de choque e resistente \u00e0 press\u00e3o:<\/strong>\u00a0O r\u00edgido\u00a0<strong>capa r\u00edgida para mouse<\/strong>\u00a0Protege contra impactos, quedas e press\u00e3o excessiva, atuando como um material altamente resistente.\u00a0<strong>capa resistente para mouse<\/strong>\u00a0Para uso di\u00e1rio.<\/li>\n<li><strong>Exterior repelente \u00e0 \u00e1gua:<\/strong>\u00a0Mantenha seus equipamentos secos e protegidos com esta capa \u00e0 prova de respingos.\u00a0<strong>capa protetora para mouse<\/strong>.<\/li>\n<li><strong>Al\u00e7a el\u00e1stica de seguran\u00e7a:<\/strong>\u00a0A tira el\u00e1stica integrada mant\u00e9m o mouse firmemente no lugar, tornando-o uma excelente op\u00e7\u00e3o.\u00a0<strong>estojo organizador de mouse<\/strong>\u00a0que impede movimentos internos e danos.<\/li>\n<li><strong>Compacto e port\u00e1til:<\/strong>\u00a0Esse\u00a0<strong>estojo compacto para mouse<\/strong>\u00a0Possui um design leve e fino que cabe facilmente em mochilas, bolsas para laptop ou bolsos. \u00c9 o ideal\u00a0<strong>estojo port\u00e1til para mouse<\/strong>\u00a0e\u00a0<strong>bolsa para transportar ratos<\/strong>\u00a0Para profissionais e jogadores que est\u00e3o sempre em movimento.<\/li>\n<li><strong>Compatibilidade universal:<\/strong>\u00a0Projetado como um\u00a0<strong>estojo universal para mouse<\/strong>, \u00c9 compat\u00edvel com a maioria dos mouses sem fio e mouses para jogos padr\u00e3o, servindo perfeitamente para a maioria deles.<br \/>\n<img loading=\"lazy\" decoding=\"async\" class=\"alignnone size-full wp-image-5833\" src=\"https:\/\/halleffectkeyboard.com\/wp-content\/uploads\/2026\/05\/3-36-scaled.jpg\" alt=\"PAYSON Mouse Carrying Case\" width=\"2560\" height=\"1437\" srcset=\"https:\/\/halleffectkeyboard.com\/wp-content\/uploads\/2026\/05\/3-36-scaled.jpg 2560w, https:\/\/halleffectkeyboard.com\/wp-content\/uploads\/2026\/05\/3-36-300x168.jpg 300w, https:\/\/halleffectkeyboard.com\/wp-content\/uploads\/2026\/05\/3-36-1024x575.jpg 1024w, https:\/\/halleffectkeyboard.com\/wp-content\/uploads\/2026\/05\/3-36-768x431.jpg 768w, https:\/\/halleffectkeyboard.com\/wp-content\/uploads\/2026\/05\/3-36-1536x862.jpg 1536w, https:\/\/halleffectkeyboard.com\/wp-content\/uploads\/2026\/05\/3-36-2048x1150.jpg 2048w, https:\/\/halleffectkeyboard.com\/wp-content\/uploads\/2026\/05\/3-36-18x10.jpg 18w, https:\/\/halleffectkeyboard.com\/wp-content\/uploads\/2026\/05\/3-36-1200x674.jpg 1200w\" sizes=\"auto, (max-width: 2560px) 100vw, 2560px\" data-no-translation=\"\" \/><\/li>\n<\/ul>\n<h2><strong>Especifica\u00e7\u00f5es do produto<\/strong><\/h2>\n<table>\n<thead>\n<tr>\n<th>Recurso<\/th>\n<th>Detalhes<\/th>\n<\/tr>\n<\/thead>\n<tbody>\n<tr>\n<td><strong>Nome do produto<\/strong><\/td>\n<td>PAYSON\u00a0<strong>Estojo para transporte de mouse<\/strong><\/td>\n<\/tr>\n<tr>\n<td><strong>Material<\/strong><\/td>\n<td>EVA com dureza de 75\u00b0 + tecido Oxford<\/td>\n<\/tr>\n<tr>\n<td><strong>Grossura<\/strong><\/td>\n<td>~5mm<\/td>\n<\/tr>\n<tr>\n<td><strong>M\u00e9todo de fixa\u00e7\u00e3o<\/strong><\/td>\n<td>Al\u00e7a el\u00e1stica segura<\/td>\n<\/tr>\n<tr>\n<td><strong>Resist\u00eancia \u00e0 \u00e1gua<\/strong><\/td>\n<td>Repelente \u00e0 \u00e1gua \/ \u00c0 prova de respingos<\/td>\n<\/tr>\n<tr>\n<td><strong>Compatibilidade<\/strong><\/td>\n<td>A maioria dos mouses sem fio\/para jogos padr\u00e3o (funciona perfeitamente como um)\u00a0<strong>estojo r\u00edgido para rato<\/strong>)<\/td>\n<\/tr>\n<\/tbody>\n<\/table>\n<p><img loading=\"lazy\" decoding=\"async\" class=\"alignnone size-full wp-image-5834\" src=\"https:\/\/halleffectkeyboard.com\/wp-content\/uploads\/2026\/05\/4-35-scaled.jpg\" alt=\"PAYSON Mouse Carrying Case\" width=\"2560\" height=\"1437\" srcset=\"https:\/\/halleffectkeyboard.com\/wp-content\/uploads\/2026\/05\/4-35-scaled.jpg 2560w, https:\/\/halleffectkeyboard.com\/wp-content\/uploads\/2026\/05\/4-35-300x168.jpg 300w, https:\/\/halleffectkeyboard.com\/wp-content\/uploads\/2026\/05\/4-35-1024x575.jpg 1024w, https:\/\/halleffectkeyboard.com\/wp-content\/uploads\/2026\/05\/4-35-768x431.jpg 768w, https:\/\/halleffectkeyboard.com\/wp-content\/uploads\/2026\/05\/4-35-1536x862.jpg 1536w, https:\/\/halleffectkeyboard.com\/wp-content\/uploads\/2026\/05\/4-35-2048x1150.jpg 2048w, https:\/\/halleffectkeyboard.com\/wp-content\/uploads\/2026\/05\/4-35-18x10.jpg 18w, https:\/\/halleffectkeyboard.com\/wp-content\/uploads\/2026\/05\/4-35-1200x674.jpg 1200w\" sizes=\"auto, (max-width: 2560px) 100vw, 2560px\" data-no-translation=\"\" \/><\/p>\n<h2><strong>O estojo de viagem perfeito para mouse, ideal para qualquer configura\u00e7\u00e3o.<\/strong><\/h2>\n<p>Seja para ir ao trabalho, viajar pelo pa\u00eds ou simplesmente organizar seu espa\u00e7o de trabalho, o <strong>Estojo para mouse PAYSON<\/strong> \u00c9 a solu\u00e7\u00e3o definitiva. \u00c9 mais do que apenas um padr\u00e3o. <strong>estojo para transportar ratos<\/strong>\u2014\u00c9 tranquilidade para seus valiosos acess\u00f3rios tecnol\u00f3gicos.<\/p>\n<p><strong>Observa\u00e7\u00f5es importantes:<\/strong><\/p>\n<ul>\n<li><em>Este produto inclui apenas o\u00a0<strong>estojo para rato EVA<\/strong>; O mouse e outros acess\u00f3rios mostrados em images n\u00e3o est\u00e3o inclu\u00eddos.<\/em><\/li>\n<li><em>Verifique as dimens\u00f5es do seu mouse para garantir a compatibilidade com este produto.\u00a0<strong>bolsa para guardar mouse<\/strong>\u00a0antes da compra.<br \/>\n<img loading=\"lazy\" decoding=\"async\" class=\"alignnone size-full wp-image-5835\" src=\"https:\/\/halleffectkeyboard.com\/wp-content\/uploads\/2026\/05\/5-33-scaled.jpg\" alt=\"PAYSON Mouse Carrying Case\" width=\"2560\" height=\"1437\" srcset=\"https:\/\/halleffectkeyboard.com\/wp-content\/uploads\/2026\/05\/5-33-scaled.jpg 2560w, https:\/\/halleffectkeyboard.com\/wp-content\/uploads\/2026\/05\/5-33-300x168.jpg 300w, https:\/\/halleffectkeyboard.com\/wp-content\/uploads\/2026\/05\/5-33-1024x575.jpg 1024w, https:\/\/halleffectkeyboard.com\/wp-content\/uploads\/2026\/05\/5-33-768x431.jpg 768w, https:\/\/halleffectkeyboard.com\/wp-content\/uploads\/2026\/05\/5-33-1536x862.jpg 1536w, https:\/\/halleffectkeyboard.com\/wp-content\/uploads\/2026\/05\/5-33-2048x1150.jpg 2048w, https:\/\/halleffectkeyboard.com\/wp-content\/uploads\/2026\/05\/5-33-18x10.jpg 18w, https:\/\/halleffectkeyboard.com\/wp-content\/uploads\/2026\/05\/5-33-1200x674.jpg 1200w\" sizes=\"auto, (max-width: 2560px) 100vw, 2560px\" data-no-translation=\"\" \/> <img loading=\"lazy\" decoding=\"async\" class=\"alignnone size-full wp-image-5836\" src=\"https:\/\/halleffectkeyboard.com\/wp-content\/uploads\/2026\/05\/6-16-scaled.jpg\" alt=\"PAYSON Mouse Carrying Case\" width=\"2560\" height=\"1437\" srcset=\"https:\/\/halleffectkeyboard.com\/wp-content\/uploads\/2026\/05\/6-16-scaled.jpg 2560w, https:\/\/halleffectkeyboard.com\/wp-content\/uploads\/2026\/05\/6-16-300x168.jpg 300w, https:\/\/halleffectkeyboard.com\/wp-content\/uploads\/2026\/05\/6-16-1024x575.jpg 1024w, https:\/\/halleffectkeyboard.com\/wp-content\/uploads\/2026\/05\/6-16-768x431.jpg 768w, https:\/\/halleffectkeyboard.com\/wp-content\/uploads\/2026\/05\/6-16-1536x862.jpg 1536w, https:\/\/halleffectkeyboard.com\/wp-content\/uploads\/2026\/05\/6-16-2048x1150.jpg 2048w, https:\/\/halleffectkeyboard.com\/wp-content\/uploads\/2026\/05\/6-16-18x10.jpg 18w, https:\/\/halleffectkeyboard.com\/wp-content\/uploads\/2026\/05\/6-16-1200x674.jpg 1200w\" sizes=\"auto, (max-width: 2560px) 100vw, 2560px\" data-no-translation=\"\" \/><br \/>\n<\/em><\/li>\n<\/ul>","protected":false},"excerpt":{"rendered":"<ul>\n<li><strong>Prote\u00e7\u00e3o Premium:<\/strong>\u00a0Revestimento externo em EVA resistente a impactos e tecido Oxford imperme\u00e1vel que protege contra quedas e derramamentos.<\/li>\n<li><strong>Ajuste seguro:<\/strong>\u00a0Uma tira el\u00e1stica integrada impede o movimento e evita arranh\u00f5es internos.<\/li>\n<li><strong>Pronto para viajar:<\/strong>\u00a0Design leve e compacto que cabe facilmente em qualquer mochila ou bolsa para laptop.<\/li>\n<li><strong>Design Universal:<\/strong> Compat\u00edvel com a maioria dos mouses sem fio e mouses para jogos padr\u00e3o.<\/li>\n<\/ul>","protected":false},"featured_media":5829,"comment_status":"open","ping_status":"closed","template":"","meta":[],"product_brand":[678],"product_cat":[290],"product_tag":[687,292],"class_list":{"0":"post-5822","1":"product","2":"type-product","3":"status-publish","4":"has-post-thumbnail","6":"product_brand-payson","7":"product_cat-tool","8":"product_tag-mouse-carrying-cas","9":"product_tag-tool","11":"first","12":"instock","13":"taxable","14":"shipping-taxable","15":"purchasable","16":"product-type-variable","17":"wvs-archive-product-wrapper"},"aioseo_notices":[],"ct_brands":[{"id":678,"name":"PAYSON","slug":"payson"}],"jetpack_sharing_enabled":true,"_links":{"self":[{"href":"https:\/\/halleffectkeyboard.com\/pt\/wp-json\/wp\/v2\/product\/5822","targetHints":{"allow":["GET"]}}],"collection":[{"href":"https:\/\/halleffectkeyboard.com\/pt\/wp-json\/wp\/v2\/product"}],"about":[{"href":"https:\/\/halleffectkeyboard.com\/pt\/wp-json\/wp\/v2\/types\/product"}],"replies":[{"embeddable":true,"href":"https:\/\/halleffectkeyboard.com\/pt\/wp-json\/wp\/v2\/comments?post=5822"}],"version-history":[{"count":3,"href":"https:\/\/halleffectkeyboard.com\/pt\/wp-json\/wp\/v2\/product\/5822\/revisions"}],"predecessor-version":[{"id":5837,"href":"https:\/\/halleffectkeyboard.com\/pt\/wp-json\/wp\/v2\/product\/5822\/revisions\/5837"}],"wp:featuredmedia":[{"embeddable":true,"href":"https:\/\/halleffectkeyboard.com\/pt\/wp-json\/wp\/v2\/media\/5829"}],"wp:attachment":[{"href":"https:\/\/halleffectkeyboard.com\/pt\/wp-json\/wp\/v2\/media?parent=5822"}],"wp:term":[{"taxonomy":"product_brand","embeddable":true,"href":"https:\/\/halleffectkeyboard.com\/pt\/wp-json\/wp\/v2\/product_brand?post=5822"},{"taxonomy":"product_cat","embeddable":true,"href":"https:\/\/halleffectkeyboard.com\/pt\/wp-json\/wp\/v2\/product_cat?post=5822"},{"taxonomy":"product_tag","embeddable":true,"href":"https:\/\/halleffectkeyboard.com\/pt\/wp-json\/wp\/v2\/product_tag?post=5822"}],"curies":[{"name":"wp","href":"https:\/\/api.w.org\/{rel}","templated":true}]}}