{"id":5614,"date":"2026-05-11T13:51:38","date_gmt":"2026-05-11T05:51:38","guid":{"rendered":"https:\/\/halleffectkeyboard.com\/?post_type=product&#038;p=5614"},"modified":"2026-05-11T15:52:55","modified_gmt":"2026-05-11T07:52:55","slug":"aula-mini60-he-pro-hall-effect-keyboard","status":"publish","type":"product","link":"https:\/\/halleffectkeyboard.com\/pt\/produto\/teclado-de-efeito-hall-profissional-mini60-he\/","title":{"rendered":"Teclado de efeito Hall AULA Mini60 HE PRO"},"content":{"rendered":"<h1>Teclado AULA Mini60 HE PRO com efeito Hall: O teclado gamer definitivo com acionamento r\u00e1pido 60%<br \/>\n<img loading=\"lazy\" decoding=\"async\" class=\"alignnone size-full wp-image-5654\" src=\"https:\/\/halleffectkeyboard.com\/wp-content\/uploads\/2026\/05\/7-10-scaled.jpg\" alt=\"AULA Mini60 HE PRO Hall Effect Keyboard\" width=\"2560\" height=\"1437\" srcset=\"https:\/\/halleffectkeyboard.com\/wp-content\/uploads\/2026\/05\/7-10-scaled.jpg 2560w, https:\/\/halleffectkeyboard.com\/wp-content\/uploads\/2026\/05\/7-10-300x168.jpg 300w, https:\/\/halleffectkeyboard.com\/wp-content\/uploads\/2026\/05\/7-10-1024x575.jpg 1024w, https:\/\/halleffectkeyboard.com\/wp-content\/uploads\/2026\/05\/7-10-768x431.jpg 768w, https:\/\/halleffectkeyboard.com\/wp-content\/uploads\/2026\/05\/7-10-1536x862.jpg 1536w, https:\/\/halleffectkeyboard.com\/wp-content\/uploads\/2026\/05\/7-10-2048x1150.jpg 2048w, https:\/\/halleffectkeyboard.com\/wp-content\/uploads\/2026\/05\/7-10-18x10.jpg 18w, https:\/\/halleffectkeyboard.com\/wp-content\/uploads\/2026\/05\/7-10-1200x674.jpg 1200w\" sizes=\"auto, (max-width: 2560px) 100vw, 2560px\" data-no-translation=\"\" \/><\/h1>\n<p><strong>Vis\u00e3o geral do produto<\/strong> Descubra o auge dos jogos competitivos com o <strong>AULA Mini60 HE PRO<\/strong>, um premium <strong>teclado com efeito Hall<\/strong> Projetado para profissionais de esports e entusiastas de teclados mec\u00e2nicos. Como um produto de alta qualidade. <strong>Teclado 60<\/strong>, Ele combina perfeitamente a tecnologia de ponta de interruptores magn\u00e9ticos com um design compacto. Se voc\u00ea busca o que h\u00e1 de melhor em tecnologia, este produto \u00e9 para voc\u00ea. <strong>Teclado para jogos FPS<\/strong>, altamente responsivo <strong>Teclado Valorant<\/strong>, ou um rel\u00e2mpago <strong>teclado osu!<\/strong>, O AULA Mini60 HE PRO oferece precis\u00e3o e velocidade incompar\u00e1veis para todas as suas necessidades. <strong>teclado para jogos de ritmo acelerado<\/strong> precisa.<br \/>\n<img loading=\"lazy\" decoding=\"async\" class=\"alignnone size-full wp-image-5648\" src=\"https:\/\/halleffectkeyboard.com\/wp-content\/uploads\/2026\/05\/1-22-scaled.jpg\" alt=\"AULA Mini60 HE PRO Hall Effect Keyboard\" width=\"2560\" height=\"1437\" srcset=\"https:\/\/halleffectkeyboard.com\/wp-content\/uploads\/2026\/05\/1-22-scaled.jpg 2560w, https:\/\/halleffectkeyboard.com\/wp-content\/uploads\/2026\/05\/1-22-300x168.jpg 300w, https:\/\/halleffectkeyboard.com\/wp-content\/uploads\/2026\/05\/1-22-1024x575.jpg 1024w, https:\/\/halleffectkeyboard.com\/wp-content\/uploads\/2026\/05\/1-22-768x431.jpg 768w, https:\/\/halleffectkeyboard.com\/wp-content\/uploads\/2026\/05\/1-22-1536x862.jpg 1536w, https:\/\/halleffectkeyboard.com\/wp-content\/uploads\/2026\/05\/1-22-2048x1150.jpg 2048w, https:\/\/halleffectkeyboard.com\/wp-content\/uploads\/2026\/05\/1-22-18x10.jpg 18w, https:\/\/halleffectkeyboard.com\/wp-content\/uploads\/2026\/05\/1-22-1200x674.jpg 1200w\" sizes=\"auto, (max-width: 2560px) 100vw, 2560px\" data-no-translation=\"\" \/><\/p>\n<h3><strong>Principais caracter\u00edsticas<\/strong><\/h3>\n<p><strong>Interruptores de efeito Hall de \u00faltima gera\u00e7\u00e3o e sensibilidade RT de 0,01 mm<\/strong> Entre no futuro dos jogos com tecnologia avan\u00e7ada. <strong>interruptores de efeito Hall<\/strong>. Como um verdadeiro <strong>Teclado de disparo r\u00e1pido \/ Teclado RT<\/strong>, O Mini60 HE PRO permite um controle preciso da atua\u00e7\u00e3o atrav\u00e9s do seu driver web. <strong>teclado com ponto de atua\u00e7\u00e3o ajust\u00e1vel<\/strong> Permite personalizar os pontos de ativa\u00e7\u00e3o, desde uma resposta ultrarr\u00e1pida de 0,1 mm para jogos de tiro at\u00e9 uma resposta precisa de 3,4 mm para digita\u00e7\u00e3o. Experimente o m\u00e1ximo em conforto e precis\u00e3o. <strong>Teclado com interruptor magn\u00e9tico<\/strong> que se adapta perfeitamente tanto aos intensos jogos de esports quanto \u00e0 produtividade di\u00e1ria.<\/p>\n<p><img loading=\"lazy\" decoding=\"async\" class=\"alignnone size-full wp-image-5649\" src=\"https:\/\/halleffectkeyboard.com\/wp-content\/uploads\/2026\/05\/2-23-scaled.jpg\" alt=\"AULA Mini60 HE PRO Hall Effect Keyboard\" width=\"2560\" height=\"1437\" srcset=\"https:\/\/halleffectkeyboard.com\/wp-content\/uploads\/2026\/05\/2-23-scaled.jpg 2560w, https:\/\/halleffectkeyboard.com\/wp-content\/uploads\/2026\/05\/2-23-300x168.jpg 300w, https:\/\/halleffectkeyboard.com\/wp-content\/uploads\/2026\/05\/2-23-1024x575.jpg 1024w, https:\/\/halleffectkeyboard.com\/wp-content\/uploads\/2026\/05\/2-23-768x431.jpg 768w, https:\/\/halleffectkeyboard.com\/wp-content\/uploads\/2026\/05\/2-23-1536x862.jpg 1536w, https:\/\/halleffectkeyboard.com\/wp-content\/uploads\/2026\/05\/2-23-2048x1150.jpg 2048w, https:\/\/halleffectkeyboard.com\/wp-content\/uploads\/2026\/05\/2-23-18x10.jpg 18w, https:\/\/halleffectkeyboard.com\/wp-content\/uploads\/2026\/05\/2-23-1200x674.jpg 1200w\" sizes=\"auto, (max-width: 2560px) 100vw, 2560px\" data-no-translation=\"\" \/><\/p>\n<p><strong>Taxa de polling extremamente r\u00e1pida de 8000Hz e taxa de varredura de 128KHz.<\/strong> Aprimore sua experi\u00eancia de jogo com uma resposta ultrarr\u00e1pida. <strong>taxa de amostragem de 8000 Hz<\/strong>. Este avan\u00e7ado <strong>teclado magn\u00e9tico<\/strong> Garante lat\u00eancia zero e atualiza\u00e7\u00f5es ultrarr\u00e1pidas a cada pressionamento de tecla. Aliado a uma taxa de varredura de 128 kHz, \u00e9 o ideal. <strong>Teclado para jogo de ritmo<\/strong> Onde cada milissegundo conta, garantindo que cada comando r\u00e1pido seja capturado instantaneamente.<br \/>\n<img loading=\"lazy\" decoding=\"async\" class=\"alignnone size-full wp-image-5653\" src=\"https:\/\/halleffectkeyboard.com\/wp-content\/uploads\/2026\/05\/6-11-scaled.jpg\" alt=\"AULA Mini60 HE PRO Hall Effect Keyboard\" width=\"2560\" height=\"1437\" srcset=\"https:\/\/halleffectkeyboard.com\/wp-content\/uploads\/2026\/05\/6-11-scaled.jpg 2560w, https:\/\/halleffectkeyboard.com\/wp-content\/uploads\/2026\/05\/6-11-300x168.jpg 300w, https:\/\/halleffectkeyboard.com\/wp-content\/uploads\/2026\/05\/6-11-1024x575.jpg 1024w, https:\/\/halleffectkeyboard.com\/wp-content\/uploads\/2026\/05\/6-11-768x431.jpg 768w, https:\/\/halleffectkeyboard.com\/wp-content\/uploads\/2026\/05\/6-11-1536x862.jpg 1536w, https:\/\/halleffectkeyboard.com\/wp-content\/uploads\/2026\/05\/6-11-2048x1150.jpg 2048w, https:\/\/halleffectkeyboard.com\/wp-content\/uploads\/2026\/05\/6-11-18x10.jpg 18w, https:\/\/halleffectkeyboard.com\/wp-content\/uploads\/2026\/05\/6-11-1200x674.jpg 1200w\" sizes=\"auto, (max-width: 2560px) 100vw, 2560px\" data-no-translation=\"\" \/><\/p>\n<p><strong>Layout de teclado compacto 60% para m\u00e1xima efici\u00eancia.<\/strong> Maximize o espa\u00e7o da sua mesa com este elegante suporte. <strong>Teclado gamer de 60 teclas<\/strong>. O minimalista <strong>Layout de teclado de 60%<\/strong> Remove teclas desnecess\u00e1rias para dar ao seu mouse mais espa\u00e7o para deslizar, tornando-o perfeito para jogadores com baixa sensibilidade. Apesar do tamanho, mant\u00e9m todas as funcionalidades \u2014 voc\u00ea pode facilmente personalizar macros ou remapear as teclas. <strong>Tecla inicial padr\u00e3o para teclado de 60 teclas<\/strong> configura\u00e7\u00f5es usando o software intuitivo. Entre todos <strong>60 teclados<\/strong> no mercado, isto <strong>Layout de teclado de 60 teclas<\/strong> Destaca-se pelos suportes ergon\u00f4micos de 2 n\u00edveis para manter o conforto durante longas sess\u00f5es de jogos.<br \/>\n<img loading=\"lazy\" decoding=\"async\" class=\"alignnone size-full wp-image-5651\" src=\"https:\/\/halleffectkeyboard.com\/wp-content\/uploads\/2026\/05\/4-23-scaled.jpg\" alt=\"AULA Mini60 HE PRO Hall Effect Keyboard\" width=\"2560\" height=\"1437\" srcset=\"https:\/\/halleffectkeyboard.com\/wp-content\/uploads\/2026\/05\/4-23-scaled.jpg 2560w, https:\/\/halleffectkeyboard.com\/wp-content\/uploads\/2026\/05\/4-23-300x168.jpg 300w, https:\/\/halleffectkeyboard.com\/wp-content\/uploads\/2026\/05\/4-23-1024x575.jpg 1024w, https:\/\/halleffectkeyboard.com\/wp-content\/uploads\/2026\/05\/4-23-768x431.jpg 768w, https:\/\/halleffectkeyboard.com\/wp-content\/uploads\/2026\/05\/4-23-1536x862.jpg 1536w, https:\/\/halleffectkeyboard.com\/wp-content\/uploads\/2026\/05\/4-23-2048x1150.jpg 2048w, https:\/\/halleffectkeyboard.com\/wp-content\/uploads\/2026\/05\/4-23-18x10.jpg 18w, https:\/\/halleffectkeyboard.com\/wp-content\/uploads\/2026\/05\/4-23-1200x674.jpg 1200w\" sizes=\"auto, (max-width: 2560px) 100vw, 2560px\" data-no-translation=\"\" \/><\/p>\n<p><strong>Dom\u00ednio sem fio tri-modo e multiplataforma<\/strong> O AULA Mini60 HE PRO \u00e9 um aparelho altamente vers\u00e1til. <strong>Teclado gamer compat\u00edvel com Mac e Windows<\/strong>. Ele oferece conectividade perfeita em tr\u00eas modos: Bluetooth, Wi-Fi de 2,4 GHz de baixa lat\u00eancia e USB-C com fio. Com uma bateria robusta de 4000 mAh, voc\u00ea pode alternar facilmente entre seu PC, Mac ou tablet sem se preocupar com recargas frequentes.<br \/>\n<img loading=\"lazy\" decoding=\"async\" class=\"alignnone size-full wp-image-5650\" src=\"https:\/\/halleffectkeyboard.com\/wp-content\/uploads\/2026\/05\/3-24-scaled.jpg\" alt=\"AULA Mini60 HE PRO Hall Effect Keyboard\" width=\"2560\" height=\"1437\" srcset=\"https:\/\/halleffectkeyboard.com\/wp-content\/uploads\/2026\/05\/3-24-scaled.jpg 2560w, https:\/\/halleffectkeyboard.com\/wp-content\/uploads\/2026\/05\/3-24-300x168.jpg 300w, https:\/\/halleffectkeyboard.com\/wp-content\/uploads\/2026\/05\/3-24-1024x575.jpg 1024w, https:\/\/halleffectkeyboard.com\/wp-content\/uploads\/2026\/05\/3-24-768x431.jpg 768w, https:\/\/halleffectkeyboard.com\/wp-content\/uploads\/2026\/05\/3-24-1536x862.jpg 1536w, https:\/\/halleffectkeyboard.com\/wp-content\/uploads\/2026\/05\/3-24-2048x1150.jpg 2048w, https:\/\/halleffectkeyboard.com\/wp-content\/uploads\/2026\/05\/3-24-18x10.jpg 18w, https:\/\/halleffectkeyboard.com\/wp-content\/uploads\/2026\/05\/3-24-1200x674.jpg 1200w\" sizes=\"auto, (max-width: 2560px) 100vw, 2560px\" data-no-translation=\"\" \/><\/p>\n<p><strong>Retroilumina\u00e7\u00e3o RGB deslumbrante e teclas com perfil Cherry.<\/strong> Ilumine sua esta\u00e7\u00e3o de batalha com uma retroilumina\u00e7\u00e3o RGB vibrante e personaliz\u00e1vel. <strong>Teclado personalizado<\/strong> recursos premium <strong>Teclas PBT com perfil Cherry e impress\u00e3o lateral<\/strong> que permitem que a luz RGB brilhe intensamente, mesmo em condi\u00e7\u00f5es de pouca luz. Escolha entre um espectro de efeitos de ilumina\u00e7\u00e3o din\u00e2micos para criar uma atmosfera de jogo imersiva.<\/p>\n<p><strong>Driver Web Program\u00e1vel para Controle Total<\/strong> Desbloqueie todo o potencial do seu <strong>Teclado de 60%<\/strong> Com o driver web program\u00e1vel, implemente o Mod Tap ou o Dynamic Keystroke para atribuir m\u00faltiplas fun\u00e7\u00f5es a uma \u00fanica tecla com base no toque, na press\u00e3o ou na profundidade da tecla, permitindo ativa\u00e7\u00f5es de comandos complexos enquanto mant\u00e9m o controle total das teclas de movimento.<br \/>\n<img loading=\"lazy\" decoding=\"async\" class=\"alignnone size-full wp-image-5652\" src=\"https:\/\/halleffectkeyboard.com\/wp-content\/uploads\/2026\/05\/5-25-scaled.jpg\" alt=\"AULA Mini60 HE PRO Hall Effect Keyboard\" width=\"2560\" height=\"1437\" srcset=\"https:\/\/halleffectkeyboard.com\/wp-content\/uploads\/2026\/05\/5-25-scaled.jpg 2560w, https:\/\/halleffectkeyboard.com\/wp-content\/uploads\/2026\/05\/5-25-300x168.jpg 300w, https:\/\/halleffectkeyboard.com\/wp-content\/uploads\/2026\/05\/5-25-1024x575.jpg 1024w, https:\/\/halleffectkeyboard.com\/wp-content\/uploads\/2026\/05\/5-25-768x431.jpg 768w, https:\/\/halleffectkeyboard.com\/wp-content\/uploads\/2026\/05\/5-25-1536x862.jpg 1536w, https:\/\/halleffectkeyboard.com\/wp-content\/uploads\/2026\/05\/5-25-2048x1150.jpg 2048w, https:\/\/halleffectkeyboard.com\/wp-content\/uploads\/2026\/05\/5-25-18x10.jpg 18w, https:\/\/halleffectkeyboard.com\/wp-content\/uploads\/2026\/05\/5-25-1200x674.jpg 1200w\" sizes=\"auto, (max-width: 2560px) 100vw, 2560px\" data-no-translation=\"\" \/><\/p>\n<hr \/>\n<h3><strong>Vers\u00e3o MAX: A Atualiza\u00e7\u00e3o Premium<\/strong><\/h3>\n<p>Para entusiastas do &quot;fa\u00e7a voc\u00ea mesmo&quot; e tecladistas que tocam teclados personalizados, o <strong>Vers\u00e3o AULA Mini60 HE PRO MAX<\/strong> Leva a qualidade de constru\u00e7\u00e3o a um novo patamar. Esta vers\u00e3o atualizada <strong>teclado magn\u00e9tico com montagem superior<\/strong> O acess\u00f3rio foi otimizado em termos de material, estrutura e compatibilidade.<\/p>\n<ul>\n<li><strong>Materiais e acabamento de alta qualidade:<\/strong>\u00a0Apresenta uma placa de alta densidade e dureza com processo de moldagem integrado por CNC. A superf\u00edcie resistente ao desgaste e a riscos garante que n\u00e3o amarele com o tempo, enquanto as bordas arredondadas e lisas proporcionam uma instala\u00e7\u00e3o segura e sem rebarbas.<\/li>\n<li><strong>Desempenho ac\u00fastico de alta fidelidade:<\/strong>\u00a0A estrutura refor\u00e7ada integrada elimina ru\u00eddos ocos e vibra\u00e7\u00f5es durante a digita\u00e7\u00e3o, proporcionando um perfil de som Hi-Fi mais limpo e com maior textura.<\/li>\n<li><strong>Precis\u00e3o e compatibilidade m\u00e1ximas:<\/strong>\u00a0Projetado com posicionamento de furos sem erros, ele se adapta perfeitamente \u00e0s placas de circuito impresso hot-swap convencionais, interruptores mec\u00e2nicos tradicionais e eixos sat\u00e9lite.<\/li>\n<li><strong>Feito para durar:<\/strong>\u00a0Materiais mais espessos e aprimorados oferecem maior resist\u00eancia \u00e0 press\u00e3o, evitando dobras e garantindo uma vida \u00fatil mais longa para o seu produto.\u00a0<strong>Teclado para jogos<\/strong>.<\/li>\n<\/ul>\n<p><strong>Cen\u00e1rios de uso:<\/strong> Perfeito para competi\u00e7\u00f5es de e-sports, digita\u00e7\u00e3o di\u00e1ria no escrit\u00f3rio, modifica\u00e7\u00f5es de teclados DIY e para aprimorar sua configura\u00e7\u00e3o atual. Domine os placares e eleve sua experi\u00eancia de digita\u00e7\u00e3o com o AULA Mini60 HE PRO hoje mesmo!<\/p>","protected":false},"excerpt":{"rendered":"<ul>\n<li><strong>Precis\u00e3o de Pr\u00f3xima Gera\u00e7\u00e3o:<\/strong>\u00a0Interruptores magn\u00e9ticos de efeito Hall com sensibilidade de disparo r\u00e1pido (RT) ajust\u00e1vel em 0,01 mm.<\/li>\n<li><strong>Lat\u00eancia zero:<\/strong>\u00a0Taxa de polling de 8000Hz e taxa de varredura de 128KHz para resposta instant\u00e2nea em jogos de ritmo acelerado.<\/li>\n<li><strong>Efici\u00eancia compacta:<\/strong>\u00a0Layout 60% com teclas PBT premium de perfil Cherry com impress\u00e3o lateral e um impressionante RGB.<\/li>\n<li><strong>Dom\u00ednio multiplataforma:<\/strong>\u00a0Conectividade tripla (Bluetooth, 2,4 GHz, USB-C) totalmente compat\u00edvel com Mac e Windows.<\/li>\n<\/ul>","protected":false},"featured_media":5643,"comment_status":"open","ping_status":"closed","template":"","meta":[],"product_brand":[54],"product_cat":[571,322,20],"product_tag":[606,58,22],"class_list":{"0":"post-5614","1":"product","2":"type-product","3":"status-publish","4":"has-post-thumbnail","6":"product_brand-aula","7":"product_cat-60-keyboard","8":"product_cat-hall-effect-keyboard","9":"product_cat-keyboard","10":"product_tag-60-keyboard","11":"product_tag-hall-effect-keyboard","12":"product_tag-keyboard","14":"first","15":"instock","16":"sale","17":"taxable","18":"shipping-taxable","19":"purchasable","20":"product-type-variable","21":"wvs-archive-product-wrapper"},"aioseo_notices":[],"ct_brands":[{"id":54,"name":"AULA","slug":"aula"}],"jetpack_sharing_enabled":true,"_links":{"self":[{"href":"https:\/\/halleffectkeyboard.com\/pt\/wp-json\/wp\/v2\/product\/5614","targetHints":{"allow":["GET"]}}],"collection":[{"href":"https:\/\/halleffectkeyboard.com\/pt\/wp-json\/wp\/v2\/product"}],"about":[{"href":"https:\/\/halleffectkeyboard.com\/pt\/wp-json\/wp\/v2\/types\/product"}],"replies":[{"embeddable":true,"href":"https:\/\/halleffectkeyboard.com\/pt\/wp-json\/wp\/v2\/comments?post=5614"}],"version-history":[{"count":3,"href":"https:\/\/halleffectkeyboard.com\/pt\/wp-json\/wp\/v2\/product\/5614\/revisions"}],"predecessor-version":[{"id":5656,"href":"https:\/\/halleffectkeyboard.com\/pt\/wp-json\/wp\/v2\/product\/5614\/revisions\/5656"}],"wp:featuredmedia":[{"embeddable":true,"href":"https:\/\/halleffectkeyboard.com\/pt\/wp-json\/wp\/v2\/media\/5643"}],"wp:attachment":[{"href":"https:\/\/halleffectkeyboard.com\/pt\/wp-json\/wp\/v2\/media?parent=5614"}],"wp:term":[{"taxonomy":"product_brand","embeddable":true,"href":"https:\/\/halleffectkeyboard.com\/pt\/wp-json\/wp\/v2\/product_brand?post=5614"},{"taxonomy":"product_cat","embeddable":true,"href":"https:\/\/halleffectkeyboard.com\/pt\/wp-json\/wp\/v2\/product_cat?post=5614"},{"taxonomy":"product_tag","embeddable":true,"href":"https:\/\/halleffectkeyboard.com\/pt\/wp-json\/wp\/v2\/product_tag?post=5614"}],"curies":[{"name":"wp","href":"https:\/\/api.w.org\/{rel}","templated":true}]}}