{"id":5541,"date":"2026-05-09T15:46:27","date_gmt":"2026-05-09T07:46:27","guid":{"rendered":"https:\/\/halleffectkeyboard.com\/?post_type=product&#038;p=5541"},"modified":"2026-05-11T10:21:17","modified_gmt":"2026-05-11T02:21:17","slug":"aula-ag75-hall-effect-keyboard","status":"publish","type":"product","link":"https:\/\/halleffectkeyboard.com\/pt\/produto\/teclado-de-efeito-hall-aula-ag75\/","title":{"rendered":"Teclado de efeito Hall AULA AG75"},"content":{"rendered":"<h1>Teclado AULA AG75 com efeito Hall: O teclado definitivo para jogos com \u00edm\u00e3s 75%<br \/>\n<img loading=\"lazy\" decoding=\"async\" class=\"alignnone size-full wp-image-5596\" src=\"https:\/\/halleffectkeyboard.com\/wp-content\/uploads\/2026\/05\/1-20-scaled.jpg\" alt=\"AULA AG75 Hall Effect Keyboard\" width=\"2560\" height=\"1437\" srcset=\"https:\/\/halleffectkeyboard.com\/wp-content\/uploads\/2026\/05\/1-20-scaled.jpg 2560w, https:\/\/halleffectkeyboard.com\/wp-content\/uploads\/2026\/05\/1-20-300x168.jpg 300w, https:\/\/halleffectkeyboard.com\/wp-content\/uploads\/2026\/05\/1-20-1024x575.jpg 1024w, https:\/\/halleffectkeyboard.com\/wp-content\/uploads\/2026\/05\/1-20-768x431.jpg 768w, https:\/\/halleffectkeyboard.com\/wp-content\/uploads\/2026\/05\/1-20-1536x862.jpg 1536w, https:\/\/halleffectkeyboard.com\/wp-content\/uploads\/2026\/05\/1-20-2048x1150.jpg 2048w, https:\/\/halleffectkeyboard.com\/wp-content\/uploads\/2026\/05\/1-20-18x10.jpg 18w, https:\/\/halleffectkeyboard.com\/wp-content\/uploads\/2026\/05\/1-20-1200x674.jpg 1200w\" sizes=\"auto, (max-width: 2560px) 100vw, 2560px\" data-no-translation=\"\" \/><\/h1>\n<p>Descubra o pr\u00f3ximo n\u00edvel de jogos competitivos e precis\u00e3o de digita\u00e7\u00e3o com o <strong>AULA AG75<\/strong>, um premium <strong>teclado com efeito Hall<\/strong> Projetado para o m\u00e1ximo desempenho. Com um corpo elegante totalmente em alum\u00ednio usinado em CNC e interruptores magn\u00e9ticos de \u00faltima gera\u00e7\u00e3o, este <strong>75 teclados<\/strong> O AG75 oferece o equil\u00edbrio perfeito entre um formato compacto e uma funcionalidade intransigente. Seja voc\u00ea um profissional de e-sports ou um entusiasta de teclados mec\u00e2nicos personalizados, a s\u00e9rie AG75 (Standard, Pro e Ultra) proporciona uma experi\u00eancia incompar\u00e1vel.<br \/>\n<img loading=\"lazy\" decoding=\"async\" class=\"alignnone size-full wp-image-5599\" src=\"https:\/\/halleffectkeyboard.com\/wp-content\/uploads\/2026\/05\/4-21-scaled.jpg\" alt=\"AULA AG75 Hall Effect Keyboard\" width=\"2560\" height=\"1437\" srcset=\"https:\/\/halleffectkeyboard.com\/wp-content\/uploads\/2026\/05\/4-21-scaled.jpg 2560w, https:\/\/halleffectkeyboard.com\/wp-content\/uploads\/2026\/05\/4-21-300x168.jpg 300w, https:\/\/halleffectkeyboard.com\/wp-content\/uploads\/2026\/05\/4-21-1024x575.jpg 1024w, https:\/\/halleffectkeyboard.com\/wp-content\/uploads\/2026\/05\/4-21-768x431.jpg 768w, https:\/\/halleffectkeyboard.com\/wp-content\/uploads\/2026\/05\/4-21-1536x862.jpg 1536w, https:\/\/halleffectkeyboard.com\/wp-content\/uploads\/2026\/05\/4-21-2048x1150.jpg 2048w, https:\/\/halleffectkeyboard.com\/wp-content\/uploads\/2026\/05\/4-21-18x10.jpg 18w, https:\/\/halleffectkeyboard.com\/wp-content\/uploads\/2026\/05\/4-21-1200x674.jpg 1200w\" sizes=\"auto, (max-width: 2560px) 100vw, 2560px\" data-no-translation=\"\" \/><\/p>\n<h2>Domine com desempenho ultrarr\u00e1pido<\/h2>\n<p>Constru\u00eddo para velocidade, o AULA AG75 \u00e9 um verdadeiro <strong>Teclado de disparo r\u00e1pido \/ Teclado RT<\/strong> Isso elimina o atraso de entrada tradicional.<\/p>\n<ul>\n<li><strong>Resposta ultrarr\u00e1pida:<\/strong>\u00a0Experimente jogos verdadeiramente sem atrasos com um\u00a0<strong>Taxa de amostragem de 8000Hz<\/strong>\u00a0e uma lat\u00eancia m\u00e9dia surpreendentemente baixa, de at\u00e9 0,08 ms (vers\u00e3o Ultra).<\/li>\n<li><strong>Teclado com ponto de atua\u00e7\u00e3o ajust\u00e1vel:<\/strong>\u00a0Personalize o curso da sua tecla de 0,001 mm a 3,4 mm. A precis\u00e3o de 0,001 mm por passo e a zona morta &quot;0&quot; ajust\u00e1vel tornam este teclado perfeito para teclados.\u00a0<strong>Teclado para jogos FPS<\/strong>\u00a0e\u00a0<strong>Teclado Valorant<\/strong>, permitindo paradas bruscas em strafe e precis\u00e3o milim\u00e9trica.<br \/>\n<img loading=\"lazy\" decoding=\"async\" class=\"alignnone size-full wp-image-5602\" src=\"https:\/\/halleffectkeyboard.com\/wp-content\/uploads\/2026\/05\/7-9-scaled.jpg\" alt=\"AULA AG75 Hall Effect Keyboard\" width=\"2560\" height=\"1437\" srcset=\"https:\/\/halleffectkeyboard.com\/wp-content\/uploads\/2026\/05\/7-9-scaled.jpg 2560w, https:\/\/halleffectkeyboard.com\/wp-content\/uploads\/2026\/05\/7-9-300x168.jpg 300w, https:\/\/halleffectkeyboard.com\/wp-content\/uploads\/2026\/05\/7-9-1024x575.jpg 1024w, https:\/\/halleffectkeyboard.com\/wp-content\/uploads\/2026\/05\/7-9-768x431.jpg 768w, https:\/\/halleffectkeyboard.com\/wp-content\/uploads\/2026\/05\/7-9-1536x862.jpg 1536w, https:\/\/halleffectkeyboard.com\/wp-content\/uploads\/2026\/05\/7-9-2048x1150.jpg 2048w, https:\/\/halleffectkeyboard.com\/wp-content\/uploads\/2026\/05\/7-9-18x10.jpg 18w, https:\/\/halleffectkeyboard.com\/wp-content\/uploads\/2026\/05\/7-9-1200x674.jpg 1200w\" sizes=\"auto, (max-width: 2560px) 100vw, 2560px\" data-no-translation=\"\" \/><\/li>\n<li><strong>Feito para a velocidade:<\/strong>\u00a0Se voc\u00ea precisar de um\u00a0<strong>teclado osu!<\/strong>, um\u00a0<strong>Teclado para jogo de ritmo<\/strong>, ou um confi\u00e1vel\u00a0<strong>Teclado para jogos de ritmo acelerado<\/strong>, as avan\u00e7adas 3\u00aa e 4\u00aa gera\u00e7\u00f5es\u00a0<strong>interruptores de efeito Hall<\/strong>\u00a0Garantir que cada tecla pressionada seja registrada instantaneamente.<br \/>\n<img loading=\"lazy\" decoding=\"async\" class=\"alignnone size-full wp-image-5597\" src=\"https:\/\/halleffectkeyboard.com\/wp-content\/uploads\/2026\/05\/2-21-scaled.jpg\" alt=\"AULA AG75 Hall Effect Keyboard\" width=\"2560\" height=\"1437\" srcset=\"https:\/\/halleffectkeyboard.com\/wp-content\/uploads\/2026\/05\/2-21-scaled.jpg 2560w, https:\/\/halleffectkeyboard.com\/wp-content\/uploads\/2026\/05\/2-21-300x168.jpg 300w, https:\/\/halleffectkeyboard.com\/wp-content\/uploads\/2026\/05\/2-21-1024x575.jpg 1024w, https:\/\/halleffectkeyboard.com\/wp-content\/uploads\/2026\/05\/2-21-768x431.jpg 768w, https:\/\/halleffectkeyboard.com\/wp-content\/uploads\/2026\/05\/2-21-1536x862.jpg 1536w, https:\/\/halleffectkeyboard.com\/wp-content\/uploads\/2026\/05\/2-21-2048x1150.jpg 2048w, https:\/\/halleffectkeyboard.com\/wp-content\/uploads\/2026\/05\/2-21-18x10.jpg 18w, https:\/\/halleffectkeyboard.com\/wp-content\/uploads\/2026\/05\/2-21-1200x674.jpg 1200w\" sizes=\"auto, (max-width: 2560px) 100vw, 2560px\" data-no-translation=\"\" \/><\/li>\n<\/ul>\n<h2>Experi\u00eancia Premium de Teclado Personalizado<\/h2>\n<p>Experimente a ac\u00fastica e a sensa\u00e7\u00e3o de um sistema de som de alta qualidade. <strong>Teclado personalizado<\/strong> logo ao abrir a caixa.<\/p>\n<ul>\n<li><strong>Constru\u00e7\u00e3o superior:<\/strong>\u00a0Envolto em uma carca\u00e7a de alum\u00ednio anodizado de 220 mesh ou em uma fina camada de alum\u00ednio obtida por eletroforese, este\u00a0<strong>teclado magn\u00e9tico<\/strong>\u00a0Apresenta uma textura r\u00edgida e de alta qualidade.<\/li>\n<li><strong>Ac\u00fastica HIFI:<\/strong>\u00a0Equipado com um sistema de acolchoamento completo de 6 camadas (incluindo espuma PO de recupera\u00e7\u00e3o lenta, cal\u00e7os PET e uma placa de posicionamento de fibra de carbono), proporciona um perfil sonoro limpo e encorpado.<\/li>\n<li><strong>Design vers\u00e1til:<\/strong>\u00a0Projetado para rivalizar com qualquer outro.\u00a0<strong>teclado magn\u00e9tico de montagem superior<\/strong>, Possui um sistema de montagem magn\u00e9tica de libera\u00e7\u00e3o r\u00e1pida para facilitar a personaliza\u00e7\u00e3o. Combina perfeitamente com diversos estilos de teclas, incluindo as premium.\u00a0<strong>Teclas PBT com perfil Cherry e impress\u00e3o lateral<\/strong>\u00a0e os conjuntos com tema fosco\/met\u00e1lico inclu\u00eddos.<br \/>\n<img loading=\"lazy\" decoding=\"async\" class=\"alignnone size-full wp-image-5601\" src=\"https:\/\/halleffectkeyboard.com\/wp-content\/uploads\/2026\/05\/6-10-scaled.jpg\" alt=\"AULA AG75 Hall Effect Keyboard\" width=\"2560\" height=\"1437\" srcset=\"https:\/\/halleffectkeyboard.com\/wp-content\/uploads\/2026\/05\/6-10-scaled.jpg 2560w, https:\/\/halleffectkeyboard.com\/wp-content\/uploads\/2026\/05\/6-10-300x168.jpg 300w, https:\/\/halleffectkeyboard.com\/wp-content\/uploads\/2026\/05\/6-10-1024x575.jpg 1024w, https:\/\/halleffectkeyboard.com\/wp-content\/uploads\/2026\/05\/6-10-768x431.jpg 768w, https:\/\/halleffectkeyboard.com\/wp-content\/uploads\/2026\/05\/6-10-1536x862.jpg 1536w, https:\/\/halleffectkeyboard.com\/wp-content\/uploads\/2026\/05\/6-10-2048x1150.jpg 2048w, https:\/\/halleffectkeyboard.com\/wp-content\/uploads\/2026\/05\/6-10-18x10.jpg 18w, https:\/\/halleffectkeyboard.com\/wp-content\/uploads\/2026\/05\/6-10-1200x674.jpg 1200w\" sizes=\"auto, (max-width: 2560px) 100vw, 2560px\" data-no-translation=\"\" \/><\/li>\n<\/ul>\n<h2>Teclado com interruptor magn\u00e9tico de \u00faltima gera\u00e7\u00e3o<\/h2>\n<p>Entre no futuro de <strong>Teclados HE<\/strong> com os interruptores personalizados da AULA. Isto <strong>Teclado com interruptor magn\u00e9tico<\/strong> Oferece quatro op\u00e7\u00f5es de interruptor distintas para atender \u00e0 sua prefer\u00eancia exata:<\/p>\n<ul>\n<li><strong>Interruptor magn\u00e9tico misto:<\/strong>\u00a0Sensa\u00e7\u00e3o linear suave com acionamento instant\u00e2neo.<\/li>\n<li><strong>Interruptor magn\u00e9tico prateado Bingxin:<\/strong>\u00a0T\u00e1til com feedback claro.<\/li>\n<li><strong>Interruptor magn\u00e9tico Chaoshen:<\/strong>\u00a0Linear e ultrarr\u00e1pido para jogos competitivos.<\/li>\n<li><strong>Interruptor magn\u00e9tico Babao:<\/strong>\u00a0Som n\u00edtido de &quot;gota d&#039;\u00e1gua&quot; com um grave limpo e sem abafamento.<br \/>\n<img loading=\"lazy\" decoding=\"async\" class=\"alignnone size-full wp-image-5600\" src=\"https:\/\/halleffectkeyboard.com\/wp-content\/uploads\/2026\/05\/5-23-scaled.jpg\" alt=\"AULA AG75 Hall Effect Keyboard\" width=\"2560\" height=\"1437\" srcset=\"https:\/\/halleffectkeyboard.com\/wp-content\/uploads\/2026\/05\/5-23-scaled.jpg 2560w, https:\/\/halleffectkeyboard.com\/wp-content\/uploads\/2026\/05\/5-23-300x168.jpg 300w, https:\/\/halleffectkeyboard.com\/wp-content\/uploads\/2026\/05\/5-23-1024x575.jpg 1024w, https:\/\/halleffectkeyboard.com\/wp-content\/uploads\/2026\/05\/5-23-768x431.jpg 768w, https:\/\/halleffectkeyboard.com\/wp-content\/uploads\/2026\/05\/5-23-1536x862.jpg 1536w, https:\/\/halleffectkeyboard.com\/wp-content\/uploads\/2026\/05\/5-23-2048x1150.jpg 2048w, https:\/\/halleffectkeyboard.com\/wp-content\/uploads\/2026\/05\/5-23-18x10.jpg 18w, https:\/\/halleffectkeyboard.com\/wp-content\/uploads\/2026\/05\/5-23-1200x674.jpg 1200w\" sizes=\"auto, (max-width: 2560px) 100vw, 2560px\" data-no-translation=\"\" \/><\/li>\n<\/ul>\n<h2>Layout inteligente e ampla compatibilidade<\/h2>\n<ul>\n<li><strong>Design que economiza espa\u00e7o:<\/strong>\u00a0O\u00a0<strong>Teclado de 75%<\/strong>\u00a0O formato compacto do modelo 25% economiza espa\u00e7o na sua mesa em compara\u00e7\u00e3o com os modelos de tamanho normal. O design otimizado permite economizar espa\u00e7o na sua mesa.\u00a0<strong>Layout de teclado 75<\/strong>\u00a0Mant\u00e9m as teclas de fun\u00e7\u00e3o essenciais e as teclas de seta, tornando-o um dos mais pr\u00e1ticos.\u00a0<strong>75 teclados<\/strong>\u00a0no mercado.<\/li>\n<li><strong>Integra\u00e7\u00e3o perfeita:<\/strong>\u00a0Isto \u00e9 totalmente\u00a0<strong>Teclado gamer compat\u00edvel com Mac e Windows<\/strong>\u00a0(Tamb\u00e9m compat\u00edvel com Linux).<\/li>\n<li><strong>Software avan\u00e7ado:<\/strong>\u00a0Com o driver AULA Web Driver 3.0, voc\u00ea pode mapear facilmente as configura\u00e7\u00f5es de RT\/SOCD, configurar presets profissionais e personalizar a vibrante ilumina\u00e7\u00e3o ARGB de 170 LEDs sem precisar baixar softwares desnecess\u00e1rios.<\/li>\n<li><strong>Gatilho duplo \u201cAlma dupla\u201d:<\/strong>\u00a0Alterne instantaneamente entre dois modos personalizados com um clique \u2014 perfeito para transitar do trabalho para os jogos.<br \/>\n<img loading=\"lazy\" decoding=\"async\" class=\"alignnone size-full wp-image-5598\" src=\"https:\/\/halleffectkeyboard.com\/wp-content\/uploads\/2026\/05\/3-22-scaled.jpg\" alt=\"AULA AG75 Hall Effect Keyboard\" width=\"2560\" height=\"1437\" srcset=\"https:\/\/halleffectkeyboard.com\/wp-content\/uploads\/2026\/05\/3-22-scaled.jpg 2560w, https:\/\/halleffectkeyboard.com\/wp-content\/uploads\/2026\/05\/3-22-300x168.jpg 300w, https:\/\/halleffectkeyboard.com\/wp-content\/uploads\/2026\/05\/3-22-1024x575.jpg 1024w, https:\/\/halleffectkeyboard.com\/wp-content\/uploads\/2026\/05\/3-22-768x431.jpg 768w, https:\/\/halleffectkeyboard.com\/wp-content\/uploads\/2026\/05\/3-22-1536x862.jpg 1536w, https:\/\/halleffectkeyboard.com\/wp-content\/uploads\/2026\/05\/3-22-2048x1150.jpg 2048w, https:\/\/halleffectkeyboard.com\/wp-content\/uploads\/2026\/05\/3-22-18x10.jpg 18w, https:\/\/halleffectkeyboard.com\/wp-content\/uploads\/2026\/05\/3-22-1200x674.jpg 1200w\" sizes=\"auto, (max-width: 2560px) 100vw, 2560px\" data-no-translation=\"\" \/><\/li>\n<\/ul>\n<hr \/>\n<h2>Compara\u00e7\u00e3o da s\u00e9rie AULA AG75: Qual \u00e9 a ideal para voc\u00ea?<\/h2>\n<table>\n<thead>\n<tr>\n<th>Recurso<\/th>\n<th>AULA AG75<\/th>\n<th>AULA AG75 Pro<\/th>\n<th>AULA AG75 Ultra<\/th>\n<\/tr>\n<\/thead>\n<tbody>\n<tr>\n<td><strong>Usu\u00e1rio-alvo<\/strong><\/td>\n<td>Competitivo de n\u00edvel inicial<\/td>\n<td>Jogadores avan\u00e7ados<\/td>\n<td>Profissionais de Esports<\/td>\n<\/tr>\n<tr>\n<td><strong>Sensor<\/strong><\/td>\n<td>Sensor Hall de 3\u00aa gera\u00e7\u00e3o<\/td>\n<td>Sensor Hall de 3\u00aa gera\u00e7\u00e3o<\/td>\n<td><strong>Sensor Hall de 4\u00aa gera\u00e7\u00e3o<\/strong>\u00a0(Mais preciso)<\/td>\n<\/tr>\n<tr>\n<td><strong>Taxa de varredura \/ Lat\u00eancia<\/strong><\/td>\n<td>256K \/ 0,1ms<\/td>\n<td>256K \/ 0,1ms<\/td>\n<td><strong>2304K \/ 0,08ms<\/strong><\/td>\n<\/tr>\n<tr>\n<td><strong>Solu\u00e7\u00e3o de PCB<\/strong><\/td>\n<td>Solu\u00e7\u00e3o de esta\u00e7\u00e3o \u00fanica<\/td>\n<td>Solu\u00e7\u00e3o de esta\u00e7\u00e3o dupla<\/td>\n<td><strong>Conex\u00e3o direta Starlight de 3 n\u00facleos<\/strong><\/td>\n<\/tr>\n<tr>\n<td><strong>Interruptores de estoque<\/strong><\/td>\n<td>Mistura Magn\u00e9tica<\/td>\n<td>Bingxin Prata Magn\u00e9tico<\/td>\n<td>Chaoshen \/ Babao Magn\u00e9tico<\/td>\n<\/tr>\n<tr>\n<td><strong>Acabamento em concha<\/strong><\/td>\n<td>Anodizado de 220 mesh<\/td>\n<td>Eletroforese fina<\/td>\n<td>Anodizado de 220 mesh<\/td>\n<\/tr>\n<tr>\n<td><strong>Teclas<\/strong><\/td>\n<td>Transl\u00facido fosco<\/td>\n<td>Metal\/Sublima\u00e7\u00e3o t\u00e9rmica<\/td>\n<td>Metal\/Transparente em 3 pe\u00e7as<\/td>\n<\/tr>\n<\/tbody>\n<\/table>\n<p><strong>Melhore seu equipamento hoje mesmo com o teclado de efeito Hall AULA AG75 \u2014 onde a engenharia de precis\u00e3o encontra a domin\u00e2ncia competitiva.<br \/>\n<img loading=\"lazy\" decoding=\"async\" class=\"alignnone size-full wp-image-5603\" src=\"https:\/\/halleffectkeyboard.com\/wp-content\/uploads\/2026\/05\/8-4-scaled.jpg\" alt=\"AULA AG75 Hall Effect Keyboard\" width=\"2560\" height=\"1437\" srcset=\"https:\/\/halleffectkeyboard.com\/wp-content\/uploads\/2026\/05\/8-4-scaled.jpg 2560w, https:\/\/halleffectkeyboard.com\/wp-content\/uploads\/2026\/05\/8-4-300x168.jpg 300w, https:\/\/halleffectkeyboard.com\/wp-content\/uploads\/2026\/05\/8-4-1024x575.jpg 1024w, https:\/\/halleffectkeyboard.com\/wp-content\/uploads\/2026\/05\/8-4-768x431.jpg 768w, https:\/\/halleffectkeyboard.com\/wp-content\/uploads\/2026\/05\/8-4-1536x862.jpg 1536w, https:\/\/halleffectkeyboard.com\/wp-content\/uploads\/2026\/05\/8-4-2048x1150.jpg 2048w, https:\/\/halleffectkeyboard.com\/wp-content\/uploads\/2026\/05\/8-4-18x10.jpg 18w, https:\/\/halleffectkeyboard.com\/wp-content\/uploads\/2026\/05\/8-4-1200x674.jpg 1200w\" sizes=\"auto, (max-width: 2560px) 100vw, 2560px\" data-no-translation=\"\" \/><br \/>\n<\/strong><\/p>","protected":false},"excerpt":{"rendered":"<ul>\n<li><strong>Resposta ultrarr\u00e1pida:<\/strong>\u00a0Taxa de polling de 8000Hz com lat\u00eancia de at\u00e9 0,08ms.<\/li>\n<li><strong>Gatilho R\u00e1pido (RT):<\/strong>\u00a0Acionamento ajust\u00e1vel com precis\u00e3o de 0,001 mm para movimenta\u00e7\u00e3o lateral instant\u00e2nea.<\/li>\n<li><strong>Vers\u00e3o Premium:<\/strong>\u00a0Carca\u00e7a totalmente em alum\u00ednio usinado em CNC com sistema de amortecimento de som HIFI de 6 camadas.<\/li>\n<li><strong>Layout do Smart 75%:<\/strong>\u00a0Economiza espa\u00e7o na mesa sem sacrificar as teclas essenciais.<\/li>\n<li><strong>Ampla compatibilidade:<\/strong>\u00a0Funciona perfeitamente com Mac e Windows.<\/li>\n<\/ul>","protected":false},"featured_media":5574,"comment_status":"open","ping_status":"closed","template":"","meta":[],"product_brand":[54],"product_cat":[574,322,20],"product_tag":[626,58,22],"class_list":{"0":"post-5541","1":"product","2":"type-product","3":"status-publish","4":"has-post-thumbnail","6":"product_brand-aula","7":"product_cat-75-keyboard","8":"product_cat-hall-effect-keyboard","9":"product_cat-keyboard","10":"product_tag-75-keyboard","11":"product_tag-hall-effect-keyboard","12":"product_tag-keyboard","14":"first","15":"instock","16":"taxable","17":"shipping-taxable","18":"purchasable","19":"product-type-variable","20":"wvs-archive-product-wrapper"},"aioseo_notices":[],"ct_brands":[{"id":54,"name":"AULA","slug":"aula"}],"jetpack_sharing_enabled":true,"_links":{"self":[{"href":"https:\/\/halleffectkeyboard.com\/pt\/wp-json\/wp\/v2\/product\/5541","targetHints":{"allow":["GET"]}}],"collection":[{"href":"https:\/\/halleffectkeyboard.com\/pt\/wp-json\/wp\/v2\/product"}],"about":[{"href":"https:\/\/halleffectkeyboard.com\/pt\/wp-json\/wp\/v2\/types\/product"}],"replies":[{"embeddable":true,"href":"https:\/\/halleffectkeyboard.com\/pt\/wp-json\/wp\/v2\/comments?post=5541"}],"version-history":[{"count":3,"href":"https:\/\/halleffectkeyboard.com\/pt\/wp-json\/wp\/v2\/product\/5541\/revisions"}],"predecessor-version":[{"id":5605,"href":"https:\/\/halleffectkeyboard.com\/pt\/wp-json\/wp\/v2\/product\/5541\/revisions\/5605"}],"wp:featuredmedia":[{"embeddable":true,"href":"https:\/\/halleffectkeyboard.com\/pt\/wp-json\/wp\/v2\/media\/5574"}],"wp:attachment":[{"href":"https:\/\/halleffectkeyboard.com\/pt\/wp-json\/wp\/v2\/media?parent=5541"}],"wp:term":[{"taxonomy":"product_brand","embeddable":true,"href":"https:\/\/halleffectkeyboard.com\/pt\/wp-json\/wp\/v2\/product_brand?post=5541"},{"taxonomy":"product_cat","embeddable":true,"href":"https:\/\/halleffectkeyboard.com\/pt\/wp-json\/wp\/v2\/product_cat?post=5541"},{"taxonomy":"product_tag","embeddable":true,"href":"https:\/\/halleffectkeyboard.com\/pt\/wp-json\/wp\/v2\/product_tag?post=5541"}],"curies":[{"name":"wp","href":"https:\/\/api.w.org\/{rel}","templated":true}]}}