{"id":5500,"date":"2026-05-09T11:36:29","date_gmt":"2026-05-09T03:36:29","guid":{"rendered":"https:\/\/halleffectkeyboard.com\/?post_type=product&#038;p=5500"},"modified":"2026-05-09T15:26:21","modified_gmt":"2026-05-09T07:26:21","slug":"aula-ag60-hall-effect-keyboard","status":"publish","type":"product","link":"https:\/\/halleffectkeyboard.com\/pt\/produto\/teclado-de-efeito-hall-aula-ag60\/","title":{"rendered":"Teclado de efeito Hall AULA AG60"},"content":{"rendered":"<h1>Teclado AULA AG60 com efeito Hall: O teclado gamer definitivo com acionamento r\u00e1pido 60%<br \/>\n<img loading=\"lazy\" decoding=\"async\" class=\"alignnone size-full wp-image-5508\" src=\"https:\/\/halleffectkeyboard.com\/wp-content\/uploads\/2026\/05\/1-16-scaled.jpg\" alt=\"AULA AG60 Hall Effect Keyboard\" width=\"2560\" height=\"1437\" srcset=\"https:\/\/halleffectkeyboard.com\/wp-content\/uploads\/2026\/05\/1-16-scaled.jpg 2560w, https:\/\/halleffectkeyboard.com\/wp-content\/uploads\/2026\/05\/1-16-300x168.jpg 300w, https:\/\/halleffectkeyboard.com\/wp-content\/uploads\/2026\/05\/1-16-1024x575.jpg 1024w, https:\/\/halleffectkeyboard.com\/wp-content\/uploads\/2026\/05\/1-16-768x431.jpg 768w, https:\/\/halleffectkeyboard.com\/wp-content\/uploads\/2026\/05\/1-16-1536x862.jpg 1536w, https:\/\/halleffectkeyboard.com\/wp-content\/uploads\/2026\/05\/1-16-2048x1150.jpg 2048w, https:\/\/halleffectkeyboard.com\/wp-content\/uploads\/2026\/05\/1-16-18x10.jpg 18w, https:\/\/halleffectkeyboard.com\/wp-content\/uploads\/2026\/05\/1-16-1200x674.jpg 1200w\" sizes=\"auto, (max-width: 2560px) 100vw, 2560px\" data-no-translation=\"\" \/><\/h1>\n<p><strong>Aumente sua vantagem competitiva com a s\u00e9rie AULA AG60 \u2014 o teclado com efeito Hall de primeira linha, projetado para velocidade, precis\u00e3o e est\u00e9tica minimalista.<\/strong><\/p>\n<p>O <strong>Teclado AULA AG60 com efeito Hall<\/strong> Foi projetado para dominar. Apresentando tecnologias l\u00edderes do setor. <strong>interruptor magn\u00e9tico<\/strong> tecnologia, uma <strong>Taxa de amostragem de 8000Hz<\/strong>, e um compacto <strong>Layout do teclado 60%<\/strong>, este \u00e9 o <strong>Teclado Rapid Trigger econ\u00f4mico<\/strong> Voc\u00ea estava esperando por isso.<br \/>\n<img loading=\"lazy\" decoding=\"async\" class=\"alignnone size-full wp-image-5515\" src=\"https:\/\/halleffectkeyboard.com\/wp-content\/uploads\/2026\/05\/7-7-scaled.jpg\" alt=\"AULA AG60 Hall Effect Keyboard\" width=\"2560\" height=\"1437\" srcset=\"https:\/\/halleffectkeyboard.com\/wp-content\/uploads\/2026\/05\/7-7-scaled.jpg 2560w, https:\/\/halleffectkeyboard.com\/wp-content\/uploads\/2026\/05\/7-7-300x168.jpg 300w, https:\/\/halleffectkeyboard.com\/wp-content\/uploads\/2026\/05\/7-7-1024x575.jpg 1024w, https:\/\/halleffectkeyboard.com\/wp-content\/uploads\/2026\/05\/7-7-768x431.jpg 768w, https:\/\/halleffectkeyboard.com\/wp-content\/uploads\/2026\/05\/7-7-1536x862.jpg 1536w, https:\/\/halleffectkeyboard.com\/wp-content\/uploads\/2026\/05\/7-7-2048x1150.jpg 2048w, https:\/\/halleffectkeyboard.com\/wp-content\/uploads\/2026\/05\/7-7-18x10.jpg 18w, https:\/\/halleffectkeyboard.com\/wp-content\/uploads\/2026\/05\/7-7-1200x674.jpg 1200w\" sizes=\"auto, (max-width: 2560px) 100vw, 2560px\" data-no-translation=\"\" \/><\/p>\n<hr \/>\n<h2>Por que escolher o teclado com efeito Hall AULA AG60?<\/h2>\n<p>O AULA AG60 n\u00e3o \u00e9 apenas mais um <strong>Teclado gamer de 60 teclas<\/strong>; \u00c9 uma ferramenta de alto desempenho criada para jogadores que exigem lat\u00eancia zero.<\/p>\n<h3>Tecnologia de interruptor magn\u00e9tico de ponta<\/h3>\n<p>Equipado com tecnologia avan\u00e7ada <strong>interruptores de efeito Hall<\/strong>, o AULA AG60 oferece um <strong>ponto de atua\u00e7\u00e3o ajust\u00e1vel<\/strong> (de 0,1 mm a 4,0 mm). Se voc\u00ea precisa de um toque extremamente leve para <strong>jogos de ritmo acelerado<\/strong> ou um tra\u00e7o deliberado para digitar, isto <strong>teclado com interruptor magn\u00e9tico<\/strong> Adapta-se a voc\u00ea.<\/p>\n<ul>\n<li><strong>Gatilho R\u00e1pido (RT):<\/strong>\u00a0Experimente uma reinicializa\u00e7\u00e3o quase instant\u00e2nea com\u00a0<strong>RT 0,001 mm<\/strong>\u00a0precis\u00e3o, essencial para\u00a0<strong>Valorant<\/strong>,\u00a0<strong>CS2<\/strong>, e\u00a0<strong>Teclado Osu!<\/strong>\u00a0entusiastas.<\/li>\n<li><strong>Taxa de amostragem de 8000Hz:<\/strong>\u00a0Com um\u00a0<strong>taxa de vota\u00e7\u00e3o de 8 mil<\/strong>, Desfrute de uma lat\u00eancia de entrada de 0,1 ms que o mant\u00e9m \u00e0 frente da concorr\u00eancia.<br \/>\n<img loading=\"lazy\" decoding=\"async\" class=\"alignnone size-full wp-image-5509\" src=\"https:\/\/halleffectkeyboard.com\/wp-content\/uploads\/2026\/05\/2-16-scaled.jpg\" alt=\"AULA AG60 Hall Effect Keyboard\" width=\"2560\" height=\"1437\" srcset=\"https:\/\/halleffectkeyboard.com\/wp-content\/uploads\/2026\/05\/2-16-scaled.jpg 2560w, https:\/\/halleffectkeyboard.com\/wp-content\/uploads\/2026\/05\/2-16-300x168.jpg 300w, https:\/\/halleffectkeyboard.com\/wp-content\/uploads\/2026\/05\/2-16-1024x575.jpg 1024w, https:\/\/halleffectkeyboard.com\/wp-content\/uploads\/2026\/05\/2-16-768x431.jpg 768w, https:\/\/halleffectkeyboard.com\/wp-content\/uploads\/2026\/05\/2-16-1536x862.jpg 1536w, https:\/\/halleffectkeyboard.com\/wp-content\/uploads\/2026\/05\/2-16-2048x1150.jpg 2048w, https:\/\/halleffectkeyboard.com\/wp-content\/uploads\/2026\/05\/2-16-18x10.jpg 18w, https:\/\/halleffectkeyboard.com\/wp-content\/uploads\/2026\/05\/2-16-1200x674.jpg 1200w\" sizes=\"auto, (max-width: 2560px) 100vw, 2560px\" data-no-translation=\"\" \/><\/li>\n<\/ul>\n<h3>Layout compacto 60% para configura\u00e7\u00f5es minimalistas<\/h3>\n<p>O <strong>Layout de teclado de 60%<\/strong> \u00e9 o padr\u00e3o ouro para <strong>Teclados para jogos FPS<\/strong>. Ao remover o teclado num\u00e9rico e a linha de fun\u00e7\u00f5es, voc\u00ea ganha um espa\u00e7o enorme na mesa para movimentos r\u00e1pidos do mouse com baixa sensibilidade. <em>Nota: Precisa de teclas de navega\u00e7\u00e3o? <strong>Tecla inicial padr\u00e3o para teclado de 60 teclas<\/strong> \u00c9 facilmente acess\u00edvel atrav\u00e9s de atalhos intuitivos da camada Fn, totalmente personaliz\u00e1veis em nosso software.<\/em><\/p>\n<h3>Constru\u00e7\u00e3o e personaliza\u00e7\u00e3o premium<\/h3>\n<ul>\n<li><strong>Experi\u00eancia de teclado personalizada:<\/strong>\u00a0Apresentando\u00a0<strong>todas as teclas hot-swappable<\/strong>\u00a0Com os soquetes, voc\u00ea pode trocar os interruptores facilmente sem solda.<\/li>\n<li><strong>Ac\u00fastica superior:<\/strong>\u00a0Nosso\u00a0<strong>teclado magn\u00e9tico de montagem superior<\/strong>\u00a0O design inclui amortecimento de som multicamadas, garantindo um perfil sonoro encorpado e satisfat\u00f3rio.<\/li>\n<li><strong>Est\u00e9tica dur\u00e1vel:<\/strong>\u00a0Equipado com\u00a0<strong>Teclas PBT com perfil Cherry e impress\u00e3o lateral.<\/strong>\u00a0que s\u00e3o resistentes a \u00f3leo e ao desbotamento, combinadas com uma cor vibrante.\u00a0<strong>Retroilumina\u00e7\u00e3o RGB Twin-Star<\/strong>.<br \/>\n<img loading=\"lazy\" decoding=\"async\" class=\"alignnone size-full wp-image-5510\" src=\"https:\/\/halleffectkeyboard.com\/wp-content\/uploads\/2026\/05\/3-17-scaled.jpg\" alt=\"AULA AG60 Hall Effect Keyboard\" width=\"2560\" height=\"1437\" srcset=\"https:\/\/halleffectkeyboard.com\/wp-content\/uploads\/2026\/05\/3-17-scaled.jpg 2560w, https:\/\/halleffectkeyboard.com\/wp-content\/uploads\/2026\/05\/3-17-300x168.jpg 300w, https:\/\/halleffectkeyboard.com\/wp-content\/uploads\/2026\/05\/3-17-1024x575.jpg 1024w, https:\/\/halleffectkeyboard.com\/wp-content\/uploads\/2026\/05\/3-17-768x431.jpg 768w, https:\/\/halleffectkeyboard.com\/wp-content\/uploads\/2026\/05\/3-17-1536x862.jpg 1536w, https:\/\/halleffectkeyboard.com\/wp-content\/uploads\/2026\/05\/3-17-2048x1150.jpg 2048w, https:\/\/halleffectkeyboard.com\/wp-content\/uploads\/2026\/05\/3-17-18x10.jpg 18w, https:\/\/halleffectkeyboard.com\/wp-content\/uploads\/2026\/05\/3-17-1200x674.jpg 1200w\" sizes=\"auto, (max-width: 2560px) 100vw, 2560px\" data-no-translation=\"\" \/><\/li>\n<\/ul>\n<hr \/>\n<h2>Especifica\u00e7\u00f5es principais<\/h2>\n<table>\n<thead>\n<tr>\n<th>Recurso<\/th>\n<th>Especifica\u00e7\u00e3o<\/th>\n<\/tr>\n<\/thead>\n<tbody>\n<tr>\n<td><strong>Produto<\/strong><\/td>\n<td>S\u00e9rie AULA AG60<\/td>\n<\/tr>\n<tr>\n<td><strong>Tipo de interruptor<\/strong><\/td>\n<td>Interruptor de efeito Hall \/ magn\u00e9tico<\/td>\n<\/tr>\n<tr>\n<td><strong>Taxa de vota\u00e7\u00e3o<\/strong><\/td>\n<td>8000Hz (lat\u00eancia de 0,1ms)<\/td>\n<\/tr>\n<tr>\n<td><strong>Gatilho R\u00e1pido<\/strong><\/td>\n<td>Sim (precis\u00e3o de 0,001 mm)<\/td>\n<\/tr>\n<tr>\n<td><strong>Layout<\/strong><\/td>\n<td>60% (61 teclas)<\/td>\n<\/tr>\n<tr>\n<td><strong>Compatibilidade<\/strong><\/td>\n<td>Teclado gamer compat\u00edvel com Mac e Windows<\/td>\n<\/tr>\n<tr>\n<td><strong>Conectividade<\/strong><\/td>\n<td>USB com fio est\u00e1vel<\/td>\n<\/tr>\n<\/tbody>\n<\/table>\n<p>&nbsp;<\/p>\n<p><img loading=\"lazy\" decoding=\"async\" class=\"alignnone size-full wp-image-5511\" src=\"https:\/\/halleffectkeyboard.com\/wp-content\/uploads\/2026\/05\/4-16-scaled.jpg\" alt=\"AULA AG60 Hall Effect Keyboard\" width=\"2560\" height=\"1437\" srcset=\"https:\/\/halleffectkeyboard.com\/wp-content\/uploads\/2026\/05\/4-16-scaled.jpg 2560w, https:\/\/halleffectkeyboard.com\/wp-content\/uploads\/2026\/05\/4-16-300x168.jpg 300w, https:\/\/halleffectkeyboard.com\/wp-content\/uploads\/2026\/05\/4-16-1024x575.jpg 1024w, https:\/\/halleffectkeyboard.com\/wp-content\/uploads\/2026\/05\/4-16-768x431.jpg 768w, https:\/\/halleffectkeyboard.com\/wp-content\/uploads\/2026\/05\/4-16-1536x862.jpg 1536w, https:\/\/halleffectkeyboard.com\/wp-content\/uploads\/2026\/05\/4-16-2048x1150.jpg 2048w, https:\/\/halleffectkeyboard.com\/wp-content\/uploads\/2026\/05\/4-16-18x10.jpg 18w, https:\/\/halleffectkeyboard.com\/wp-content\/uploads\/2026\/05\/4-16-1200x674.jpg 1200w\" sizes=\"auto, (max-width: 2560px) 100vw, 2560px\" data-no-translation=\"\" \/><\/p>\n<hr \/>\n<h2>Otimizado para Esports competitivos<\/h2>\n<p>Seja voc\u00ea um <strong>jogador de esports<\/strong> Para um usu\u00e1rio casual, o AULA AG60 \u00e9 perfeito. <strong>Teclado de 60%<\/strong>.<\/p>\n<ul>\n<li><strong>Jogos FPS:<\/strong>\u00a0O m\u00e1ximo\u00a0<strong>Teclado Valorant<\/strong>\u00a0e\u00a0<strong>Teclado CS2<\/strong>\u00a0Para movimentos precisos.<\/li>\n<li><strong>Jogos de Ritmo:<\/strong>\u00a0O preferido\u00a0<strong>Teclado Osu!<\/strong>\u00a0Para rosqueamento em alta velocidade.<\/li>\n<li><strong>Versatilidade:<\/strong>\u00a0Um completo\u00a0<strong>Teclado gamer compat\u00edvel com Mac e Windows<\/strong>\u00a0que se adapta a qualquer esta\u00e7\u00e3o de trabalho.<br \/>\n<img loading=\"lazy\" decoding=\"async\" class=\"alignnone size-full wp-image-5515\" src=\"https:\/\/halleffectkeyboard.com\/wp-content\/uploads\/2026\/05\/7-7-scaled.jpg\" alt=\"AULA AG60 Hall Effect Keyboard\" width=\"2560\" height=\"1437\" srcset=\"https:\/\/halleffectkeyboard.com\/wp-content\/uploads\/2026\/05\/7-7-scaled.jpg 2560w, https:\/\/halleffectkeyboard.com\/wp-content\/uploads\/2026\/05\/7-7-300x168.jpg 300w, https:\/\/halleffectkeyboard.com\/wp-content\/uploads\/2026\/05\/7-7-1024x575.jpg 1024w, https:\/\/halleffectkeyboard.com\/wp-content\/uploads\/2026\/05\/7-7-768x431.jpg 768w, https:\/\/halleffectkeyboard.com\/wp-content\/uploads\/2026\/05\/7-7-1536x862.jpg 1536w, https:\/\/halleffectkeyboard.com\/wp-content\/uploads\/2026\/05\/7-7-2048x1150.jpg 2048w, https:\/\/halleffectkeyboard.com\/wp-content\/uploads\/2026\/05\/7-7-18x10.jpg 18w, https:\/\/halleffectkeyboard.com\/wp-content\/uploads\/2026\/05\/7-7-1200x674.jpg 1200w\" sizes=\"auto, (max-width: 2560px) 100vw, 2560px\" data-no-translation=\"\" \/><\/li>\n<\/ul>\n<hr \/>\n<h2><img loading=\"lazy\" decoding=\"async\" class=\"alignnone size-full wp-image-5516\" src=\"https:\/\/halleffectkeyboard.com\/wp-content\/uploads\/2026\/05\/5-17-scaled.jpg\" alt=\"AULA AG60 Hall Effect Keyboard\" width=\"2560\" height=\"1437\" srcset=\"https:\/\/halleffectkeyboard.com\/wp-content\/uploads\/2026\/05\/5-17-scaled.jpg 2560w, https:\/\/halleffectkeyboard.com\/wp-content\/uploads\/2026\/05\/5-17-300x168.jpg 300w, https:\/\/halleffectkeyboard.com\/wp-content\/uploads\/2026\/05\/5-17-1024x575.jpg 1024w, https:\/\/halleffectkeyboard.com\/wp-content\/uploads\/2026\/05\/5-17-768x431.jpg 768w, https:\/\/halleffectkeyboard.com\/wp-content\/uploads\/2026\/05\/5-17-1536x862.jpg 1536w, https:\/\/halleffectkeyboard.com\/wp-content\/uploads\/2026\/05\/5-17-2048x1150.jpg 2048w, https:\/\/halleffectkeyboard.com\/wp-content\/uploads\/2026\/05\/5-17-18x10.jpg 18w, https:\/\/halleffectkeyboard.com\/wp-content\/uploads\/2026\/05\/5-17-1200x674.jpg 1200w\" sizes=\"auto, (max-width: 2560px) 100vw, 2560px\" data-no-translation=\"\" \/><br \/>\nPerguntas frequentes (FAQ)<\/h2>\n<p><strong>P: O AULA AG60 \u00e9 uma boa alternativa ao Wooting 60HE?<\/strong> A: Com certeza. O AULA AG60 oferece qualidade profissional. <strong>Efeito Hall<\/strong> desempenho, incluindo <strong>Gatilho R\u00e1pido<\/strong> e <strong>sondagem de 8000Hz<\/strong>, por uma fra\u00e7\u00e3o do custo.<\/p>\n<p><strong>P: Qual a diferen\u00e7a entre os modelos AULA AG60, Pro e Max?<\/strong> A: O <strong>S\u00e9rie AULA AG60<\/strong> Oferece v\u00e1rios n\u00edveis. Enquanto o AG60 b\u00e1sico oferece o essencial. <strong>teclado magn\u00e9tico<\/strong> Em termos de desempenho, as vers\u00f5es Pro e Max incluem materiais aprimorados e recursos de software avan\u00e7ados.<\/p>\n<p><strong>P: Este teclado \u00e9 personalizado?<\/strong> A: Sim, \u00e9 um <strong>teclado personalizado<\/strong> plataforma. Com <strong>interruptores hot-swappable<\/strong> e um <strong>montagem superior<\/strong> Em termos de estrutura, \u00e9 perfeito para entusiastas.<\/p>","protected":false},"excerpt":{"rendered":"<p>Domine a competi\u00e7\u00e3o com o AULA AG60, um teclado premium com switches magn\u00e9ticos 60%. Com lat\u00eancia de 0,1 ms, taxa de polling de 8000 Hz e a tecnologia ultraprecisa Rapid Trigger, ele \u00e9 o teclado gamer compacto definitivo para jogos de FPS, Valorant e jogos de ritmo. Experimente desempenho de n\u00edvel profissional em um design elegante, com switches hot-swappable e minimalista.<\/p>","protected":false},"featured_media":5504,"comment_status":"open","ping_status":"closed","template":"","meta":[],"product_brand":[54],"product_cat":[571,322,20],"product_tag":[606,58,22],"class_list":{"0":"post-5500","1":"product","2":"type-product","3":"status-publish","4":"has-post-thumbnail","6":"product_brand-aula","7":"product_cat-60-keyboard","8":"product_cat-hall-effect-keyboard","9":"product_cat-keyboard","10":"product_tag-60-keyboard","11":"product_tag-hall-effect-keyboard","12":"product_tag-keyboard","14":"first","15":"instock","16":"taxable","17":"shipping-taxable","18":"purchasable","19":"product-type-variable","20":"wvs-archive-product-wrapper"},"aioseo_notices":[],"ct_brands":[{"id":54,"name":"AULA","slug":"aula"}],"jetpack_sharing_enabled":true,"_links":{"self":[{"href":"https:\/\/halleffectkeyboard.com\/pt\/wp-json\/wp\/v2\/product\/5500","targetHints":{"allow":["GET"]}}],"collection":[{"href":"https:\/\/halleffectkeyboard.com\/pt\/wp-json\/wp\/v2\/product"}],"about":[{"href":"https:\/\/halleffectkeyboard.com\/pt\/wp-json\/wp\/v2\/types\/product"}],"replies":[{"embeddable":true,"href":"https:\/\/halleffectkeyboard.com\/pt\/wp-json\/wp\/v2\/comments?post=5500"}],"version-history":[{"count":4,"href":"https:\/\/halleffectkeyboard.com\/pt\/wp-json\/wp\/v2\/product\/5500\/revisions"}],"predecessor-version":[{"id":5517,"href":"https:\/\/halleffectkeyboard.com\/pt\/wp-json\/wp\/v2\/product\/5500\/revisions\/5517"}],"wp:featuredmedia":[{"embeddable":true,"href":"https:\/\/halleffectkeyboard.com\/pt\/wp-json\/wp\/v2\/media\/5504"}],"wp:attachment":[{"href":"https:\/\/halleffectkeyboard.com\/pt\/wp-json\/wp\/v2\/media?parent=5500"}],"wp:term":[{"taxonomy":"product_brand","embeddable":true,"href":"https:\/\/halleffectkeyboard.com\/pt\/wp-json\/wp\/v2\/product_brand?post=5500"},{"taxonomy":"product_cat","embeddable":true,"href":"https:\/\/halleffectkeyboard.com\/pt\/wp-json\/wp\/v2\/product_cat?post=5500"},{"taxonomy":"product_tag","embeddable":true,"href":"https:\/\/halleffectkeyboard.com\/pt\/wp-json\/wp\/v2\/product_tag?post=5500"}],"curies":[{"name":"wp","href":"https:\/\/api.w.org\/{rel}","templated":true}]}}