{"id":5297,"date":"2026-05-07T16:29:22","date_gmt":"2026-05-07T08:29:22","guid":{"rendered":"https:\/\/halleffectkeyboard.com\/?post_type=product&#038;p=5297"},"modified":"2026-05-07T16:49:58","modified_gmt":"2026-05-07T08:49:58","slug":"atk-x-qk-hex80-hall-effect-keyboard","status":"publish","type":"product","link":"https:\/\/halleffectkeyboard.com\/pt\/produto\/teclado-atk-x-qk-hex80-com-efeito-hall\/","title":{"rendered":"Teclado ATK x QK Hex80 com efeito Hall"},"content":{"rendered":"<h1><strong>ATK x QK Hex80: O teclado definitivo com efeito Hall TKL de 8K<br \/>\n<img loading=\"lazy\" decoding=\"async\" class=\"alignnone size-full wp-image-5325\" src=\"https:\/\/halleffectkeyboard.com\/wp-content\/uploads\/2026\/05\/7-5-scaled.jpg\" alt=\"ATK x QK Hex80 Hall Effect Keyboard\" width=\"2560\" height=\"1437\" srcset=\"https:\/\/halleffectkeyboard.com\/wp-content\/uploads\/2026\/05\/7-5-scaled.jpg 2560w, https:\/\/halleffectkeyboard.com\/wp-content\/uploads\/2026\/05\/7-5-300x168.jpg 300w, https:\/\/halleffectkeyboard.com\/wp-content\/uploads\/2026\/05\/7-5-1024x575.jpg 1024w, https:\/\/halleffectkeyboard.com\/wp-content\/uploads\/2026\/05\/7-5-768x431.jpg 768w, https:\/\/halleffectkeyboard.com\/wp-content\/uploads\/2026\/05\/7-5-1536x862.jpg 1536w, https:\/\/halleffectkeyboard.com\/wp-content\/uploads\/2026\/05\/7-5-2048x1150.jpg 2048w, https:\/\/halleffectkeyboard.com\/wp-content\/uploads\/2026\/05\/7-5-18x10.jpg 18w, https:\/\/halleffectkeyboard.com\/wp-content\/uploads\/2026\/05\/7-5-1200x674.jpg 1200w\" sizes=\"auto, (max-width: 2560px) 100vw, 2560px\" data-no-translation=\"\" \/><br \/>\n<\/strong><\/h1>\n<p>Procurando por <strong>melhor teclado magn\u00e9tico TKL<\/strong> Quer melhorar seu jogo? Conhe\u00e7a o <strong>Teclado ATK x QK Hex80 com efeito Hall<\/strong>, uma colabora\u00e7\u00e3o emblem\u00e1tica entre <strong>ATQ<\/strong> e <strong>Teclas Qwerty (QK)<\/strong>. Projetado para jogadores competitivos e entusiastas de teclados personalizados, este <strong>Teclado 80%<\/strong> combina tecnologia de ponta <strong>Gatilho R\u00e1pido<\/strong> Tecnologia com ac\u00fastica personalizada de alta qualidade.<\/p>\n<p>Se voc\u00ea est\u00e1 procurando por <strong>melhor teclado para Valorant<\/strong>, uma velocidade rel\u00e2mpago <strong>Teclado Rapid Trigger para osu!<\/strong>, ou o <strong>Melhor teclado para movimenta\u00e7\u00e3o lateral no CS2<\/strong>, o <strong>ATK Hex80<\/strong> Oferece precis\u00e3o incompar\u00e1vel e uma experi\u00eancia de digita\u00e7\u00e3o premium.<br \/>\n<img loading=\"lazy\" decoding=\"async\" class=\"alignnone size-full wp-image-5319\" src=\"https:\/\/halleffectkeyboard.com\/wp-content\/uploads\/2026\/05\/1-11-scaled.jpg\" alt=\"ATK x QK Hex80 Hall Effect Keyboard\" width=\"2560\" height=\"1437\" srcset=\"https:\/\/halleffectkeyboard.com\/wp-content\/uploads\/2026\/05\/1-11-scaled.jpg 2560w, https:\/\/halleffectkeyboard.com\/wp-content\/uploads\/2026\/05\/1-11-300x168.jpg 300w, https:\/\/halleffectkeyboard.com\/wp-content\/uploads\/2026\/05\/1-11-1024x575.jpg 1024w, https:\/\/halleffectkeyboard.com\/wp-content\/uploads\/2026\/05\/1-11-768x431.jpg 768w, https:\/\/halleffectkeyboard.com\/wp-content\/uploads\/2026\/05\/1-11-1536x862.jpg 1536w, https:\/\/halleffectkeyboard.com\/wp-content\/uploads\/2026\/05\/1-11-2048x1150.jpg 2048w, https:\/\/halleffectkeyboard.com\/wp-content\/uploads\/2026\/05\/1-11-18x10.jpg 18w, https:\/\/halleffectkeyboard.com\/wp-content\/uploads\/2026\/05\/1-11-1200x674.jpg 1200w\" sizes=\"auto, (max-width: 2560px) 100vw, 2560px\" data-no-translation=\"\" \/><\/p>\n<h2><strong>Desempenho incompar\u00e1vel nos Esports<\/strong><\/h2>\n<p>Equipado com a solu\u00e7\u00e3o de interruptor magn\u00e9tico ATK Blazing Wind e apresentando caracter\u00edsticas premium. <strong>Interruptores magn\u00e9ticos OwLab Ti<\/strong>, esse <strong>Teclado HE<\/strong> Foi projetado para velocidade pura.<\/p>\n<ul>\n<li><strong>Teclado com atua\u00e7\u00e3o de 0,005 mm:<\/strong>\u00a0Profundidade de disparo ajust\u00e1vel l\u00edder do setor (0,005 mm \u2013 3,3 mm) para controle perfeito em cada pixel.<\/li>\n<li><strong>Teclado de disparo r\u00e1pido de 8K Hz:<\/strong>\u00a0Experimente zero lag com um\u00a0<strong>Teclado com taxa de polling de 8K<\/strong>\u00a0arquitetura, proporcionando uma lat\u00eancia ultrabaixa de 0,08ms.<\/li>\n<li><strong>Modo Extremo:<\/strong>\u00a0Desbloqueia disparos ultrarr\u00e1pidos e est\u00e1veis, sem falhas de entrada, tornando-o o melhor.\u00a0<strong>teclado para jogos de esports<\/strong>.<img loading=\"lazy\" decoding=\"async\" class=\"alignnone size-full wp-image-5320\" src=\"https:\/\/halleffectkeyboard.com\/wp-content\/uploads\/2026\/05\/2-11-scaled.jpg\" alt=\"ATK x QK Hex80 Hall Effect Keyboard\" width=\"2560\" height=\"1437\" srcset=\"https:\/\/halleffectkeyboard.com\/wp-content\/uploads\/2026\/05\/2-11-scaled.jpg 2560w, https:\/\/halleffectkeyboard.com\/wp-content\/uploads\/2026\/05\/2-11-300x168.jpg 300w, https:\/\/halleffectkeyboard.com\/wp-content\/uploads\/2026\/05\/2-11-1024x575.jpg 1024w, https:\/\/halleffectkeyboard.com\/wp-content\/uploads\/2026\/05\/2-11-768x431.jpg 768w, https:\/\/halleffectkeyboard.com\/wp-content\/uploads\/2026\/05\/2-11-1536x862.jpg 1536w, https:\/\/halleffectkeyboard.com\/wp-content\/uploads\/2026\/05\/2-11-2048x1150.jpg 2048w, https:\/\/halleffectkeyboard.com\/wp-content\/uploads\/2026\/05\/2-11-18x10.jpg 18w, https:\/\/halleffectkeyboard.com\/wp-content\/uploads\/2026\/05\/2-11-1200x674.jpg 1200w\" sizes=\"auto, (max-width: 2560px) 100vw, 2560px\" data-no-translation=\"\" \/><\/li>\n<\/ul>\n<h2><strong><img loading=\"lazy\" decoding=\"async\" class=\"alignnone size-full wp-image-5321\" src=\"https:\/\/halleffectkeyboard.com\/wp-content\/uploads\/2026\/05\/3-12-scaled.jpg\" alt=\"ATK x QK Hex80 Hall Effect Keyboard\" width=\"2560\" height=\"1437\" srcset=\"https:\/\/halleffectkeyboard.com\/wp-content\/uploads\/2026\/05\/3-12-scaled.jpg 2560w, https:\/\/halleffectkeyboard.com\/wp-content\/uploads\/2026\/05\/3-12-300x168.jpg 300w, https:\/\/halleffectkeyboard.com\/wp-content\/uploads\/2026\/05\/3-12-1024x575.jpg 1024w, https:\/\/halleffectkeyboard.com\/wp-content\/uploads\/2026\/05\/3-12-768x431.jpg 768w, https:\/\/halleffectkeyboard.com\/wp-content\/uploads\/2026\/05\/3-12-1536x862.jpg 1536w, https:\/\/halleffectkeyboard.com\/wp-content\/uploads\/2026\/05\/3-12-2048x1150.jpg 2048w, https:\/\/halleffectkeyboard.com\/wp-content\/uploads\/2026\/05\/3-12-18x10.jpg 18w, https:\/\/halleffectkeyboard.com\/wp-content\/uploads\/2026\/05\/3-12-1200x674.jpg 1200w\" sizes=\"auto, (max-width: 2560px) 100vw, 2560px\" data-no-translation=\"\" \/><br \/>\nConstru\u00e7\u00e3o Premium e Ac\u00fastica &quot;Thocky&quot;<\/strong><\/h2>\n<p>Ao contr\u00e1rio dos perif\u00e9ricos de jogos padr\u00e3o, o <strong>QK Hex80<\/strong> \u00e9 um <strong>teclado personalizado pr\u00e9-montado<\/strong> que se recusa a fazer concess\u00f5es em termos de som ou sensa\u00e7\u00e3o.<\/p>\n<ul>\n<li><strong>Teclado HE com montagem em junta:<\/strong>\u00a0Possui um sistema de amortecimento de som multicamadas, resultando em um perfil sonoro limpo e profundo que o torna verdadeiramente...\u00a0<strong>teclado magn\u00e9tico thocky<\/strong>.<\/li>\n<li><strong>Teclado HE com caixa de alum\u00ednio:<\/strong>\u00a0Alum\u00ednio usinado em CNC com acabamento anodizado\/revestido por pulveriza\u00e7\u00e3o de malha 220 refinado para durabilidade e textura excepcionais.<\/li>\n<li><strong>Teclas de PC foscas:<\/strong>\u00a0Teclas confort\u00e1veis com perfil Cherry que proporcionam excelente transmiss\u00e3o de luz RGB.<br \/>\n<img loading=\"lazy\" decoding=\"async\" class=\"alignnone size-full wp-image-5322\" src=\"https:\/\/halleffectkeyboard.com\/wp-content\/uploads\/2026\/05\/4-11-scaled.jpg\" alt=\"ATK x QK Hex80 Hall Effect Keyboard\" width=\"2560\" height=\"1437\" srcset=\"https:\/\/halleffectkeyboard.com\/wp-content\/uploads\/2026\/05\/4-11-scaled.jpg 2560w, https:\/\/halleffectkeyboard.com\/wp-content\/uploads\/2026\/05\/4-11-300x168.jpg 300w, https:\/\/halleffectkeyboard.com\/wp-content\/uploads\/2026\/05\/4-11-1024x575.jpg 1024w, https:\/\/halleffectkeyboard.com\/wp-content\/uploads\/2026\/05\/4-11-768x431.jpg 768w, https:\/\/halleffectkeyboard.com\/wp-content\/uploads\/2026\/05\/4-11-1536x862.jpg 1536w, https:\/\/halleffectkeyboard.com\/wp-content\/uploads\/2026\/05\/4-11-2048x1150.jpg 2048w, https:\/\/halleffectkeyboard.com\/wp-content\/uploads\/2026\/05\/4-11-18x10.jpg 18w, https:\/\/halleffectkeyboard.com\/wp-content\/uploads\/2026\/05\/4-11-1200x674.jpg 1200w\" sizes=\"auto, (max-width: 2560px) 100vw, 2560px\" data-no-translation=\"\" \/><\/li>\n<\/ul>\n<h2><strong>Como se compara?<\/strong><\/h2>\n<p>Se voc\u00ea est\u00e1 procurando por <strong>Melhor alternativa ao Wooting<\/strong>, o <strong>Teclado ATK QK Hex80 com efeito Hall<\/strong> \u00e9 a resposta definitiva. Ao comparar o <strong>ATK Hex80 vs Wooting 80HE<\/strong>, <strong>QK Hex80 vs Boog75<\/strong>, ou <strong>ATK Hex80 vs DrunkDeer A75<\/strong>, O Hex80 se destaca por oferecer ac\u00fastica superior de n\u00edvel personalizado gra\u00e7as \u00e0 sua <strong>Teclado com efeito Hall e montagem em junta<\/strong> estrutura. Basta ouvir qualquer <strong>An\u00e1lise do teclado Qwertykeys Hex80<\/strong> ou <strong>Teste de som ATK Hex80<\/strong> Para perceber a enorme diferen\u00e7a na qualidade da digita\u00e7\u00e3o.<br \/>\n<img loading=\"lazy\" decoding=\"async\" class=\"alignnone size-full wp-image-5324\" src=\"https:\/\/halleffectkeyboard.com\/wp-content\/uploads\/2026\/05\/6-5-scaled.jpg\" alt=\"ATK x QK Hex80 Hall Effect Keyboard\" width=\"2560\" height=\"1437\" srcset=\"https:\/\/halleffectkeyboard.com\/wp-content\/uploads\/2026\/05\/6-5-scaled.jpg 2560w, https:\/\/halleffectkeyboard.com\/wp-content\/uploads\/2026\/05\/6-5-300x168.jpg 300w, https:\/\/halleffectkeyboard.com\/wp-content\/uploads\/2026\/05\/6-5-1024x575.jpg 1024w, https:\/\/halleffectkeyboard.com\/wp-content\/uploads\/2026\/05\/6-5-768x431.jpg 768w, https:\/\/halleffectkeyboard.com\/wp-content\/uploads\/2026\/05\/6-5-1536x862.jpg 1536w, https:\/\/halleffectkeyboard.com\/wp-content\/uploads\/2026\/05\/6-5-2048x1150.jpg 2048w, https:\/\/halleffectkeyboard.com\/wp-content\/uploads\/2026\/05\/6-5-18x10.jpg 18w, https:\/\/halleffectkeyboard.com\/wp-content\/uploads\/2026\/05\/6-5-1200x674.jpg 1200w\" sizes=\"auto, (max-width: 2560px) 100vw, 2560px\" data-no-translation=\"\" \/><\/p>\n<h2><strong>Especifica\u00e7\u00f5es principais<\/strong><\/h2>\n<ul>\n<li><strong>Layout:<\/strong>\u00a0<strong>Teclado TKL<\/strong>\u00a0\/ 88 teclas<\/li>\n<li><strong>Estrutura:<\/strong>\u00a0Montagem com junta e amortecimento multicamadas<\/li>\n<li><strong>Material da caixa:<\/strong>\u00a0Alum\u00ednio usinado por CNC<\/li>\n<li><strong>Interruptores:<\/strong>\u00a0<strong>Teclado switch OwLab Ti<\/strong>\u00a0(Teclado com interruptor magn\u00e9tico)<\/li>\n<li><strong>Intervalo de RT:<\/strong>\u00a00,005 mm \u2013 3,3 mm (incrementos de 0,005 mm)<\/li>\n<li><strong>Taxa de vota\u00e7\u00e3o:<\/strong>\u00a0At\u00e9 8000Hz (8K)<\/li>\n<li><strong>Lat\u00eancia:<\/strong>\u00a00,08 ms<\/li>\n<li><strong>Caracter\u00edsticas:<\/strong>\u00a0Modo RT Extreme, teclas totalmente program\u00e1veis, ilumina\u00e7\u00e3o RGB<br \/>\n<img loading=\"lazy\" decoding=\"async\" class=\"alignnone size-full wp-image-5323\" src=\"https:\/\/halleffectkeyboard.com\/wp-content\/uploads\/2026\/05\/5-10-scaled.jpg\" alt=\"ATK x QK Hex80 Hall Effect Keyboard\" width=\"2560\" height=\"1437\" srcset=\"https:\/\/halleffectkeyboard.com\/wp-content\/uploads\/2026\/05\/5-10-scaled.jpg 2560w, https:\/\/halleffectkeyboard.com\/wp-content\/uploads\/2026\/05\/5-10-300x168.jpg 300w, https:\/\/halleffectkeyboard.com\/wp-content\/uploads\/2026\/05\/5-10-1024x575.jpg 1024w, https:\/\/halleffectkeyboard.com\/wp-content\/uploads\/2026\/05\/5-10-768x431.jpg 768w, https:\/\/halleffectkeyboard.com\/wp-content\/uploads\/2026\/05\/5-10-1536x862.jpg 1536w, https:\/\/halleffectkeyboard.com\/wp-content\/uploads\/2026\/05\/5-10-2048x1150.jpg 2048w, https:\/\/halleffectkeyboard.com\/wp-content\/uploads\/2026\/05\/5-10-18x10.jpg 18w, https:\/\/halleffectkeyboard.com\/wp-content\/uploads\/2026\/05\/5-10-1200x674.jpg 1200w\" sizes=\"auto, (max-width: 2560px) 100vw, 2560px\" data-no-translation=\"\" \/><\/li>\n<\/ul>\n<h2><strong>Atualize sua configura\u00e7\u00e3o hoje mesmo<\/strong><\/h2>\n<p>Pronto para dominar as tabelas de classifica\u00e7\u00e3o? Se voc\u00ea quiser <strong>comprar ATK QK Hex80<\/strong>, Voc\u00ea est\u00e1 investindo em um produto de primeira linha. <strong>Teclado gamer HE personalizado em estoque<\/strong> que redefine o meta. Oferecendo um cen\u00e1rio incrivelmente competitivo. <strong>Pre\u00e7o do Qwertykeys Hex80 HE<\/strong> Em termos de recursos, \u00e9 a combina\u00e7\u00e3o perfeita entre velocidade pura para eSports e qualidade de fabrica\u00e7\u00e3o para entusiastas.<\/p>","protected":false},"excerpt":{"rendered":"<p>Domine a competi\u00e7\u00e3o com o melhor <strong>Teclado magn\u00e9tico TKL<\/strong>, Criado em parceria pela ATK e Qwertykeys, o Hex80 combina a velocidade bruta dos eSports com ac\u00fastica de alta qualidade, sendo ideal para jogadores que n\u00e3o abrem m\u00e3o de nada.<\/p>\n<ul>\n<li><strong>Velocidade ultrarr\u00e1pida:<\/strong>\u00a0Taxa de polling de 8K Hz com lat\u00eancia pr\u00f3xima de zero, de 0,08ms.<\/li>\n<li><strong>Controle com precis\u00e3o de pixel:<\/strong>\u00a0Gatilho r\u00e1pido (RT) ajust\u00e1vel com precis\u00e3o l\u00edder do setor de 0,005 mm.<\/li>\n<li><strong>Constru\u00e7\u00e3o personalizada premium:<\/strong>\u00a0Caixa de alum\u00ednio usinada por CNC com estrutura de montagem de junta.<\/li>\n<li><strong>Ac\u00fastica superior:<\/strong>\u00a0Sistema de amortecimento de som multicamadas e switches magn\u00e9ticos OwLab Ti para uma experi\u00eancia de digita\u00e7\u00e3o profundamente satisfat\u00f3ria e com um som &quot;thocky&quot;.<\/li>\n<\/ul>","protected":false},"featured_media":5312,"comment_status":"open","ping_status":"closed","template":"","meta":[],"product_brand":[226],"product_cat":[322,20],"product_tag":[386,185,22],"class_list":{"0":"post-5297","1":"product","2":"type-product","3":"status-publish","4":"has-post-thumbnail","6":"product_brand-atk","7":"product_cat-hall-effect-keyboard","8":"product_cat-keyboard","9":"product_tag-gaming-keyboard","10":"product_tag-hall-effect-switches","11":"product_tag-keyboard","13":"first","14":"instock","15":"taxable","16":"shipping-taxable","17":"purchasable","18":"product-type-variable","19":"wvs-archive-product-wrapper"},"aioseo_notices":[],"ct_brands":[{"id":226,"name":"ATQ","slug":"atk"}],"jetpack_sharing_enabled":true,"_links":{"self":[{"href":"https:\/\/halleffectkeyboard.com\/pt\/wp-json\/wp\/v2\/product\/5297","targetHints":{"allow":["GET"]}}],"collection":[{"href":"https:\/\/halleffectkeyboard.com\/pt\/wp-json\/wp\/v2\/product"}],"about":[{"href":"https:\/\/halleffectkeyboard.com\/pt\/wp-json\/wp\/v2\/types\/product"}],"replies":[{"embeddable":true,"href":"https:\/\/halleffectkeyboard.com\/pt\/wp-json\/wp\/v2\/comments?post=5297"}],"version-history":[{"count":3,"href":"https:\/\/halleffectkeyboard.com\/pt\/wp-json\/wp\/v2\/product\/5297\/revisions"}],"predecessor-version":[{"id":5328,"href":"https:\/\/halleffectkeyboard.com\/pt\/wp-json\/wp\/v2\/product\/5297\/revisions\/5328"}],"wp:featuredmedia":[{"embeddable":true,"href":"https:\/\/halleffectkeyboard.com\/pt\/wp-json\/wp\/v2\/media\/5312"}],"wp:attachment":[{"href":"https:\/\/halleffectkeyboard.com\/pt\/wp-json\/wp\/v2\/media?parent=5297"}],"wp:term":[{"taxonomy":"product_brand","embeddable":true,"href":"https:\/\/halleffectkeyboard.com\/pt\/wp-json\/wp\/v2\/product_brand?post=5297"},{"taxonomy":"product_cat","embeddable":true,"href":"https:\/\/halleffectkeyboard.com\/pt\/wp-json\/wp\/v2\/product_cat?post=5297"},{"taxonomy":"product_tag","embeddable":true,"href":"https:\/\/halleffectkeyboard.com\/pt\/wp-json\/wp\/v2\/product_tag?post=5297"}],"curies":[{"name":"wp","href":"https:\/\/api.w.org\/{rel}","templated":true}]}}