{"id":5264,"date":"2026-05-07T14:04:15","date_gmt":"2026-05-07T06:04:15","guid":{"rendered":"https:\/\/halleffectkeyboard.com\/?post_type=product&#038;p=5264"},"modified":"2026-05-07T15:09:52","modified_gmt":"2026-05-07T07:09:52","slug":"atk-f1-extreme-wireless-mouse-leviatan-edition","status":"publish","type":"product","link":"https:\/\/halleffectkeyboard.com\/pt\/produto\/mouse-sem-fio-atk-f1-extreme-leviatan-edition\/","title":{"rendered":"Mouse sem fio ATK F1 Extreme \u2013 Edi\u00e7\u00e3o LEVIATAN"},"content":{"rendered":"<h1>Mouse sem fio ATK F1 Extreme \u2013 Edi\u00e7\u00e3o LEVIATAN<\/h1>\n<h2>O melhor mouse para jogos com marca conjunta para profissionais de eSports.<br \/>\n<img loading=\"lazy\" decoding=\"async\" class=\"alignnone size-full wp-image-5271\" src=\"https:\/\/halleffectkeyboard.com\/wp-content\/uploads\/2026\/05\/1-9-scaled.jpg\" alt=\"ATK F1 Extreme Wireless Mouse - LEVIATAN Edition\" width=\"2560\" height=\"1437\" srcset=\"https:\/\/halleffectkeyboard.com\/wp-content\/uploads\/2026\/05\/1-9-scaled.jpg 2560w, https:\/\/halleffectkeyboard.com\/wp-content\/uploads\/2026\/05\/1-9-300x168.jpg 300w, https:\/\/halleffectkeyboard.com\/wp-content\/uploads\/2026\/05\/1-9-1024x575.jpg 1024w, https:\/\/halleffectkeyboard.com\/wp-content\/uploads\/2026\/05\/1-9-768x431.jpg 768w, https:\/\/halleffectkeyboard.com\/wp-content\/uploads\/2026\/05\/1-9-1536x862.jpg 1536w, https:\/\/halleffectkeyboard.com\/wp-content\/uploads\/2026\/05\/1-9-2048x1150.jpg 2048w, https:\/\/halleffectkeyboard.com\/wp-content\/uploads\/2026\/05\/1-9-18x10.jpg 18w, https:\/\/halleffectkeyboard.com\/wp-content\/uploads\/2026\/05\/1-9-1200x674.jpg 1200w\" sizes=\"auto, (max-width: 2560px) 100vw, 2560px\" data-no-translation=\"\" \/><\/h2>\n<p>Vivencie o auge dos jogos competitivos com o <strong>Mouse sem fio ATK F1 Extreme \u2013 Edi\u00e7\u00e3o LEVIATAN<\/strong>. Nascido de uma exclusividade <strong>Colabora\u00e7\u00e3o LEVIATAN<\/strong>, este de alta qualidade <strong>mouse sem fio para eSports<\/strong> Combina hardware de ponta com um design ergon\u00f4mico ultraleve. Como o oficial <strong>Mouse para jogos da equipe Leviatan<\/strong>, o <strong>ATK Blazing Sky F1 Extreme<\/strong> Foi projetado para oferecer rastreamento preciso, lat\u00eancia ultrabaixa e conforto durante todo o dia, tanto para jogadores profissionais quanto para entusiastas de jogos de tiro em primeira pessoa (FPS).<\/p>\n<h2><img loading=\"lazy\" decoding=\"async\" class=\"alignnone size-full wp-image-5274\" src=\"https:\/\/halleffectkeyboard.com\/wp-content\/uploads\/2026\/05\/4-9-scaled.jpg\" alt=\"ATK F1 Extreme Wireless Mouse - LEVIATAN Edition\" width=\"2560\" height=\"1437\" srcset=\"https:\/\/halleffectkeyboard.com\/wp-content\/uploads\/2026\/05\/4-9-scaled.jpg 2560w, https:\/\/halleffectkeyboard.com\/wp-content\/uploads\/2026\/05\/4-9-300x168.jpg 300w, https:\/\/halleffectkeyboard.com\/wp-content\/uploads\/2026\/05\/4-9-1024x575.jpg 1024w, https:\/\/halleffectkeyboard.com\/wp-content\/uploads\/2026\/05\/4-9-768x431.jpg 768w, https:\/\/halleffectkeyboard.com\/wp-content\/uploads\/2026\/05\/4-9-1536x862.jpg 1536w, https:\/\/halleffectkeyboard.com\/wp-content\/uploads\/2026\/05\/4-9-2048x1150.jpg 2048w, https:\/\/halleffectkeyboard.com\/wp-content\/uploads\/2026\/05\/4-9-18x10.jpg 18w, https:\/\/halleffectkeyboard.com\/wp-content\/uploads\/2026\/05\/4-9-1200x674.jpg 1200w\" sizes=\"auto, (max-width: 2560px) 100vw, 2560px\" data-no-translation=\"\" \/><br \/>\nDesempenho e hardware essenciais incompar\u00e1veis<\/h2>\n<ul>\n<li><strong>Sensor principal PAW3950:<\/strong>\u00a0Domine a concorr\u00eancia com o l\u00edder do setor\u00a0<strong>Sensor PAW3950<\/strong>. Esse\u00a0<strong>Mouse sem fio PAW3950<\/strong>\u00a0Oferece DPI nativo ultra-alto, acelera\u00e7\u00e3o zero do cursor e sem desvio de rastreamento, tornando-o o\u00a0<strong>Melhor mouse para eSports de Valorant<\/strong>\u00a0onde a mira r\u00e1pida e os microajustes s\u00e3o cruciais.<\/li>\n<li><strong>Mouse gamer sem fio de 8K Hz:<\/strong>\u00a0N\u00e3o perca nenhum frame. Apresentando um\u00a0<strong>Mouse com taxa de polling de 8K \/ Dongle 8K<\/strong>\u00a0configura\u00e7\u00e3o, isto\u00a0<strong>Mouse sem fio PAW3950 8K<\/strong>\u00a0Garante uma conex\u00e3o de lat\u00eancia ultrabaixa com transmiss\u00e3o de sinal est\u00e1vel.<\/li>\n<li><strong>Chip de controle de \u00faltima gera\u00e7\u00e3o:<\/strong>\u00a0O chip de controle principal integrado de alta especifica\u00e7\u00e3o garante um rastreamento do cursor extremamente suave. Al\u00e9m disso, como um\u00a0<strong>mouse para jogos com software baseado na web<\/strong>, Com o [nome da ferramenta\/plataforma], voc\u00ea pode personalizar facilmente o DPI, a taxa de polling e a ilumina\u00e7\u00e3o RGB sem precisar de aplicativos pesados para o computador.<br \/>\n<img loading=\"lazy\" decoding=\"async\" class=\"alignnone size-full wp-image-5273\" src=\"https:\/\/halleffectkeyboard.com\/wp-content\/uploads\/2026\/05\/3-10-scaled.jpg\" alt=\"ATK F1 Extreme Wireless Mouse - LEVIATAN Edition\" width=\"2560\" height=\"1437\" srcset=\"https:\/\/halleffectkeyboard.com\/wp-content\/uploads\/2026\/05\/3-10-scaled.jpg 2560w, https:\/\/halleffectkeyboard.com\/wp-content\/uploads\/2026\/05\/3-10-300x168.jpg 300w, https:\/\/halleffectkeyboard.com\/wp-content\/uploads\/2026\/05\/3-10-1024x575.jpg 1024w, https:\/\/halleffectkeyboard.com\/wp-content\/uploads\/2026\/05\/3-10-768x431.jpg 768w, https:\/\/halleffectkeyboard.com\/wp-content\/uploads\/2026\/05\/3-10-1536x862.jpg 1536w, https:\/\/halleffectkeyboard.com\/wp-content\/uploads\/2026\/05\/3-10-2048x1150.jpg 2048w, https:\/\/halleffectkeyboard.com\/wp-content\/uploads\/2026\/05\/3-10-18x10.jpg 18w, https:\/\/halleffectkeyboard.com\/wp-content\/uploads\/2026\/05\/3-10-1200x674.jpg 1200w\" sizes=\"auto, (max-width: 2560px) 100vw, 2560px\" data-no-translation=\"\" \/><\/li>\n<\/ul>\n<h2>Ergonomia ultraleve e design exclusivo<\/h2>\n<ul>\n<li><strong>Mouse para jogos ultraleve de 35g:<\/strong>\u00a0Pesando impressionantes 35 gramas, este\u00a0<strong>Mouse gamer de 35g<\/strong>\u00a0Permite arrastar e deslizar sem esfor\u00e7o. Seu formato ergon\u00f4mico cl\u00e1ssico para destros o torna perfeito.\u00a0<strong>Mouse leve para pegada em garra<\/strong>\u00a0e um ideal\u00a0<strong>mouse gamer com pegada na ponta dos dedos<\/strong>, reduzindo significativamente a fadiga no pulso.<br \/>\n<img loading=\"lazy\" decoding=\"async\" class=\"alignnone size-full wp-image-5272\" src=\"https:\/\/halleffectkeyboard.com\/wp-content\/uploads\/2026\/05\/2-9-scaled.jpg\" alt=\"ATK F1 Extreme Wireless Mouse - LEVIATAN Edition\" width=\"2560\" height=\"1437\" srcset=\"https:\/\/halleffectkeyboard.com\/wp-content\/uploads\/2026\/05\/2-9-scaled.jpg 2560w, https:\/\/halleffectkeyboard.com\/wp-content\/uploads\/2026\/05\/2-9-300x168.jpg 300w, https:\/\/halleffectkeyboard.com\/wp-content\/uploads\/2026\/05\/2-9-1024x575.jpg 1024w, https:\/\/halleffectkeyboard.com\/wp-content\/uploads\/2026\/05\/2-9-768x431.jpg 768w, https:\/\/halleffectkeyboard.com\/wp-content\/uploads\/2026\/05\/2-9-1536x862.jpg 1536w, https:\/\/halleffectkeyboard.com\/wp-content\/uploads\/2026\/05\/2-9-2048x1150.jpg 2048w, https:\/\/halleffectkeyboard.com\/wp-content\/uploads\/2026\/05\/2-9-18x10.jpg 18w, https:\/\/halleffectkeyboard.com\/wp-content\/uploads\/2026\/05\/2-9-1200x674.jpg 1200w\" sizes=\"auto, (max-width: 2560px) 100vw, 2560px\" data-no-translation=\"\" \/><\/li>\n<li><strong>Acabamento Premium com Sensa\u00e7\u00e3o de Gelo:<\/strong>\u00a0Destaque-se com o exclusivo\u00a0<strong>Mouse edi\u00e7\u00e3o LEVIATAN<\/strong>\u00a0est\u00e9tica. Apresenta um esquema de cores personalizado, co-branding ic\u00f4nico e um antiderrapante premium.\u00a0<strong>Acabamento com sensa\u00e7\u00e3o de gelo<\/strong>. Este produto \u00e9 resistente ao suor.\u00a0<strong>mouse gamer com revestimento de gelo<\/strong>\u00a0Garante uma fixa\u00e7\u00e3o firme durante partidas intensas.<\/li>\n<li><strong>Interruptores \u00f3pticos dur\u00e1veis:<\/strong>\u00a0Constru\u00eddo como um produto de alto desempenho.\u00a0<strong>mouse sem fio com interruptores \u00f3pticos<\/strong>, Proporciona uma resposta t\u00e1til precisa, retorno r\u00e1pido e vida \u00fatil prolongada para cliques r\u00e1pidos cont\u00ednuos.<br \/>\n<img loading=\"lazy\" decoding=\"async\" class=\"alignnone size-full wp-image-5276\" src=\"https:\/\/halleffectkeyboard.com\/wp-content\/uploads\/2026\/05\/6-4-scaled.jpg\" alt=\"ATK F1 Extreme Wireless Mouse - LEVIATAN Edition\" width=\"2560\" height=\"1437\" srcset=\"https:\/\/halleffectkeyboard.com\/wp-content\/uploads\/2026\/05\/6-4-scaled.jpg 2560w, https:\/\/halleffectkeyboard.com\/wp-content\/uploads\/2026\/05\/6-4-300x168.jpg 300w, https:\/\/halleffectkeyboard.com\/wp-content\/uploads\/2026\/05\/6-4-1024x575.jpg 1024w, https:\/\/halleffectkeyboard.com\/wp-content\/uploads\/2026\/05\/6-4-768x431.jpg 768w, https:\/\/halleffectkeyboard.com\/wp-content\/uploads\/2026\/05\/6-4-1536x862.jpg 1536w, https:\/\/halleffectkeyboard.com\/wp-content\/uploads\/2026\/05\/6-4-2048x1150.jpg 2048w, https:\/\/halleffectkeyboard.com\/wp-content\/uploads\/2026\/05\/6-4-18x10.jpg 18w, https:\/\/halleffectkeyboard.com\/wp-content\/uploads\/2026\/05\/6-4-1200x674.jpg 1200w\" sizes=\"auto, (max-width: 2560px) 100vw, 2560px\" data-no-translation=\"\" \/><\/li>\n<\/ul>\n<h2>Resumo das especifica\u00e7\u00f5es t\u00e9cnicas<\/h2>\n<ul>\n<li><strong>Produto:<\/strong>\u00a0<strong>ATK Blazing Sky F1<\/strong>\u00a0(Edi\u00e7\u00e3o Extrema)<\/li>\n<li><strong>Sensor:<\/strong>\u00a0Sensor \u00d3ptico PAW3950<\/li>\n<li><strong>Peso:<\/strong>\u00a035g<\/li>\n<li><strong>Taxa de vota\u00e7\u00e3o:<\/strong>\u00a0At\u00e9 8000Hz (dongle 8K inclu\u00eddo)<\/li>\n<li><strong>Conectividade:<\/strong>\u00a0Modo duplo sem fio 2.4G + com fio<\/li>\n<li><strong>Bateria:<\/strong>\u00a0Bateria recarreg\u00e1vel de alta capacidade com suporte para carregamento r\u00e1pido.<\/li>\n<li><strong>Deslizamentos:<\/strong>\u00a0P\u00e9s de rato de PTFE premium ultra suaves<\/li>\n<li><strong>Compatibilidade:<\/strong>\u00a0Plug-and-play para Windows, macOS e Linux.<\/li>\n<\/ul>\n<h2><img loading=\"lazy\" decoding=\"async\" class=\"alignnone size-full wp-image-5275\" src=\"https:\/\/halleffectkeyboard.com\/wp-content\/uploads\/2026\/05\/5-8-scaled.jpg\" alt=\"ATK F1 Extreme Wireless Mouse - LEVIATAN Edition\" width=\"2560\" height=\"1437\" srcset=\"https:\/\/halleffectkeyboard.com\/wp-content\/uploads\/2026\/05\/5-8-scaled.jpg 2560w, https:\/\/halleffectkeyboard.com\/wp-content\/uploads\/2026\/05\/5-8-300x168.jpg 300w, https:\/\/halleffectkeyboard.com\/wp-content\/uploads\/2026\/05\/5-8-1024x575.jpg 1024w, https:\/\/halleffectkeyboard.com\/wp-content\/uploads\/2026\/05\/5-8-768x431.jpg 768w, https:\/\/halleffectkeyboard.com\/wp-content\/uploads\/2026\/05\/5-8-1536x862.jpg 1536w, https:\/\/halleffectkeyboard.com\/wp-content\/uploads\/2026\/05\/5-8-2048x1150.jpg 2048w, https:\/\/halleffectkeyboard.com\/wp-content\/uploads\/2026\/05\/5-8-18x10.jpg 18w, https:\/\/halleffectkeyboard.com\/wp-content\/uploads\/2026\/05\/5-8-1200x674.jpg 1200w\" sizes=\"auto, (max-width: 2560px) 100vw, 2560px\" data-no-translation=\"\" \/><br \/>\nAtualize sua configura\u00e7\u00e3o hoje mesmo<\/h2>\n<p>Pronto para elevar seu n\u00edvel de jogo com os mesmos equipamentos usados pelos profissionais? Confira o <strong>Pre\u00e7o do ATK Blazing Sky F1 Extreme<\/strong> e <strong>Compre ATK F1 Extreme Leviatan<\/strong> Garanta j\u00e1 o seu lugar na hist\u00f3ria dos eSports. Junte-se \u00e0 elite dos jogadores com o <strong>Mouse sem fio ATK F1 Extreme<\/strong>.<\/p>","protected":false},"excerpt":{"rendered":"<p>Experimente o desempenho de elite nos eSports com o <strong>Mouse sem fio ATK F1 Extreme \u2013 Edi\u00e7\u00e3o LEVIATAN<\/strong>. Pesando apenas 35g, este mouse gamer exclusivo com marca conjunta apresenta o sensor PAW3950, um sensor de \u00faltima gera\u00e7\u00e3o, taxa de polling de 8K para lat\u00eancia ultrabaixa e um acabamento premium antiderrapante com textura de gelo. Projetado para jogadores profissionais de FPS que exigem precis\u00e3o e velocidade m\u00e1ximas.<\/p>","protected":false},"featured_media":5266,"comment_status":"open","ping_status":"closed","template":"","meta":[],"product_brand":[226],"product_cat":[331],"product_tag":[499,338,498],"class_list":{"0":"post-5264","1":"product","2":"type-product","3":"status-publish","4":"has-post-thumbnail","6":"product_brand-atk","7":"product_cat-mouse","8":"product_tag-gaming-mouse","9":"product_tag-mouse","10":"product_tag-wireless-mouse","12":"first","13":"instock","14":"taxable","15":"shipping-taxable","16":"purchasable","17":"product-type-variable","18":"wvs-archive-product-wrapper"},"aioseo_notices":[],"ct_brands":[{"id":226,"name":"ATQ","slug":"atk"}],"jetpack_sharing_enabled":true,"_links":{"self":[{"href":"https:\/\/halleffectkeyboard.com\/pt\/wp-json\/wp\/v2\/product\/5264","targetHints":{"allow":["GET"]}}],"collection":[{"href":"https:\/\/halleffectkeyboard.com\/pt\/wp-json\/wp\/v2\/product"}],"about":[{"href":"https:\/\/halleffectkeyboard.com\/pt\/wp-json\/wp\/v2\/types\/product"}],"replies":[{"embeddable":true,"href":"https:\/\/halleffectkeyboard.com\/pt\/wp-json\/wp\/v2\/comments?post=5264"}],"version-history":[{"count":3,"href":"https:\/\/halleffectkeyboard.com\/pt\/wp-json\/wp\/v2\/product\/5264\/revisions"}],"predecessor-version":[{"id":5279,"href":"https:\/\/halleffectkeyboard.com\/pt\/wp-json\/wp\/v2\/product\/5264\/revisions\/5279"}],"wp:featuredmedia":[{"embeddable":true,"href":"https:\/\/halleffectkeyboard.com\/pt\/wp-json\/wp\/v2\/media\/5266"}],"wp:attachment":[{"href":"https:\/\/halleffectkeyboard.com\/pt\/wp-json\/wp\/v2\/media?parent=5264"}],"wp:term":[{"taxonomy":"product_brand","embeddable":true,"href":"https:\/\/halleffectkeyboard.com\/pt\/wp-json\/wp\/v2\/product_brand?post=5264"},{"taxonomy":"product_cat","embeddable":true,"href":"https:\/\/halleffectkeyboard.com\/pt\/wp-json\/wp\/v2\/product_cat?post=5264"},{"taxonomy":"product_tag","embeddable":true,"href":"https:\/\/halleffectkeyboard.com\/pt\/wp-json\/wp\/v2\/product_tag?post=5264"}],"curies":[{"name":"wp","href":"https:\/\/api.w.org\/{rel}","templated":true}]}}