{"id":5243,"date":"2026-05-07T11:10:15","date_gmt":"2026-05-07T03:10:15","guid":{"rendered":"https:\/\/halleffectkeyboard.com\/?post_type=product&#038;p=5243"},"modified":"2026-05-07T17:09:50","modified_gmt":"2026-05-07T09:09:50","slug":"atk-99g-mouse-pad","status":"publish","type":"product","link":"https:\/\/halleffectkeyboard.com\/pt\/produto\/mousepad-atk-99g\/","title":{"rendered":"Mousepad ATK 99G"},"content":{"rendered":"<h1><strong>Mousepad ATK 99G: O melhor mousepad para jogos de eSports da XSoft<br \/>\n<img loading=\"lazy\" decoding=\"async\" class=\"alignnone size-full wp-image-5256\" src=\"https:\/\/halleffectkeyboard.com\/wp-content\/uploads\/2026\/05\/1-7-scaled.jpg\" alt=\"ATK 99G Mouse Pad\" width=\"2560\" height=\"1437\" srcset=\"https:\/\/halleffectkeyboard.com\/wp-content\/uploads\/2026\/05\/1-7-scaled.jpg 2560w, https:\/\/halleffectkeyboard.com\/wp-content\/uploads\/2026\/05\/1-7-300x168.jpg 300w, https:\/\/halleffectkeyboard.com\/wp-content\/uploads\/2026\/05\/1-7-1024x575.jpg 1024w, https:\/\/halleffectkeyboard.com\/wp-content\/uploads\/2026\/05\/1-7-768x431.jpg 768w, https:\/\/halleffectkeyboard.com\/wp-content\/uploads\/2026\/05\/1-7-1536x862.jpg 1536w, https:\/\/halleffectkeyboard.com\/wp-content\/uploads\/2026\/05\/1-7-2048x1150.jpg 2048w, https:\/\/halleffectkeyboard.com\/wp-content\/uploads\/2026\/05\/1-7-18x10.jpg 18w, https:\/\/halleffectkeyboard.com\/wp-content\/uploads\/2026\/05\/1-7-1200x674.jpg 1200w\" sizes=\"auto, (max-width: 2560px) 100vw, 2560px\" data-no-translation=\"\" \/><br \/>\n<\/strong><\/h1>\n<p>Aprimore sua experi\u00eancia de jogo com o <strong>ATK 99G<\/strong>, uma de primeira linha <strong>Mousepad para jogos de eSports<\/strong> Projetado para jogadores competitivos e profissionais. Seja para rastrear alvos em jogos de tiro fren\u00e9ticos ou executar cliques precisos em MOBAs, este \u00e9 o mouse ideal. <strong>Mousepad ATK<\/strong> Oferece a combina\u00e7\u00e3o perfeita de velocidade e controle. Se voc\u00ea est\u00e1 procurando por <strong>Compre o mousepad ATK 99G<\/strong>, Ao adquirir este produto, voc\u00ea est\u00e1 investindo em uma superf\u00edcie premium que redefine sua configura\u00e7\u00e3o.<br \/>\n<img loading=\"lazy\" decoding=\"async\" class=\"alignnone size-full wp-image-5260\" src=\"https:\/\/halleffectkeyboard.com\/wp-content\/uploads\/2026\/05\/5-6-scaled.jpg\" alt=\"ATK 99G Mouse Pad\" width=\"2560\" height=\"1437\" srcset=\"https:\/\/halleffectkeyboard.com\/wp-content\/uploads\/2026\/05\/5-6-scaled.jpg 2560w, https:\/\/halleffectkeyboard.com\/wp-content\/uploads\/2026\/05\/5-6-300x168.jpg 300w, https:\/\/halleffectkeyboard.com\/wp-content\/uploads\/2026\/05\/5-6-1024x575.jpg 1024w, https:\/\/halleffectkeyboard.com\/wp-content\/uploads\/2026\/05\/5-6-768x431.jpg 768w, https:\/\/halleffectkeyboard.com\/wp-content\/uploads\/2026\/05\/5-6-1536x862.jpg 1536w, https:\/\/halleffectkeyboard.com\/wp-content\/uploads\/2026\/05\/5-6-2048x1150.jpg 2048w, https:\/\/halleffectkeyboard.com\/wp-content\/uploads\/2026\/05\/5-6-18x10.jpg 18w, https:\/\/halleffectkeyboard.com\/wp-content\/uploads\/2026\/05\/5-6-1200x674.jpg 1200w\" sizes=\"auto, (max-width: 2560px) 100vw, 2560px\" data-no-translation=\"\" \/><\/p>\n<h2><strong>Superf\u00edcie e controle incompar\u00e1veis<\/strong><\/h2>\n<p>No centro do <strong>ATK 99G<\/strong> \u00e9 um <strong>mousepad de fibra composta premium<\/strong> design. O <strong>superf\u00edcie de fibra composta<\/strong> Oferece uma textura de microfibra macia e agrad\u00e1vel \u00e0 pele que garante um <strong>deslizamento suave<\/strong> mantendo <strong>poder de frenagem equilibrado<\/strong>. Isso a torna excepcional. <strong>almofada de controle de deslizamento suave<\/strong> e o \u00faltimo <strong>mousepad para jogos com poder de parada<\/strong>.<\/p>\n<p>Para jogadores que exigem consist\u00eancia, o <strong>ATK 99G<\/strong> tamb\u00e9m foi projetado como um <strong>mousepad para jogos resistente \u00e0 umidade<\/strong>, garantindo que sua mira permane\u00e7a impec\u00e1vel independentemente do clima ou de sess\u00f5es de jogo intensas.<br \/>\n<img loading=\"lazy\" decoding=\"async\" class=\"alignnone size-full wp-image-5257\" src=\"https:\/\/halleffectkeyboard.com\/wp-content\/uploads\/2026\/05\/2-7-scaled.jpg\" alt=\"ATK 99G Mouse Pad\" width=\"2560\" height=\"1437\" srcset=\"https:\/\/halleffectkeyboard.com\/wp-content\/uploads\/2026\/05\/2-7-scaled.jpg 2560w, https:\/\/halleffectkeyboard.com\/wp-content\/uploads\/2026\/05\/2-7-300x168.jpg 300w, https:\/\/halleffectkeyboard.com\/wp-content\/uploads\/2026\/05\/2-7-1024x575.jpg 1024w, https:\/\/halleffectkeyboard.com\/wp-content\/uploads\/2026\/05\/2-7-768x431.jpg 768w, https:\/\/halleffectkeyboard.com\/wp-content\/uploads\/2026\/05\/2-7-1536x862.jpg 1536w, https:\/\/halleffectkeyboard.com\/wp-content\/uploads\/2026\/05\/2-7-2048x1150.jpg 2048w, https:\/\/halleffectkeyboard.com\/wp-content\/uploads\/2026\/05\/2-7-18x10.jpg 18w, https:\/\/halleffectkeyboard.com\/wp-content\/uploads\/2026\/05\/2-7-1200x674.jpg 1200w\" sizes=\"auto, (max-width: 2560px) 100vw, 2560px\" data-no-translation=\"\" \/><\/p>\n<h2><strong>Projetado para jogos competitivos<\/strong><\/h2>\n<p>Esta almofada \u00e9 amplamente considerada como a <strong>Melhor mousepad para Valorant com baixa sensibilidade.<\/strong> e o <strong>Melhor mousepad para CS2<\/strong>. Como um dedicado <strong>Mousepad para jogos FPS<\/strong> e <strong>Mousepad de controle para jogos FPS<\/strong>, Ele se destaca em cen\u00e1rios com TTK (Tempo para Matar) curto, como Apex Legends, CS:GO e Valorant.<\/p>\n<p>N\u00e3o apenas para atiradores, sua versatilidade a torna uma excelente op\u00e7\u00e3o. <strong>Mousepad MOBA<\/strong>. Para jogadores que preferem movimentos amplos com o bra\u00e7o, isto \u00e9 ideal. <strong>mousepad grande para jogos<\/strong> apoia <strong>Jogos com baixa DPI<\/strong> sem esfor\u00e7o. Como um <strong>Mousepad grande para esports 490\u00d7420<\/strong>, oferece amplo espa\u00e7o tanto para miras de bra\u00e7o quanto de pulso.<br \/>\n<img loading=\"lazy\" decoding=\"async\" class=\"alignnone size-full wp-image-5259\" src=\"https:\/\/halleffectkeyboard.com\/wp-content\/uploads\/2026\/05\/4-7-scaled.jpg\" alt=\"ATK 99G Mouse Pad\" width=\"2560\" height=\"1437\" srcset=\"https:\/\/halleffectkeyboard.com\/wp-content\/uploads\/2026\/05\/4-7-scaled.jpg 2560w, https:\/\/halleffectkeyboard.com\/wp-content\/uploads\/2026\/05\/4-7-300x168.jpg 300w, https:\/\/halleffectkeyboard.com\/wp-content\/uploads\/2026\/05\/4-7-1024x575.jpg 1024w, https:\/\/halleffectkeyboard.com\/wp-content\/uploads\/2026\/05\/4-7-768x431.jpg 768w, https:\/\/halleffectkeyboard.com\/wp-content\/uploads\/2026\/05\/4-7-1536x862.jpg 1536w, https:\/\/halleffectkeyboard.com\/wp-content\/uploads\/2026\/05\/4-7-2048x1150.jpg 2048w, https:\/\/halleffectkeyboard.com\/wp-content\/uploads\/2026\/05\/4-7-18x10.jpg 18w, https:\/\/halleffectkeyboard.com\/wp-content\/uploads\/2026\/05\/4-7-1200x674.jpg 1200w\" sizes=\"auto, (max-width: 2560px) 100vw, 2560px\" data-no-translation=\"\" \/><\/p>\n<h2><strong>Base e durabilidade premium<\/strong><\/h2>\n<p>Dispon\u00edvel nas vers\u00f5es Air e Carbon, o <strong>ATK 99G<\/strong> apresenta um personalizado <strong>Mousepad com base XSoft<\/strong> F\u00f3rmula. As vers\u00f5es Carbon utilizam uma base de poliuretano (PU) coreano de alta qualidade, proporcionando um desempenho exatamente igual ao de um produto premium. <strong>mousepad gamer com base em poron<\/strong> Com incr\u00edveis propriedades antiderrapantes.<\/p>\n<p>A durabilidade \u00e9 garantida pela costura de precis\u00e3o subsuperficial. Como um produto de alta qualidade <strong>mousepad gamer com borda costurada<\/strong>, As bordas ficam abaixo da superf\u00edcie para evitar que desfiem e garantir que nunca irritem o bra\u00e7o durante sess\u00f5es prolongadas.<br \/>\n<img loading=\"lazy\" decoding=\"async\" class=\"alignnone size-full wp-image-5261\" src=\"https:\/\/halleffectkeyboard.com\/wp-content\/uploads\/2026\/05\/6-3-scaled.jpg\" alt=\"ATK 99G Mouse Pad\" width=\"2560\" height=\"1437\" srcset=\"https:\/\/halleffectkeyboard.com\/wp-content\/uploads\/2026\/05\/6-3-scaled.jpg 2560w, https:\/\/halleffectkeyboard.com\/wp-content\/uploads\/2026\/05\/6-3-300x168.jpg 300w, https:\/\/halleffectkeyboard.com\/wp-content\/uploads\/2026\/05\/6-3-1024x575.jpg 1024w, https:\/\/halleffectkeyboard.com\/wp-content\/uploads\/2026\/05\/6-3-768x431.jpg 768w, https:\/\/halleffectkeyboard.com\/wp-content\/uploads\/2026\/05\/6-3-1536x862.jpg 1536w, https:\/\/halleffectkeyboard.com\/wp-content\/uploads\/2026\/05\/6-3-2048x1150.jpg 2048w, https:\/\/halleffectkeyboard.com\/wp-content\/uploads\/2026\/05\/6-3-18x10.jpg 18w, https:\/\/halleffectkeyboard.com\/wp-content\/uploads\/2026\/05\/6-3-1200x674.jpg 1200w\" sizes=\"auto, (max-width: 2560px) 100vw, 2560px\" data-no-translation=\"\" \/><\/p>\n<h2><strong>Como se compara?<\/strong><\/h2>\n<p>No competitivo mercado perif\u00e9rico, o <strong>An\u00e1lise do ATK 99G<\/strong> O consenso \u00e9 extremamente positivo. Ao analisar o <strong>ATK 99G vs Artes\u00e3o Zero<\/strong>, Muitos entusiastas consideram o ATK 99G o melhor. <strong>melhor alternativa artesanal zero<\/strong> Dispon\u00edvel hoje, oferecendo desempenho premium similar a um pre\u00e7o mais acess\u00edvel.<\/p>\n<p>Para quem est\u00e1 em d\u00favida entre os n\u00edveis de maciez, o <strong>ATK 99G XSoft vs Meio<\/strong> A discuss\u00e3o geralmente favorece o XSoft por seu poder de frenagem superior e conforto excepcional. Al\u00e9m disso, em compara\u00e7\u00f5es como <strong>ATK 99G vs Lethal Gaming Gear (LGG)<\/strong>, O ATK 99G destaca-se pela sua mistura \u00fanica de fibras compostas e pelo seu valor excepcional. <strong>An\u00e1lise do mousepad ATK 99G<\/strong> Destaca sua incr\u00edvel rela\u00e7\u00e3o custo-benef\u00edcio.<br \/>\n<img loading=\"lazy\" decoding=\"async\" class=\"alignnone size-full wp-image-5262\" src=\"https:\/\/halleffectkeyboard.com\/wp-content\/uploads\/2026\/05\/7-3-scaled.jpg\" alt=\"ATK 99G Mouse Pad\" width=\"2560\" height=\"1437\" srcset=\"https:\/\/halleffectkeyboard.com\/wp-content\/uploads\/2026\/05\/7-3-scaled.jpg 2560w, https:\/\/halleffectkeyboard.com\/wp-content\/uploads\/2026\/05\/7-3-300x168.jpg 300w, https:\/\/halleffectkeyboard.com\/wp-content\/uploads\/2026\/05\/7-3-1024x575.jpg 1024w, https:\/\/halleffectkeyboard.com\/wp-content\/uploads\/2026\/05\/7-3-768x431.jpg 768w, https:\/\/halleffectkeyboard.com\/wp-content\/uploads\/2026\/05\/7-3-1536x862.jpg 1536w, https:\/\/halleffectkeyboard.com\/wp-content\/uploads\/2026\/05\/7-3-2048x1150.jpg 2048w, https:\/\/halleffectkeyboard.com\/wp-content\/uploads\/2026\/05\/7-3-18x10.jpg 18w, https:\/\/halleffectkeyboard.com\/wp-content\/uploads\/2026\/05\/7-3-1200x674.jpg 1200w\" sizes=\"auto, (max-width: 2560px) 100vw, 2560px\" data-no-translation=\"\" \/><\/p>\n<h2><strong>Especifica\u00e7\u00f5es do produto<\/strong><\/h2>\n<ul>\n<li><strong>Marca:<\/strong>\u00a0<strong>ATQ<\/strong><\/li>\n<li><strong>Modelo:<\/strong>\u00a0<strong>ATK 99G<\/strong>\u00a0XSoft<\/li>\n<li><strong>Vers\u00f5es:<\/strong>\u00a0Ar, Carbono, Pro<\/li>\n<li><strong>Cores:<\/strong>\u00a0Verde Matcha, Preto<\/li>\n<li><strong>Dimens\u00f5es:<\/strong>\u00a0<strong>Mousepad de 490x420mm<\/strong><\/li>\n<li><strong>Grossura:<\/strong>\u00a04 mm (Pro\/Carbon) \/ 4,5 \u00b1 0,5 mm (Air)<\/li>\n<li><strong>Superf\u00edcie:<\/strong>\u00a0Fibra composta de microfibra<\/li>\n<li><strong>Base:<\/strong>\u00a0Base de PU coreana (Pro\/Carbon) \/ Borracha antiderrapante espessa (Air)<\/li>\n<\/ul>\n<h2><strong>Cuidados e manuten\u00e7\u00e3o<\/strong><\/h2>\n<p>Para manter o seu <strong>Melhor mousepad gamer XSoft<\/strong> Em perfeitas condi\u00e7\u00f5es:<\/p>\n<ul>\n<li>Evite expor o mousepad a altas temperaturas ou umidade extrema.<\/li>\n<li><strong>Limpeza:<\/strong>\u00a0Limpe delicadamente a superf\u00edcie com um pano levemente \u00famido ou len\u00e7os umedecidos sem \u00e1lcool.\u00a0<strong>N\u00e3o deixe de molho nem lave na m\u00e1quina.<\/strong><\/li>\n<li><em>Observa\u00e7\u00e3o: Um leve odor de borracha ao abrir a caixa \u00e9 normal e se dissipar\u00e1 ap\u00f3s breve ventila\u00e7\u00e3o.<\/em><\/li>\n<\/ul>\n<p><strong>Pronto para melhorar sua mira?<\/strong> N\u00e3o se contente com menos. Experimente hoje mesmo o equil\u00edbrio perfeito entre velocidade e controle com o ATK 99G.<\/p>","protected":false},"excerpt":{"rendered":"<p>Experimente a m\u00e1xima precis\u00e3o com o <strong>Mousepad para jogos ATK 99G XSoft<\/strong>, projetado para esports competitivos.<\/p>\n<ul>\n<li><strong>Superf\u00edcie Premium:<\/strong>\u00a0Mistura de fibras compostas para um deslizamento suave e poder de frenagem equilibrado.<\/li>\n<li><strong>Base XSoft:<\/strong>\u00a0Estabilidade antiderrapante incr\u00edvel e conforto macio para sess\u00f5es prolongadas.<\/li>\n<li><strong>Tamanho dos eSports:<\/strong>\u00a0490x420mm, oferecendo amplo espa\u00e7o para mira com bra\u00e7o em baixa DPI.<\/li>\n<li><strong>Constru\u00e7\u00e3o dur\u00e1vel:<\/strong>\u00a0As bordas costuradas na parte interna evitam que o tecido desfie e cause irrita\u00e7\u00e3o no pulso.<\/li>\n<\/ul>","protected":false},"featured_media":5250,"comment_status":"open","ping_status":"closed","template":"","meta":[],"product_brand":[226],"product_cat":[553],"product_tag":[555,554],"class_list":{"0":"post-5243","1":"product","2":"type-product","3":"status-publish","4":"has-post-thumbnail","6":"product_brand-atk","7":"product_cat-mousepad","8":"product_tag-gaming-mousepad","9":"product_tag-mousepad","11":"first","12":"instock","13":"taxable","14":"shipping-taxable","15":"purchasable","16":"product-type-variable","17":"wvs-archive-product-wrapper"},"aioseo_notices":[],"ct_brands":[{"id":226,"name":"ATQ","slug":"atk"}],"jetpack_sharing_enabled":true,"_links":{"self":[{"href":"https:\/\/halleffectkeyboard.com\/pt\/wp-json\/wp\/v2\/product\/5243","targetHints":{"allow":["GET"]}}],"collection":[{"href":"https:\/\/halleffectkeyboard.com\/pt\/wp-json\/wp\/v2\/product"}],"about":[{"href":"https:\/\/halleffectkeyboard.com\/pt\/wp-json\/wp\/v2\/types\/product"}],"replies":[{"embeddable":true,"href":"https:\/\/halleffectkeyboard.com\/pt\/wp-json\/wp\/v2\/comments?post=5243"}],"version-history":[{"count":4,"href":"https:\/\/halleffectkeyboard.com\/pt\/wp-json\/wp\/v2\/product\/5243\/revisions"}],"predecessor-version":[{"id":5263,"href":"https:\/\/halleffectkeyboard.com\/pt\/wp-json\/wp\/v2\/product\/5243\/revisions\/5263"}],"wp:featuredmedia":[{"embeddable":true,"href":"https:\/\/halleffectkeyboard.com\/pt\/wp-json\/wp\/v2\/media\/5250"}],"wp:attachment":[{"href":"https:\/\/halleffectkeyboard.com\/pt\/wp-json\/wp\/v2\/media?parent=5243"}],"wp:term":[{"taxonomy":"product_brand","embeddable":true,"href":"https:\/\/halleffectkeyboard.com\/pt\/wp-json\/wp\/v2\/product_brand?post=5243"},{"taxonomy":"product_cat","embeddable":true,"href":"https:\/\/halleffectkeyboard.com\/pt\/wp-json\/wp\/v2\/product_cat?post=5243"},{"taxonomy":"product_tag","embeddable":true,"href":"https:\/\/halleffectkeyboard.com\/pt\/wp-json\/wp\/v2\/product_tag?post=5243"}],"curies":[{"name":"wp","href":"https:\/\/api.w.org\/{rel}","templated":true}]}}