{"id":4996,"date":"2026-04-29T13:52:35","date_gmt":"2026-04-29T05:52:35","guid":{"rendered":"https:\/\/halleffectkeyboard.com\/?post_type=product&#038;p=4996"},"modified":"2026-04-29T14:47:29","modified_gmt":"2026-04-29T06:47:29","slug":"carbon-fiber-keycaps","status":"publish","type":"product","link":"https:\/\/halleffectkeyboard.com\/pt\/produto\/carbon-fiber-keycaps\/","title":{"rendered":"Teclas de fibra de carbono"},"content":{"rendered":"<h1>Teclas de fibra de carbono \u2013 Conjunto de teclas forjadas com perfil Cherry e apar\u00eancia de fibra de carbono (119 teclas)<br \/>\n<img loading=\"lazy\" decoding=\"async\" class=\"alignnone size-full wp-image-5011\" src=\"https:\/\/halleffectkeyboard.com\/wp-content\/uploads\/2026\/04\/5-28-scaled.jpg\" alt=\"Carbon Fiber Keycaps\" width=\"2560\" height=\"1049\" srcset=\"https:\/\/halleffectkeyboard.com\/wp-content\/uploads\/2026\/04\/5-28-scaled.jpg 2560w, https:\/\/halleffectkeyboard.com\/wp-content\/uploads\/2026\/04\/5-28-300x123.jpg 300w, https:\/\/halleffectkeyboard.com\/wp-content\/uploads\/2026\/04\/5-28-1024x420.jpg 1024w, https:\/\/halleffectkeyboard.com\/wp-content\/uploads\/2026\/04\/5-28-768x315.jpg 768w, https:\/\/halleffectkeyboard.com\/wp-content\/uploads\/2026\/04\/5-28-1536x630.jpg 1536w, https:\/\/halleffectkeyboard.com\/wp-content\/uploads\/2026\/04\/5-28-2048x840.jpg 2048w, https:\/\/halleffectkeyboard.com\/wp-content\/uploads\/2026\/04\/5-28-18x7.jpg 18w, https:\/\/halleffectkeyboard.com\/wp-content\/uploads\/2026\/04\/5-28-1200x492.jpg 1200w\" sizes=\"auto, (max-width: 2560px) 100vw, 2560px\" data-no-translation=\"\" \/><\/h1>\n<p>Eleve o n\u00edvel da sua configura\u00e7\u00e3o de teclado mec\u00e2nico com nossos acess\u00f3rios premium. <strong>Teclas de fibra de carbono<\/strong>. Projetado para entusiastas que exigem estilo e subst\u00e2ncia, este <strong>Teclado com 119 teclas<\/strong> O conjunto apresenta uma est\u00e9tica impressionante em fibra de carbono forjada, transformando seu espa\u00e7o de trabalho em um centro de comando elegante e profissional.<\/p>\n<h3>Design Premium e Est\u00e9tica Discreta<br \/>\n<img loading=\"lazy\" decoding=\"async\" class=\"alignnone size-full wp-image-5007\" src=\"https:\/\/halleffectkeyboard.com\/wp-content\/uploads\/2026\/04\/1-31-scaled.jpg\" alt=\"Carbon Fiber Keycaps\" width=\"2560\" height=\"1049\" srcset=\"https:\/\/halleffectkeyboard.com\/wp-content\/uploads\/2026\/04\/1-31-scaled.jpg 2560w, https:\/\/halleffectkeyboard.com\/wp-content\/uploads\/2026\/04\/1-31-300x123.jpg 300w, https:\/\/halleffectkeyboard.com\/wp-content\/uploads\/2026\/04\/1-31-1024x420.jpg 1024w, https:\/\/halleffectkeyboard.com\/wp-content\/uploads\/2026\/04\/1-31-768x315.jpg 768w, https:\/\/halleffectkeyboard.com\/wp-content\/uploads\/2026\/04\/1-31-1536x630.jpg 1536w, https:\/\/halleffectkeyboard.com\/wp-content\/uploads\/2026\/04\/1-31-2048x840.jpg 2048w, https:\/\/halleffectkeyboard.com\/wp-content\/uploads\/2026\/04\/1-31-18x7.jpg 18w, https:\/\/halleffectkeyboard.com\/wp-content\/uploads\/2026\/04\/1-31-1200x492.jpg 1200w\" sizes=\"auto, (max-width: 2560px) 100vw, 2560px\" data-no-translation=\"\" \/><\/h3>\n<p>Fabricados com um material de PC patenteado com infus\u00e3o de carbono, estes <strong>Teclas pretas<\/strong> Oferecem integridade estrutural e resist\u00eancia a impactos excepcionais. O acabamento exclusivo com apar\u00eancia de fibra de carbono forjada proporciona uma textura sutil e agrad\u00e1vel que melhora a ader\u00eancia e oferece uma experi\u00eancia t\u00e1til premium a cada toque. Com legendas impressas na lateral que resistem ao desgaste e ao desbotamento, seu teclado mant\u00e9m uma apar\u00eancia limpa, discreta e minimalista ao longo do tempo.<br \/>\n<img loading=\"lazy\" decoding=\"async\" class=\"alignnone size-full wp-image-5008\" src=\"https:\/\/halleffectkeyboard.com\/wp-content\/uploads\/2026\/04\/2-27-scaled.jpg\" alt=\"Carbon Fiber Keycaps\" width=\"2560\" height=\"1049\" srcset=\"https:\/\/halleffectkeyboard.com\/wp-content\/uploads\/2026\/04\/2-27-scaled.jpg 2560w, https:\/\/halleffectkeyboard.com\/wp-content\/uploads\/2026\/04\/2-27-300x123.jpg 300w, https:\/\/halleffectkeyboard.com\/wp-content\/uploads\/2026\/04\/2-27-1024x420.jpg 1024w, https:\/\/halleffectkeyboard.com\/wp-content\/uploads\/2026\/04\/2-27-768x315.jpg 768w, https:\/\/halleffectkeyboard.com\/wp-content\/uploads\/2026\/04\/2-27-1536x630.jpg 1536w, https:\/\/halleffectkeyboard.com\/wp-content\/uploads\/2026\/04\/2-27-2048x840.jpg 2048w, https:\/\/halleffectkeyboard.com\/wp-content\/uploads\/2026\/04\/2-27-18x7.jpg 18w, https:\/\/halleffectkeyboard.com\/wp-content\/uploads\/2026\/04\/2-27-1200x492.jpg 1200w\" sizes=\"auto, (max-width: 2560px) 100vw, 2560px\" data-no-translation=\"\" \/><\/p>\n<h3>Design ergon\u00f4mico para desempenho m\u00e1ximo<\/h3>\n<p>Experimente o m\u00e1ximo conforto com o nosso produto. <strong>Conjunto de teclas com perfil Cherry e apar\u00eancia de fibra de carbono forjada<\/strong>. O perfil cl\u00e1ssico da Cherry \u00e9 esculpido ergonomicamente para reduzir a fadiga dos dedos, tornando-o a escolha perfeita para longas sess\u00f5es de jogos ou tarefas de digita\u00e7\u00e3o prolongadas.<br \/>\n<img loading=\"lazy\" decoding=\"async\" class=\"alignnone size-full wp-image-5010\" src=\"https:\/\/halleffectkeyboard.com\/wp-content\/uploads\/2026\/04\/4-28-scaled.jpg\" alt=\"Carbon Fiber Keycaps\" width=\"2560\" height=\"1049\" srcset=\"https:\/\/halleffectkeyboard.com\/wp-content\/uploads\/2026\/04\/4-28-scaled.jpg 2560w, https:\/\/halleffectkeyboard.com\/wp-content\/uploads\/2026\/04\/4-28-300x123.jpg 300w, https:\/\/halleffectkeyboard.com\/wp-content\/uploads\/2026\/04\/4-28-1024x420.jpg 1024w, https:\/\/halleffectkeyboard.com\/wp-content\/uploads\/2026\/04\/4-28-768x315.jpg 768w, https:\/\/halleffectkeyboard.com\/wp-content\/uploads\/2026\/04\/4-28-1536x630.jpg 1536w, https:\/\/halleffectkeyboard.com\/wp-content\/uploads\/2026\/04\/4-28-2048x840.jpg 2048w, https:\/\/halleffectkeyboard.com\/wp-content\/uploads\/2026\/04\/4-28-18x7.jpg 18w, https:\/\/halleffectkeyboard.com\/wp-content\/uploads\/2026\/04\/4-28-1200x492.jpg 1200w\" sizes=\"auto, (max-width: 2560px) 100vw, 2560px\" data-no-translation=\"\" \/><\/p>\n<h3>Compatibilidade universal<\/h3>\n<p>Este vers\u00e1til <strong>Teclado mec\u00e2nico com 119 teclas, compat\u00edvel com layout ANSI e switches MX.<\/strong> Garante uma atualiza\u00e7\u00e3o perfeita para a maioria das configura\u00e7\u00f5es. O conjunto inclui 104 teclas padr\u00e3o e 15 teclas adicionais, oferecendo suporte completo para os modelos 60%, 61%, 68%, 75%, 87%, 98% e teclados mec\u00e2nicos de 104 teclas equipados com switches MX (em formato de cruz).<br \/>\n<img loading=\"lazy\" decoding=\"async\" class=\"alignnone size-full wp-image-5018\" src=\"https:\/\/halleffectkeyboard.com\/wp-content\/uploads\/2026\/04\/8-14-scaled.jpg\" alt=\"Carbon Fiber Keycaps\" width=\"2560\" height=\"1049\" srcset=\"https:\/\/halleffectkeyboard.com\/wp-content\/uploads\/2026\/04\/8-14-scaled.jpg 2560w, https:\/\/halleffectkeyboard.com\/wp-content\/uploads\/2026\/04\/8-14-300x123.jpg 300w, https:\/\/halleffectkeyboard.com\/wp-content\/uploads\/2026\/04\/8-14-1024x420.jpg 1024w, https:\/\/halleffectkeyboard.com\/wp-content\/uploads\/2026\/04\/8-14-768x315.jpg 768w, https:\/\/halleffectkeyboard.com\/wp-content\/uploads\/2026\/04\/8-14-1536x630.jpg 1536w, https:\/\/halleffectkeyboard.com\/wp-content\/uploads\/2026\/04\/8-14-2048x840.jpg 2048w, https:\/\/halleffectkeyboard.com\/wp-content\/uploads\/2026\/04\/8-14-18x7.jpg 18w, https:\/\/halleffectkeyboard.com\/wp-content\/uploads\/2026\/04\/8-14-1200x492.jpg 1200w\" sizes=\"auto, (max-width: 2560px) 100vw, 2560px\" data-no-translation=\"\" \/><\/p>\n<h3>O que tem na caixa?<\/h3>\n<ul>\n<li><strong>119 teclas de fibra de carbono<\/strong><\/li>\n<li><strong>Caixa de armazenamento premium:<\/strong>\u00a0Mantenha suas teclas sobressalentes ou n\u00e3o utilizadas organizadas e protegidas por muitos anos.<\/li>\n<li><em>Nota: O teclado mostrado em images \u00e9 apenas para fins de demonstra\u00e7\u00e3o e n\u00e3o est\u00e1 inclu\u00eddo.<br \/>\n<img loading=\"lazy\" decoding=\"async\" class=\"alignnone size-full wp-image-5009\" src=\"https:\/\/halleffectkeyboard.com\/wp-content\/uploads\/2026\/04\/3-27-scaled.jpg\" alt=\"Carbon Fiber Keycaps\" width=\"2560\" height=\"1049\" srcset=\"https:\/\/halleffectkeyboard.com\/wp-content\/uploads\/2026\/04\/3-27-scaled.jpg 2560w, https:\/\/halleffectkeyboard.com\/wp-content\/uploads\/2026\/04\/3-27-300x123.jpg 300w, https:\/\/halleffectkeyboard.com\/wp-content\/uploads\/2026\/04\/3-27-1024x420.jpg 1024w, https:\/\/halleffectkeyboard.com\/wp-content\/uploads\/2026\/04\/3-27-768x315.jpg 768w, https:\/\/halleffectkeyboard.com\/wp-content\/uploads\/2026\/04\/3-27-1536x630.jpg 1536w, https:\/\/halleffectkeyboard.com\/wp-content\/uploads\/2026\/04\/3-27-2048x840.jpg 2048w, https:\/\/halleffectkeyboard.com\/wp-content\/uploads\/2026\/04\/3-27-18x7.jpg 18w, https:\/\/halleffectkeyboard.com\/wp-content\/uploads\/2026\/04\/3-27-1200x492.jpg 1200w\" sizes=\"auto, (max-width: 2560px) 100vw, 2560px\" data-no-translation=\"\" \/><br \/>\n<\/em><\/li>\n<\/ul>\n<hr \/>\n<h3>Resumo das principais funcionalidades:<\/h3>\n<ul>\n<li><strong>Material:<\/strong>\u00a0Mistura de PC com infus\u00e3o de carbono de alta durabilidade.<\/li>\n<li><strong>Perfil:<\/strong>\u00a0Perfil ergon\u00f4mico em cerejeira.<\/li>\n<li><strong>Projeto:<\/strong>\u00a0Est\u00e9tica em fibra de carbono forjada com inscri\u00e7\u00f5es impressas na lateral.<\/li>\n<li><strong>Layout:<\/strong>\u00a0Teclado com 119 teclas (compat\u00edvel com layout ANSI).<\/li>\n<li><strong>Compatibilidade:<\/strong>\u00a0Compat\u00edvel com a maioria dos teclados mec\u00e2nicos com haste MX (layouts 60% a 104%).<\/li>\n<\/ul>\n<p><strong>Melhore sua experi\u00eancia de digita\u00e7\u00e3o hoje mesmo com a combina\u00e7\u00e3o perfeita de durabilidade e design sofisticado.<\/p>\n<p><\/strong><\/p>","protected":false},"excerpt":{"rendered":"<p>Aprimore seu teclado mec\u00e2nico com nosso conjunto de teclas de fibra de carbono de 119 teclas. Com um acabamento premium em fibra de carbono forjada, material de policarbonato resistente com infus\u00e3o de carbono e perfil ergon\u00f4mico Cherry, essas teclas pretas com impress\u00e3o lateral oferecem uma est\u00e9tica elegante e discreta, al\u00e9m de uma ader\u00eancia t\u00e1til superior para qualquer teclado com switches MX e layout ANSI.<\/p>","protected":false},"featured_media":5000,"comment_status":"open","ping_status":"closed","template":"","meta":[],"product_brand":[191],"product_cat":[134],"product_tag":[273,136],"class_list":{"0":"post-4996","1":"product","2":"type-product","3":"status-publish","4":"has-post-thumbnail","6":"product_brand-hek","7":"product_cat-keycaps","8":"product_tag-carbon-fiber-keycaps","9":"product_tag-keycaps","11":"first","12":"instock","13":"taxable","14":"shipping-taxable","15":"purchasable","16":"product-type-variable","17":"wvs-archive-product-wrapper"},"aioseo_notices":[],"ct_brands":[{"id":191,"name":"HEK","slug":"hek"}],"jetpack_sharing_enabled":true,"_links":{"self":[{"href":"https:\/\/halleffectkeyboard.com\/pt\/wp-json\/wp\/v2\/product\/4996","targetHints":{"allow":["GET"]}}],"collection":[{"href":"https:\/\/halleffectkeyboard.com\/pt\/wp-json\/wp\/v2\/product"}],"about":[{"href":"https:\/\/halleffectkeyboard.com\/pt\/wp-json\/wp\/v2\/types\/product"}],"replies":[{"embeddable":true,"href":"https:\/\/halleffectkeyboard.com\/pt\/wp-json\/wp\/v2\/comments?post=4996"}],"version-history":[{"count":4,"href":"https:\/\/halleffectkeyboard.com\/pt\/wp-json\/wp\/v2\/product\/4996\/revisions"}],"predecessor-version":[{"id":5019,"href":"https:\/\/halleffectkeyboard.com\/pt\/wp-json\/wp\/v2\/product\/4996\/revisions\/5019"}],"wp:featuredmedia":[{"embeddable":true,"href":"https:\/\/halleffectkeyboard.com\/pt\/wp-json\/wp\/v2\/media\/5000"}],"wp:attachment":[{"href":"https:\/\/halleffectkeyboard.com\/pt\/wp-json\/wp\/v2\/media?parent=4996"}],"wp:term":[{"taxonomy":"product_brand","embeddable":true,"href":"https:\/\/halleffectkeyboard.com\/pt\/wp-json\/wp\/v2\/product_brand?post=4996"},{"taxonomy":"product_cat","embeddable":true,"href":"https:\/\/halleffectkeyboard.com\/pt\/wp-json\/wp\/v2\/product_cat?post=4996"},{"taxonomy":"product_tag","embeddable":true,"href":"https:\/\/halleffectkeyboard.com\/pt\/wp-json\/wp\/v2\/product_tag?post=4996"}],"curies":[{"name":"wp","href":"https:\/\/api.w.org\/{rel}","templated":true}]}}