{"id":4724,"date":"2026-04-27T10:44:26","date_gmt":"2026-04-27T02:44:26","guid":{"rendered":"https:\/\/halleffectkeyboard.com\/"},"modified":"2026-04-27T18:32:42","modified_gmt":"2026-04-27T10:32:42","slug":"aula-f108-pro-mechanical-keyboard","status":"publish","type":"product","link":"https:\/\/halleffectkeyboard.com\/pt\/produto\/aula-f108-pro-mechanical-keyboard\/","title":{"rendered":"Teclado mec\u00e2nico AULA F108 PRO"},"content":{"rendered":"<h1><strong>Teclado Mec\u00e2nico AULA F108 PRO: O Teclado Personalizado Definitivo de Tamanho Normal<\/strong><\/h1>\n<p>Voc\u00ea est\u00e1 procurando por <strong>melhor teclado mec\u00e2nico<\/strong> que combina perfeitamente produtividade, desempenho em jogos e personaliza\u00e7\u00e3o m\u00e1xima? Conhe\u00e7a o <strong>Teclado mec\u00e2nico AULA F108 PRO<\/strong>. Projetado tanto para entusiastas quanto para profissionais, este produto \u00e9 ideal para este tipo de usu\u00e1rio. <strong>teclado mec\u00e2nico de tamanho normal<\/strong> Oferece uma experi\u00eancia de digita\u00e7\u00e3o premium com recursos de ponta. Seja para construir o computador dos seus sonhos. <strong>teclado mec\u00e2nico personalizado<\/strong> ou procurando por <strong>melhor teclado mec\u00e2nico custo-benef\u00edcio<\/strong> Com especifica\u00e7\u00f5es de ponta, o <strong>AULA F108 PRO<\/strong> Foi projetado para superar suas expectativas.<br \/>\n<img loading=\"lazy\" decoding=\"async\" class=\"alignnone size-full wp-image-4765\" src=\"https:\/\/halleffectkeyboard.com\/wp-content\/uploads\/2026\/04\/1-22.jpg\" alt=\"Teclado mec\u00e2nico AULA F108 PRO\" width=\"1680\" height=\"679\" srcset=\"https:\/\/halleffectkeyboard.com\/wp-content\/uploads\/2026\/04\/1-22.jpg 1680w, https:\/\/halleffectkeyboard.com\/wp-content\/uploads\/2026\/04\/1-22-300x121.jpg 300w, https:\/\/halleffectkeyboard.com\/wp-content\/uploads\/2026\/04\/1-22-1024x414.jpg 1024w, https:\/\/halleffectkeyboard.com\/wp-content\/uploads\/2026\/04\/1-22-768x310.jpg 768w, https:\/\/halleffectkeyboard.com\/wp-content\/uploads\/2026\/04\/1-22-1536x621.jpg 1536w, https:\/\/halleffectkeyboard.com\/wp-content\/uploads\/2026\/04\/1-22-18x7.jpg 18w, https:\/\/halleffectkeyboard.com\/wp-content\/uploads\/2026\/04\/1-22-1200x485.jpg 1200w\" sizes=\"auto, (max-width: 1680px) 100vw, 1680px\" \/><\/p>\n<h2><strong>Principais caracter\u00edsticas do AULA F108 PRO<\/strong><\/h2>\n<h3><strong>Tela TFT inteligente e bot\u00e3o multifuncional<\/strong><\/h3>\n<p>Assuma o controle da sua configura\u00e7\u00e3o com a tela colorida TFT inteligente integrada e o bot\u00e3o multifuncional. <strong>Teclado AULA<\/strong> Permite atualizar facilmente imagens GIF personalizadas, ajustar o volume, verificar o estado da bateria e alternar entre modos de conex\u00e3o ou configura\u00e7\u00f5es de luz de fundo em tempo real. <em>(Observa\u00e7\u00e3o: \u00c9 necess\u00e1rio baixar o software no Windows em modo com fio para configurar imagens\/GIFs na tela e calibrar a hora. Remova a pel\u00edcula protetora transparente antes de usar).<br \/>\n<img loading=\"lazy\" decoding=\"async\" class=\"alignnone size-full wp-image-4768\" src=\"https:\/\/halleffectkeyboard.com\/wp-content\/uploads\/2026\/04\/4-20.jpg\" alt=\"Teclado mec\u00e2nico AULA F108 PRO\" width=\"1680\" height=\"679\" srcset=\"https:\/\/halleffectkeyboard.com\/wp-content\/uploads\/2026\/04\/4-20.jpg 1680w, https:\/\/halleffectkeyboard.com\/wp-content\/uploads\/2026\/04\/4-20-300x121.jpg 300w, https:\/\/halleffectkeyboard.com\/wp-content\/uploads\/2026\/04\/4-20-1024x414.jpg 1024w, https:\/\/halleffectkeyboard.com\/wp-content\/uploads\/2026\/04\/4-20-768x310.jpg 768w, https:\/\/halleffectkeyboard.com\/wp-content\/uploads\/2026\/04\/4-20-1536x621.jpg 1536w, https:\/\/halleffectkeyboard.com\/wp-content\/uploads\/2026\/04\/4-20-18x7.jpg 18w, https:\/\/halleffectkeyboard.com\/wp-content\/uploads\/2026\/04\/4-20-1200x485.jpg 1200w\" sizes=\"auto, (max-width: 1680px) 100vw, 1680px\" \/><br \/>\n<\/em><\/p>\n<h3><strong>Conectividade do teclado gamer sem fio Tri-Mode<\/strong><\/h3>\n<p>O <strong>AULA F108 PRO<\/strong> \u00e9 altamente vers\u00e1til <strong>teclado mec\u00e2nico sem fio<\/strong> Compat\u00edvel com Bluetooth 5.0, conex\u00e3o sem fio de 2,4 GHz e conex\u00e3o com fio USB-C.<\/p>\n<ul>\n<li><strong>Dom\u00ednio de m\u00faltiplos dispositivos:<\/strong>\u00a0Salve e alterne entre at\u00e9 cinco dispositivos, incluindo PCs, Macs, laptops e tablets.<\/li>\n<li><strong>Velocidade de n\u00edvel profissional:<\/strong>\u00a0Os modos de 2,4 GHz e com fio apresentam uma taxa de polling de 1000 Hz, tornando-o um dispositivo de elite.\u00a0<strong>teclado gamer sem fio<\/strong>\u00a0para jogos competitivos.<\/li>\n<li><strong>Ampla compatibilidade:<\/strong>\u00a0Compat\u00edvel com Windows, Mac, iOS e Android.\u00a0<em>(Nota: Podem ocorrer pequenas incompatibilidades com o driver da zona F no Linux).<br \/>\n<img loading=\"lazy\" decoding=\"async\" class=\"alignnone size-full wp-image-4766\" src=\"https:\/\/halleffectkeyboard.com\/wp-content\/uploads\/2026\/04\/2-19.jpg\" alt=\"Teclado mec\u00e2nico AULA F108 PRO\" width=\"1680\" height=\"679\" srcset=\"https:\/\/halleffectkeyboard.com\/wp-content\/uploads\/2026\/04\/2-19.jpg 1680w, https:\/\/halleffectkeyboard.com\/wp-content\/uploads\/2026\/04\/2-19-300x121.jpg 300w, https:\/\/halleffectkeyboard.com\/wp-content\/uploads\/2026\/04\/2-19-1024x414.jpg 1024w, https:\/\/halleffectkeyboard.com\/wp-content\/uploads\/2026\/04\/2-19-768x310.jpg 768w, https:\/\/halleffectkeyboard.com\/wp-content\/uploads\/2026\/04\/2-19-1536x621.jpg 1536w, https:\/\/halleffectkeyboard.com\/wp-content\/uploads\/2026\/04\/2-19-18x7.jpg 18w, https:\/\/halleffectkeyboard.com\/wp-content\/uploads\/2026\/04\/2-19-1200x485.jpg 1200w\" sizes=\"auto, (max-width: 1680px) 100vw, 1680px\" \/><br \/>\n<\/em><\/li>\n<\/ul>\n<h3><strong>Teclado mec\u00e2nico definitivo com troca a quente<\/strong><\/h3>\n<p>Personalize a sua experi\u00eancia de digita\u00e7\u00e3o sem soldar. Como um verdadeiro <strong>teclado hot-swappable<\/strong>, o <strong>AULA F108<\/strong> Possui uma base hot-swappable compat\u00edvel com conectores de 3 e 5 pinos. <strong>interruptores de teclado mec\u00e2nico<\/strong>.<br \/>\n<img loading=\"lazy\" decoding=\"async\" class=\"alignnone size-full wp-image-4770\" src=\"https:\/\/halleffectkeyboard.com\/wp-content\/uploads\/2026\/04\/6-10.jpg\" alt=\"Teclado mec\u00e2nico AULA F108 PRO\" width=\"1680\" height=\"679\" srcset=\"https:\/\/halleffectkeyboard.com\/wp-content\/uploads\/2026\/04\/6-10.jpg 1680w, https:\/\/halleffectkeyboard.com\/wp-content\/uploads\/2026\/04\/6-10-300x121.jpg 300w, https:\/\/halleffectkeyboard.com\/wp-content\/uploads\/2026\/04\/6-10-1024x414.jpg 1024w, https:\/\/halleffectkeyboard.com\/wp-content\/uploads\/2026\/04\/6-10-768x310.jpg 768w, https:\/\/halleffectkeyboard.com\/wp-content\/uploads\/2026\/04\/6-10-1536x621.jpg 1536w, https:\/\/halleffectkeyboard.com\/wp-content\/uploads\/2026\/04\/6-10-18x7.jpg 18w, https:\/\/halleffectkeyboard.com\/wp-content\/uploads\/2026\/04\/6-10-1200x485.jpg 1200w\" sizes=\"auto, (max-width: 1680px) 100vw, 1680px\" \/><\/p>\n<ul>\n<li><strong>Sensa\u00e7\u00e3o personaliz\u00e1vel:<\/strong>\u00a0Trocar facilmente\u00a0<strong>switches de teclado hot-swappable<\/strong>\u00a0Para encontrar o clique perfeito, a resposta t\u00e1til ou a press\u00e3o linear suave, oferecemos uma alternativa moderna e personaliz\u00e1vel aos teclados padr\u00e3o.\u00a0<strong>teclado Cherry<\/strong>.<\/li>\n<li><strong>Ac\u00fastica cremosa:<\/strong>\u00a0Equipado com estabilizadores e interruptores pr\u00e9-lubrificados, este\u00a0<strong>teclado mec\u00e2nico hot-swappable<\/strong>\u00a0Proporciona uma resposta suave e r\u00e1pida, al\u00e9m de um som mec\u00e2nico &quot;cremoso&quot; muito apreciado.<\/li>\n<\/ul>\n<h3><strong><img loading=\"lazy\" decoding=\"async\" class=\"alignnone size-full wp-image-4773\" src=\"https:\/\/halleffectkeyboard.com\/wp-content\/uploads\/2026\/04\/9-6.jpg\" alt=\"Teclado mec\u00e2nico AULA F108 PRO\" width=\"1680\" height=\"679\" srcset=\"https:\/\/halleffectkeyboard.com\/wp-content\/uploads\/2026\/04\/9-6.jpg 1680w, https:\/\/halleffectkeyboard.com\/wp-content\/uploads\/2026\/04\/9-6-300x121.jpg 300w, https:\/\/halleffectkeyboard.com\/wp-content\/uploads\/2026\/04\/9-6-1024x414.jpg 1024w, https:\/\/halleffectkeyboard.com\/wp-content\/uploads\/2026\/04\/9-6-768x310.jpg 768w, https:\/\/halleffectkeyboard.com\/wp-content\/uploads\/2026\/04\/9-6-1536x621.jpg 1536w, https:\/\/halleffectkeyboard.com\/wp-content\/uploads\/2026\/04\/9-6-18x7.jpg 18w, https:\/\/halleffectkeyboard.com\/wp-content\/uploads\/2026\/04\/9-6-1200x485.jpg 1200w\" sizes=\"auto, (max-width: 1680px) 100vw, 1680px\" \/><br \/>\nEstrutura avan\u00e7ada de absor\u00e7\u00e3o sonora de 5 camadas<\/strong><\/h3>\n<p>Experimente a ac\u00fastica mais pura. <strong>Teclado mec\u00e2nico AULA<\/strong> Utiliza uma estrutura de preenchimento avan\u00e7ada de cinco camadas, incluindo uma almofada de silicone integrada e estendida e ranhuras individuais para cada tecla na placa de circuito impresso. Esse design elimina o ru\u00eddo da cavidade e maximiza a resili\u00eancia, proporcionando uma experi\u00eancia de digita\u00e7\u00e3o suave, el\u00e1stica e de alta qualidade a cada vez que voc\u00ea pressiona uma tecla.<br \/>\n<img loading=\"lazy\" decoding=\"async\" class=\"alignnone size-full wp-image-4771\" src=\"https:\/\/halleffectkeyboard.com\/wp-content\/uploads\/2026\/04\/7-9.jpg\" alt=\"Teclado mec\u00e2nico AULA F108 PRO\" width=\"1680\" height=\"679\" srcset=\"https:\/\/halleffectkeyboard.com\/wp-content\/uploads\/2026\/04\/7-9.jpg 1680w, https:\/\/halleffectkeyboard.com\/wp-content\/uploads\/2026\/04\/7-9-300x121.jpg 300w, https:\/\/halleffectkeyboard.com\/wp-content\/uploads\/2026\/04\/7-9-1024x414.jpg 1024w, https:\/\/halleffectkeyboard.com\/wp-content\/uploads\/2026\/04\/7-9-768x310.jpg 768w, https:\/\/halleffectkeyboard.com\/wp-content\/uploads\/2026\/04\/7-9-1536x621.jpg 1536w, https:\/\/halleffectkeyboard.com\/wp-content\/uploads\/2026\/04\/7-9-18x7.jpg 18w, https:\/\/halleffectkeyboard.com\/wp-content\/uploads\/2026\/04\/7-9-1200x485.jpg 1200w\" sizes=\"auto, (max-width: 1680px) 100vw, 1680px\" \/><\/p>\n<h3><strong>Layout de teclado de tamanho normal com 104 teclas<\/strong><\/h3>\n<p>Maximize sua efici\u00eancia com um teclado completo de 104 teclas. <strong>teclado de tamanho normal<\/strong>. Apresentando um padr\u00e3o <strong>Layout de teclado QWERTY<\/strong>, Ele inclui teclas de seta dedicadas, teclas de fun\u00e7\u00e3o e um teclado num\u00e9rico, tornando-o perfeito tanto para jogos intensos quanto para tarefas de escrit\u00f3rio complexas.<\/p>\n<ul>\n<li><strong>Teclas PBT Premium:<\/strong>\u00a0As teclas de PBT moldadas por inje\u00e7\u00e3o em duas cores s\u00e3o resistentes ao suor, ao desbotamento e macias ao toque.<\/li>\n<li><strong>Bateria de grande capacidade:<\/strong>\u00a0Uma bateria integrada de alta capacidade de 8000mAh garante que voc\u00ea possa trabalhar ou jogar por dias sem se preocupar com recargas frequentes.<br \/>\n<img loading=\"lazy\" decoding=\"async\" class=\"alignnone size-full wp-image-4772\" src=\"https:\/\/halleffectkeyboard.com\/wp-content\/uploads\/2026\/04\/8-8.jpg\" alt=\"Teclado mec\u00e2nico AULA F108 PRO\" width=\"1680\" height=\"679\" srcset=\"https:\/\/halleffectkeyboard.com\/wp-content\/uploads\/2026\/04\/8-8.jpg 1680w, https:\/\/halleffectkeyboard.com\/wp-content\/uploads\/2026\/04\/8-8-300x121.jpg 300w, https:\/\/halleffectkeyboard.com\/wp-content\/uploads\/2026\/04\/8-8-1024x414.jpg 1024w, https:\/\/halleffectkeyboard.com\/wp-content\/uploads\/2026\/04\/8-8-768x310.jpg 768w, https:\/\/halleffectkeyboard.com\/wp-content\/uploads\/2026\/04\/8-8-1536x621.jpg 1536w, https:\/\/halleffectkeyboard.com\/wp-content\/uploads\/2026\/04\/8-8-18x7.jpg 18w, https:\/\/halleffectkeyboard.com\/wp-content\/uploads\/2026\/04\/8-8-1200x485.jpg 1200w\" sizes=\"auto, (max-width: 1680px) 100vw, 1680px\" \/><\/li>\n<\/ul>\n<h3><strong>Retroilumina\u00e7\u00e3o RGB din\u00e2mica e programa\u00e7\u00e3o de macros<\/strong><\/h3>\n<p>Ilumine o seu <strong>Teclado QWERTY<\/strong> Com mais de 16,8 milh\u00f5es de cores, os LEDs voltados para o sul brilham intensamente atrav\u00e9s dos espa\u00e7os entre as teclas, enquanto as barras de luz laterais decorativas adicionam uma forte atmosfera de jogo.<\/p>\n<ul>\n<li><strong>Personaliza\u00e7\u00e3o total:<\/strong>\u00a0Alterne entre efeitos RGB din\u00e2micos, modos monocrom\u00e1ticos e multicoloridos atrav\u00e9s do bot\u00e3o girat\u00f3rio, atalhos ou software.<\/li>\n<li><strong>Software Macro:<\/strong>\u00a0O driver F108 Pro permite a personaliza\u00e7\u00e3o completa de macros por tecla, possibilitando a grava\u00e7\u00e3o e edi\u00e7\u00e3o de macros para agilizar o jogo e o fluxo de trabalho.\u00a0<em>(O driver \u00e9 compat\u00edvel com o Windows no modo com fio. Fa\u00e7a o download em: bit.ly\/m\/AULA)<br \/>\n<img loading=\"lazy\" decoding=\"async\" class=\"alignnone size-full wp-image-4767\" src=\"https:\/\/halleffectkeyboard.com\/wp-content\/uploads\/2026\/04\/3-19.jpg\" alt=\"Teclado mec\u00e2nico AULA F108 PRO\" width=\"1680\" height=\"679\" srcset=\"https:\/\/halleffectkeyboard.com\/wp-content\/uploads\/2026\/04\/3-19.jpg 1680w, https:\/\/halleffectkeyboard.com\/wp-content\/uploads\/2026\/04\/3-19-300x121.jpg 300w, https:\/\/halleffectkeyboard.com\/wp-content\/uploads\/2026\/04\/3-19-1024x414.jpg 1024w, https:\/\/halleffectkeyboard.com\/wp-content\/uploads\/2026\/04\/3-19-768x310.jpg 768w, https:\/\/halleffectkeyboard.com\/wp-content\/uploads\/2026\/04\/3-19-1536x621.jpg 1536w, https:\/\/halleffectkeyboard.com\/wp-content\/uploads\/2026\/04\/3-19-18x7.jpg 18w, https:\/\/halleffectkeyboard.com\/wp-content\/uploads\/2026\/04\/3-19-1200x485.jpg 1200w\" sizes=\"auto, (max-width: 1680px) 100vw, 1680px\" \/><br \/>\n<\/em><\/li>\n<\/ul>\n<h2><strong>Por que escolher o AULA F108 PRO?<\/strong><\/h2>\n<p>Se voc\u00ea quiser um <strong>teclado mec\u00e2nico<\/strong> que faz tudo, o <strong>AULA F108 PRO<\/strong> Cumpre o que promete. Desde sua enorme bateria de 8000mAh e switches pr\u00e9-lubrificados que proporcionam uma \u00f3tima experi\u00eancia at\u00e9 seu display inteligente e conectividade tri-mode, ele se destaca como um produto de primeira linha. <strong>teclado mec\u00e2nico de tamanho normal<\/strong>. Seja para modernizar seu escrit\u00f3rio em casa ou montar uma esta\u00e7\u00e3o de jogos competitiva, este produto \u00e9 ideal. <strong>teclado mec\u00e2nico personalizado<\/strong> Oferece valor, est\u00e9tica e desempenho incompar\u00e1veis.<\/p>\n<p><strong>Melhore sua experi\u00eancia de digita\u00e7\u00e3o hoje mesmo com o AULA F108 PRO!<\/strong><\/p>\n<p>&nbsp;<\/p>","protected":false},"excerpt":{"rendered":"<ul>\n<li><strong>Conectividade:<\/strong>\u00a0Modo triplo (Bluetooth, 2,4 GHz, com fio)<\/li>\n<li><strong>Personaliza\u00e7\u00e3o:<\/strong>\u00a0Hot-swappable switches &amp; programmable RGB<\/li>\n<li><strong>Tecnologia Inteligente:<\/strong>\u00a0Built-in TFT screen &amp; multi-function knob<\/li>\n<\/ul>","protected":false},"featured_media":4764,"comment_status":"open","ping_status":"closed","template":"","meta":[],"product_brand":[54],"product_cat":[20,243],"product_tag":[22,244,408],"class_list":{"0":"post-4724","1":"product","2":"type-product","3":"status-publish","4":"has-post-thumbnail","6":"product_brand-aula","7":"product_cat-keyboard","8":"product_cat-mechanical-keyboard","9":"product_tag-keyboard","10":"product_tag-mechanical-keyboard","11":"product_tag-wireless-keyboard","13":"first","14":"instock","15":"taxable","16":"shipping-taxable","17":"purchasable","18":"product-type-variable","19":"wvs-archive-product-wrapper"},"aioseo_notices":[],"ct_brands":[{"id":54,"name":"AULA","slug":"aula"}],"jetpack_sharing_enabled":true,"_links":{"self":[{"href":"https:\/\/halleffectkeyboard.com\/pt\/wp-json\/wp\/v2\/product\/4724","targetHints":{"allow":["GET"]}}],"collection":[{"href":"https:\/\/halleffectkeyboard.com\/pt\/wp-json\/wp\/v2\/product"}],"about":[{"href":"https:\/\/halleffectkeyboard.com\/pt\/wp-json\/wp\/v2\/types\/product"}],"replies":[{"embeddable":true,"href":"https:\/\/halleffectkeyboard.com\/pt\/wp-json\/wp\/v2\/comments?post=4724"}],"version-history":[{"count":5,"href":"https:\/\/halleffectkeyboard.com\/pt\/wp-json\/wp\/v2\/product\/4724\/revisions"}],"predecessor-version":[{"id":4774,"href":"https:\/\/halleffectkeyboard.com\/pt\/wp-json\/wp\/v2\/product\/4724\/revisions\/4774"}],"wp:featuredmedia":[{"embeddable":true,"href":"https:\/\/halleffectkeyboard.com\/pt\/wp-json\/wp\/v2\/media\/4764"}],"wp:attachment":[{"href":"https:\/\/halleffectkeyboard.com\/pt\/wp-json\/wp\/v2\/media?parent=4724"}],"wp:term":[{"taxonomy":"product_brand","embeddable":true,"href":"https:\/\/halleffectkeyboard.com\/pt\/wp-json\/wp\/v2\/product_brand?post=4724"},{"taxonomy":"product_cat","embeddable":true,"href":"https:\/\/halleffectkeyboard.com\/pt\/wp-json\/wp\/v2\/product_cat?post=4724"},{"taxonomy":"product_tag","embeddable":true,"href":"https:\/\/halleffectkeyboard.com\/pt\/wp-json\/wp\/v2\/product_tag?post=4724"}],"curies":[{"name":"wp","href":"https:\/\/api.w.org\/{rel}","templated":true}]}}