{"id":4029,"date":"2026-04-13T19:11:28","date_gmt":"2026-04-13T11:11:28","guid":{"rendered":"https:\/\/halleffectkeyboard.com\/"},"modified":"2026-04-13T20:13:07","modified_gmt":"2026-04-13T12:13:07","slug":"teclado-dividido-gmk70","status":"publish","type":"product","link":"https:\/\/halleffectkeyboard.com\/pt\/product\/teclado-dividido-gmk70\/","title":{"rendered":"Teclado dividido GMK70"},"content":{"rendered":"<h1>Kit de teclado dividido GMK70: A experi\u00eancia de digita\u00e7\u00e3o definitiva em termos de ergonomia e personaliza\u00e7\u00e3o.<\/h1>\n<p><strong>Transforme sua experi\u00eancia de digita\u00e7\u00e3o e jogos com o kit de teclado dividido GMK70.<\/strong> Projetado para profissionais, programadores e gamers, este teclado barebone ergon\u00f4mico 65% oferece flexibilidade e conforto incompar\u00e1veis. Seja qual for sua prefer\u00eancia, um layout tradicional ou uma configura\u00e7\u00e3o totalmente dividida, o GMK70 se adapta \u00e0 sua postura natural, reduzindo significativamente a tens\u00e3o nos pulsos durante longas sess\u00f5es. Com um design elegante na cor branca e um pr\u00e1tico bot\u00e3o de volume, este kit \u00e9 a base perfeita para voc\u00ea construir o teclado mec\u00e2nico personalizado dos seus sonhos.<\/p>\n<p><img loading=\"lazy\" decoding=\"async\" class=\"alignnone size-full wp-image-4038\" src=\"https:\/\/halleffectkeyboard.com\/wp-content\/uploads\/2026\/04\/GMK70-Split-Mechanical-Keyboard.jpg\" alt=\"Teclado mec\u00e2nico dividido GMK70\" width=\"2048\" height=\"1682\" srcset=\"https:\/\/halleffectkeyboard.com\/wp-content\/uploads\/2026\/04\/GMK70-Split-Mechanical-Keyboard.jpg 2048w, https:\/\/halleffectkeyboard.com\/wp-content\/uploads\/2026\/04\/GMK70-Split-Mechanical-Keyboard-300x246.jpg 300w, https:\/\/halleffectkeyboard.com\/wp-content\/uploads\/2026\/04\/GMK70-Split-Mechanical-Keyboard-1024x841.jpg 1024w, https:\/\/halleffectkeyboard.com\/wp-content\/uploads\/2026\/04\/GMK70-Split-Mechanical-Keyboard-768x631.jpg 768w, https:\/\/halleffectkeyboard.com\/wp-content\/uploads\/2026\/04\/GMK70-Split-Mechanical-Keyboard-1536x1262.jpg 1536w, https:\/\/halleffectkeyboard.com\/wp-content\/uploads\/2026\/04\/GMK70-Split-Mechanical-Keyboard-15x12.jpg 15w, https:\/\/halleffectkeyboard.com\/wp-content\/uploads\/2026\/04\/GMK70-Split-Mechanical-Keyboard-1200x986.jpg 1200w\" sizes=\"auto, (max-width: 2048px) 100vw, 2048px\" \/><\/p>\n<h2>Principais caracter\u00edsticas do teclado dividido GMK70<\/h2>\n<h3>Design magn\u00e9tico dividido inovador para conforto ergon\u00f4mico<\/h3>\n<p>Diga adeus \u00e0 fadiga no pulso. <strong>Teclado dividido GMK70<\/strong> Apresenta um design exclusivo com duas metades, permitindo posicionar cada uma no \u00e2ngulo e dist\u00e2ncia perfeitos para o seu corpo. Precisa de uma configura\u00e7\u00e3o padr\u00e3o? Basta juntar as duas metades \u2014 elas se encaixam magneticamente para um ajuste perfeito \u2014 ou conect\u00e1-las atrav\u00e9s do cabo USB-C incluso. Desfrute de verdadeira liberdade ergon\u00f4mica, seja trabalhando no escrit\u00f3rio ou no meio de uma intensa sess\u00e3o de jogos.<\/p>\n<p><img loading=\"lazy\" decoding=\"async\" class=\"alignnone size-full wp-image-4040\" src=\"https:\/\/halleffectkeyboard.com\/wp-content\/uploads\/2026\/04\/GMK70-Split-Keyboard.jpg\" alt=\"Teclado dividido GMK70\" width=\"1722\" height=\"1350\" srcset=\"https:\/\/halleffectkeyboard.com\/wp-content\/uploads\/2026\/04\/GMK70-Split-Keyboard.jpg 1722w, https:\/\/halleffectkeyboard.com\/wp-content\/uploads\/2026\/04\/GMK70-Split-Keyboard-300x235.jpg 300w, https:\/\/halleffectkeyboard.com\/wp-content\/uploads\/2026\/04\/GMK70-Split-Keyboard-1024x803.jpg 1024w, https:\/\/halleffectkeyboard.com\/wp-content\/uploads\/2026\/04\/GMK70-Split-Keyboard-768x602.jpg 768w, https:\/\/halleffectkeyboard.com\/wp-content\/uploads\/2026\/04\/GMK70-Split-Keyboard-1536x1204.jpg 1536w, https:\/\/halleffectkeyboard.com\/wp-content\/uploads\/2026\/04\/GMK70-Split-Keyboard-15x12.jpg 15w, https:\/\/halleffectkeyboard.com\/wp-content\/uploads\/2026\/04\/GMK70-Split-Keyboard-1200x941.jpg 1200w\" sizes=\"auto, (max-width: 1722px) 100vw, 1722px\" \/><\/p>\n<h3>Conectividade tripla e bateria potente de 3000 mAh<\/h3>\n<p>Mantenha-se conectado do seu jeito. Este kit vers\u00e1til oferece tr\u00eas modos de conectividade: Bluetooth 5.0, Wi-Fi de 2,4 GHz com um adaptador e uma conex\u00e3o com fio USB-C confi\u00e1vel. Alterne facilmente entre at\u00e9 tr\u00eas dispositivos usando atalhos simples (FN+Q\/W\/E) no modo Bluetooth. Alimentado por uma bateria recarreg\u00e1vel robusta de 3000 mAh, o GMK70 garante desempenho de longa dura\u00e7\u00e3o. <em>(Observa\u00e7\u00e3o: os modos sem fio s\u00e3o compat\u00edveis ao usar o lado esquerdo; a metade direita requer uma conex\u00e3o com fio quando usada sozinha).<\/em><\/p>\n<h3>Totalmente personaliz\u00e1vel com suporte program\u00e1vel VIA.<\/h3>\n<p>Assuma o controle total do seu fluxo de trabalho. <strong>Teclado dividido GMK70<\/strong> \u00c9 totalmente compat\u00edvel com o software VIA, permitindo que voc\u00ea remapeie teclas, configure m\u00faltiplas camadas, crie macros complexas e personalize sua ilumina\u00e7\u00e3o RGB. Transforme este kit b\u00e1sico em um dispositivo altamente personalizado, feito sob medida para suas necessidades di\u00e1rias.<\/p>\n<h3>Montagem com junta premium e placa de circuito impresso hot-swappable<\/h3>\n<p>Experimente uma digita\u00e7\u00e3o premium e prazerosa. A estrutura com juntas de veda\u00e7\u00e3o, completa com almofadas de silicone e isolamento ac\u00fastico, proporciona uma digita\u00e7\u00e3o suave que minimiza o ru\u00eddo e a fadiga dos dedos. A placa de circuito impresso (PCB) hot-swappable suporta switches mec\u00e2nicos de 3 e 5 pinos, permitindo que voc\u00ea conecte e use seus switches favoritos facilmente, sem a necessidade de solda. Monte seu teclado perfeito sem esfor\u00e7o.<\/p>\n<h3>RGB vibrante voltado para o sul e compatibilidade universal.<\/h3>\n<p>Ilumine sua mesa com uma deslumbrante retroilumina\u00e7\u00e3o RGB voltada para o sul, garantindo cores mais brilhantes e vibrantes que brilham perfeitamente atrav\u00e9s das teclas. Alterne facilmente entre v\u00e1rios efeitos de retroilumina\u00e7\u00e3o usando FN+TAB. Al\u00e9m disso, o GMK70 oferece compatibilidade perfeita com diversas plataformas, garantindo um funcionamento impec\u00e1vel tanto no Windows quanto no macOS.<\/p>\n<h2>Especifica\u00e7\u00f5es t\u00e9cnicas<\/h2>\n<ul>\n<li><strong>Nome do produto:<\/strong>\u00a0Kit de teclado mec\u00e2nico dividido GMK70<\/li>\n<li><strong>Layout:<\/strong>\u00a0Kit b\u00e1sico ergon\u00f4mico 65% com bot\u00e3o\/rolo de volume<\/li>\n<li><strong>Cor:<\/strong>\u00a0Branco<\/li>\n<li><strong>Conectividade:<\/strong>\u00a0Modo triplo (dongle sem fio de 2,4 GHz, Bluetooth 5.0, USB-C com fio)<\/li>\n<li><strong>Capacidade da bateria:<\/strong>\u00a0Bateria recarreg\u00e1vel de 3000mAh<\/li>\n<li><strong>Personaliza\u00e7\u00e3o:<\/strong>\u00a0Program\u00e1vel via VIA, com troca a quente (compat\u00edvel com interruptores de 3\/5 pinos)<\/li>\n<li><strong>Estilo de montagem:<\/strong>\u00a0Suporte de junta com almofadas de amortecimento de som<\/li>\n<li><strong>Retroilumina\u00e7\u00e3o:<\/strong>\u00a0LEDs RGB voltados para o sul<\/li>\n<li><strong>Compatibilidade do sistema:<\/strong>\u00a0Windows, macOS (Compat\u00edvel com consoles de jogos, laptops, PCs, smartphones e tablets)<\/li>\n<li><strong>Dimens\u00f5es:<\/strong>\u00a014,6\u2033C x 4,6\u2033L x 1,6\u2033A<\/li>\n<\/ul>\n<h2>Por que escolher o kit b\u00e1sico GMK70?<\/h2>\n<p>Seja para uso comercial, educacional, edi\u00e7\u00e3o de fotos\/v\u00eddeos, programa\u00e7\u00e3o ou jogos, o <strong>Teclado dividido GMK70<\/strong> Oferece uma experi\u00eancia ergon\u00f4mica e personalizada. Monte do seu jeito, digite confortavelmente e eleve sua produtividade a um novo patamar.<\/p>","protected":false},"excerpt":{"rendered":"<p>GMK70 Split Keyboard Kit: The Ultimate Ergonomic &amp; Customizable Typing Experience Transform your typing and gaming with the GMK70 Split Keyboard Kit. Designed for professionals, programmers, and gamers, this 65% ergonomic barebones keyboard offers unparalleled flexibility and comfort. Whether you prefer a traditional layout or a fully split configuration, the GMK70 adapts to your natural [&hellip;]<\/p>\n","protected":false},"featured_media":4039,"comment_status":"open","ping_status":"closed","template":"","meta":[],"product_brand":[354],"product_cat":[20,243],"product_tag":[],"class_list":{"0":"post-4029","1":"product","2":"type-product","3":"status-publish","4":"has-post-thumbnail","6":"product_brand-gmk","7":"product_cat-keyboard","8":"product_cat-mechanical-keyboard","10":"first","11":"instock","12":"sale","13":"taxable","14":"shipping-taxable","15":"purchasable","16":"product-type-variable","17":"wvs-archive-product-wrapper"},"aioseo_notices":[],"ct_brands":[{"id":354,"name":"GMK","slug":"gmk"}],"jetpack_sharing_enabled":true,"_links":{"self":[{"href":"https:\/\/halleffectkeyboard.com\/pt\/wp-json\/wp\/v2\/product\/4029","targetHints":{"allow":["GET"]}}],"collection":[{"href":"https:\/\/halleffectkeyboard.com\/pt\/wp-json\/wp\/v2\/product"}],"about":[{"href":"https:\/\/halleffectkeyboard.com\/pt\/wp-json\/wp\/v2\/types\/product"}],"replies":[{"embeddable":true,"href":"https:\/\/halleffectkeyboard.com\/pt\/wp-json\/wp\/v2\/comments?post=4029"}],"version-history":[{"count":3,"href":"https:\/\/halleffectkeyboard.com\/pt\/wp-json\/wp\/v2\/product\/4029\/revisions"}],"predecessor-version":[{"id":4042,"href":"https:\/\/halleffectkeyboard.com\/pt\/wp-json\/wp\/v2\/product\/4029\/revisions\/4042"}],"wp:featuredmedia":[{"embeddable":true,"href":"https:\/\/halleffectkeyboard.com\/pt\/wp-json\/wp\/v2\/media\/4039"}],"wp:attachment":[{"href":"https:\/\/halleffectkeyboard.com\/pt\/wp-json\/wp\/v2\/media?parent=4029"}],"wp:term":[{"taxonomy":"product_brand","embeddable":true,"href":"https:\/\/halleffectkeyboard.com\/pt\/wp-json\/wp\/v2\/product_brand?post=4029"},{"taxonomy":"product_cat","embeddable":true,"href":"https:\/\/halleffectkeyboard.com\/pt\/wp-json\/wp\/v2\/product_cat?post=4029"},{"taxonomy":"product_tag","embeddable":true,"href":"https:\/\/halleffectkeyboard.com\/pt\/wp-json\/wp\/v2\/product_tag?post=4029"}],"curies":[{"name":"wp","href":"https:\/\/api.w.org\/{rel}","templated":true}]}}