{"id":3690,"date":"2026-03-11T16:25:51","date_gmt":"2026-03-11T08:25:51","guid":{"rendered":"https:\/\/halleffectkeyboard.com\/?post_type=product&#038;p=3690"},"modified":"2026-03-16T17:47:30","modified_gmt":"2026-03-16T09:47:30","slug":"interruptores-de-efeito-hall-ufo-da-gravastar","status":"publish","type":"product","link":"https:\/\/halleffectkeyboard.com\/pt\/product\/interruptores-de-efeito-hall-ufo-da-gravastar\/","title":{"rendered":"Interruptores de efeito Hall UFO GravaStar"},"content":{"rendered":"<h1>Switches de efeito Hall GravaStar UFO: Precis\u00e3o de \u00faltima gera\u00e7\u00e3o para o seu teclado<\/h1>\n<p>Aprimore sua experi\u00eancia de jogos e digita\u00e7\u00e3o com o revolucion\u00e1rio <strong>Interruptores de efeito Hall UFO GravaStar<\/strong>. Constru\u00eddos com a filosofia de &quot;&#039;Esqueleto&#039; como Forma, &#039;Magn\u00e9tico&#039; como N\u00facleo&quot;, esses switches rompem com os designs convencionais para oferecer velocidade e durabilidade sem precedentes, al\u00e9m de uma est\u00e9tica ousada de fic\u00e7\u00e3o cient\u00edfica inspirada em mechas.<\/p>\n<p>Perfeitamente projetados para teclados de efeito Hall compat\u00edveis, estes <strong>Interruptores de efeito Hall<\/strong> Desbloqueie precis\u00e3o em n\u00edvel microsc\u00f3pico e tempos de resposta ultrarr\u00e1pidos para jogos de FPS, MOBA, MMORPG e simuladores de corrida.<\/p>\n<h2>Principais caracter\u00edsticas e desempenho<\/h2>\n<ul>\n<li><strong>Controle de precis\u00e3o em n\u00edvel microsc\u00f3pico:<\/strong>\u00a0Equipados com \u00edm\u00e3s de terras raras N52H de alta qualidade e densidade de fluxo magn\u00e9tico de 600GS, esses interruptores oferecem zero degrada\u00e7\u00e3o de contato. Desfrute da precis\u00e3o ajust\u00e1vel do Rapid Trigger (RT) com incrementos de 0,005 mm a 0,001 mm, traduzindo seus micromovimentos em a\u00e7\u00e3o instantaneamente.<\/li>\n<li><strong>Arquitetura inovadora com estrutura girat\u00f3ria de 360\u00b0:<\/strong>\u00a0A estrutura circular exclusiva de trilho duplo elimina o material desnecess\u00e1rio. Isso otimiza a distribui\u00e7\u00e3o da for\u00e7a, melhora a dissipa\u00e7\u00e3o de calor e proporciona uma ilumina\u00e7\u00e3o RGB brilhante e sem obstru\u00e7\u00f5es.<\/li>\n<li><strong>Sensa\u00e7\u00e3o linear extremamente suave:<\/strong>\u00a0Equipados com uma mola estendida de 23 mm (acionamento inicial de 40 gf), esses switches proporcionam uma digita\u00e7\u00e3o linear suave, confort\u00e1vel e est\u00e1vel, praticamente sem oscila\u00e7\u00e3o da haste.<\/li>\n<li><strong>Assinatura ac\u00fastica premium:<\/strong>\u00a0O eixo da parede em forma de cruz de POM apresenta um design de fundo arredondado, combinado com uma c\u00e2mara ac\u00fastica selada na parte inferior e uma estrutura inferior em PA66, para produzir um perfil sonoro concentrado e profundo, semelhante a uma pe\u00e7a de mahjong de alta fidelidade.<\/li>\n<li><strong>Atua\u00e7\u00e3o personaliz\u00e1vel:<\/strong>\u00a0Aproveite ao m\u00e1ximo os recursos do seu teclado com efeito Hall, com uma faixa de atua\u00e7\u00e3o personaliz\u00e1vel de 0 a 3,5 mm, adaptando-se instantaneamente ao seu estilo de digita\u00e7\u00e3o ou jogo preferido.<\/li>\n<\/ul>\n<h2>Especifica\u00e7\u00f5es t\u00e9cnicas<\/h2>\n<ul>\n<li><strong>Tipo de interruptor:<\/strong>\u00a0Interruptor magn\u00e9tico linear<\/li>\n<li><strong>Vida \u00fatil:<\/strong>\u00a0Mais de 100 milh\u00f5es de ciclos<\/li>\n<li><strong>For\u00e7a de atua\u00e7\u00e3o inicial:<\/strong>\u00a040\u00b110gf<\/li>\n<li><strong>For\u00e7a de ruptura do fundo do po\u00e7o:<\/strong>\u00a050\u00b110gf<\/li>\n<li><strong>Deslocamento de atua\u00e7\u00e3o:<\/strong>\u00a00 \u2013 3,5 mm (Personaliz\u00e1vel)<\/li>\n<li><strong>Total de viagens:<\/strong>\u00a03,50\u00b10,2mm<\/li>\n<li><strong>Comprimento da mola:<\/strong>\u00a023 mm<\/li>\n<li><strong>Material do caule:<\/strong>\u00a0POM (Design de haste tipo parede)<\/li>\n<li><strong>Melhores op\u00e7\u00f5es de moradia:<\/strong>\u00a0PC (Acabamento de alto brilho)<\/li>\n<li><strong>Carca\u00e7a inferior:<\/strong>\u00a0PA66 (Alta resist\u00eancia \u00e0 tra\u00e7\u00e3o)<\/li>\n<li><strong>Guia de luz:<\/strong>\u00a0Coluna guia de luz independente fosca para PC<\/li>\n<\/ul>\n<h2>Aviso importante sobre compatibilidade e instala\u00e7\u00e3o<\/h2>\n<p>Para garantir o desempenho ideal do seu teclado com efeito Hall, observe as seguintes diretrizes de instala\u00e7\u00e3o:<\/p>\n<ul>\n<li><strong>Ferramenta espec\u00edfica necess\u00e1ria:<\/strong>\u00a0Devido ao seu design estrutural esquel\u00e9tico \u00fanico,\u00a0<strong>Interruptores de efeito Hall UFO GravaStar<\/strong>\u00a0\u00c9 necess\u00e1rio um extrator de interruptor espec\u00edfico para instala\u00e7\u00e3o e remo\u00e7\u00e3o seguras (inclu\u00eddo).<\/li>\n<li><strong>Compatibilidade do estabilizador:<\/strong>\u00a0Quando utilizado com estabilizadores em certos tipos de pratos, pode haver um ligeiro risco de desprendimento (embora isso n\u00e3o afete a funcionalidade).<\/li>\n<li><strong>Verifica\u00e7\u00e3o pr\u00e9-instala\u00e7\u00e3o:<\/strong>\u00a0Para teclas estabilizadas (Barra de Espa\u00e7o, Shift, Enter, etc.), recomendamos verificar a compatibilidade da placa do seu teclado antes da instala\u00e7\u00e3o para garantir o melhor desempenho poss\u00edvel.<\/li>\n<\/ul>\n<hr \/>\n<p><strong>Pronto para revolucionar sua configura\u00e7\u00e3o?<\/strong> Equipe seu teclado com <strong>Interruptores de efeito Hall UFO GravaStar<\/strong> Experimente hoje a combina\u00e7\u00e3o definitiva de design de fic\u00e7\u00e3o cient\u00edfica e desempenho magn\u00e9tico excepcional.<\/p>\n<p><img loading=\"lazy\" decoding=\"async\" class=\"alignnone size-full wp-image-3723\" src=\"https:\/\/halleffectkeyboard.com\/wp-content\/uploads\/2026\/03\/Hall-Effect-Switches-scaled.jpg\" alt=\"Interruptor magn\u00e9tico GravaStar UFO com efeito Hall\" width=\"2560\" height=\"1440\" srcset=\"https:\/\/halleffectkeyboard.com\/wp-content\/uploads\/2026\/03\/Hall-Effect-Switches-scaled.jpg 2560w, https:\/\/halleffectkeyboard.com\/wp-content\/uploads\/2026\/03\/Hall-Effect-Switches-300x169.jpg 300w, https:\/\/halleffectkeyboard.com\/wp-content\/uploads\/2026\/03\/Hall-Effect-Switches-1024x576.jpg 1024w, https:\/\/halleffectkeyboard.com\/wp-content\/uploads\/2026\/03\/Hall-Effect-Switches-768x432.jpg 768w, https:\/\/halleffectkeyboard.com\/wp-content\/uploads\/2026\/03\/Hall-Effect-Switches-1536x864.jpg 1536w, https:\/\/halleffectkeyboard.com\/wp-content\/uploads\/2026\/03\/Hall-Effect-Switches-2048x1152.jpg 2048w, https:\/\/halleffectkeyboard.com\/wp-content\/uploads\/2026\/03\/Hall-Effect-Switches-18x10.jpg 18w, https:\/\/halleffectkeyboard.com\/wp-content\/uploads\/2026\/03\/Hall-Effect-Switches-1200x675.jpg 1200w\" sizes=\"auto, (max-width: 2560px) 100vw, 2560px\" \/><img loading=\"lazy\" decoding=\"async\" class=\"alignnone size-full wp-image-3724\" src=\"https:\/\/halleffectkeyboard.com\/wp-content\/uploads\/2026\/03\/Hall-Effect-Switches-2-scaled.jpg\" alt=\"Interruptor magn\u00e9tico GravaStar UFO com efeito Hall\" width=\"2560\" height=\"1440\" srcset=\"https:\/\/halleffectkeyboard.com\/wp-content\/uploads\/2026\/03\/Hall-Effect-Switches-2-scaled.jpg 2560w, https:\/\/halleffectkeyboard.com\/wp-content\/uploads\/2026\/03\/Hall-Effect-Switches-2-300x169.jpg 300w, https:\/\/halleffectkeyboard.com\/wp-content\/uploads\/2026\/03\/Hall-Effect-Switches-2-1024x576.jpg 1024w, https:\/\/halleffectkeyboard.com\/wp-content\/uploads\/2026\/03\/Hall-Effect-Switches-2-768x432.jpg 768w, https:\/\/halleffectkeyboard.com\/wp-content\/uploads\/2026\/03\/Hall-Effect-Switches-2-1536x864.jpg 1536w, https:\/\/halleffectkeyboard.com\/wp-content\/uploads\/2026\/03\/Hall-Effect-Switches-2-2048x1152.jpg 2048w, https:\/\/halleffectkeyboard.com\/wp-content\/uploads\/2026\/03\/Hall-Effect-Switches-2-18x10.jpg 18w, https:\/\/halleffectkeyboard.com\/wp-content\/uploads\/2026\/03\/Hall-Effect-Switches-2-1200x675.jpg 1200w\" sizes=\"auto, (max-width: 2560px) 100vw, 2560px\" \/><img loading=\"lazy\" decoding=\"async\" class=\"alignnone size-full wp-image-3725\" src=\"https:\/\/halleffectkeyboard.com\/wp-content\/uploads\/2026\/03\/Hall-Effect-Switches-3-scaled.jpg\" alt=\"Interruptor magn\u00e9tico GravaStar UFO com efeito Hall\" width=\"2560\" height=\"1440\" srcset=\"https:\/\/halleffectkeyboard.com\/wp-content\/uploads\/2026\/03\/Hall-Effect-Switches-3-scaled.jpg 2560w, https:\/\/halleffectkeyboard.com\/wp-content\/uploads\/2026\/03\/Hall-Effect-Switches-3-300x169.jpg 300w, https:\/\/halleffectkeyboard.com\/wp-content\/uploads\/2026\/03\/Hall-Effect-Switches-3-1024x576.jpg 1024w, https:\/\/halleffectkeyboard.com\/wp-content\/uploads\/2026\/03\/Hall-Effect-Switches-3-768x432.jpg 768w, https:\/\/halleffectkeyboard.com\/wp-content\/uploads\/2026\/03\/Hall-Effect-Switches-3-1536x864.jpg 1536w, https:\/\/halleffectkeyboard.com\/wp-content\/uploads\/2026\/03\/Hall-Effect-Switches-3-2048x1152.jpg 2048w, https:\/\/halleffectkeyboard.com\/wp-content\/uploads\/2026\/03\/Hall-Effect-Switches-3-18x10.jpg 18w, https:\/\/halleffectkeyboard.com\/wp-content\/uploads\/2026\/03\/Hall-Effect-Switches-3-1200x675.jpg 1200w\" sizes=\"auto, (max-width: 2560px) 100vw, 2560px\" \/><img loading=\"lazy\" decoding=\"async\" class=\"alignnone size-full wp-image-3726\" src=\"https:\/\/halleffectkeyboard.com\/wp-content\/uploads\/2026\/03\/Hall-Effect-Switches-4-scaled.jpg\" alt=\"Interruptor magn\u00e9tico GravaStar UFO com efeito Hall\" width=\"2560\" height=\"1440\" srcset=\"https:\/\/halleffectkeyboard.com\/wp-content\/uploads\/2026\/03\/Hall-Effect-Switches-4-scaled.jpg 2560w, https:\/\/halleffectkeyboard.com\/wp-content\/uploads\/2026\/03\/Hall-Effect-Switches-4-300x169.jpg 300w, https:\/\/halleffectkeyboard.com\/wp-content\/uploads\/2026\/03\/Hall-Effect-Switches-4-1024x576.jpg 1024w, https:\/\/halleffectkeyboard.com\/wp-content\/uploads\/2026\/03\/Hall-Effect-Switches-4-768x432.jpg 768w, https:\/\/halleffectkeyboard.com\/wp-content\/uploads\/2026\/03\/Hall-Effect-Switches-4-1536x864.jpg 1536w, https:\/\/halleffectkeyboard.com\/wp-content\/uploads\/2026\/03\/Hall-Effect-Switches-4-2048x1152.jpg 2048w, https:\/\/halleffectkeyboard.com\/wp-content\/uploads\/2026\/03\/Hall-Effect-Switches-4-18x10.jpg 18w, https:\/\/halleffectkeyboard.com\/wp-content\/uploads\/2026\/03\/Hall-Effect-Switches-4-1200x675.jpg 1200w\" sizes=\"auto, (max-width: 2560px) 100vw, 2560px\" \/><img loading=\"lazy\" decoding=\"async\" class=\"alignnone size-full wp-image-3727\" src=\"https:\/\/halleffectkeyboard.com\/wp-content\/uploads\/2026\/03\/Hall-Effect-Switches-5.jpg\" alt=\"Interruptor magn\u00e9tico GravaStar UFO com efeito Hall\" width=\"2513\" height=\"1406\" srcset=\"https:\/\/halleffectkeyboard.com\/wp-content\/uploads\/2026\/03\/Hall-Effect-Switches-5.jpg 2513w, https:\/\/halleffectkeyboard.com\/wp-content\/uploads\/2026\/03\/Hall-Effect-Switches-5-300x168.jpg 300w, https:\/\/halleffectkeyboard.com\/wp-content\/uploads\/2026\/03\/Hall-Effect-Switches-5-1024x573.jpg 1024w, https:\/\/halleffectkeyboard.com\/wp-content\/uploads\/2026\/03\/Hall-Effect-Switches-5-768x430.jpg 768w, https:\/\/halleffectkeyboard.com\/wp-content\/uploads\/2026\/03\/Hall-Effect-Switches-5-1536x859.jpg 1536w, https:\/\/halleffectkeyboard.com\/wp-content\/uploads\/2026\/03\/Hall-Effect-Switches-5-2048x1146.jpg 2048w, https:\/\/halleffectkeyboard.com\/wp-content\/uploads\/2026\/03\/Hall-Effect-Switches-5-18x10.jpg 18w, https:\/\/halleffectkeyboard.com\/wp-content\/uploads\/2026\/03\/Hall-Effect-Switches-5-1200x671.jpg 1200w\" sizes=\"auto, (max-width: 2513px) 100vw, 2513px\" \/><img loading=\"lazy\" decoding=\"async\" class=\"alignnone size-full wp-image-3728\" src=\"https:\/\/halleffectkeyboard.com\/wp-content\/uploads\/2026\/03\/Hall-Effect-Switches-6.jpg\" alt=\"Interruptor magn\u00e9tico GravaStar UFO com efeito Hall\" width=\"2513\" height=\"1406\" srcset=\"https:\/\/halleffectkeyboard.com\/wp-content\/uploads\/2026\/03\/Hall-Effect-Switches-6.jpg 2513w, https:\/\/halleffectkeyboard.com\/wp-content\/uploads\/2026\/03\/Hall-Effect-Switches-6-300x168.jpg 300w, https:\/\/halleffectkeyboard.com\/wp-content\/uploads\/2026\/03\/Hall-Effect-Switches-6-1024x573.jpg 1024w, https:\/\/halleffectkeyboard.com\/wp-content\/uploads\/2026\/03\/Hall-Effect-Switches-6-768x430.jpg 768w, https:\/\/halleffectkeyboard.com\/wp-content\/uploads\/2026\/03\/Hall-Effect-Switches-6-1536x859.jpg 1536w, https:\/\/halleffectkeyboard.com\/wp-content\/uploads\/2026\/03\/Hall-Effect-Switches-6-2048x1146.jpg 2048w, https:\/\/halleffectkeyboard.com\/wp-content\/uploads\/2026\/03\/Hall-Effect-Switches-6-18x10.jpg 18w, https:\/\/halleffectkeyboard.com\/wp-content\/uploads\/2026\/03\/Hall-Effect-Switches-6-1200x671.jpg 1200w\" sizes=\"auto, (max-width: 2513px) 100vw, 2513px\" \/><img loading=\"lazy\" decoding=\"async\" class=\"alignnone size-full wp-image-3729\" src=\"https:\/\/halleffectkeyboard.com\/wp-content\/uploads\/2026\/03\/Hall-Effect-Switches-7.jpg\" alt=\"Interruptor magn\u00e9tico GravaStar UFO com efeito Hall\" width=\"2513\" height=\"1406\" srcset=\"https:\/\/halleffectkeyboard.com\/wp-content\/uploads\/2026\/03\/Hall-Effect-Switches-7.jpg 2513w, https:\/\/halleffectkeyboard.com\/wp-content\/uploads\/2026\/03\/Hall-Effect-Switches-7-300x168.jpg 300w, https:\/\/halleffectkeyboard.com\/wp-content\/uploads\/2026\/03\/Hall-Effect-Switches-7-1024x573.jpg 1024w, https:\/\/halleffectkeyboard.com\/wp-content\/uploads\/2026\/03\/Hall-Effect-Switches-7-768x430.jpg 768w, https:\/\/halleffectkeyboard.com\/wp-content\/uploads\/2026\/03\/Hall-Effect-Switches-7-1536x859.jpg 1536w, https:\/\/halleffectkeyboard.com\/wp-content\/uploads\/2026\/03\/Hall-Effect-Switches-7-2048x1146.jpg 2048w, https:\/\/halleffectkeyboard.com\/wp-content\/uploads\/2026\/03\/Hall-Effect-Switches-7-18x10.jpg 18w, https:\/\/halleffectkeyboard.com\/wp-content\/uploads\/2026\/03\/Hall-Effect-Switches-7-1200x671.jpg 1200w\" sizes=\"auto, (max-width: 2513px) 100vw, 2513px\" \/><img loading=\"lazy\" decoding=\"async\" class=\"alignnone size-full wp-image-3730\" src=\"https:\/\/halleffectkeyboard.com\/wp-content\/uploads\/2026\/03\/Hall-Effect-Switches-8-scaled.jpg\" alt=\"Interruptor magn\u00e9tico GravaStar UFO com efeito Hall\" width=\"2560\" height=\"1440\" srcset=\"https:\/\/halleffectkeyboard.com\/wp-content\/uploads\/2026\/03\/Hall-Effect-Switches-8-scaled.jpg 2560w, https:\/\/halleffectkeyboard.com\/wp-content\/uploads\/2026\/03\/Hall-Effect-Switches-8-300x169.jpg 300w, https:\/\/halleffectkeyboard.com\/wp-content\/uploads\/2026\/03\/Hall-Effect-Switches-8-1024x576.jpg 1024w, https:\/\/halleffectkeyboard.com\/wp-content\/uploads\/2026\/03\/Hall-Effect-Switches-8-768x432.jpg 768w, https:\/\/halleffectkeyboard.com\/wp-content\/uploads\/2026\/03\/Hall-Effect-Switches-8-1536x864.jpg 1536w, https:\/\/halleffectkeyboard.com\/wp-content\/uploads\/2026\/03\/Hall-Effect-Switches-8-2048x1152.jpg 2048w, https:\/\/halleffectkeyboard.com\/wp-content\/uploads\/2026\/03\/Hall-Effect-Switches-8-18x10.jpg 18w, https:\/\/halleffectkeyboard.com\/wp-content\/uploads\/2026\/03\/Hall-Effect-Switches-8-1200x675.jpg 1200w\" sizes=\"auto, (max-width: 2560px) 100vw, 2560px\" \/><img loading=\"lazy\" decoding=\"async\" class=\"alignnone size-full wp-image-3732\" src=\"https:\/\/halleffectkeyboard.com\/wp-content\/uploads\/2026\/03\/Hall-Effect-Switches-10-scaled.jpg\" alt=\"Interruptor magn\u00e9tico GravaStar UFO com efeito Hall\" width=\"2560\" height=\"1440\" srcset=\"https:\/\/halleffectkeyboard.com\/wp-content\/uploads\/2026\/03\/Hall-Effect-Switches-10-scaled.jpg 2560w, https:\/\/halleffectkeyboard.com\/wp-content\/uploads\/2026\/03\/Hall-Effect-Switches-10-300x169.jpg 300w, https:\/\/halleffectkeyboard.com\/wp-content\/uploads\/2026\/03\/Hall-Effect-Switches-10-1024x576.jpg 1024w, https:\/\/halleffectkeyboard.com\/wp-content\/uploads\/2026\/03\/Hall-Effect-Switches-10-768x432.jpg 768w, https:\/\/halleffectkeyboard.com\/wp-content\/uploads\/2026\/03\/Hall-Effect-Switches-10-1536x864.jpg 1536w, https:\/\/halleffectkeyboard.com\/wp-content\/uploads\/2026\/03\/Hall-Effect-Switches-10-2048x1152.jpg 2048w, https:\/\/halleffectkeyboard.com\/wp-content\/uploads\/2026\/03\/Hall-Effect-Switches-10-18x10.jpg 18w, https:\/\/halleffectkeyboard.com\/wp-content\/uploads\/2026\/03\/Hall-Effect-Switches-10-1200x675.jpg 1200w\" sizes=\"auto, (max-width: 2560px) 100vw, 2560px\" \/><img loading=\"lazy\" decoding=\"async\" class=\"alignnone size-full wp-image-3733\" src=\"https:\/\/halleffectkeyboard.com\/wp-content\/uploads\/2026\/03\/Hall-Effect-Switches-11-scaled.jpg\" alt=\"Interruptor magn\u00e9tico GravaStar UFO com efeito Hall\" width=\"2560\" height=\"1440\" srcset=\"https:\/\/halleffectkeyboard.com\/wp-content\/uploads\/2026\/03\/Hall-Effect-Switches-11-scaled.jpg 2560w, https:\/\/halleffectkeyboard.com\/wp-content\/uploads\/2026\/03\/Hall-Effect-Switches-11-300x169.jpg 300w, https:\/\/halleffectkeyboard.com\/wp-content\/uploads\/2026\/03\/Hall-Effect-Switches-11-1024x576.jpg 1024w, https:\/\/halleffectkeyboard.com\/wp-content\/uploads\/2026\/03\/Hall-Effect-Switches-11-768x432.jpg 768w, https:\/\/halleffectkeyboard.com\/wp-content\/uploads\/2026\/03\/Hall-Effect-Switches-11-1536x864.jpg 1536w, https:\/\/halleffectkeyboard.com\/wp-content\/uploads\/2026\/03\/Hall-Effect-Switches-11-2048x1152.jpg 2048w, https:\/\/halleffectkeyboard.com\/wp-content\/uploads\/2026\/03\/Hall-Effect-Switches-11-18x10.jpg 18w, https:\/\/halleffectkeyboard.com\/wp-content\/uploads\/2026\/03\/Hall-Effect-Switches-11-1200x675.jpg 1200w\" sizes=\"auto, (max-width: 2560px) 100vw, 2560px\" \/> <img loading=\"lazy\" decoding=\"async\" class=\"alignnone size-full wp-image-3734\" src=\"https:\/\/halleffectkeyboard.com\/wp-content\/uploads\/2026\/03\/Hall-Effect-Switches-12-scaled.jpg\" alt=\"Interruptor magn\u00e9tico GravaStar UFO com efeito Hall\" width=\"2560\" height=\"1440\" srcset=\"https:\/\/halleffectkeyboard.com\/wp-content\/uploads\/2026\/03\/Hall-Effect-Switches-12-scaled.jpg 2560w, https:\/\/halleffectkeyboard.com\/wp-content\/uploads\/2026\/03\/Hall-Effect-Switches-12-300x169.jpg 300w, https:\/\/halleffectkeyboard.com\/wp-content\/uploads\/2026\/03\/Hall-Effect-Switches-12-1024x576.jpg 1024w, https:\/\/halleffectkeyboard.com\/wp-content\/uploads\/2026\/03\/Hall-Effect-Switches-12-768x432.jpg 768w, https:\/\/halleffectkeyboard.com\/wp-content\/uploads\/2026\/03\/Hall-Effect-Switches-12-1536x864.jpg 1536w, https:\/\/halleffectkeyboard.com\/wp-content\/uploads\/2026\/03\/Hall-Effect-Switches-12-2048x1152.jpg 2048w, https:\/\/halleffectkeyboard.com\/wp-content\/uploads\/2026\/03\/Hall-Effect-Switches-12-18x10.jpg 18w, https:\/\/halleffectkeyboard.com\/wp-content\/uploads\/2026\/03\/Hall-Effect-Switches-12-1200x675.jpg 1200w\" sizes=\"auto, (max-width: 2560px) 100vw, 2560px\" \/><\/p>","protected":false},"excerpt":{"rendered":"<p>Os switches de efeito Hall GravaStar UFO oferecem precis\u00e3o m\u00e1xima para jogos. Desfrute de resposta linear ultrarr\u00e1pida e atua\u00e7\u00e3o RT ajust\u00e1vel.<\/p>","protected":false},"featured_media":3707,"comment_status":"open","ping_status":"closed","template":"","meta":[],"product_brand":[320],"product_cat":[138,323],"product_tag":[185],"class_list":{"0":"post-3690","1":"product","2":"type-product","3":"status-publish","4":"has-post-thumbnail","6":"product_brand-gravastar","7":"product_cat-hall-effect-switches","8":"product_cat-switches","9":"product_tag-hall-effect-switches","11":"first","12":"instock","13":"taxable","14":"shipping-taxable","15":"purchasable","16":"product-type-variable","17":"wvs-archive-product-wrapper"},"aioseo_notices":[],"ct_brands":[{"id":320,"name":"GravaStar","slug":"gravastar"}],"jetpack_sharing_enabled":true,"_links":{"self":[{"href":"https:\/\/halleffectkeyboard.com\/pt\/wp-json\/wp\/v2\/product\/3690","targetHints":{"allow":["GET"]}}],"collection":[{"href":"https:\/\/halleffectkeyboard.com\/pt\/wp-json\/wp\/v2\/product"}],"about":[{"href":"https:\/\/halleffectkeyboard.com\/pt\/wp-json\/wp\/v2\/types\/product"}],"replies":[{"embeddable":true,"href":"https:\/\/halleffectkeyboard.com\/pt\/wp-json\/wp\/v2\/comments?post=3690"}],"version-history":[{"count":3,"href":"https:\/\/halleffectkeyboard.com\/pt\/wp-json\/wp\/v2\/product\/3690\/revisions"}],"predecessor-version":[{"id":3735,"href":"https:\/\/halleffectkeyboard.com\/pt\/wp-json\/wp\/v2\/product\/3690\/revisions\/3735"}],"wp:featuredmedia":[{"embeddable":true,"href":"https:\/\/halleffectkeyboard.com\/pt\/wp-json\/wp\/v2\/media\/3707"}],"wp:attachment":[{"href":"https:\/\/halleffectkeyboard.com\/pt\/wp-json\/wp\/v2\/media?parent=3690"}],"wp:term":[{"taxonomy":"product_brand","embeddable":true,"href":"https:\/\/halleffectkeyboard.com\/pt\/wp-json\/wp\/v2\/product_brand?post=3690"},{"taxonomy":"product_cat","embeddable":true,"href":"https:\/\/halleffectkeyboard.com\/pt\/wp-json\/wp\/v2\/product_cat?post=3690"},{"taxonomy":"product_tag","embeddable":true,"href":"https:\/\/halleffectkeyboard.com\/pt\/wp-json\/wp\/v2\/product_tag?post=3690"}],"curies":[{"name":"wp","href":"https:\/\/api.w.org\/{rel}","templated":true}]}}