{"id":3499,"date":"2026-02-04T21:11:26","date_gmt":"2026-02-04T13:11:26","guid":{"rendered":"https:\/\/halleffectkeyboard.com\/?post_type=product&#038;p=3499"},"modified":"2026-02-04T21:11:26","modified_gmt":"2026-02-04T13:11:26","slug":"extrator-de-teclas","status":"publish","type":"product","link":"https:\/\/halleffectkeyboard.com\/pt\/product\/extrator-de-teclas\/","title":{"rendered":"Extrator de teclas"},"content":{"rendered":"<h2 data-start=\"122\" data-end=\"164\">A\u00e7o inoxid\u00e1vel com 4 teclas <strong data-start=\"147\" data-end=\"164\">Extrator de teclas<\/strong><\/h2>\n<p data-start=\"166\" data-end=\"235\"><strong data-start=\"166\" data-end=\"235\">Remo\u00e7\u00e3o sem esfor\u00e7o \u00b7 Sem danos \u00b7 Projetado para teclados mec\u00e2nicos<\/strong><\/p>\n<p data-start=\"237\" data-end=\"520\"><strong data-start=\"237\" data-end=\"254\">Extrator de teclas<\/strong> Projetada para remo\u00e7\u00e3o r\u00e1pida, segura e eficiente de teclas, esta ferramenta profissional apresenta um design inovador. <strong data-start=\"356\" data-end=\"396\">design de acionamento simult\u00e2neo de quatro teclas<\/strong> Isso permite a remo\u00e7\u00e3o de v\u00e1rias teclas de uma s\u00f3 vez, melhorando significativamente a velocidade de limpeza e a efici\u00eancia da personaliza\u00e7\u00e3o do teclado.<\/p>\n<p data-start=\"522\" data-end=\"834\">Constru\u00eddo com <strong data-start=\"533\" data-end=\"568\">A\u00e7o inoxid\u00e1vel 420 de alto carbono<\/strong>, esse <strong data-start=\"575\" data-end=\"592\">extrator de teclas<\/strong> Oferece excelente durabilidade e resist\u00eancia ao desgaste. As garras de metal s\u00e3o tratadas termicamente e passivadas eletroliticamente para formar uma camada protetora na superf\u00edcie, enquanto as bordas finamente polidas garantem um manuseio seguro e evitam danos \u00e0s teclas ou aos interruptores.<\/p>\n<p data-start=\"836\" data-end=\"1183\">Ao contr\u00e1rio dos removedores de teclas padr\u00e3o, este... <strong data-start=\"874\" data-end=\"901\">extrator de teclas multi-chave<\/strong> \u00c9 equipado com um sistema de molas refor\u00e7ado e uma porca de lat\u00e3o embutida, proporcionando maior capacidade de carga, opera\u00e7\u00e3o mais suave e estabilidade a longo prazo. A estrutura compacta e leve torna este produto ideal para uso prolongado. <strong data-start=\"1101\" data-end=\"1118\">extrator de teclas<\/strong> F\u00e1cil de guardar e transportar, perfeito para a manuten\u00e7\u00e3o di\u00e1ria do teclado.<\/p>\n<p data-start=\"1185\" data-end=\"1555\">O cabo ergon\u00f4mico e o design preciso para a posi\u00e7\u00e3o dos dedos proporcionam uma pegada confort\u00e1vel e controle sem esfor\u00e7o, permitindo que tanto iniciantes quanto entusiastas de teclados usem este produto com facilidade. <strong data-start=\"1354\" data-end=\"1371\">extrator de teclas<\/strong> De forma r\u00e1pida e segura. Gra\u00e7as \u00e0 sua estrutura de fixa\u00e7\u00e3o precisa, este produto... <strong data-start=\"1440\" data-end=\"1457\">extrator de teclas<\/strong> \u00c9 amplamente compat\u00edvel com a maioria das teclas de teclados mec\u00e2nicos em diferentes layouts e perfis.<\/p>\n<h3 data-start=\"1557\" data-end=\"1571\">Como usar<\/h3>\n<p data-start=\"1572\" data-end=\"1797\">Basta colocar o <strong data-start=\"1589\" data-end=\"1606\">extrator de teclas<\/strong> Segure as teclas pelas laterais, puxe-as para cima uniformemente e remova-as sem deixar res\u00edduos. N\u00e3o \u00e9 necess\u00e1rio reposicionar as teclas, tornando a personaliza\u00e7\u00e3o e a limpeza r\u00e1pidas e f\u00e1ceis.<\/p>\n<h3 data-start=\"1799\" data-end=\"1810\">Resumo<\/h3>\n<p data-start=\"1811\" data-end=\"2046\">Combinando <strong data-start=\"1821\" data-end=\"1854\">remo\u00e7\u00e3o simult\u00e2nea de quatro chaves<\/strong>, <strong data-start=\"1856\" data-end=\"1881\">opera\u00e7\u00e3o sem danos<\/strong>, e um <strong data-start=\"1889\" data-end=\"1922\">Constru\u00e7\u00e3o dur\u00e1vel em a\u00e7o inoxid\u00e1vel<\/strong>, esse <strong data-start=\"1929\" data-end=\"1946\">extrator de teclas<\/strong> \u00c9 uma ferramenta essencial para qualquer pessoa que limpe, personalize ou atualize teclados mec\u00e2nicos regularmente.<\/p>\n<p data-start=\"1811\" data-end=\"2046\"><img loading=\"lazy\" decoding=\"async\" class=\"alignnone size-full wp-image-3517\" src=\"https:\/\/halleffectkeyboard.com\/wp-content\/uploads\/2026\/02\/12-2.jpg\" alt=\"extrator de teclas\" width=\"1883\" height=\"1981\" srcset=\"https:\/\/halleffectkeyboard.com\/wp-content\/uploads\/2026\/02\/12-2.jpg 1883w, https:\/\/halleffectkeyboard.com\/wp-content\/uploads\/2026\/02\/12-2-285x300.jpg 285w, https:\/\/halleffectkeyboard.com\/wp-content\/uploads\/2026\/02\/12-2-973x1024.jpg 973w, https:\/\/halleffectkeyboard.com\/wp-content\/uploads\/2026\/02\/12-2-768x808.jpg 768w, https:\/\/halleffectkeyboard.com\/wp-content\/uploads\/2026\/02\/12-2-1460x1536.jpg 1460w, https:\/\/halleffectkeyboard.com\/wp-content\/uploads\/2026\/02\/12-2-11x12.jpg 11w, https:\/\/halleffectkeyboard.com\/wp-content\/uploads\/2026\/02\/12-2-300x316.jpg 300w, https:\/\/halleffectkeyboard.com\/wp-content\/uploads\/2026\/02\/12-2-1200x1262.jpg 1200w\" sizes=\"auto, (max-width: 1883px) 100vw, 1883px\" \/><img loading=\"lazy\" decoding=\"async\" class=\"alignnone size-full wp-image-3518\" src=\"https:\/\/halleffectkeyboard.com\/wp-content\/uploads\/2026\/02\/13.jpg\" alt=\"extrator de teclas\" width=\"2000\" height=\"1708\" srcset=\"https:\/\/halleffectkeyboard.com\/wp-content\/uploads\/2026\/02\/13.jpg 2000w, https:\/\/halleffectkeyboard.com\/wp-content\/uploads\/2026\/02\/13-300x256.jpg 300w, https:\/\/halleffectkeyboard.com\/wp-content\/uploads\/2026\/02\/13-1024x874.jpg 1024w, https:\/\/halleffectkeyboard.com\/wp-content\/uploads\/2026\/02\/13-768x656.jpg 768w, https:\/\/halleffectkeyboard.com\/wp-content\/uploads\/2026\/02\/13-1536x1312.jpg 1536w, https:\/\/halleffectkeyboard.com\/wp-content\/uploads\/2026\/02\/13-14x12.jpg 14w, https:\/\/halleffectkeyboard.com\/wp-content\/uploads\/2026\/02\/13-1200x1025.jpg 1200w\" sizes=\"auto, (max-width: 2000px) 100vw, 2000px\" \/><\/p>\n<p data-start=\"1811\" data-end=\"2046\">","protected":false},"excerpt":{"rendered":"<p>4-Key Stainless Steel Keycap Puller Effortless Removal \u00b7 Damage-Free \u00b7 Built for Mechanical Keyboards Keycap Puller designed for fast, safe, and efficient keycap removal, this professional tool features an innovative four-key simultaneous pulling design that allows multiple keycaps to be removed at once, greatly improving cleaning speed and keyboard customization efficiency. Built with 420 high-carbon [&hellip;]<\/p>\n","protected":false},"featured_media":3502,"comment_status":"open","ping_status":"closed","template":"","meta":[],"product_brand":[191],"product_cat":[290],"product_tag":[291,292],"class_list":{"0":"post-3499","1":"product","2":"type-product","3":"status-publish","4":"has-post-thumbnail","6":"product_brand-hek","7":"product_cat-tool","8":"product_tag-keycap-puller","9":"product_tag-tool","11":"first","12":"instock","13":"taxable","14":"shipping-taxable","15":"purchasable","16":"product-type-variable","17":"wvs-archive-product-wrapper"},"aioseo_notices":[],"ct_brands":[{"id":191,"name":"HEK","slug":"hek"}],"jetpack_sharing_enabled":true,"_links":{"self":[{"href":"https:\/\/halleffectkeyboard.com\/pt\/wp-json\/wp\/v2\/product\/3499","targetHints":{"allow":["GET"]}}],"collection":[{"href":"https:\/\/halleffectkeyboard.com\/pt\/wp-json\/wp\/v2\/product"}],"about":[{"href":"https:\/\/halleffectkeyboard.com\/pt\/wp-json\/wp\/v2\/types\/product"}],"replies":[{"embeddable":true,"href":"https:\/\/halleffectkeyboard.com\/pt\/wp-json\/wp\/v2\/comments?post=3499"}],"version-history":[{"count":5,"href":"https:\/\/halleffectkeyboard.com\/pt\/wp-json\/wp\/v2\/product\/3499\/revisions"}],"predecessor-version":[{"id":3519,"href":"https:\/\/halleffectkeyboard.com\/pt\/wp-json\/wp\/v2\/product\/3499\/revisions\/3519"}],"wp:featuredmedia":[{"embeddable":true,"href":"https:\/\/halleffectkeyboard.com\/pt\/wp-json\/wp\/v2\/media\/3502"}],"wp:attachment":[{"href":"https:\/\/halleffectkeyboard.com\/pt\/wp-json\/wp\/v2\/media?parent=3499"}],"wp:term":[{"taxonomy":"product_brand","embeddable":true,"href":"https:\/\/halleffectkeyboard.com\/pt\/wp-json\/wp\/v2\/product_brand?post=3499"},{"taxonomy":"product_cat","embeddable":true,"href":"https:\/\/halleffectkeyboard.com\/pt\/wp-json\/wp\/v2\/product_cat?post=3499"},{"taxonomy":"product_tag","embeddable":true,"href":"https:\/\/halleffectkeyboard.com\/pt\/wp-json\/wp\/v2\/product_tag?post=3499"}],"curies":[{"name":"wp","href":"https:\/\/api.w.org\/{rel}","templated":true}]}}