{"id":2081,"date":"2025-04-29T15:48:36","date_gmt":"2025-04-29T07:48:36","guid":{"rendered":"https:\/\/halleffectkeyboard.com\/?post_type=product&#038;p=2081"},"modified":"2026-03-16T18:06:46","modified_gmt":"2026-03-16T10:06:46","slug":"madlions-mad68he","status":"publish","type":"product","link":"https:\/\/halleffectkeyboard.com\/pt\/produto\/madlions-mad68he\/","title":{"rendered":"MADLIONS MAD68HE"},"content":{"rendered":"<h1>S\u00e9rie MADLIONS MAD68HE \u2013 Teclados personalizados com efeito Hall magn\u00e9tico<\/h1>\n<p><strong>Alcance a m\u00e1xima precis\u00e3o e personaliza\u00e7\u00e3o com a s\u00e9rie MADLIONS MAD68HE.<\/strong><br \/>\nProjetado para jogadores, criadores e profissionais que exigem o melhor, o <strong>MADLIONS MAD68HE<\/strong> Os teclados oferecem desempenho excepcional, est\u00e9tica personaliz\u00e1vel e capacidade de resposta incompar\u00e1vel. Equipados com switches magn\u00e9ticos de efeito Hall, teclas personaliz\u00e1veis e uma taxa de polling ultrarr\u00e1pida, os <strong>MAD68HE<\/strong> A s\u00e9rie redefine o que significa precis\u00e3o.<\/p>\n<p><img loading=\"lazy\" decoding=\"async\" class=\"alignnone size-full wp-image-2111\" src=\"https:\/\/halleffectkeyboard.com\/wp-content\/uploads\/2025\/04\/MAD-68-HE-PRO.jpg\" alt=\"MAD-68-HE-PRO\" width=\"1620\" height=\"1080\" srcset=\"https:\/\/halleffectkeyboard.com\/wp-content\/uploads\/2025\/04\/MAD-68-HE-PRO.jpg 1620w, https:\/\/halleffectkeyboard.com\/wp-content\/uploads\/2025\/04\/MAD-68-HE-PRO-1200x800.jpg 1200w, https:\/\/halleffectkeyboard.com\/wp-content\/uploads\/2025\/04\/MAD-68-HE-PRO-300x200.jpg 300w, https:\/\/halleffectkeyboard.com\/wp-content\/uploads\/2025\/04\/MAD-68-HE-PRO-1024x683.jpg 1024w, https:\/\/halleffectkeyboard.com\/wp-content\/uploads\/2025\/04\/MAD-68-HE-PRO-768x512.jpg 768w, https:\/\/halleffectkeyboard.com\/wp-content\/uploads\/2025\/04\/MAD-68-HE-PRO-1536x1024.jpg 1536w\" sizes=\"auto, (max-width: 1620px) 100vw, 1620px\" data-no-translation=\"\" \/><\/p>\n<h2>Por que escolher a s\u00e9rie de teclados MADLIONS MAD68HE?<\/h2>\n<h3>Precis\u00e3o do interruptor magn\u00e9tico de 0,01 mm<\/h3>\n<p>O <strong>MADLIONS MAD68HE<\/strong> Os teclados est\u00e3o equipados com <strong>\u00c2mbar Magn\u00e9tico Pro<\/strong> e <strong>Magn\u00e9tico Kunlun<\/strong> interruptores, alcan\u00e7ando uma precis\u00e3o ultrafina <strong>Ponto de atua\u00e7\u00e3o de 0,01 mm<\/strong>. Esse n\u00edvel de sensibilidade garante precis\u00e3o perfeita para jogos de ritmo acelerado, programa\u00e7\u00e3o ou tarefas de digita\u00e7\u00e3o profissional.<\/p>\n<h3>Lat\u00eancia ultrabaixa e taxa de polling extremamente r\u00e1pida<\/h3>\n<p>Com um impressionante <strong>Taxa de amostragem de 8000Hz<\/strong> e <strong>Lat\u00eancia ultrabaixa de 0,125 ms<\/strong>, o <strong>MADLIONS MAD68HE<\/strong> A s\u00e9rie garante resposta imediata sem atrasos, proporcionando aos jogadores competitivos e criadores uma vantagem de desempenho vital.<\/p>\n<h3>Design e est\u00e9tica totalmente personaliz\u00e1veis<\/h3>\n<p>Apresentando <strong>PBT dose dupla<\/strong> e <strong>teclas transl\u00facidas com impress\u00e3o lateral<\/strong>, Todos os teclados MADLIONS MAD68HE oferecem uma sensa\u00e7\u00e3o t\u00e1til premium e suportam uma personaliza\u00e7\u00e3o incr\u00edvel da ilumina\u00e7\u00e3o RGB. Combine o estilo do seu setup com efeitos din\u00e2micos, sem abrir m\u00e3o da durabilidade e do conforto.<\/p>\n<h3>Recursos avan\u00e7ados de pressionamento din\u00e2mico de teclas<\/h3>\n<p>O <strong>MADLIONS MAD68HE<\/strong> A s\u00e9rie inclui recursos avan\u00e7ados como:<\/p>\n<ul>\n<li><strong>Limpeza do SOCD<\/strong> (Abertura simult\u00e2nea das dire\u00e7\u00f5es cardeais opostas)<\/li>\n<li><strong>Ativa\u00e7\u00e3o por toque duplo (DKS)<\/strong><\/li>\n<li><strong>Tiro R\u00e1pido (TR)<\/strong><\/li>\n<li><strong>Trava de gatilho (TGL)<\/strong><\/li>\n<li><strong>Personaliza\u00e7\u00e3o de Chaves Macro Globais<\/strong><br \/>\nEssas fun\u00e7\u00f5es oferecem a vantagem t\u00e1tica que jogadores, programadores e criadores s\u00e9rios precisam.<\/li>\n<\/ul>\n<h3>Tecnologia de efeito Hall para desempenho consistente e duradouro.<\/h3>\n<p>sensores magn\u00e9ticos de efeito Hall dentro do <strong>MADLIONS MAD68HE<\/strong> Oferecem feedback preciso e durabilidade extraordin\u00e1ria, superando os interruptores mec\u00e2nicos tradicionais tanto em velocidade quanto em vida \u00fatil.<\/p>\n<h3>Durabilidade premium com caixa de alum\u00ednio<\/h3>\n<p>Selecione <strong>Modelos MAD68HE<\/strong> apresentar um <strong>caixa de alum\u00ednio de alta resist\u00eancia<\/strong>, garantindo que seu teclado esteja pronto para sess\u00f5es intensas de jogos ou uso profissional rigoroso.<\/p>\n<h2><img loading=\"lazy\" decoding=\"async\" class=\"alignnone size-full wp-image-2112\" src=\"https:\/\/halleffectkeyboard.com\/wp-content\/uploads\/2025\/04\/MAD68HE-PRO-1.jpg\" alt=\"MAD68HE-PRO\" width=\"2250\" height=\"1860\" srcset=\"https:\/\/halleffectkeyboard.com\/wp-content\/uploads\/2025\/04\/MAD68HE-PRO-1.jpg 2250w, https:\/\/halleffectkeyboard.com\/wp-content\/uploads\/2025\/04\/MAD68HE-PRO-1-1200x992.jpg 1200w, https:\/\/halleffectkeyboard.com\/wp-content\/uploads\/2025\/04\/MAD68HE-PRO-1-300x248.jpg 300w, https:\/\/halleffectkeyboard.com\/wp-content\/uploads\/2025\/04\/MAD68HE-PRO-1-1024x847.jpg 1024w, https:\/\/halleffectkeyboard.com\/wp-content\/uploads\/2025\/04\/MAD68HE-PRO-1-768x635.jpg 768w, https:\/\/halleffectkeyboard.com\/wp-content\/uploads\/2025\/04\/MAD68HE-PRO-1-1536x1270.jpg 1536w, https:\/\/halleffectkeyboard.com\/wp-content\/uploads\/2025\/04\/MAD68HE-PRO-1-2048x1693.jpg 2048w\" sizes=\"auto, (max-width: 2250px) 100vw, 2250px\" data-no-translation=\"\" \/><\/h2>\n<h2>Modelos da s\u00e9rie MADLIONS MAD68HE<\/h2>\n<h3>MAD68HE RGB<\/h3>\n<ul>\n<li><strong>Interruptores:<\/strong> \u00c2mbar Magn\u00e9tico Pro<\/li>\n<li><strong>Precis\u00e3o:<\/strong> 0,02 mm<\/li>\n<li><strong>Projetado para:<\/strong> Jogadores que buscam personaliza\u00e7\u00e3o precisa e vibrante da ilumina\u00e7\u00e3o RGB.<\/li>\n<\/ul>\n<h3>MAD68HE (Profissional)<\/h3>\n<ul>\n<li><strong>Interruptores:<\/strong> \u00c2mbar Magn\u00e9tico Pro \/ Magneto Gaming<\/li>\n<li><strong>Precis\u00e3o:<\/strong> 0,01 mm<\/li>\n<li><strong>Projetado para:<\/strong> Jogadores profissionais e criadores de conte\u00fado que exigem o m\u00e1ximo desempenho.<\/li>\n<\/ul>\n<h3>MAD68R<\/h3>\n<ul>\n<li><strong>Interruptores:<\/strong> Magn\u00e9tico Kunlun<\/li>\n<li><strong>Precis\u00e3o:<\/strong> 0,01 mm<\/li>\n<li><strong>Projetado para:<\/strong> Jogadores competitivos que exigem pressionamentos de teclas ultrarr\u00e1pidos e precisos.<\/li>\n<\/ul>\n<h3>MAD68 PRO (Edi\u00e7\u00e3o com Caixa de Alum\u00ednio)<\/h3>\n<ul>\n<li><strong>Interruptores:<\/strong> Gateron Jade Esport Pro \/ Magn\u00e9tico Prata Esport<\/li>\n<li><strong>Precis\u00e3o:<\/strong> 0,01 mm<\/li>\n<li><strong>Projetado para:<\/strong> Profissionais de eSports que precisam de durabilidade e capacidade de resposta em n\u00edvel de torneio.<\/li>\n<\/ul>\n<h2><img loading=\"lazy\" decoding=\"async\" class=\"alignnone size-full wp-image-2113\" src=\"https:\/\/halleffectkeyboard.com\/wp-content\/uploads\/2025\/04\/MAD68-HE-PRO.jpg\" alt=\"MAD 68-HE-PRO\" width=\"2250\" height=\"1733\" srcset=\"https:\/\/halleffectkeyboard.com\/wp-content\/uploads\/2025\/04\/MAD68-HE-PRO.jpg 2250w, https:\/\/halleffectkeyboard.com\/wp-content\/uploads\/2025\/04\/MAD68-HE-PRO-1200x924.jpg 1200w, https:\/\/halleffectkeyboard.com\/wp-content\/uploads\/2025\/04\/MAD68-HE-PRO-300x231.jpg 300w, https:\/\/halleffectkeyboard.com\/wp-content\/uploads\/2025\/04\/MAD68-HE-PRO-1024x789.jpg 1024w, https:\/\/halleffectkeyboard.com\/wp-content\/uploads\/2025\/04\/MAD68-HE-PRO-768x592.jpg 768w, https:\/\/halleffectkeyboard.com\/wp-content\/uploads\/2025\/04\/MAD68-HE-PRO-1536x1183.jpg 1536w, https:\/\/halleffectkeyboard.com\/wp-content\/uploads\/2025\/04\/MAD68-HE-PRO-2048x1577.jpg 2048w\" sizes=\"auto, (max-width: 2250px) 100vw, 2250px\" data-no-translation=\"\" \/><\/h2>\n<h2>Quem deve usar os teclados MADLIONS MAD68HE?<\/h2>\n<ul>\n<li><strong>Jogadores de eSports:<\/strong> Maximize seu potencial com acionamento de teclas de alta velocidade, switches personaliz\u00e1veis e tempos de resposta de n\u00edvel profissional.<\/li>\n<li><strong>Programadores e Designers:<\/strong> Obtenha fluxos de trabalho mais r\u00e1pidos com lat\u00eancia ultrabaixa, digita\u00e7\u00e3o precisa e macros avan\u00e7adas.<\/li>\n<li><strong>Entusiastas da personaliza\u00e7\u00e3o:<\/strong> Crie uma configura\u00e7\u00e3o verdadeiramente \u00fanica com switches intercambi\u00e1veis, ilumina\u00e7\u00e3o RGB personaliz\u00e1vel e teclas de alta qualidade.<\/li>\n<\/ul>\n<hr \/>\n<h2>Especifica\u00e7\u00f5es t\u00e9cnicas da s\u00e9rie MADLIONS MAD68HE<\/h2>\n<table>\n<thead>\n<tr>\n<th align=\"left\">Modelo<\/th>\n<th align=\"left\">Tipo de interruptor<\/th>\n<th align=\"left\">Precis\u00e3o<\/th>\n<th align=\"left\">Taxa de vota\u00e7\u00e3o<\/th>\n<th align=\"left\">Lat\u00eancia<\/th>\n<th align=\"left\">Taxa de varredura<\/th>\n<th align=\"left\">Material da caixa<\/th>\n<th align=\"left\">Material das teclas<\/th>\n<th align=\"left\">Recursos din\u00e2micos<\/th>\n<\/tr>\n<\/thead>\n<tbody>\n<tr>\n<td align=\"left\">MAD68HE RGB<\/td>\n<td align=\"left\">\u00c2mbar Magn\u00e9tico Pro<\/td>\n<td align=\"left\">0,02 mm<\/td>\n<td align=\"left\">8000Hz<\/td>\n<td align=\"left\">0,125 ms<\/td>\n<td align=\"left\">32.000 Hz<\/td>\n<td align=\"left\">ABS\/Alum\u00ednio<\/td>\n<td align=\"left\">PBT Double-shot \/ Impress\u00e3o Lateral<\/td>\n<td align=\"left\">SOCD Clearing, RS, DKS, TGL, Macroeconomia Global<\/td>\n<\/tr>\n<tr>\n<td align=\"left\">MAD68HE (Profissional)<\/td>\n<td align=\"left\">\u00c2mbar Magn\u00e9tico Pro \/ Magneto Gaming<\/td>\n<td align=\"left\">0,01 mm<\/td>\n<td align=\"left\">8000Hz<\/td>\n<td align=\"left\">0,125 ms<\/td>\n<td align=\"left\">32.000 Hz<\/td>\n<td align=\"left\">ABS\/Alum\u00ednio<\/td>\n<td align=\"left\">PBT Double-shot \/ Impress\u00e3o Lateral<\/td>\n<td align=\"left\">SOCD Clearing, RS, DKS, TGL, Macroeconomia Global<\/td>\n<\/tr>\n<tr>\n<td align=\"left\">MAD68R<\/td>\n<td align=\"left\">Magn\u00e9tico Kunlun<\/td>\n<td align=\"left\">0,01 mm<\/td>\n<td align=\"left\">8000Hz<\/td>\n<td align=\"left\">0,125 ms<\/td>\n<td align=\"left\">32.000 Hz<\/td>\n<td align=\"left\">ABS\/Alum\u00ednio<\/td>\n<td align=\"left\">PBT Double-shot \/ Impress\u00e3o Lateral<\/td>\n<td align=\"left\">SOCD Clearing, RS, DKS, TGL, Macroeconomia Global<\/td>\n<\/tr>\n<tr>\n<td align=\"left\">MAD68 PRO (Alum\u00ednio)<\/td>\n<td align=\"left\">Gateron Jade Esport Pro \/ Magn\u00e9tico Prata Esport<\/td>\n<td align=\"left\">0,01 mm<\/td>\n<td align=\"left\">8000Hz<\/td>\n<td align=\"left\">0,1 ms<\/td>\n<td align=\"left\">128.000 Hz<\/td>\n<td align=\"left\">Alum\u00ednio aeroespacial CNC<\/td>\n<td align=\"left\">PBT Double-shot \/ Impress\u00e3o Lateral<\/td>\n<td align=\"left\">SOCD Clearing, RS, DKS, TGL, Macroeconomia Global<\/td>\n<\/tr>\n<\/tbody>\n<\/table>\n<hr \/>\n<h2 data-start=\"122\" data-end=\"186\"><strong data-start=\"122\" data-end=\"186\">Software online MADLIONS \u2013 Personalize seu teclado instantaneamente<\/strong><\/h2>\n<p class=\"\" data-start=\"188\" data-end=\"643\">Sem necessidade de downloads \u2013 o software online MADLIONS permite que voc\u00ea ajuste seus teclados das s\u00e9ries MAD60HE e MAD60 PRO diretamente pelo navegador.<br data-start=\"328\" data-end=\"331\" \/>Ajuste facilmente os pontos de atua\u00e7\u00e3o, personalize a sensibilidade do gatilho, crie macros e personalize a ilumina\u00e7\u00e3o RGB \u2013 tudo em tempo real.<br data-start=\"457\" data-end=\"460\" \/>Experimente precis\u00e3o e velocidade de \u00faltima gera\u00e7\u00e3o sem a complica\u00e7\u00e3o da instala\u00e7\u00e3o.<br data-start=\"537\" data-end=\"540\" \/><a class=\"\" href=\"https:\/\/hub.fgg.com.cn\/\" target=\"_blank\" rel=\"nofollow noopener\" data-start=\"540\" data-end=\"585\">Acesse o software online MADLIONS aqui.<\/a> e libere instantaneamente todo o potencial do seu teclado!<\/p>\n<h3><img loading=\"lazy\" decoding=\"async\" class=\"alignnone wp-image-2072 size-full\" title=\"MADLIONS Software\" src=\"https:\/\/halleffectkeyboard.com\/wp-content\/uploads\/2025\/04\/wed-mad60he-1-scaled.jpg\" alt=\"wed-mad60he Software\" width=\"2560\" height=\"2507\" srcset=\"https:\/\/halleffectkeyboard.com\/wp-content\/uploads\/2025\/04\/wed-mad60he-1-scaled.jpg 2560w, https:\/\/halleffectkeyboard.com\/wp-content\/uploads\/2025\/04\/wed-mad60he-1-scaled-1200x1175.jpg 1200w, https:\/\/halleffectkeyboard.com\/wp-content\/uploads\/2025\/04\/wed-mad60he-1-300x294.jpg 300w, https:\/\/halleffectkeyboard.com\/wp-content\/uploads\/2025\/04\/wed-mad60he-1-1024x1003.jpg 1024w, https:\/\/halleffectkeyboard.com\/wp-content\/uploads\/2025\/04\/wed-mad60he-1-768x752.jpg 768w, https:\/\/halleffectkeyboard.com\/wp-content\/uploads\/2025\/04\/wed-mad60he-1-1536x1504.jpg 1536w, https:\/\/halleffectkeyboard.com\/wp-content\/uploads\/2025\/04\/wed-mad60he-1-2048x2006.jpg 2048w, https:\/\/halleffectkeyboard.com\/wp-content\/uploads\/2025\/04\/wed-mad60he-1-50x50.jpg 50w\" sizes=\"auto, (max-width: 2560px) 100vw, 2560px\" data-no-translation=\"\" \/><\/h3>\n<h2>Eleve sua experi\u00eancia com MADLIONS MAD68HE<\/h2>\n<p>N\u00e3o importa se voc\u00ea est\u00e1 ultrapassando os limites nos eSports, aprimorando seus fluxos de trabalho criativos ou buscando o m\u00e1ximo em desempenho personaliz\u00e1vel, o <strong>MADLIONS MAD68HE<\/strong> Os teclados oferecem tudo o que voc\u00ea precisa \u2014 e muito mais.<br \/>\n<strong><a href=\"https:\/\/halleffectkeyboard.com\/pt\/produto\/madlions-mad68he\/\" target=\"_blank\" rel=\"noopener\">Experimente a precis\u00e3o. Experimente o MAD68HE.<\/a>.<\/strong><\/p>","protected":false},"excerpt":{"rendered":"<p>MADLIONS MAD68HE Series \u2013 Custom Magnetic Hall Effect Keyboards Unlock Ultimate Precision and Personalization with the MADLIONS MAD68HE Series. Designed for gamers, creators, and professionals who demand the best, the MADLIONS MAD68HE keyboards deliver exceptional performance, customizable aesthetics, and unmatched responsiveness. Powered by Hall Effect magnetic switches, customizable keycaps, and an ultra-high polling rate, the [&hellip;]<\/p>\n","protected":false},"featured_media":2087,"comment_status":"open","ping_status":"closed","template":"","meta":[],"product_brand":[],"product_cat":[322,20],"product_tag":[58,120,121,122,123],"class_list":{"0":"post-2081","1":"product","2":"type-product","3":"status-publish","4":"has-post-thumbnail","6":"product_cat-hall-effect-keyboard","7":"product_cat-keyboard","8":"product_tag-hall-effect-keyboard","9":"product_tag-mad68he","10":"product_tag-mad68pro","11":"product_tag-mad68r","12":"product_tag-madlions","14":"first","15":"instock","16":"sale","17":"taxable","18":"shipping-taxable","19":"purchasable","20":"product-type-variable","21":"wvs-archive-product-wrapper"},"aioseo_notices":[],"ct_brands":[],"jetpack_sharing_enabled":true,"_links":{"self":[{"href":"https:\/\/halleffectkeyboard.com\/pt\/wp-json\/wp\/v2\/product\/2081","targetHints":{"allow":["GET"]}}],"collection":[{"href":"https:\/\/halleffectkeyboard.com\/pt\/wp-json\/wp\/v2\/product"}],"about":[{"href":"https:\/\/halleffectkeyboard.com\/pt\/wp-json\/wp\/v2\/types\/product"}],"replies":[{"embeddable":true,"href":"https:\/\/halleffectkeyboard.com\/pt\/wp-json\/wp\/v2\/comments?post=2081"}],"version-history":[{"count":8,"href":"https:\/\/halleffectkeyboard.com\/pt\/wp-json\/wp\/v2\/product\/2081\/revisions"}],"predecessor-version":[{"id":2164,"href":"https:\/\/halleffectkeyboard.com\/pt\/wp-json\/wp\/v2\/product\/2081\/revisions\/2164"}],"wp:featuredmedia":[{"embeddable":true,"href":"https:\/\/halleffectkeyboard.com\/pt\/wp-json\/wp\/v2\/media\/2087"}],"wp:attachment":[{"href":"https:\/\/halleffectkeyboard.com\/pt\/wp-json\/wp\/v2\/media?parent=2081"}],"wp:term":[{"taxonomy":"product_brand","embeddable":true,"href":"https:\/\/halleffectkeyboard.com\/pt\/wp-json\/wp\/v2\/product_brand?post=2081"},{"taxonomy":"product_cat","embeddable":true,"href":"https:\/\/halleffectkeyboard.com\/pt\/wp-json\/wp\/v2\/product_cat?post=2081"},{"taxonomy":"product_tag","embeddable":true,"href":"https:\/\/halleffectkeyboard.com\/pt\/wp-json\/wp\/v2\/product_tag?post=2081"}],"curies":[{"name":"wp","href":"https:\/\/api.w.org\/{rel}","templated":true}]}}