{"id":2239,"date":"2025-05-05T19:49:51","date_gmt":"2025-05-05T11:49:51","guid":{"rendered":"https:\/\/halleffectkeyboard.com\/?page_id=2239"},"modified":"2025-05-05T19:49:52","modified_gmt":"2025-05-05T11:49:52","slug":"refund-and-returns-policy","status":"publish","type":"page","link":"https:\/\/halleffectkeyboard.com\/pt\/politica-de-reembolso-e-devolucao\/","title":{"rendered":"Pol\u00edtica de Reembolso e Devolu\u00e7\u00e3o"},"content":{"rendered":"<h2 class=\"wp-block-heading\">\u00c2mbito de aplica\u00e7\u00e3o<\/h2>\n\n\n\n<p>As pol\u00edticas a seguir aplicam-se somente a produtos adquiridos em\u00a0<a href=\"https:\/\/halleffectkeyboard.com\/pt\/\" target=\"_blank\" rel=\"noopener\" title=\"\">halleffectkeyboard.com<\/a>. Se voc\u00ea adquiriu o produto em outro lugar, entre em contato com o vendedor original para devolu\u00e7\u00f5es ou suporte ao cliente. Caso tenha algum problema ou d\u00favida sobre o produto, entre em contato conosco pelo e-mail support@halleffectkeyboard.com.<\/p>\n\n\n\n<h2 class=\"wp-block-heading\">Cancelamento do pedido<\/h2>\n\n\n\n<p>Caso deseje cancelar um pedido, fa\u00e7a a solicita\u00e7\u00e3o antes do envio. Normalmente, processamos os pedidos em 1 a 3 dias \u00fateis e, se o pedido j\u00e1 tiver sido enviado, enviaremos uma notifica\u00e7\u00e3o de envio por e-mail.<\/p>\n\n\n\n<p>Caso ainda deseje cancelar o pedido ap\u00f3s o envio, tentaremos contatar a transportadora para interceptar o pacote; no entanto, a intercepta\u00e7\u00e3o n\u00e3o \u00e9 garantida. Se a intercepta\u00e7\u00e3o for bem-sucedida, cancelaremos o pedido, mas os custos de envio n\u00e3o ser\u00e3o reembolsados. Se a intercepta\u00e7\u00e3o falhar, voc\u00ea precisar\u00e1 devolver o pacote assim que o receber. Os custos de envio da devolu\u00e7\u00e3o ser\u00e3o de sua responsabilidade. Ap\u00f3s confirmarmos as condi\u00e7\u00f5es do pacote devolvido, emitiremos um reembolso do valor do produto. Observe que os custos de envio n\u00e3o s\u00e3o reembols\u00e1veis.<\/p>\n\n\n\n<h2 class=\"wp-block-heading\">Pol\u00edtica de devolu\u00e7\u00e3o de 7 dias<\/h2>\n\n\n\n<p>Oferecemos uma pol\u00edtica de devolu\u00e7\u00e3o de 7 dias, permitindo que voc\u00ea solicite uma devolu\u00e7\u00e3o dentro de 7 dias ap\u00f3s o recebimento do seu item (conforme confirmado pelo registro de rastreamento do envio).<\/p>\n\n\n\n<p>Para ser eleg\u00edvel para devolu\u00e7\u00e3o, o seu artigo deve cumprir os seguintes crit\u00e9rios:<\/p>\n\n\n\n<ul class=\"wp-block-list\">\n<li>O item deve estar nas mesmas condi\u00e7\u00f5es em que foi recebido.<\/li>\n\n\n\n<li>A pe\u00e7a deve estar sem uso, com as etiquetas originais.<\/li>\n\n\n\n<li>O produto deve estar em sua embalagem original.<\/li>\n\n\n\n<li>Voc\u00ea deve apresentar o recibo ou comprovante de compra.<\/li>\n<\/ul>\n\n\n\n<p><strong>Custos de envio<\/strong>Os custos de envio da devolu\u00e7\u00e3o s\u00e3o de responsabilidade do cliente. Observe que as taxas de envio originais e os impostos alfandeg\u00e1rios n\u00e3o s\u00e3o reembols\u00e1veis.<\/p>\n\n\n\n<h2 class=\"wp-block-heading\">Exce\u00e7\u00f5es\/Itens N\u00e3o Retorn\u00e1veis<\/h2>\n\n\n\n<ul class=\"wp-block-list\">\n<li>Itens em promo\u00e7\u00e3o<\/li>\n\n\n\n<li>Cart\u00f5es-presente<\/li>\n<\/ul>\n\n\n\n<p>Nossa pol\u00edtica de devolu\u00e7\u00e3o aplica-se exclusivamente a produtos destinados ao uso pessoal e n\u00e3o se estende a uso comercial, aluguel ou uso indevido. Al\u00e9m disso, n\u00e3o ser\u00e3o aceitas devolu\u00e7\u00f5es por danos resultantes de uso indevido, manuten\u00e7\u00e3o inadequada, falta de manuten\u00e7\u00e3o preventiva ou descumprimento do manual do usu\u00e1rio.<\/p>\n\n\n\n<p>Observe que devolu\u00e7\u00f5es aleat\u00f3rias n\u00e3o s\u00e3o aceitas. Devolu\u00e7\u00f5es s\u00e3o permitidas apenas para produtos com problemas de qualidade que n\u00e3o podem ser resolvidos pelo suporte t\u00e9cnico. Ao receber seu pedido, inspecione-o cuidadosamente. Se voc\u00ea descobrir algum defeito, dano ou se recebeu o item errado, entre em contato conosco imediatamente.\u00a0<a href=\"mailto:support@halleffectkeyboard.com\" title=\"\">support@halleffectkeyboard.com<\/a>. Inclua uma foto da embalagem e do produto, o n\u00famero do seu pedido e uma descri\u00e7\u00e3o do problema. Isso nos permitir\u00e1 avaliar e resolver a situa\u00e7\u00e3o prontamente.<\/p>\n\n\n\n<h2 class=\"wp-block-heading\">Processo de Devolu\u00e7\u00e3o<\/h2>\n\n\n\n<ol class=\"wp-block-list\">\n<li><strong>Contate o Servi\u00e7o de Atendimento ao Cliente:\u00a0<\/strong>Entre em contato com nosso servi\u00e7o de atendimento ao cliente em\u00a0<a href=\"mailto:support@halleffectkeyboard.com\" title=\"\">support@halleffectkeyboard.com<\/a>\u00a0Para iniciar uma solicita\u00e7\u00e3o de devolu\u00e7\u00e3o ou reembolso, inclua o n\u00famero do seu pedido e o motivo da devolu\u00e7\u00e3o em sua mensagem.<\/li>\n\n\n\n<li><strong>Aprova\u00e7\u00e3o de devolu\u00e7\u00e3o:\u00a0<\/strong>Assim que seu pedido de devolu\u00e7\u00e3o for aprovado por nossa equipe, voc\u00ea receber\u00e1 instru\u00e7\u00f5es adicionais por e-mail.<\/li>\n\n\n\n<li><strong>Embale seu item:\u00a0<\/strong>Embale o item com seguran\u00e7a em sua embalagem original para garantir um transporte seguro.<\/li>\n\n\n\n<li><strong>Instru\u00e7\u00f5es de envio:\u00a0<\/strong>Assim que a devolu\u00e7\u00e3o for autorizada, nossa equipe de atendimento ao cliente fornecer\u00e1 o endere\u00e7o de envio, incluindo os dados do destinat\u00e1rio e o n\u00famero de telefone.<\/li>\n<\/ol>\n\n\n\n<h2 class=\"wp-block-heading\">Reembolsos<\/h2>\n\n\n\n<p>Assim que recebermos e inspecionarmos sua devolu\u00e7\u00e3o, entraremos em contato para informar se o seu reembolso foi aprovado. Se aprovado, o reembolso ser\u00e1 processado para o m\u00e9todo de pagamento original em at\u00e9 10 dias \u00fateis. Observe que pode levar algum tempo adicional para que seu banco ou operadora de cart\u00e3o de cr\u00e9dito processe e efetue o reembolso.<\/p>\n\n\n\n<p>Se j\u00e1 se passaram mais de 15 dias \u00fateis desde que aprovamos seu reembolso e voc\u00ea ainda n\u00e3o o recebeu, entre em contato conosco para confirmar o status.\u00a0<a href=\"mailto:support@aulakeyboard.com\">apoiar@<\/a><a href=\"mailto:support@halleffectkeyboard.com\" title=\"\">teclado de efeito hall<\/a><a href=\"mailto:support@aulakeyboard.com\">.com<\/a>.<\/p>\n\n\n\n<h2 class=\"wp-block-heading\">Trocas<\/h2>\n\n\n\n<p>S\u00f3 oferecemos trocas para itens que apresentem defeito ou estejam danificados no momento do recebimento. Se precisar trocar um item pelo mesmo produto, a maneira mais r\u00e1pida de garantir um processo de troca tranquilo \u00e9 a seguinte:<\/p>\n\n\n\n<ol class=\"wp-block-list\">\n<li>Inicie uma devolu\u00e7\u00e3o para o item defeituoso ou danificado seguindo os passos descritos em nossa Pol\u00edtica de Devolu\u00e7\u00e3o.<\/li>\n\n\n\n<li>Ap\u00f3s a sua devolu\u00e7\u00e3o ser aceita e processada, fa\u00e7a uma nova compra do item que deseja receber.<\/li>\n<\/ol>\n\n\n\n<h2 class=\"wp-block-heading\">Isen\u00e7\u00e3o de responsabilidade<\/h2>\n\n\n\n<p>Note que n\u00e3o nos responsabilizamos por quaisquer danos consequentes resultantes do uso do produto. Al\u00e9m disso, nossa pol\u00edtica de reembolso n\u00e3o cobre danos causados por fatores externos.<\/p>\n\n\n\n<p>Se tiver alguma d\u00favida sobre a devolu\u00e7\u00e3o ou troca do seu artigo, entre em contacto connosco atrav\u00e9s do endere\u00e7o:\u00a0<a href=\"mailto:support@halleffectkeyboard.com\" title=\"\">support@halleffectkeyboard.com<\/a>.<\/p>\n\n\n\n<p><\/p>","protected":false},"excerpt":{"rendered":"<p>Scope of Application The following policies apply only to products purchased from\u00a0halleffectkeyboard.com. If you purchased your item elsewhere, please contact the original retailer for returns or customer support.\u00a0If you have any product issues or questions, you are welcome to contact us at\u00a0support@halleffectkeyboard.com. Order Cancellation Should you wish to cancel an order, please make the request [&hellip;]<\/p>\n","protected":false},"author":1,"featured_media":0,"parent":0,"menu_order":0,"comment_status":"closed","ping_status":"closed","template":"","meta":{"footnotes":""},"class_list":["post-2239","page","type-page","status-publish","hentry"],"blocksy_meta":[],"aioseo_notices":[],"jetpack_sharing_enabled":true,"_links":{"self":[{"href":"https:\/\/halleffectkeyboard.com\/pt\/wp-json\/wp\/v2\/pages\/2239","targetHints":{"allow":["GET"]}}],"collection":[{"href":"https:\/\/halleffectkeyboard.com\/pt\/wp-json\/wp\/v2\/pages"}],"about":[{"href":"https:\/\/halleffectkeyboard.com\/pt\/wp-json\/wp\/v2\/types\/page"}],"author":[{"embeddable":true,"href":"https:\/\/halleffectkeyboard.com\/pt\/wp-json\/wp\/v2\/users\/1"}],"replies":[{"embeddable":true,"href":"https:\/\/halleffectkeyboard.com\/pt\/wp-json\/wp\/v2\/comments?post=2239"}],"version-history":[{"count":2,"href":"https:\/\/halleffectkeyboard.com\/pt\/wp-json\/wp\/v2\/pages\/2239\/revisions"}],"predecessor-version":[{"id":2271,"href":"https:\/\/halleffectkeyboard.com\/pt\/wp-json\/wp\/v2\/pages\/2239\/revisions\/2271"}],"wp:attachment":[{"href":"https:\/\/halleffectkeyboard.com\/pt\/wp-json\/wp\/v2\/media?parent=2239"}],"curies":[{"name":"wp","href":"https:\/\/api.w.org\/{rel}","templated":true}]}}