{"id":5922,"date":"2026-05-13T17:30:40","date_gmt":"2026-05-13T09:30:40","guid":{"rendered":"https:\/\/halleffectkeyboard.com\/?post_type=product&#038;p=5922"},"modified":"2026-05-13T17:58:04","modified_gmt":"2026-05-13T09:58:04","slug":"payson-keyboard-dampening-rings","status":"publish","type":"product","link":"https:\/\/halleffectkeyboard.com\/it\/prodotto\/anelli-di-smorzamento-per-tastiera-payson\/","title":{"rendered":"Anelli di smorzamento per tastiera PAYSON"},"content":{"rendered":"<h1>Anelli smorzanti per tastiera PAYSON: lo strumento definitivo per la riduzione del suono e delle vibrazioni sulla tastiera.<\/h1>\n<p><strong>Panoramica del prodotto<\/strong> Migliora la tua esperienza di digitazione e di gioco con <strong>Anelli di smorzamento per tastiera PAYSON<\/strong>. Progettato come essenziale <strong>Strumento Tastiera<\/strong> per appassionati e professionisti, questi <strong>Ammortizzatori O-ring per tastiera<\/strong> si adattano perfettamente all&#039;interno dei tasti per assorbire l&#039;impatto e ridurre significativamente i rumori forti di fine corsa. Che tu stia lavorando in un ufficio condiviso o giocando a tarda notte, questa soluzione efficace <strong>riduttore di rumore della tastiera<\/strong> Ammorbidisce la pressione dei tasti, creando un ambiente pi\u00f9 silenzioso e riducendo l&#039;affaticamento delle dita durante le sessioni prolungate.<br \/>\n<img loading=\"lazy\" decoding=\"async\" class=\"alignnone size-full wp-image-5929\" src=\"https:\/\/halleffectkeyboard.com\/wp-content\/uploads\/2026\/05\/1-39-scaled.jpg\" alt=\"PAYSON Keyboard Dampening Rings\" width=\"2560\" height=\"1437\" srcset=\"https:\/\/halleffectkeyboard.com\/wp-content\/uploads\/2026\/05\/1-39-scaled.jpg 2560w, https:\/\/halleffectkeyboard.com\/wp-content\/uploads\/2026\/05\/1-39-300x168.jpg 300w, https:\/\/halleffectkeyboard.com\/wp-content\/uploads\/2026\/05\/1-39-1024x575.jpg 1024w, https:\/\/halleffectkeyboard.com\/wp-content\/uploads\/2026\/05\/1-39-768x431.jpg 768w, https:\/\/halleffectkeyboard.com\/wp-content\/uploads\/2026\/05\/1-39-1536x862.jpg 1536w, https:\/\/halleffectkeyboard.com\/wp-content\/uploads\/2026\/05\/1-39-2048x1150.jpg 2048w, https:\/\/halleffectkeyboard.com\/wp-content\/uploads\/2026\/05\/1-39-18x10.jpg 18w, https:\/\/halleffectkeyboard.com\/wp-content\/uploads\/2026\/05\/1-39-1200x674.jpg 1200w\" sizes=\"auto, (max-width: 2560px) 100vw, 2560px\" data-no-translation=\"\" \/><\/p>\n<p><strong>Caratteristiche principali<\/strong><\/p>\n<ul>\n<li><strong>Attenuazione istantanea del suono:<\/strong>\u00a0Agendo come un potente\u00a0<strong>eliminatore di clic della tastiera<\/strong>, questi\u00a0<strong>anelli di smorzamento del suono dei tasti<\/strong>\u00a0assorbono gli urti per eliminare i rumori forti. Servono come un eccellente\u00a0<strong>smorzatore di fine corsa della tastiera<\/strong>\u00a0e affidabile\u00a0<strong>anelli fonoassorbenti per tastiera<\/strong>.<\/li>\n<li><strong>Silicone morbido di alta qualit\u00e0:<\/strong>\u00a0Realizzati in materiale resistente e flessibile, questi\u00a0<strong>Ammortizzatori in silicone per i tasti della tastiera<\/strong>\u00a0Non dannegger\u00e0 i tasti o gli interruttori.\u00a0<strong>anelli di supporto per i tasti<\/strong>\u00a0funziona perfettamente come\u00a0<strong>ammortizzatore per tasti<\/strong>\u00a0per ogni tasto premuto.<\/li>\n<li><strong>Compatibilit\u00e0 universale:<\/strong>\u00a0Progettato specificamente come\u00a0<strong>O-ring per interruttori Cherry MX<\/strong>, sono compatibili con la maggior parte delle tastiere meccaniche, il che li rende indispensabili\u00a0<strong>accessori per tastiere meccaniche<\/strong>.<\/li>\n<li><strong>Digitazione silenziosa e fluida:<\/strong>\u00a0Raggiungere il massimo\u00a0<strong>tastiera silenziosa mod<\/strong>\u00a0con questi\u00a0<strong>O-ring per tastiere meccaniche<\/strong>. Funzionano come un\u00a0<strong>smorzatore di vibrazioni della tastiera<\/strong>\u00a0per superiore\u00a0<strong>riduzione del rumore della digitazione sulla tastiera<\/strong>, creando un profilo sonoro pi\u00f9 morbido e ovattato.<\/li>\n<li><strong>Installazione semplice:<\/strong>\u00a0Basta infilarli\u00a0<strong>O-ring per la modifica della tastiera<\/strong>\u00a0sopra lo stelo dell&#039;interruttore all&#039;interno del tasto per godere immediatamente dei vantaggi di\u00a0<strong>Ammortizzatori silenziosi per i tasti<\/strong>.<br \/>\n<img loading=\"lazy\" decoding=\"async\" class=\"alignnone size-full wp-image-5930\" src=\"https:\/\/halleffectkeyboard.com\/wp-content\/uploads\/2026\/05\/2-44-scaled.jpg\" alt=\"PAYSON Keyboard Dampening Rings\" width=\"2560\" height=\"1437\" srcset=\"https:\/\/halleffectkeyboard.com\/wp-content\/uploads\/2026\/05\/2-44-scaled.jpg 2560w, https:\/\/halleffectkeyboard.com\/wp-content\/uploads\/2026\/05\/2-44-300x168.jpg 300w, https:\/\/halleffectkeyboard.com\/wp-content\/uploads\/2026\/05\/2-44-1024x575.jpg 1024w, https:\/\/halleffectkeyboard.com\/wp-content\/uploads\/2026\/05\/2-44-768x431.jpg 768w, https:\/\/halleffectkeyboard.com\/wp-content\/uploads\/2026\/05\/2-44-1536x862.jpg 1536w, https:\/\/halleffectkeyboard.com\/wp-content\/uploads\/2026\/05\/2-44-2048x1150.jpg 2048w, https:\/\/halleffectkeyboard.com\/wp-content\/uploads\/2026\/05\/2-44-18x10.jpg 18w, https:\/\/halleffectkeyboard.com\/wp-content\/uploads\/2026\/05\/2-44-1200x674.jpg 1200w\" sizes=\"auto, (max-width: 2560px) 100vw, 2560px\" data-no-translation=\"\" \/><\/li>\n<\/ul>\n<p><strong>Schemi<\/strong><\/p>\n<table>\n<thead>\n<tr>\n<th>Articolo<\/th>\n<th>Dettagli<\/th>\n<\/tr>\n<\/thead>\n<tbody>\n<tr>\n<td><strong>Materiale<\/strong><\/td>\n<td>Silicone di alta qualit\u00e0 (<strong>O-ring in silicone da 8 mm<\/strong>)<\/td>\n<\/tr>\n<tr>\n<td><strong>Quantit\u00e0<\/strong><\/td>\n<td><strong>120 O-ring per tastiera<\/strong>\u00a0(sufficiente per una tastiera di dimensioni standard)<\/td>\n<\/tr>\n<tr>\n<td><strong>Misurare<\/strong><\/td>\n<td>Diametro esterno 8 mm \u00d7 spessore 1,5 mm<\/td>\n<\/tr>\n<tr>\n<td><strong>Compatibilit\u00e0<\/strong><\/td>\n<td>Interruttori Cherry MX, la maggior parte delle tastiere meccaniche<\/td>\n<\/tr>\n<tr>\n<td><strong>Cambiamento dell&#039;ictus<\/strong><\/td>\n<td>Agisce come\u00a0<strong>anelli riduttori di corsa della chiave<\/strong>, riducendo la corsa dei tasti di circa 1 mm (creando una sensazione pi\u00f9 corta e morbida)<\/td>\n<\/tr>\n<\/tbody>\n<\/table>\n<p>&nbsp;<\/p>\n<p><strong><img loading=\"lazy\" decoding=\"async\" class=\"alignnone size-full wp-image-5931\" src=\"https:\/\/halleffectkeyboard.com\/wp-content\/uploads\/2026\/05\/3-44-scaled.jpg\" alt=\"PAYSON Keyboard Dampening Rings\" width=\"2560\" height=\"1437\" srcset=\"https:\/\/halleffectkeyboard.com\/wp-content\/uploads\/2026\/05\/3-44-scaled.jpg 2560w, https:\/\/halleffectkeyboard.com\/wp-content\/uploads\/2026\/05\/3-44-300x168.jpg 300w, https:\/\/halleffectkeyboard.com\/wp-content\/uploads\/2026\/05\/3-44-1024x575.jpg 1024w, https:\/\/halleffectkeyboard.com\/wp-content\/uploads\/2026\/05\/3-44-768x431.jpg 768w, https:\/\/halleffectkeyboard.com\/wp-content\/uploads\/2026\/05\/3-44-1536x862.jpg 1536w, https:\/\/halleffectkeyboard.com\/wp-content\/uploads\/2026\/05\/3-44-2048x1150.jpg 2048w, https:\/\/halleffectkeyboard.com\/wp-content\/uploads\/2026\/05\/3-44-18x10.jpg 18w, https:\/\/halleffectkeyboard.com\/wp-content\/uploads\/2026\/05\/3-44-1200x674.jpg 1200w\" sizes=\"auto, (max-width: 2560px) 100vw, 2560px\" data-no-translation=\"\" \/> <img loading=\"lazy\" decoding=\"async\" class=\"alignnone size-full wp-image-5932\" src=\"https:\/\/halleffectkeyboard.com\/wp-content\/uploads\/2026\/05\/4-43-scaled.jpg\" alt=\"PAYSON Keyboard Dampening Rings\" width=\"2560\" height=\"1437\" srcset=\"https:\/\/halleffectkeyboard.com\/wp-content\/uploads\/2026\/05\/4-43-scaled.jpg 2560w, https:\/\/halleffectkeyboard.com\/wp-content\/uploads\/2026\/05\/4-43-300x168.jpg 300w, https:\/\/halleffectkeyboard.com\/wp-content\/uploads\/2026\/05\/4-43-1024x575.jpg 1024w, https:\/\/halleffectkeyboard.com\/wp-content\/uploads\/2026\/05\/4-43-768x431.jpg 768w, https:\/\/halleffectkeyboard.com\/wp-content\/uploads\/2026\/05\/4-43-1536x862.jpg 1536w, https:\/\/halleffectkeyboard.com\/wp-content\/uploads\/2026\/05\/4-43-2048x1150.jpg 2048w, https:\/\/halleffectkeyboard.com\/wp-content\/uploads\/2026\/05\/4-43-18x10.jpg 18w, https:\/\/halleffectkeyboard.com\/wp-content\/uploads\/2026\/05\/4-43-1200x674.jpg 1200w\" sizes=\"auto, (max-width: 2560px) 100vw, 2560px\" data-no-translation=\"\" \/>Come installare<\/strong><\/p>\n<ol>\n<li>Rimuovere il copritasto dall&#039;interruttore utilizzando un estrattore per copritasti.<\/li>\n<li>Infila un O-ring sullo stelo dell&#039;interruttore, quindi rimetti il copritasto al suo posto.<\/li>\n<li>L&#039;anello si inserir\u00e0 saldamente all&#039;interno del tasto, attutindo l&#039;impatto quando il tasto viene premuto.<\/li>\n<\/ol>\n<p><strong>La confezione include<\/strong><\/p>\n<ul>\n<li>120 \u00d7 Ammortizzatori con O-ring in silicone<\/li>\n<\/ul>\n<p><strong>Nota importante<\/strong> Utilizzando questi <strong>Anelli di smorzamento per tastiera PAYSON<\/strong> Ridurr\u00e0 la corsa dei tasti di circa 1 mm, creando una sensazione di digitazione pi\u00f9 breve e morbida. Questo \u00e8 normale e rappresenta una parte fondamentale del loro effetto smorzante.<br \/>\n<img loading=\"lazy\" decoding=\"async\" class=\"alignnone size-full wp-image-5933\" src=\"https:\/\/halleffectkeyboard.com\/wp-content\/uploads\/2026\/05\/5-41-scaled.jpg\" alt=\"PAYSON Keyboard Dampening Rings\" width=\"2560\" height=\"1437\" srcset=\"https:\/\/halleffectkeyboard.com\/wp-content\/uploads\/2026\/05\/5-41-scaled.jpg 2560w, https:\/\/halleffectkeyboard.com\/wp-content\/uploads\/2026\/05\/5-41-300x168.jpg 300w, https:\/\/halleffectkeyboard.com\/wp-content\/uploads\/2026\/05\/5-41-1024x575.jpg 1024w, https:\/\/halleffectkeyboard.com\/wp-content\/uploads\/2026\/05\/5-41-768x431.jpg 768w, https:\/\/halleffectkeyboard.com\/wp-content\/uploads\/2026\/05\/5-41-1536x862.jpg 1536w, https:\/\/halleffectkeyboard.com\/wp-content\/uploads\/2026\/05\/5-41-2048x1150.jpg 2048w, https:\/\/halleffectkeyboard.com\/wp-content\/uploads\/2026\/05\/5-41-18x10.jpg 18w, https:\/\/halleffectkeyboard.com\/wp-content\/uploads\/2026\/05\/5-41-1200x674.jpg 1200w\" sizes=\"auto, (max-width: 2560px) 100vw, 2560px\" data-no-translation=\"\" \/><\/p>","protected":false},"excerpt":{"rendered":"<ul>\n<li><strong>Massima riduzione del rumore:<\/strong>\u00a0Attenua il rumore di fine corsa per un ambiente di lavoro pi\u00f9 silenzioso e privo di distrazioni.<\/li>\n<li><strong>Vestibilit\u00e0 universale:<\/strong>\u00a0Perfettamente compatibile con la maggior parte degli interruttori e dei copritasti Cherry MX.<\/li>\n<li><strong>Comfort di digitazione:<\/strong>\u00a0Riduce la corsa dei tasti di circa 1 mm per ammortizzare la pressione dei tasti e ridurre al minimo l&#039;affaticamento delle dita.<\/li>\n<li><strong>Set completo:<\/strong>\u00a0Include 120 anelli in silicone resistenti, sufficienti per aggiornare qualsiasi tastiera di dimensioni standard.<\/li>\n<\/ul>","protected":false},"featured_media":5928,"comment_status":"open","ping_status":"closed","template":"","meta":[],"product_brand":[678],"product_cat":[290],"product_tag":[700,292],"class_list":{"0":"post-5922","1":"product","2":"type-product","3":"status-publish","4":"has-post-thumbnail","6":"product_brand-payson","7":"product_cat-tool","8":"product_tag-keyboard-tool","9":"product_tag-tool","11":"first","12":"instock","13":"taxable","14":"shipping-taxable","15":"purchasable","16":"product-type-variable","17":"wvs-archive-product-wrapper"},"aioseo_notices":[],"ct_brands":[{"id":678,"name":"PAYSON","slug":"payson"}],"jetpack_sharing_enabled":true,"_links":{"self":[{"href":"https:\/\/halleffectkeyboard.com\/it\/wp-json\/wp\/v2\/product\/5922","targetHints":{"allow":["GET"]}}],"collection":[{"href":"https:\/\/halleffectkeyboard.com\/it\/wp-json\/wp\/v2\/product"}],"about":[{"href":"https:\/\/halleffectkeyboard.com\/it\/wp-json\/wp\/v2\/types\/product"}],"replies":[{"embeddable":true,"href":"https:\/\/halleffectkeyboard.com\/it\/wp-json\/wp\/v2\/comments?post=5922"}],"version-history":[{"count":3,"href":"https:\/\/halleffectkeyboard.com\/it\/wp-json\/wp\/v2\/product\/5922\/revisions"}],"predecessor-version":[{"id":5935,"href":"https:\/\/halleffectkeyboard.com\/it\/wp-json\/wp\/v2\/product\/5922\/revisions\/5935"}],"wp:featuredmedia":[{"embeddable":true,"href":"https:\/\/halleffectkeyboard.com\/it\/wp-json\/wp\/v2\/media\/5928"}],"wp:attachment":[{"href":"https:\/\/halleffectkeyboard.com\/it\/wp-json\/wp\/v2\/media?parent=5922"}],"wp:term":[{"taxonomy":"product_brand","embeddable":true,"href":"https:\/\/halleffectkeyboard.com\/it\/wp-json\/wp\/v2\/product_brand?post=5922"},{"taxonomy":"product_cat","embeddable":true,"href":"https:\/\/halleffectkeyboard.com\/it\/wp-json\/wp\/v2\/product_cat?post=5922"},{"taxonomy":"product_tag","embeddable":true,"href":"https:\/\/halleffectkeyboard.com\/it\/wp-json\/wp\/v2\/product_tag?post=5922"}],"curies":[{"name":"wp","href":"https:\/\/api.w.org\/{rel}","templated":true}]}}