{"id":5885,"date":"2026-05-13T15:46:27","date_gmt":"2026-05-13T07:46:27","guid":{"rendered":"https:\/\/halleffectkeyboard.com\/?post_type=product&#038;p=5885"},"modified":"2026-05-13T16:10:24","modified_gmt":"2026-05-13T08:10:24","slug":"payson-keyboard-spacebar-foam-dampener","status":"publish","type":"product","link":"https:\/\/halleffectkeyboard.com\/it\/prodotto\/ammortizzatore-in-schiuma-per-la-barra-spaziatrice-della-tastiera-payson\/","title":{"rendered":"Ammortizzatore in schiuma per barra spaziatrice della tastiera PAYSON"},"content":{"rendered":"<h1><strong>PAYSON Ammortizzatore in schiuma per barra spaziatrice della tastiera \u2013 La soluzione definitiva per eliminare il fastidioso rumore della barra spaziatrice<\/strong><\/h1>\n<p><strong>Meta descrizione:<\/strong> Migliora la tua esperienza di digitazione con l&#039;ammortizzatore in schiuma per barra spaziatrice PAYSON. Elimina i suoni vuoti e le vibrazioni dello stabilizzatore grazie alla nostra schiuma per tastiera di alta qualit\u00e0 in PORON ed EVA. Compatibile con stabilizzatori per PCB e a piastra.<br \/>\n<img loading=\"lazy\" decoding=\"async\" class=\"alignnone size-full wp-image-5898\" src=\"https:\/\/halleffectkeyboard.com\/wp-content\/uploads\/2026\/05\/5-36-scaled.jpg\" alt=\"PAYSON Keyboard Spacebar Foam Dampener\" width=\"2560\" height=\"1437\" srcset=\"https:\/\/halleffectkeyboard.com\/wp-content\/uploads\/2026\/05\/5-36-scaled.jpg 2560w, https:\/\/halleffectkeyboard.com\/wp-content\/uploads\/2026\/05\/5-36-300x168.jpg 300w, https:\/\/halleffectkeyboard.com\/wp-content\/uploads\/2026\/05\/5-36-1024x575.jpg 1024w, https:\/\/halleffectkeyboard.com\/wp-content\/uploads\/2026\/05\/5-36-768x431.jpg 768w, https:\/\/halleffectkeyboard.com\/wp-content\/uploads\/2026\/05\/5-36-1536x862.jpg 1536w, https:\/\/halleffectkeyboard.com\/wp-content\/uploads\/2026\/05\/5-36-2048x1150.jpg 2048w, https:\/\/halleffectkeyboard.com\/wp-content\/uploads\/2026\/05\/5-36-18x10.jpg 18w, https:\/\/halleffectkeyboard.com\/wp-content\/uploads\/2026\/05\/5-36-1200x674.jpg 1200w\" sizes=\"auto, (max-width: 2560px) 100vw, 2560px\" data-no-translation=\"\" \/><\/p>\n<h2><strong>Panoramica del prodotto<\/strong><\/h2>\n<p>Trasforma la tua esperienza di digitazione con <strong>Ammortizzatore in schiuma per barra spaziatrice della tastiera PAYSON<\/strong>. Se sei stanco degli echi fastidiosi, questo premium <strong>schiuma fonoassorbente per tastiera<\/strong> \u00e8 il massimo <strong>correzione del suono vuoto della tastiera<\/strong>. Progettato per agire come un sistema altamente efficace <strong>schiuma per correggere il ping della barra spaziatrice<\/strong>, elimina il suono vuoto &quot;ping&quot; e il rumore metallico della barra spaziatrice e di altri tasti grandi. Tagliato con precisione per una facile installazione, questo <strong>schiuma per tastiera meccanica<\/strong> \u00e8 compatibile con entrambi <strong>Schiuma stabilizzatrice per PCB<\/strong> configurazioni e <strong>schiuma stabilizzatrice per montaggio piastra<\/strong> configurazioni, funzionanti senza problemi con tutti i profili di tasti pi\u00f9 comuni.<br \/>\n<img loading=\"lazy\" decoding=\"async\" class=\"alignnone size-full wp-image-5899\" src=\"https:\/\/halleffectkeyboard.com\/wp-content\/uploads\/2026\/05\/6-18-scaled.jpg\" alt=\"PAYSON Keyboard Spacebar Foam Dampener\" width=\"2560\" height=\"1437\" srcset=\"https:\/\/halleffectkeyboard.com\/wp-content\/uploads\/2026\/05\/6-18-scaled.jpg 2560w, https:\/\/halleffectkeyboard.com\/wp-content\/uploads\/2026\/05\/6-18-300x168.jpg 300w, https:\/\/halleffectkeyboard.com\/wp-content\/uploads\/2026\/05\/6-18-1024x575.jpg 1024w, https:\/\/halleffectkeyboard.com\/wp-content\/uploads\/2026\/05\/6-18-768x431.jpg 768w, https:\/\/halleffectkeyboard.com\/wp-content\/uploads\/2026\/05\/6-18-1536x862.jpg 1536w, https:\/\/halleffectkeyboard.com\/wp-content\/uploads\/2026\/05\/6-18-2048x1150.jpg 2048w, https:\/\/halleffectkeyboard.com\/wp-content\/uploads\/2026\/05\/6-18-18x10.jpg 18w, https:\/\/halleffectkeyboard.com\/wp-content\/uploads\/2026\/05\/6-18-1200x674.jpg 1200w\" sizes=\"auto, (max-width: 2560px) 100vw, 2560px\" data-no-translation=\"\" \/><\/p>\n<h2><strong>Caratteristiche principali<\/strong><\/h2>\n<ul>\n<li><strong>Attenuazione istantanea del suono:<\/strong>\u00a0Agisce come un potente\u00a0<strong>smorzatore di eco della tastiera<\/strong>\u00a0E\u00a0<strong>insonorizzante per tastiera<\/strong>, eliminando echi vuoti, ticchettii delle molle e rumori dello stabilizzatore per un profilo sonoro pi\u00f9 profondo e solido.<\/li>\n<li><strong>Compatibilit\u00e0 multiprofilo:<\/strong>\u00a0Questo versatile\u00a0<strong>schiuma ammortizzante per barra spaziatrice<\/strong>\u00a0Compatibile con tastiere OEM, Cherry, SA, XDA e altre altezze con semplici intagli.<\/li>\n<li><strong>Installazione modulare semplice:<\/strong>\u00a0Il disegno pre-inciso di questo\u00a0<strong>schiuma per modificare la tastiera<\/strong>\u00a0ti permette di tagliare facilmente il\u00a0<strong>cuscino per la barra spaziatrice della tastiera<\/strong>\u00a0Adatto a qualsiasi tipo di stabilizzatore o altezza del tasto.<\/li>\n<li><strong>Materiali di alta qualit\u00e0:<\/strong>\u00a0Disponibile in versione premium\u00a0<strong>Schiuma per tastiera PORON<\/strong>\u00a0E\u00a0<strong>Schiuma EVA per tastiera<\/strong>\u00a0opzioni adatte alle vostre specifiche esigenze di isolamento acustico.<\/li>\n<li><strong>Durata eccezionale:<\/strong>\u00a0Il nostro affidabile\u00a0<strong>inserto in schiuma per tastiera<\/strong>\u00a0Mantiene la sua forma e le sue prestazioni anche dopo migliaia di pressioni dei tasti.<br \/>\n<img loading=\"lazy\" decoding=\"async\" class=\"alignnone size-full wp-image-5900\" src=\"https:\/\/halleffectkeyboard.com\/wp-content\/uploads\/2026\/05\/7-14-scaled.jpg\" alt=\"PAYSON Keyboard Spacebar Foam Dampener\" width=\"2560\" height=\"1437\" srcset=\"https:\/\/halleffectkeyboard.com\/wp-content\/uploads\/2026\/05\/7-14-scaled.jpg 2560w, https:\/\/halleffectkeyboard.com\/wp-content\/uploads\/2026\/05\/7-14-300x168.jpg 300w, https:\/\/halleffectkeyboard.com\/wp-content\/uploads\/2026\/05\/7-14-1024x575.jpg 1024w, https:\/\/halleffectkeyboard.com\/wp-content\/uploads\/2026\/05\/7-14-768x431.jpg 768w, https:\/\/halleffectkeyboard.com\/wp-content\/uploads\/2026\/05\/7-14-1536x862.jpg 1536w, https:\/\/halleffectkeyboard.com\/wp-content\/uploads\/2026\/05\/7-14-2048x1150.jpg 2048w, https:\/\/halleffectkeyboard.com\/wp-content\/uploads\/2026\/05\/7-14-18x10.jpg 18w, https:\/\/halleffectkeyboard.com\/wp-content\/uploads\/2026\/05\/7-14-1200x674.jpg 1200w\" sizes=\"auto, (max-width: 2560px) 100vw, 2560px\" data-no-translation=\"\" \/><\/li>\n<\/ul>\n<h2><strong>Guida all&#039;installazione tramite il profilo dei tasti<\/strong><\/h2>\n<p>Personalizza il tuo <strong>smorzatore di suono dei tasti<\/strong> Configurazione personalizzata in base al tuo profilo specifico per ottenere i migliori risultati:<\/p>\n<p><strong>1. Tasti OEM \/ Cherry \/ Predefiniti<\/strong><\/p>\n<ul>\n<li><strong>Livello 1:<\/strong>\u00a0Utilizzare la schiuma PORON da 2,5 mm a tutta lunghezza (copertura completa).<\/li>\n<li><strong>Livello 2:<\/strong>\u00a0Utilizzare i 2\/3 della sezione di schiuma PORON da 3,5 mm (scartare la parte centrale).<\/li>\n<li><em>Nota per gli stabilizzatori con nervature:<\/em>\u00a0La schiuma pu\u00f2 essere divisa a met\u00e0 per facilitarne l&#039;installazione.<\/li>\n<\/ul>\n<p><strong>2. Tasti con profilo SA<\/strong><\/p>\n<ul>\n<li><strong>Livello 1:<\/strong>\u00a0Utilizzare la schiuma PORON da 2,5 mm a tutta lunghezza (copertura completa).<\/li>\n<li><strong>Livello 2:<\/strong>\u00a0Utilizzare i 2\/3 della sezione di schiuma EVA da 3 mm (scartare la parte centrale).<\/li>\n<li><strong>Livello 3:<\/strong>\u00a0Utilizzare i 2\/3 della sezione di schiuma PORON da 3,5 mm (scartare la parte centrale).<\/li>\n<\/ul>\n<p><strong>3. XDA \/ Tasti a basso profilo<\/strong><\/p>\n<ul>\n<li><strong>Livello 1:<\/strong>\u00a0Utilizzare la schiuma PORON da 2,5 mm a tutta lunghezza (copertura completa).<\/li>\n<li><strong>Livello 2:<\/strong>\u00a0Utilizzare i 2\/3 della sezione di schiuma PORON da 3,5 mm (scartare la parte centrale).<\/li>\n<\/ul>\n<h3><strong>Nota importante per gli stabilizzatori montati su piastra<\/strong><\/h3>\n<p>Quando si utilizza questo <strong>cuscinetto stabilizzatore in schiuma<\/strong> con stabilizzatori montati su piastra, \u00e8 necessario rimuovere le sezioni esterne \u201c3\u201d da entrambe le estremit\u00e0 della striscia di schiuma per garantire la perfetta compatibilit\u00e0 e funzionalit\u00e0 del tuo <strong>cuscinetto stabilizzatore per tastiera<\/strong>.<br \/>\n<img loading=\"lazy\" decoding=\"async\" class=\"alignnone size-full wp-image-5894\" src=\"https:\/\/halleffectkeyboard.com\/wp-content\/uploads\/2026\/05\/1-36-scaled.jpg\" alt=\"PAYSON Keyboard Spacebar Foam Dampener\" width=\"2560\" height=\"1437\" srcset=\"https:\/\/halleffectkeyboard.com\/wp-content\/uploads\/2026\/05\/1-36-scaled.jpg 2560w, https:\/\/halleffectkeyboard.com\/wp-content\/uploads\/2026\/05\/1-36-300x168.jpg 300w, https:\/\/halleffectkeyboard.com\/wp-content\/uploads\/2026\/05\/1-36-1024x575.jpg 1024w, https:\/\/halleffectkeyboard.com\/wp-content\/uploads\/2026\/05\/1-36-768x431.jpg 768w, https:\/\/halleffectkeyboard.com\/wp-content\/uploads\/2026\/05\/1-36-1536x862.jpg 1536w, https:\/\/halleffectkeyboard.com\/wp-content\/uploads\/2026\/05\/1-36-2048x1150.jpg 2048w, https:\/\/halleffectkeyboard.com\/wp-content\/uploads\/2026\/05\/1-36-18x10.jpg 18w, https:\/\/halleffectkeyboard.com\/wp-content\/uploads\/2026\/05\/1-36-1200x674.jpg 1200w\" sizes=\"auto, (max-width: 2560px) 100vw, 2560px\" data-no-translation=\"\" \/> <img loading=\"lazy\" decoding=\"async\" class=\"alignnone size-full wp-image-5895\" src=\"https:\/\/halleffectkeyboard.com\/wp-content\/uploads\/2026\/05\/2-39-scaled.jpg\" alt=\"PAYSON Keyboard Spacebar Foam Dampener\" width=\"2560\" height=\"1437\" srcset=\"https:\/\/halleffectkeyboard.com\/wp-content\/uploads\/2026\/05\/2-39-scaled.jpg 2560w, https:\/\/halleffectkeyboard.com\/wp-content\/uploads\/2026\/05\/2-39-300x168.jpg 300w, https:\/\/halleffectkeyboard.com\/wp-content\/uploads\/2026\/05\/2-39-1024x575.jpg 1024w, https:\/\/halleffectkeyboard.com\/wp-content\/uploads\/2026\/05\/2-39-768x431.jpg 768w, https:\/\/halleffectkeyboard.com\/wp-content\/uploads\/2026\/05\/2-39-1536x862.jpg 1536w, https:\/\/halleffectkeyboard.com\/wp-content\/uploads\/2026\/05\/2-39-2048x1150.jpg 2048w, https:\/\/halleffectkeyboard.com\/wp-content\/uploads\/2026\/05\/2-39-18x10.jpg 18w, https:\/\/halleffectkeyboard.com\/wp-content\/uploads\/2026\/05\/2-39-1200x674.jpg 1200w\" sizes=\"auto, (max-width: 2560px) 100vw, 2560px\" data-no-translation=\"\" \/> <img loading=\"lazy\" decoding=\"async\" class=\"alignnone size-full wp-image-5896\" src=\"https:\/\/halleffectkeyboard.com\/wp-content\/uploads\/2026\/05\/3-39-scaled.jpg\" alt=\"PAYSON Keyboard Spacebar Foam Dampener\" width=\"2560\" height=\"1437\" srcset=\"https:\/\/halleffectkeyboard.com\/wp-content\/uploads\/2026\/05\/3-39-scaled.jpg 2560w, https:\/\/halleffectkeyboard.com\/wp-content\/uploads\/2026\/05\/3-39-300x168.jpg 300w, https:\/\/halleffectkeyboard.com\/wp-content\/uploads\/2026\/05\/3-39-1024x575.jpg 1024w, https:\/\/halleffectkeyboard.com\/wp-content\/uploads\/2026\/05\/3-39-768x431.jpg 768w, https:\/\/halleffectkeyboard.com\/wp-content\/uploads\/2026\/05\/3-39-1536x862.jpg 1536w, https:\/\/halleffectkeyboard.com\/wp-content\/uploads\/2026\/05\/3-39-2048x1150.jpg 2048w, https:\/\/halleffectkeyboard.com\/wp-content\/uploads\/2026\/05\/3-39-18x10.jpg 18w, https:\/\/halleffectkeyboard.com\/wp-content\/uploads\/2026\/05\/3-39-1200x674.jpg 1200w\" sizes=\"auto, (max-width: 2560px) 100vw, 2560px\" data-no-translation=\"\" \/> <img loading=\"lazy\" decoding=\"async\" class=\"alignnone size-full wp-image-5897\" src=\"https:\/\/halleffectkeyboard.com\/wp-content\/uploads\/2026\/05\/4-38-scaled.jpg\" alt=\"PAYSON Keyboard Spacebar Foam Dampener\" width=\"2560\" height=\"1437\" srcset=\"https:\/\/halleffectkeyboard.com\/wp-content\/uploads\/2026\/05\/4-38-scaled.jpg 2560w, https:\/\/halleffectkeyboard.com\/wp-content\/uploads\/2026\/05\/4-38-300x168.jpg 300w, https:\/\/halleffectkeyboard.com\/wp-content\/uploads\/2026\/05\/4-38-1024x575.jpg 1024w, https:\/\/halleffectkeyboard.com\/wp-content\/uploads\/2026\/05\/4-38-768x431.jpg 768w, https:\/\/halleffectkeyboard.com\/wp-content\/uploads\/2026\/05\/4-38-1536x862.jpg 1536w, https:\/\/halleffectkeyboard.com\/wp-content\/uploads\/2026\/05\/4-38-2048x1150.jpg 2048w, https:\/\/halleffectkeyboard.com\/wp-content\/uploads\/2026\/05\/4-38-18x10.jpg 18w, https:\/\/halleffectkeyboard.com\/wp-content\/uploads\/2026\/05\/4-38-1200x674.jpg 1200w\" sizes=\"auto, (max-width: 2560px) 100vw, 2560px\" data-no-translation=\"\" \/><\/p>\n<h2><strong>Come installare<\/strong><\/h2>\n<p>Raggiungere il massimo <strong>soluzione per il problema del rumore della barra spaziatrice<\/strong> in pochi minuti con questi semplici passaggi:<\/p>\n<ol>\n<li>Rimuovere il tasto spazio e, se necessario, smontare lo stabilizzatore.<\/li>\n<li>Selezionare l&#039;appropriato\u00a0<strong>schiuma per tastiera personalizzata<\/strong>\u00a0strati in base alla guida al profilo dei tasti riportata sopra.<\/li>\n<li>Tagliare o strappare la striscia di gommapiuma lungo le linee pre-incise, come indicato nella guida.<\/li>\n<li>Staccare il supporto adesivo e applicare con attenzione il\u00a0<strong>schiuma per la barra spaziatrice della tastiera<\/strong>\u00a0all&#039;interno dell&#039;alloggiamento della barra spaziatrice, allineandola con la struttura dello stabilizzatore.<\/li>\n<li>Rimontare lo stabilizzatore e riattaccare il copritasto.<\/li>\n<\/ol>\n<h2><strong>La confezione include<\/strong><\/h2>\n<ul>\n<li>Pretagliato\u00a0<strong>Ammortizzatore in schiuma per barra spaziatrice della tastiera PAYSON<\/strong>\u00a0strisce<\/li>\n<li>Guida dettagliata all&#039;installazione<\/li>\n<\/ul>","protected":false},"excerpt":{"rendered":"<ul>\n<li><strong>Materiali di prima qualit\u00e0:<\/strong>\u00a0Realizzato in schiuma PORON e EVA di alta qualit\u00e0.<\/li>\n<li><strong>Vestibilit\u00e0 universale:<\/strong>\u00a0Compatibile sia con stabilizzatori per montaggio su PCB che con stabilizzatori per montaggio su piastra.<\/li>\n<li><strong>Supporto multi-profilo:<\/strong>\u00a0Il design modulare e pre-inciso si adatta perfettamente ai tasti Cherry, OEM, SA e XDA.<\/li>\n<li><strong>Installazione semplice:<\/strong>\u00a0Applicazione adesiva per un miglioramento immediato del suono.<\/li>\n<\/ul>","protected":false},"featured_media":5891,"comment_status":"open","ping_status":"closed","template":"","meta":[],"product_brand":[678],"product_cat":[290],"product_tag":[700,292],"class_list":{"0":"post-5885","1":"product","2":"type-product","3":"status-publish","4":"has-post-thumbnail","6":"product_brand-payson","7":"product_cat-tool","8":"product_tag-keyboard-tool","9":"product_tag-tool","11":"first","12":"instock","13":"taxable","14":"shipping-taxable","15":"purchasable","16":"product-type-variable","17":"wvs-archive-product-wrapper"},"aioseo_notices":[],"ct_brands":[{"id":678,"name":"PAYSON","slug":"payson"}],"jetpack_sharing_enabled":true,"_links":{"self":[{"href":"https:\/\/halleffectkeyboard.com\/it\/wp-json\/wp\/v2\/product\/5885","targetHints":{"allow":["GET"]}}],"collection":[{"href":"https:\/\/halleffectkeyboard.com\/it\/wp-json\/wp\/v2\/product"}],"about":[{"href":"https:\/\/halleffectkeyboard.com\/it\/wp-json\/wp\/v2\/types\/product"}],"replies":[{"embeddable":true,"href":"https:\/\/halleffectkeyboard.com\/it\/wp-json\/wp\/v2\/comments?post=5885"}],"version-history":[{"count":3,"href":"https:\/\/halleffectkeyboard.com\/it\/wp-json\/wp\/v2\/product\/5885\/revisions"}],"predecessor-version":[{"id":5901,"href":"https:\/\/halleffectkeyboard.com\/it\/wp-json\/wp\/v2\/product\/5885\/revisions\/5901"}],"wp:featuredmedia":[{"embeddable":true,"href":"https:\/\/halleffectkeyboard.com\/it\/wp-json\/wp\/v2\/media\/5891"}],"wp:attachment":[{"href":"https:\/\/halleffectkeyboard.com\/it\/wp-json\/wp\/v2\/media?parent=5885"}],"wp:term":[{"taxonomy":"product_brand","embeddable":true,"href":"https:\/\/halleffectkeyboard.com\/it\/wp-json\/wp\/v2\/product_brand?post=5885"},{"taxonomy":"product_cat","embeddable":true,"href":"https:\/\/halleffectkeyboard.com\/it\/wp-json\/wp\/v2\/product_cat?post=5885"},{"taxonomy":"product_tag","embeddable":true,"href":"https:\/\/halleffectkeyboard.com\/it\/wp-json\/wp\/v2\/product_tag?post=5885"}],"curies":[{"name":"wp","href":"https:\/\/api.w.org\/{rel}","templated":true}]}}