{"id":5822,"date":"2026-05-13T10:55:07","date_gmt":"2026-05-13T02:55:07","guid":{"rendered":"https:\/\/halleffectkeyboard.com\/?post_type=product&#038;p=5822"},"modified":"2026-05-13T11:08:19","modified_gmt":"2026-05-13T03:08:19","slug":"payson-mouse-carrying-case","status":"publish","type":"product","link":"https:\/\/halleffectkeyboard.com\/it\/prodotto\/custodia-per-mouse-payson\/","title":{"rendered":"Custodia per mouse PAYSON"},"content":{"rendered":"<h1><strong>Custodia per mouse PAYSON \u2013 Custodia rigida in EVA di alta qualit\u00e0 per il trasporto del mouse<\/strong><\/h1>\n<p>Cerchi la protezione definitiva per il tuo mouse preferito? <strong>Custodia per mouse PAYSON<\/strong> \u00e8 progettato per mantenere il tuo dispositivo al sicuro, protetto e organizzato ovunque tu vada. Sia che tu abbia bisogno di un affidabile <strong>custodia per mouse wireless<\/strong> per l&#039;ufficio o per un ambiente robusto <strong>custodia per mouse da gioco<\/strong> per il tuo prossimo torneo, questo premium <strong>Custodia per mouse in EVA<\/strong> Offre durata e portabilit\u00e0 imbattibili.<\/p>\n<p><img loading=\"lazy\" decoding=\"async\" class=\"alignnone size-full wp-image-5831\" src=\"https:\/\/halleffectkeyboard.com\/wp-content\/uploads\/2026\/05\/1-33-scaled.jpg\" alt=\"PAYSON Mouse Carrying Case\" width=\"2560\" height=\"1437\" srcset=\"https:\/\/halleffectkeyboard.com\/wp-content\/uploads\/2026\/05\/1-33-scaled.jpg 2560w, https:\/\/halleffectkeyboard.com\/wp-content\/uploads\/2026\/05\/1-33-300x168.jpg 300w, https:\/\/halleffectkeyboard.com\/wp-content\/uploads\/2026\/05\/1-33-1024x575.jpg 1024w, https:\/\/halleffectkeyboard.com\/wp-content\/uploads\/2026\/05\/1-33-768x431.jpg 768w, https:\/\/halleffectkeyboard.com\/wp-content\/uploads\/2026\/05\/1-33-1536x862.jpg 1536w, https:\/\/halleffectkeyboard.com\/wp-content\/uploads\/2026\/05\/1-33-2048x1150.jpg 2048w, https:\/\/halleffectkeyboard.com\/wp-content\/uploads\/2026\/05\/1-33-18x10.jpg 18w, https:\/\/halleffectkeyboard.com\/wp-content\/uploads\/2026\/05\/1-33-1200x674.jpg 1200w\" sizes=\"auto, (max-width: 2560px) 100vw, 2560px\" data-no-translation=\"\" \/><\/p>\n<h2><strong>Massima protezione con la nostra custodia rigida per mouse.<\/strong><\/h2>\n<p>Realizzato con EVA di alta qualit\u00e0 con durezza 75\u00b0 e tessuto Oxford di prima qualit\u00e0, questo <strong>custodia rigida per mouse<\/strong> offre una protezione superiore contro l&#039;usura quotidiana. La costruzione spessa ~5 mm lo rende altamente <strong>custodia per mouse antiurto<\/strong>, assorbendo gli urti e prevenendo lo schiacciamento durante il trasporto.<\/p>\n<p>L&#039;interno morbido funge da <strong>custodia per mouse antigraffio<\/strong> rivestimento, garantendo che la finitura del dispositivo rimanga impeccabile. Inoltre, il <strong>custodia per mouse resistente all&#039;acqua<\/strong> l&#039;esterno respinge gli schizzi e la pioggia leggera, rendendo questo <strong>Borsa per mouse in tessuto Oxford<\/strong> Perfetto per le condizioni meteorologiche imprevedibili o per le fuoriuscite accidentali di caff\u00e8 sulla scrivania.<br \/>\n<img loading=\"lazy\" decoding=\"async\" class=\"alignnone size-full wp-image-5832\" src=\"https:\/\/halleffectkeyboard.com\/wp-content\/uploads\/2026\/05\/2-35-scaled.jpg\" alt=\"PAYSON Mouse Carrying Case\" width=\"2560\" height=\"1437\" srcset=\"https:\/\/halleffectkeyboard.com\/wp-content\/uploads\/2026\/05\/2-35-scaled.jpg 2560w, https:\/\/halleffectkeyboard.com\/wp-content\/uploads\/2026\/05\/2-35-300x168.jpg 300w, https:\/\/halleffectkeyboard.com\/wp-content\/uploads\/2026\/05\/2-35-1024x575.jpg 1024w, https:\/\/halleffectkeyboard.com\/wp-content\/uploads\/2026\/05\/2-35-768x431.jpg 768w, https:\/\/halleffectkeyboard.com\/wp-content\/uploads\/2026\/05\/2-35-1536x862.jpg 1536w, https:\/\/halleffectkeyboard.com\/wp-content\/uploads\/2026\/05\/2-35-2048x1150.jpg 2048w, https:\/\/halleffectkeyboard.com\/wp-content\/uploads\/2026\/05\/2-35-18x10.jpg 18w, https:\/\/halleffectkeyboard.com\/wp-content\/uploads\/2026\/05\/2-35-1200x674.jpg 1200w\" sizes=\"auto, (max-width: 2560px) 100vw, 2560px\" data-no-translation=\"\" \/><\/p>\n<h2><strong>Caratteristiche principali della borsa porta-mouse PAYSON<\/strong><\/h2>\n<ul>\n<li><strong>Resistente agli urti e alla pressione:<\/strong>\u00a0Il rigido\u00a0<strong>custodia rigida per mouse<\/strong>\u00a0protegge da urti, cadute e forti pressioni, fungendo da un altamente\u00a0<strong>custodia per mouse resistente<\/strong>\u00a0per l&#039;uso quotidiano.<\/li>\n<li><strong>Esterno idrorepellente:<\/strong>\u00a0Mantieni la tua attrezzatura asciutta e al sicuro con questo contenitore a prova di schizzi\u00a0<strong>custodia protettiva per mouse<\/strong>.<\/li>\n<li><strong>Cinturino elastico di sicurezza:<\/strong>\u00a0Il cinturino elastico integrato tiene saldamente in posizione il mouse, rendendolo un eccellente\u00a0<strong>custodia organizer per mouse<\/strong>\u00a0che previene movimenti interni e danni.<\/li>\n<li><strong>Compatto e portatile:<\/strong>\u00a0Questo\u00a0<strong>custodia compatta per mouse<\/strong>\u00a0Presenta un design leggero e sottile che si infila facilmente in zaini, borse per laptop o tasche. \u00c8 l&#039;ideale\u00a0<strong>custodia per mouse portatile<\/strong>\u00a0E\u00a0<strong>marsupio per il trasporto del topo<\/strong>\u00a0Per professionisti sempre in movimento e giocatori.<\/li>\n<li><strong>Compatibilit\u00e0 universale:<\/strong>\u00a0Progettato come un\u00a0<strong>custodia universale per mouse<\/strong>, Si adatta perfettamente alla maggior parte dei mouse wireless e da gioco standard.<br \/>\n<img loading=\"lazy\" decoding=\"async\" class=\"alignnone size-full wp-image-5833\" src=\"https:\/\/halleffectkeyboard.com\/wp-content\/uploads\/2026\/05\/3-36-scaled.jpg\" alt=\"PAYSON Mouse Carrying Case\" width=\"2560\" height=\"1437\" srcset=\"https:\/\/halleffectkeyboard.com\/wp-content\/uploads\/2026\/05\/3-36-scaled.jpg 2560w, https:\/\/halleffectkeyboard.com\/wp-content\/uploads\/2026\/05\/3-36-300x168.jpg 300w, https:\/\/halleffectkeyboard.com\/wp-content\/uploads\/2026\/05\/3-36-1024x575.jpg 1024w, https:\/\/halleffectkeyboard.com\/wp-content\/uploads\/2026\/05\/3-36-768x431.jpg 768w, https:\/\/halleffectkeyboard.com\/wp-content\/uploads\/2026\/05\/3-36-1536x862.jpg 1536w, https:\/\/halleffectkeyboard.com\/wp-content\/uploads\/2026\/05\/3-36-2048x1150.jpg 2048w, https:\/\/halleffectkeyboard.com\/wp-content\/uploads\/2026\/05\/3-36-18x10.jpg 18w, https:\/\/halleffectkeyboard.com\/wp-content\/uploads\/2026\/05\/3-36-1200x674.jpg 1200w\" sizes=\"auto, (max-width: 2560px) 100vw, 2560px\" data-no-translation=\"\" \/><\/li>\n<\/ul>\n<h2><strong>Specifiche del prodotto<\/strong><\/h2>\n<table>\n<thead>\n<tr>\n<th>Caratteristica<\/th>\n<th>Dettagli<\/th>\n<\/tr>\n<\/thead>\n<tbody>\n<tr>\n<td><strong>Nome del prodotto<\/strong><\/td>\n<td>PAYSON\u00a0<strong>Custodia per mouse<\/strong><\/td>\n<\/tr>\n<tr>\n<td><strong>Materiale<\/strong><\/td>\n<td>EVA con durezza 75\u00b0 + tessuto Oxford<\/td>\n<\/tr>\n<tr>\n<td><strong>Spessore<\/strong><\/td>\n<td>~5 mm<\/td>\n<\/tr>\n<tr>\n<td><strong>Metodo di fissaggio<\/strong><\/td>\n<td>Cinghia elastica di sicurezza<\/td>\n<\/tr>\n<tr>\n<td><strong>Resistenza all&#039;acqua<\/strong><\/td>\n<td>Idrorepellente \/ Resistente agli schizzi<\/td>\n<\/tr>\n<tr>\n<td><strong>Compatibilit\u00e0<\/strong><\/td>\n<td>La maggior parte dei mouse wireless\/da gioco standard (funziona perfettamente come un\u00a0<strong>custodia rigida per mouse<\/strong>)<\/td>\n<\/tr>\n<\/tbody>\n<\/table>\n<p><img loading=\"lazy\" decoding=\"async\" class=\"alignnone size-full wp-image-5834\" src=\"https:\/\/halleffectkeyboard.com\/wp-content\/uploads\/2026\/05\/4-35-scaled.jpg\" alt=\"PAYSON Mouse Carrying Case\" width=\"2560\" height=\"1437\" srcset=\"https:\/\/halleffectkeyboard.com\/wp-content\/uploads\/2026\/05\/4-35-scaled.jpg 2560w, https:\/\/halleffectkeyboard.com\/wp-content\/uploads\/2026\/05\/4-35-300x168.jpg 300w, https:\/\/halleffectkeyboard.com\/wp-content\/uploads\/2026\/05\/4-35-1024x575.jpg 1024w, https:\/\/halleffectkeyboard.com\/wp-content\/uploads\/2026\/05\/4-35-768x431.jpg 768w, https:\/\/halleffectkeyboard.com\/wp-content\/uploads\/2026\/05\/4-35-1536x862.jpg 1536w, https:\/\/halleffectkeyboard.com\/wp-content\/uploads\/2026\/05\/4-35-2048x1150.jpg 2048w, https:\/\/halleffectkeyboard.com\/wp-content\/uploads\/2026\/05\/4-35-18x10.jpg 18w, https:\/\/halleffectkeyboard.com\/wp-content\/uploads\/2026\/05\/4-35-1200x674.jpg 1200w\" sizes=\"auto, (max-width: 2560px) 100vw, 2560px\" data-no-translation=\"\" \/><\/p>\n<h2><strong>La custodia da viaggio perfetta per il mouse, adatta a ogni configurazione.<\/strong><\/h2>\n<p>Che tu stia andando al lavoro, viaggiando attraverso il paese o semplicemente organizzando il tuo spazio di lavoro, <strong>Custodia per mouse PAYSON<\/strong> \u00e8 la soluzione definitiva. \u00c8 pi\u00f9 di un semplice standard <strong>custodia per mouse<\/strong>\u2014\u00c8 la tranquillit\u00e0 di sapere che i tuoi preziosi accessori tecnologici sono al sicuro.<\/p>\n<p><strong>Note importanti:<\/strong><\/p>\n<ul>\n<li><em>Questo prodotto include solo il\u00a0<strong>Custodia per mouse in EVA<\/strong>; Il mouse e gli altri accessori mostrati in images non sono inclusi.<\/em><\/li>\n<li><em>Si prega di controllare le dimensioni del mouse per assicurarsi della compatibilit\u00e0 con questo\u00a0<strong>borsa porta mouse<\/strong>\u00a0prima dell&#039;acquisto.<br \/>\n<img loading=\"lazy\" decoding=\"async\" class=\"alignnone size-full wp-image-5835\" src=\"https:\/\/halleffectkeyboard.com\/wp-content\/uploads\/2026\/05\/5-33-scaled.jpg\" alt=\"PAYSON Mouse Carrying Case\" width=\"2560\" height=\"1437\" srcset=\"https:\/\/halleffectkeyboard.com\/wp-content\/uploads\/2026\/05\/5-33-scaled.jpg 2560w, https:\/\/halleffectkeyboard.com\/wp-content\/uploads\/2026\/05\/5-33-300x168.jpg 300w, https:\/\/halleffectkeyboard.com\/wp-content\/uploads\/2026\/05\/5-33-1024x575.jpg 1024w, https:\/\/halleffectkeyboard.com\/wp-content\/uploads\/2026\/05\/5-33-768x431.jpg 768w, https:\/\/halleffectkeyboard.com\/wp-content\/uploads\/2026\/05\/5-33-1536x862.jpg 1536w, https:\/\/halleffectkeyboard.com\/wp-content\/uploads\/2026\/05\/5-33-2048x1150.jpg 2048w, https:\/\/halleffectkeyboard.com\/wp-content\/uploads\/2026\/05\/5-33-18x10.jpg 18w, https:\/\/halleffectkeyboard.com\/wp-content\/uploads\/2026\/05\/5-33-1200x674.jpg 1200w\" sizes=\"auto, (max-width: 2560px) 100vw, 2560px\" data-no-translation=\"\" \/> <img loading=\"lazy\" decoding=\"async\" class=\"alignnone size-full wp-image-5836\" src=\"https:\/\/halleffectkeyboard.com\/wp-content\/uploads\/2026\/05\/6-16-scaled.jpg\" alt=\"PAYSON Mouse Carrying Case\" width=\"2560\" height=\"1437\" srcset=\"https:\/\/halleffectkeyboard.com\/wp-content\/uploads\/2026\/05\/6-16-scaled.jpg 2560w, https:\/\/halleffectkeyboard.com\/wp-content\/uploads\/2026\/05\/6-16-300x168.jpg 300w, https:\/\/halleffectkeyboard.com\/wp-content\/uploads\/2026\/05\/6-16-1024x575.jpg 1024w, https:\/\/halleffectkeyboard.com\/wp-content\/uploads\/2026\/05\/6-16-768x431.jpg 768w, https:\/\/halleffectkeyboard.com\/wp-content\/uploads\/2026\/05\/6-16-1536x862.jpg 1536w, https:\/\/halleffectkeyboard.com\/wp-content\/uploads\/2026\/05\/6-16-2048x1150.jpg 2048w, https:\/\/halleffectkeyboard.com\/wp-content\/uploads\/2026\/05\/6-16-18x10.jpg 18w, https:\/\/halleffectkeyboard.com\/wp-content\/uploads\/2026\/05\/6-16-1200x674.jpg 1200w\" sizes=\"auto, (max-width: 2560px) 100vw, 2560px\" data-no-translation=\"\" \/><br \/>\n<\/em><\/li>\n<\/ul>","protected":false},"excerpt":{"rendered":"<ul>\n<li><strong>Protezione Premium:<\/strong>\u00a0Il guscio in EVA antiurto e il tessuto Oxford resistente all&#039;acqua proteggono da cadute e schizzi.<\/li>\n<li><strong>Vestibilit\u00e0 sicura:<\/strong>\u00a0Un cinturino elastico integrato impedisce movimenti indesiderati e graffi interni.<\/li>\n<li><strong>Pronto per il viaggio:<\/strong>\u00a0Il design leggero e sottile si adatta facilmente a qualsiasi zaino o borsa per laptop.<\/li>\n<li><strong>Progettazione universale:<\/strong> Compatibile con la maggior parte dei mouse wireless e da gioco standard.<\/li>\n<\/ul>","protected":false},"featured_media":5829,"comment_status":"open","ping_status":"closed","template":"","meta":[],"product_brand":[678],"product_cat":[290],"product_tag":[687,292],"class_list":{"0":"post-5822","1":"product","2":"type-product","3":"status-publish","4":"has-post-thumbnail","6":"product_brand-payson","7":"product_cat-tool","8":"product_tag-mouse-carrying-cas","9":"product_tag-tool","11":"first","12":"instock","13":"taxable","14":"shipping-taxable","15":"purchasable","16":"product-type-variable","17":"wvs-archive-product-wrapper"},"aioseo_notices":[],"ct_brands":[{"id":678,"name":"PAYSON","slug":"payson"}],"jetpack_sharing_enabled":true,"_links":{"self":[{"href":"https:\/\/halleffectkeyboard.com\/it\/wp-json\/wp\/v2\/product\/5822","targetHints":{"allow":["GET"]}}],"collection":[{"href":"https:\/\/halleffectkeyboard.com\/it\/wp-json\/wp\/v2\/product"}],"about":[{"href":"https:\/\/halleffectkeyboard.com\/it\/wp-json\/wp\/v2\/types\/product"}],"replies":[{"embeddable":true,"href":"https:\/\/halleffectkeyboard.com\/it\/wp-json\/wp\/v2\/comments?post=5822"}],"version-history":[{"count":3,"href":"https:\/\/halleffectkeyboard.com\/it\/wp-json\/wp\/v2\/product\/5822\/revisions"}],"predecessor-version":[{"id":5837,"href":"https:\/\/halleffectkeyboard.com\/it\/wp-json\/wp\/v2\/product\/5822\/revisions\/5837"}],"wp:featuredmedia":[{"embeddable":true,"href":"https:\/\/halleffectkeyboard.com\/it\/wp-json\/wp\/v2\/media\/5829"}],"wp:attachment":[{"href":"https:\/\/halleffectkeyboard.com\/it\/wp-json\/wp\/v2\/media?parent=5822"}],"wp:term":[{"taxonomy":"product_brand","embeddable":true,"href":"https:\/\/halleffectkeyboard.com\/it\/wp-json\/wp\/v2\/product_brand?post=5822"},{"taxonomy":"product_cat","embeddable":true,"href":"https:\/\/halleffectkeyboard.com\/it\/wp-json\/wp\/v2\/product_cat?post=5822"},{"taxonomy":"product_tag","embeddable":true,"href":"https:\/\/halleffectkeyboard.com\/it\/wp-json\/wp\/v2\/product_tag?post=5822"}],"curies":[{"name":"wp","href":"https:\/\/api.w.org\/{rel}","templated":true}]}}