{"id":5614,"date":"2026-05-11T13:51:38","date_gmt":"2026-05-11T05:51:38","guid":{"rendered":"https:\/\/halleffectkeyboard.com\/?post_type=product&#038;p=5614"},"modified":"2026-05-11T15:52:55","modified_gmt":"2026-05-11T07:52:55","slug":"aula-mini60-he-pro-hall-effect-keyboard","status":"publish","type":"product","link":"https:\/\/halleffectkeyboard.com\/it\/prodotto\/tastiera-aula-mini60-he-pro-con-effetto-hall\/","title":{"rendered":"Tastiera con effetto Hall AULA Mini60 HE PRO"},"content":{"rendered":"<h1>Tastiera AULA Mini60 HE PRO con effetto Hall: la tastiera da gioco definitiva con trigger rapido 60%.<br \/>\n<img loading=\"lazy\" decoding=\"async\" class=\"alignnone size-full wp-image-5654\" src=\"https:\/\/halleffectkeyboard.com\/wp-content\/uploads\/2026\/05\/7-10-scaled.jpg\" alt=\"AULA Mini60 HE PRO Hall Effect Keyboard\" width=\"2560\" height=\"1437\" srcset=\"https:\/\/halleffectkeyboard.com\/wp-content\/uploads\/2026\/05\/7-10-scaled.jpg 2560w, https:\/\/halleffectkeyboard.com\/wp-content\/uploads\/2026\/05\/7-10-300x168.jpg 300w, https:\/\/halleffectkeyboard.com\/wp-content\/uploads\/2026\/05\/7-10-1024x575.jpg 1024w, https:\/\/halleffectkeyboard.com\/wp-content\/uploads\/2026\/05\/7-10-768x431.jpg 768w, https:\/\/halleffectkeyboard.com\/wp-content\/uploads\/2026\/05\/7-10-1536x862.jpg 1536w, https:\/\/halleffectkeyboard.com\/wp-content\/uploads\/2026\/05\/7-10-2048x1150.jpg 2048w, https:\/\/halleffectkeyboard.com\/wp-content\/uploads\/2026\/05\/7-10-18x10.jpg 18w, https:\/\/halleffectkeyboard.com\/wp-content\/uploads\/2026\/05\/7-10-1200x674.jpg 1200w\" sizes=\"auto, (max-width: 2560px) 100vw, 2560px\" data-no-translation=\"\" \/><\/h1>\n<p><strong>Panoramica del prodotto<\/strong> Scopri l&#039;apice del gaming competitivo con il <strong>AULA Mini60 HE PRO<\/strong>, un premio <strong>tastiera con effetto Hall<\/strong> progettato per i professionisti degli eSport e gli appassionati di tastiere meccaniche. Come top-tier <strong>60 tastiere<\/strong>, combina perfettamente la tecnologia di commutazione magnetica all&#039;avanguardia con un design salvaspazio. Sia che tu stia cercando il massimo <strong>Tastiera da gioco FPS<\/strong>, altamente reattivo <strong>Tastiera Valorant<\/strong>, o un fulmine <strong>tastiera osu!<\/strong>, l&#039;AULA Mini60 HE PRO offre precisione e velocit\u00e0 ineguagliabili per tutte le tue <strong>tastiera per giochi veloci<\/strong> esigenze.<br \/>\n<img loading=\"lazy\" decoding=\"async\" class=\"alignnone size-full wp-image-5648\" src=\"https:\/\/halleffectkeyboard.com\/wp-content\/uploads\/2026\/05\/1-22-scaled.jpg\" alt=\"AULA Mini60 HE PRO Hall Effect Keyboard\" width=\"2560\" height=\"1437\" srcset=\"https:\/\/halleffectkeyboard.com\/wp-content\/uploads\/2026\/05\/1-22-scaled.jpg 2560w, https:\/\/halleffectkeyboard.com\/wp-content\/uploads\/2026\/05\/1-22-300x168.jpg 300w, https:\/\/halleffectkeyboard.com\/wp-content\/uploads\/2026\/05\/1-22-1024x575.jpg 1024w, https:\/\/halleffectkeyboard.com\/wp-content\/uploads\/2026\/05\/1-22-768x431.jpg 768w, https:\/\/halleffectkeyboard.com\/wp-content\/uploads\/2026\/05\/1-22-1536x862.jpg 1536w, https:\/\/halleffectkeyboard.com\/wp-content\/uploads\/2026\/05\/1-22-2048x1150.jpg 2048w, https:\/\/halleffectkeyboard.com\/wp-content\/uploads\/2026\/05\/1-22-18x10.jpg 18w, https:\/\/halleffectkeyboard.com\/wp-content\/uploads\/2026\/05\/1-22-1200x674.jpg 1200w\" sizes=\"auto, (max-width: 2560px) 100vw, 2560px\" data-no-translation=\"\" \/><\/p>\n<h3><strong>Caratteristiche principali<\/strong><\/h3>\n<p><strong>Interruttori a effetto Hall di nuova generazione e sensibilit\u00e0 RT di 0,01 mm<\/strong> Entra nel futuro del gaming con tecnologie avanzate <strong>interruttori ad effetto Hall<\/strong>. Come un vero <strong>Tastiera a grilletto rapido \/ Tastiera RT<\/strong>, il Mini60 HE PRO consente un controllo granulare dell&#039;attuazione tramite il suo driver web. Questo <strong>tastiera con punto di attuazione regolabile<\/strong> ti consente di personalizzare i punti di attivazione, da un fulmineo 0,1 mm per i tiratori a un preciso 3,4 mm per la digitazione. Sperimenta il massimo <strong>Tastiera con interruttori magnetici<\/strong> che si adatta perfettamente sia agli eSport pi\u00f9 intensi che alla produttivit\u00e0 quotidiana.<\/p>\n<p><img loading=\"lazy\" decoding=\"async\" class=\"alignnone size-full wp-image-5649\" src=\"https:\/\/halleffectkeyboard.com\/wp-content\/uploads\/2026\/05\/2-23-scaled.jpg\" alt=\"AULA Mini60 HE PRO Hall Effect Keyboard\" width=\"2560\" height=\"1437\" srcset=\"https:\/\/halleffectkeyboard.com\/wp-content\/uploads\/2026\/05\/2-23-scaled.jpg 2560w, https:\/\/halleffectkeyboard.com\/wp-content\/uploads\/2026\/05\/2-23-300x168.jpg 300w, https:\/\/halleffectkeyboard.com\/wp-content\/uploads\/2026\/05\/2-23-1024x575.jpg 1024w, https:\/\/halleffectkeyboard.com\/wp-content\/uploads\/2026\/05\/2-23-768x431.jpg 768w, https:\/\/halleffectkeyboard.com\/wp-content\/uploads\/2026\/05\/2-23-1536x862.jpg 1536w, https:\/\/halleffectkeyboard.com\/wp-content\/uploads\/2026\/05\/2-23-2048x1150.jpg 2048w, https:\/\/halleffectkeyboard.com\/wp-content\/uploads\/2026\/05\/2-23-18x10.jpg 18w, https:\/\/halleffectkeyboard.com\/wp-content\/uploads\/2026\/05\/2-23-1200x674.jpg 1200w\" sizes=\"auto, (max-width: 2560px) 100vw, 2560px\" data-no-translation=\"\" \/><\/p>\n<p><strong>Frequenza di polling incredibilmente rapida di 8000 Hz e frequenza di scansione di 128 kHz<\/strong> Migliora la tua esperienza di gioco con un sistema ultra-reattivo <strong>Frequenza di polling di 8000 Hz<\/strong>. Questo avanzato <strong>tastiera magnetica<\/strong> garantisce latenza zero e aggiornamenti fulminei ad ogni pressione di un tasto. Abbinato a una frequenza di scansione di 128 kHz, \u00e8 l&#039;ideale <strong>Tastiera per giochi ritmici<\/strong> dove ogni millisecondo conta, garantendo che ogni comando rapido venga catturato all&#039;istante.<br \/>\n<img loading=\"lazy\" decoding=\"async\" class=\"alignnone size-full wp-image-5653\" src=\"https:\/\/halleffectkeyboard.com\/wp-content\/uploads\/2026\/05\/6-11-scaled.jpg\" alt=\"AULA Mini60 HE PRO Hall Effect Keyboard\" width=\"2560\" height=\"1437\" srcset=\"https:\/\/halleffectkeyboard.com\/wp-content\/uploads\/2026\/05\/6-11-scaled.jpg 2560w, https:\/\/halleffectkeyboard.com\/wp-content\/uploads\/2026\/05\/6-11-300x168.jpg 300w, https:\/\/halleffectkeyboard.com\/wp-content\/uploads\/2026\/05\/6-11-1024x575.jpg 1024w, https:\/\/halleffectkeyboard.com\/wp-content\/uploads\/2026\/05\/6-11-768x431.jpg 768w, https:\/\/halleffectkeyboard.com\/wp-content\/uploads\/2026\/05\/6-11-1536x862.jpg 1536w, https:\/\/halleffectkeyboard.com\/wp-content\/uploads\/2026\/05\/6-11-2048x1150.jpg 2048w, https:\/\/halleffectkeyboard.com\/wp-content\/uploads\/2026\/05\/6-11-18x10.jpg 18w, https:\/\/halleffectkeyboard.com\/wp-content\/uploads\/2026\/05\/6-11-1200x674.jpg 1200w\" sizes=\"auto, (max-width: 2560px) 100vw, 2560px\" data-no-translation=\"\" \/><\/p>\n<p><strong>Layout compatto della tastiera 60% per la massima efficienza<\/strong> Massimizza lo spazio sulla tua scrivania con questo elegante <strong>Tastiera da gioco 60<\/strong>. Il minimalista <strong>layout di tastiera al 60%<\/strong> elimina i tasti non necessari per dare al mouse pi\u00f9 spazio per scorrere, rendendolo perfetto per i giocatori con bassa sensibilit\u00e0. Nonostante le sue dimensioni, mantiene la piena funzionalit\u00e0: puoi facilmente personalizzare le macro o rimappare i tasti. <strong>tasto home predefinito per tastiera a 60 bit<\/strong> configurazioni tramite il software intuitivo. Tra tutti <strong>60 tastiere<\/strong> sul mercato, questo <strong>Layout di tastiera 60<\/strong> Si distingue per i supporti ergonomici a 2 livelli che garantiscono il massimo comfort anche durante le sessioni di gioco pi\u00f9 lunghe.<br \/>\n<img loading=\"lazy\" decoding=\"async\" class=\"alignnone size-full wp-image-5651\" src=\"https:\/\/halleffectkeyboard.com\/wp-content\/uploads\/2026\/05\/4-23-scaled.jpg\" alt=\"AULA Mini60 HE PRO Hall Effect Keyboard\" width=\"2560\" height=\"1437\" srcset=\"https:\/\/halleffectkeyboard.com\/wp-content\/uploads\/2026\/05\/4-23-scaled.jpg 2560w, https:\/\/halleffectkeyboard.com\/wp-content\/uploads\/2026\/05\/4-23-300x168.jpg 300w, https:\/\/halleffectkeyboard.com\/wp-content\/uploads\/2026\/05\/4-23-1024x575.jpg 1024w, https:\/\/halleffectkeyboard.com\/wp-content\/uploads\/2026\/05\/4-23-768x431.jpg 768w, https:\/\/halleffectkeyboard.com\/wp-content\/uploads\/2026\/05\/4-23-1536x862.jpg 1536w, https:\/\/halleffectkeyboard.com\/wp-content\/uploads\/2026\/05\/4-23-2048x1150.jpg 2048w, https:\/\/halleffectkeyboard.com\/wp-content\/uploads\/2026\/05\/4-23-18x10.jpg 18w, https:\/\/halleffectkeyboard.com\/wp-content\/uploads\/2026\/05\/4-23-1200x674.jpg 1200w\" sizes=\"auto, (max-width: 2560px) 100vw, 2560px\" data-no-translation=\"\" \/><\/p>\n<p><strong>Tecnologia wireless trimodale e padronanza multipiattaforma<\/strong> L&#039;AULA Mini60 HE PRO \u00e8 un dispositivo estremamente versatile <strong>Tastiera da gioco compatibile con Mac e Windows<\/strong>. \u00c8 dotato di connettivit\u00e0 trimodale senza interruzioni: Bluetooth, wireless a bassa latenza a 2,4 GHz e connessione cablata USB-C. Grazie alla robusta batteria da 4000 mAh, puoi passare senza problemi dal PC al Mac o al tablet senza preoccuparti di ricariche frequenti.<br \/>\n<img loading=\"lazy\" decoding=\"async\" class=\"alignnone size-full wp-image-5650\" src=\"https:\/\/halleffectkeyboard.com\/wp-content\/uploads\/2026\/05\/3-24-scaled.jpg\" alt=\"AULA Mini60 HE PRO Hall Effect Keyboard\" width=\"2560\" height=\"1437\" srcset=\"https:\/\/halleffectkeyboard.com\/wp-content\/uploads\/2026\/05\/3-24-scaled.jpg 2560w, https:\/\/halleffectkeyboard.com\/wp-content\/uploads\/2026\/05\/3-24-300x168.jpg 300w, https:\/\/halleffectkeyboard.com\/wp-content\/uploads\/2026\/05\/3-24-1024x575.jpg 1024w, https:\/\/halleffectkeyboard.com\/wp-content\/uploads\/2026\/05\/3-24-768x431.jpg 768w, https:\/\/halleffectkeyboard.com\/wp-content\/uploads\/2026\/05\/3-24-1536x862.jpg 1536w, https:\/\/halleffectkeyboard.com\/wp-content\/uploads\/2026\/05\/3-24-2048x1150.jpg 2048w, https:\/\/halleffectkeyboard.com\/wp-content\/uploads\/2026\/05\/3-24-18x10.jpg 18w, https:\/\/halleffectkeyboard.com\/wp-content\/uploads\/2026\/05\/3-24-1200x674.jpg 1200w\" sizes=\"auto, (max-width: 2560px) 100vw, 2560px\" data-no-translation=\"\" \/><\/p>\n<p><strong>Splendido retroilluminazione RGB e tasti con profilo Cherry<\/strong> Illumina la tua postazione di gioco con una retroilluminazione RGB vibrante e personalizzabile. <strong>Tastiera personalizzata<\/strong> funzionalit\u00e0 premium <strong>Tasti in PBT con profilo Cherry e stampa laterale<\/strong> che permettono alla luce RGB di brillare splendidamente, anche in condizioni di scarsa illuminazione. Scegli tra una vasta gamma di effetti luminosi dinamici per creare un&#039;atmosfera di gioco coinvolgente.<\/p>\n<p><strong>Driver Web programmabile per il massimo controllo<\/strong> Sblocca tutto il potenziale del tuo <strong>Tastiera al 60%<\/strong> con il driver web programmabile. Implementa Mod Tap o Dynamic Keystroke per assegnare pi\u00f9 funzioni a un singolo tasto in base alla pressione, alla pressione prolungata o alla profondit\u00e0 della pressione, consentendo attivazioni di comandi complesse pur mantenendo il pieno controllo dei tasti di movimento.<br \/>\n<img loading=\"lazy\" decoding=\"async\" class=\"alignnone size-full wp-image-5652\" src=\"https:\/\/halleffectkeyboard.com\/wp-content\/uploads\/2026\/05\/5-25-scaled.jpg\" alt=\"AULA Mini60 HE PRO Hall Effect Keyboard\" width=\"2560\" height=\"1437\" srcset=\"https:\/\/halleffectkeyboard.com\/wp-content\/uploads\/2026\/05\/5-25-scaled.jpg 2560w, https:\/\/halleffectkeyboard.com\/wp-content\/uploads\/2026\/05\/5-25-300x168.jpg 300w, https:\/\/halleffectkeyboard.com\/wp-content\/uploads\/2026\/05\/5-25-1024x575.jpg 1024w, https:\/\/halleffectkeyboard.com\/wp-content\/uploads\/2026\/05\/5-25-768x431.jpg 768w, https:\/\/halleffectkeyboard.com\/wp-content\/uploads\/2026\/05\/5-25-1536x862.jpg 1536w, https:\/\/halleffectkeyboard.com\/wp-content\/uploads\/2026\/05\/5-25-2048x1150.jpg 2048w, https:\/\/halleffectkeyboard.com\/wp-content\/uploads\/2026\/05\/5-25-18x10.jpg 18w, https:\/\/halleffectkeyboard.com\/wp-content\/uploads\/2026\/05\/5-25-1200x674.jpg 1200w\" sizes=\"auto, (max-width: 2560px) 100vw, 2560px\" data-no-translation=\"\" \/><\/p>\n<hr \/>\n<h3><strong>Versione MAX: l&#039;aggiornamento Premium<\/strong><\/h3>\n<p>Per gli appassionati del fai-da-te e i suonatori di tastiere personalizzate, il <strong>Versione AULA Mini60 HE PRO MAX<\/strong> porta la qualit\u00e0 costruttiva a un livello superiore. Questo aggiornamento <strong>Tastiera magnetica a montaggio superiore<\/strong> L&#039;accessorio \u00e8 ottimizzato in termini di materiale, struttura e compatibilit\u00e0.<\/p>\n<ul>\n<li><strong>Materiali di prima qualit\u00e0 e lavorazione artigianale:<\/strong>\u00a0Caratterizzata da una piastra ad alta densit\u00e0 e durezza, realizzata con un processo di stampaggio integrato CNC. La superficie resistente all&#039;usura e ai graffi impedisce l&#039;ingiallimento nel tempo, mentre i bordi lisci e arrotondati garantiscono un&#039;installazione sicura e senza sbavature.<\/li>\n<li><strong>Prestazioni acustiche HIFI:<\/strong>\u00a0La struttura rinforzata integrata elimina i rumori vuoti e le vibrazioni durante la digitazione, offrendo un profilo sonoro HIFI pi\u00f9 pulito e ricco di dettagli.<\/li>\n<li><strong>Massima precisione e compatibilit\u00e0:<\/strong>\u00a0Progettato con un posizionamento dei fori a zero errori, si adatta perfettamente ai PCB hot-swap pi\u00f9 diffusi, agli interruttori meccanici convenzionali e agli alberi satellite.<\/li>\n<li><strong>Costruito per durare:<\/strong>\u00a0I materiali pi\u00f9 spessi e migliorati offrono una maggiore resistenza alla pressione, prevenendo la flessione e garantendo una durata maggiore per il tuo\u00a0<strong>Tastiera da gioco<\/strong>.<\/li>\n<\/ul>\n<p><strong>Scenari di utilizzo:<\/strong> Perfetta per le competizioni di eSport, la digitazione quotidiana in ufficio, le modifiche fai-da-te alla tastiera e l&#039;aggiornamento della tua configurazione attuale. Domina le classifiche e migliora la tua esperienza di digitazione con AULA Mini60 HE PRO oggi stesso!<\/p>","protected":false},"excerpt":{"rendered":"<ul>\n<li><strong>Precisione di nuova generazione:<\/strong>\u00a0Interruttori magnetici ad effetto Hall con sensibilit\u00e0 Rapid Trigger (RT) regolabile a 0,01 mm.<\/li>\n<li><strong>Latenza zero:<\/strong>\u00a0Frequenza di polling di 8000 Hz e frequenza di scansione di 128 kHz per una risposta istantanea nei giochi pi\u00f9 frenetici.<\/li>\n<li><strong>Efficienza compatta:<\/strong>\u00a0Layout 60% con tasti PBT di alta qualit\u00e0 con profilo Cherry, stampati lateralmente e splendida illuminazione RGB.<\/li>\n<li><strong>Padronanza multipiattaforma:<\/strong>\u00a0Connettivit\u00e0 trimodale (Bluetooth, 2,4 GHz, USB-C) pienamente compatibile con Mac e Windows.<\/li>\n<\/ul>","protected":false},"featured_media":5643,"comment_status":"open","ping_status":"closed","template":"","meta":[],"product_brand":[54],"product_cat":[571,322,20],"product_tag":[606,58,22],"class_list":{"0":"post-5614","1":"product","2":"type-product","3":"status-publish","4":"has-post-thumbnail","6":"product_brand-aula","7":"product_cat-60-keyboard","8":"product_cat-hall-effect-keyboard","9":"product_cat-keyboard","10":"product_tag-60-keyboard","11":"product_tag-hall-effect-keyboard","12":"product_tag-keyboard","14":"first","15":"instock","16":"sale","17":"taxable","18":"shipping-taxable","19":"purchasable","20":"product-type-variable","21":"wvs-archive-product-wrapper"},"aioseo_notices":[],"ct_brands":[{"id":54,"name":"Aula","slug":"aula"}],"jetpack_sharing_enabled":true,"_links":{"self":[{"href":"https:\/\/halleffectkeyboard.com\/it\/wp-json\/wp\/v2\/product\/5614","targetHints":{"allow":["GET"]}}],"collection":[{"href":"https:\/\/halleffectkeyboard.com\/it\/wp-json\/wp\/v2\/product"}],"about":[{"href":"https:\/\/halleffectkeyboard.com\/it\/wp-json\/wp\/v2\/types\/product"}],"replies":[{"embeddable":true,"href":"https:\/\/halleffectkeyboard.com\/it\/wp-json\/wp\/v2\/comments?post=5614"}],"version-history":[{"count":3,"href":"https:\/\/halleffectkeyboard.com\/it\/wp-json\/wp\/v2\/product\/5614\/revisions"}],"predecessor-version":[{"id":5656,"href":"https:\/\/halleffectkeyboard.com\/it\/wp-json\/wp\/v2\/product\/5614\/revisions\/5656"}],"wp:featuredmedia":[{"embeddable":true,"href":"https:\/\/halleffectkeyboard.com\/it\/wp-json\/wp\/v2\/media\/5643"}],"wp:attachment":[{"href":"https:\/\/halleffectkeyboard.com\/it\/wp-json\/wp\/v2\/media?parent=5614"}],"wp:term":[{"taxonomy":"product_brand","embeddable":true,"href":"https:\/\/halleffectkeyboard.com\/it\/wp-json\/wp\/v2\/product_brand?post=5614"},{"taxonomy":"product_cat","embeddable":true,"href":"https:\/\/halleffectkeyboard.com\/it\/wp-json\/wp\/v2\/product_cat?post=5614"},{"taxonomy":"product_tag","embeddable":true,"href":"https:\/\/halleffectkeyboard.com\/it\/wp-json\/wp\/v2\/product_tag?post=5614"}],"curies":[{"name":"wp","href":"https:\/\/api.w.org\/{rel}","templated":true}]}}