{"id":3499,"date":"2026-02-04T21:11:26","date_gmt":"2026-02-04T13:11:26","guid":{"rendered":"https:\/\/halleffectkeyboard.com\/?post_type=product&#038;p=3499"},"modified":"2026-02-04T21:11:26","modified_gmt":"2026-02-04T13:11:26","slug":"estrattore-di-tasti","status":"publish","type":"product","link":"https:\/\/halleffectkeyboard.com\/it\/product\/estrattore-di-tasti\/","title":{"rendered":"Estrattore di tasti"},"content":{"rendered":"<h2 data-start=\"122\" data-end=\"164\">4 chiavi in acciaio inossidabile <strong data-start=\"147\" data-end=\"164\">Estrattore di tasti<\/strong><\/h2>\n<p data-start=\"166\" data-end=\"235\"><strong data-start=\"166\" data-end=\"235\">Rimozione senza sforzo \u00b7 Senza danni \u00b7 Progettato per tastiere meccaniche<\/strong><\/p>\n<p data-start=\"237\" data-end=\"520\"><strong data-start=\"237\" data-end=\"254\">Estrattore di tasti<\/strong> progettato per una rimozione rapida, sicura ed efficiente dei tasti, questo strumento professionale presenta un innovativo <strong data-start=\"356\" data-end=\"396\">design a quattro tasti con trazione simultanea<\/strong> Ci\u00f2 consente di rimuovere pi\u00f9 tasti contemporaneamente, migliorando notevolmente la velocit\u00e0 di pulizia e l&#039;efficienza della personalizzazione della tastiera.<\/p>\n<p data-start=\"522\" data-end=\"834\">Costruito con <strong data-start=\"533\" data-end=\"568\">acciaio inossidabile ad alto tenore di carbonio 420<\/strong>, Questo <strong data-start=\"575\" data-end=\"592\">estrattore di tasti<\/strong> Offre un&#039;eccellente durata e resistenza all&#039;usura. Gli artigli in metallo sono trattati termicamente e passivati elettroliticamente per formare uno strato superficiale protettivo, mentre i bordi finemente lucidati garantiscono una manipolazione sicura e prevengono danni ai tasti o agli interruttori.<\/p>\n<p data-start=\"836\" data-end=\"1183\">A differenza dei normali strumenti per la rimozione dei tasti, questo <strong data-start=\"874\" data-end=\"901\">Estrattore di tasti multi-tasto<\/strong> \u00e8 dotato di un sistema di molle rinforzate e di un dado in ottone incorporato, che garantiscono una maggiore capacit\u00e0 di carico, un funzionamento pi\u00f9 fluido e una stabilit\u00e0 a lungo termine. La struttura compatta e leggera rende questo <strong data-start=\"1101\" data-end=\"1118\">estrattore di tasti<\/strong> Facile da riporre e trasportare, ideale per la manutenzione quotidiana della tastiera.<\/p>\n<p data-start=\"1185\" data-end=\"1555\">L&#039;impugnatura ergonomica e il design preciso della posizione delle dita offrono una presa comoda e un controllo senza sforzo, consentendo sia ai principianti che agli appassionati di tastiere di utilizzare questo <strong data-start=\"1354\" data-end=\"1371\">estrattore di tasti<\/strong> In modo rapido e sicuro. Grazie alla sua precisa struttura di serraggio, questo <strong data-start=\"1440\" data-end=\"1457\">estrattore di tasti<\/strong> \u00e8 ampiamente compatibile con la maggior parte dei copritasti delle tastiere meccaniche, indipendentemente dal layout e dal profilo.<\/p>\n<h3 data-start=\"1557\" data-end=\"1571\">Come usare<\/h3>\n<p data-start=\"1572\" data-end=\"1797\">\u00c8 sufficiente posizionare il <strong data-start=\"1589\" data-end=\"1606\">estrattore di tasti<\/strong> Le pinzette posizionate lungo entrambi i lati dei copritasti sollevano uniformemente i tasti, rimuovendoli senza lasciare residui. Non \u00e8 necessario reinserire la posizione dei tasti, rendendo la personalizzazione e la pulizia rapide e senza problemi.<\/p>\n<h3 data-start=\"1799\" data-end=\"1810\">Riepilogo<\/h3>\n<p data-start=\"1811\" data-end=\"2046\">Combinazione <strong data-start=\"1821\" data-end=\"1854\">rimozione simultanea di quattro tasti<\/strong>, <strong data-start=\"1856\" data-end=\"1881\">funzionamento senza danni<\/strong>, e un <strong data-start=\"1889\" data-end=\"1922\">struttura resistente in acciaio inossidabile<\/strong>, Questo <strong data-start=\"1929\" data-end=\"1946\">estrattore di tasti<\/strong> \u00e8 uno strumento essenziale per chiunque pulisca, personalizzi o aggiorni regolarmente tastiere meccaniche.<\/p>\n<p data-start=\"1811\" data-end=\"2046\"><img loading=\"lazy\" decoding=\"async\" class=\"alignnone size-full wp-image-3517\" src=\"https:\/\/halleffectkeyboard.com\/wp-content\/uploads\/2026\/02\/12-2.jpg\" alt=\"estrattore di tasti\" width=\"1883\" height=\"1981\" srcset=\"https:\/\/halleffectkeyboard.com\/wp-content\/uploads\/2026\/02\/12-2.jpg 1883w, https:\/\/halleffectkeyboard.com\/wp-content\/uploads\/2026\/02\/12-2-285x300.jpg 285w, https:\/\/halleffectkeyboard.com\/wp-content\/uploads\/2026\/02\/12-2-973x1024.jpg 973w, https:\/\/halleffectkeyboard.com\/wp-content\/uploads\/2026\/02\/12-2-768x808.jpg 768w, https:\/\/halleffectkeyboard.com\/wp-content\/uploads\/2026\/02\/12-2-1460x1536.jpg 1460w, https:\/\/halleffectkeyboard.com\/wp-content\/uploads\/2026\/02\/12-2-11x12.jpg 11w, https:\/\/halleffectkeyboard.com\/wp-content\/uploads\/2026\/02\/12-2-300x316.jpg 300w, https:\/\/halleffectkeyboard.com\/wp-content\/uploads\/2026\/02\/12-2-1200x1262.jpg 1200w\" sizes=\"auto, (max-width: 1883px) 100vw, 1883px\" \/><img loading=\"lazy\" decoding=\"async\" class=\"alignnone size-full wp-image-3518\" src=\"https:\/\/halleffectkeyboard.com\/wp-content\/uploads\/2026\/02\/13.jpg\" alt=\"estrattore di tasti\" width=\"2000\" height=\"1708\" srcset=\"https:\/\/halleffectkeyboard.com\/wp-content\/uploads\/2026\/02\/13.jpg 2000w, https:\/\/halleffectkeyboard.com\/wp-content\/uploads\/2026\/02\/13-300x256.jpg 300w, https:\/\/halleffectkeyboard.com\/wp-content\/uploads\/2026\/02\/13-1024x874.jpg 1024w, https:\/\/halleffectkeyboard.com\/wp-content\/uploads\/2026\/02\/13-768x656.jpg 768w, https:\/\/halleffectkeyboard.com\/wp-content\/uploads\/2026\/02\/13-1536x1312.jpg 1536w, https:\/\/halleffectkeyboard.com\/wp-content\/uploads\/2026\/02\/13-14x12.jpg 14w, https:\/\/halleffectkeyboard.com\/wp-content\/uploads\/2026\/02\/13-1200x1025.jpg 1200w\" sizes=\"auto, (max-width: 2000px) 100vw, 2000px\" \/><\/p>\n<p data-start=\"1811\" data-end=\"2046\">","protected":false},"excerpt":{"rendered":"<p>4-Key Stainless Steel Keycap Puller Effortless Removal \u00b7 Damage-Free \u00b7 Built for Mechanical Keyboards Keycap Puller designed for fast, safe, and efficient keycap removal, this professional tool features an innovative four-key simultaneous pulling design that allows multiple keycaps to be removed at once, greatly improving cleaning speed and keyboard customization efficiency. Built with 420 high-carbon [&hellip;]<\/p>\n","protected":false},"featured_media":3502,"comment_status":"open","ping_status":"closed","template":"","meta":[],"product_brand":[191],"product_cat":[290],"product_tag":[291,292],"class_list":{"0":"post-3499","1":"product","2":"type-product","3":"status-publish","4":"has-post-thumbnail","6":"product_brand-hek","7":"product_cat-tool","8":"product_tag-keycap-puller","9":"product_tag-tool","11":"first","12":"instock","13":"taxable","14":"shipping-taxable","15":"purchasable","16":"product-type-variable","17":"wvs-archive-product-wrapper"},"aioseo_notices":[],"ct_brands":[{"id":191,"name":"HEK","slug":"hek"}],"jetpack_sharing_enabled":true,"_links":{"self":[{"href":"https:\/\/halleffectkeyboard.com\/it\/wp-json\/wp\/v2\/product\/3499","targetHints":{"allow":["GET"]}}],"collection":[{"href":"https:\/\/halleffectkeyboard.com\/it\/wp-json\/wp\/v2\/product"}],"about":[{"href":"https:\/\/halleffectkeyboard.com\/it\/wp-json\/wp\/v2\/types\/product"}],"replies":[{"embeddable":true,"href":"https:\/\/halleffectkeyboard.com\/it\/wp-json\/wp\/v2\/comments?post=3499"}],"version-history":[{"count":5,"href":"https:\/\/halleffectkeyboard.com\/it\/wp-json\/wp\/v2\/product\/3499\/revisions"}],"predecessor-version":[{"id":3519,"href":"https:\/\/halleffectkeyboard.com\/it\/wp-json\/wp\/v2\/product\/3499\/revisions\/3519"}],"wp:featuredmedia":[{"embeddable":true,"href":"https:\/\/halleffectkeyboard.com\/it\/wp-json\/wp\/v2\/media\/3502"}],"wp:attachment":[{"href":"https:\/\/halleffectkeyboard.com\/it\/wp-json\/wp\/v2\/media?parent=3499"}],"wp:term":[{"taxonomy":"product_brand","embeddable":true,"href":"https:\/\/halleffectkeyboard.com\/it\/wp-json\/wp\/v2\/product_brand?post=3499"},{"taxonomy":"product_cat","embeddable":true,"href":"https:\/\/halleffectkeyboard.com\/it\/wp-json\/wp\/v2\/product_cat?post=3499"},{"taxonomy":"product_tag","embeddable":true,"href":"https:\/\/halleffectkeyboard.com\/it\/wp-json\/wp\/v2\/product_tag?post=3499"}],"curies":[{"name":"wp","href":"https:\/\/api.w.org\/{rel}","templated":true}]}}