{"id":5936,"date":"2026-05-14T10:34:19","date_gmt":"2026-05-14T02:34:19","guid":{"rendered":"https:\/\/halleffectkeyboard.com\/?post_type=product&#038;p=5936"},"modified":"2026-05-14T10:34:20","modified_gmt":"2026-05-14T02:34:20","slug":"payson-semi-transparent-keycaps","status":"publish","type":"product","link":"https:\/\/halleffectkeyboard.com\/fr\/produit\/touches-semi-transparentes-payson\/","title":{"rendered":"Touches semi-transparentes PAYSON"},"content":{"rendered":"<h1>Touches semi-transparentes PAYSON<\/h1>\n<p>Am\u00e9liorez votre exp\u00e9rience de frappe et de jeu avec <strong>Touches semi-transparentes PAYSON<\/strong>. Con\u00e7u pour les passionn\u00e9s recherchant l&#039;alliance parfaite entre esth\u00e9tique et performance, ce produit haut de gamme <strong>ensemble de touches de clavier<\/strong> est le choix id\u00e9al pour votre prochaine configuration. Con\u00e7u comme <strong>touches de profil Cherry<\/strong>, ces <strong>touches de hauteur OEM<\/strong> (norme d&#039;usine) offrent une sensation famili\u00e8re et ergonomique qui allie style, durabilit\u00e9 et un effet lumineux subtil.<br \/>\n<img loading=\"lazy\" decoding=\"async\" class=\"alignnone size-full wp-image-5944\" src=\"https:\/\/halleffectkeyboard.com\/wp-content\/uploads\/2026\/05\/1-42-scaled.jpg\" alt=\"PAYSON Semi-Transparent Keycaps\" width=\"2560\" height=\"1437\" srcset=\"https:\/\/halleffectkeyboard.com\/wp-content\/uploads\/2026\/05\/1-42-scaled.jpg 2560w, https:\/\/halleffectkeyboard.com\/wp-content\/uploads\/2026\/05\/1-42-300x168.jpg 300w, https:\/\/halleffectkeyboard.com\/wp-content\/uploads\/2026\/05\/1-42-1024x575.jpg 1024w, https:\/\/halleffectkeyboard.com\/wp-content\/uploads\/2026\/05\/1-42-768x431.jpg 768w, https:\/\/halleffectkeyboard.com\/wp-content\/uploads\/2026\/05\/1-42-1536x862.jpg 1536w, https:\/\/halleffectkeyboard.com\/wp-content\/uploads\/2026\/05\/1-42-2048x1150.jpg 2048w, https:\/\/halleffectkeyboard.com\/wp-content\/uploads\/2026\/05\/1-42-18x10.jpg 18w, https:\/\/halleffectkeyboard.com\/wp-content\/uploads\/2026\/05\/1-42-1200x674.jpg 1200w\" sizes=\"auto, (max-width: 2560px) 100vw, 2560px\" data-no-translation=\"\" \/><\/p>\n<h3>Pr\u00e9sentation du produit<\/h3>\n<p>Am\u00e9liorez votre installation avec ces produits de haute qualit\u00e9 <strong>touches semi-transparentes<\/strong>. Que vous construisiez un nouveau forum ou que vous recherchiez <strong>touches de remplacement pour clavier<\/strong>, Cet ensemble offre un style raffin\u00e9. Fabriqu\u00e9 \u00e0 partir de mat\u00e9riaux haut de gamme, <strong>Touches ABS \u00e0 double injection<\/strong> pr\u00e9sentent un design \u00e9pur\u00e9, de style industriel. <strong>touches semi-translucides<\/strong> laisser filtrer une douce lumi\u00e8re \u00e0 travers la base, cr\u00e9ant un effet saisissant <strong>touches r\u00e9tro\u00e9clair\u00e9es (semi-transparentes)<\/strong> esth\u00e9tique tout en pr\u00e9servant <strong>touches \u00e0 l\u00e9gendes non transparentes<\/strong> pour une lisibilit\u00e9 et un contraste optimaux.<br \/>\n<img loading=\"lazy\" decoding=\"async\" class=\"alignnone size-full wp-image-5945\" src=\"https:\/\/halleffectkeyboard.com\/wp-content\/uploads\/2026\/05\/2-46-scaled.jpg\" alt=\"PAYSON Semi-Transparent Keycaps\" width=\"2560\" height=\"1437\" srcset=\"https:\/\/halleffectkeyboard.com\/wp-content\/uploads\/2026\/05\/2-46-scaled.jpg 2560w, https:\/\/halleffectkeyboard.com\/wp-content\/uploads\/2026\/05\/2-46-300x168.jpg 300w, https:\/\/halleffectkeyboard.com\/wp-content\/uploads\/2026\/05\/2-46-1024x575.jpg 1024w, https:\/\/halleffectkeyboard.com\/wp-content\/uploads\/2026\/05\/2-46-768x431.jpg 768w, https:\/\/halleffectkeyboard.com\/wp-content\/uploads\/2026\/05\/2-46-1536x862.jpg 1536w, https:\/\/halleffectkeyboard.com\/wp-content\/uploads\/2026\/05\/2-46-2048x1150.jpg 2048w, https:\/\/halleffectkeyboard.com\/wp-content\/uploads\/2026\/05\/2-46-18x10.jpg 18w, https:\/\/halleffectkeyboard.com\/wp-content\/uploads\/2026\/05\/2-46-1200x674.jpg 1200w\" sizes=\"auto, (max-width: 2560px) 100vw, 2560px\" data-no-translation=\"\" \/> <img loading=\"lazy\" decoding=\"async\" class=\"alignnone size-full wp-image-5946\" src=\"https:\/\/halleffectkeyboard.com\/wp-content\/uploads\/2026\/05\/3-46-scaled.jpg\" alt=\"PAYSON Semi-Transparent Keycaps\" width=\"2560\" height=\"1437\" srcset=\"https:\/\/halleffectkeyboard.com\/wp-content\/uploads\/2026\/05\/3-46-scaled.jpg 2560w, https:\/\/halleffectkeyboard.com\/wp-content\/uploads\/2026\/05\/3-46-300x168.jpg 300w, https:\/\/halleffectkeyboard.com\/wp-content\/uploads\/2026\/05\/3-46-1024x575.jpg 1024w, https:\/\/halleffectkeyboard.com\/wp-content\/uploads\/2026\/05\/3-46-768x431.jpg 768w, https:\/\/halleffectkeyboard.com\/wp-content\/uploads\/2026\/05\/3-46-1536x862.jpg 1536w, https:\/\/halleffectkeyboard.com\/wp-content\/uploads\/2026\/05\/3-46-2048x1150.jpg 2048w, https:\/\/halleffectkeyboard.com\/wp-content\/uploads\/2026\/05\/3-46-18x10.jpg 18w, https:\/\/halleffectkeyboard.com\/wp-content\/uploads\/2026\/05\/3-46-1200x674.jpg 1200w\" sizes=\"auto, (max-width: 2560px) 100vw, 2560px\" data-no-translation=\"\" \/><\/p>\n<h3>Caract\u00e9ristiques principales<\/h3>\n<ul>\n<li><strong>Conception du profil Cherry :<\/strong>\u00a0Profitez d&#039;une frappe confortable et ergonomique avec ces\u00a0<strong>touches de profil d&#039;usine<\/strong>, avec une forme sculpt\u00e9e classique, id\u00e9ale pour le travail comme pour les loisirs.<\/li>\n<li><strong>Moulage par injection \u00e0 double injection\u00a0:<\/strong>\u00a0Notre\u00a0<strong>touches \u00e0 double injection<\/strong>\u00a0Nous garantissons des l\u00e9gendes nettes et durables qui ne s&#039;estomperont jamais avec le temps.<\/li>\n<li><strong>Mat\u00e9riau de qualit\u00e9 sup\u00e9rieure :<\/strong>\u00a0Con\u00e7us pour durer, ces\u00a0<strong>touches en ABS durable<\/strong>\u00a0offrir une finition lisse, une excellente r\u00e9sistance aux chocs et un profil acoustique satisfaisant.<\/li>\n<li><strong>Effets lumineux subtils\u00a0:<\/strong>\u00a0Sa conception semi-transparente laisse passer une lumi\u00e8re douce et diffuse, id\u00e9ale pour mettre en valeur votre installation sans \u00eatre trop lumineuse.<\/li>\n<li><strong>Compatibilit\u00e9 universelle\u00a0:<\/strong>\u00a0Con\u00e7u comme\u00a0<strong>Touches pour interrupteurs Cherry MX<\/strong>\u00a0et des clones, ce sont vraiment\u00a0<strong>touches m\u00e9caniques universelles<\/strong>. Ils sont extr\u00eamement polyvalents.\u00a0<strong>touches compatibles 61\/68\/75\/87\/104<\/strong>, assurant ainsi une adaptation parfaite \u00e0 presque toutes les configurations.<br \/>\n<img loading=\"lazy\" decoding=\"async\" class=\"alignnone size-full wp-image-5947\" src=\"https:\/\/halleffectkeyboard.com\/wp-content\/uploads\/2026\/05\/4-45-scaled.jpg\" alt=\"PAYSON Semi-Transparent Keycaps\" width=\"2560\" height=\"1437\" srcset=\"https:\/\/halleffectkeyboard.com\/wp-content\/uploads\/2026\/05\/4-45-scaled.jpg 2560w, https:\/\/halleffectkeyboard.com\/wp-content\/uploads\/2026\/05\/4-45-300x168.jpg 300w, https:\/\/halleffectkeyboard.com\/wp-content\/uploads\/2026\/05\/4-45-1024x575.jpg 1024w, https:\/\/halleffectkeyboard.com\/wp-content\/uploads\/2026\/05\/4-45-768x431.jpg 768w, https:\/\/halleffectkeyboard.com\/wp-content\/uploads\/2026\/05\/4-45-1536x862.jpg 1536w, https:\/\/halleffectkeyboard.com\/wp-content\/uploads\/2026\/05\/4-45-2048x1150.jpg 2048w, https:\/\/halleffectkeyboard.com\/wp-content\/uploads\/2026\/05\/4-45-18x10.jpg 18w, https:\/\/halleffectkeyboard.com\/wp-content\/uploads\/2026\/05\/4-45-1200x674.jpg 1200w\" sizes=\"auto, (max-width: 2560px) 100vw, 2560px\" data-no-translation=\"\" \/><\/li>\n<\/ul>\n<h3>Caract\u00e9ristiques<\/h3>\n<table>\n<thead>\n<tr>\n<th>Article<\/th>\n<th>D\u00e9tails<\/th>\n<\/tr>\n<\/thead>\n<tbody>\n<tr>\n<td><strong>Nom du produit<\/strong><\/td>\n<td><strong>Touches semi-transparentes PAYSON<\/strong>\u00a0(Profil de cerise)<\/td>\n<\/tr>\n<tr>\n<td><strong>Mat\u00e9riel<\/strong><\/td>\n<td>Plastique ABS de haute qualit\u00e9<\/td>\n<\/tr>\n<tr>\n<td><strong>Processus<\/strong><\/td>\n<td>Moulage par injection double<\/td>\n<\/tr>\n<tr>\n<td><strong>Hauteur du profil<\/strong><\/td>\n<td>Hauteur Cerise \/ OEM (Usine)<\/td>\n<\/tr>\n<tr>\n<td><strong>Taille de l&#039;ensemble<\/strong><\/td>\n<td><strong>Ensemble de 120 touches<\/strong>\u00a0(Couvre les mod\u00e8les 60% jusqu&#039;aux maquettes grandeur nature)<\/td>\n<\/tr>\n<tr>\n<td><strong>Transmission de la lumi\u00e8re<\/strong><\/td>\n<td>Semi-transparent (effet de r\u00e9tro\u00e9clairage doux, pas totalement transparent)<\/td>\n<\/tr>\n<tr>\n<td><strong>Compatibilit\u00e9<\/strong><\/td>\n<td><strong>touches compatibles 61\/68\/75\/87\/104<\/strong>\u00a0(Convient \u00e9galement aux configurations 98\/100)<\/td>\n<\/tr>\n<\/tbody>\n<\/table>\n<p><img loading=\"lazy\" decoding=\"async\" class=\"alignnone size-full wp-image-5948\" src=\"https:\/\/halleffectkeyboard.com\/wp-content\/uploads\/2026\/05\/5-43-scaled.jpg\" alt=\"PAYSON Semi-Transparent Keycaps\" width=\"2560\" height=\"1437\" srcset=\"https:\/\/halleffectkeyboard.com\/wp-content\/uploads\/2026\/05\/5-43-scaled.jpg 2560w, https:\/\/halleffectkeyboard.com\/wp-content\/uploads\/2026\/05\/5-43-300x168.jpg 300w, https:\/\/halleffectkeyboard.com\/wp-content\/uploads\/2026\/05\/5-43-1024x575.jpg 1024w, https:\/\/halleffectkeyboard.com\/wp-content\/uploads\/2026\/05\/5-43-768x431.jpg 768w, https:\/\/halleffectkeyboard.com\/wp-content\/uploads\/2026\/05\/5-43-1536x862.jpg 1536w, https:\/\/halleffectkeyboard.com\/wp-content\/uploads\/2026\/05\/5-43-2048x1150.jpg 2048w, https:\/\/halleffectkeyboard.com\/wp-content\/uploads\/2026\/05\/5-43-18x10.jpg 18w, https:\/\/halleffectkeyboard.com\/wp-content\/uploads\/2026\/05\/5-43-1200x674.jpg 1200w\" sizes=\"auto, (max-width: 2560px) 100vw, 2560px\" data-no-translation=\"\" \/><\/p>\n<h3>Pourquoi choisir ces touches ?<\/h3>\n<p>\u00c0 la recherche du parfait <strong>touches de clavier am\u00e9lior\u00e9es<\/strong>, le set PAYSON se distingue par sa qualit\u00e9 et son design :<\/p>\n<ul>\n<li><strong>L\u00e9gendes nettes et vibrantes :<\/strong>\u00a0Le proc\u00e9d\u00e9 de double injection garantit que les caract\u00e8res restent nets et d\u00e9taill\u00e9s, m\u00eame apr\u00e8s des ann\u00e9es d&#039;utilisation intensive sur votre appareil.\u00a0<strong>touches de clavier de jeu<\/strong>.<\/li>\n<li><strong>Ajustement moul\u00e9 avec pr\u00e9cision :<\/strong>\u00a0Une fabrication de haute qualit\u00e9 garantit une d\u00e9formation minimale et un ajustement parfait sur vos interrupteurs, ce qui les rend id\u00e9aux\u00a0<strong>touches de clavier personnalis\u00e9es<\/strong>.<\/li>\n<li><strong>Prise en charge de mises en page polyvalentes\u00a0:<\/strong>\u00a0Ce kit complet de 120 cl\u00e9s inclut toutes les cl\u00e9s n\u00e9cessaires pour fonctionner avec la plupart des mod\u00e8les populaires.\u00a0<strong>touches de clavier m\u00e9canique<\/strong>\u00a0agencements.<\/li>\n<li><strong>Sensation de frappe \u00e9quilibr\u00e9e\u00a0:<\/strong>\u00a0Le profil Cherry offre une sensation famili\u00e8re et confortable qui r\u00e9duit la fatigue des doigts lors des longues sessions.<br \/>\n<img loading=\"lazy\" decoding=\"async\" class=\"alignnone size-full wp-image-5949\" src=\"https:\/\/halleffectkeyboard.com\/wp-content\/uploads\/2026\/05\/6-19-scaled.jpg\" alt=\"PAYSON Semi-Transparent Keycaps\" width=\"2560\" height=\"1437\" srcset=\"https:\/\/halleffectkeyboard.com\/wp-content\/uploads\/2026\/05\/6-19-scaled.jpg 2560w, https:\/\/halleffectkeyboard.com\/wp-content\/uploads\/2026\/05\/6-19-300x168.jpg 300w, https:\/\/halleffectkeyboard.com\/wp-content\/uploads\/2026\/05\/6-19-1024x575.jpg 1024w, https:\/\/halleffectkeyboard.com\/wp-content\/uploads\/2026\/05\/6-19-768x431.jpg 768w, https:\/\/halleffectkeyboard.com\/wp-content\/uploads\/2026\/05\/6-19-1536x862.jpg 1536w, https:\/\/halleffectkeyboard.com\/wp-content\/uploads\/2026\/05\/6-19-2048x1150.jpg 2048w, https:\/\/halleffectkeyboard.com\/wp-content\/uploads\/2026\/05\/6-19-18x10.jpg 18w, https:\/\/halleffectkeyboard.com\/wp-content\/uploads\/2026\/05\/6-19-1200x674.jpg 1200w\" sizes=\"auto, (max-width: 2560px) 100vw, 2560px\" data-no-translation=\"\" \/><\/li>\n<\/ul>\n<h3>Le forfait comprend<\/h3>\n<ul>\n<li>1 \u00d7\u00a0<strong>Ensemble de 120 touches<\/strong>\u00a0(Kit de base complet)<\/li>\n<\/ul>","protected":false},"excerpt":{"rendered":"<p><strong>Points saillants :<\/strong><\/p>\n<ul>\n<li><strong>Profil:<\/strong>\u00a0Profil Cherry classique pour une frappe confortable.<\/li>\n<li><strong>Mat\u00e9riel:<\/strong>\u00a0Bo\u00eetier ABS double injection r\u00e9sistant avec inscriptions inalt\u00e9rables.<\/li>\n<li><strong>Esth\u00e9tique:<\/strong>\u00a0Conception semi-transparente pour un effet de r\u00e9tro\u00e9clairage doux et subtil.<\/li>\n<li><strong>Compatibilit\u00e9:<\/strong>\u00a0Le jeu de 120 touches est compatible avec les commutateurs Cherry MX et les dispositions 61\/68\/75\/87\/104.<\/li>\n<\/ul>","protected":false},"featured_media":5939,"comment_status":"open","ping_status":"closed","template":"","meta":[],"product_brand":[678],"product_cat":[134],"product_tag":[704,136],"class_list":{"0":"post-5936","1":"product","2":"type-product","3":"status-publish","4":"has-post-thumbnail","6":"product_brand-payson","7":"product_cat-keycaps","8":"product_tag-cherry-keycaps","9":"product_tag-keycaps","11":"first","12":"instock","13":"taxable","14":"shipping-taxable","15":"purchasable","16":"product-type-variable","17":"wvs-archive-product-wrapper"},"aioseo_notices":[],"ct_brands":[{"id":678,"name":"PAYSON","slug":"payson"}],"jetpack_sharing_enabled":true,"_links":{"self":[{"href":"https:\/\/halleffectkeyboard.com\/fr\/wp-json\/wp\/v2\/product\/5936","targetHints":{"allow":["GET"]}}],"collection":[{"href":"https:\/\/halleffectkeyboard.com\/fr\/wp-json\/wp\/v2\/product"}],"about":[{"href":"https:\/\/halleffectkeyboard.com\/fr\/wp-json\/wp\/v2\/types\/product"}],"replies":[{"embeddable":true,"href":"https:\/\/halleffectkeyboard.com\/fr\/wp-json\/wp\/v2\/comments?post=5936"}],"version-history":[{"count":1,"href":"https:\/\/halleffectkeyboard.com\/fr\/wp-json\/wp\/v2\/product\/5936\/revisions"}],"predecessor-version":[{"id":5950,"href":"https:\/\/halleffectkeyboard.com\/fr\/wp-json\/wp\/v2\/product\/5936\/revisions\/5950"}],"wp:featuredmedia":[{"embeddable":true,"href":"https:\/\/halleffectkeyboard.com\/fr\/wp-json\/wp\/v2\/media\/5939"}],"wp:attachment":[{"href":"https:\/\/halleffectkeyboard.com\/fr\/wp-json\/wp\/v2\/media?parent=5936"}],"wp:term":[{"taxonomy":"product_brand","embeddable":true,"href":"https:\/\/halleffectkeyboard.com\/fr\/wp-json\/wp\/v2\/product_brand?post=5936"},{"taxonomy":"product_cat","embeddable":true,"href":"https:\/\/halleffectkeyboard.com\/fr\/wp-json\/wp\/v2\/product_cat?post=5936"},{"taxonomy":"product_tag","embeddable":true,"href":"https:\/\/halleffectkeyboard.com\/fr\/wp-json\/wp\/v2\/product_tag?post=5936"}],"curies":[{"name":"wp","href":"https:\/\/api.w.org\/{rel}","templated":true}]}}