{"id":5922,"date":"2026-05-13T17:30:40","date_gmt":"2026-05-13T09:30:40","guid":{"rendered":"https:\/\/halleffectkeyboard.com\/?post_type=product&#038;p=5922"},"modified":"2026-05-13T17:58:04","modified_gmt":"2026-05-13T09:58:04","slug":"payson-keyboard-dampening-rings","status":"publish","type":"product","link":"https:\/\/halleffectkeyboard.com\/fr\/produit\/anneaux-damortissement-pour-clavier-payson\/","title":{"rendered":"Anneaux d&#039;amortissement pour clavier PAYSON"},"content":{"rendered":"<h1>Anneaux d&#039;amortissement pour clavier PAYSON\u00a0: L&#039;outil ultime pour r\u00e9duire le bruit et les vibrations.<\/h1>\n<p><strong>Pr\u00e9sentation du produit<\/strong> Am\u00e9liorez votre exp\u00e9rience de frappe et de jeu avec <strong>Anneaux d&#039;amortissement pour clavier PAYSON<\/strong>. Con\u00e7u comme un \u00e9l\u00e9ment essentiel <strong>Outil clavier<\/strong> pour les passionn\u00e9s comme pour les professionnels, ces <strong>amortisseurs \u00e0 joint torique pour clavier<\/strong> Elles s&#039;int\u00e8grent parfaitement \u00e0 vos touches pour absorber les chocs et r\u00e9duire consid\u00e9rablement les bruits de frappe. Que vous travailliez dans un bureau partag\u00e9 ou jouiez tard le soir, ces protections efficaces vous offriront un confort optimal. <strong>r\u00e9ducteur de bruit de clavier<\/strong> Il adoucit la frappe au clavier, cr\u00e9ant un environnement plus silencieux et r\u00e9duisant la fatigue des doigts lors des longues sessions.<br \/>\n<img loading=\"lazy\" decoding=\"async\" class=\"alignnone size-full wp-image-5929\" src=\"https:\/\/halleffectkeyboard.com\/wp-content\/uploads\/2026\/05\/1-39-scaled.jpg\" alt=\"PAYSON Keyboard Dampening Rings\" width=\"2560\" height=\"1437\" srcset=\"https:\/\/halleffectkeyboard.com\/wp-content\/uploads\/2026\/05\/1-39-scaled.jpg 2560w, https:\/\/halleffectkeyboard.com\/wp-content\/uploads\/2026\/05\/1-39-300x168.jpg 300w, https:\/\/halleffectkeyboard.com\/wp-content\/uploads\/2026\/05\/1-39-1024x575.jpg 1024w, https:\/\/halleffectkeyboard.com\/wp-content\/uploads\/2026\/05\/1-39-768x431.jpg 768w, https:\/\/halleffectkeyboard.com\/wp-content\/uploads\/2026\/05\/1-39-1536x862.jpg 1536w, https:\/\/halleffectkeyboard.com\/wp-content\/uploads\/2026\/05\/1-39-2048x1150.jpg 2048w, https:\/\/halleffectkeyboard.com\/wp-content\/uploads\/2026\/05\/1-39-18x10.jpg 18w, https:\/\/halleffectkeyboard.com\/wp-content\/uploads\/2026\/05\/1-39-1200x674.jpg 1200w\" sizes=\"auto, (max-width: 2560px) 100vw, 2560px\" data-no-translation=\"\" \/><\/p>\n<p><strong>Caract\u00e9ristiques principales<\/strong><\/p>\n<ul>\n<li><strong>Att\u00e9nuation acoustique instantan\u00e9e\u00a0:<\/strong>\u00a0Agissant comme un puissant\u00a0<strong>\u00e9liminateur de cliquetis de clavier<\/strong>, ces\u00a0<strong>anneaux d&#039;insonorisation pour touches<\/strong>\u00a0Ils absorbent les chocs pour \u00e9liminer les cliquetis bruyants. Ils constituent un excellent\u00a0<strong>amortisseur de fin de course du clavier<\/strong>\u00a0et fiable\u00a0<strong>anneaux d&#039;insonorisation pour clavier<\/strong>.<\/li>\n<li><strong>Silicone souple de qualit\u00e9 sup\u00e9rieure\u00a0:<\/strong>\u00a0Fabriqu\u00e9s \u00e0 partir d&#039;un mat\u00e9riau durable et flexible, ces\u00a0<strong>Amortisseurs de touches en silicone<\/strong>\u00a0n&#039;endommagera pas vos touches ni vos interrupteurs.\u00a0<strong>anneaux de coussin de touche<\/strong>\u00a0fonctionne parfaitement comme\u00a0<strong>amortisseur de touches<\/strong>\u00a0pour chaque frappe au clavier.<\/li>\n<li><strong>Compatibilit\u00e9 universelle\u00a0:<\/strong>\u00a0Sp\u00e9cialement con\u00e7u comme\u00a0<strong>Joints toriques pour commutateurs Cherry MX<\/strong>, elles sont compatibles avec la plupart des claviers m\u00e9caniques, ce qui en fait des incontournables\u00a0<strong>accessoires pour claviers m\u00e9caniques<\/strong>.<\/li>\n<li><strong>Frappe silencieuse et fluide\u00a0:<\/strong>\u00a0Atteignez le summum\u00a0<strong>clavier silencieux<\/strong>\u00a0avec ces\u00a0<strong>joints toriques pour claviers m\u00e9caniques<\/strong>. Ils fonctionnent comme un\u00a0<strong>amortisseur de vibrations pour clavier<\/strong>\u00a0pour sup\u00e9rieur\u00a0<strong>r\u00e9duction du bruit de frappe au clavier<\/strong>, cr\u00e9ant un profil sonore plus doux et plus feutr\u00e9.<\/li>\n<li><strong>Installation facile\u00a0:<\/strong>\u00a0Il suffit de glisser ces\u00a0<strong>joints toriques de modification de clavier<\/strong>\u00a0sur la tige de l&#039;interrupteur \u00e0 l&#039;int\u00e9rieur de la touche pour profiter instantan\u00e9ment des avantages de\u00a0<strong>amortisseurs de touches silencieux<\/strong>.<br \/>\n<img loading=\"lazy\" decoding=\"async\" class=\"alignnone size-full wp-image-5930\" src=\"https:\/\/halleffectkeyboard.com\/wp-content\/uploads\/2026\/05\/2-44-scaled.jpg\" alt=\"PAYSON Keyboard Dampening Rings\" width=\"2560\" height=\"1437\" srcset=\"https:\/\/halleffectkeyboard.com\/wp-content\/uploads\/2026\/05\/2-44-scaled.jpg 2560w, https:\/\/halleffectkeyboard.com\/wp-content\/uploads\/2026\/05\/2-44-300x168.jpg 300w, https:\/\/halleffectkeyboard.com\/wp-content\/uploads\/2026\/05\/2-44-1024x575.jpg 1024w, https:\/\/halleffectkeyboard.com\/wp-content\/uploads\/2026\/05\/2-44-768x431.jpg 768w, https:\/\/halleffectkeyboard.com\/wp-content\/uploads\/2026\/05\/2-44-1536x862.jpg 1536w, https:\/\/halleffectkeyboard.com\/wp-content\/uploads\/2026\/05\/2-44-2048x1150.jpg 2048w, https:\/\/halleffectkeyboard.com\/wp-content\/uploads\/2026\/05\/2-44-18x10.jpg 18w, https:\/\/halleffectkeyboard.com\/wp-content\/uploads\/2026\/05\/2-44-1200x674.jpg 1200w\" sizes=\"auto, (max-width: 2560px) 100vw, 2560px\" data-no-translation=\"\" \/><\/li>\n<\/ul>\n<p><strong>Caract\u00e9ristiques<\/strong><\/p>\n<table>\n<thead>\n<tr>\n<th>Article<\/th>\n<th>D\u00e9tails<\/th>\n<\/tr>\n<\/thead>\n<tbody>\n<tr>\n<td><strong>Mat\u00e9riel<\/strong><\/td>\n<td>Silicone de haute qualit\u00e9 (<strong>Joints toriques en silicone de 8 mm<\/strong>)<\/td>\n<\/tr>\n<tr>\n<td><strong>Quantit\u00e9<\/strong><\/td>\n<td><strong>120 joints toriques pour clavier<\/strong>\u00a0(suffisant pour un clavier de taille standard)<\/td>\n<\/tr>\n<tr>\n<td><strong>Taille<\/strong><\/td>\n<td>8 mm de diam\u00e8tre ext\u00e9rieur \u00d7 1,5 mm d&#039;\u00e9paisseur<\/td>\n<\/tr>\n<tr>\n<td><strong>Compatibilit\u00e9<\/strong><\/td>\n<td>Interrupteurs de type Cherry MX, la plupart des claviers m\u00e9caniques<\/td>\n<\/tr>\n<tr>\n<td><strong>Changement d&#039;AVC<\/strong><\/td>\n<td>Agit comme\u00a0<strong>bagues de r\u00e9duction de course de cl\u00e9<\/strong>, r\u00e9duisant la course des touches d&#039;environ 1 mm (cr\u00e9ant une sensation plus courte et plus douce)<\/td>\n<\/tr>\n<\/tbody>\n<\/table>\n<p>&nbsp;<\/p>\n<p><strong><img loading=\"lazy\" decoding=\"async\" class=\"alignnone size-full wp-image-5931\" src=\"https:\/\/halleffectkeyboard.com\/wp-content\/uploads\/2026\/05\/3-44-scaled.jpg\" alt=\"PAYSON Keyboard Dampening Rings\" width=\"2560\" height=\"1437\" srcset=\"https:\/\/halleffectkeyboard.com\/wp-content\/uploads\/2026\/05\/3-44-scaled.jpg 2560w, https:\/\/halleffectkeyboard.com\/wp-content\/uploads\/2026\/05\/3-44-300x168.jpg 300w, https:\/\/halleffectkeyboard.com\/wp-content\/uploads\/2026\/05\/3-44-1024x575.jpg 1024w, https:\/\/halleffectkeyboard.com\/wp-content\/uploads\/2026\/05\/3-44-768x431.jpg 768w, https:\/\/halleffectkeyboard.com\/wp-content\/uploads\/2026\/05\/3-44-1536x862.jpg 1536w, https:\/\/halleffectkeyboard.com\/wp-content\/uploads\/2026\/05\/3-44-2048x1150.jpg 2048w, https:\/\/halleffectkeyboard.com\/wp-content\/uploads\/2026\/05\/3-44-18x10.jpg 18w, https:\/\/halleffectkeyboard.com\/wp-content\/uploads\/2026\/05\/3-44-1200x674.jpg 1200w\" sizes=\"auto, (max-width: 2560px) 100vw, 2560px\" data-no-translation=\"\" \/> <img loading=\"lazy\" decoding=\"async\" class=\"alignnone size-full wp-image-5932\" src=\"https:\/\/halleffectkeyboard.com\/wp-content\/uploads\/2026\/05\/4-43-scaled.jpg\" alt=\"PAYSON Keyboard Dampening Rings\" width=\"2560\" height=\"1437\" srcset=\"https:\/\/halleffectkeyboard.com\/wp-content\/uploads\/2026\/05\/4-43-scaled.jpg 2560w, https:\/\/halleffectkeyboard.com\/wp-content\/uploads\/2026\/05\/4-43-300x168.jpg 300w, https:\/\/halleffectkeyboard.com\/wp-content\/uploads\/2026\/05\/4-43-1024x575.jpg 1024w, https:\/\/halleffectkeyboard.com\/wp-content\/uploads\/2026\/05\/4-43-768x431.jpg 768w, https:\/\/halleffectkeyboard.com\/wp-content\/uploads\/2026\/05\/4-43-1536x862.jpg 1536w, https:\/\/halleffectkeyboard.com\/wp-content\/uploads\/2026\/05\/4-43-2048x1150.jpg 2048w, https:\/\/halleffectkeyboard.com\/wp-content\/uploads\/2026\/05\/4-43-18x10.jpg 18w, https:\/\/halleffectkeyboard.com\/wp-content\/uploads\/2026\/05\/4-43-1200x674.jpg 1200w\" sizes=\"auto, (max-width: 2560px) 100vw, 2560px\" data-no-translation=\"\" \/>Comment installer<\/strong><\/p>\n<ol>\n<li>Retirez la touche de l&#039;interrupteur \u00e0 l&#039;aide d&#039;un extracteur de touches.<\/li>\n<li>Glissez un joint torique sur la tige de l&#039;interrupteur, puis remettez le capuchon de la touche en place.<\/li>\n<li>L&#039;anneau se logera solidement \u00e0 l&#039;int\u00e9rieur de la touche, amortissant le choc lorsque celle-ci sera enfonc\u00e9e.<\/li>\n<\/ol>\n<p><strong>Le forfait comprend<\/strong><\/p>\n<ul>\n<li>120 amortisseurs \u00e0 joint torique en silicone<\/li>\n<\/ul>\n<p><strong>Note importante<\/strong> En utilisant ces <strong>Anneaux d&#039;amortissement pour clavier PAYSON<\/strong> La course des touches sera r\u00e9duite d&#039;environ 1 mm, ce qui procure une sensation de frappe plus courte et plus douce. Ce ph\u00e9nom\u00e8ne est normal et fait partie int\u00e9grante de leur effet d&#039;amortissement.<br \/>\n<img loading=\"lazy\" decoding=\"async\" class=\"alignnone size-full wp-image-5933\" src=\"https:\/\/halleffectkeyboard.com\/wp-content\/uploads\/2026\/05\/5-41-scaled.jpg\" alt=\"PAYSON Keyboard Dampening Rings\" width=\"2560\" height=\"1437\" srcset=\"https:\/\/halleffectkeyboard.com\/wp-content\/uploads\/2026\/05\/5-41-scaled.jpg 2560w, https:\/\/halleffectkeyboard.com\/wp-content\/uploads\/2026\/05\/5-41-300x168.jpg 300w, https:\/\/halleffectkeyboard.com\/wp-content\/uploads\/2026\/05\/5-41-1024x575.jpg 1024w, https:\/\/halleffectkeyboard.com\/wp-content\/uploads\/2026\/05\/5-41-768x431.jpg 768w, https:\/\/halleffectkeyboard.com\/wp-content\/uploads\/2026\/05\/5-41-1536x862.jpg 1536w, https:\/\/halleffectkeyboard.com\/wp-content\/uploads\/2026\/05\/5-41-2048x1150.jpg 2048w, https:\/\/halleffectkeyboard.com\/wp-content\/uploads\/2026\/05\/5-41-18x10.jpg 18w, https:\/\/halleffectkeyboard.com\/wp-content\/uploads\/2026\/05\/5-41-1200x674.jpg 1200w\" sizes=\"auto, (max-width: 2560px) 100vw, 2560px\" data-no-translation=\"\" \/><\/p>","protected":false},"excerpt":{"rendered":"<ul>\n<li><strong>R\u00e9duction ultime du bruit\u00a0:<\/strong>\u00a0Att\u00e9nue les bruits de fond pour un espace de travail plus silencieux et sans distractions.<\/li>\n<li><strong>Taille universelle :<\/strong>\u00a0Compatible avec la plupart des commutateurs et touches de type Cherry MX.<\/li>\n<li><strong>Confort de frappe :<\/strong>\u00a0R\u00e9duit la course des touches d&#039;environ 1 mm pour amortir les frappes et minimiser la fatigue des doigts.<\/li>\n<li><strong>Ensemble complet :<\/strong>\u00a0Comprend 120 anneaux en silicone r\u00e9sistants, de quoi am\u00e9liorer n&#039;importe quel clavier de taille standard.<\/li>\n<\/ul>","protected":false},"featured_media":5928,"comment_status":"open","ping_status":"closed","template":"","meta":[],"product_brand":[678],"product_cat":[290],"product_tag":[700,292],"class_list":{"0":"post-5922","1":"product","2":"type-product","3":"status-publish","4":"has-post-thumbnail","6":"product_brand-payson","7":"product_cat-tool","8":"product_tag-keyboard-tool","9":"product_tag-tool","11":"first","12":"instock","13":"taxable","14":"shipping-taxable","15":"purchasable","16":"product-type-variable","17":"wvs-archive-product-wrapper"},"aioseo_notices":[],"ct_brands":[{"id":678,"name":"PAYSON","slug":"payson"}],"jetpack_sharing_enabled":true,"_links":{"self":[{"href":"https:\/\/halleffectkeyboard.com\/fr\/wp-json\/wp\/v2\/product\/5922","targetHints":{"allow":["GET"]}}],"collection":[{"href":"https:\/\/halleffectkeyboard.com\/fr\/wp-json\/wp\/v2\/product"}],"about":[{"href":"https:\/\/halleffectkeyboard.com\/fr\/wp-json\/wp\/v2\/types\/product"}],"replies":[{"embeddable":true,"href":"https:\/\/halleffectkeyboard.com\/fr\/wp-json\/wp\/v2\/comments?post=5922"}],"version-history":[{"count":3,"href":"https:\/\/halleffectkeyboard.com\/fr\/wp-json\/wp\/v2\/product\/5922\/revisions"}],"predecessor-version":[{"id":5935,"href":"https:\/\/halleffectkeyboard.com\/fr\/wp-json\/wp\/v2\/product\/5922\/revisions\/5935"}],"wp:featuredmedia":[{"embeddable":true,"href":"https:\/\/halleffectkeyboard.com\/fr\/wp-json\/wp\/v2\/media\/5928"}],"wp:attachment":[{"href":"https:\/\/halleffectkeyboard.com\/fr\/wp-json\/wp\/v2\/media?parent=5922"}],"wp:term":[{"taxonomy":"product_brand","embeddable":true,"href":"https:\/\/halleffectkeyboard.com\/fr\/wp-json\/wp\/v2\/product_brand?post=5922"},{"taxonomy":"product_cat","embeddable":true,"href":"https:\/\/halleffectkeyboard.com\/fr\/wp-json\/wp\/v2\/product_cat?post=5922"},{"taxonomy":"product_tag","embeddable":true,"href":"https:\/\/halleffectkeyboard.com\/fr\/wp-json\/wp\/v2\/product_tag?post=5922"}],"curies":[{"name":"wp","href":"https:\/\/api.w.org\/{rel}","templated":true}]}}