{"id":5902,"date":"2026-05-13T16:35:11","date_gmt":"2026-05-13T08:35:11","guid":{"rendered":"https:\/\/halleffectkeyboard.com\/?post_type=product&#038;p=5902"},"modified":"2026-05-13T17:02:31","modified_gmt":"2026-05-13T09:02:31","slug":"payson-2-in-1-keycap-switch-puller","status":"publish","type":"product","link":"https:\/\/halleffectkeyboard.com\/fr\/produit\/extracteur-de-touches-payson-2-en-1\/","title":{"rendered":"Extracteur de touches 2 en 1 PAYSON"},"content":{"rendered":"<h1><strong>Extracteur de touches 2 en 1 PAYSON\u00a0: l\u2019outil ultime pour l\u2019entretien des claviers m\u00e9caniques<br \/>\n<img loading=\"lazy\" decoding=\"async\" class=\"alignnone size-full wp-image-5916\" src=\"https:\/\/halleffectkeyboard.com\/wp-content\/uploads\/2026\/05\/1-38-scaled.jpg\" alt=\"PAYSON 2-in-1 Keycap Switch Puller\" width=\"2560\" height=\"1437\" srcset=\"https:\/\/halleffectkeyboard.com\/wp-content\/uploads\/2026\/05\/1-38-scaled.jpg 2560w, https:\/\/halleffectkeyboard.com\/wp-content\/uploads\/2026\/05\/1-38-300x168.jpg 300w, https:\/\/halleffectkeyboard.com\/wp-content\/uploads\/2026\/05\/1-38-1024x575.jpg 1024w, https:\/\/halleffectkeyboard.com\/wp-content\/uploads\/2026\/05\/1-38-768x431.jpg 768w, https:\/\/halleffectkeyboard.com\/wp-content\/uploads\/2026\/05\/1-38-1536x862.jpg 1536w, https:\/\/halleffectkeyboard.com\/wp-content\/uploads\/2026\/05\/1-38-2048x1150.jpg 2048w, https:\/\/halleffectkeyboard.com\/wp-content\/uploads\/2026\/05\/1-38-18x10.jpg 18w, https:\/\/halleffectkeyboard.com\/wp-content\/uploads\/2026\/05\/1-38-1200x674.jpg 1200w\" sizes=\"auto, (max-width: 2560px) 100vw, 2560px\" data-no-translation=\"\" \/><br \/>\n<\/strong><\/h1>\n<h2><strong>Pr\u00e9sentation du produit<\/strong><\/h2>\n<p>Am\u00e9liorez votre configuration avec le <strong>Extracteur de touches 2 en 1 PAYSON<\/strong>, l&#039;essentiel <strong>accessoire pour clavier m\u00e9canique<\/strong> Con\u00e7u pour un retrait facile des touches et des interrupteurs. Que vous soyez d\u00e9butant ou passionn\u00e9 confirm\u00e9, ce <strong>Outil clavier 2 en 1<\/strong> est parfait pour personnaliser et entretenir votre clavier m\u00e9canique.<\/p>\n<p>Dot\u00e9 d&#039;une construction durable et d&#039;une conception conviviale, ce produit polyvalent <strong>extracteur de touches et d&#039;interrupteurs<\/strong> Fonctionne parfaitement avec les claviers m\u00e9caniques \u00e0 touches interchangeables \u00e0 chaud et les claviers \u00e0 interrupteurs magn\u00e9tiques. Simplifiez-vous la vie pour votre prochain montage gr\u00e2ce \u00e0 cet accessoire ultime. <strong>outil de personnalisation du clavier<\/strong>.<br \/>\n<img loading=\"lazy\" decoding=\"async\" class=\"alignnone size-full wp-image-5917\" src=\"https:\/\/halleffectkeyboard.com\/wp-content\/uploads\/2026\/05\/2-42-scaled.jpg\" alt=\"PAYSON 2-in-1 Keycap Switch Puller\" width=\"2560\" height=\"1437\" srcset=\"https:\/\/halleffectkeyboard.com\/wp-content\/uploads\/2026\/05\/2-42-scaled.jpg 2560w, https:\/\/halleffectkeyboard.com\/wp-content\/uploads\/2026\/05\/2-42-300x168.jpg 300w, https:\/\/halleffectkeyboard.com\/wp-content\/uploads\/2026\/05\/2-42-1024x575.jpg 1024w, https:\/\/halleffectkeyboard.com\/wp-content\/uploads\/2026\/05\/2-42-768x431.jpg 768w, https:\/\/halleffectkeyboard.com\/wp-content\/uploads\/2026\/05\/2-42-1536x862.jpg 1536w, https:\/\/halleffectkeyboard.com\/wp-content\/uploads\/2026\/05\/2-42-2048x1150.jpg 2048w, https:\/\/halleffectkeyboard.com\/wp-content\/uploads\/2026\/05\/2-42-18x10.jpg 18w, https:\/\/halleffectkeyboard.com\/wp-content\/uploads\/2026\/05\/2-42-1200x674.jpg 1200w\" sizes=\"auto, (max-width: 2560px) 100vw, 2560px\" data-no-translation=\"\" \/><\/p>\n<h2><strong>Caract\u00e9ristiques principales<\/strong><\/h2>\n<ul>\n<li><strong>V\u00e9ritable conception 2 en 1\u00a0:<\/strong>\u00a0Passez en douceur d&#039;un \u00e0 un\u00a0<strong>outil de retrait des touches<\/strong>\u00a0et un\u00a0<strong>outil d&#039;extraction d&#039;interrupteur<\/strong>\u00a0avec un seul appareil compact.<\/li>\n<li><strong>Compatibilit\u00e9 universelle\u00a0:<\/strong>\u00a0Un excellent\u00a0<strong>extracteur de clavier universel<\/strong>\u00a0qui fonctionne avec tous les commutateurs de type Cherry MX, les commutateurs magn\u00e9tiques et la plupart des profils de touches. Il sert \u00e9galement de solution fiable\u00a0<strong>extracteur d&#039;interrupteur magn\u00e9tique<\/strong>.<\/li>\n<li><strong>Mat\u00e9riaux \u00e0 haute r\u00e9sistance\u00a0:<\/strong>\u00a0Con\u00e7u pour durer, ce\u00a0<strong>extracteur d&#039;interrupteur en acier inoxydable<\/strong>\u00a0Dot\u00e9 de pointes en acier au mangan\u00e8se durable pour une utilisation \u00e0 long terme, il restera votre outil de pr\u00e9dilection.\u00a0<strong>outil de d\u00e9montage de clavier<\/strong>.<\/li>\n<li><strong>Poign\u00e9e ergonomique en ABS :<\/strong>\u00a0Con\u00e7u comme un\u00a0<strong>extracteur de touches ergonomique<\/strong>, la haute qualit\u00e9\u00a0<strong>extracteur de touches ABS<\/strong>\u00a0La poign\u00e9e offre une prise en main confortable qui ne glissera pas m\u00eame lors de s\u00e9ances de modification intensives.<\/li>\n<li><strong>S\u00fbr et efficace :<\/strong>\u00a0La conception de pr\u00e9cision\u00a0<strong>extracteur d&#039;interrupteur \u00e0 4 broches<\/strong>\u00a0Sa conception garantit qu&#039;il n&#039;y a aucun risque de rayer votre clavier ou de tordre les broches d\u00e9licates lorsqu&#039;il est utilis\u00e9 correctement.<br \/>\n<img loading=\"lazy\" decoding=\"async\" class=\"alignnone size-full wp-image-5918\" src=\"https:\/\/halleffectkeyboard.com\/wp-content\/uploads\/2026\/05\/3-42-scaled.jpg\" alt=\"PAYSON 2-in-1 Keycap Switch Puller\" width=\"2560\" height=\"1437\" srcset=\"https:\/\/halleffectkeyboard.com\/wp-content\/uploads\/2026\/05\/3-42-scaled.jpg 2560w, https:\/\/halleffectkeyboard.com\/wp-content\/uploads\/2026\/05\/3-42-300x168.jpg 300w, https:\/\/halleffectkeyboard.com\/wp-content\/uploads\/2026\/05\/3-42-1024x575.jpg 1024w, https:\/\/halleffectkeyboard.com\/wp-content\/uploads\/2026\/05\/3-42-768x431.jpg 768w, https:\/\/halleffectkeyboard.com\/wp-content\/uploads\/2026\/05\/3-42-1536x862.jpg 1536w, https:\/\/halleffectkeyboard.com\/wp-content\/uploads\/2026\/05\/3-42-2048x1150.jpg 2048w, https:\/\/halleffectkeyboard.com\/wp-content\/uploads\/2026\/05\/3-42-18x10.jpg 18w, https:\/\/halleffectkeyboard.com\/wp-content\/uploads\/2026\/05\/3-42-1200x674.jpg 1200w\" sizes=\"auto, (max-width: 2560px) 100vw, 2560px\" data-no-translation=\"\" \/><\/li>\n<\/ul>\n<h2><strong>Caract\u00e9ristiques<\/strong><\/h2>\n<table>\n<thead>\n<tr>\n<th>Article<\/th>\n<th>D\u00e9tails<\/th>\n<\/tr>\n<\/thead>\n<tbody>\n<tr>\n<td><strong>Nom du produit<\/strong><\/td>\n<td>Extracteur de touches et de commutateurs 2 en 1 \u00e0 4 broches PAYSON<\/td>\n<\/tr>\n<tr>\n<td><strong>Mat\u00e9riau de la coquille<\/strong><\/td>\n<td>Plastique ABS<\/td>\n<\/tr>\n<tr>\n<td><strong>Mat\u00e9riau de la broche m\u00e9tallique<\/strong><\/td>\n<td>Acier au mangan\u00e8se + Acier inoxydable<\/td>\n<\/tr>\n<tr>\n<td><strong>Dimensions<\/strong><\/td>\n<td>20 \u00d7 20 \u00d7 115 mm<\/td>\n<\/tr>\n<tr>\n<td><strong>Poids<\/strong><\/td>\n<td>25 g<\/td>\n<\/tr>\n<tr>\n<td><strong>Compatibilit\u00e9<\/strong><\/td>\n<td>Claviers m\u00e9caniques \u00e0 touches interchangeables \u00e0 chaud, claviers \u00e0 touches magn\u00e9tiques \u00e0 touches interchangeables \u00e0 chaud<\/td>\n<\/tr>\n<\/tbody>\n<\/table>\n<p><img loading=\"lazy\" decoding=\"async\" class=\"alignnone size-full wp-image-5919\" src=\"https:\/\/halleffectkeyboard.com\/wp-content\/uploads\/2026\/05\/4-41-scaled.jpg\" alt=\"PAYSON 2-in-1 Keycap Switch Puller\" width=\"2560\" height=\"1437\" srcset=\"https:\/\/halleffectkeyboard.com\/wp-content\/uploads\/2026\/05\/4-41-scaled.jpg 2560w, https:\/\/halleffectkeyboard.com\/wp-content\/uploads\/2026\/05\/4-41-300x168.jpg 300w, https:\/\/halleffectkeyboard.com\/wp-content\/uploads\/2026\/05\/4-41-1024x575.jpg 1024w, https:\/\/halleffectkeyboard.com\/wp-content\/uploads\/2026\/05\/4-41-768x431.jpg 768w, https:\/\/halleffectkeyboard.com\/wp-content\/uploads\/2026\/05\/4-41-1536x862.jpg 1536w, https:\/\/halleffectkeyboard.com\/wp-content\/uploads\/2026\/05\/4-41-2048x1150.jpg 2048w, https:\/\/halleffectkeyboard.com\/wp-content\/uploads\/2026\/05\/4-41-18x10.jpg 18w, https:\/\/halleffectkeyboard.com\/wp-content\/uploads\/2026\/05\/4-41-1200x674.jpg 1200w\" sizes=\"auto, (max-width: 2560px) 100vw, 2560px\" data-no-translation=\"\" \/><\/p>\n<h2><strong>Comment utiliser votre outil de modification de clavier<\/strong><\/h2>\n<h3><strong>Retrait des touches (Utilisation comme extracteur de touches)<\/strong><\/h3>\n<ol>\n<li>Accrochez les deux ergots incurv\u00e9s sous la touche, de part et d&#039;autre.<\/li>\n<li>Tirer le\u00a0<strong>extracteur de clavier m\u00e9canique<\/strong>\u00a0en exer\u00e7ant une force uniforme et droite pour retirer la touche en toute s\u00e9curit\u00e9.<\/li>\n<\/ol>\n<h3><strong>Retrait des interrupteurs (Utilisation comme extracteur d&#039;interrupteurs pour remplacement \u00e0 chaud)<\/strong><\/h3>\n<ol>\n<li>Alignez les quatre broches de la\u00a0<strong>outil de commutation \u00e0 chaud<\/strong>\u00a0avec les clips de fixation de l&#039;interrupteur (deux en haut, deux en bas).<\/li>\n<li>Pressez la poign\u00e9e pour fermer les broches et lib\u00e9rer les clips en toute s\u00e9curit\u00e9.<\/li>\n<li>Tirez l&#039;interrupteur tout droit hors du circuit imprim\u00e9.<\/li>\n<\/ol>\n<h2><strong>Le forfait comprend<\/strong><\/h2>\n<ul>\n<li>1 \u00d7\u00a0<strong>Extracteur de touches 2 en 1 PAYSON<br \/>\n<img loading=\"lazy\" decoding=\"async\" class=\"alignnone size-full wp-image-5920\" src=\"https:\/\/halleffectkeyboard.com\/wp-content\/uploads\/2026\/05\/5-39-scaled.jpg\" alt=\"PAYSON 2-in-1 Keycap Switch Puller\" width=\"2560\" height=\"1437\" srcset=\"https:\/\/halleffectkeyboard.com\/wp-content\/uploads\/2026\/05\/5-39-scaled.jpg 2560w, https:\/\/halleffectkeyboard.com\/wp-content\/uploads\/2026\/05\/5-39-300x168.jpg 300w, https:\/\/halleffectkeyboard.com\/wp-content\/uploads\/2026\/05\/5-39-1024x575.jpg 1024w, https:\/\/halleffectkeyboard.com\/wp-content\/uploads\/2026\/05\/5-39-768x431.jpg 768w, https:\/\/halleffectkeyboard.com\/wp-content\/uploads\/2026\/05\/5-39-1536x862.jpg 1536w, https:\/\/halleffectkeyboard.com\/wp-content\/uploads\/2026\/05\/5-39-2048x1150.jpg 2048w, https:\/\/halleffectkeyboard.com\/wp-content\/uploads\/2026\/05\/5-39-18x10.jpg 18w, https:\/\/halleffectkeyboard.com\/wp-content\/uploads\/2026\/05\/5-39-1200x674.jpg 1200w\" sizes=\"auto, (max-width: 2560px) 100vw, 2560px\" data-no-translation=\"\" \/><br \/>\n<\/strong><\/li>\n<\/ul>","protected":false},"excerpt":{"rendered":"<p>Le <strong>Extracteur de touches 2 en 1 PAYSON<\/strong> Cet outil est le compagnon id\u00e9al des passionn\u00e9s de claviers m\u00e9caniques. Combinant un extracteur de touches et un extracteur de commutateurs \u00e0 4 broches de pr\u00e9cision en un seul outil compact, il garantit un entretien s\u00fbr et sans rayures pour tous vos claviers \u00e0 commutateurs magn\u00e9tiques et \u00e0 touches rempla\u00e7ables \u00e0 chaud.<\/p>","protected":false},"featured_media":5908,"comment_status":"open","ping_status":"closed","template":"","meta":[],"product_brand":[678],"product_cat":[290],"product_tag":[700,292],"class_list":{"0":"post-5902","1":"product","2":"type-product","3":"status-publish","4":"has-post-thumbnail","6":"product_brand-payson","7":"product_cat-tool","8":"product_tag-keyboard-tool","9":"product_tag-tool","11":"first","12":"instock","13":"taxable","14":"shipping-taxable","15":"purchasable","16":"product-type-variable","17":"wvs-archive-product-wrapper"},"aioseo_notices":[],"ct_brands":[{"id":678,"name":"PAYSON","slug":"payson"}],"jetpack_sharing_enabled":true,"_links":{"self":[{"href":"https:\/\/halleffectkeyboard.com\/fr\/wp-json\/wp\/v2\/product\/5902","targetHints":{"allow":["GET"]}}],"collection":[{"href":"https:\/\/halleffectkeyboard.com\/fr\/wp-json\/wp\/v2\/product"}],"about":[{"href":"https:\/\/halleffectkeyboard.com\/fr\/wp-json\/wp\/v2\/types\/product"}],"replies":[{"embeddable":true,"href":"https:\/\/halleffectkeyboard.com\/fr\/wp-json\/wp\/v2\/comments?post=5902"}],"version-history":[{"count":3,"href":"https:\/\/halleffectkeyboard.com\/fr\/wp-json\/wp\/v2\/product\/5902\/revisions"}],"predecessor-version":[{"id":5921,"href":"https:\/\/halleffectkeyboard.com\/fr\/wp-json\/wp\/v2\/product\/5902\/revisions\/5921"}],"wp:featuredmedia":[{"embeddable":true,"href":"https:\/\/halleffectkeyboard.com\/fr\/wp-json\/wp\/v2\/media\/5908"}],"wp:attachment":[{"href":"https:\/\/halleffectkeyboard.com\/fr\/wp-json\/wp\/v2\/media?parent=5902"}],"wp:term":[{"taxonomy":"product_brand","embeddable":true,"href":"https:\/\/halleffectkeyboard.com\/fr\/wp-json\/wp\/v2\/product_brand?post=5902"},{"taxonomy":"product_cat","embeddable":true,"href":"https:\/\/halleffectkeyboard.com\/fr\/wp-json\/wp\/v2\/product_cat?post=5902"},{"taxonomy":"product_tag","embeddable":true,"href":"https:\/\/halleffectkeyboard.com\/fr\/wp-json\/wp\/v2\/product_tag?post=5902"}],"curies":[{"name":"wp","href":"https:\/\/api.w.org\/{rel}","templated":true}]}}