{"id":5614,"date":"2026-05-11T13:51:38","date_gmt":"2026-05-11T05:51:38","guid":{"rendered":"https:\/\/halleffectkeyboard.com\/?post_type=product&#038;p=5614"},"modified":"2026-05-11T15:52:55","modified_gmt":"2026-05-11T07:52:55","slug":"aula-mini60-he-pro-hall-effect-keyboard","status":"publish","type":"product","link":"https:\/\/halleffectkeyboard.com\/fr\/produit\/clavier-a-effet-hall-aula-mini60-he-pro\/","title":{"rendered":"Clavier \u00e0 effet Hall AULA Mini60 HE PRO"},"content":{"rendered":"<h1>Clavier \u00e0 effet Hall AULA Mini60 HE PRO\u00a0: Le clavier de jeu ultime \u00e0 d\u00e9clenchement rapide 60%<br \/>\n<img loading=\"lazy\" decoding=\"async\" class=\"alignnone size-full wp-image-5654\" src=\"https:\/\/halleffectkeyboard.com\/wp-content\/uploads\/2026\/05\/7-10-scaled.jpg\" alt=\"AULA Mini60 HE PRO Hall Effect Keyboard\" width=\"2560\" height=\"1437\" srcset=\"https:\/\/halleffectkeyboard.com\/wp-content\/uploads\/2026\/05\/7-10-scaled.jpg 2560w, https:\/\/halleffectkeyboard.com\/wp-content\/uploads\/2026\/05\/7-10-300x168.jpg 300w, https:\/\/halleffectkeyboard.com\/wp-content\/uploads\/2026\/05\/7-10-1024x575.jpg 1024w, https:\/\/halleffectkeyboard.com\/wp-content\/uploads\/2026\/05\/7-10-768x431.jpg 768w, https:\/\/halleffectkeyboard.com\/wp-content\/uploads\/2026\/05\/7-10-1536x862.jpg 1536w, https:\/\/halleffectkeyboard.com\/wp-content\/uploads\/2026\/05\/7-10-2048x1150.jpg 2048w, https:\/\/halleffectkeyboard.com\/wp-content\/uploads\/2026\/05\/7-10-18x10.jpg 18w, https:\/\/halleffectkeyboard.com\/wp-content\/uploads\/2026\/05\/7-10-1200x674.jpg 1200w\" sizes=\"auto, (max-width: 2560px) 100vw, 2560px\" data-no-translation=\"\" \/><\/h1>\n<p><strong>Pr\u00e9sentation du produit<\/strong> D\u00e9couvrez le summum du jeu comp\u00e9titif avec <strong>AULA Mini60 HE PRO<\/strong>, une prime <strong>clavier \u00e0 effet Hall<\/strong> Con\u00e7u pour les professionnels de l&#039;e-sport et les passionn\u00e9s de claviers m\u00e9caniques. Un produit haut de gamme. <strong>Clavier 60<\/strong>, Il combine \u00e0 la perfection une technologie de pointe en mati\u00e8re de commutation magn\u00e9tique et un design compact. Que vous recherchiez le nec plus ultra <strong>Clavier de jeu FPS<\/strong>, une personne tr\u00e8s r\u00e9active <strong>Clavier Valorant<\/strong>, ou une vitesse fulgurante <strong>clavier osu!<\/strong>, L&#039;AULA Mini60 HE PRO offre une pr\u00e9cision et une vitesse in\u00e9gal\u00e9es pour tous vos besoins. <strong>clavier de jeux rapides<\/strong> besoins.<br \/>\n<img loading=\"lazy\" decoding=\"async\" class=\"alignnone size-full wp-image-5648\" src=\"https:\/\/halleffectkeyboard.com\/wp-content\/uploads\/2026\/05\/1-22-scaled.jpg\" alt=\"AULA Mini60 HE PRO Hall Effect Keyboard\" width=\"2560\" height=\"1437\" srcset=\"https:\/\/halleffectkeyboard.com\/wp-content\/uploads\/2026\/05\/1-22-scaled.jpg 2560w, https:\/\/halleffectkeyboard.com\/wp-content\/uploads\/2026\/05\/1-22-300x168.jpg 300w, https:\/\/halleffectkeyboard.com\/wp-content\/uploads\/2026\/05\/1-22-1024x575.jpg 1024w, https:\/\/halleffectkeyboard.com\/wp-content\/uploads\/2026\/05\/1-22-768x431.jpg 768w, https:\/\/halleffectkeyboard.com\/wp-content\/uploads\/2026\/05\/1-22-1536x862.jpg 1536w, https:\/\/halleffectkeyboard.com\/wp-content\/uploads\/2026\/05\/1-22-2048x1150.jpg 2048w, https:\/\/halleffectkeyboard.com\/wp-content\/uploads\/2026\/05\/1-22-18x10.jpg 18w, https:\/\/halleffectkeyboard.com\/wp-content\/uploads\/2026\/05\/1-22-1200x674.jpg 1200w\" sizes=\"auto, (max-width: 2560px) 100vw, 2560px\" data-no-translation=\"\" \/><\/p>\n<h3><strong>Caract\u00e9ristiques principales<\/strong><\/h3>\n<p><strong>Interrupteurs \u00e0 effet Hall de nouvelle g\u00e9n\u00e9ration et sensibilit\u00e9 RT de 0,01 mm<\/strong> Entrez dans le futur du jeu vid\u00e9o avec des technologies avanc\u00e9es <strong>interrupteurs \u00e0 effet Hall<\/strong>. En tant que v\u00e9ritable <strong>Clavier \u00e0 d\u00e9clenchement rapide \/ Clavier RT<\/strong>, Le Mini60 HE PRO permet un contr\u00f4le pr\u00e9cis de l&#039;actionnement via son pilote web. <strong>clavier \u00e0 point d&#039;activation r\u00e9glable<\/strong> Permet de personnaliser les points de d\u00e9clenchement, d&#039;une vitesse fulgurante de 0,1 mm pour les tireurs \u00e0 une course plus lente de 3,4 mm pour la frappe. Vivez une exp\u00e9rience ultime. <strong>Clavier \u00e0 interrupteurs magn\u00e9tiques<\/strong> qui s&#039;adapte parfaitement aussi bien aux comp\u00e9titions d&#039;e-sport intenses qu&#039;\u00e0 la productivit\u00e9 quotidienne.<\/p>\n<p><img loading=\"lazy\" decoding=\"async\" class=\"alignnone size-full wp-image-5649\" src=\"https:\/\/halleffectkeyboard.com\/wp-content\/uploads\/2026\/05\/2-23-scaled.jpg\" alt=\"AULA Mini60 HE PRO Hall Effect Keyboard\" width=\"2560\" height=\"1437\" srcset=\"https:\/\/halleffectkeyboard.com\/wp-content\/uploads\/2026\/05\/2-23-scaled.jpg 2560w, https:\/\/halleffectkeyboard.com\/wp-content\/uploads\/2026\/05\/2-23-300x168.jpg 300w, https:\/\/halleffectkeyboard.com\/wp-content\/uploads\/2026\/05\/2-23-1024x575.jpg 1024w, https:\/\/halleffectkeyboard.com\/wp-content\/uploads\/2026\/05\/2-23-768x431.jpg 768w, https:\/\/halleffectkeyboard.com\/wp-content\/uploads\/2026\/05\/2-23-1536x862.jpg 1536w, https:\/\/halleffectkeyboard.com\/wp-content\/uploads\/2026\/05\/2-23-2048x1150.jpg 2048w, https:\/\/halleffectkeyboard.com\/wp-content\/uploads\/2026\/05\/2-23-18x10.jpg 18w, https:\/\/halleffectkeyboard.com\/wp-content\/uploads\/2026\/05\/2-23-1200x674.jpg 1200w\" sizes=\"auto, (max-width: 2560px) 100vw, 2560px\" data-no-translation=\"\" \/><\/p>\n<p><strong>Fr\u00e9quence d&#039;interrogation ultra-rapide de 8\u00a0000\u00a0Hz et vitesse de balayage de 128\u00a0kHz<\/strong> Am\u00e9liorez votre exp\u00e9rience de jeu gr\u00e2ce \u00e0 une r\u00e9activit\u00e9 exceptionnelle. <strong>Fr\u00e9quence d&#039;interrogation de 8\u00a0000 Hz<\/strong>. Ce syst\u00e8me avanc\u00e9 <strong>clavier magn\u00e9tique<\/strong> garantit une latence nulle et des mises \u00e0 jour ultra-rapides \u00e0 chaque frappe. Associ\u00e9 \u00e0 une fr\u00e9quence de balayage de 128 kHz, c&#039;est la solution id\u00e9ale. <strong>Clavier de jeu de rythme<\/strong> o\u00f9 chaque milliseconde compte, garantissant la capture instantan\u00e9e de chaque commande rapide.<br \/>\n<img loading=\"lazy\" decoding=\"async\" class=\"alignnone size-full wp-image-5653\" src=\"https:\/\/halleffectkeyboard.com\/wp-content\/uploads\/2026\/05\/6-11-scaled.jpg\" alt=\"AULA Mini60 HE PRO Hall Effect Keyboard\" width=\"2560\" height=\"1437\" srcset=\"https:\/\/halleffectkeyboard.com\/wp-content\/uploads\/2026\/05\/6-11-scaled.jpg 2560w, https:\/\/halleffectkeyboard.com\/wp-content\/uploads\/2026\/05\/6-11-300x168.jpg 300w, https:\/\/halleffectkeyboard.com\/wp-content\/uploads\/2026\/05\/6-11-1024x575.jpg 1024w, https:\/\/halleffectkeyboard.com\/wp-content\/uploads\/2026\/05\/6-11-768x431.jpg 768w, https:\/\/halleffectkeyboard.com\/wp-content\/uploads\/2026\/05\/6-11-1536x862.jpg 1536w, https:\/\/halleffectkeyboard.com\/wp-content\/uploads\/2026\/05\/6-11-2048x1150.jpg 2048w, https:\/\/halleffectkeyboard.com\/wp-content\/uploads\/2026\/05\/6-11-18x10.jpg 18w, https:\/\/halleffectkeyboard.com\/wp-content\/uploads\/2026\/05\/6-11-1200x674.jpg 1200w\" sizes=\"auto, (max-width: 2560px) 100vw, 2560px\" data-no-translation=\"\" \/><\/p>\n<p><strong>Disposition compacte du clavier 60% pour une efficacit\u00e9 maximale<\/strong> Optimisez votre espace de bureau avec cet \u00e9l\u00e9gant <strong>Clavier de jeu 60<\/strong>. Le minimaliste <strong>disposition du clavier \u00e0 60 %<\/strong> Elle supprime les touches inutiles pour offrir plus de libert\u00e9 de mouvement \u00e0 votre souris, ce qui la rend id\u00e9ale pour les joueurs \u00e0 faible sensibilit\u00e9. Malgr\u00e9 sa taille, elle conserve toutes ses fonctionnalit\u00e9s\u00a0: vous pouvez facilement personnaliser les macros ou reconfigurer les touches. <strong>Touche d&#039;accueil par d\u00e9faut pour clavier 60 touches<\/strong> configurations utilisant le logiciel intuitif. Parmi tous <strong>60 claviers<\/strong> sur le march\u00e9, ceci <strong>60 claviers<\/strong> Il se distingue par ses supports ergonomiques \u00e0 2 niveaux qui assurent un confort optimal m\u00eame lors de longues sessions de jeu.<br \/>\n<img loading=\"lazy\" decoding=\"async\" class=\"alignnone size-full wp-image-5651\" src=\"https:\/\/halleffectkeyboard.com\/wp-content\/uploads\/2026\/05\/4-23-scaled.jpg\" alt=\"AULA Mini60 HE PRO Hall Effect Keyboard\" width=\"2560\" height=\"1437\" srcset=\"https:\/\/halleffectkeyboard.com\/wp-content\/uploads\/2026\/05\/4-23-scaled.jpg 2560w, https:\/\/halleffectkeyboard.com\/wp-content\/uploads\/2026\/05\/4-23-300x168.jpg 300w, https:\/\/halleffectkeyboard.com\/wp-content\/uploads\/2026\/05\/4-23-1024x575.jpg 1024w, https:\/\/halleffectkeyboard.com\/wp-content\/uploads\/2026\/05\/4-23-768x431.jpg 768w, https:\/\/halleffectkeyboard.com\/wp-content\/uploads\/2026\/05\/4-23-1536x862.jpg 1536w, https:\/\/halleffectkeyboard.com\/wp-content\/uploads\/2026\/05\/4-23-2048x1150.jpg 2048w, https:\/\/halleffectkeyboard.com\/wp-content\/uploads\/2026\/05\/4-23-18x10.jpg 18w, https:\/\/halleffectkeyboard.com\/wp-content\/uploads\/2026\/05\/4-23-1200x674.jpg 1200w\" sizes=\"auto, (max-width: 2560px) 100vw, 2560px\" data-no-translation=\"\" \/><\/p>\n<p><strong>Ma\u00eetrise du sans-fil tri-mode et multiplateforme<\/strong> L&#039;AULA Mini60 HE PRO est un appareil extr\u00eamement polyvalent. <strong>Clavier de jeu compatible Mac et Windows<\/strong>. Il offre une connectivit\u00e9 trimodale fluide\u00a0: Bluetooth, Wi-Fi 2,4\u00a0GHz \u00e0 faible latence et USB-C filaire. Gr\u00e2ce \u00e0 sa batterie robuste de 4\u00a0000\u00a0mAh, vous pouvez passer facilement de votre PC, Mac ou tablette sans vous soucier des recharges fr\u00e9quentes.<br \/>\n<img loading=\"lazy\" decoding=\"async\" class=\"alignnone size-full wp-image-5650\" src=\"https:\/\/halleffectkeyboard.com\/wp-content\/uploads\/2026\/05\/3-24-scaled.jpg\" alt=\"AULA Mini60 HE PRO Hall Effect Keyboard\" width=\"2560\" height=\"1437\" srcset=\"https:\/\/halleffectkeyboard.com\/wp-content\/uploads\/2026\/05\/3-24-scaled.jpg 2560w, https:\/\/halleffectkeyboard.com\/wp-content\/uploads\/2026\/05\/3-24-300x168.jpg 300w, https:\/\/halleffectkeyboard.com\/wp-content\/uploads\/2026\/05\/3-24-1024x575.jpg 1024w, https:\/\/halleffectkeyboard.com\/wp-content\/uploads\/2026\/05\/3-24-768x431.jpg 768w, https:\/\/halleffectkeyboard.com\/wp-content\/uploads\/2026\/05\/3-24-1536x862.jpg 1536w, https:\/\/halleffectkeyboard.com\/wp-content\/uploads\/2026\/05\/3-24-2048x1150.jpg 2048w, https:\/\/halleffectkeyboard.com\/wp-content\/uploads\/2026\/05\/3-24-18x10.jpg 18w, https:\/\/halleffectkeyboard.com\/wp-content\/uploads\/2026\/05\/3-24-1200x674.jpg 1200w\" sizes=\"auto, (max-width: 2560px) 100vw, 2560px\" data-no-translation=\"\" \/><\/p>\n<p><strong>Superbe r\u00e9tro\u00e9clairage RGB et touches \u00e0 profil Cherry<\/strong> Illuminez votre station de combat avec un r\u00e9tro\u00e9clairage RVB vibrant et personnalisable. <strong>Clavier personnalis\u00e9<\/strong> fonctionnalit\u00e9s premium <strong>Touches PBT \u00e0 profil Cherry, imprim\u00e9es lat\u00e9ralement<\/strong> qui laissent transpara\u00eetre les couleurs RVB pour un \u00e9clairage magnifique, m\u00eame en faible luminosit\u00e9. Choisissez parmi une gamme d&#039;effets lumineux dynamiques pour cr\u00e9er une ambiance de jeu immersive.<\/p>\n<p><strong>Pilote Web programmable pour un contr\u00f4le ultime<\/strong> Lib\u00e9rez tout le potentiel de votre <strong>Clavier \u00e0 60 pour cent<\/strong> Gr\u00e2ce au pilote web programmable, impl\u00e9mentez Mod Tap ou Dynamic Keystroke pour assigner plusieurs fonctions \u00e0 une seule touche en fonction de la dur\u00e9e de la frappe (appui court, maintien long ou profondeur), permettant ainsi des activations de commandes complexes tout en conservant un contr\u00f4le total des touches de d\u00e9placement.<br \/>\n<img loading=\"lazy\" decoding=\"async\" class=\"alignnone size-full wp-image-5652\" src=\"https:\/\/halleffectkeyboard.com\/wp-content\/uploads\/2026\/05\/5-25-scaled.jpg\" alt=\"AULA Mini60 HE PRO Hall Effect Keyboard\" width=\"2560\" height=\"1437\" srcset=\"https:\/\/halleffectkeyboard.com\/wp-content\/uploads\/2026\/05\/5-25-scaled.jpg 2560w, https:\/\/halleffectkeyboard.com\/wp-content\/uploads\/2026\/05\/5-25-300x168.jpg 300w, https:\/\/halleffectkeyboard.com\/wp-content\/uploads\/2026\/05\/5-25-1024x575.jpg 1024w, https:\/\/halleffectkeyboard.com\/wp-content\/uploads\/2026\/05\/5-25-768x431.jpg 768w, https:\/\/halleffectkeyboard.com\/wp-content\/uploads\/2026\/05\/5-25-1536x862.jpg 1536w, https:\/\/halleffectkeyboard.com\/wp-content\/uploads\/2026\/05\/5-25-2048x1150.jpg 2048w, https:\/\/halleffectkeyboard.com\/wp-content\/uploads\/2026\/05\/5-25-18x10.jpg 18w, https:\/\/halleffectkeyboard.com\/wp-content\/uploads\/2026\/05\/5-25-1200x674.jpg 1200w\" sizes=\"auto, (max-width: 2560px) 100vw, 2560px\" data-no-translation=\"\" \/><\/p>\n<hr \/>\n<h3><strong>Version MAX : La mise \u00e0 niveau Premium<\/strong><\/h3>\n<p>Pour les amateurs de bricolage et les clavi\u00e9ristes sur mesure, le <strong>AULA Mini60 HE PRO Version MAX<\/strong> La qualit\u00e9 de fabrication passe \u00e0 un niveau sup\u00e9rieur. Cette version am\u00e9lior\u00e9e <strong>clavier magn\u00e9tique \u00e0 montage sup\u00e9rieur<\/strong> Cet accessoire est optimis\u00e9 en termes de mat\u00e9riaux, de structure et de compatibilit\u00e9.<\/p>\n<ul>\n<li><strong>Mat\u00e9riaux et fabrication haut de gamme :<\/strong>\u00a0Fabriqu\u00e9e \u00e0 partir d&#039;une plaque haute densit\u00e9 et haute duret\u00e9 moul\u00e9e par commande num\u00e9rique, cette plaque offre une surface r\u00e9sistante \u00e0 l&#039;usure et aux rayures qui ne jaunira pas avec le temps. Ses bords arrondis et lisses garantissent une installation s\u00fbre et sans bavures.<\/li>\n<li><strong>Performances acoustiques HIFI :<\/strong>\u00a0La structure renforc\u00e9e int\u00e9gr\u00e9e \u00e9limine les bruits creux et les vibrations lors de la frappe, offrant un profil sonore HIFI plus net et plus riche.<\/li>\n<li><strong>Pr\u00e9cision et compatibilit\u00e9 ultimes\u00a0:<\/strong>\u00a0Con\u00e7u avec un positionnement des trous sans erreur, il s&#039;adapte parfaitement aux circuits imprim\u00e9s \u00e0 \u00e9change \u00e0 chaud courants, aux commutateurs m\u00e9caniques conventionnels et aux axes de satellites.<\/li>\n<li><strong>Con\u00e7u pour durer :<\/strong>\u00a0Des mat\u00e9riaux plus \u00e9pais et de qualit\u00e9 sup\u00e9rieure offrent une meilleure r\u00e9sistance \u00e0 la pression, emp\u00eachant la flexion et assurant une dur\u00e9e de vie plus longue \u00e0 votre produit.\u00a0<strong>Clavier de jeu<\/strong>.<\/li>\n<\/ul>\n<p><strong>Sc\u00e9narios d&#039;utilisation\u00a0:<\/strong> Id\u00e9al pour les comp\u00e9titions e-sport, la saisie bureautique quotidienne, les modifications de clavier personnalis\u00e9es et l&#039;am\u00e9lioration de votre configuration actuelle. Dominez les classements et optimisez votre exp\u00e9rience de frappe avec l&#039;AULA Mini60 HE PRO d\u00e8s aujourd&#039;hui\u00a0!<\/p>","protected":false},"excerpt":{"rendered":"<ul>\n<li><strong>Pr\u00e9cision nouvelle g\u00e9n\u00e9ration\u00a0:<\/strong>\u00a0Interrupteurs magn\u00e9tiques \u00e0 effet Hall avec sensibilit\u00e9 de d\u00e9clenchement rapide (RT) r\u00e9glable de 0,01 mm.<\/li>\n<li><strong>Latence nulle\u00a0:<\/strong>\u00a0Fr\u00e9quence d&#039;interrogation de 8000 Hz et fr\u00e9quence de balayage de 128 kHz pour une r\u00e9ponse instantan\u00e9e dans les jeux rapides.<\/li>\n<li><strong>Efficacit\u00e9 compacte :<\/strong>\u00a0Disposition 60% avec touches PBT premium \u00e0 profil Cherry imprim\u00e9es lat\u00e9ralement et un superbe \u00e9clairage RGB.<\/li>\n<li><strong>Ma\u00eetrise multiplateforme\u00a0:<\/strong>\u00a0Connectivit\u00e9 tri-mode (Bluetooth, 2,4 GHz, USB-C) enti\u00e8rement compatible avec Mac et Windows.<\/li>\n<\/ul>","protected":false},"featured_media":5643,"comment_status":"open","ping_status":"closed","template":"","meta":[],"product_brand":[54],"product_cat":[571,322,20],"product_tag":[606,58,22],"class_list":{"0":"post-5614","1":"product","2":"type-product","3":"status-publish","4":"has-post-thumbnail","6":"product_brand-aula","7":"product_cat-60-keyboard","8":"product_cat-hall-effect-keyboard","9":"product_cat-keyboard","10":"product_tag-60-keyboard","11":"product_tag-hall-effect-keyboard","12":"product_tag-keyboard","14":"first","15":"instock","16":"sale","17":"taxable","18":"shipping-taxable","19":"purchasable","20":"product-type-variable","21":"wvs-archive-product-wrapper"},"aioseo_notices":[],"ct_brands":[{"id":54,"name":"AULA","slug":"aula"}],"jetpack_sharing_enabled":true,"_links":{"self":[{"href":"https:\/\/halleffectkeyboard.com\/fr\/wp-json\/wp\/v2\/product\/5614","targetHints":{"allow":["GET"]}}],"collection":[{"href":"https:\/\/halleffectkeyboard.com\/fr\/wp-json\/wp\/v2\/product"}],"about":[{"href":"https:\/\/halleffectkeyboard.com\/fr\/wp-json\/wp\/v2\/types\/product"}],"replies":[{"embeddable":true,"href":"https:\/\/halleffectkeyboard.com\/fr\/wp-json\/wp\/v2\/comments?post=5614"}],"version-history":[{"count":3,"href":"https:\/\/halleffectkeyboard.com\/fr\/wp-json\/wp\/v2\/product\/5614\/revisions"}],"predecessor-version":[{"id":5656,"href":"https:\/\/halleffectkeyboard.com\/fr\/wp-json\/wp\/v2\/product\/5614\/revisions\/5656"}],"wp:featuredmedia":[{"embeddable":true,"href":"https:\/\/halleffectkeyboard.com\/fr\/wp-json\/wp\/v2\/media\/5643"}],"wp:attachment":[{"href":"https:\/\/halleffectkeyboard.com\/fr\/wp-json\/wp\/v2\/media?parent=5614"}],"wp:term":[{"taxonomy":"product_brand","embeddable":true,"href":"https:\/\/halleffectkeyboard.com\/fr\/wp-json\/wp\/v2\/product_brand?post=5614"},{"taxonomy":"product_cat","embeddable":true,"href":"https:\/\/halleffectkeyboard.com\/fr\/wp-json\/wp\/v2\/product_cat?post=5614"},{"taxonomy":"product_tag","embeddable":true,"href":"https:\/\/halleffectkeyboard.com\/fr\/wp-json\/wp\/v2\/product_tag?post=5614"}],"curies":[{"name":"wp","href":"https:\/\/api.w.org\/{rel}","templated":true}]}}