{"id":5541,"date":"2026-05-09T15:46:27","date_gmt":"2026-05-09T07:46:27","guid":{"rendered":"https:\/\/halleffectkeyboard.com\/?post_type=product&#038;p=5541"},"modified":"2026-05-11T10:21:17","modified_gmt":"2026-05-11T02:21:17","slug":"aula-ag75-hall-effect-keyboard","status":"publish","type":"product","link":"https:\/\/halleffectkeyboard.com\/fr\/produit\/clavier-a-effet-hall-aula-ag75\/","title":{"rendered":"Clavier \u00e0 effet Hall AULA AG75"},"content":{"rendered":"<h1>Clavier \u00e0 effet Hall AULA AG75\u00a0: Le clavier de jeu magn\u00e9tique ultime 75%<br \/>\n<img loading=\"lazy\" decoding=\"async\" class=\"alignnone size-full wp-image-5596\" src=\"https:\/\/halleffectkeyboard.com\/wp-content\/uploads\/2026\/05\/1-20-scaled.jpg\" alt=\"AULA AG75 Hall Effect Keyboard\" width=\"2560\" height=\"1437\" srcset=\"https:\/\/halleffectkeyboard.com\/wp-content\/uploads\/2026\/05\/1-20-scaled.jpg 2560w, https:\/\/halleffectkeyboard.com\/wp-content\/uploads\/2026\/05\/1-20-300x168.jpg 300w, https:\/\/halleffectkeyboard.com\/wp-content\/uploads\/2026\/05\/1-20-1024x575.jpg 1024w, https:\/\/halleffectkeyboard.com\/wp-content\/uploads\/2026\/05\/1-20-768x431.jpg 768w, https:\/\/halleffectkeyboard.com\/wp-content\/uploads\/2026\/05\/1-20-1536x862.jpg 1536w, https:\/\/halleffectkeyboard.com\/wp-content\/uploads\/2026\/05\/1-20-2048x1150.jpg 2048w, https:\/\/halleffectkeyboard.com\/wp-content\/uploads\/2026\/05\/1-20-18x10.jpg 18w, https:\/\/halleffectkeyboard.com\/wp-content\/uploads\/2026\/05\/1-20-1200x674.jpg 1200w\" sizes=\"auto, (max-width: 2560px) 100vw, 2560px\" data-no-translation=\"\" \/><\/h1>\n<p>D\u00e9couvrez un niveau sup\u00e9rieur de jeu comp\u00e9titif et de pr\u00e9cision de frappe avec le <strong>AULA AG75<\/strong>, une prime <strong>clavier \u00e0 effet Hall<\/strong> Con\u00e7u pour des performances optimales. Dot\u00e9 d&#039;un \u00e9l\u00e9gant bo\u00eetier enti\u00e8rement en aluminium usin\u00e9 CNC et de commutateurs magn\u00e9tiques de pointe, ce <strong>Clavier 75<\/strong> L&#039;AG75 offre un \u00e9quilibre parfait entre compacit\u00e9 et fonctionnalit\u00e9s sans compromis. Que vous soyez un professionnel de l&#039;e-sport ou un passionn\u00e9 de claviers m\u00e9caniques personnalis\u00e9s, la s\u00e9rie AG75 (Standard, Pro et Ultra) vous garantit une exp\u00e9rience in\u00e9gal\u00e9e.<br \/>\n<img loading=\"lazy\" decoding=\"async\" class=\"alignnone size-full wp-image-5599\" src=\"https:\/\/halleffectkeyboard.com\/wp-content\/uploads\/2026\/05\/4-21-scaled.jpg\" alt=\"AULA AG75 Hall Effect Keyboard\" width=\"2560\" height=\"1437\" srcset=\"https:\/\/halleffectkeyboard.com\/wp-content\/uploads\/2026\/05\/4-21-scaled.jpg 2560w, https:\/\/halleffectkeyboard.com\/wp-content\/uploads\/2026\/05\/4-21-300x168.jpg 300w, https:\/\/halleffectkeyboard.com\/wp-content\/uploads\/2026\/05\/4-21-1024x575.jpg 1024w, https:\/\/halleffectkeyboard.com\/wp-content\/uploads\/2026\/05\/4-21-768x431.jpg 768w, https:\/\/halleffectkeyboard.com\/wp-content\/uploads\/2026\/05\/4-21-1536x862.jpg 1536w, https:\/\/halleffectkeyboard.com\/wp-content\/uploads\/2026\/05\/4-21-2048x1150.jpg 2048w, https:\/\/halleffectkeyboard.com\/wp-content\/uploads\/2026\/05\/4-21-18x10.jpg 18w, https:\/\/halleffectkeyboard.com\/wp-content\/uploads\/2026\/05\/4-21-1200x674.jpg 1200w\" sizes=\"auto, (max-width: 2560px) 100vw, 2560px\" data-no-translation=\"\" \/><\/p>\n<h2>Dominez gr\u00e2ce \u00e0 des performances ultra-rapides<\/h2>\n<p>Con\u00e7ue pour la vitesse, l&#039;AULA AG75 est une v\u00e9ritable <strong>Clavier \u00e0 d\u00e9clenchement rapide \/ Clavier RT<\/strong> qui \u00e9limine le d\u00e9lai d&#039;entr\u00e9e traditionnel.<\/p>\n<ul>\n<li><strong>R\u00e9ponse ultra-rapide\u00a0:<\/strong>\u00a0Vivez une exp\u00e9rience de jeu sans aucun d\u00e9calage gr\u00e2ce \u00e0 un\u00a0<strong>Fr\u00e9quence d&#039;interrogation de 8\u00a0000\u00a0Hz<\/strong>\u00a0et une latence moyenne incroyablement basse de seulement 0,08 ms (version Ultra).<\/li>\n<li><strong>Clavier \u00e0 point d&#039;activation r\u00e9glable\u00a0:<\/strong>\u00a0Personnalisez la course de vos touches de 0,001 mm \u00e0 3,4 mm. La pr\u00e9cision de r\u00e9glage au 1\/40e de pouce et la zone morte \u201c\u00a00\u00a0\u201d ajustable en font le choix id\u00e9al.\u00a0<strong>Clavier de jeu FPS<\/strong>\u00a0et\u00a0<strong>Clavier Valorant<\/strong>, permettant des arr\u00eats de mitraillage instantan\u00e9s et une pr\u00e9cision chirurgicale.<br \/>\n<img loading=\"lazy\" decoding=\"async\" class=\"alignnone size-full wp-image-5602\" src=\"https:\/\/halleffectkeyboard.com\/wp-content\/uploads\/2026\/05\/7-9-scaled.jpg\" alt=\"AULA AG75 Hall Effect Keyboard\" width=\"2560\" height=\"1437\" srcset=\"https:\/\/halleffectkeyboard.com\/wp-content\/uploads\/2026\/05\/7-9-scaled.jpg 2560w, https:\/\/halleffectkeyboard.com\/wp-content\/uploads\/2026\/05\/7-9-300x168.jpg 300w, https:\/\/halleffectkeyboard.com\/wp-content\/uploads\/2026\/05\/7-9-1024x575.jpg 1024w, https:\/\/halleffectkeyboard.com\/wp-content\/uploads\/2026\/05\/7-9-768x431.jpg 768w, https:\/\/halleffectkeyboard.com\/wp-content\/uploads\/2026\/05\/7-9-1536x862.jpg 1536w, https:\/\/halleffectkeyboard.com\/wp-content\/uploads\/2026\/05\/7-9-2048x1150.jpg 2048w, https:\/\/halleffectkeyboard.com\/wp-content\/uploads\/2026\/05\/7-9-18x10.jpg 18w, https:\/\/halleffectkeyboard.com\/wp-content\/uploads\/2026\/05\/7-9-1200x674.jpg 1200w\" sizes=\"auto, (max-width: 2560px) 100vw, 2560px\" data-no-translation=\"\" \/><\/li>\n<li><strong>Con\u00e7u pour la vitesse :<\/strong>\u00a0Que vous ayez besoin d&#039;un\u00a0<strong>clavier osu!<\/strong>, un\u00a0<strong>Clavier de jeu de rythme<\/strong>, ou un fiable\u00a0<strong>Clavier de jeux rapides<\/strong>, les 3e et 4e g\u00e9n\u00e9rations avanc\u00e9es\u00a0<strong>interrupteurs \u00e0 effet Hall<\/strong>\u00a0garantir que chaque frappe au clavier soit enregistr\u00e9e instantan\u00e9ment.<br \/>\n<img loading=\"lazy\" decoding=\"async\" class=\"alignnone size-full wp-image-5597\" src=\"https:\/\/halleffectkeyboard.com\/wp-content\/uploads\/2026\/05\/2-21-scaled.jpg\" alt=\"AULA AG75 Hall Effect Keyboard\" width=\"2560\" height=\"1437\" srcset=\"https:\/\/halleffectkeyboard.com\/wp-content\/uploads\/2026\/05\/2-21-scaled.jpg 2560w, https:\/\/halleffectkeyboard.com\/wp-content\/uploads\/2026\/05\/2-21-300x168.jpg 300w, https:\/\/halleffectkeyboard.com\/wp-content\/uploads\/2026\/05\/2-21-1024x575.jpg 1024w, https:\/\/halleffectkeyboard.com\/wp-content\/uploads\/2026\/05\/2-21-768x431.jpg 768w, https:\/\/halleffectkeyboard.com\/wp-content\/uploads\/2026\/05\/2-21-1536x862.jpg 1536w, https:\/\/halleffectkeyboard.com\/wp-content\/uploads\/2026\/05\/2-21-2048x1150.jpg 2048w, https:\/\/halleffectkeyboard.com\/wp-content\/uploads\/2026\/05\/2-21-18x10.jpg 18w, https:\/\/halleffectkeyboard.com\/wp-content\/uploads\/2026\/05\/2-21-1200x674.jpg 1200w\" sizes=\"auto, (max-width: 2560px) 100vw, 2560px\" data-no-translation=\"\" \/><\/li>\n<\/ul>\n<h2>Exp\u00e9rience de clavier personnalis\u00e9 premium<\/h2>\n<p>D\u00e9couvrez l&#039;acoustique et le confort d&#039;un syst\u00e8me haut de gamme. <strong>Clavier personnalis\u00e9<\/strong> D\u00e8s la sortie de la bo\u00eete.<\/p>\n<ul>\n<li><strong>Construction sup\u00e9rieure :<\/strong>\u00a0Enferm\u00e9 dans une coque en aluminium anodis\u00e9 \u00e0 mailles de 220 ou obtenue par \u00e9lectrophor\u00e8se fine, ce\u00a0<strong>clavier magn\u00e9tique<\/strong>\u00a0Elle se targue d&#039;une texture rigide et haut de gamme.<\/li>\n<li><strong>Acoustique HIFI :<\/strong>\u00a0Dot\u00e9 d&#039;un syst\u00e8me de rembourrage complet \u00e0 6 couches (comprenant de la mousse PO \u00e0 rebond lent, des cales en PET et une plaque de positionnement en fibre de carbone), il offre un son clair et puissant.<\/li>\n<li><strong>Conception polyvalente\u00a0:<\/strong>\u00a0Con\u00e7u pour rivaliser avec n&#039;importe quel\u00a0<strong>clavier magn\u00e9tique \u00e0 montage sup\u00e9rieur<\/strong>, Il est dot\u00e9 d&#039;un syst\u00e8me de fixation magn\u00e9tique \u00e0 d\u00e9gagement rapide pour une modification facile. Il s&#039;accorde parfaitement avec diff\u00e9rents styles de touches, y compris les touches haut de gamme.\u00a0<strong>Touches PBT \u00e0 profil Cherry, imprim\u00e9es lat\u00e9ralement<\/strong>\u00a0et les ensembles inclus sur le th\u00e8me givr\u00e9\/m\u00e9tallique.<br \/>\n<img loading=\"lazy\" decoding=\"async\" class=\"alignnone size-full wp-image-5601\" src=\"https:\/\/halleffectkeyboard.com\/wp-content\/uploads\/2026\/05\/6-10-scaled.jpg\" alt=\"AULA AG75 Hall Effect Keyboard\" width=\"2560\" height=\"1437\" srcset=\"https:\/\/halleffectkeyboard.com\/wp-content\/uploads\/2026\/05\/6-10-scaled.jpg 2560w, https:\/\/halleffectkeyboard.com\/wp-content\/uploads\/2026\/05\/6-10-300x168.jpg 300w, https:\/\/halleffectkeyboard.com\/wp-content\/uploads\/2026\/05\/6-10-1024x575.jpg 1024w, https:\/\/halleffectkeyboard.com\/wp-content\/uploads\/2026\/05\/6-10-768x431.jpg 768w, https:\/\/halleffectkeyboard.com\/wp-content\/uploads\/2026\/05\/6-10-1536x862.jpg 1536w, https:\/\/halleffectkeyboard.com\/wp-content\/uploads\/2026\/05\/6-10-2048x1150.jpg 2048w, https:\/\/halleffectkeyboard.com\/wp-content\/uploads\/2026\/05\/6-10-18x10.jpg 18w, https:\/\/halleffectkeyboard.com\/wp-content\/uploads\/2026\/05\/6-10-1200x674.jpg 1200w\" sizes=\"auto, (max-width: 2560px) 100vw, 2560px\" data-no-translation=\"\" \/><\/li>\n<\/ul>\n<h2>Clavier \u00e0 commutateur magn\u00e9tique de nouvelle g\u00e9n\u00e9ration<\/h2>\n<p>Entrez dans le futur de <strong>Claviers HE<\/strong> avec les commutateurs personnalis\u00e9s d&#039;AULA. <strong>Clavier \u00e0 interrupteurs magn\u00e9tiques<\/strong> propose quatre options de commutation distinctes pour s&#039;adapter \u00e0 vos pr\u00e9f\u00e9rences exactes\u00a0:<\/p>\n<ul>\n<li><strong>Interrupteur magn\u00e9tique Mixue :<\/strong>\u00a0Sensation de fluidit\u00e9 lin\u00e9aire avec d\u00e9clenchement instantan\u00e9.<\/li>\n<li><strong>Interrupteur magn\u00e9tique Bingxin argent\u00e9 :<\/strong>\u00a0Tactile avec un retour d&#039;information clair.<\/li>\n<li><strong>Interrupteur magn\u00e9tique Chaoshen\u00a0:<\/strong>\u00a0Lin\u00e9aire et ultra-rapide pour un jeu comp\u00e9titif.<\/li>\n<li><strong>Interrupteur magn\u00e9tique Babao :<\/strong>\u00a0Un son net et pr\u00e9cis, comme une goutte d&#039;eau, avec des basses profondes et franches.<br \/>\n<img loading=\"lazy\" decoding=\"async\" class=\"alignnone size-full wp-image-5600\" src=\"https:\/\/halleffectkeyboard.com\/wp-content\/uploads\/2026\/05\/5-23-scaled.jpg\" alt=\"AULA AG75 Hall Effect Keyboard\" width=\"2560\" height=\"1437\" srcset=\"https:\/\/halleffectkeyboard.com\/wp-content\/uploads\/2026\/05\/5-23-scaled.jpg 2560w, https:\/\/halleffectkeyboard.com\/wp-content\/uploads\/2026\/05\/5-23-300x168.jpg 300w, https:\/\/halleffectkeyboard.com\/wp-content\/uploads\/2026\/05\/5-23-1024x575.jpg 1024w, https:\/\/halleffectkeyboard.com\/wp-content\/uploads\/2026\/05\/5-23-768x431.jpg 768w, https:\/\/halleffectkeyboard.com\/wp-content\/uploads\/2026\/05\/5-23-1536x862.jpg 1536w, https:\/\/halleffectkeyboard.com\/wp-content\/uploads\/2026\/05\/5-23-2048x1150.jpg 2048w, https:\/\/halleffectkeyboard.com\/wp-content\/uploads\/2026\/05\/5-23-18x10.jpg 18w, https:\/\/halleffectkeyboard.com\/wp-content\/uploads\/2026\/05\/5-23-1200x674.jpg 1200w\" sizes=\"auto, (max-width: 2560px) 100vw, 2560px\" data-no-translation=\"\" \/><\/li>\n<\/ul>\n<h2>Agencement intelligent et large compatibilit\u00e9<\/h2>\n<ul>\n<li><strong>Conception compacte :<\/strong>\u00a0Le\u00a0<strong>Clavier \u00e0 75 %<\/strong>\u00a0Son format compact permet de gagner de la place sur votre bureau par rapport aux mod\u00e8les de taille standard.\u00a0<strong>75 claviers<\/strong>\u00a0Il conserve les touches de fonction essentielles et les touches fl\u00e9ch\u00e9es, ce qui en fait l&#039;un des plus pratiques.\u00a0<strong>75 claviers<\/strong>\u00a0sur le march\u00e9.<\/li>\n<li><strong>Int\u00e9gration transparente\u00a0:<\/strong>\u00a0Il s&#039;agit d&#039;un enti\u00e8rement\u00a0<strong>Clavier de jeu compatible Mac et Windows<\/strong>\u00a0(compatible \u00e9galement avec Linux).<\/li>\n<li><strong>Logiciels avanc\u00e9s\u00a0:<\/strong>\u00a0Gr\u00e2ce au pilote Web AULA 3.0, vous pouvez facilement configurer les param\u00e8tres RT\/SOCD, param\u00e9trer des pr\u00e9r\u00e9glages de lecteur professionnel et personnaliser l&#039;\u00e9clairage ARGB vibrant \u00e0 170 LED sans t\u00e9l\u00e9charger de logiciels superflus.<\/li>\n<li><strong>Double d\u00e9tente \u201c Double \u00e2me \u201d :<\/strong>\u00a0Passez instantan\u00e9ment d&#039;un mode personnalis\u00e9 \u00e0 l&#039;autre en un seul clic\u00a0: id\u00e9al pour passer du travail aux jeux vid\u00e9o.<br \/>\n<img loading=\"lazy\" decoding=\"async\" class=\"alignnone size-full wp-image-5598\" src=\"https:\/\/halleffectkeyboard.com\/wp-content\/uploads\/2026\/05\/3-22-scaled.jpg\" alt=\"AULA AG75 Hall Effect Keyboard\" width=\"2560\" height=\"1437\" srcset=\"https:\/\/halleffectkeyboard.com\/wp-content\/uploads\/2026\/05\/3-22-scaled.jpg 2560w, https:\/\/halleffectkeyboard.com\/wp-content\/uploads\/2026\/05\/3-22-300x168.jpg 300w, https:\/\/halleffectkeyboard.com\/wp-content\/uploads\/2026\/05\/3-22-1024x575.jpg 1024w, https:\/\/halleffectkeyboard.com\/wp-content\/uploads\/2026\/05\/3-22-768x431.jpg 768w, https:\/\/halleffectkeyboard.com\/wp-content\/uploads\/2026\/05\/3-22-1536x862.jpg 1536w, https:\/\/halleffectkeyboard.com\/wp-content\/uploads\/2026\/05\/3-22-2048x1150.jpg 2048w, https:\/\/halleffectkeyboard.com\/wp-content\/uploads\/2026\/05\/3-22-18x10.jpg 18w, https:\/\/halleffectkeyboard.com\/wp-content\/uploads\/2026\/05\/3-22-1200x674.jpg 1200w\" sizes=\"auto, (max-width: 2560px) 100vw, 2560px\" data-no-translation=\"\" \/><\/li>\n<\/ul>\n<hr \/>\n<h2>Comparatif de la s\u00e9rie AULA AG75\u00a0: lequel vous convient le mieux\u00a0?<\/h2>\n<table>\n<thead>\n<tr>\n<th>Fonctionnalit\u00e9<\/th>\n<th>AULA AG75<\/th>\n<th>AULA AG75 Pro<\/th>\n<th>AULA AG75 Ultra<\/th>\n<\/tr>\n<\/thead>\n<tbody>\n<tr>\n<td><strong>Utilisateur cible<\/strong><\/td>\n<td>Comp\u00e9titif pour les d\u00e9butants<\/td>\n<td>Joueurs avanc\u00e9s<\/td>\n<td>Les professionnels de l&#039;e-sport<\/td>\n<\/tr>\n<tr>\n<td><strong>Capteur<\/strong><\/td>\n<td>Capteur \u00e0 effet Hall de 3e g\u00e9n\u00e9ration<\/td>\n<td>Capteur \u00e0 effet Hall de 3e g\u00e9n\u00e9ration<\/td>\n<td><strong>Capteur \u00e0 effet Hall de 4e g\u00e9n\u00e9ration<\/strong>\u00a0(Le plus pr\u00e9cis)<\/td>\n<\/tr>\n<tr>\n<td><strong>Fr\u00e9quence de balayage \/ Latence<\/strong><\/td>\n<td>256K \/ 0,1 ms<\/td>\n<td>256K \/ 0,1 ms<\/td>\n<td><strong>2304K \/ 0,08 ms<\/strong><\/td>\n<\/tr>\n<tr>\n<td><strong>Solution PCB<\/strong><\/td>\n<td>Solution monoposte<\/td>\n<td>Solution \u00e0 double poste<\/td>\n<td><strong>Connexion directe Starlight \u00e0 3 conducteurs<\/strong><\/td>\n<\/tr>\n<tr>\n<td><strong>Interrupteurs d&#039;origine<\/strong><\/td>\n<td>M\u00e9lange magn\u00e9tique<\/td>\n<td>Bingxin Argent Magn\u00e9tique<\/td>\n<td>Chaoshen \/ Babao Magn\u00e9tique<\/td>\n<\/tr>\n<tr>\n<td><strong>Finition coquille<\/strong><\/td>\n<td>220 mesh anodis\u00e9<\/td>\n<td>\u00c9lectrophor\u00e8se fine<\/td>\n<td>220 mesh anodis\u00e9<\/td>\n<\/tr>\n<tr>\n<td><strong>Touches de clavier<\/strong><\/td>\n<td>givr\u00e9 translucide<\/td>\n<td>M\u00e9tal\/Sublimation thermique<\/td>\n<td>M\u00e9tal\/3 pi\u00e8ces transparent<\/td>\n<\/tr>\n<\/tbody>\n<\/table>\n<p><strong>Am\u00e9liorez votre configuration d\u00e8s aujourd&#039;hui avec le clavier \u00e0 effet Hall AULA AG75, o\u00f9 l&#039;ing\u00e9nierie de pr\u00e9cision rencontre la domination comp\u00e9titive.<br \/>\n<img loading=\"lazy\" decoding=\"async\" class=\"alignnone size-full wp-image-5603\" src=\"https:\/\/halleffectkeyboard.com\/wp-content\/uploads\/2026\/05\/8-4-scaled.jpg\" alt=\"AULA AG75 Hall Effect Keyboard\" width=\"2560\" height=\"1437\" srcset=\"https:\/\/halleffectkeyboard.com\/wp-content\/uploads\/2026\/05\/8-4-scaled.jpg 2560w, https:\/\/halleffectkeyboard.com\/wp-content\/uploads\/2026\/05\/8-4-300x168.jpg 300w, https:\/\/halleffectkeyboard.com\/wp-content\/uploads\/2026\/05\/8-4-1024x575.jpg 1024w, https:\/\/halleffectkeyboard.com\/wp-content\/uploads\/2026\/05\/8-4-768x431.jpg 768w, https:\/\/halleffectkeyboard.com\/wp-content\/uploads\/2026\/05\/8-4-1536x862.jpg 1536w, https:\/\/halleffectkeyboard.com\/wp-content\/uploads\/2026\/05\/8-4-2048x1150.jpg 2048w, https:\/\/halleffectkeyboard.com\/wp-content\/uploads\/2026\/05\/8-4-18x10.jpg 18w, https:\/\/halleffectkeyboard.com\/wp-content\/uploads\/2026\/05\/8-4-1200x674.jpg 1200w\" sizes=\"auto, (max-width: 2560px) 100vw, 2560px\" data-no-translation=\"\" \/><br \/>\n<\/strong><\/p>","protected":false},"excerpt":{"rendered":"<ul>\n<li><strong>R\u00e9ponse ultra-rapide\u00a0:<\/strong>\u00a0Fr\u00e9quence d&#039;interrogation de 8000 Hz avec une latence minimale de 0,08 ms.<\/li>\n<li><strong>D\u00e9clenchement rapide (RT)\u00a0:<\/strong>\u00a0Actionnement r\u00e9glable avec une pr\u00e9cision de 0,001 mm pour un d\u00e9placement lat\u00e9ral instantan\u00e9.<\/li>\n<li><strong>Configuration Premium :<\/strong>\u00a0Coque enti\u00e8rement en aluminium usin\u00e9e CNC avec un syst\u00e8me d&#039;insonorisation HIFI \u00e0 6 couches.<\/li>\n<li><strong>Disposition du Smart 75%\u00a0:<\/strong>\u00a0Permet de gagner de la place sur le bureau sans sacrifier les touches essentielles.<\/li>\n<li><strong>Compatibilit\u00e9 \u00e9tendue\u00a0:<\/strong>\u00a0Fonctionne parfaitement avec Mac et Windows.<\/li>\n<\/ul>","protected":false},"featured_media":5574,"comment_status":"open","ping_status":"closed","template":"","meta":[],"product_brand":[54],"product_cat":[574,322,20],"product_tag":[626,58,22],"class_list":{"0":"post-5541","1":"product","2":"type-product","3":"status-publish","4":"has-post-thumbnail","6":"product_brand-aula","7":"product_cat-75-keyboard","8":"product_cat-hall-effect-keyboard","9":"product_cat-keyboard","10":"product_tag-75-keyboard","11":"product_tag-hall-effect-keyboard","12":"product_tag-keyboard","14":"first","15":"instock","16":"taxable","17":"shipping-taxable","18":"purchasable","19":"product-type-variable","20":"wvs-archive-product-wrapper"},"aioseo_notices":[],"ct_brands":[{"id":54,"name":"AULA","slug":"aula"}],"jetpack_sharing_enabled":true,"_links":{"self":[{"href":"https:\/\/halleffectkeyboard.com\/fr\/wp-json\/wp\/v2\/product\/5541","targetHints":{"allow":["GET"]}}],"collection":[{"href":"https:\/\/halleffectkeyboard.com\/fr\/wp-json\/wp\/v2\/product"}],"about":[{"href":"https:\/\/halleffectkeyboard.com\/fr\/wp-json\/wp\/v2\/types\/product"}],"replies":[{"embeddable":true,"href":"https:\/\/halleffectkeyboard.com\/fr\/wp-json\/wp\/v2\/comments?post=5541"}],"version-history":[{"count":3,"href":"https:\/\/halleffectkeyboard.com\/fr\/wp-json\/wp\/v2\/product\/5541\/revisions"}],"predecessor-version":[{"id":5605,"href":"https:\/\/halleffectkeyboard.com\/fr\/wp-json\/wp\/v2\/product\/5541\/revisions\/5605"}],"wp:featuredmedia":[{"embeddable":true,"href":"https:\/\/halleffectkeyboard.com\/fr\/wp-json\/wp\/v2\/media\/5574"}],"wp:attachment":[{"href":"https:\/\/halleffectkeyboard.com\/fr\/wp-json\/wp\/v2\/media?parent=5541"}],"wp:term":[{"taxonomy":"product_brand","embeddable":true,"href":"https:\/\/halleffectkeyboard.com\/fr\/wp-json\/wp\/v2\/product_brand?post=5541"},{"taxonomy":"product_cat","embeddable":true,"href":"https:\/\/halleffectkeyboard.com\/fr\/wp-json\/wp\/v2\/product_cat?post=5541"},{"taxonomy":"product_tag","embeddable":true,"href":"https:\/\/halleffectkeyboard.com\/fr\/wp-json\/wp\/v2\/product_tag?post=5541"}],"curies":[{"name":"wp","href":"https:\/\/api.w.org\/{rel}","templated":true}]}}