{"id":5500,"date":"2026-05-09T11:36:29","date_gmt":"2026-05-09T03:36:29","guid":{"rendered":"https:\/\/halleffectkeyboard.com\/?post_type=product&#038;p=5500"},"modified":"2026-05-09T15:26:21","modified_gmt":"2026-05-09T07:26:21","slug":"aula-ag60-hall-effect-keyboard","status":"publish","type":"product","link":"https:\/\/halleffectkeyboard.com\/fr\/produit\/clavier-a-effet-hall-aula-ag60\/","title":{"rendered":"Clavier \u00e0 effet Hall AULA AG60"},"content":{"rendered":"<h1>Clavier \u00e0 effet Hall AULA AG60\u00a0: Le clavier de jeu ultime \u00e0 d\u00e9clenchement rapide 60%<br \/>\n<img loading=\"lazy\" decoding=\"async\" class=\"alignnone size-full wp-image-5508\" src=\"https:\/\/halleffectkeyboard.com\/wp-content\/uploads\/2026\/05\/1-16-scaled.jpg\" alt=\"AULA AG60 Hall Effect Keyboard\" width=\"2560\" height=\"1437\" srcset=\"https:\/\/halleffectkeyboard.com\/wp-content\/uploads\/2026\/05\/1-16-scaled.jpg 2560w, https:\/\/halleffectkeyboard.com\/wp-content\/uploads\/2026\/05\/1-16-300x168.jpg 300w, https:\/\/halleffectkeyboard.com\/wp-content\/uploads\/2026\/05\/1-16-1024x575.jpg 1024w, https:\/\/halleffectkeyboard.com\/wp-content\/uploads\/2026\/05\/1-16-768x431.jpg 768w, https:\/\/halleffectkeyboard.com\/wp-content\/uploads\/2026\/05\/1-16-1536x862.jpg 1536w, https:\/\/halleffectkeyboard.com\/wp-content\/uploads\/2026\/05\/1-16-2048x1150.jpg 2048w, https:\/\/halleffectkeyboard.com\/wp-content\/uploads\/2026\/05\/1-16-18x10.jpg 18w, https:\/\/halleffectkeyboard.com\/wp-content\/uploads\/2026\/05\/1-16-1200x674.jpg 1200w\" sizes=\"auto, (max-width: 2560px) 100vw, 2560px\" data-no-translation=\"\" \/><\/h1>\n<p><strong>Am\u00e9liorez votre avantage concurrentiel avec la s\u00e9rie AULA AG60, le clavier \u00e0 effet Hall haut de gamme con\u00e7u pour la vitesse, la pr\u00e9cision et une esth\u00e9tique minimaliste.<\/strong><\/p>\n<p>Le <strong>Clavier \u00e0 effet Hall AULA AG60<\/strong> est con\u00e7u pour dominer. Dot\u00e9 de technologies de pointe. <strong>interrupteur magn\u00e9tique<\/strong> technologie, une <strong>Fr\u00e9quence d&#039;interrogation de 8\u00a0000\u00a0Hz<\/strong>, et un compact <strong>Configuration du clavier 60%<\/strong>, voici le <strong>Clavier \u00e0 d\u00e9clenchement rapide \u00e9conomique<\/strong> que vous attendiez.<br \/>\n<img loading=\"lazy\" decoding=\"async\" class=\"alignnone size-full wp-image-5515\" src=\"https:\/\/halleffectkeyboard.com\/wp-content\/uploads\/2026\/05\/7-7-scaled.jpg\" alt=\"AULA AG60 Hall Effect Keyboard\" width=\"2560\" height=\"1437\" srcset=\"https:\/\/halleffectkeyboard.com\/wp-content\/uploads\/2026\/05\/7-7-scaled.jpg 2560w, https:\/\/halleffectkeyboard.com\/wp-content\/uploads\/2026\/05\/7-7-300x168.jpg 300w, https:\/\/halleffectkeyboard.com\/wp-content\/uploads\/2026\/05\/7-7-1024x575.jpg 1024w, https:\/\/halleffectkeyboard.com\/wp-content\/uploads\/2026\/05\/7-7-768x431.jpg 768w, https:\/\/halleffectkeyboard.com\/wp-content\/uploads\/2026\/05\/7-7-1536x862.jpg 1536w, https:\/\/halleffectkeyboard.com\/wp-content\/uploads\/2026\/05\/7-7-2048x1150.jpg 2048w, https:\/\/halleffectkeyboard.com\/wp-content\/uploads\/2026\/05\/7-7-18x10.jpg 18w, https:\/\/halleffectkeyboard.com\/wp-content\/uploads\/2026\/05\/7-7-1200x674.jpg 1200w\" sizes=\"auto, (max-width: 2560px) 100vw, 2560px\" data-no-translation=\"\" \/><\/p>\n<hr \/>\n<h2>Pourquoi choisir le clavier \u00e0 effet Hall AULA AG60 ?<\/h2>\n<p>L&#039;AULA AG60 n&#039;est pas une simple autre <strong>Clavier de jeu 60<\/strong>; c&#039;est un outil haute performance con\u00e7u pour les joueurs qui exigent une latence nulle.<\/p>\n<h3>Technologie de pointe des commutateurs magn\u00e9tiques<\/h3>\n<p>Dot\u00e9 de technologies avanc\u00e9es <strong>interrupteurs \u00e0 effet Hall<\/strong>, l&#039;AULA AG60 offre un <strong>point d&#039;actionnement r\u00e9glable<\/strong> (de 0,1 mm \u00e0 4,0 mm). Que vous ayez besoin d&#039;une pr\u00e9cision extr\u00eame pour <strong>jeux au rythme rapide<\/strong> ou un geste d\u00e9lib\u00e9r\u00e9 pour taper, ceci <strong>clavier \u00e0 interrupteur magn\u00e9tique<\/strong> s&#039;adapte \u00e0 vous.<\/p>\n<ul>\n<li><strong>D\u00e9clenchement rapide (RT)\u00a0:<\/strong>\u00a0Vivez une r\u00e9initialisation quasi instantan\u00e9e avec\u00a0<strong>RT 0,001 mm<\/strong>\u00a0pr\u00e9cision, essentielle pour\u00a0<strong>Valorant<\/strong>,\u00a0<strong>CS2<\/strong>, et\u00a0<strong>Clavier Osu!<\/strong>\u00a0passionn\u00e9s.<\/li>\n<li><strong>Fr\u00e9quence d&#039;interrogation de 8000 Hz\u00a0:<\/strong>\u00a0Avec un\u00a0<strong>Taux de sondage de 8K<\/strong>, Profitez d&#039;une latence d&#039;entr\u00e9e de 0,1 ms qui vous permet de garder une longueur d&#039;avance sur la concurrence.<br \/>\n<img loading=\"lazy\" decoding=\"async\" class=\"alignnone size-full wp-image-5509\" src=\"https:\/\/halleffectkeyboard.com\/wp-content\/uploads\/2026\/05\/2-16-scaled.jpg\" alt=\"AULA AG60 Hall Effect Keyboard\" width=\"2560\" height=\"1437\" srcset=\"https:\/\/halleffectkeyboard.com\/wp-content\/uploads\/2026\/05\/2-16-scaled.jpg 2560w, https:\/\/halleffectkeyboard.com\/wp-content\/uploads\/2026\/05\/2-16-300x168.jpg 300w, https:\/\/halleffectkeyboard.com\/wp-content\/uploads\/2026\/05\/2-16-1024x575.jpg 1024w, https:\/\/halleffectkeyboard.com\/wp-content\/uploads\/2026\/05\/2-16-768x431.jpg 768w, https:\/\/halleffectkeyboard.com\/wp-content\/uploads\/2026\/05\/2-16-1536x862.jpg 1536w, https:\/\/halleffectkeyboard.com\/wp-content\/uploads\/2026\/05\/2-16-2048x1150.jpg 2048w, https:\/\/halleffectkeyboard.com\/wp-content\/uploads\/2026\/05\/2-16-18x10.jpg 18w, https:\/\/halleffectkeyboard.com\/wp-content\/uploads\/2026\/05\/2-16-1200x674.jpg 1200w\" sizes=\"auto, (max-width: 2560px) 100vw, 2560px\" data-no-translation=\"\" \/><\/li>\n<\/ul>\n<h3>Configuration compacte 60% pour les installations minimalistes<\/h3>\n<p>Le <strong>disposition du clavier \u00e0 60 %<\/strong> est la r\u00e9f\u00e9rence absolue pour <strong>Claviers de jeu FPS<\/strong>. En supprimant le pav\u00e9 num\u00e9rique et la rang\u00e9e de touches de fonction, vous gagnez un espace consid\u00e9rable sur votre bureau pour des mouvements de souris peu sensibles. <em>Remarque : Besoin de touches de navigation ? <strong>Touche d&#039;accueil par d\u00e9faut pour clavier 60 touches<\/strong> est facilement accessible via des raccourcis intuitifs de la couche Fn, enti\u00e8rement personnalisable dans notre logiciel.<\/em><\/p>\n<h3>Configuration et personnalisation haut de gamme<\/h3>\n<ul>\n<li><strong>Exp\u00e9rience de clavier personnalis\u00e9e\u00a0:<\/strong>\u00a0Avec\u00a0<strong>touches enti\u00e8rement interchangeables \u00e0 chaud<\/strong>\u00a0Les prises permettent de remplacer facilement les interrupteurs sans soudure.<\/li>\n<li><strong>Acoustique sup\u00e9rieure :<\/strong>\u00a0Notre\u00a0<strong>clavier magn\u00e9tique \u00e0 montage sup\u00e9rieur<\/strong>\u00a0Sa conception int\u00e8gre un syst\u00e8me d&#039;insonorisation multicouche, assurant un son \u201c bourdonnant \u201d et satisfaisant.<\/li>\n<li><strong>Esth\u00e9tique durable :<\/strong>\u00a0\u00c9quip\u00e9 de\u00a0<strong>Touches de clavier PBT \u00e0 profil Cherry, imprim\u00e9es lat\u00e9ralement<\/strong>\u00a0qui sont r\u00e9sistantes \u00e0 l&#039;huile et \u00e0 la d\u00e9coloration, associ\u00e9es \u00e0 une couleur vibrante\u00a0<strong>R\u00e9tro\u00e9clairage RGB Twin-Star<\/strong>.<br \/>\n<img loading=\"lazy\" decoding=\"async\" class=\"alignnone size-full wp-image-5510\" src=\"https:\/\/halleffectkeyboard.com\/wp-content\/uploads\/2026\/05\/3-17-scaled.jpg\" alt=\"AULA AG60 Hall Effect Keyboard\" width=\"2560\" height=\"1437\" srcset=\"https:\/\/halleffectkeyboard.com\/wp-content\/uploads\/2026\/05\/3-17-scaled.jpg 2560w, https:\/\/halleffectkeyboard.com\/wp-content\/uploads\/2026\/05\/3-17-300x168.jpg 300w, https:\/\/halleffectkeyboard.com\/wp-content\/uploads\/2026\/05\/3-17-1024x575.jpg 1024w, https:\/\/halleffectkeyboard.com\/wp-content\/uploads\/2026\/05\/3-17-768x431.jpg 768w, https:\/\/halleffectkeyboard.com\/wp-content\/uploads\/2026\/05\/3-17-1536x862.jpg 1536w, https:\/\/halleffectkeyboard.com\/wp-content\/uploads\/2026\/05\/3-17-2048x1150.jpg 2048w, https:\/\/halleffectkeyboard.com\/wp-content\/uploads\/2026\/05\/3-17-18x10.jpg 18w, https:\/\/halleffectkeyboard.com\/wp-content\/uploads\/2026\/05\/3-17-1200x674.jpg 1200w\" sizes=\"auto, (max-width: 2560px) 100vw, 2560px\" data-no-translation=\"\" \/><\/li>\n<\/ul>\n<hr \/>\n<h2>Caract\u00e9ristiques principales<\/h2>\n<table>\n<thead>\n<tr>\n<th>Fonctionnalit\u00e9<\/th>\n<th>Sp\u00e9cification<\/th>\n<\/tr>\n<\/thead>\n<tbody>\n<tr>\n<td><strong>Produit<\/strong><\/td>\n<td>S\u00e9rie AULA AG60<\/td>\n<\/tr>\n<tr>\n<td><strong>Type de commutateur<\/strong><\/td>\n<td>Interrupteur \u00e0 effet Hall \/ magn\u00e9tique<\/td>\n<\/tr>\n<tr>\n<td><strong>Taux de participation<\/strong><\/td>\n<td>8000 Hz (latence de 0,1 ms)<\/td>\n<\/tr>\n<tr>\n<td><strong>D\u00e9clenchement rapide<\/strong><\/td>\n<td>Oui (pr\u00e9cision de 0,001 mm)<\/td>\n<\/tr>\n<tr>\n<td><strong>Mise en page<\/strong><\/td>\n<td>60% (61 touches)<\/td>\n<\/tr>\n<tr>\n<td><strong>Compatibilit\u00e9<\/strong><\/td>\n<td>Clavier de jeu compatible Mac et Windows<\/td>\n<\/tr>\n<tr>\n<td><strong>Connectivit\u00e9<\/strong><\/td>\n<td>USB filaire stable<\/td>\n<\/tr>\n<\/tbody>\n<\/table>\n<p>&nbsp;<\/p>\n<p><img loading=\"lazy\" decoding=\"async\" class=\"alignnone size-full wp-image-5511\" src=\"https:\/\/halleffectkeyboard.com\/wp-content\/uploads\/2026\/05\/4-16-scaled.jpg\" alt=\"AULA AG60 Hall Effect Keyboard\" width=\"2560\" height=\"1437\" srcset=\"https:\/\/halleffectkeyboard.com\/wp-content\/uploads\/2026\/05\/4-16-scaled.jpg 2560w, https:\/\/halleffectkeyboard.com\/wp-content\/uploads\/2026\/05\/4-16-300x168.jpg 300w, https:\/\/halleffectkeyboard.com\/wp-content\/uploads\/2026\/05\/4-16-1024x575.jpg 1024w, https:\/\/halleffectkeyboard.com\/wp-content\/uploads\/2026\/05\/4-16-768x431.jpg 768w, https:\/\/halleffectkeyboard.com\/wp-content\/uploads\/2026\/05\/4-16-1536x862.jpg 1536w, https:\/\/halleffectkeyboard.com\/wp-content\/uploads\/2026\/05\/4-16-2048x1150.jpg 2048w, https:\/\/halleffectkeyboard.com\/wp-content\/uploads\/2026\/05\/4-16-18x10.jpg 18w, https:\/\/halleffectkeyboard.com\/wp-content\/uploads\/2026\/05\/4-16-1200x674.jpg 1200w\" sizes=\"auto, (max-width: 2560px) 100vw, 2560px\" data-no-translation=\"\" \/><\/p>\n<hr \/>\n<h2>Optimis\u00e9 pour l&#039;e-sport comp\u00e9titif<\/h2>\n<p>Que vous soyez un <strong>joueur d&#039;e-sport<\/strong> Pour un utilisateur occasionnel ou professionnel, l&#039;AULA AG60 est le choix id\u00e9al. <strong>Clavier \u00e0 60 pour cent<\/strong>.<\/p>\n<ul>\n<li><strong>Jeux FPS :<\/strong>\u00a0L&#039;ultime\u00a0<strong>Clavier Valorant<\/strong>\u00a0et\u00a0<strong>Clavier CS2<\/strong>\u00a0pour un mouvement pr\u00e9cis.<\/li>\n<li><strong>Jeux de rythme :<\/strong>\u00a0Le pr\u00e9f\u00e9r\u00e9\u00a0<strong>Clavier Osu!<\/strong>\u00a0pour le taraudage \u00e0 grande vitesse.<\/li>\n<li><strong>Versatilit\u00e9:<\/strong>\u00a0Un enti\u00e8rement\u00a0<strong>Clavier de jeu compatible Mac et Windows<\/strong>\u00a0qui s&#039;adapte \u00e0 tous les postes de travail.<br \/>\n<img loading=\"lazy\" decoding=\"async\" class=\"alignnone size-full wp-image-5515\" src=\"https:\/\/halleffectkeyboard.com\/wp-content\/uploads\/2026\/05\/7-7-scaled.jpg\" alt=\"AULA AG60 Hall Effect Keyboard\" width=\"2560\" height=\"1437\" srcset=\"https:\/\/halleffectkeyboard.com\/wp-content\/uploads\/2026\/05\/7-7-scaled.jpg 2560w, https:\/\/halleffectkeyboard.com\/wp-content\/uploads\/2026\/05\/7-7-300x168.jpg 300w, https:\/\/halleffectkeyboard.com\/wp-content\/uploads\/2026\/05\/7-7-1024x575.jpg 1024w, https:\/\/halleffectkeyboard.com\/wp-content\/uploads\/2026\/05\/7-7-768x431.jpg 768w, https:\/\/halleffectkeyboard.com\/wp-content\/uploads\/2026\/05\/7-7-1536x862.jpg 1536w, https:\/\/halleffectkeyboard.com\/wp-content\/uploads\/2026\/05\/7-7-2048x1150.jpg 2048w, https:\/\/halleffectkeyboard.com\/wp-content\/uploads\/2026\/05\/7-7-18x10.jpg 18w, https:\/\/halleffectkeyboard.com\/wp-content\/uploads\/2026\/05\/7-7-1200x674.jpg 1200w\" sizes=\"auto, (max-width: 2560px) 100vw, 2560px\" data-no-translation=\"\" \/><\/li>\n<\/ul>\n<hr \/>\n<h2><img loading=\"lazy\" decoding=\"async\" class=\"alignnone size-full wp-image-5516\" src=\"https:\/\/halleffectkeyboard.com\/wp-content\/uploads\/2026\/05\/5-17-scaled.jpg\" alt=\"AULA AG60 Hall Effect Keyboard\" width=\"2560\" height=\"1437\" srcset=\"https:\/\/halleffectkeyboard.com\/wp-content\/uploads\/2026\/05\/5-17-scaled.jpg 2560w, https:\/\/halleffectkeyboard.com\/wp-content\/uploads\/2026\/05\/5-17-300x168.jpg 300w, https:\/\/halleffectkeyboard.com\/wp-content\/uploads\/2026\/05\/5-17-1024x575.jpg 1024w, https:\/\/halleffectkeyboard.com\/wp-content\/uploads\/2026\/05\/5-17-768x431.jpg 768w, https:\/\/halleffectkeyboard.com\/wp-content\/uploads\/2026\/05\/5-17-1536x862.jpg 1536w, https:\/\/halleffectkeyboard.com\/wp-content\/uploads\/2026\/05\/5-17-2048x1150.jpg 2048w, https:\/\/halleffectkeyboard.com\/wp-content\/uploads\/2026\/05\/5-17-18x10.jpg 18w, https:\/\/halleffectkeyboard.com\/wp-content\/uploads\/2026\/05\/5-17-1200x674.jpg 1200w\" sizes=\"auto, (max-width: 2560px) 100vw, 2560px\" data-no-translation=\"\" \/><br \/>\nFoire aux questions (FAQ)<\/h2>\n<p><strong>Q : L&#039;AULA AG60 est-elle une bonne alternative \u00e0 la Wooting 60HE ?<\/strong> R : Absolument. L&#039;AULA AG60 offre une qualit\u00e9 professionnelle. <strong>Effet Hall<\/strong> performance, y compris <strong>D\u00e9clenchement rapide<\/strong> et <strong>Interrogation \u00e0 8000 Hz<\/strong>, \u00e0 un prix bien inf\u00e9rieur.<\/p>\n<p><strong>Q : Quelle est la diff\u00e9rence entre AULA AG60, Pro et Max ?<\/strong> A : Le <strong>S\u00e9rie AULA AG60<\/strong> propose diff\u00e9rents niveaux. Tandis que le mod\u00e8le de base AG60 offre les fonctionnalit\u00e9s essentielles <strong>clavier magn\u00e9tique<\/strong> Pour des performances accrues, les versions Pro et Max incluent des mat\u00e9riaux am\u00e9lior\u00e9s et des fonctionnalit\u00e9s logicielles avanc\u00e9es.<\/p>\n<p><strong>Q : S&#039;agit-il d&#039;un clavier personnalis\u00e9 ?<\/strong> A : Oui, c&#039;est un <strong>clavier personnalis\u00e9<\/strong> plateforme. Avec <strong>interrupteurs rempla\u00e7ables \u00e0 chaud<\/strong> et un <strong>montage sup\u00e9rieur<\/strong> Sa structure est parfaite pour les passionn\u00e9s.<\/p>","protected":false},"excerpt":{"rendered":"<p>Dominez la comp\u00e9tition avec l&#039;AULA AG60, un clavier haut de gamme \u00e0 commutateurs magn\u00e9tiques 60%. Avec une latence de 0,1 ms, une fr\u00e9quence d&#039;interrogation de 8\u00a0000 Hz et la technologie Rapid Trigger ultra-pr\u00e9cise, c&#039;est le clavier gaming compact id\u00e9al pour les FPS, Valorant et les jeux de rythme. Profitez de performances professionnelles dans un design \u00e9l\u00e9gant, minimaliste et compatible avec les commutateurs \u00e0 chaud.<\/p>","protected":false},"featured_media":5504,"comment_status":"open","ping_status":"closed","template":"","meta":[],"product_brand":[54],"product_cat":[571,322,20],"product_tag":[606,58,22],"class_list":{"0":"post-5500","1":"product","2":"type-product","3":"status-publish","4":"has-post-thumbnail","6":"product_brand-aula","7":"product_cat-60-keyboard","8":"product_cat-hall-effect-keyboard","9":"product_cat-keyboard","10":"product_tag-60-keyboard","11":"product_tag-hall-effect-keyboard","12":"product_tag-keyboard","14":"first","15":"instock","16":"taxable","17":"shipping-taxable","18":"purchasable","19":"product-type-variable","20":"wvs-archive-product-wrapper"},"aioseo_notices":[],"ct_brands":[{"id":54,"name":"AULA","slug":"aula"}],"jetpack_sharing_enabled":true,"_links":{"self":[{"href":"https:\/\/halleffectkeyboard.com\/fr\/wp-json\/wp\/v2\/product\/5500","targetHints":{"allow":["GET"]}}],"collection":[{"href":"https:\/\/halleffectkeyboard.com\/fr\/wp-json\/wp\/v2\/product"}],"about":[{"href":"https:\/\/halleffectkeyboard.com\/fr\/wp-json\/wp\/v2\/types\/product"}],"replies":[{"embeddable":true,"href":"https:\/\/halleffectkeyboard.com\/fr\/wp-json\/wp\/v2\/comments?post=5500"}],"version-history":[{"count":4,"href":"https:\/\/halleffectkeyboard.com\/fr\/wp-json\/wp\/v2\/product\/5500\/revisions"}],"predecessor-version":[{"id":5517,"href":"https:\/\/halleffectkeyboard.com\/fr\/wp-json\/wp\/v2\/product\/5500\/revisions\/5517"}],"wp:featuredmedia":[{"embeddable":true,"href":"https:\/\/halleffectkeyboard.com\/fr\/wp-json\/wp\/v2\/media\/5504"}],"wp:attachment":[{"href":"https:\/\/halleffectkeyboard.com\/fr\/wp-json\/wp\/v2\/media?parent=5500"}],"wp:term":[{"taxonomy":"product_brand","embeddable":true,"href":"https:\/\/halleffectkeyboard.com\/fr\/wp-json\/wp\/v2\/product_brand?post=5500"},{"taxonomy":"product_cat","embeddable":true,"href":"https:\/\/halleffectkeyboard.com\/fr\/wp-json\/wp\/v2\/product_cat?post=5500"},{"taxonomy":"product_tag","embeddable":true,"href":"https:\/\/halleffectkeyboard.com\/fr\/wp-json\/wp\/v2\/product_tag?post=5500"}],"curies":[{"name":"wp","href":"https:\/\/api.w.org\/{rel}","templated":true}]}}