{"id":5264,"date":"2026-05-07T14:04:15","date_gmt":"2026-05-07T06:04:15","guid":{"rendered":"https:\/\/halleffectkeyboard.com\/?post_type=product&#038;p=5264"},"modified":"2026-05-07T15:09:52","modified_gmt":"2026-05-07T07:09:52","slug":"atk-f1-extreme-wireless-mouse-leviatan-edition","status":"publish","type":"product","link":"https:\/\/halleffectkeyboard.com\/fr\/produit\/souris-sans-fil-atk-f1-extreme-edition-leviatan\/","title":{"rendered":"Souris sans fil ATK F1 Extreme \u2013 \u00c9dition LEVIATAN"},"content":{"rendered":"<h1>Souris sans fil ATK F1 Extreme \u2013 \u00c9dition LEVIATAN<\/h1>\n<h2>La souris gaming co-marqu\u00e9e ultime pour les professionnels de l&#039;e-sport<br \/>\n<img loading=\"lazy\" decoding=\"async\" class=\"alignnone size-full wp-image-5271\" src=\"https:\/\/halleffectkeyboard.com\/wp-content\/uploads\/2026\/05\/1-9-scaled.jpg\" alt=\"ATK F1 Extreme Wireless Mouse - LEVIATAN Edition\" width=\"2560\" height=\"1437\" srcset=\"https:\/\/halleffectkeyboard.com\/wp-content\/uploads\/2026\/05\/1-9-scaled.jpg 2560w, https:\/\/halleffectkeyboard.com\/wp-content\/uploads\/2026\/05\/1-9-300x168.jpg 300w, https:\/\/halleffectkeyboard.com\/wp-content\/uploads\/2026\/05\/1-9-1024x575.jpg 1024w, https:\/\/halleffectkeyboard.com\/wp-content\/uploads\/2026\/05\/1-9-768x431.jpg 768w, https:\/\/halleffectkeyboard.com\/wp-content\/uploads\/2026\/05\/1-9-1536x862.jpg 1536w, https:\/\/halleffectkeyboard.com\/wp-content\/uploads\/2026\/05\/1-9-2048x1150.jpg 2048w, https:\/\/halleffectkeyboard.com\/wp-content\/uploads\/2026\/05\/1-9-18x10.jpg 18w, https:\/\/halleffectkeyboard.com\/wp-content\/uploads\/2026\/05\/1-9-1200x674.jpg 1200w\" sizes=\"auto, (max-width: 2560px) 100vw, 2560px\" data-no-translation=\"\" \/><\/h2>\n<p>Vivez l&#039;apog\u00e9e du jeu comp\u00e9titif avec <strong>Souris sans fil ATK F1 Extreme \u2013 \u00c9dition LEVIATAN<\/strong>. N\u00e9 d&#039;une famille exclusive <strong>Collaboration LEVIATAN<\/strong>, ce haut de gamme <strong>Souris sans fil pour e-sport<\/strong> allie des composants haut de gamme \u00e0 une conception ergonomique ultra-l\u00e9g\u00e8re. En tant que fabricant officiel <strong>Souris gaming Leviatan Team<\/strong>, le <strong>ATK Blazing Sky F1 Extr\u00eame<\/strong> Il est con\u00e7u pour offrir un suivi pr\u00e9cis, une latence ultra-faible et un confort optimal tout au long de la journ\u00e9e, aussi bien pour les joueurs professionnels que pour les passionn\u00e9s de FPS.<\/p>\n<h2><img loading=\"lazy\" decoding=\"async\" class=\"alignnone size-full wp-image-5274\" src=\"https:\/\/halleffectkeyboard.com\/wp-content\/uploads\/2026\/05\/4-9-scaled.jpg\" alt=\"ATK F1 Extreme Wireless Mouse - LEVIATAN Edition\" width=\"2560\" height=\"1437\" srcset=\"https:\/\/halleffectkeyboard.com\/wp-content\/uploads\/2026\/05\/4-9-scaled.jpg 2560w, https:\/\/halleffectkeyboard.com\/wp-content\/uploads\/2026\/05\/4-9-300x168.jpg 300w, https:\/\/halleffectkeyboard.com\/wp-content\/uploads\/2026\/05\/4-9-1024x575.jpg 1024w, https:\/\/halleffectkeyboard.com\/wp-content\/uploads\/2026\/05\/4-9-768x431.jpg 768w, https:\/\/halleffectkeyboard.com\/wp-content\/uploads\/2026\/05\/4-9-1536x862.jpg 1536w, https:\/\/halleffectkeyboard.com\/wp-content\/uploads\/2026\/05\/4-9-2048x1150.jpg 2048w, https:\/\/halleffectkeyboard.com\/wp-content\/uploads\/2026\/05\/4-9-18x10.jpg 18w, https:\/\/halleffectkeyboard.com\/wp-content\/uploads\/2026\/05\/4-9-1200x674.jpg 1200w\" sizes=\"auto, (max-width: 2560px) 100vw, 2560px\" data-no-translation=\"\" \/><br \/>\nPerformances et mat\u00e9riel de base in\u00e9gal\u00e9s<\/h2>\n<ul>\n<li><strong>Capteur phare PAW3950\u00a0:<\/strong>\u00a0Dominez la concurrence gr\u00e2ce \u00e0 la solution leader du secteur.\u00a0<strong>Capteur PAW3950<\/strong>. Ce\u00a0<strong>Souris sans fil PAW3950<\/strong>\u00a0offre une r\u00e9solution native ultra-\u00e9lev\u00e9e, une acc\u00e9l\u00e9ration du curseur nulle et une absence de d\u00e9rive du suivi, ce qui en fait le\u00a0<strong>meilleure souris pour l&#039;e-sport Valorant<\/strong>\u00a0o\u00f9 la rapidit\u00e9 de vis\u00e9e et les micro-ajustements sont essentiels.<\/li>\n<li><strong>Souris de jeu sans fil 8K Hz :<\/strong>\u00a0Ne ratez jamais une image. Dot\u00e9 d&#039;un\u00a0<strong>Souris avec taux d&#039;interrogation de 8K \/ Dongle 8K<\/strong>\u00a0configuration, ceci\u00a0<strong>Souris sans fil PAW3950 8K<\/strong>\u00a0garantit une connexion \u00e0 latence ultra-faible avec une transmission de signal stable.<\/li>\n<li><strong>Puce de contr\u00f4le de nouvelle g\u00e9n\u00e9ration\u00a0:<\/strong>\u00a0La puce de contr\u00f4le principale int\u00e9gr\u00e9e de haute performance assure un suivi du curseur ultra-fluide. De plus, en tant que\u00a0<strong>souris de jeu logicielle en ligne<\/strong>, Vous pouvez facilement personnaliser la r\u00e9solution DPI, la fr\u00e9quence d&#039;interrogation et l&#039;\u00e9clairage RGB sans applications de bureau encombrantes.<br \/>\n<img loading=\"lazy\" decoding=\"async\" class=\"alignnone size-full wp-image-5273\" src=\"https:\/\/halleffectkeyboard.com\/wp-content\/uploads\/2026\/05\/3-10-scaled.jpg\" alt=\"ATK F1 Extreme Wireless Mouse - LEVIATAN Edition\" width=\"2560\" height=\"1437\" srcset=\"https:\/\/halleffectkeyboard.com\/wp-content\/uploads\/2026\/05\/3-10-scaled.jpg 2560w, https:\/\/halleffectkeyboard.com\/wp-content\/uploads\/2026\/05\/3-10-300x168.jpg 300w, https:\/\/halleffectkeyboard.com\/wp-content\/uploads\/2026\/05\/3-10-1024x575.jpg 1024w, https:\/\/halleffectkeyboard.com\/wp-content\/uploads\/2026\/05\/3-10-768x431.jpg 768w, https:\/\/halleffectkeyboard.com\/wp-content\/uploads\/2026\/05\/3-10-1536x862.jpg 1536w, https:\/\/halleffectkeyboard.com\/wp-content\/uploads\/2026\/05\/3-10-2048x1150.jpg 2048w, https:\/\/halleffectkeyboard.com\/wp-content\/uploads\/2026\/05\/3-10-18x10.jpg 18w, https:\/\/halleffectkeyboard.com\/wp-content\/uploads\/2026\/05\/3-10-1200x674.jpg 1200w\" sizes=\"auto, (max-width: 2560px) 100vw, 2560px\" data-no-translation=\"\" \/><\/li>\n<\/ul>\n<h2>Ergonomie ultra-l\u00e9g\u00e8re et design exclusif<\/h2>\n<ul>\n<li><strong>Souris de jeu ultra-l\u00e9g\u00e8re de 35 g\u00a0:<\/strong>\u00a0Pesant un poids \u00e9tonnant de 35 grammes, ceci\u00a0<strong>Souris de jeu 35 g<\/strong>\u00a0Permet des mouvements de glissement et de balayage sans effort. Sa forme ergonomique classique pour droitier en fait l&#039;outil id\u00e9al.\u00a0<strong>Souris l\u00e9g\u00e8re pour prise en main en griffe<\/strong>\u00a0et un id\u00e9al\u00a0<strong>souris de jeu \u00e0 prise en main du bout des doigts<\/strong>, r\u00e9duisant consid\u00e9rablement la fatigue du poignet.<br \/>\n<img loading=\"lazy\" decoding=\"async\" class=\"alignnone size-full wp-image-5272\" src=\"https:\/\/halleffectkeyboard.com\/wp-content\/uploads\/2026\/05\/2-9-scaled.jpg\" alt=\"ATK F1 Extreme Wireless Mouse - LEVIATAN Edition\" width=\"2560\" height=\"1437\" srcset=\"https:\/\/halleffectkeyboard.com\/wp-content\/uploads\/2026\/05\/2-9-scaled.jpg 2560w, https:\/\/halleffectkeyboard.com\/wp-content\/uploads\/2026\/05\/2-9-300x168.jpg 300w, https:\/\/halleffectkeyboard.com\/wp-content\/uploads\/2026\/05\/2-9-1024x575.jpg 1024w, https:\/\/halleffectkeyboard.com\/wp-content\/uploads\/2026\/05\/2-9-768x431.jpg 768w, https:\/\/halleffectkeyboard.com\/wp-content\/uploads\/2026\/05\/2-9-1536x862.jpg 1536w, https:\/\/halleffectkeyboard.com\/wp-content\/uploads\/2026\/05\/2-9-2048x1150.jpg 2048w, https:\/\/halleffectkeyboard.com\/wp-content\/uploads\/2026\/05\/2-9-18x10.jpg 18w, https:\/\/halleffectkeyboard.com\/wp-content\/uploads\/2026\/05\/2-9-1200x674.jpg 1200w\" sizes=\"auto, (max-width: 2560px) 100vw, 2560px\" data-no-translation=\"\" \/><\/li>\n<li><strong>Finition effet glace haut de gamme :<\/strong>\u00a0D\u00e9marquez-vous avec l&#039;exclusivit\u00e9\u00a0<strong>Souris \u00e9dition LEVIATAN<\/strong>\u00a0Esth\u00e9tique. Elle pr\u00e9sente une palette de couleurs personnalis\u00e9e, un co-branding embl\u00e9matique et une surface antid\u00e9rapante haut de gamme.\u00a0<strong>Finition glac\u00e9e<\/strong>. Ce produit est r\u00e9sistant \u00e0 la transpiration.\u00a0<strong>souris de jeu \u00e0 rev\u00eatement glac\u00e9<\/strong>\u00a0assure une tenue ferme lors des matchs intenses.<\/li>\n<li><strong>Commutateurs optiques durables\u00a0:<\/strong>\u00a0Con\u00e7u pour offrir des performances \u00e9lev\u00e9es\u00a0<strong>souris sans fil \u00e0 commutateurs optiques<\/strong>, Il offre un retour tactile net, un rebond rapide et une dur\u00e9e de vie prolong\u00e9e pour des clics rapides et continus.<br \/>\n<img loading=\"lazy\" decoding=\"async\" class=\"alignnone size-full wp-image-5276\" src=\"https:\/\/halleffectkeyboard.com\/wp-content\/uploads\/2026\/05\/6-4-scaled.jpg\" alt=\"ATK F1 Extreme Wireless Mouse - LEVIATAN Edition\" width=\"2560\" height=\"1437\" srcset=\"https:\/\/halleffectkeyboard.com\/wp-content\/uploads\/2026\/05\/6-4-scaled.jpg 2560w, https:\/\/halleffectkeyboard.com\/wp-content\/uploads\/2026\/05\/6-4-300x168.jpg 300w, https:\/\/halleffectkeyboard.com\/wp-content\/uploads\/2026\/05\/6-4-1024x575.jpg 1024w, https:\/\/halleffectkeyboard.com\/wp-content\/uploads\/2026\/05\/6-4-768x431.jpg 768w, https:\/\/halleffectkeyboard.com\/wp-content\/uploads\/2026\/05\/6-4-1536x862.jpg 1536w, https:\/\/halleffectkeyboard.com\/wp-content\/uploads\/2026\/05\/6-4-2048x1150.jpg 2048w, https:\/\/halleffectkeyboard.com\/wp-content\/uploads\/2026\/05\/6-4-18x10.jpg 18w, https:\/\/halleffectkeyboard.com\/wp-content\/uploads\/2026\/05\/6-4-1200x674.jpg 1200w\" sizes=\"auto, (max-width: 2560px) 100vw, 2560px\" data-no-translation=\"\" \/><\/li>\n<\/ul>\n<h2>R\u00e9sum\u00e9 des sp\u00e9cifications techniques<\/h2>\n<ul>\n<li><strong>Produit:<\/strong>\u00a0<strong>ATK Blazing Sky F1<\/strong>\u00a0(\u00c9dition extr\u00eame)<\/li>\n<li><strong>Capteur:<\/strong>\u00a0Capteur optique PAW3950<\/li>\n<li><strong>Poids:<\/strong>\u00a035 g<\/li>\n<li><strong>Taux de participation :<\/strong>\u00a0Jusqu&#039;\u00e0 8000 Hz (dongle 8K inclus)<\/li>\n<li><strong>Connectivit\u00e9 :<\/strong>\u00a0Mode double sans fil + filaire 2,4 GHz<\/li>\n<li><strong>Batterie:<\/strong>\u00a0Batterie rechargeable haute capacit\u00e9 avec prise en charge de la charge rapide<\/li>\n<li><strong>Glisses :<\/strong>\u00a0Patins de souris en PTFE ultra-lisses de qualit\u00e9 sup\u00e9rieure<\/li>\n<li><strong>Compatibilit\u00e9:<\/strong>\u00a0Compatible avec Windows, macOS et Linux (plug-and-play).<\/li>\n<\/ul>\n<h2><img loading=\"lazy\" decoding=\"async\" class=\"alignnone size-full wp-image-5275\" src=\"https:\/\/halleffectkeyboard.com\/wp-content\/uploads\/2026\/05\/5-8-scaled.jpg\" alt=\"ATK F1 Extreme Wireless Mouse - LEVIATAN Edition\" width=\"2560\" height=\"1437\" srcset=\"https:\/\/halleffectkeyboard.com\/wp-content\/uploads\/2026\/05\/5-8-scaled.jpg 2560w, https:\/\/halleffectkeyboard.com\/wp-content\/uploads\/2026\/05\/5-8-300x168.jpg 300w, https:\/\/halleffectkeyboard.com\/wp-content\/uploads\/2026\/05\/5-8-1024x575.jpg 1024w, https:\/\/halleffectkeyboard.com\/wp-content\/uploads\/2026\/05\/5-8-768x431.jpg 768w, https:\/\/halleffectkeyboard.com\/wp-content\/uploads\/2026\/05\/5-8-1536x862.jpg 1536w, https:\/\/halleffectkeyboard.com\/wp-content\/uploads\/2026\/05\/5-8-2048x1150.jpg 2048w, https:\/\/halleffectkeyboard.com\/wp-content\/uploads\/2026\/05\/5-8-18x10.jpg 18w, https:\/\/halleffectkeyboard.com\/wp-content\/uploads\/2026\/05\/5-8-1200x674.jpg 1200w\" sizes=\"auto, (max-width: 2560px) 100vw, 2560px\" data-no-translation=\"\" \/><br \/>\nMettez \u00e0 niveau votre configuration d\u00e8s aujourd&#039;hui<\/h2>\n<p>Pr\u00eat \u00e0 am\u00e9liorer votre jeu gr\u00e2ce au m\u00eame \u00e9quipement que les pros\u00a0? Consultez la <strong>Prix du ATK Blazing Sky F1 Extreme<\/strong> et <strong>acheter ATK F1 Extreme Leviatan<\/strong> Inscrivez-vous d\u00e8s aujourd&#039;hui pour entrer dans l&#039;histoire de l&#039;e-sport. Rejoignez les rangs des joueurs d&#039;\u00e9lite avec <strong>Souris sans fil ATK F1 Extreme<\/strong>.<\/p>","protected":false},"excerpt":{"rendered":"<p>Vivez des performances e-sport d&#039;\u00e9lite avec <strong>Souris sans fil ATK F1 Extreme \u2013 \u00c9dition LEVIATAN<\/strong>. Pesant seulement 35 g, cette souris gaming exclusive, fruit d&#039;une collaboration entre deux marques, est \u00e9quip\u00e9e du capteur haut de gamme PAW3950, d&#039;une fr\u00e9quence d&#039;interrogation de 8\u00a0000 Hz pour une latence ultra-faible et d&#039;une finition antid\u00e9rapante de qualit\u00e9 sup\u00e9rieure effet glace. Con\u00e7ue pour les joueurs FPS professionnels exigeant une pr\u00e9cision et une vitesse optimales.<\/p>","protected":false},"featured_media":5266,"comment_status":"open","ping_status":"closed","template":"","meta":[],"product_brand":[226],"product_cat":[331],"product_tag":[499,338,498],"class_list":{"0":"post-5264","1":"product","2":"type-product","3":"status-publish","4":"has-post-thumbnail","6":"product_brand-atk","7":"product_cat-mouse","8":"product_tag-gaming-mouse","9":"product_tag-mouse","10":"product_tag-wireless-mouse","12":"first","13":"instock","14":"taxable","15":"shipping-taxable","16":"purchasable","17":"product-type-variable","18":"wvs-archive-product-wrapper"},"aioseo_notices":[],"ct_brands":[{"id":226,"name":"ATK","slug":"atk"}],"jetpack_sharing_enabled":true,"_links":{"self":[{"href":"https:\/\/halleffectkeyboard.com\/fr\/wp-json\/wp\/v2\/product\/5264","targetHints":{"allow":["GET"]}}],"collection":[{"href":"https:\/\/halleffectkeyboard.com\/fr\/wp-json\/wp\/v2\/product"}],"about":[{"href":"https:\/\/halleffectkeyboard.com\/fr\/wp-json\/wp\/v2\/types\/product"}],"replies":[{"embeddable":true,"href":"https:\/\/halleffectkeyboard.com\/fr\/wp-json\/wp\/v2\/comments?post=5264"}],"version-history":[{"count":3,"href":"https:\/\/halleffectkeyboard.com\/fr\/wp-json\/wp\/v2\/product\/5264\/revisions"}],"predecessor-version":[{"id":5279,"href":"https:\/\/halleffectkeyboard.com\/fr\/wp-json\/wp\/v2\/product\/5264\/revisions\/5279"}],"wp:featuredmedia":[{"embeddable":true,"href":"https:\/\/halleffectkeyboard.com\/fr\/wp-json\/wp\/v2\/media\/5266"}],"wp:attachment":[{"href":"https:\/\/halleffectkeyboard.com\/fr\/wp-json\/wp\/v2\/media?parent=5264"}],"wp:term":[{"taxonomy":"product_brand","embeddable":true,"href":"https:\/\/halleffectkeyboard.com\/fr\/wp-json\/wp\/v2\/product_brand?post=5264"},{"taxonomy":"product_cat","embeddable":true,"href":"https:\/\/halleffectkeyboard.com\/fr\/wp-json\/wp\/v2\/product_cat?post=5264"},{"taxonomy":"product_tag","embeddable":true,"href":"https:\/\/halleffectkeyboard.com\/fr\/wp-json\/wp\/v2\/product_tag?post=5264"}],"curies":[{"name":"wp","href":"https:\/\/api.w.org\/{rel}","templated":true}]}}