{"id":5243,"date":"2026-05-07T11:10:15","date_gmt":"2026-05-07T03:10:15","guid":{"rendered":"https:\/\/halleffectkeyboard.com\/?post_type=product&#038;p=5243"},"modified":"2026-05-07T17:09:50","modified_gmt":"2026-05-07T09:09:50","slug":"atk-99g-mouse-pad","status":"publish","type":"product","link":"https:\/\/halleffectkeyboard.com\/fr\/produit\/tapis-de-souris-atk-99g\/","title":{"rendered":"Tapis de souris ATK 99G"},"content":{"rendered":"<h1><strong>Tapis de souris ATK 99G\u00a0: Le tapis de souris ultime pour le jeu e-sport XSoft<br \/>\n<img loading=\"lazy\" decoding=\"async\" class=\"alignnone size-full wp-image-5256\" src=\"https:\/\/halleffectkeyboard.com\/wp-content\/uploads\/2026\/05\/1-7-scaled.jpg\" alt=\"ATK 99G Mouse Pad\" width=\"2560\" height=\"1437\" srcset=\"https:\/\/halleffectkeyboard.com\/wp-content\/uploads\/2026\/05\/1-7-scaled.jpg 2560w, https:\/\/halleffectkeyboard.com\/wp-content\/uploads\/2026\/05\/1-7-300x168.jpg 300w, https:\/\/halleffectkeyboard.com\/wp-content\/uploads\/2026\/05\/1-7-1024x575.jpg 1024w, https:\/\/halleffectkeyboard.com\/wp-content\/uploads\/2026\/05\/1-7-768x431.jpg 768w, https:\/\/halleffectkeyboard.com\/wp-content\/uploads\/2026\/05\/1-7-1536x862.jpg 1536w, https:\/\/halleffectkeyboard.com\/wp-content\/uploads\/2026\/05\/1-7-2048x1150.jpg 2048w, https:\/\/halleffectkeyboard.com\/wp-content\/uploads\/2026\/05\/1-7-18x10.jpg 18w, https:\/\/halleffectkeyboard.com\/wp-content\/uploads\/2026\/05\/1-7-1200x674.jpg 1200w\" sizes=\"auto, (max-width: 2560px) 100vw, 2560px\" data-no-translation=\"\" \/><br \/>\n<\/strong><\/h1>\n<p>Am\u00e9liorez votre exp\u00e9rience de jeu avec <strong>ATK 99G<\/strong>, un niveau sup\u00e9rieur <strong>tapis de souris gaming e-sport<\/strong> Con\u00e7u pour les joueurs comp\u00e9titifs et les professionnels. Que vous suiviez des cibles dans des jeux de tir rapides ou que vous ex\u00e9cutiez des clics pr\u00e9cis dans des MOBA, ce <strong>Tapis de souris ATK<\/strong> offre le parfait \u00e9quilibre entre vitesse et contr\u00f4le. Si vous recherchez <strong>Achetez le tapis de souris ATK 99G<\/strong>, Vous investissez dans une surface haut de gamme qui red\u00e9finit votre configuration.<br \/>\n<img loading=\"lazy\" decoding=\"async\" class=\"alignnone size-full wp-image-5260\" src=\"https:\/\/halleffectkeyboard.com\/wp-content\/uploads\/2026\/05\/5-6-scaled.jpg\" alt=\"ATK 99G Mouse Pad\" width=\"2560\" height=\"1437\" srcset=\"https:\/\/halleffectkeyboard.com\/wp-content\/uploads\/2026\/05\/5-6-scaled.jpg 2560w, https:\/\/halleffectkeyboard.com\/wp-content\/uploads\/2026\/05\/5-6-300x168.jpg 300w, https:\/\/halleffectkeyboard.com\/wp-content\/uploads\/2026\/05\/5-6-1024x575.jpg 1024w, https:\/\/halleffectkeyboard.com\/wp-content\/uploads\/2026\/05\/5-6-768x431.jpg 768w, https:\/\/halleffectkeyboard.com\/wp-content\/uploads\/2026\/05\/5-6-1536x862.jpg 1536w, https:\/\/halleffectkeyboard.com\/wp-content\/uploads\/2026\/05\/5-6-2048x1150.jpg 2048w, https:\/\/halleffectkeyboard.com\/wp-content\/uploads\/2026\/05\/5-6-18x10.jpg 18w, https:\/\/halleffectkeyboard.com\/wp-content\/uploads\/2026\/05\/5-6-1200x674.jpg 1200w\" sizes=\"auto, (max-width: 2560px) 100vw, 2560px\" data-no-translation=\"\" \/><\/p>\n<h2><strong>Surface et contr\u00f4le in\u00e9gal\u00e9s<\/strong><\/h2>\n<p>Au c\u0153ur du <strong>ATK 99G<\/strong> est un <strong>tapis de souris haut de gamme en fibre composite<\/strong> conception. Le <strong>surface en fibre composite<\/strong> offre une texture micro-polaire douce pour la peau qui garantit un <strong>glisse en douceur<\/strong> tout en maintenant <strong>puissance de freinage \u00e9quilibr\u00e9e<\/strong>. Cela en fait un cas exceptionnel <strong>pav\u00e9 de commande \u00e0 glissement doux<\/strong> et l&#039;ultime <strong>Tapis de souris gaming \u00e0 puissance d&#039;arr\u00eat<\/strong>.<\/p>\n<p>Pour les joueurs qui exigent de la constance, le <strong>ATK 99G<\/strong> est \u00e9galement con\u00e7u comme un <strong>tapis de souris gaming r\u00e9sistant \u00e0 l&#039;humidit\u00e9<\/strong>, vous assurant ainsi une pr\u00e9cision irr\u00e9prochable quelles que soient les conditions m\u00e9t\u00e9orologiques ou les sessions de jeu intenses.<br \/>\n<img loading=\"lazy\" decoding=\"async\" class=\"alignnone size-full wp-image-5257\" src=\"https:\/\/halleffectkeyboard.com\/wp-content\/uploads\/2026\/05\/2-7-scaled.jpg\" alt=\"ATK 99G Mouse Pad\" width=\"2560\" height=\"1437\" srcset=\"https:\/\/halleffectkeyboard.com\/wp-content\/uploads\/2026\/05\/2-7-scaled.jpg 2560w, https:\/\/halleffectkeyboard.com\/wp-content\/uploads\/2026\/05\/2-7-300x168.jpg 300w, https:\/\/halleffectkeyboard.com\/wp-content\/uploads\/2026\/05\/2-7-1024x575.jpg 1024w, https:\/\/halleffectkeyboard.com\/wp-content\/uploads\/2026\/05\/2-7-768x431.jpg 768w, https:\/\/halleffectkeyboard.com\/wp-content\/uploads\/2026\/05\/2-7-1536x862.jpg 1536w, https:\/\/halleffectkeyboard.com\/wp-content\/uploads\/2026\/05\/2-7-2048x1150.jpg 2048w, https:\/\/halleffectkeyboard.com\/wp-content\/uploads\/2026\/05\/2-7-18x10.jpg 18w, https:\/\/halleffectkeyboard.com\/wp-content\/uploads\/2026\/05\/2-7-1200x674.jpg 1200w\" sizes=\"auto, (max-width: 2560px) 100vw, 2560px\" data-no-translation=\"\" \/><\/p>\n<h2><strong>Con\u00e7u pour le jeu comp\u00e9titif<\/strong><\/h2>\n<p>Ce tapis est largement consid\u00e9r\u00e9 comme le <strong>Meilleur tapis de souris pour Valorant \u00e0 faible sensibilit\u00e9<\/strong> et le <strong>meilleur tapis de souris pour CS2<\/strong>. En tant que d\u00e9vou\u00e9 <strong>tapis de souris pour jeux FPS<\/strong> et <strong>Tapis de souris de contr\u00f4le pour jeux FPS<\/strong>, il excelle dans les sc\u00e9narios \u00e0 TTK (Time-to-Kill) court comme Apex Legends, CS:GO et Valorant.<\/p>\n<p>Non seulement pour les tireurs, sa polyvalence en fait un excellent <strong>Tapis de souris MOBA<\/strong>. Pour les joueurs qui pr\u00e9f\u00e8rent de grands mouvements de bras, ceci <strong>grand tapis de souris de jeu<\/strong> supports <strong>Jeux \u00e0 faible r\u00e9solution<\/strong> sans effort. En tant que <strong>Tapis de souris e-sport grand format 490\u00d7420<\/strong>, Il offre suffisamment d&#039;espace pour les tireurs utilisant aussi bien le bras que le poignet.<br \/>\n<img loading=\"lazy\" decoding=\"async\" class=\"alignnone size-full wp-image-5259\" src=\"https:\/\/halleffectkeyboard.com\/wp-content\/uploads\/2026\/05\/4-7-scaled.jpg\" alt=\"ATK 99G Mouse Pad\" width=\"2560\" height=\"1437\" srcset=\"https:\/\/halleffectkeyboard.com\/wp-content\/uploads\/2026\/05\/4-7-scaled.jpg 2560w, https:\/\/halleffectkeyboard.com\/wp-content\/uploads\/2026\/05\/4-7-300x168.jpg 300w, https:\/\/halleffectkeyboard.com\/wp-content\/uploads\/2026\/05\/4-7-1024x575.jpg 1024w, https:\/\/halleffectkeyboard.com\/wp-content\/uploads\/2026\/05\/4-7-768x431.jpg 768w, https:\/\/halleffectkeyboard.com\/wp-content\/uploads\/2026\/05\/4-7-1536x862.jpg 1536w, https:\/\/halleffectkeyboard.com\/wp-content\/uploads\/2026\/05\/4-7-2048x1150.jpg 2048w, https:\/\/halleffectkeyboard.com\/wp-content\/uploads\/2026\/05\/4-7-18x10.jpg 18w, https:\/\/halleffectkeyboard.com\/wp-content\/uploads\/2026\/05\/4-7-1200x674.jpg 1200w\" sizes=\"auto, (max-width: 2560px) 100vw, 2560px\" data-no-translation=\"\" \/><\/p>\n<h2><strong>Base et durabilit\u00e9 de qualit\u00e9 sup\u00e9rieure<\/strong><\/h2>\n<p>Disponible en versions Air et Carbone, le <strong>ATK 99G<\/strong> comporte une personnalisation <strong>Tapis de souris \u00e0 base XSoft<\/strong> La formule Carbon utilise une base en polyur\u00e9thane (PU) cor\u00e9enne haut de gamme, ce qui lui conf\u00e8re des performances identiques \u00e0 celles d&#039;un produit premium. <strong>Tapis de souris gaming Poron Base<\/strong> avec des propri\u00e9t\u00e9s antid\u00e9rapantes incroyables.<\/p>\n<p>Sa durabilit\u00e9 est garantie par des coutures de pr\u00e9cision sous la surface. En tant que produit de haute qualit\u00e9 <strong>tapis de souris gaming \u00e0 bords cousus<\/strong>, Les bords sont situ\u00e9s sous le niveau de la surface pour \u00e9viter l&#039;effilochage et garantir qu&#039;il n&#039;irrite jamais votre bras lors de longues s\u00e9ances.<br \/>\n<img loading=\"lazy\" decoding=\"async\" class=\"alignnone size-full wp-image-5261\" src=\"https:\/\/halleffectkeyboard.com\/wp-content\/uploads\/2026\/05\/6-3-scaled.jpg\" alt=\"ATK 99G Mouse Pad\" width=\"2560\" height=\"1437\" srcset=\"https:\/\/halleffectkeyboard.com\/wp-content\/uploads\/2026\/05\/6-3-scaled.jpg 2560w, https:\/\/halleffectkeyboard.com\/wp-content\/uploads\/2026\/05\/6-3-300x168.jpg 300w, https:\/\/halleffectkeyboard.com\/wp-content\/uploads\/2026\/05\/6-3-1024x575.jpg 1024w, https:\/\/halleffectkeyboard.com\/wp-content\/uploads\/2026\/05\/6-3-768x431.jpg 768w, https:\/\/halleffectkeyboard.com\/wp-content\/uploads\/2026\/05\/6-3-1536x862.jpg 1536w, https:\/\/halleffectkeyboard.com\/wp-content\/uploads\/2026\/05\/6-3-2048x1150.jpg 2048w, https:\/\/halleffectkeyboard.com\/wp-content\/uploads\/2026\/05\/6-3-18x10.jpg 18w, https:\/\/halleffectkeyboard.com\/wp-content\/uploads\/2026\/05\/6-3-1200x674.jpg 1200w\" sizes=\"auto, (max-width: 2560px) 100vw, 2560px\" data-no-translation=\"\" \/><\/p>\n<h2><strong>Comment se compare-t-il ?<\/strong><\/h2>\n<p>Sur le march\u00e9 p\u00e9riph\u00e9rique concurrentiel, le <strong>Test de l&#039;ATK 99G<\/strong> Le consensus est tr\u00e8s largement positif. Lorsqu&#039;on examine les <strong>ATK 99G contre Artisan Zero<\/strong>, de nombreux passionn\u00e9s consid\u00e8rent l&#039;ATK 99G comme le <strong>meilleure alternative artisanale z\u00e9ro<\/strong> Disponible d\u00e8s aujourd&#039;hui, offrant des performances haut de gamme similaires \u00e0 un prix plus accessible.<\/p>\n<p>Pour ceux qui h\u00e9sitent entre diff\u00e9rents niveaux de douceur, <strong>ATK 99G XSoft vs Mid<\/strong> Les discussions penchent g\u00e9n\u00e9ralement en faveur du XSoft pour sa puissance de freinage sup\u00e9rieure et son confort moelleux. De plus, dans des comparaisons comme <strong>ATK 99G contre Lethal Gaming Gear (LGG)<\/strong>, L&#039;ATK 99G se distingue par son m\u00e9lange unique de fibres composites et son rapport qualit\u00e9-prix exceptionnel. <strong>Test du tapis de souris ATK 99G<\/strong> met en \u00e9vidence son incroyable rapport co\u00fbt-performance.<br \/>\n<img loading=\"lazy\" decoding=\"async\" class=\"alignnone size-full wp-image-5262\" src=\"https:\/\/halleffectkeyboard.com\/wp-content\/uploads\/2026\/05\/7-3-scaled.jpg\" alt=\"ATK 99G Mouse Pad\" width=\"2560\" height=\"1437\" srcset=\"https:\/\/halleffectkeyboard.com\/wp-content\/uploads\/2026\/05\/7-3-scaled.jpg 2560w, https:\/\/halleffectkeyboard.com\/wp-content\/uploads\/2026\/05\/7-3-300x168.jpg 300w, https:\/\/halleffectkeyboard.com\/wp-content\/uploads\/2026\/05\/7-3-1024x575.jpg 1024w, https:\/\/halleffectkeyboard.com\/wp-content\/uploads\/2026\/05\/7-3-768x431.jpg 768w, https:\/\/halleffectkeyboard.com\/wp-content\/uploads\/2026\/05\/7-3-1536x862.jpg 1536w, https:\/\/halleffectkeyboard.com\/wp-content\/uploads\/2026\/05\/7-3-2048x1150.jpg 2048w, https:\/\/halleffectkeyboard.com\/wp-content\/uploads\/2026\/05\/7-3-18x10.jpg 18w, https:\/\/halleffectkeyboard.com\/wp-content\/uploads\/2026\/05\/7-3-1200x674.jpg 1200w\" sizes=\"auto, (max-width: 2560px) 100vw, 2560px\" data-no-translation=\"\" \/><\/p>\n<h2><strong>Sp\u00e9cifications du produit<\/strong><\/h2>\n<ul>\n<li><strong>Marque:<\/strong>\u00a0<strong>ATK<\/strong><\/li>\n<li><strong>Mod\u00e8le:<\/strong>\u00a0<strong>ATK 99G<\/strong>\u00a0XSoft<\/li>\n<li><strong>Versions :<\/strong>\u00a0Air, Carbone, Pro<\/li>\n<li><strong>Couleurs:<\/strong>\u00a0Vert matcha, noir<\/li>\n<li><strong>Dimensions:<\/strong>\u00a0<strong>Tapis de souris 490 x 420 mm<\/strong><\/li>\n<li><strong>\u00c9paisseur:<\/strong>\u00a04 mm (Pro\/Carbone) \/ 4,5 \u00b1 0,5 mm (Air)<\/li>\n<li><strong>Surface:<\/strong>\u00a0Fibre composite microfibre polaire<\/li>\n<li><strong>Base:<\/strong>\u00a0Base en polyur\u00e9thane cor\u00e9en (Pro\/Carbone) \/ Caoutchouc antid\u00e9rapant \u00e9pais (Air)<\/li>\n<\/ul>\n<h2><strong>Entretien et maintenance<\/strong><\/h2>\n<p>Pour conserver votre <strong>meilleur tapis de souris gaming XSoft<\/strong> en parfait \u00e9tat :<\/p>\n<ul>\n<li>\u00c9vitez d&#039;exposer le tapis de souris \u00e0 des temp\u00e9ratures \u00e9lev\u00e9es ou \u00e0 une humidit\u00e9 extr\u00eame.<\/li>\n<li><strong>Nettoyage:<\/strong>\u00a0Essuyez d\u00e9licatement la surface avec un chiffon l\u00e9g\u00e8rement humide ou des lingettes sans alcool.\u00a0<strong>Ne pas faire tremper ni laver en machine.<\/strong><\/li>\n<li><em>Remarque : Une l\u00e9g\u00e8re odeur de caoutchouc au d\u00e9ballage est normale et dispara\u00eetra apr\u00e8s une br\u00e8ve a\u00e9ration.<\/em><\/li>\n<\/ul>\n<p><strong>Pr\u00eat \u00e0 am\u00e9liorer votre pr\u00e9cision ?<\/strong> N&#039;acceptez rien de moins. D\u00e9couvrez d\u00e8s aujourd&#039;hui l&#039;\u00e9quilibre parfait entre vitesse et contr\u00f4le avec l&#039;ATK 99G.<\/p>","protected":false},"excerpt":{"rendered":"<p>D\u00e9couvrez une pr\u00e9cision ultime avec le <strong>Tapis de souris gaming ATK 99G XSoft<\/strong>, con\u00e7u pour l&#039;e-sport comp\u00e9titif.<\/p>\n<ul>\n<li><strong>Surface de qualit\u00e9 sup\u00e9rieure :<\/strong>\u00a0M\u00e9lange de fibres composites pour une glisse fluide et une puissance de freinage \u00e9quilibr\u00e9e.<\/li>\n<li><strong>Base XSoft :<\/strong>\u00a0Stabilit\u00e9 antid\u00e9rapante incroyable et confort moelleux pour les longues s\u00e9ances.<\/li>\n<li><strong>Taille de l&#039;eSport :<\/strong>\u00a0490 x 420 mm, offrant suffisamment d&#039;espace pour la vis\u00e9e \u00e0 faible DPI.<\/li>\n<li><strong>Construction durable :<\/strong>\u00a0Les bords cousus en subsurface emp\u00eachent l&#039;effilochage et les irritations au poignet.<\/li>\n<\/ul>","protected":false},"featured_media":5250,"comment_status":"open","ping_status":"closed","template":"","meta":[],"product_brand":[226],"product_cat":[553],"product_tag":[555,554],"class_list":{"0":"post-5243","1":"product","2":"type-product","3":"status-publish","4":"has-post-thumbnail","6":"product_brand-atk","7":"product_cat-mousepad","8":"product_tag-gaming-mousepad","9":"product_tag-mousepad","11":"first","12":"instock","13":"taxable","14":"shipping-taxable","15":"purchasable","16":"product-type-variable","17":"wvs-archive-product-wrapper"},"aioseo_notices":[],"ct_brands":[{"id":226,"name":"ATK","slug":"atk"}],"jetpack_sharing_enabled":true,"_links":{"self":[{"href":"https:\/\/halleffectkeyboard.com\/fr\/wp-json\/wp\/v2\/product\/5243","targetHints":{"allow":["GET"]}}],"collection":[{"href":"https:\/\/halleffectkeyboard.com\/fr\/wp-json\/wp\/v2\/product"}],"about":[{"href":"https:\/\/halleffectkeyboard.com\/fr\/wp-json\/wp\/v2\/types\/product"}],"replies":[{"embeddable":true,"href":"https:\/\/halleffectkeyboard.com\/fr\/wp-json\/wp\/v2\/comments?post=5243"}],"version-history":[{"count":4,"href":"https:\/\/halleffectkeyboard.com\/fr\/wp-json\/wp\/v2\/product\/5243\/revisions"}],"predecessor-version":[{"id":5263,"href":"https:\/\/halleffectkeyboard.com\/fr\/wp-json\/wp\/v2\/product\/5243\/revisions\/5263"}],"wp:featuredmedia":[{"embeddable":true,"href":"https:\/\/halleffectkeyboard.com\/fr\/wp-json\/wp\/v2\/media\/5250"}],"wp:attachment":[{"href":"https:\/\/halleffectkeyboard.com\/fr\/wp-json\/wp\/v2\/media?parent=5243"}],"wp:term":[{"taxonomy":"product_brand","embeddable":true,"href":"https:\/\/halleffectkeyboard.com\/fr\/wp-json\/wp\/v2\/product_brand?post=5243"},{"taxonomy":"product_cat","embeddable":true,"href":"https:\/\/halleffectkeyboard.com\/fr\/wp-json\/wp\/v2\/product_cat?post=5243"},{"taxonomy":"product_tag","embeddable":true,"href":"https:\/\/halleffectkeyboard.com\/fr\/wp-json\/wp\/v2\/product_tag?post=5243"}],"curies":[{"name":"wp","href":"https:\/\/api.w.org\/{rel}","templated":true}]}}