{"id":5190,"date":"2026-05-06T16:37:36","date_gmt":"2026-05-06T08:37:36","guid":{"rendered":"https:\/\/halleffectkeyboard.com\/?post_type=product&#038;p=5190"},"modified":"2026-05-06T18:29:15","modified_gmt":"2026-05-06T10:29:15","slug":"atk-68-rx-hall-effect-keyboard","status":"publish","type":"product","link":"https:\/\/halleffectkeyboard.com\/fr\/produit\/clavier-a-effet-hall-atk-68-rx\/","title":{"rendered":"Clavier \u00e0 effet Hall ATK 68 RX"},"content":{"rendered":"<h1><strong>Clavier \u00e0 effet Hall ATK 68 RX\u00a0: Le clavier de jeu ultime \u00e0 68\u00a0%<\/strong><\/h1>\n<p>Am\u00e9liorez votre exp\u00e9rience de jeu et de frappe avec <strong>ATK 68 RX<\/strong>, une prime <strong>clavier \u00e0 effet Hall<\/strong> Con\u00e7u pour une latence extr\u00eamement faible et une r\u00e9activit\u00e9 digne de l&#039;e-sport. Dot\u00e9 d&#039;un format compact. <strong>disposition du clavier 68 touches<\/strong>, ce <strong>clavier magn\u00e9tique<\/strong> L&#039;ATK 68 RX \u00e9limine les touches superflues pour gagner un espace pr\u00e9cieux sur votre bureau sans compromettre sa fonctionnalit\u00e9. Que vous soyez un joueur professionnel ou un utilisateur quotidien, l&#039;ATK 68 RX offre un parfait \u00e9quilibre entre vitesse, pr\u00e9cision et esth\u00e9tique.<\/p>\n<h2><strong>Vitesse r\u00e9volutionnaire\u00a0: effet Hall et d\u00e9clenchement rapide<\/strong><\/h2>\n<p>Entrez dans le futur du jeu vid\u00e9o avec des technologies de pointe <strong>interrupteurs \u00e0 effet Hall<\/strong>. Contrairement aux interrupteurs m\u00e9caniques traditionnels, celui-ci <strong>Clavier \u00e0 interrupteurs magn\u00e9tiques<\/strong> Utilise l&#039;induction magn\u00e9tique, \u00e9liminant l&#039;usure par contact physique pour une dur\u00e9e de vie nettement plus longue et des d\u00e9clencheurs toujours stables.<\/p>\n<p>En tant que solution hautement personnalisable <strong>clavier \u00e0 point d&#039;activation r\u00e9glable<\/strong>, Il vous permet de d\u00e9finir des seuils de d\u00e9clenchement haut et bas personnalis\u00e9s pour correspondre exactement \u00e0 votre style de jeu. Combin\u00e9 \u00e0 une vitesse fulgurante <strong>Fr\u00e9quence d&#039;interrogation de 8\u00a0000 Hz<\/strong>, ce <strong>Clavier \u00e0 d\u00e9clenchement rapide \/ Clavier RT<\/strong> garantit des temps de r\u00e9ponse de l&#039;ordre de la milliseconde. C&#039;est le nec plus ultra. <strong>Clavier de jeu FPS<\/strong>, ce qui en fait un cas exceptionnel <strong>Clavier Valorant<\/strong>, <strong>clavier osu!<\/strong>, et <strong>Clavier de jeu de rythme<\/strong>. Si vous avez besoin d&#039;un service fiable <strong>clavier de jeux rapides<\/strong>, le r\u00e9cepteur ATK 68 RX garantit que vos entr\u00e9es sont enregistr\u00e9es sans aucun d\u00e9lai.<\/p>\n<h2><strong>Disposition de clavier optimis\u00e9e \u00e0 68 touches et conception haut de gamme<\/strong><\/h2>\n<p>Le <strong>disposition du clavier \u00e0 68 %<\/strong> est tr\u00e8s recherch\u00e9e pour son \u00e9quilibre parfait entre design minimaliste et fonctionnalit\u00e9. En tant que produit haut de gamme <strong>clavier de jeu 68 touches<\/strong>, il conserve les touches fl\u00e9ch\u00e9es et de navigation essentielles (y compris le <strong>Touche d&#039;accueil par d\u00e9faut pour clavier 68 touches<\/strong> configurations), ce qui la distingue des autres <strong>68 claviers<\/strong> sur le march\u00e9.<\/p>\n<p>Construit comme un <strong>clavier magn\u00e9tique \u00e0 montage sup\u00e9rieur<\/strong> Dot\u00e9e d&#039;un rembourrage interne multicouche insonorisant, elle offre une frappe douce et confortable, avec un profil acoustique clair et agr\u00e9able, pr\u00e9venant ainsi la fatigue des mains lors des longues sessions. Le clavier est recouvert d&#039;un rev\u00eatement haut de gamme. <strong>Touches PBT \u00e0 profil Cherry, imprim\u00e9es lat\u00e9ralement<\/strong>, assurant une transparence RGB claire tout en restant tr\u00e8s r\u00e9sistant \u00e0 l&#039;usure, \u00e0 la brillance et \u00e0 la d\u00e9coloration.<\/p>\n<h2><strong>Conception \u00e0 personnalisation ultime et rempla\u00e7able \u00e0 chaud<\/strong><\/h2>\n<p>Plongez dans l&#039;univers de la personnalisation avec ce mod\u00e8le polyvalent <strong>Clavier personnalis\u00e9<\/strong>. Il est dot\u00e9 d&#039;un circuit imprim\u00e9 enti\u00e8rement interchangeable \u00e0 chaud, compatible avec les commutateurs \u00e0 3 et 5 broches courants, vous permettant de changer facilement de commutateurs et de personnaliser votre retour de frappe.<\/p>\n<p>Plongez au c\u0153ur de vos jeux gr\u00e2ce au r\u00e9tro\u00e9clairage RGB haute d\u00e9finition. Avec 16,8 millions de couleurs personnalisables, des effets lumineux dynamiques et des modes synchronis\u00e9s avec le rythme de la musique, vous pouvez facilement ajuster la luminosit\u00e9 et la vitesse pour cr\u00e9er l&#039;ambiance e-sport ultime.<\/p>\n<h2><strong>Connectivit\u00e9 fluide et compatibilit\u00e9 multiplateforme<\/strong><\/h2>\n<p>Profitez d&#039;une libert\u00e9 totale gr\u00e2ce \u00e0 la connectivit\u00e9 tri-mode\u00a0: filaire, sans fil 2,4\u00a0GHz et Bluetooth. Passez facilement de votre PC \u00e0 votre tablette ou votre smartphone. Gr\u00e2ce \u00e0 notre protocole sans fil propri\u00e9taire \u00e0 faible latence, b\u00e9n\u00e9ficiez de performances fluides et optimales, m\u00eame en mode sans fil. Aliment\u00e9e par une batterie lithium haute capacit\u00e9 \u00e0 charge rapide, elle vous permet de jouer pendant des heures avec l&#039;\u00e9clairage RGB activ\u00e9, sans vous soucier de la batterie.<\/p>\n<p>Con\u00e7u pour tous, il s&#039;agit d&#039;un enti\u00e8rement <strong>Clavier de jeu compatible Mac et Windows<\/strong> Compatible avec iOS et Android, ce clavier offre un logiciel de pilotage exclusif permettant de param\u00e9trer facilement les macros, de r\u00e9assigner les touches et de personnaliser l&#039;\u00e9clairage. Ses stabilisateurs silencieux et pr\u00e9cis garantissent une frappe d&#039;une pr\u00e9cision in\u00e9gal\u00e9e.<\/p>\n<hr \/>\n<h3><strong>Pourquoi choisir l&#039;ATK 68 RX ?<\/strong><\/h3>\n<ul>\n<li><strong>Pr\u00e9cision in\u00e9gal\u00e9e :<\/strong>\u00a0<strong>clavier \u00e0 effet Hall<\/strong>\u00a0technologie \u00e0 actionnement r\u00e9glable.<\/li>\n<li><strong>Gain de place :<\/strong>\u00a0Optimis\u00e9\u00a0<strong>Clavier \u00e0 68 pour cent<\/strong>\u00a0Conception optimis\u00e9e pour une mobilit\u00e9 maximale de la souris.<\/li>\n<li><strong>Pr\u00eat pour l&#039;eSport :<\/strong>\u00a0<strong>Fr\u00e9quence d&#039;interrogation de 8\u00a0000 Hz<\/strong>\u00a0et le d\u00e9clenchement rapide pour un avantage concurrentiel.<\/li>\n<li><strong>Mat\u00e9riaux de premi\u00e8re qualit\u00e9 :<\/strong>\u00a0<strong>Touches PBT \u00e0 profil Cherry, imprim\u00e9es lat\u00e9ralement<\/strong>\u00a0et une acoustique sup\u00e9rieure.<\/li>\n<li><strong>Polyvalent:<\/strong>\u00a0Un vrai\u00a0<strong>Clavier de jeu<\/strong>\u00a0qui excelle aussi bien au travail que dans les loisirs.<\/li>\n<\/ul>\n<p><strong>Am\u00e9liorez votre configuration d\u00e8s aujourd&#039;hui avec l&#039;ATK 68 RX, o\u00f9 la pr\u00e9cision rencontre la perfection.<\/strong><\/p>","protected":false},"excerpt":{"rendered":"<p>Dominez vos parties avec le <strong>Clavier \u00e0 effet Hall ATK 68 RX<\/strong>. Ce clavier gaming magn\u00e9tique compact 68% est dot\u00e9 de la technologie Rapid Trigger, d&#039;une fr\u00e9quence de rafra\u00eechissement ultra-rapide de 8\u00a0000\u00a0Hz et de points d&#039;activation r\u00e9glables pour une pr\u00e9cision optimale. Gr\u00e2ce \u00e0 sa connectivit\u00e9 tri-mode polyvalente, ses commutateurs rempla\u00e7ables \u00e0 chaud et sa compatibilit\u00e9 Mac\/Windows sans faille, il offre des performances dignes de l&#039;e-sport dans un format \u00e9l\u00e9gant et compact.<\/p>","protected":false},"featured_media":5214,"comment_status":"open","ping_status":"closed","template":"","meta":[],"product_brand":[226],"product_cat":[322,20],"product_tag":[58,22],"class_list":{"0":"post-5190","1":"product","2":"type-product","3":"status-publish","4":"has-post-thumbnail","6":"product_brand-atk","7":"product_cat-hall-effect-keyboard","8":"product_cat-keyboard","9":"product_tag-hall-effect-keyboard","10":"product_tag-keyboard","12":"first","13":"instock","14":"taxable","15":"shipping-taxable","16":"purchasable","17":"product-type-variable","18":"wvs-archive-product-wrapper"},"aioseo_notices":[],"ct_brands":[{"id":226,"name":"ATK","slug":"atk"}],"jetpack_sharing_enabled":true,"_links":{"self":[{"href":"https:\/\/halleffectkeyboard.com\/fr\/wp-json\/wp\/v2\/product\/5190","targetHints":{"allow":["GET"]}}],"collection":[{"href":"https:\/\/halleffectkeyboard.com\/fr\/wp-json\/wp\/v2\/product"}],"about":[{"href":"https:\/\/halleffectkeyboard.com\/fr\/wp-json\/wp\/v2\/types\/product"}],"replies":[{"embeddable":true,"href":"https:\/\/halleffectkeyboard.com\/fr\/wp-json\/wp\/v2\/comments?post=5190"}],"version-history":[{"count":1,"href":"https:\/\/halleffectkeyboard.com\/fr\/wp-json\/wp\/v2\/product\/5190\/revisions"}],"predecessor-version":[{"id":5192,"href":"https:\/\/halleffectkeyboard.com\/fr\/wp-json\/wp\/v2\/product\/5190\/revisions\/5192"}],"wp:featuredmedia":[{"embeddable":true,"href":"https:\/\/halleffectkeyboard.com\/fr\/wp-json\/wp\/v2\/media\/5214"}],"wp:attachment":[{"href":"https:\/\/halleffectkeyboard.com\/fr\/wp-json\/wp\/v2\/media?parent=5190"}],"wp:term":[{"taxonomy":"product_brand","embeddable":true,"href":"https:\/\/halleffectkeyboard.com\/fr\/wp-json\/wp\/v2\/product_brand?post=5190"},{"taxonomy":"product_cat","embeddable":true,"href":"https:\/\/halleffectkeyboard.com\/fr\/wp-json\/wp\/v2\/product_cat?post=5190"},{"taxonomy":"product_tag","embeddable":true,"href":"https:\/\/halleffectkeyboard.com\/fr\/wp-json\/wp\/v2\/product_tag?post=5190"}],"curies":[{"name":"wp","href":"https:\/\/api.w.org\/{rel}","templated":true}]}}