{"id":5134,"date":"2026-05-06T10:18:17","date_gmt":"2026-05-06T02:18:17","guid":{"rendered":"https:\/\/halleffectkeyboard.com\/?post_type=product&#038;p=5134"},"modified":"2026-05-06T13:54:30","modified_gmt":"2026-05-06T05:54:30","slug":"atk-a98-pro-mechanical-keyboard","status":"publish","type":"product","link":"https:\/\/halleffectkeyboard.com\/fr\/produit\/clavier-mecanique-atk-a98-pro\/","title":{"rendered":"Clavier m\u00e9canique ATK A98 Pro"},"content":{"rendered":"<h1><strong>Clavier m\u00e9canique ATK A98 Pro\u00a0: L\u2019exp\u00e9rience de jeu et de frappe sans fil ultime<br \/>\n<img loading=\"lazy\" decoding=\"async\" class=\"alignnone size-full wp-image-5151\" src=\"https:\/\/halleffectkeyboard.com\/wp-content\/uploads\/2026\/05\/1-1.jpg\" alt=\"ATK A98 Pro Mechanical Keyboard\" width=\"2556\" height=\"1640\" srcset=\"https:\/\/halleffectkeyboard.com\/wp-content\/uploads\/2026\/05\/1-1.jpg 2556w, https:\/\/halleffectkeyboard.com\/wp-content\/uploads\/2026\/05\/1-1-300x192.jpg 300w, https:\/\/halleffectkeyboard.com\/wp-content\/uploads\/2026\/05\/1-1-1024x657.jpg 1024w, https:\/\/halleffectkeyboard.com\/wp-content\/uploads\/2026\/05\/1-1-768x493.jpg 768w, https:\/\/halleffectkeyboard.com\/wp-content\/uploads\/2026\/05\/1-1-1536x986.jpg 1536w, https:\/\/halleffectkeyboard.com\/wp-content\/uploads\/2026\/05\/1-1-2048x1314.jpg 2048w, https:\/\/halleffectkeyboard.com\/wp-content\/uploads\/2026\/05\/1-1-18x12.jpg 18w, https:\/\/halleffectkeyboard.com\/wp-content\/uploads\/2026\/05\/1-1-1200x770.jpg 1200w\" sizes=\"auto, (max-width: 2556px) 100vw, 2556px\" data-no-translation=\"\" \/><br \/>\n<\/strong><\/h1>\n<p>\u00cates-vous \u00e0 la recherche de <strong>meilleur clavier m\u00e9canique<\/strong> qui allie harmonieusement performances de jeu de haut niveau et fonctionnalit\u00e9s bureautiques quotidiennes\u00a0? D\u00e9couvrez le <strong>Clavier m\u00e9canique ATK A98 Pro<\/strong>. Con\u00e7u avec une disposition compacte et tr\u00e8s efficace de 98 touches, ce <strong>clavier m\u00e9canique sans fil<\/strong> Il permet de gagner un espace pr\u00e9cieux sur votre bureau tout en conservant le pav\u00e9 num\u00e9rique et les touches de fonction essentielles. Que vous soyez un joueur passionn\u00e9, un programmeur ou un utilisateur multit\u00e2che jonglant avec plusieurs appareils, l&#039;ATK A98 Pro est con\u00e7u pour optimiser votre configuration de bureau.<br \/>\n<img loading=\"lazy\" decoding=\"async\" class=\"alignnone size-full wp-image-5152\" src=\"https:\/\/halleffectkeyboard.com\/wp-content\/uploads\/2026\/05\/2-1.jpg\" alt=\"ATK A98 Pro Mechanical Keyboard\" width=\"2556\" height=\"1640\" srcset=\"https:\/\/halleffectkeyboard.com\/wp-content\/uploads\/2026\/05\/2-1.jpg 2556w, https:\/\/halleffectkeyboard.com\/wp-content\/uploads\/2026\/05\/2-1-300x192.jpg 300w, https:\/\/halleffectkeyboard.com\/wp-content\/uploads\/2026\/05\/2-1-1024x657.jpg 1024w, https:\/\/halleffectkeyboard.com\/wp-content\/uploads\/2026\/05\/2-1-768x493.jpg 768w, https:\/\/halleffectkeyboard.com\/wp-content\/uploads\/2026\/05\/2-1-1536x986.jpg 1536w, https:\/\/halleffectkeyboard.com\/wp-content\/uploads\/2026\/05\/2-1-2048x1314.jpg 2048w, https:\/\/halleffectkeyboard.com\/wp-content\/uploads\/2026\/05\/2-1-18x12.jpg 18w, https:\/\/halleffectkeyboard.com\/wp-content\/uploads\/2026\/05\/2-1-1200x770.jpg 1200w\" sizes=\"auto, (max-width: 2556px) 100vw, 2556px\" data-no-translation=\"\" \/><\/p>\n<h3><strong>Personnalisation et sensations in\u00e9gal\u00e9es<\/strong><\/h3>\n<p>Si vous aimez personnaliser votre \u00e9quipement, l&#039;ATK A98 Pro est le choix id\u00e9al. <strong>clavier m\u00e9canique personnalis\u00e9<\/strong>. Il est con\u00e7u comme un syst\u00e8me enti\u00e8rement <strong>clavier m\u00e9canique rempla\u00e7able \u00e0 chaud<\/strong>, vous offrant la libert\u00e9 de remplacer facilement le <strong>commutateurs de clavier rempla\u00e7ables \u00e0 chaud<\/strong> sans aucune soudure. Il est livr\u00e9 de s\u00e9rie avec des r\u00e9glages lin\u00e9aires\/gaming personnalis\u00e9s. <strong>interrupteurs de clavier m\u00e9caniques<\/strong> et des stabilisateurs finement lubrifi\u00e9s pour une frappe fluide et sans \u00e0-coups. Que vous pr\u00e9f\u00e9riez les interrupteurs de jeu d&#039;origine ou que vous souhaitiez les remplacer pour retrouver les sensations classiques d&#039;un clavier de jeu, <strong>clavier Cherry<\/strong>, ce <strong>clavier rempla\u00e7able \u00e0 chaud<\/strong> offre des possibilit\u00e9s de bricolage illimit\u00e9es.<br \/>\n<img loading=\"lazy\" decoding=\"async\" class=\"alignnone size-full wp-image-5159\" src=\"https:\/\/halleffectkeyboard.com\/wp-content\/uploads\/2026\/05\/8.jpg\" alt=\"ATK A98 Pro Mechanical Keyboard\" width=\"2556\" height=\"1640\" srcset=\"https:\/\/halleffectkeyboard.com\/wp-content\/uploads\/2026\/05\/8.jpg 2556w, https:\/\/halleffectkeyboard.com\/wp-content\/uploads\/2026\/05\/8-300x192.jpg 300w, https:\/\/halleffectkeyboard.com\/wp-content\/uploads\/2026\/05\/8-1024x657.jpg 1024w, https:\/\/halleffectkeyboard.com\/wp-content\/uploads\/2026\/05\/8-768x493.jpg 768w, https:\/\/halleffectkeyboard.com\/wp-content\/uploads\/2026\/05\/8-1536x986.jpg 1536w, https:\/\/halleffectkeyboard.com\/wp-content\/uploads\/2026\/05\/8-2048x1314.jpg 2048w, https:\/\/halleffectkeyboard.com\/wp-content\/uploads\/2026\/05\/8-18x12.jpg 18w, https:\/\/halleffectkeyboard.com\/wp-content\/uploads\/2026\/05\/8-1200x770.jpg 1200w\" sizes=\"auto, (max-width: 2556px) 100vw, 2556px\" data-no-translation=\"\" \/><\/p>\n<h3><strong>Structure de montage du joint pour un confort supr\u00eame<\/strong><\/h3>\n<p>Dites adieu \u00e0 la fatigue des doigts lors de longues sessions de jeu ou de frappe. Le clavier ATK A98 Pro est dot\u00e9 d&#039;une structure de montage \u00e0 joint d&#039;\u00e9tanch\u00e9it\u00e9 de qualit\u00e9 sup\u00e9rieure. Cette conception interne avanc\u00e9e offre une excellente absorption des chocs et une r\u00e9duction du bruit, pour une frappe douce, r\u00e9active et agr\u00e9able qui en fait un choix id\u00e9al. <strong>meilleur clavier m\u00e9canique \u00e9conomique<\/strong> dans sa cat\u00e9gorie.<br \/>\n<img loading=\"lazy\" decoding=\"async\" class=\"alignnone size-full wp-image-5156\" src=\"https:\/\/halleffectkeyboard.com\/wp-content\/uploads\/2026\/05\/5-1.jpg\" alt=\"ATK A98 Pro Mechanical Keyboard\" width=\"2556\" height=\"1640\" srcset=\"https:\/\/halleffectkeyboard.com\/wp-content\/uploads\/2026\/05\/5-1.jpg 2556w, https:\/\/halleffectkeyboard.com\/wp-content\/uploads\/2026\/05\/5-1-300x192.jpg 300w, https:\/\/halleffectkeyboard.com\/wp-content\/uploads\/2026\/05\/5-1-1024x657.jpg 1024w, https:\/\/halleffectkeyboard.com\/wp-content\/uploads\/2026\/05\/5-1-768x493.jpg 768w, https:\/\/halleffectkeyboard.com\/wp-content\/uploads\/2026\/05\/5-1-1536x986.jpg 1536w, https:\/\/halleffectkeyboard.com\/wp-content\/uploads\/2026\/05\/5-1-2048x1314.jpg 2048w, https:\/\/halleffectkeyboard.com\/wp-content\/uploads\/2026\/05\/5-1-18x12.jpg 18w, https:\/\/halleffectkeyboard.com\/wp-content\/uploads\/2026\/05\/5-1-1200x770.jpg 1200w\" sizes=\"auto, (max-width: 2556px) 100vw, 2556px\" data-no-translation=\"\" \/><\/p>\n<h3><strong>Connectivit\u00e9 tri-mode et latence ultra-faible<\/strong><\/h3>\n<p>En tant que haute performance <strong>clavier de jeu sans fil<\/strong>, Avec l&#039;ATK A98 Pro, vous n&#039;\u00eates jamais limit\u00e9. Il est dot\u00e9 d&#039;un syst\u00e8me de connexion Tri-Mode\u00a0:<\/p>\n<ul>\n<li><strong>R\u00e9seau sans fil 2,4 GHz\u00a0:<\/strong>\u00a0Latence ultra-faible, temps de r\u00e9ponse de qualit\u00e9 e-sport sans aucun d\u00e9calage.<\/li>\n<li><strong>Bluetooth 5.0\u00a0:<\/strong>\u00a0Connectez-vous et passez facilement d&#039;un appareil \u00e0 l&#039;autre (PC, tablette, smartphone).<\/li>\n<li><strong>C\u00e2ble USB-C\u00a0:<\/strong>\u00a0Pour recharger et jouer sans interruption. Il offre une compatibilit\u00e9 syst\u00e8me totale avec Windows, Mac, iOS et Android, simplifiant ainsi le travail multiplateforme.\n<p><figure id=\"attachment_5157\" aria-describedby=\"caption-attachment-5157\" style=\"width: 2556px\" class=\"wp-caption alignnone\"><img loading=\"lazy\" decoding=\"async\" class=\"wp-image-5157 size-full\" src=\"https:\/\/halleffectkeyboard.com\/wp-content\/uploads\/2026\/05\/6.jpg\" alt=\"ATK A98 Pro Mechanical Keyboard\" width=\"2556\" height=\"1640\" srcset=\"https:\/\/halleffectkeyboard.com\/wp-content\/uploads\/2026\/05\/6.jpg 2556w, https:\/\/halleffectkeyboard.com\/wp-content\/uploads\/2026\/05\/6-300x192.jpg 300w, https:\/\/halleffectkeyboard.com\/wp-content\/uploads\/2026\/05\/6-1024x657.jpg 1024w, https:\/\/halleffectkeyboard.com\/wp-content\/uploads\/2026\/05\/6-768x493.jpg 768w, https:\/\/halleffectkeyboard.com\/wp-content\/uploads\/2026\/05\/6-1536x986.jpg 1536w, https:\/\/halleffectkeyboard.com\/wp-content\/uploads\/2026\/05\/6-2048x1314.jpg 2048w, https:\/\/halleffectkeyboard.com\/wp-content\/uploads\/2026\/05\/6-18x12.jpg 18w, https:\/\/halleffectkeyboard.com\/wp-content\/uploads\/2026\/05\/6-1200x770.jpg 1200w\" sizes=\"auto, (max-width: 2556px) 100vw, 2556px\" data-no-translation=\"\" \/><figcaption id=\"caption-attachment-5157\" class=\"wp-caption-text\">Clavier m\u00e9canique ATK A98 Pro<\/figcaption><\/figure><\/li>\n<\/ul>\n<h3><strong>RGB \u00e9clatant et batterie longue dur\u00e9e<\/strong><\/h3>\n<p>Cr\u00e9ez l&#039;ambiance e-sport parfaite gr\u00e2ce au r\u00e9tro\u00e9clairage RGB touche par touche. Le clavier ATK A98 Pro est dot\u00e9 de touches de haute qualit\u00e9, r\u00e9sistantes \u00e0 l&#039;usure, avec des caract\u00e8res r\u00e9tro\u00e9clair\u00e9s qui mettent parfaitement en valeur les effets lumineux personnalisables. Aliment\u00e9 par une batterie lithium int\u00e9gr\u00e9e haute capacit\u00e9, ce <strong>Clavier m\u00e9canique<\/strong> Elle garantit une autonomie longue dur\u00e9e, vous permettant de jouer ou de travailler intens\u00e9ment sans vous soucier de la batterie.<\/p>\n<hr \/>\n<h3><strong>Principales caract\u00e9ristiques en un coup d&#039;\u0153il\u00a0:<\/strong><\/h3>\n<ul>\n<li><strong>Disposition compacte \u00e0 98 touches\u00a0:<\/strong>\u00a0Un design compact qui ne sacrifie pas la fonctionnalit\u00e9.<\/li>\n<li><strong>Conception du montage du joint :<\/strong>\u00a0R\u00e9duction du bruit acoustique et sensation de frappe douce et confortable.<\/li>\n<li><strong>Connexion tri-mode\u00a0:<\/strong>\u00a0Passez sans effort du mode filaire au mode sans fil 2,4 GHz et au Bluetooth.<\/li>\n<li><strong>Touches enti\u00e8rement rempla\u00e7ables \u00e0 chaud\u00a0:<\/strong>\u00a0Personnalisez facilement votre exp\u00e9rience de frappe.<\/li>\n<li><strong>R\u00e9tro\u00e9clairage RVB dynamique\u00a0:<\/strong>\u00a0Plusieurs modes d&#039;\u00e9clairage avec couleurs et luminosit\u00e9 personnalisables.<\/li>\n<li><strong>Touches et interrupteurs haut de gamme\u00a0:<\/strong>\u00a0Touches transparentes r\u00e9sistantes \u00e0 l&#039;usure et interrupteurs lin\u00e9aires fluides.<\/li>\n<li><strong>Optimis\u00e9 pour le jeu\u00a0:<\/strong>\u00a0Prise en charge du N-key rollover (NKRO) et de la programmation de macros.<\/li>\n<li><strong>Compatibilit\u00e9 universelle\u00a0:<\/strong>\u00a0Fonctionne parfaitement avec Windows, Mac, iOS et Android.<\/li>\n<\/ul>\n<h3><strong>Parfait pour toutes les situations :<\/strong><\/h3>\n<p>Que ce soit pour des jeux e-sport intenses, la saisie de texte quotidienne au bureau, le divertissement \u00e0 domicile, l&#039;am\u00e9nagement d&#039;une chambre d&#039;\u00e9tudiant ou le travail multiplateforme sur plusieurs appareils, <strong>ATK A98 Pro<\/strong> s&#039;adapte \u00e0 votre style de vie.<\/p>\n<p>Am\u00e9liorez votre configuration d\u00e8s aujourd&#039;hui avec le <strong>ATK A98 Pro<\/strong>\u2014l\u00e0 o\u00f9 la qualit\u00e9 de fabrication haut de gamme rencontre la libert\u00e9 sans fil ultime.<br \/>\n<img loading=\"lazy\" decoding=\"async\" class=\"alignnone size-full wp-image-5154\" src=\"https:\/\/halleffectkeyboard.com\/wp-content\/uploads\/2026\/05\/3-1.jpg\" alt=\"ATK A98 Pro Mechanical Keyboard\" width=\"2556\" height=\"1640\" srcset=\"https:\/\/halleffectkeyboard.com\/wp-content\/uploads\/2026\/05\/3-1.jpg 2556w, https:\/\/halleffectkeyboard.com\/wp-content\/uploads\/2026\/05\/3-1-300x192.jpg 300w, https:\/\/halleffectkeyboard.com\/wp-content\/uploads\/2026\/05\/3-1-1024x657.jpg 1024w, https:\/\/halleffectkeyboard.com\/wp-content\/uploads\/2026\/05\/3-1-768x493.jpg 768w, https:\/\/halleffectkeyboard.com\/wp-content\/uploads\/2026\/05\/3-1-1536x986.jpg 1536w, https:\/\/halleffectkeyboard.com\/wp-content\/uploads\/2026\/05\/3-1-2048x1314.jpg 2048w, https:\/\/halleffectkeyboard.com\/wp-content\/uploads\/2026\/05\/3-1-18x12.jpg 18w, https:\/\/halleffectkeyboard.com\/wp-content\/uploads\/2026\/05\/3-1-1200x770.jpg 1200w\" sizes=\"auto, (max-width: 2556px) 100vw, 2556px\" data-no-translation=\"\" \/> <img loading=\"lazy\" decoding=\"async\" class=\"alignnone size-full wp-image-5155\" src=\"https:\/\/halleffectkeyboard.com\/wp-content\/uploads\/2026\/05\/4-1.jpg\" alt=\"ATK A98 Pro Mechanical Keyboard\" width=\"2556\" height=\"1640\" srcset=\"https:\/\/halleffectkeyboard.com\/wp-content\/uploads\/2026\/05\/4-1.jpg 2556w, https:\/\/halleffectkeyboard.com\/wp-content\/uploads\/2026\/05\/4-1-300x192.jpg 300w, https:\/\/halleffectkeyboard.com\/wp-content\/uploads\/2026\/05\/4-1-1024x657.jpg 1024w, https:\/\/halleffectkeyboard.com\/wp-content\/uploads\/2026\/05\/4-1-768x493.jpg 768w, https:\/\/halleffectkeyboard.com\/wp-content\/uploads\/2026\/05\/4-1-1536x986.jpg 1536w, https:\/\/halleffectkeyboard.com\/wp-content\/uploads\/2026\/05\/4-1-2048x1314.jpg 2048w, https:\/\/halleffectkeyboard.com\/wp-content\/uploads\/2026\/05\/4-1-18x12.jpg 18w, https:\/\/halleffectkeyboard.com\/wp-content\/uploads\/2026\/05\/4-1-1200x770.jpg 1200w\" sizes=\"auto, (max-width: 2556px) 100vw, 2556px\" data-no-translation=\"\" \/> <img loading=\"lazy\" decoding=\"async\" class=\"alignnone size-full wp-image-5158\" src=\"https:\/\/halleffectkeyboard.com\/wp-content\/uploads\/2026\/05\/7.jpg\" alt=\"ATK A98 Pro Mechanical Keyboard\" width=\"2556\" height=\"1640\" srcset=\"https:\/\/halleffectkeyboard.com\/wp-content\/uploads\/2026\/05\/7.jpg 2556w, https:\/\/halleffectkeyboard.com\/wp-content\/uploads\/2026\/05\/7-300x192.jpg 300w, https:\/\/halleffectkeyboard.com\/wp-content\/uploads\/2026\/05\/7-1024x657.jpg 1024w, https:\/\/halleffectkeyboard.com\/wp-content\/uploads\/2026\/05\/7-768x493.jpg 768w, https:\/\/halleffectkeyboard.com\/wp-content\/uploads\/2026\/05\/7-1536x986.jpg 1536w, https:\/\/halleffectkeyboard.com\/wp-content\/uploads\/2026\/05\/7-2048x1314.jpg 2048w, https:\/\/halleffectkeyboard.com\/wp-content\/uploads\/2026\/05\/7-18x12.jpg 18w, https:\/\/halleffectkeyboard.com\/wp-content\/uploads\/2026\/05\/7-1200x770.jpg 1200w\" sizes=\"auto, (max-width: 2556px) 100vw, 2556px\" data-no-translation=\"\" \/><\/p>","protected":false},"excerpt":{"rendered":"<p>Am\u00e9liorez votre frappe et vos jeux gr\u00e2ce \u00e0 <strong>ATK A98 Pro<\/strong>, une prime <strong>clavier m\u00e9canique sans fil<\/strong> Dot\u00e9 d&#039;un clavier compact \u00e0 98 touches, con\u00e7u pour un confort et une polyvalence optimaux, ce mod\u00e8le est id\u00e9al pour les petits espaces. <strong>clavier m\u00e9canique personnalis\u00e9<\/strong> Il est dot\u00e9 d&#039;un joint d&#039;\u00e9tanch\u00e9it\u00e9 r\u00e9duisant le bruit, d&#039;un r\u00e9tro\u00e9clairage RGB \u00e9clatant et d&#039;une connectivit\u00e9 tri-mode (2,4 GHz\/Bluetooth\/filaire) pour une utilisation fluide sous Windows, Mac, iOS et Android. Enti\u00e8rement personnalisable avec <strong>commutateurs de clavier rempla\u00e7ables \u00e0 chaud<\/strong>, elle offre des performances dignes de l&#039;e-sport et une fluidit\u00e9 exceptionnelle pour n&#039;importe quelle configuration.<\/p>","protected":false},"featured_media":5146,"comment_status":"open","ping_status":"closed","template":"","meta":[],"product_brand":[226],"product_cat":[20,243],"product_tag":[22,244,408],"class_list":{"0":"post-5134","1":"product","2":"type-product","3":"status-publish","4":"has-post-thumbnail","6":"product_brand-atk","7":"product_cat-keyboard","8":"product_cat-mechanical-keyboard","9":"product_tag-keyboard","10":"product_tag-mechanical-keyboard","11":"product_tag-wireless-keyboard","13":"first","14":"instock","15":"taxable","16":"shipping-taxable","17":"purchasable","18":"product-type-variable","19":"wvs-archive-product-wrapper"},"aioseo_notices":[],"ct_brands":[{"id":226,"name":"ATK","slug":"atk"}],"jetpack_sharing_enabled":true,"_links":{"self":[{"href":"https:\/\/halleffectkeyboard.com\/fr\/wp-json\/wp\/v2\/product\/5134","targetHints":{"allow":["GET"]}}],"collection":[{"href":"https:\/\/halleffectkeyboard.com\/fr\/wp-json\/wp\/v2\/product"}],"about":[{"href":"https:\/\/halleffectkeyboard.com\/fr\/wp-json\/wp\/v2\/types\/product"}],"replies":[{"embeddable":true,"href":"https:\/\/halleffectkeyboard.com\/fr\/wp-json\/wp\/v2\/comments?post=5134"}],"version-history":[{"count":4,"href":"https:\/\/halleffectkeyboard.com\/fr\/wp-json\/wp\/v2\/product\/5134\/revisions"}],"predecessor-version":[{"id":5161,"href":"https:\/\/halleffectkeyboard.com\/fr\/wp-json\/wp\/v2\/product\/5134\/revisions\/5161"}],"wp:featuredmedia":[{"embeddable":true,"href":"https:\/\/halleffectkeyboard.com\/fr\/wp-json\/wp\/v2\/media\/5146"}],"wp:attachment":[{"href":"https:\/\/halleffectkeyboard.com\/fr\/wp-json\/wp\/v2\/media?parent=5134"}],"wp:term":[{"taxonomy":"product_brand","embeddable":true,"href":"https:\/\/halleffectkeyboard.com\/fr\/wp-json\/wp\/v2\/product_brand?post=5134"},{"taxonomy":"product_cat","embeddable":true,"href":"https:\/\/halleffectkeyboard.com\/fr\/wp-json\/wp\/v2\/product_cat?post=5134"},{"taxonomy":"product_tag","embeddable":true,"href":"https:\/\/halleffectkeyboard.com\/fr\/wp-json\/wp\/v2\/product_tag?post=5134"}],"curies":[{"name":"wp","href":"https:\/\/api.w.org\/{rel}","templated":true}]}}