{"id":5030,"date":"2026-04-30T11:22:03","date_gmt":"2026-04-30T03:22:03","guid":{"rendered":"https:\/\/halleffectkeyboard.com\/?post_type=product&#038;p=5030"},"modified":"2026-04-30T14:04:03","modified_gmt":"2026-04-30T06:04:03","slug":"attack-shark-x3-wireless-gaming-mouse","status":"publish","type":"product","link":"https:\/\/halleffectkeyboard.com\/fr\/produit\/souris-de-jeu-sans-fil-attack-shark-x3\/","title":{"rendered":"Souris de jeu sans fil ATTACK SHARK X3"},"content":{"rendered":"<h1><img loading=\"lazy\" decoding=\"async\" class=\"alignnone size-full wp-image-5050\" src=\"https:\/\/halleffectkeyboard.com\/wp-content\/uploads\/2026\/04\/1-34-scaled.jpg\" alt=\"ATTACK SHARK X3 Wireless Gaming Mouse\" width=\"2560\" height=\"1049\" srcset=\"https:\/\/halleffectkeyboard.com\/wp-content\/uploads\/2026\/04\/1-34-scaled.jpg 2560w, https:\/\/halleffectkeyboard.com\/wp-content\/uploads\/2026\/04\/1-34-300x123.jpg 300w, https:\/\/halleffectkeyboard.com\/wp-content\/uploads\/2026\/04\/1-34-1024x420.jpg 1024w, https:\/\/halleffectkeyboard.com\/wp-content\/uploads\/2026\/04\/1-34-768x315.jpg 768w, https:\/\/halleffectkeyboard.com\/wp-content\/uploads\/2026\/04\/1-34-1536x630.jpg 1536w, https:\/\/halleffectkeyboard.com\/wp-content\/uploads\/2026\/04\/1-34-2048x840.jpg 2048w, https:\/\/halleffectkeyboard.com\/wp-content\/uploads\/2026\/04\/1-34-18x7.jpg 18w, https:\/\/halleffectkeyboard.com\/wp-content\/uploads\/2026\/04\/1-34-1200x492.jpg 1200w\" sizes=\"auto, (max-width: 2560px) 100vw, 2560px\" data-no-translation=\"\" \/><\/h1>\n<h1>Souris gaming sans fil Attack Shark X3\u00a0: Performances ultra-l\u00e9g\u00e8res<\/h1>\n<p>Am\u00e9liorez votre exp\u00e9rience de jeu avec <strong>Requin d&#039;attaque X3<\/strong>, le <strong>meilleure souris de jeu sans fil<\/strong> Con\u00e7u pour les joueurs comp\u00e9titifs exigeant vitesse, pr\u00e9cision et confort. Performances optimales. <strong>souris de jeu l\u00e9g\u00e8re<\/strong>, Le X3 ne p\u00e8se que 49 g, ce qui en fait un appareil haut de gamme. <strong>souris de jeu ultra-l\u00e9g\u00e8re<\/strong> qui rivalise avec les concurrents haut de gamme sans le prix exorbitant.<br \/>\n<img loading=\"lazy\" decoding=\"async\" class=\"alignnone size-full wp-image-5059\" src=\"https:\/\/halleffectkeyboard.com\/wp-content\/uploads\/2026\/04\/10-9-scaled.jpg\" alt=\"ATTACK SHARK X3 Wireless Gaming Mouse\" width=\"2560\" height=\"1049\" srcset=\"https:\/\/halleffectkeyboard.com\/wp-content\/uploads\/2026\/04\/10-9-scaled.jpg 2560w, https:\/\/halleffectkeyboard.com\/wp-content\/uploads\/2026\/04\/10-9-300x123.jpg 300w, https:\/\/halleffectkeyboard.com\/wp-content\/uploads\/2026\/04\/10-9-1024x420.jpg 1024w, https:\/\/halleffectkeyboard.com\/wp-content\/uploads\/2026\/04\/10-9-768x315.jpg 768w, https:\/\/halleffectkeyboard.com\/wp-content\/uploads\/2026\/04\/10-9-1536x630.jpg 1536w, https:\/\/halleffectkeyboard.com\/wp-content\/uploads\/2026\/04\/10-9-2048x840.jpg 2048w, https:\/\/halleffectkeyboard.com\/wp-content\/uploads\/2026\/04\/10-9-18x7.jpg 18w, https:\/\/halleffectkeyboard.com\/wp-content\/uploads\/2026\/04\/10-9-1200x492.jpg 1200w\" sizes=\"auto, (max-width: 2560px) 100vw, 2560px\" data-no-translation=\"\" \/><\/p>\n<h3>L&#039;ing\u00e9nierie de pr\u00e9cision au service de la performance professionnelle<\/h3>\n<p>Au c\u0153ur de cela <strong>Souris de jeu PAW3395<\/strong> Il int\u00e8gre le capteur phare PAW3395, offrant une r\u00e9solution impressionnante de 26\u00a0000 DPI pour une pr\u00e9cision in\u00e9gal\u00e9e. Que vous r\u00e9alisiez des flicks pr\u00e9cis dans CS:GO, des trackings impeccables dans Valorant ou que vous dominiez les joueurs de MOBA, ce capteur est fait pour vous. <strong>souris de haute pr\u00e9cision<\/strong> garantit que chaque mouvement est parfait au pixel pr\u00e8s.<br \/>\n<img loading=\"lazy\" decoding=\"async\" class=\"alignnone size-full wp-image-5051\" src=\"https:\/\/halleffectkeyboard.com\/wp-content\/uploads\/2026\/04\/2-30-scaled.jpg\" alt=\"ATTACK SHARK X3 Wireless Gaming Mouse\" width=\"2560\" height=\"1049\" srcset=\"https:\/\/halleffectkeyboard.com\/wp-content\/uploads\/2026\/04\/2-30-scaled.jpg 2560w, https:\/\/halleffectkeyboard.com\/wp-content\/uploads\/2026\/04\/2-30-300x123.jpg 300w, https:\/\/halleffectkeyboard.com\/wp-content\/uploads\/2026\/04\/2-30-1024x420.jpg 1024w, https:\/\/halleffectkeyboard.com\/wp-content\/uploads\/2026\/04\/2-30-768x315.jpg 768w, https:\/\/halleffectkeyboard.com\/wp-content\/uploads\/2026\/04\/2-30-1536x630.jpg 1536w, https:\/\/halleffectkeyboard.com\/wp-content\/uploads\/2026\/04\/2-30-2048x840.jpg 2048w, https:\/\/halleffectkeyboard.com\/wp-content\/uploads\/2026\/04\/2-30-18x7.jpg 18w, https:\/\/halleffectkeyboard.com\/wp-content\/uploads\/2026\/04\/2-30-1200x492.jpg 1200w\" sizes=\"auto, (max-width: 2560px) 100vw, 2560px\" data-no-translation=\"\" \/><\/p>\n<h3>Une polyvalence in\u00e9gal\u00e9e gr\u00e2ce \u00e0 sa connectivit\u00e9 tri-mode<\/h3>\n<p>Vivez une v\u00e9ritable libert\u00e9 avec notre <strong>souris de jeu tri-mode<\/strong> Technologie. Choisissez entre la connectivit\u00e9 sans fil ultra-rapide 2,4 GHz, Bluetooth ou filaire selon votre configuration. Un appareil polyvalent <strong>souris sans fil et filaire<\/strong>, c&#039;est parfait <strong>Accessoires pour configuration de jeu PC<\/strong> pour les passionn\u00e9s d&#039;informatique sur ordinateur fixe et les joueurs nomades.<br \/>\n<img loading=\"lazy\" decoding=\"async\" class=\"alignnone size-full wp-image-5053\" src=\"https:\/\/halleffectkeyboard.com\/wp-content\/uploads\/2026\/04\/4-31-scaled.jpg\" alt=\"ATTACK SHARK X3 Wireless Gaming Mouse\" width=\"2560\" height=\"1049\" srcset=\"https:\/\/halleffectkeyboard.com\/wp-content\/uploads\/2026\/04\/4-31-scaled.jpg 2560w, https:\/\/halleffectkeyboard.com\/wp-content\/uploads\/2026\/04\/4-31-300x123.jpg 300w, https:\/\/halleffectkeyboard.com\/wp-content\/uploads\/2026\/04\/4-31-1024x420.jpg 1024w, https:\/\/halleffectkeyboard.com\/wp-content\/uploads\/2026\/04\/4-31-768x315.jpg 768w, https:\/\/halleffectkeyboard.com\/wp-content\/uploads\/2026\/04\/4-31-1536x630.jpg 1536w, https:\/\/halleffectkeyboard.com\/wp-content\/uploads\/2026\/04\/4-31-2048x840.jpg 2048w, https:\/\/halleffectkeyboard.com\/wp-content\/uploads\/2026\/04\/4-31-18x7.jpg 18w, https:\/\/halleffectkeyboard.com\/wp-content\/uploads\/2026\/04\/4-31-1200x492.jpg 1200w\" sizes=\"auto, (max-width: 2560px) 100vw, 2560px\" data-no-translation=\"\" \/><\/p>\n<h3>Conception ergonomique et fabrication haut de gamme<\/h3>\n<p>L&#039;Attack Shark X3 arbore un design sym\u00e9trique sophistiqu\u00e9, sans structure alv\u00e9olaire. Contrairement \u00e0 d&#039;autres mod\u00e8les l\u00e9gers, il conserve une coque robuste et ergonomique offrant une prise en main haut de gamme.<br \/>\n<img loading=\"lazy\" decoding=\"async\" class=\"alignnone size-full wp-image-5052\" src=\"https:\/\/halleffectkeyboard.com\/wp-content\/uploads\/2026\/04\/3-30-scaled.jpg\" alt=\"ATTACK SHARK X3 Wireless Gaming Mouse\" width=\"2560\" height=\"1049\" srcset=\"https:\/\/halleffectkeyboard.com\/wp-content\/uploads\/2026\/04\/3-30-scaled.jpg 2560w, https:\/\/halleffectkeyboard.com\/wp-content\/uploads\/2026\/04\/3-30-300x123.jpg 300w, https:\/\/halleffectkeyboard.com\/wp-content\/uploads\/2026\/04\/3-30-1024x420.jpg 1024w, https:\/\/halleffectkeyboard.com\/wp-content\/uploads\/2026\/04\/3-30-768x315.jpg 768w, https:\/\/halleffectkeyboard.com\/wp-content\/uploads\/2026\/04\/3-30-1536x630.jpg 1536w, https:\/\/halleffectkeyboard.com\/wp-content\/uploads\/2026\/04\/3-30-2048x840.jpg 2048w, https:\/\/halleffectkeyboard.com\/wp-content\/uploads\/2026\/04\/3-30-18x7.jpg 18w, https:\/\/halleffectkeyboard.com\/wp-content\/uploads\/2026\/04\/3-30-1200x492.jpg 1200w\" sizes=\"auto, (max-width: 2560px) 100vw, 2560px\" data-no-translation=\"\" \/><\/p>\n<p><strong>Am\u00e9liorez votre prise en main gr\u00e2ce \u00e0 notre ruban adh\u00e9sif antid\u00e9rapant sur mesure\u00a0:<\/strong><\/p>\n<ul>\n<li><strong>Pr\u00e9d\u00e9coup\u00e9 avec pr\u00e9cision :<\/strong>\u00a0Con\u00e7u sp\u00e9cifiquement pour le X3, assurant un ajustement professionnel et int\u00e9gral.<\/li>\n<li><strong>Contr\u00f4le sup\u00e9rieur :<\/strong>\u00a0Le mat\u00e9riau textur\u00e9 et absorbant la transpiration am\u00e9liore l&#039;adh\u00e9rence pour des sessions de jeu intenses.<\/li>\n<li><strong>Ultra-mince :<\/strong>\u00a0Avec seulement 0,5 mm d&#039;\u00e9paisseur, elle pr\u00e9serve le profil bas de la souris.<\/li>\n<li><strong>Sans r\u00e9sidus :<\/strong>\u00a0Gr\u00e2ce \u00e0 son adh\u00e9sif 3M, il reste bien en place et se d\u00e9colle sans laisser de traces.<\/li>\n<\/ul>\n<h3>Pourquoi choisir l&#039;Attack Shark X3 ?<\/h3>\n<ul>\n<li><strong>Meilleure souris gaming sans fil \u00e9conomique\u00a0:<\/strong>\u00a0Obtenez des caract\u00e9ristiques haut de gamme \u00e0 un prix d\u00e9fiant toute concurrence. C&#039;est le nec plus ultra.\u00a0<strong>Alternative \u00e0 la Logitech G Pro X Superlight<\/strong>\u00a0et un concurrent direct des Razer Viper V2 Pro, Pulsar X2 et Lamzu Atlantis.<\/li>\n<li><strong>Interrupteurs de niveau professionnel\u00a0:<\/strong>\u00a0Dot\u00e9 de commutateurs Kailh GM 8.0 durables pour des clics nets et tactiles qui durent.<\/li>\n<li><strong>Personnalisable :<\/strong>\u00a0Utilisez le\u00a0<strong>Logiciel Attack Shark X3<\/strong>\u00a0pour reconfigurer les boutons, ajuster les macros et optimiser vos performances.<\/li>\n<li><strong>Large compatibilit\u00e9 :<\/strong>\u00a0Enti\u00e8rement compatible en tant que\u00a0<strong>Souris de jeu Windows<\/strong>\u00a0et un\u00a0<strong>Souris sans fil compatible Mac<\/strong>.<br \/>\n<img loading=\"lazy\" decoding=\"async\" class=\"alignnone size-full wp-image-5058\" src=\"https:\/\/halleffectkeyboard.com\/wp-content\/uploads\/2026\/04\/9-10-scaled.jpg\" alt=\"ATTACK SHARK X3 Wireless Gaming Mouse\" width=\"2560\" height=\"1049\" srcset=\"https:\/\/halleffectkeyboard.com\/wp-content\/uploads\/2026\/04\/9-10-scaled.jpg 2560w, https:\/\/halleffectkeyboard.com\/wp-content\/uploads\/2026\/04\/9-10-300x123.jpg 300w, https:\/\/halleffectkeyboard.com\/wp-content\/uploads\/2026\/04\/9-10-1024x420.jpg 1024w, https:\/\/halleffectkeyboard.com\/wp-content\/uploads\/2026\/04\/9-10-768x315.jpg 768w, https:\/\/halleffectkeyboard.com\/wp-content\/uploads\/2026\/04\/9-10-1536x630.jpg 1536w, https:\/\/halleffectkeyboard.com\/wp-content\/uploads\/2026\/04\/9-10-2048x840.jpg 2048w, https:\/\/halleffectkeyboard.com\/wp-content\/uploads\/2026\/04\/9-10-18x7.jpg 18w, https:\/\/halleffectkeyboard.com\/wp-content\/uploads\/2026\/04\/9-10-1200x492.jpg 1200w\" sizes=\"auto, (max-width: 2560px) 100vw, 2560px\" data-no-translation=\"\" \/><\/li>\n<\/ul>\n<h3>Sp\u00e9cifications techniques<\/h3>\n<ul>\n<li><strong>Poids:<\/strong>\u00a049 g (ultra-l\u00e9ger)<\/li>\n<li><strong>Capteur:<\/strong>\u00a0PAW3395 (26000 DPI)<\/li>\n<li><strong>Interrupteurs :<\/strong>\u00a0Kailh GM 8.0<\/li>\n<li><strong>Connexion:<\/strong>\u00a02,4 GHz \/ Bluetooth \/ Filaire<\/li>\n<li><strong>Batterie:<\/strong>\u00a0Autonomie de batterie longue dur\u00e9e pour jouer plus longtemps<br \/>\n<img loading=\"lazy\" decoding=\"async\" class=\"alignnone size-full wp-image-5057\" src=\"https:\/\/halleffectkeyboard.com\/wp-content\/uploads\/2026\/04\/8-15-scaled.jpg\" alt=\"ATTACK SHARK X3 Wireless Gaming Mouse\" width=\"2560\" height=\"1049\" srcset=\"https:\/\/halleffectkeyboard.com\/wp-content\/uploads\/2026\/04\/8-15-scaled.jpg 2560w, https:\/\/halleffectkeyboard.com\/wp-content\/uploads\/2026\/04\/8-15-300x123.jpg 300w, https:\/\/halleffectkeyboard.com\/wp-content\/uploads\/2026\/04\/8-15-1024x420.jpg 1024w, https:\/\/halleffectkeyboard.com\/wp-content\/uploads\/2026\/04\/8-15-768x315.jpg 768w, https:\/\/halleffectkeyboard.com\/wp-content\/uploads\/2026\/04\/8-15-1536x630.jpg 1536w, https:\/\/halleffectkeyboard.com\/wp-content\/uploads\/2026\/04\/8-15-2048x840.jpg 2048w, https:\/\/halleffectkeyboard.com\/wp-content\/uploads\/2026\/04\/8-15-18x7.jpg 18w, https:\/\/halleffectkeyboard.com\/wp-content\/uploads\/2026\/04\/8-15-1200x492.jpg 1200w\" sizes=\"auto, (max-width: 2560px) 100vw, 2560px\" data-no-translation=\"\" \/><\/li>\n<\/ul>\n<p><strong>Le paquet comprend\u00a0:<\/strong> 1 souris gaming Attack Shark X3, 1 kit de 6 bandes adh\u00e9sives antid\u00e9rapantes pour souris, 1 r\u00e9cepteur USB et c\u00e2ble. <em>(Remarque\u00a0: la souris n\u2019est PAS incluse s\u00e9par\u00e9ment avec le kit de ruban adh\u00e9sif antid\u00e9rapant\u00a0; ce paquet comprend la souris et le kit de ruban adh\u00e9sif.)<br \/>\n<img loading=\"lazy\" decoding=\"async\" class=\"alignnone size-full wp-image-5054\" src=\"https:\/\/halleffectkeyboard.com\/wp-content\/uploads\/2026\/04\/5-30-scaled.jpg\" alt=\"ATTACK SHARK X3 Wireless Gaming Mouse\" width=\"2560\" height=\"1049\" srcset=\"https:\/\/halleffectkeyboard.com\/wp-content\/uploads\/2026\/04\/5-30-scaled.jpg 2560w, https:\/\/halleffectkeyboard.com\/wp-content\/uploads\/2026\/04\/5-30-300x123.jpg 300w, https:\/\/halleffectkeyboard.com\/wp-content\/uploads\/2026\/04\/5-30-1024x420.jpg 1024w, https:\/\/halleffectkeyboard.com\/wp-content\/uploads\/2026\/04\/5-30-768x315.jpg 768w, https:\/\/halleffectkeyboard.com\/wp-content\/uploads\/2026\/04\/5-30-1536x630.jpg 1536w, https:\/\/halleffectkeyboard.com\/wp-content\/uploads\/2026\/04\/5-30-2048x840.jpg 2048w, https:\/\/halleffectkeyboard.com\/wp-content\/uploads\/2026\/04\/5-30-18x7.jpg 18w, https:\/\/halleffectkeyboard.com\/wp-content\/uploads\/2026\/04\/5-30-1200x492.jpg 1200w\" sizes=\"auto, (max-width: 2560px) 100vw, 2560px\" data-no-translation=\"\" \/> <img loading=\"lazy\" decoding=\"async\" class=\"alignnone size-full wp-image-5055\" src=\"https:\/\/halleffectkeyboard.com\/wp-content\/uploads\/2026\/04\/6-18-scaled.jpg\" alt=\"ATTACK SHARK X3 Wireless Gaming Mouse\" width=\"2560\" height=\"1049\" srcset=\"https:\/\/halleffectkeyboard.com\/wp-content\/uploads\/2026\/04\/6-18-scaled.jpg 2560w, https:\/\/halleffectkeyboard.com\/wp-content\/uploads\/2026\/04\/6-18-300x123.jpg 300w, https:\/\/halleffectkeyboard.com\/wp-content\/uploads\/2026\/04\/6-18-1024x420.jpg 1024w, https:\/\/halleffectkeyboard.com\/wp-content\/uploads\/2026\/04\/6-18-768x315.jpg 768w, https:\/\/halleffectkeyboard.com\/wp-content\/uploads\/2026\/04\/6-18-1536x630.jpg 1536w, https:\/\/halleffectkeyboard.com\/wp-content\/uploads\/2026\/04\/6-18-2048x840.jpg 2048w, https:\/\/halleffectkeyboard.com\/wp-content\/uploads\/2026\/04\/6-18-18x7.jpg 18w, https:\/\/halleffectkeyboard.com\/wp-content\/uploads\/2026\/04\/6-18-1200x492.jpg 1200w\" sizes=\"auto, (max-width: 2560px) 100vw, 2560px\" data-no-translation=\"\" \/> <img loading=\"lazy\" decoding=\"async\" class=\"alignnone size-full wp-image-5056\" src=\"https:\/\/halleffectkeyboard.com\/wp-content\/uploads\/2026\/04\/7-15-scaled.jpg\" alt=\"ATTACK SHARK X3 Wireless Gaming Mouse\" width=\"2560\" height=\"1049\" srcset=\"https:\/\/halleffectkeyboard.com\/wp-content\/uploads\/2026\/04\/7-15-scaled.jpg 2560w, https:\/\/halleffectkeyboard.com\/wp-content\/uploads\/2026\/04\/7-15-300x123.jpg 300w, https:\/\/halleffectkeyboard.com\/wp-content\/uploads\/2026\/04\/7-15-1024x420.jpg 1024w, https:\/\/halleffectkeyboard.com\/wp-content\/uploads\/2026\/04\/7-15-768x315.jpg 768w, https:\/\/halleffectkeyboard.com\/wp-content\/uploads\/2026\/04\/7-15-1536x630.jpg 1536w, https:\/\/halleffectkeyboard.com\/wp-content\/uploads\/2026\/04\/7-15-2048x840.jpg 2048w, https:\/\/halleffectkeyboard.com\/wp-content\/uploads\/2026\/04\/7-15-18x7.jpg 18w, https:\/\/halleffectkeyboard.com\/wp-content\/uploads\/2026\/04\/7-15-1200x492.jpg 1200w\" sizes=\"auto, (max-width: 2560px) 100vw, 2560px\" data-no-translation=\"\" \/><br \/>\n<\/em><\/p>","protected":false},"excerpt":{"rendered":"<p><strong>Attack Shark X3: The Ultimate 49g Lightweight Wireless Gaming Mouse.<\/strong> Engineered with the flagship PAW3395 sensor and tri-mode connectivity, the X3 delivers pro-grade precision at a budget-friendly price. Experience elite performance, zero lag, and unmatched comfort in every match.<\/p>","protected":false},"featured_media":5031,"comment_status":"open","ping_status":"closed","template":"","meta":[],"product_brand":[411],"product_cat":[331],"product_tag":[499,338,498],"class_list":{"0":"post-5030","1":"product","2":"type-product","3":"status-publish","4":"has-post-thumbnail","6":"product_brand-attack-shark","7":"product_cat-mouse","8":"product_tag-gaming-mouse","9":"product_tag-mouse","10":"product_tag-wireless-mouse","12":"first","13":"instock","14":"taxable","15":"shipping-taxable","16":"purchasable","17":"product-type-variable","18":"wvs-archive-product-wrapper"},"aioseo_notices":[],"ct_brands":[{"id":411,"name":"REQUIN D&#039;ATTAQUE","slug":"attack-shark"}],"jetpack_sharing_enabled":true,"_links":{"self":[{"href":"https:\/\/halleffectkeyboard.com\/fr\/wp-json\/wp\/v2\/product\/5030","targetHints":{"allow":["GET"]}}],"collection":[{"href":"https:\/\/halleffectkeyboard.com\/fr\/wp-json\/wp\/v2\/product"}],"about":[{"href":"https:\/\/halleffectkeyboard.com\/fr\/wp-json\/wp\/v2\/types\/product"}],"replies":[{"embeddable":true,"href":"https:\/\/halleffectkeyboard.com\/fr\/wp-json\/wp\/v2\/comments?post=5030"}],"version-history":[{"count":4,"href":"https:\/\/halleffectkeyboard.com\/fr\/wp-json\/wp\/v2\/product\/5030\/revisions"}],"predecessor-version":[{"id":5060,"href":"https:\/\/halleffectkeyboard.com\/fr\/wp-json\/wp\/v2\/product\/5030\/revisions\/5060"}],"wp:featuredmedia":[{"embeddable":true,"href":"https:\/\/halleffectkeyboard.com\/fr\/wp-json\/wp\/v2\/media\/5031"}],"wp:attachment":[{"href":"https:\/\/halleffectkeyboard.com\/fr\/wp-json\/wp\/v2\/media?parent=5030"}],"wp:term":[{"taxonomy":"product_brand","embeddable":true,"href":"https:\/\/halleffectkeyboard.com\/fr\/wp-json\/wp\/v2\/product_brand?post=5030"},{"taxonomy":"product_cat","embeddable":true,"href":"https:\/\/halleffectkeyboard.com\/fr\/wp-json\/wp\/v2\/product_cat?post=5030"},{"taxonomy":"product_tag","embeddable":true,"href":"https:\/\/halleffectkeyboard.com\/fr\/wp-json\/wp\/v2\/product_tag?post=5030"}],"curies":[{"name":"wp","href":"https:\/\/api.w.org\/{rel}","templated":true}]}}