{"id":4996,"date":"2026-04-29T13:52:35","date_gmt":"2026-04-29T05:52:35","guid":{"rendered":"https:\/\/halleffectkeyboard.com\/?post_type=product&#038;p=4996"},"modified":"2026-04-29T14:47:29","modified_gmt":"2026-04-29T06:47:29","slug":"carbon-fiber-keycaps","status":"publish","type":"product","link":"https:\/\/halleffectkeyboard.com\/fr\/produit\/carbon-fiber-keycaps\/","title":{"rendered":"Touches en fibre de carbone"},"content":{"rendered":"<h1>Touches en fibre de carbone \u2013 Jeu de touches forg\u00e9es aspect carbone, profil Cherry (119 touches)<br \/>\n<img loading=\"lazy\" decoding=\"async\" class=\"alignnone size-full wp-image-5011\" src=\"https:\/\/halleffectkeyboard.com\/wp-content\/uploads\/2026\/04\/5-28-scaled.jpg\" alt=\"Carbon Fiber Keycaps\" width=\"2560\" height=\"1049\" srcset=\"https:\/\/halleffectkeyboard.com\/wp-content\/uploads\/2026\/04\/5-28-scaled.jpg 2560w, https:\/\/halleffectkeyboard.com\/wp-content\/uploads\/2026\/04\/5-28-300x123.jpg 300w, https:\/\/halleffectkeyboard.com\/wp-content\/uploads\/2026\/04\/5-28-1024x420.jpg 1024w, https:\/\/halleffectkeyboard.com\/wp-content\/uploads\/2026\/04\/5-28-768x315.jpg 768w, https:\/\/halleffectkeyboard.com\/wp-content\/uploads\/2026\/04\/5-28-1536x630.jpg 1536w, https:\/\/halleffectkeyboard.com\/wp-content\/uploads\/2026\/04\/5-28-2048x840.jpg 2048w, https:\/\/halleffectkeyboard.com\/wp-content\/uploads\/2026\/04\/5-28-18x7.jpg 18w, https:\/\/halleffectkeyboard.com\/wp-content\/uploads\/2026\/04\/5-28-1200x492.jpg 1200w\" sizes=\"auto, (max-width: 2560px) 100vw, 2560px\" data-no-translation=\"\" \/><\/h1>\n<p>Am\u00e9liorez votre configuration de clavier m\u00e9canique avec notre gamme premium <strong>Touches en fibre de carbone<\/strong>. Con\u00e7u pour les passionn\u00e9s exigeants qui recherchent \u00e0 la fois style et performance, ce produit <strong>Touches de clavier \u00e0 119 touches<\/strong> Cet ensemble arbore une esth\u00e9tique saisissante en fibre de carbone forg\u00e9e, transformant votre espace de travail en un centre de commande \u00e9l\u00e9gant et professionnel.<\/p>\n<h3>Conception haut de gamme et esth\u00e9tique furtive<br \/>\n<img loading=\"lazy\" decoding=\"async\" class=\"alignnone size-full wp-image-5007\" src=\"https:\/\/halleffectkeyboard.com\/wp-content\/uploads\/2026\/04\/1-31-scaled.jpg\" alt=\"Carbon Fiber Keycaps\" width=\"2560\" height=\"1049\" srcset=\"https:\/\/halleffectkeyboard.com\/wp-content\/uploads\/2026\/04\/1-31-scaled.jpg 2560w, https:\/\/halleffectkeyboard.com\/wp-content\/uploads\/2026\/04\/1-31-300x123.jpg 300w, https:\/\/halleffectkeyboard.com\/wp-content\/uploads\/2026\/04\/1-31-1024x420.jpg 1024w, https:\/\/halleffectkeyboard.com\/wp-content\/uploads\/2026\/04\/1-31-768x315.jpg 768w, https:\/\/halleffectkeyboard.com\/wp-content\/uploads\/2026\/04\/1-31-1536x630.jpg 1536w, https:\/\/halleffectkeyboard.com\/wp-content\/uploads\/2026\/04\/1-31-2048x840.jpg 2048w, https:\/\/halleffectkeyboard.com\/wp-content\/uploads\/2026\/04\/1-31-18x7.jpg 18w, https:\/\/halleffectkeyboard.com\/wp-content\/uploads\/2026\/04\/1-31-1200x492.jpg 1200w\" sizes=\"auto, (max-width: 2560px) 100vw, 2560px\" data-no-translation=\"\" \/><\/h3>\n<p>Fabriqu\u00e9s \u00e0 partir d&#039;un mat\u00e9riau PC exclusif infus\u00e9 de carbone, ces <strong>Touches noires<\/strong> Offrant une int\u00e9grit\u00e9 structurelle et une r\u00e9sistance aux chocs exceptionnelles, ce clavier b\u00e9n\u00e9ficie d&#039;une finition unique imitation carbone forg\u00e9. Sa texture subtile et agr\u00e9able am\u00e9liore la prise en main et procure une exp\u00e9rience tactile de qualit\u00e9 sup\u00e9rieure \u00e0 chaque frappe. Gr\u00e2ce \u00e0 ses caract\u00e8res imprim\u00e9s sur les c\u00f4t\u00e9s, r\u00e9sistants \u00e0 l&#039;usure et \u00e0 la d\u00e9coloration, votre clavier conserve un aspect \u00e9pur\u00e9, discret et minimaliste au fil du temps.<br \/>\n<img loading=\"lazy\" decoding=\"async\" class=\"alignnone size-full wp-image-5008\" src=\"https:\/\/halleffectkeyboard.com\/wp-content\/uploads\/2026\/04\/2-27-scaled.jpg\" alt=\"Carbon Fiber Keycaps\" width=\"2560\" height=\"1049\" srcset=\"https:\/\/halleffectkeyboard.com\/wp-content\/uploads\/2026\/04\/2-27-scaled.jpg 2560w, https:\/\/halleffectkeyboard.com\/wp-content\/uploads\/2026\/04\/2-27-300x123.jpg 300w, https:\/\/halleffectkeyboard.com\/wp-content\/uploads\/2026\/04\/2-27-1024x420.jpg 1024w, https:\/\/halleffectkeyboard.com\/wp-content\/uploads\/2026\/04\/2-27-768x315.jpg 768w, https:\/\/halleffectkeyboard.com\/wp-content\/uploads\/2026\/04\/2-27-1536x630.jpg 1536w, https:\/\/halleffectkeyboard.com\/wp-content\/uploads\/2026\/04\/2-27-2048x840.jpg 2048w, https:\/\/halleffectkeyboard.com\/wp-content\/uploads\/2026\/04\/2-27-18x7.jpg 18w, https:\/\/halleffectkeyboard.com\/wp-content\/uploads\/2026\/04\/2-27-1200x492.jpg 1200w\" sizes=\"auto, (max-width: 2560px) 100vw, 2560px\" data-no-translation=\"\" \/><\/p>\n<h3>Conception ergonomique pour une performance optimale<\/h3>\n<p>D\u00e9couvrez un confort absolu avec notre <strong>Ensemble de touches de style cerisier aspect carbone forg\u00e9<\/strong>. Le profil classique Cherry est sculpt\u00e9 de mani\u00e8re ergonomique pour r\u00e9duire la fatigue des doigts, ce qui en fait le choix id\u00e9al pour les longues sessions de jeu ou les t\u00e2ches de frappe prolong\u00e9es.<br \/>\n<img loading=\"lazy\" decoding=\"async\" class=\"alignnone size-full wp-image-5010\" src=\"https:\/\/halleffectkeyboard.com\/wp-content\/uploads\/2026\/04\/4-28-scaled.jpg\" alt=\"Carbon Fiber Keycaps\" width=\"2560\" height=\"1049\" srcset=\"https:\/\/halleffectkeyboard.com\/wp-content\/uploads\/2026\/04\/4-28-scaled.jpg 2560w, https:\/\/halleffectkeyboard.com\/wp-content\/uploads\/2026\/04\/4-28-300x123.jpg 300w, https:\/\/halleffectkeyboard.com\/wp-content\/uploads\/2026\/04\/4-28-1024x420.jpg 1024w, https:\/\/halleffectkeyboard.com\/wp-content\/uploads\/2026\/04\/4-28-768x315.jpg 768w, https:\/\/halleffectkeyboard.com\/wp-content\/uploads\/2026\/04\/4-28-1536x630.jpg 1536w, https:\/\/halleffectkeyboard.com\/wp-content\/uploads\/2026\/04\/4-28-2048x840.jpg 2048w, https:\/\/halleffectkeyboard.com\/wp-content\/uploads\/2026\/04\/4-28-18x7.jpg 18w, https:\/\/halleffectkeyboard.com\/wp-content\/uploads\/2026\/04\/4-28-1200x492.jpg 1200w\" sizes=\"auto, (max-width: 2560px) 100vw, 2560px\" data-no-translation=\"\" \/><\/p>\n<h3>Compatibilit\u00e9 universelle<\/h3>\n<p>Ce mod\u00e8le polyvalent <strong>Clavier m\u00e9canique \u00e0 119 touches avec touches compatibles ANSI et commutateurs MX<\/strong> Ce kit assure une mise \u00e0 niveau transparente pour la plupart des configurations. Il comprend 104 touches standard et 15 touches suppl\u00e9mentaires, offrant une compatibilit\u00e9 totale avec les mod\u00e8les 60%, 61%, 68%, 75%, 87%, 98% et les claviers m\u00e9caniques \u00e0 104 touches \u00e9quip\u00e9s de commutateurs MX (en forme de croix).<br \/>\n<img loading=\"lazy\" decoding=\"async\" class=\"alignnone size-full wp-image-5018\" src=\"https:\/\/halleffectkeyboard.com\/wp-content\/uploads\/2026\/04\/8-14-scaled.jpg\" alt=\"Carbon Fiber Keycaps\" width=\"2560\" height=\"1049\" srcset=\"https:\/\/halleffectkeyboard.com\/wp-content\/uploads\/2026\/04\/8-14-scaled.jpg 2560w, https:\/\/halleffectkeyboard.com\/wp-content\/uploads\/2026\/04\/8-14-300x123.jpg 300w, https:\/\/halleffectkeyboard.com\/wp-content\/uploads\/2026\/04\/8-14-1024x420.jpg 1024w, https:\/\/halleffectkeyboard.com\/wp-content\/uploads\/2026\/04\/8-14-768x315.jpg 768w, https:\/\/halleffectkeyboard.com\/wp-content\/uploads\/2026\/04\/8-14-1536x630.jpg 1536w, https:\/\/halleffectkeyboard.com\/wp-content\/uploads\/2026\/04\/8-14-2048x840.jpg 2048w, https:\/\/halleffectkeyboard.com\/wp-content\/uploads\/2026\/04\/8-14-18x7.jpg 18w, https:\/\/halleffectkeyboard.com\/wp-content\/uploads\/2026\/04\/8-14-1200x492.jpg 1200w\" sizes=\"auto, (max-width: 2560px) 100vw, 2560px\" data-no-translation=\"\" \/><\/p>\n<h3>Que contient la bo\u00eete ?<\/h3>\n<ul>\n<li><strong>119 touches en fibre de carbone<\/strong><\/li>\n<li><strong>Bo\u00eete de rangement haut de gamme :<\/strong>\u00a0Gardez vos touches de clavier de rechange ou inutilis\u00e9es organis\u00e9es et prot\u00e9g\u00e9es pour les ann\u00e9es \u00e0 venir.<\/li>\n<li><em>Remarque\u00a0: le clavier pr\u00e9sent\u00e9 dans le mod\u00e8le images est uniquement \u00e0 des fins de d\u00e9monstration et n\u2019est pas inclus.<br \/>\n<img loading=\"lazy\" decoding=\"async\" class=\"alignnone size-full wp-image-5009\" src=\"https:\/\/halleffectkeyboard.com\/wp-content\/uploads\/2026\/04\/3-27-scaled.jpg\" alt=\"Carbon Fiber Keycaps\" width=\"2560\" height=\"1049\" srcset=\"https:\/\/halleffectkeyboard.com\/wp-content\/uploads\/2026\/04\/3-27-scaled.jpg 2560w, https:\/\/halleffectkeyboard.com\/wp-content\/uploads\/2026\/04\/3-27-300x123.jpg 300w, https:\/\/halleffectkeyboard.com\/wp-content\/uploads\/2026\/04\/3-27-1024x420.jpg 1024w, https:\/\/halleffectkeyboard.com\/wp-content\/uploads\/2026\/04\/3-27-768x315.jpg 768w, https:\/\/halleffectkeyboard.com\/wp-content\/uploads\/2026\/04\/3-27-1536x630.jpg 1536w, https:\/\/halleffectkeyboard.com\/wp-content\/uploads\/2026\/04\/3-27-2048x840.jpg 2048w, https:\/\/halleffectkeyboard.com\/wp-content\/uploads\/2026\/04\/3-27-18x7.jpg 18w, https:\/\/halleffectkeyboard.com\/wp-content\/uploads\/2026\/04\/3-27-1200x492.jpg 1200w\" sizes=\"auto, (max-width: 2560px) 100vw, 2560px\" data-no-translation=\"\" \/><br \/>\n<\/em><\/li>\n<\/ul>\n<hr \/>\n<h3>R\u00e9sum\u00e9 des principales caract\u00e9ristiques\u00a0:<\/h3>\n<ul>\n<li><strong>Mat\u00e9riel:<\/strong>\u00a0M\u00e9lange de polycarbonate renforc\u00e9 de carbone haute durabilit\u00e9.<\/li>\n<li><strong>Profil:<\/strong>\u00a0Profil ergonomique en cerisier.<\/li>\n<li><strong>Conception:<\/strong>\u00a0Esth\u00e9tique en carbone forg\u00e9 avec inscriptions lat\u00e9rales.<\/li>\n<li><strong>Mise en page:<\/strong>\u00a0Jeu de 119 touches (prise en charge de la disposition ANSI).<\/li>\n<li><strong>Compatibilit\u00e9:<\/strong>\u00a0Convient \u00e0 la plupart des claviers m\u00e9caniques \u00e0 tige MX (configurations 60% \u00e0 104%).<\/li>\n<\/ul>\n<p><strong>Am\u00e9liorez votre exp\u00e9rience de frappe d\u00e8s aujourd&#039;hui gr\u00e2ce \u00e0 l&#039;alliance parfaite entre durabilit\u00e9 et design haut de gamme.<\/p>\n<p><\/strong><\/p>","protected":false},"excerpt":{"rendered":"<p>Am\u00e9liorez votre clavier m\u00e9canique avec notre jeu de 119 touches en fibre de carbone. Dot\u00e9es d&#039;une finition carbone forg\u00e9e haut de gamme, d&#039;un mat\u00e9riau PC durable renforc\u00e9 de carbone et d&#039;un profil Cherry ergonomique, ces touches noires imprim\u00e9es sur les c\u00f4t\u00e9s offrent une esth\u00e9tique \u00e9l\u00e9gante et discr\u00e8te ainsi qu&#039;une adh\u00e9rence tactile sup\u00e9rieure pour tout clavier \u00e0 commutateurs MX au format ANSI.<\/p>","protected":false},"featured_media":5000,"comment_status":"open","ping_status":"closed","template":"","meta":[],"product_brand":[191],"product_cat":[134],"product_tag":[273,136],"class_list":{"0":"post-4996","1":"product","2":"type-product","3":"status-publish","4":"has-post-thumbnail","6":"product_brand-hek","7":"product_cat-keycaps","8":"product_tag-carbon-fiber-keycaps","9":"product_tag-keycaps","11":"first","12":"instock","13":"taxable","14":"shipping-taxable","15":"purchasable","16":"product-type-variable","17":"wvs-archive-product-wrapper"},"aioseo_notices":[],"ct_brands":[{"id":191,"name":"HEK","slug":"hek"}],"jetpack_sharing_enabled":true,"_links":{"self":[{"href":"https:\/\/halleffectkeyboard.com\/fr\/wp-json\/wp\/v2\/product\/4996","targetHints":{"allow":["GET"]}}],"collection":[{"href":"https:\/\/halleffectkeyboard.com\/fr\/wp-json\/wp\/v2\/product"}],"about":[{"href":"https:\/\/halleffectkeyboard.com\/fr\/wp-json\/wp\/v2\/types\/product"}],"replies":[{"embeddable":true,"href":"https:\/\/halleffectkeyboard.com\/fr\/wp-json\/wp\/v2\/comments?post=4996"}],"version-history":[{"count":4,"href":"https:\/\/halleffectkeyboard.com\/fr\/wp-json\/wp\/v2\/product\/4996\/revisions"}],"predecessor-version":[{"id":5019,"href":"https:\/\/halleffectkeyboard.com\/fr\/wp-json\/wp\/v2\/product\/4996\/revisions\/5019"}],"wp:featuredmedia":[{"embeddable":true,"href":"https:\/\/halleffectkeyboard.com\/fr\/wp-json\/wp\/v2\/media\/5000"}],"wp:attachment":[{"href":"https:\/\/halleffectkeyboard.com\/fr\/wp-json\/wp\/v2\/media?parent=4996"}],"wp:term":[{"taxonomy":"product_brand","embeddable":true,"href":"https:\/\/halleffectkeyboard.com\/fr\/wp-json\/wp\/v2\/product_brand?post=4996"},{"taxonomy":"product_cat","embeddable":true,"href":"https:\/\/halleffectkeyboard.com\/fr\/wp-json\/wp\/v2\/product_cat?post=4996"},{"taxonomy":"product_tag","embeddable":true,"href":"https:\/\/halleffectkeyboard.com\/fr\/wp-json\/wp\/v2\/product_tag?post=4996"}],"curies":[{"name":"wp","href":"https:\/\/api.w.org\/{rel}","templated":true}]}}