{"id":4724,"date":"2026-04-27T10:44:26","date_gmt":"2026-04-27T02:44:26","guid":{"rendered":"https:\/\/halleffectkeyboard.com\/"},"modified":"2026-04-27T18:32:42","modified_gmt":"2026-04-27T10:32:42","slug":"aula-f108-pro-mechanical-keyboard","status":"publish","type":"product","link":"https:\/\/halleffectkeyboard.com\/fr\/produit\/clavier-mecanique-aula-f108-pro\/","title":{"rendered":"Clavier m\u00e9canique AULA F108 PRO"},"content":{"rendered":"<h1><strong>Clavier m\u00e9canique AULA F108 PRO\u00a0: Le clavier personnalis\u00e9 grand format par excellence<\/strong><\/h1>\n<p>\u00cates-vous \u00e0 la recherche de <strong>meilleur clavier m\u00e9canique<\/strong> qui allie harmonieusement productivit\u00e9, performances de jeu et personnalisation ultime\u00a0? D\u00e9couvrez le <strong>Clavier m\u00e9canique AULA F108 PRO<\/strong>. Con\u00e7u pour les passionn\u00e9s comme pour les professionnels, ce <strong>clavier m\u00e9canique pleine taille<\/strong> offre une exp\u00e9rience de frappe haut de gamme gr\u00e2ce \u00e0 des fonctionnalit\u00e9s de pointe. Que vous construisiez votre r\u00eave <strong>clavier m\u00e9canique personnalis\u00e9<\/strong> ou \u00e0 la recherche du <strong>meilleur clavier m\u00e9canique \u00e9conomique<\/strong> dot\u00e9 de sp\u00e9cifications haut de gamme, le <strong>AULA F108 PRO<\/strong> est con\u00e7u pour d\u00e9passer vos attentes.<br \/>\n<img loading=\"lazy\" decoding=\"async\" class=\"alignnone size-full wp-image-4765\" src=\"https:\/\/halleffectkeyboard.com\/wp-content\/uploads\/2026\/04\/1-22.jpg\" alt=\"Clavier m\u00e9canique AULA F108 PRO\" width=\"1680\" height=\"679\" srcset=\"https:\/\/halleffectkeyboard.com\/wp-content\/uploads\/2026\/04\/1-22.jpg 1680w, https:\/\/halleffectkeyboard.com\/wp-content\/uploads\/2026\/04\/1-22-300x121.jpg 300w, https:\/\/halleffectkeyboard.com\/wp-content\/uploads\/2026\/04\/1-22-1024x414.jpg 1024w, https:\/\/halleffectkeyboard.com\/wp-content\/uploads\/2026\/04\/1-22-768x310.jpg 768w, https:\/\/halleffectkeyboard.com\/wp-content\/uploads\/2026\/04\/1-22-1536x621.jpg 1536w, https:\/\/halleffectkeyboard.com\/wp-content\/uploads\/2026\/04\/1-22-18x7.jpg 18w, https:\/\/halleffectkeyboard.com\/wp-content\/uploads\/2026\/04\/1-22-1200x485.jpg 1200w\" sizes=\"auto, (max-width: 1680px) 100vw, 1680px\" \/><\/p>\n<h2><strong>Principales caract\u00e9ristiques de l&#039;AULA F108 PRO<\/strong><\/h2>\n<h3><strong>\u00c9cran TFT intelligent et bouton multifonction<\/strong><\/h3>\n<p>Prenez le contr\u00f4le de votre installation gr\u00e2ce \u00e0 l&#039;\u00e9cran couleur TFT intelligent int\u00e9gr\u00e9 et au bouton multifonction. <strong>Clavier AULA<\/strong> permet de mettre \u00e0 jour facilement les images GIF personnalis\u00e9es, de r\u00e9gler le volume, de v\u00e9rifier l&#039;\u00e9tat de la batterie et de changer de mode de connexion ou de param\u00e8tre de r\u00e9tro\u00e9clairage en temps r\u00e9el. <em>(Remarque\u00a0: sous Windows, en mode filaire, un logiciel est requis pour configurer les images\/GIF \u00e0 l\u2019\u00e9cran et calibrer l\u2019heure. Retirez le film protecteur transparent avant utilisation).<br \/>\n<img loading=\"lazy\" decoding=\"async\" class=\"alignnone size-full wp-image-4768\" src=\"https:\/\/halleffectkeyboard.com\/wp-content\/uploads\/2026\/04\/4-20.jpg\" alt=\"Clavier m\u00e9canique AULA F108 PRO\" width=\"1680\" height=\"679\" srcset=\"https:\/\/halleffectkeyboard.com\/wp-content\/uploads\/2026\/04\/4-20.jpg 1680w, https:\/\/halleffectkeyboard.com\/wp-content\/uploads\/2026\/04\/4-20-300x121.jpg 300w, https:\/\/halleffectkeyboard.com\/wp-content\/uploads\/2026\/04\/4-20-1024x414.jpg 1024w, https:\/\/halleffectkeyboard.com\/wp-content\/uploads\/2026\/04\/4-20-768x310.jpg 768w, https:\/\/halleffectkeyboard.com\/wp-content\/uploads\/2026\/04\/4-20-1536x621.jpg 1536w, https:\/\/halleffectkeyboard.com\/wp-content\/uploads\/2026\/04\/4-20-18x7.jpg 18w, https:\/\/halleffectkeyboard.com\/wp-content\/uploads\/2026\/04\/4-20-1200x485.jpg 1200w\" sizes=\"auto, (max-width: 1680px) 100vw, 1680px\" \/><br \/>\n<\/em><\/p>\n<h3><strong>Connectivit\u00e9 du clavier de jeu sans fil tri-mode<\/strong><\/h3>\n<p>Le <strong>AULA F108 PRO<\/strong> est extr\u00eamement polyvalent <strong>clavier m\u00e9canique sans fil<\/strong> Compatible avec les connexions Bluetooth 5.0, sans fil 2,4 GHz et filaires USB-C.<\/p>\n<ul>\n<li><strong>Ma\u00eetrise multi-appareils\u00a0:<\/strong>\u00a0Sauvegardez et basculez entre jusqu&#039;\u00e0 cinq appareils (PC, Mac, ordinateur portable et tablettes).<\/li>\n<li><strong>Vitesse de niveau professionnel :<\/strong>\u00a0Les modes 2,4 GHz et filaire offrent une fr\u00e9quence d&#039;interrogation de 1\u00a0000 Hz, ce qui en fait un produit d&#039;\u00e9lite.\u00a0<strong>clavier de jeu sans fil<\/strong>\u00a0pour la comp\u00e9tition.<\/li>\n<li><strong>Compatibilit\u00e9 \u00e9tendue\u00a0:<\/strong>\u00a0Compatible avec Windows, Mac, iOS et Android.\u00a0<em>(Remarque : des incompatibilit\u00e9s mineures avec les pilotes de zone F peuvent survenir sous Linux).<br \/>\n<img loading=\"lazy\" decoding=\"async\" class=\"alignnone size-full wp-image-4766\" src=\"https:\/\/halleffectkeyboard.com\/wp-content\/uploads\/2026\/04\/2-19.jpg\" alt=\"Clavier m\u00e9canique AULA F108 PRO\" width=\"1680\" height=\"679\" srcset=\"https:\/\/halleffectkeyboard.com\/wp-content\/uploads\/2026\/04\/2-19.jpg 1680w, https:\/\/halleffectkeyboard.com\/wp-content\/uploads\/2026\/04\/2-19-300x121.jpg 300w, https:\/\/halleffectkeyboard.com\/wp-content\/uploads\/2026\/04\/2-19-1024x414.jpg 1024w, https:\/\/halleffectkeyboard.com\/wp-content\/uploads\/2026\/04\/2-19-768x310.jpg 768w, https:\/\/halleffectkeyboard.com\/wp-content\/uploads\/2026\/04\/2-19-1536x621.jpg 1536w, https:\/\/halleffectkeyboard.com\/wp-content\/uploads\/2026\/04\/2-19-18x7.jpg 18w, https:\/\/halleffectkeyboard.com\/wp-content\/uploads\/2026\/04\/2-19-1200x485.jpg 1200w\" sizes=\"auto, (max-width: 1680px) 100vw, 1680px\" \/><br \/>\n<\/em><\/li>\n<\/ul>\n<h3><strong>Clavier m\u00e9canique ultime \u00e0 \u00e9change \u00e0 chaud<\/strong><\/h3>\n<p>Personnalisez votre confort de frappe sans soudure. Comme un vrai <strong>clavier rempla\u00e7able \u00e0 chaud<\/strong>, le <strong>AULA F108<\/strong> il est dot\u00e9 d&#039;une base rempla\u00e7able \u00e0 chaud compatible avec les connecteurs \u00e0 3 et 5 broches. <strong>interrupteurs de clavier m\u00e9caniques<\/strong>.<br \/>\n<img loading=\"lazy\" decoding=\"async\" class=\"alignnone size-full wp-image-4770\" src=\"https:\/\/halleffectkeyboard.com\/wp-content\/uploads\/2026\/04\/6-10.jpg\" alt=\"Clavier m\u00e9canique AULA F108 PRO\" width=\"1680\" height=\"679\" srcset=\"https:\/\/halleffectkeyboard.com\/wp-content\/uploads\/2026\/04\/6-10.jpg 1680w, https:\/\/halleffectkeyboard.com\/wp-content\/uploads\/2026\/04\/6-10-300x121.jpg 300w, https:\/\/halleffectkeyboard.com\/wp-content\/uploads\/2026\/04\/6-10-1024x414.jpg 1024w, https:\/\/halleffectkeyboard.com\/wp-content\/uploads\/2026\/04\/6-10-768x310.jpg 768w, https:\/\/halleffectkeyboard.com\/wp-content\/uploads\/2026\/04\/6-10-1536x621.jpg 1536w, https:\/\/halleffectkeyboard.com\/wp-content\/uploads\/2026\/04\/6-10-18x7.jpg 18w, https:\/\/halleffectkeyboard.com\/wp-content\/uploads\/2026\/04\/6-10-1200x485.jpg 1200w\" sizes=\"auto, (max-width: 1680px) 100vw, 1680px\" \/><\/p>\n<ul>\n<li><strong>Sensation personnalisable\u00a0:<\/strong>\u00a0\u00c9changez facilement\u00a0<strong>commutateurs de clavier rempla\u00e7ables \u00e0 chaud<\/strong>\u00a0pour trouver le clic parfait, la bosse tactile id\u00e9ale ou la pression lin\u00e9aire fluide \u2014 offrant une alternative moderne et personnalisable \u00e0 une pression standard\u00a0<strong>clavier Cherry<\/strong>.<\/li>\n<li><strong>Acoustique cr\u00e9meuse :<\/strong>\u00a0Dot\u00e9 de stabilisateurs et d&#039;interrupteurs pr\u00e9-lubrifi\u00e9s, ce\u00a0<strong>clavier m\u00e9canique rempla\u00e7able \u00e0 chaud<\/strong>\u00a0offre une r\u00e9ponse fluide et rapide ainsi qu&#039;un son m\u00e9canique \u201c cr\u00e9meux \u201d tr\u00e8s recherch\u00e9.<\/li>\n<\/ul>\n<h3><strong><img loading=\"lazy\" decoding=\"async\" class=\"alignnone size-full wp-image-4773\" src=\"https:\/\/halleffectkeyboard.com\/wp-content\/uploads\/2026\/04\/9-6.jpg\" alt=\"Clavier m\u00e9canique AULA F108 PRO\" width=\"1680\" height=\"679\" srcset=\"https:\/\/halleffectkeyboard.com\/wp-content\/uploads\/2026\/04\/9-6.jpg 1680w, https:\/\/halleffectkeyboard.com\/wp-content\/uploads\/2026\/04\/9-6-300x121.jpg 300w, https:\/\/halleffectkeyboard.com\/wp-content\/uploads\/2026\/04\/9-6-1024x414.jpg 1024w, https:\/\/halleffectkeyboard.com\/wp-content\/uploads\/2026\/04\/9-6-768x310.jpg 768w, https:\/\/halleffectkeyboard.com\/wp-content\/uploads\/2026\/04\/9-6-1536x621.jpg 1536w, https:\/\/halleffectkeyboard.com\/wp-content\/uploads\/2026\/04\/9-6-18x7.jpg 18w, https:\/\/halleffectkeyboard.com\/wp-content\/uploads\/2026\/04\/9-6-1200x485.jpg 1200w\" sizes=\"auto, (max-width: 1680px) 100vw, 1680px\" \/><br \/>\nStructure d&#039;absorption acoustique avanc\u00e9e \u00e0 5 couches<\/strong><\/h3>\n<p>D\u00e9couvrez une acoustique d&#039;une puret\u00e9 exceptionnelle. <strong>Clavier m\u00e9canique AULA<\/strong> Elle utilise une structure de remplissage avanc\u00e9e \u00e0 cinq couches, comprenant un coussinet en silicone int\u00e9gr\u00e9 \u00e9tendu et un circuit imprim\u00e9 avec fentes individuelles pour chaque touche. Cette conception \u00e9limine les bruits parasites et optimise la r\u00e9silience, offrant une exp\u00e9rience de frappe douce, \u00e9lastique et haut de gamme \u00e0 chaque pression.<br \/>\n<img loading=\"lazy\" decoding=\"async\" class=\"alignnone size-full wp-image-4771\" src=\"https:\/\/halleffectkeyboard.com\/wp-content\/uploads\/2026\/04\/7-9.jpg\" alt=\"Clavier m\u00e9canique AULA F108 PRO\" width=\"1680\" height=\"679\" srcset=\"https:\/\/halleffectkeyboard.com\/wp-content\/uploads\/2026\/04\/7-9.jpg 1680w, https:\/\/halleffectkeyboard.com\/wp-content\/uploads\/2026\/04\/7-9-300x121.jpg 300w, https:\/\/halleffectkeyboard.com\/wp-content\/uploads\/2026\/04\/7-9-1024x414.jpg 1024w, https:\/\/halleffectkeyboard.com\/wp-content\/uploads\/2026\/04\/7-9-768x310.jpg 768w, https:\/\/halleffectkeyboard.com\/wp-content\/uploads\/2026\/04\/7-9-1536x621.jpg 1536w, https:\/\/halleffectkeyboard.com\/wp-content\/uploads\/2026\/04\/7-9-18x7.jpg 18w, https:\/\/halleffectkeyboard.com\/wp-content\/uploads\/2026\/04\/7-9-1200x485.jpg 1200w\" sizes=\"auto, (max-width: 1680px) 100vw, 1680px\" \/><\/p>\n<h3><strong>Disposition du clavier pleine taille \u00e0 104 touches<\/strong><\/h3>\n<p>Optimisez votre efficacit\u00e9 gr\u00e2ce \u00e0 un clavier complet \u00e0 104 touches. <strong>clavier pleine taille<\/strong>. Dot\u00e9 d&#039;une norme <strong>Disposition du clavier QWERTY<\/strong>, Il comprend des touches fl\u00e9ch\u00e9es d\u00e9di\u00e9es, des touches de fonction et un pav\u00e9 num\u00e9rique, ce qui le rend parfait aussi bien pour les jeux intenses que pour les t\u00e2ches de bureau exigeantes.<\/p>\n<ul>\n<li><strong>Touches PBT de qualit\u00e9 sup\u00e9rieure\u00a0:<\/strong>\u00a0Les touches en PBT moul\u00e9es par injection bicolores sont r\u00e9sistantes \u00e0 la transpiration, \u00e0 la d\u00e9coloration et douces au toucher.<\/li>\n<li><strong>Batterie massive :<\/strong>\u00a0Une batterie int\u00e9gr\u00e9e haute capacit\u00e9 de 8000 mAh vous permet de travailler ou de jouer pendant des jours sans vous soucier des recharges fr\u00e9quentes.<br \/>\n<img loading=\"lazy\" decoding=\"async\" class=\"alignnone size-full wp-image-4772\" src=\"https:\/\/halleffectkeyboard.com\/wp-content\/uploads\/2026\/04\/8-8.jpg\" alt=\"Clavier m\u00e9canique AULA F108 PRO\" width=\"1680\" height=\"679\" srcset=\"https:\/\/halleffectkeyboard.com\/wp-content\/uploads\/2026\/04\/8-8.jpg 1680w, https:\/\/halleffectkeyboard.com\/wp-content\/uploads\/2026\/04\/8-8-300x121.jpg 300w, https:\/\/halleffectkeyboard.com\/wp-content\/uploads\/2026\/04\/8-8-1024x414.jpg 1024w, https:\/\/halleffectkeyboard.com\/wp-content\/uploads\/2026\/04\/8-8-768x310.jpg 768w, https:\/\/halleffectkeyboard.com\/wp-content\/uploads\/2026\/04\/8-8-1536x621.jpg 1536w, https:\/\/halleffectkeyboard.com\/wp-content\/uploads\/2026\/04\/8-8-18x7.jpg 18w, https:\/\/halleffectkeyboard.com\/wp-content\/uploads\/2026\/04\/8-8-1200x485.jpg 1200w\" sizes=\"auto, (max-width: 1680px) 100vw, 1680px\" \/><\/li>\n<\/ul>\n<h3><strong>R\u00e9tro\u00e9clairage RGB dynamique et programmabilit\u00e9 macro<\/strong><\/h3>\n<p>Illuminez votre <strong>Clavier QWERTY<\/strong> Avec plus de 16,8 millions de couleurs, les LED orient\u00e9es vers le sud brillent intens\u00e9ment \u00e0 travers les interstices des touches, tandis que les barres lumineuses lat\u00e9rales d\u00e9coratives ajoutent une touche gaming intense.<\/p>\n<ul>\n<li><strong>Personnalisation totale :<\/strong>\u00a0Basculez entre les effets RVB dynamiques, les modes monochrome et multicolore via le bouton rotatif, les raccourcis ou le logiciel.<\/li>\n<li><strong>Logiciel de macros\u00a0:<\/strong>\u00a0Le pilote F108 Pro permet une personnalisation compl\u00e8te des macros, vous permettant d&#039;enregistrer et de modifier des macros pour acc\u00e9l\u00e9rer le jeu et le flux de travail.\u00a0<em>(Ce pilote est compatible avec Windows en mode filaire. T\u00e9l\u00e9chargez-le ici\u00a0: bit.ly\/m\/AULA)<br \/>\n<img loading=\"lazy\" decoding=\"async\" class=\"alignnone size-full wp-image-4767\" src=\"https:\/\/halleffectkeyboard.com\/wp-content\/uploads\/2026\/04\/3-19.jpg\" alt=\"Clavier m\u00e9canique AULA F108 PRO\" width=\"1680\" height=\"679\" srcset=\"https:\/\/halleffectkeyboard.com\/wp-content\/uploads\/2026\/04\/3-19.jpg 1680w, https:\/\/halleffectkeyboard.com\/wp-content\/uploads\/2026\/04\/3-19-300x121.jpg 300w, https:\/\/halleffectkeyboard.com\/wp-content\/uploads\/2026\/04\/3-19-1024x414.jpg 1024w, https:\/\/halleffectkeyboard.com\/wp-content\/uploads\/2026\/04\/3-19-768x310.jpg 768w, https:\/\/halleffectkeyboard.com\/wp-content\/uploads\/2026\/04\/3-19-1536x621.jpg 1536w, https:\/\/halleffectkeyboard.com\/wp-content\/uploads\/2026\/04\/3-19-18x7.jpg 18w, https:\/\/halleffectkeyboard.com\/wp-content\/uploads\/2026\/04\/3-19-1200x485.jpg 1200w\" sizes=\"auto, (max-width: 1680px) 100vw, 1680px\" \/><br \/>\n<\/em><\/li>\n<\/ul>\n<h2><strong>Pourquoi choisir l&#039;AULA F108 PRO ?<\/strong><\/h2>\n<p>Si vous voulez un <strong>clavier m\u00e9canique<\/strong> qui fait tout, le <strong>AULA F108 PRO<\/strong> Il tient ses promesses. De son imposante batterie de 8000 mAh \u00e0 ses interrupteurs pr\u00e9-lubrifi\u00e9s offrant une frappe agr\u00e9able, en passant par son \u00e9cran intelligent et sa connectivit\u00e9 tri-mode, il se distingue comme un produit haut de gamme. <strong>clavier m\u00e9canique pleine taille<\/strong>. Que vous modernisiez votre bureau \u00e0 domicile ou que vous construisiez une station de jeu comp\u00e9titive, ce <strong>clavier m\u00e9canique personnalis\u00e9<\/strong> offre une valeur, une esth\u00e9tique et des performances in\u00e9gal\u00e9es.<\/p>\n<p><strong>Am\u00e9liorez votre exp\u00e9rience de frappe d\u00e8s aujourd&#039;hui avec l&#039;AULA F108 PRO !<\/strong><\/p>\n<p>&nbsp;<\/p>","protected":false},"excerpt":{"rendered":"<ul>\n<li><strong>Connectivit\u00e9 :<\/strong>\u00a0Tri-mode (Bluetooth, 2,4 GHz, filaire)<\/li>\n<li><strong>Personnalisation\u00a0:<\/strong>\u00a0Interrupteurs rempla\u00e7ables \u00e0 chaud et RGB programmable<\/li>\n<li><strong>Technologie intelligente\u00a0:<\/strong>\u00a0\u00c9cran TFT int\u00e9gr\u00e9 et bouton multifonction<\/li>\n<\/ul>","protected":false},"featured_media":4764,"comment_status":"open","ping_status":"closed","template":"","meta":[],"product_brand":[54],"product_cat":[20,243],"product_tag":[22,244,408],"class_list":{"0":"post-4724","1":"product","2":"type-product","3":"status-publish","4":"has-post-thumbnail","6":"product_brand-aula","7":"product_cat-keyboard","8":"product_cat-mechanical-keyboard","9":"product_tag-keyboard","10":"product_tag-mechanical-keyboard","11":"product_tag-wireless-keyboard","13":"first","14":"instock","15":"taxable","16":"shipping-taxable","17":"purchasable","18":"product-type-variable","19":"wvs-archive-product-wrapper"},"aioseo_notices":[],"ct_brands":[{"id":54,"name":"AULA","slug":"aula"}],"jetpack_sharing_enabled":true,"_links":{"self":[{"href":"https:\/\/halleffectkeyboard.com\/fr\/wp-json\/wp\/v2\/product\/4724","targetHints":{"allow":["GET"]}}],"collection":[{"href":"https:\/\/halleffectkeyboard.com\/fr\/wp-json\/wp\/v2\/product"}],"about":[{"href":"https:\/\/halleffectkeyboard.com\/fr\/wp-json\/wp\/v2\/types\/product"}],"replies":[{"embeddable":true,"href":"https:\/\/halleffectkeyboard.com\/fr\/wp-json\/wp\/v2\/comments?post=4724"}],"version-history":[{"count":5,"href":"https:\/\/halleffectkeyboard.com\/fr\/wp-json\/wp\/v2\/product\/4724\/revisions"}],"predecessor-version":[{"id":4774,"href":"https:\/\/halleffectkeyboard.com\/fr\/wp-json\/wp\/v2\/product\/4724\/revisions\/4774"}],"wp:featuredmedia":[{"embeddable":true,"href":"https:\/\/halleffectkeyboard.com\/fr\/wp-json\/wp\/v2\/media\/4764"}],"wp:attachment":[{"href":"https:\/\/halleffectkeyboard.com\/fr\/wp-json\/wp\/v2\/media?parent=4724"}],"wp:term":[{"taxonomy":"product_brand","embeddable":true,"href":"https:\/\/halleffectkeyboard.com\/fr\/wp-json\/wp\/v2\/product_brand?post=4724"},{"taxonomy":"product_cat","embeddable":true,"href":"https:\/\/halleffectkeyboard.com\/fr\/wp-json\/wp\/v2\/product_cat?post=4724"},{"taxonomy":"product_tag","embeddable":true,"href":"https:\/\/halleffectkeyboard.com\/fr\/wp-json\/wp\/v2\/product_tag?post=4724"}],"curies":[{"name":"wp","href":"https:\/\/api.w.org\/{rel}","templated":true}]}}