{"id":4320,"date":"2026-04-17T16:46:59","date_gmt":"2026-04-17T08:46:59","guid":{"rendered":"https:\/\/halleffectkeyboard.com\/"},"modified":"2026-04-17T17:16:45","modified_gmt":"2026-04-17T09:16:45","slug":"madlions-mad-light-60-quattro","status":"publish","type":"product","link":"https:\/\/halleffectkeyboard.com\/fr\/product\/madlions-mad-light-60-quattro\/","title":{"rendered":"MADLIONS MAD Light 60 Quattro"},"content":{"rendered":"<h2>MADLIONS MAD Light 60 Quattro \u2014 Le clavier de jeu ultime \u00e0 effet Hall (60 %)<\/h2>\n<p>D\u00e9couvrez un niveau de performance sup\u00e9rieur avec <strong>MADLIONS MAD Light 60 Quattro<\/strong> \u2014 un clavier personnalis\u00e9 haut de gamme con\u00e7u pour les joueurs et les passionn\u00e9s exigeants en mati\u00e8re de vitesse, de pr\u00e9cision et de style. <strong>Clavier 60<\/strong> Alliant technologie de pointe et esth\u00e9tique \u00e9poustouflante, ce clavier \u00e0 effet Hall est le meilleur pour les jeux comp\u00e9titifs et une utilisation quotidienne.<\/p>\n<h3>Caract\u00e9ristiques principales<\/h3>\n<ul>\n<li><strong>Couleurs blanc cristal et rose glac\u00e9 :<\/strong>\u00a0Choisissez votre style gr\u00e2ce \u00e0 deux finitions \u00e9blouissantes, toutes deux r\u00e9alis\u00e9es \u00e0 l&#039;aide d&#039;une \u00e9lectrophor\u00e8se de pointe pour un aspect durable et luxueux.<\/li>\n<li><strong>Interrupteurs magn\u00e9tiques \u00e0 effet Hall\u00a0:<\/strong>\u00a0D\u00e9couvrez une r\u00e9activit\u00e9 exceptionnelle gr\u00e2ce aux commutateurs magn\u00e9tiques \u00e0 cristal, offrant une course d&#039;activation r\u00e9glable (RT) de 0,005 mm \u00e0 3,0 mm et une pr\u00e9cision de 0,005 mm. Id\u00e9al pour les utilisateurs exigeants recherchant les meilleures performances en mati\u00e8re de clavier magn\u00e9tique.<\/li>\n<li><strong>R\u00e9ponse ultra-rapide\u00a0:<\/strong>\u00a0B\u00e9n\u00e9ficiez d&#039;un temps de r\u00e9ponse ultra-rapide de 0,08 ms, d&#039;une fr\u00e9quence de balayage de 512\u00a0000 images par seconde et d&#039;une fr\u00e9quence d&#039;interrogation de 8\u00a0000 Hz, la meilleure du secteur, pour une vitesse in\u00e9gal\u00e9e dans tous les jeux.<\/li>\n<li><strong>Touches \u00e0 d\u00f4me cristallin :<\/strong>\u00a0Les touches \u00e0 d\u00f4me transparentes comme de l&#039;eau offrent une sensation tactile et un \u00e9clairage RGB \u00e9clatant.<\/li>\n<li><strong>Construction haut de gamme :<\/strong>\u00a0Il est dot\u00e9 d&#039;une plaque de positionnement en alliage d&#039;aluminium, d&#039;une couche interm\u00e9diaire en silicone, de pastilles de commutation et d&#039;un remplissage en PET pour une meilleure insonorisation et une exp\u00e9rience de frappe optimale.<\/li>\n<li><strong>R\u00e9tro\u00e9clairage RVB personnalisable\u00a0:<\/strong>\u00a0\u00c9clairage RGB 16 millions de couleurs avec quatre emplacements LED d\u00e9di\u00e9s, permettant une personnalisation compl\u00e8te.<\/li>\n<li><strong>Zone morte r\u00e9glable\u00a0:<\/strong>\u00a0R\u00e9glez votre zone morte \u00e0 0 pour un contr\u00f4le maximal, id\u00e9al pour les FPS et les jeux rapides.<\/li>\n<li><strong>Pilote personnalis\u00e9 bas\u00e9 sur le Web\u00a0:<\/strong>\u00a0Configurez facilement votre clavier gr\u00e2ce \u00e0 un pilote web propri\u00e9taire.<\/li>\n<li><strong>Connectivit\u00e9 filaire\u00a0:<\/strong>\u00a0Connexion filaire stable et sans latence pour les configurations de jeu professionnelles.<\/li>\n<\/ul>\n<h3>Pourquoi choisir le MAD Light 60 Quattro ?<\/h3>\n<ul>\n<li><strong>Disposition du clavier \u00e0 60 % :<\/strong>\u00a0Conception compacte avec emplacement par d\u00e9faut des touches d&#039;accueil, id\u00e9ale pour les configurations minimalistes et le jeu efficace.<\/li>\n<li><strong>Meilleur clavier \u00e0 effet Hall :<\/strong>\u00a0Les commutateurs magn\u00e9tiques offrent une durabilit\u00e9 et une pr\u00e9cision in\u00e9gal\u00e9es, surpassant les claviers m\u00e9caniques traditionnels.<\/li>\n<li><strong>Clavier personnalis\u00e9 pour le jeu\u00a0:<\/strong>\u00a0Des fonctionnalit\u00e9s sur mesure pour les joueurs, notamment une activation r\u00e9glable, un \u00e9clairage RVB et des taux d&#039;interrogation rapides.<\/li>\n<li><strong>Id\u00e9al pour tous les utilisateurs\u00a0:<\/strong>\u00a0Que vous ayez besoin d&#039;un clavier de jeu 60 touches, d&#039;un clavier personnalis\u00e9 pour le travail ou du meilleur clavier \u00e0 effet Hall pour l&#039;e-sport, le MAD Light 60 Quattro est le choix id\u00e9al.<\/li>\n<\/ul>\n<h3>Caract\u00e9ristiques<\/h3>\n<ul>\n<li><strong>Couleurs:<\/strong>\u00a0Blanc cristal, rose glac\u00e9<\/li>\n<li><strong>Artisanat de coquillages :<\/strong>\u00a0\u00c9lectrophor\u00e8se<\/li>\n<li><strong>Type de commutateur\u00a0:<\/strong>\u00a0Effet Hall magn\u00e9tique cristallin<\/li>\n<li><strong>Plage de r\u00e9glage RT\u00a0:<\/strong>\u00a00,005 \u00e0 3,0 mm<\/li>\n<li><strong>Pr\u00e9cision du pas RT\u00a0:<\/strong>\u00a00,005 mm<\/li>\n<li><strong>R\u00e9ponse diff\u00e9r\u00e9e\u00a0:<\/strong>\u00a00,08 ms<\/li>\n<li><strong>Vitesse de num\u00e9risation\u00a0:<\/strong>\u00a0512k<\/li>\n<li><strong>Taux de participation :<\/strong>\u00a08000 Hz<\/li>\n<li><strong>Touches :<\/strong>\u00a0D\u00f4me de cristal<\/li>\n<li><strong>Remplissage interne :<\/strong>\u00a0Couche en silicone + pav\u00e9 tactile + PET<\/li>\n<li><strong>Plaque de positionnement\u00a0:<\/strong>\u00a0Alliage d&#039;aluminium<\/li>\n<li><strong>R\u00e9tro\u00e9clairage :<\/strong>\u00a016 millions de couleurs RVB<\/li>\n<li><strong>Zone morte :<\/strong>\u00a0R\u00e9glable \u00e0 0<\/li>\n<li><strong>Positions des LED :<\/strong>\u00a04<\/li>\n<li><strong>Conducteur:<\/strong>\u00a0Web personnalis\u00e9<\/li>\n<li><strong>Connexion:<\/strong>\u00a0C\u00e2bl\u00e9<\/li>\n<li><img loading=\"lazy\" decoding=\"async\" class=\"alignnone size-full wp-image-4335\" src=\"https:\/\/halleffectkeyboard.com\/wp-content\/uploads\/2026\/04\/55-1.jpg\" alt=\"MADLIONS MAD Light 60 Quattro\" width=\"2083\" height=\"1819\" srcset=\"https:\/\/halleffectkeyboard.com\/wp-content\/uploads\/2026\/04\/55-1.jpg 2083w, https:\/\/halleffectkeyboard.com\/wp-content\/uploads\/2026\/04\/55-1-300x262.jpg 300w, https:\/\/halleffectkeyboard.com\/wp-content\/uploads\/2026\/04\/55-1-1024x894.jpg 1024w, https:\/\/halleffectkeyboard.com\/wp-content\/uploads\/2026\/04\/55-1-768x671.jpg 768w, https:\/\/halleffectkeyboard.com\/wp-content\/uploads\/2026\/04\/55-1-1536x1341.jpg 1536w, https:\/\/halleffectkeyboard.com\/wp-content\/uploads\/2026\/04\/55-1-2048x1788.jpg 2048w, https:\/\/halleffectkeyboard.com\/wp-content\/uploads\/2026\/04\/55-1-14x12.jpg 14w, https:\/\/halleffectkeyboard.com\/wp-content\/uploads\/2026\/04\/55-1-1200x1048.jpg 1200w\" sizes=\"auto, (max-width: 2083px) 100vw, 2083px\" \/> <img loading=\"lazy\" decoding=\"async\" class=\"alignnone size-full wp-image-4334\" src=\"https:\/\/halleffectkeyboard.com\/wp-content\/uploads\/2026\/04\/33-2.jpg\" alt=\"MADLIONS MAD Light 60 Quattro\" width=\"2083\" height=\"1819\" srcset=\"https:\/\/halleffectkeyboard.com\/wp-content\/uploads\/2026\/04\/33-2.jpg 2083w, https:\/\/halleffectkeyboard.com\/wp-content\/uploads\/2026\/04\/33-2-300x262.jpg 300w, https:\/\/halleffectkeyboard.com\/wp-content\/uploads\/2026\/04\/33-2-1024x894.jpg 1024w, https:\/\/halleffectkeyboard.com\/wp-content\/uploads\/2026\/04\/33-2-768x671.jpg 768w, https:\/\/halleffectkeyboard.com\/wp-content\/uploads\/2026\/04\/33-2-1536x1341.jpg 1536w, https:\/\/halleffectkeyboard.com\/wp-content\/uploads\/2026\/04\/33-2-2048x1788.jpg 2048w, https:\/\/halleffectkeyboard.com\/wp-content\/uploads\/2026\/04\/33-2-14x12.jpg 14w, https:\/\/halleffectkeyboard.com\/wp-content\/uploads\/2026\/04\/33-2-1200x1048.jpg 1200w\" sizes=\"auto, (max-width: 2083px) 100vw, 2083px\" \/> <img loading=\"lazy\" decoding=\"async\" class=\"alignnone size-full wp-image-4333\" src=\"https:\/\/halleffectkeyboard.com\/wp-content\/uploads\/2026\/04\/22-2.jpg\" alt=\"MADLIONS MAD Light 60 Quattro\" width=\"2083\" height=\"2089\" srcset=\"https:\/\/halleffectkeyboard.com\/wp-content\/uploads\/2026\/04\/22-2.jpg 2083w, https:\/\/halleffectkeyboard.com\/wp-content\/uploads\/2026\/04\/22-2-300x300.jpg 300w, https:\/\/halleffectkeyboard.com\/wp-content\/uploads\/2026\/04\/22-2-1021x1024.jpg 1021w, https:\/\/halleffectkeyboard.com\/wp-content\/uploads\/2026\/04\/22-2-150x150.jpg 150w, https:\/\/halleffectkeyboard.com\/wp-content\/uploads\/2026\/04\/22-2-768x770.jpg 768w, https:\/\/halleffectkeyboard.com\/wp-content\/uploads\/2026\/04\/22-2-1532x1536.jpg 1532w, https:\/\/halleffectkeyboard.com\/wp-content\/uploads\/2026\/04\/22-2-2042x2048.jpg 2042w, https:\/\/halleffectkeyboard.com\/wp-content\/uploads\/2026\/04\/22-2-12x12.jpg 12w, https:\/\/halleffectkeyboard.com\/wp-content\/uploads\/2026\/04\/22-2-1200x1203.jpg 1200w, https:\/\/halleffectkeyboard.com\/wp-content\/uploads\/2026\/04\/22-2-100x100.jpg 100w, https:\/\/halleffectkeyboard.com\/wp-content\/uploads\/2026\/04\/22-2-50x50.jpg 50w\" sizes=\"auto, (max-width: 2083px) 100vw, 2083px\" \/> <img loading=\"lazy\" decoding=\"async\" class=\"alignnone size-full wp-image-4332\" src=\"https:\/\/halleffectkeyboard.com\/wp-content\/uploads\/2026\/04\/1-9.jpg\" alt=\"MADLIONS MAD Light 60 Quattro\" width=\"2083\" height=\"2087\" srcset=\"https:\/\/halleffectkeyboard.com\/wp-content\/uploads\/2026\/04\/1-9.jpg 2083w, https:\/\/halleffectkeyboard.com\/wp-content\/uploads\/2026\/04\/1-9-300x300.jpg 300w, https:\/\/halleffectkeyboard.com\/wp-content\/uploads\/2026\/04\/1-9-1022x1024.jpg 1022w, https:\/\/halleffectkeyboard.com\/wp-content\/uploads\/2026\/04\/1-9-150x150.jpg 150w, https:\/\/halleffectkeyboard.com\/wp-content\/uploads\/2026\/04\/1-9-768x769.jpg 768w, https:\/\/halleffectkeyboard.com\/wp-content\/uploads\/2026\/04\/1-9-1533x1536.jpg 1533w, https:\/\/halleffectkeyboard.com\/wp-content\/uploads\/2026\/04\/1-9-2044x2048.jpg 2044w, https:\/\/halleffectkeyboard.com\/wp-content\/uploads\/2026\/04\/1-9-12x12.jpg 12w, https:\/\/halleffectkeyboard.com\/wp-content\/uploads\/2026\/04\/1-9-1200x1202.jpg 1200w, https:\/\/halleffectkeyboard.com\/wp-content\/uploads\/2026\/04\/1-9-100x100.jpg 100w, https:\/\/halleffectkeyboard.com\/wp-content\/uploads\/2026\/04\/1-9-50x50.jpg 50w\" sizes=\"auto, (max-width: 2083px) 100vw, 2083px\" \/><img loading=\"lazy\" decoding=\"async\" class=\"alignnone size-full wp-image-4340\" src=\"https:\/\/halleffectkeyboard.com\/wp-content\/uploads\/2026\/04\/\u753b\u677f-1.jpg\" alt=\"MADLIONS MAD Light 60 Quattro\" width=\"1440\" height=\"1440\" srcset=\"https:\/\/halleffectkeyboard.com\/wp-content\/uploads\/2026\/04\/\u753b\u677f-1.jpg 1440w, https:\/\/halleffectkeyboard.com\/wp-content\/uploads\/2026\/04\/\u753b\u677f-1-300x300.jpg 300w, https:\/\/halleffectkeyboard.com\/wp-content\/uploads\/2026\/04\/\u753b\u677f-1-1024x1024.jpg 1024w, https:\/\/halleffectkeyboard.com\/wp-content\/uploads\/2026\/04\/\u753b\u677f-1-150x150.jpg 150w, https:\/\/halleffectkeyboard.com\/wp-content\/uploads\/2026\/04\/\u753b\u677f-1-768x768.jpg 768w, https:\/\/halleffectkeyboard.com\/wp-content\/uploads\/2026\/04\/\u753b\u677f-1-12x12.jpg 12w, https:\/\/halleffectkeyboard.com\/wp-content\/uploads\/2026\/04\/\u753b\u677f-1-1200x1200.jpg 1200w, https:\/\/halleffectkeyboard.com\/wp-content\/uploads\/2026\/04\/\u753b\u677f-1-100x100.jpg 100w, https:\/\/halleffectkeyboard.com\/wp-content\/uploads\/2026\/04\/\u753b\u677f-1-50x50.jpg 50w\" sizes=\"auto, (max-width: 1440px) 100vw, 1440px\" \/> <img loading=\"lazy\" decoding=\"async\" class=\"alignnone size-full wp-image-4341\" src=\"https:\/\/halleffectkeyboard.com\/wp-content\/uploads\/2026\/04\/\u753b\u677f-1-2.jpg\" alt=\"MADLIONS MAD Light 60 Quattro\" width=\"1440\" height=\"1440\" srcset=\"https:\/\/halleffectkeyboard.com\/wp-content\/uploads\/2026\/04\/\u753b\u677f-1-2.jpg 1440w, https:\/\/halleffectkeyboard.com\/wp-content\/uploads\/2026\/04\/\u753b\u677f-1-2-300x300.jpg 300w, https:\/\/halleffectkeyboard.com\/wp-content\/uploads\/2026\/04\/\u753b\u677f-1-2-1024x1024.jpg 1024w, https:\/\/halleffectkeyboard.com\/wp-content\/uploads\/2026\/04\/\u753b\u677f-1-2-150x150.jpg 150w, https:\/\/halleffectkeyboard.com\/wp-content\/uploads\/2026\/04\/\u753b\u677f-1-2-768x768.jpg 768w, https:\/\/halleffectkeyboard.com\/wp-content\/uploads\/2026\/04\/\u753b\u677f-1-2-12x12.jpg 12w, https:\/\/halleffectkeyboard.com\/wp-content\/uploads\/2026\/04\/\u753b\u677f-1-2-1200x1200.jpg 1200w, https:\/\/halleffectkeyboard.com\/wp-content\/uploads\/2026\/04\/\u753b\u677f-1-2-100x100.jpg 100w, https:\/\/halleffectkeyboard.com\/wp-content\/uploads\/2026\/04\/\u753b\u677f-1-2-50x50.jpg 50w\" sizes=\"auto, (max-width: 1440px) 100vw, 1440px\" \/> <img loading=\"lazy\" decoding=\"async\" class=\"alignnone size-full wp-image-4342\" src=\"https:\/\/halleffectkeyboard.com\/wp-content\/uploads\/2026\/04\/66-1.jpg\" alt=\"MADLIONS MAD Light 60 Quattro\" width=\"2083\" height=\"1668\" srcset=\"https:\/\/halleffectkeyboard.com\/wp-content\/uploads\/2026\/04\/66-1.jpg 2083w, https:\/\/halleffectkeyboard.com\/wp-content\/uploads\/2026\/04\/66-1-300x240.jpg 300w, https:\/\/halleffectkeyboard.com\/wp-content\/uploads\/2026\/04\/66-1-1024x820.jpg 1024w, https:\/\/halleffectkeyboard.com\/wp-content\/uploads\/2026\/04\/66-1-768x615.jpg 768w, https:\/\/halleffectkeyboard.com\/wp-content\/uploads\/2026\/04\/66-1-1536x1230.jpg 1536w, https:\/\/halleffectkeyboard.com\/wp-content\/uploads\/2026\/04\/66-1-2048x1640.jpg 2048w, https:\/\/halleffectkeyboard.com\/wp-content\/uploads\/2026\/04\/66-1-15x12.jpg 15w, https:\/\/halleffectkeyboard.com\/wp-content\/uploads\/2026\/04\/66-1-1200x961.jpg 1200w\" sizes=\"auto, (max-width: 2083px) 100vw, 2083px\" \/><\/li>\n<\/ul>","protected":false},"excerpt":{"rendered":"<p>Am\u00e9liorez votre exp\u00e9rience de jeu avec <strong>MADLIONS MAD Light 60 Quattro<\/strong>, un clavier gaming haut de gamme 60%. Con\u00e7u avec des commutateurs magn\u00e9tiques \u00e0 effet Hall cristallin, il offre une r\u00e9activit\u00e9 instantan\u00e9e et une pr\u00e9cision optimale pour les joueurs comp\u00e9titifs.<\/p>\n<ul>\n<li><strong>Vitesse ultra-rapide :<\/strong>\u00a0Fr\u00e9quence d&#039;interrogation de 8000 Hz et temps de r\u00e9ponse ultra-rapide de 0,08 ms.<\/li>\n<li><strong>Pr\u00e9cision ultime :<\/strong>\u00a0D\u00e9clencheur rapide enti\u00e8rement r\u00e9glable (RT) avec une pr\u00e9cision de pas de 0,005 mm.<\/li>\n<li><strong>Une esth\u00e9tique \u00e9poustouflante :<\/strong>\u00a0Touches de clavier uniques en forme de d\u00f4me de cristal avec \u00e9clairage RGB personnalisable de 16 millions de couleurs.<\/li>\n<li><strong>Configuration Premium :<\/strong>\u00a0Plaque en alliage d&#039;aluminium avec isolation phonique multicouche pour une exp\u00e9rience de frappe stable et agr\u00e9able.<\/li>\n<\/ul>","protected":false},"featured_media":4323,"comment_status":"open","ping_status":"closed","template":"","meta":[],"product_brand":[79],"product_cat":[322],"product_tag":[59,58,22],"class_list":{"0":"post-4320","1":"product","2":"type-product","3":"status-publish","4":"has-post-thumbnail","6":"product_brand-madlions","7":"product_cat-hall-effect-keyboard","8":"product_tag-custom-keyboard","9":"product_tag-hall-effect-keyboard","10":"product_tag-keyboard","12":"first","13":"instock","14":"sale","15":"taxable","16":"shipping-taxable","17":"purchasable","18":"product-type-variable","19":"wvs-archive-product-wrapper"},"aioseo_notices":[],"ct_brands":[{"id":79,"name":"MADLIONS","slug":"madlions"}],"jetpack_sharing_enabled":true,"_links":{"self":[{"href":"https:\/\/halleffectkeyboard.com\/fr\/wp-json\/wp\/v2\/product\/4320","targetHints":{"allow":["GET"]}}],"collection":[{"href":"https:\/\/halleffectkeyboard.com\/fr\/wp-json\/wp\/v2\/product"}],"about":[{"href":"https:\/\/halleffectkeyboard.com\/fr\/wp-json\/wp\/v2\/types\/product"}],"replies":[{"embeddable":true,"href":"https:\/\/halleffectkeyboard.com\/fr\/wp-json\/wp\/v2\/comments?post=4320"}],"version-history":[{"count":3,"href":"https:\/\/halleffectkeyboard.com\/fr\/wp-json\/wp\/v2\/product\/4320\/revisions"}],"predecessor-version":[{"id":4343,"href":"https:\/\/halleffectkeyboard.com\/fr\/wp-json\/wp\/v2\/product\/4320\/revisions\/4343"}],"wp:featuredmedia":[{"embeddable":true,"href":"https:\/\/halleffectkeyboard.com\/fr\/wp-json\/wp\/v2\/media\/4323"}],"wp:attachment":[{"href":"https:\/\/halleffectkeyboard.com\/fr\/wp-json\/wp\/v2\/media?parent=4320"}],"wp:term":[{"taxonomy":"product_brand","embeddable":true,"href":"https:\/\/halleffectkeyboard.com\/fr\/wp-json\/wp\/v2\/product_brand?post=4320"},{"taxonomy":"product_cat","embeddable":true,"href":"https:\/\/halleffectkeyboard.com\/fr\/wp-json\/wp\/v2\/product_cat?post=4320"},{"taxonomy":"product_tag","embeddable":true,"href":"https:\/\/halleffectkeyboard.com\/fr\/wp-json\/wp\/v2\/product_tag?post=4320"}],"curies":[{"name":"wp","href":"https:\/\/api.w.org\/{rel}","templated":true}]}}