{"id":4277,"date":"2026-04-17T14:10:46","date_gmt":"2026-04-17T06:10:46","guid":{"rendered":"https:\/\/halleffectkeyboard.com\/"},"modified":"2026-04-17T14:21:09","modified_gmt":"2026-04-17T06:21:09","slug":"madlions-mad-light-60he","status":"publish","type":"product","link":"https:\/\/halleffectkeyboard.com\/fr\/product\/madlions-mad-light-60he\/","title":{"rendered":"MADLIONS MAD Light 60HE"},"content":{"rendered":"<h1>MADLIONS MAD Light 60HE\u00a0: Le clavier ultime \u00e0 effet Hall 60 touches pour le jeu<\/h1>\n<p>Je recherche <strong>meilleur clavier \u00e0 effet Hall<\/strong> Envie d&#039;am\u00e9liorer votre configuration de jeu\u00a0? D\u00e9couvrez le <strong>MADLIONS MAD Light 60HE<\/strong>, une prime <strong>Clavier \u00e0 60 pour cent<\/strong> Con\u00e7u pour les joueurs comp\u00e9titifs et les passionn\u00e9s de claviers. Dot\u00e9 de fonctionnalit\u00e9s avanc\u00e9es <strong>interrupteur \u00e0 effet Hall<\/strong> cette technologie, <strong>clavier magn\u00e9tique<\/strong> offre une vitesse, une pr\u00e9cision et une durabilit\u00e9 in\u00e9gal\u00e9es. Que vous construisiez un <strong>clavier personnalis\u00e9<\/strong> ou pour moderniser votre station de combat actuelle, son format ultra-compact <strong>60 claviers<\/strong> Permet de gagner un espace pr\u00e9cieux sur le bureau sans compromettre les performances.<\/p>\n<h2>Une vitesse imbattable gr\u00e2ce \u00e0 la technologie \u00e0 effet Hall<\/h2>\n<p>D\u00e9couvrez le futur du jeu vid\u00e9o gr\u00e2ce \u00e0 notre technologie de pointe <strong>clavier \u00e0 effet Hall<\/strong>. La lampe torche MADLIONS MAD Light 60HE utilise des interrupteurs magn\u00e9tiques avec une latence ultra-faible de 0,1 ms. Gr\u00e2ce \u00e0 sa course de d\u00e9clenchement rapide (RT) r\u00e9glable avec une pr\u00e9cision extr\u00eame, de 0,01 mm \u00e0 3,5 mm, vous pouvez d\u00e9finir votre point d&#039;activation exact pour une r\u00e9activit\u00e9 instantan\u00e9e. Associ\u00e9e \u00e0 une puissance impressionnante, elle offre une puissance maximale de 600 mm. <strong>Taux d&#039;interrogation de 8 kHz<\/strong> et <strong>Fr\u00e9quence de balayage de 128 kHz<\/strong>, ce <strong>Clavier de jeu 60<\/strong> Il est 8 fois plus rapide que les claviers m\u00e9caniques traditionnels, vous offrant un avantage concurrentiel imbattable.<\/p>\n<h2>Bo\u00eetier creux en aluminium haut de gamme et \u00e9clairage RGB<\/h2>\n<p>D\u00e9marquez-vous avec un superbe bo\u00eetier en aluminium massif usin\u00e9 CNC et rev\u00eatu de peinture en poudre. Sa conception creuse unique permet \u00e0 la lumi\u00e8re du circuit imprim\u00e9 inf\u00e9rieur de souligner les bords, cr\u00e9ant ainsi une ambiance de jeu incomparable. Avec 16,8 millions de couleurs de r\u00e9tro\u00e9clairage RGB personnalisable orient\u00e9 vers le nord et des touches PC transparentes au profil Cherry, ce clavier offre une exp\u00e9rience de jeu exceptionnelle. <strong>Clavier 60<\/strong> garantit que vos personnages de premier plan brillent de mille feux, illuminant votre configuration de jeu exactement comme vous le souhaitez.<\/p>\n<h2>Disposition de clavier compacte \u00e0 60 %<\/h2>\n<p>Optimisez votre espace de mouvement de souris avec cet ultra-compact <strong>disposition du clavier \u00e0 60 %<\/strong>. Il permet de gagner jusqu&#039;\u00e0 40% d&#039;espace sur le bureau tout en conservant intelligemment les fonctions essentielles comme les touches fl\u00e9ch\u00e9es, ce qui en fait l&#039;un des plus polyvalents. <strong>60 claviers<\/strong> sur le march\u00e9. Si vous vous \u00eates d\u00e9j\u00e0 pos\u00e9 des questions sur le <strong>Touche d&#039;accueil par d\u00e9faut pour clavier 60 touches<\/strong> Gr\u00e2ce \u00e0 nos configurations, notre conception intuitive assure une transition fluide aussi bien pour la saisie de texte que pour les jeux.<\/p>\n<h2>Pilote Web programmable et personnalisation compl\u00e8te<\/h2>\n<p>Aucun t\u00e9l\u00e9chargement de logiciel requis ! Personnalisez votre <strong>clavier de jeu<\/strong> Contr\u00f4lez directement votre clavier gr\u00e2ce \u00e0 notre pilote web professionnel. Ajustez facilement les fonctions RT, SOCD, DKS, MT et TGL, configurez des macros, r\u00e9assignez les touches et personnalisez votre \u00e9clairage RGB. La conception \u00e0 touches rempla\u00e7ables \u00e0 chaud vous permet de changer facilement vos interrupteurs sans soudure. Avec une connexion filaire USB-C stable, il offre une compatibilit\u00e9 parfaite avec les syst\u00e8mes Windows et Mac.<\/p>\n<h3>Sp\u00e9cifications techniques<\/h3>\n<ul>\n<li><strong>Nom du mod\u00e8le\u00a0:<\/strong> Clavier creux en aluminium MAD LIGHT 60 HE \u00e0 interrupteurs magn\u00e9tiques<\/li>\n<li><strong>Mise en page:<\/strong>\u00a061 cl\u00e9s (<strong>60 claviers<\/strong>)<\/li>\n<li><strong>Type de commutateur\u00a0:<\/strong>\u00a0<strong>Interrupteur \u00e0 effet Hall<\/strong>\u00a0(Magn\u00e9tique)<\/li>\n<li><strong>Connexion:<\/strong>\u00a0Clavier filaire d\u00e9tachable de type C<\/li>\n<li><strong>Taux de participation :<\/strong>\u00a08 kHz<\/li>\n<li><strong>Vitesse de num\u00e9risation\u00a0:<\/strong> 128 kHz<\/li>\n<li><strong>D\u00e9placement RT r\u00e9glable\u00a0:<\/strong>\u00a00,01 \u2013 3,5 mm (pr\u00e9cision de 0,01 mm)<\/li>\n<li><strong>D\u00e9placements totaux :<\/strong>\u00a03,6 mm<\/li>\n<li><strong>Force de d\u00e9clenchement\u00a0:<\/strong>\u00a033\u00b15gf<\/li>\n<li><strong>Dur\u00e9e de vie du commutateur\u00a0:<\/strong>\u00a0100 millions de frappes au clavier<\/li>\n<li><strong>Mat\u00e9riau du bo\u00eetier et de la plaque :<\/strong>\u00a0Alliage d&#039;aluminium massif usin\u00e9 CNC<\/li>\n<li><strong>R\u00e9tro\u00e9clairage :<\/strong>\u00a0Prise en charge de 16,8 millions de couleurs RVB (plus de 20 lumi\u00e8res pr\u00e9d\u00e9finies)<\/li>\n<li><strong>NKRO :<\/strong>\u00a0Soutenu<\/li>\n<li><strong>Technologie avanc\u00e9e :<\/strong>\u00a0Prend en charge DKS\/MT\/TGL\/SOCD<\/li>\n<li><strong>Compatibilit\u00e9 syst\u00e8me\u00a0:<\/strong>\u00a0Windows \/ Mac<\/li>\n<li><strong>Logiciel:<\/strong>\u00a0Pilote Web en ligne (aucun t\u00e9l\u00e9chargement requis)<\/li>\n<\/ul>\n<p><img loading=\"lazy\" decoding=\"async\" class=\"alignnone size-full wp-image-4291\" src=\"https:\/\/halleffectkeyboard.com\/wp-content\/uploads\/2026\/04\/MAD-LIGHT-60-HE-scaled.jpg\" alt=\"MADLIONS MAD Light 60HE\" width=\"2560\" height=\"2489\" srcset=\"https:\/\/halleffectkeyboard.com\/wp-content\/uploads\/2026\/04\/MAD-LIGHT-60-HE-scaled.jpg 2560w, https:\/\/halleffectkeyboard.com\/wp-content\/uploads\/2026\/04\/MAD-LIGHT-60-HE-300x292.jpg 300w, https:\/\/halleffectkeyboard.com\/wp-content\/uploads\/2026\/04\/MAD-LIGHT-60-HE-1024x996.jpg 1024w, https:\/\/halleffectkeyboard.com\/wp-content\/uploads\/2026\/04\/MAD-LIGHT-60-HE-768x747.jpg 768w, https:\/\/halleffectkeyboard.com\/wp-content\/uploads\/2026\/04\/MAD-LIGHT-60-HE-1536x1494.jpg 1536w, https:\/\/halleffectkeyboard.com\/wp-content\/uploads\/2026\/04\/MAD-LIGHT-60-HE-2048x1991.jpg 2048w, https:\/\/halleffectkeyboard.com\/wp-content\/uploads\/2026\/04\/MAD-LIGHT-60-HE-12x12.jpg 12w, https:\/\/halleffectkeyboard.com\/wp-content\/uploads\/2026\/04\/MAD-LIGHT-60-HE-1200x1167.jpg 1200w, https:\/\/halleffectkeyboard.com\/wp-content\/uploads\/2026\/04\/MAD-LIGHT-60-HE-50x50.jpg 50w\" sizes=\"auto, (max-width: 2560px) 100vw, 2560px\" \/> <img loading=\"lazy\" decoding=\"async\" class=\"alignnone size-full wp-image-4292\" src=\"https:\/\/halleffectkeyboard.com\/wp-content\/uploads\/2026\/04\/MAD-LIGHT-60-HE-1-scaled.jpg\" alt=\"MADLIONS MAD Light 60HE\" width=\"2560\" height=\"2489\" srcset=\"https:\/\/halleffectkeyboard.com\/wp-content\/uploads\/2026\/04\/MAD-LIGHT-60-HE-1-scaled.jpg 2560w, https:\/\/halleffectkeyboard.com\/wp-content\/uploads\/2026\/04\/MAD-LIGHT-60-HE-1-300x292.jpg 300w, https:\/\/halleffectkeyboard.com\/wp-content\/uploads\/2026\/04\/MAD-LIGHT-60-HE-1-1024x996.jpg 1024w, https:\/\/halleffectkeyboard.com\/wp-content\/uploads\/2026\/04\/MAD-LIGHT-60-HE-1-768x747.jpg 768w, https:\/\/halleffectkeyboard.com\/wp-content\/uploads\/2026\/04\/MAD-LIGHT-60-HE-1-1536x1494.jpg 1536w, https:\/\/halleffectkeyboard.com\/wp-content\/uploads\/2026\/04\/MAD-LIGHT-60-HE-1-2048x1991.jpg 2048w, https:\/\/halleffectkeyboard.com\/wp-content\/uploads\/2026\/04\/MAD-LIGHT-60-HE-1-12x12.jpg 12w, https:\/\/halleffectkeyboard.com\/wp-content\/uploads\/2026\/04\/MAD-LIGHT-60-HE-1-1200x1167.jpg 1200w, https:\/\/halleffectkeyboard.com\/wp-content\/uploads\/2026\/04\/MAD-LIGHT-60-HE-1-50x50.jpg 50w\" sizes=\"auto, (max-width: 2560px) 100vw, 2560px\" \/> <img loading=\"lazy\" decoding=\"async\" class=\"alignnone size-full wp-image-4293\" src=\"https:\/\/halleffectkeyboard.com\/wp-content\/uploads\/2026\/04\/MAD-LIGHT-60-HE-2-scaled.jpg\" alt=\"MADLIONS MAD Light 60HE\" width=\"2560\" height=\"2489\" srcset=\"https:\/\/halleffectkeyboard.com\/wp-content\/uploads\/2026\/04\/MAD-LIGHT-60-HE-2-scaled.jpg 2560w, https:\/\/halleffectkeyboard.com\/wp-content\/uploads\/2026\/04\/MAD-LIGHT-60-HE-2-300x292.jpg 300w, https:\/\/halleffectkeyboard.com\/wp-content\/uploads\/2026\/04\/MAD-LIGHT-60-HE-2-1024x996.jpg 1024w, https:\/\/halleffectkeyboard.com\/wp-content\/uploads\/2026\/04\/MAD-LIGHT-60-HE-2-768x747.jpg 768w, https:\/\/halleffectkeyboard.com\/wp-content\/uploads\/2026\/04\/MAD-LIGHT-60-HE-2-1536x1494.jpg 1536w, https:\/\/halleffectkeyboard.com\/wp-content\/uploads\/2026\/04\/MAD-LIGHT-60-HE-2-2048x1991.jpg 2048w, https:\/\/halleffectkeyboard.com\/wp-content\/uploads\/2026\/04\/MAD-LIGHT-60-HE-2-12x12.jpg 12w, https:\/\/halleffectkeyboard.com\/wp-content\/uploads\/2026\/04\/MAD-LIGHT-60-HE-2-1200x1167.jpg 1200w, https:\/\/halleffectkeyboard.com\/wp-content\/uploads\/2026\/04\/MAD-LIGHT-60-HE-2-50x50.jpg 50w\" sizes=\"auto, (max-width: 2560px) 100vw, 2560px\" \/> <img loading=\"lazy\" decoding=\"async\" class=\"alignnone size-full wp-image-4294\" src=\"https:\/\/halleffectkeyboard.com\/wp-content\/uploads\/2026\/04\/MAD-LIGHT-60-HE-3-scaled.jpg\" alt=\"MADLIONS MAD Light 60HE\" width=\"2560\" height=\"2489\" srcset=\"https:\/\/halleffectkeyboard.com\/wp-content\/uploads\/2026\/04\/MAD-LIGHT-60-HE-3-scaled.jpg 2560w, https:\/\/halleffectkeyboard.com\/wp-content\/uploads\/2026\/04\/MAD-LIGHT-60-HE-3-300x292.jpg 300w, https:\/\/halleffectkeyboard.com\/wp-content\/uploads\/2026\/04\/MAD-LIGHT-60-HE-3-1024x996.jpg 1024w, https:\/\/halleffectkeyboard.com\/wp-content\/uploads\/2026\/04\/MAD-LIGHT-60-HE-3-768x747.jpg 768w, https:\/\/halleffectkeyboard.com\/wp-content\/uploads\/2026\/04\/MAD-LIGHT-60-HE-3-1536x1494.jpg 1536w, https:\/\/halleffectkeyboard.com\/wp-content\/uploads\/2026\/04\/MAD-LIGHT-60-HE-3-2048x1991.jpg 2048w, https:\/\/halleffectkeyboard.com\/wp-content\/uploads\/2026\/04\/MAD-LIGHT-60-HE-3-12x12.jpg 12w, https:\/\/halleffectkeyboard.com\/wp-content\/uploads\/2026\/04\/MAD-LIGHT-60-HE-3-1200x1167.jpg 1200w, https:\/\/halleffectkeyboard.com\/wp-content\/uploads\/2026\/04\/MAD-LIGHT-60-HE-3-50x50.jpg 50w\" sizes=\"auto, (max-width: 2560px) 100vw, 2560px\" \/> <img loading=\"lazy\" decoding=\"async\" class=\"alignnone size-full wp-image-4295\" src=\"https:\/\/halleffectkeyboard.com\/wp-content\/uploads\/2026\/04\/MAD-LIGHT-60-HE-4-scaled.jpg\" alt=\"MADLIONS MAD Light 60HE\" width=\"2560\" height=\"2489\" srcset=\"https:\/\/halleffectkeyboard.com\/wp-content\/uploads\/2026\/04\/MAD-LIGHT-60-HE-4-scaled.jpg 2560w, https:\/\/halleffectkeyboard.com\/wp-content\/uploads\/2026\/04\/MAD-LIGHT-60-HE-4-300x292.jpg 300w, https:\/\/halleffectkeyboard.com\/wp-content\/uploads\/2026\/04\/MAD-LIGHT-60-HE-4-1024x996.jpg 1024w, https:\/\/halleffectkeyboard.com\/wp-content\/uploads\/2026\/04\/MAD-LIGHT-60-HE-4-768x747.jpg 768w, https:\/\/halleffectkeyboard.com\/wp-content\/uploads\/2026\/04\/MAD-LIGHT-60-HE-4-1536x1494.jpg 1536w, https:\/\/halleffectkeyboard.com\/wp-content\/uploads\/2026\/04\/MAD-LIGHT-60-HE-4-2048x1991.jpg 2048w, https:\/\/halleffectkeyboard.com\/wp-content\/uploads\/2026\/04\/MAD-LIGHT-60-HE-4-12x12.jpg 12w, https:\/\/halleffectkeyboard.com\/wp-content\/uploads\/2026\/04\/MAD-LIGHT-60-HE-4-1200x1167.jpg 1200w, https:\/\/halleffectkeyboard.com\/wp-content\/uploads\/2026\/04\/MAD-LIGHT-60-HE-4-50x50.jpg 50w\" sizes=\"auto, (max-width: 2560px) 100vw, 2560px\" \/> <img loading=\"lazy\" decoding=\"async\" class=\"alignnone size-full wp-image-4296\" src=\"https:\/\/halleffectkeyboard.com\/wp-content\/uploads\/2026\/04\/MAD-LIGHT-60-HE-5-1-scaled.jpg\" alt=\"MADLIONS MAD Light 60HE\" width=\"2560\" height=\"2489\" srcset=\"https:\/\/halleffectkeyboard.com\/wp-content\/uploads\/2026\/04\/MAD-LIGHT-60-HE-5-1-scaled.jpg 2560w, https:\/\/halleffectkeyboard.com\/wp-content\/uploads\/2026\/04\/MAD-LIGHT-60-HE-5-1-300x292.jpg 300w, https:\/\/halleffectkeyboard.com\/wp-content\/uploads\/2026\/04\/MAD-LIGHT-60-HE-5-1-1024x996.jpg 1024w, https:\/\/halleffectkeyboard.com\/wp-content\/uploads\/2026\/04\/MAD-LIGHT-60-HE-5-1-768x747.jpg 768w, https:\/\/halleffectkeyboard.com\/wp-content\/uploads\/2026\/04\/MAD-LIGHT-60-HE-5-1-1536x1494.jpg 1536w, https:\/\/halleffectkeyboard.com\/wp-content\/uploads\/2026\/04\/MAD-LIGHT-60-HE-5-1-2048x1991.jpg 2048w, https:\/\/halleffectkeyboard.com\/wp-content\/uploads\/2026\/04\/MAD-LIGHT-60-HE-5-1-12x12.jpg 12w, https:\/\/halleffectkeyboard.com\/wp-content\/uploads\/2026\/04\/MAD-LIGHT-60-HE-5-1-1200x1167.jpg 1200w, https:\/\/halleffectkeyboard.com\/wp-content\/uploads\/2026\/04\/MAD-LIGHT-60-HE-5-1-50x50.jpg 50w\" sizes=\"auto, (max-width: 2560px) 100vw, 2560px\" \/> <img loading=\"lazy\" decoding=\"async\" class=\"alignnone size-full wp-image-4297\" src=\"https:\/\/halleffectkeyboard.com\/wp-content\/uploads\/2026\/04\/MAD-LIGHT-60-HE-6-scaled.jpg\" alt=\"MADLIONS MAD Light 60HE\" width=\"2560\" height=\"2560\" srcset=\"https:\/\/halleffectkeyboard.com\/wp-content\/uploads\/2026\/04\/MAD-LIGHT-60-HE-6-scaled.jpg 2560w, https:\/\/halleffectkeyboard.com\/wp-content\/uploads\/2026\/04\/MAD-LIGHT-60-HE-6-300x300.jpg 300w, https:\/\/halleffectkeyboard.com\/wp-content\/uploads\/2026\/04\/MAD-LIGHT-60-HE-6-1024x1024.jpg 1024w, https:\/\/halleffectkeyboard.com\/wp-content\/uploads\/2026\/04\/MAD-LIGHT-60-HE-6-150x150.jpg 150w, https:\/\/halleffectkeyboard.com\/wp-content\/uploads\/2026\/04\/MAD-LIGHT-60-HE-6-768x768.jpg 768w, https:\/\/halleffectkeyboard.com\/wp-content\/uploads\/2026\/04\/MAD-LIGHT-60-HE-6-1536x1536.jpg 1536w, https:\/\/halleffectkeyboard.com\/wp-content\/uploads\/2026\/04\/MAD-LIGHT-60-HE-6-2048x2048.jpg 2048w, https:\/\/halleffectkeyboard.com\/wp-content\/uploads\/2026\/04\/MAD-LIGHT-60-HE-6-12x12.jpg 12w, https:\/\/halleffectkeyboard.com\/wp-content\/uploads\/2026\/04\/MAD-LIGHT-60-HE-6-1200x1200.jpg 1200w, https:\/\/halleffectkeyboard.com\/wp-content\/uploads\/2026\/04\/MAD-LIGHT-60-HE-6-100x100.jpg 100w, https:\/\/halleffectkeyboard.com\/wp-content\/uploads\/2026\/04\/MAD-LIGHT-60-HE-6-50x50.jpg 50w\" sizes=\"auto, (max-width: 2560px) 100vw, 2560px\" \/> <img loading=\"lazy\" decoding=\"async\" class=\"alignnone size-full wp-image-4298\" src=\"https:\/\/halleffectkeyboard.com\/wp-content\/uploads\/2026\/04\/MAD-LIGHT-60-HE-7-scaled.jpg\" alt=\"MADLIONS MAD Light 60HE\" width=\"2281\" height=\"2560\" srcset=\"https:\/\/halleffectkeyboard.com\/wp-content\/uploads\/2026\/04\/MAD-LIGHT-60-HE-7-scaled.jpg 2281w, https:\/\/halleffectkeyboard.com\/wp-content\/uploads\/2026\/04\/MAD-LIGHT-60-HE-7-267x300.jpg 267w, https:\/\/halleffectkeyboard.com\/wp-content\/uploads\/2026\/04\/MAD-LIGHT-60-HE-7-912x1024.jpg 912w, https:\/\/halleffectkeyboard.com\/wp-content\/uploads\/2026\/04\/MAD-LIGHT-60-HE-7-768x862.jpg 768w, https:\/\/halleffectkeyboard.com\/wp-content\/uploads\/2026\/04\/MAD-LIGHT-60-HE-7-1369x1536.jpg 1369w, https:\/\/halleffectkeyboard.com\/wp-content\/uploads\/2026\/04\/MAD-LIGHT-60-HE-7-1825x2048.jpg 1825w, https:\/\/halleffectkeyboard.com\/wp-content\/uploads\/2026\/04\/MAD-LIGHT-60-HE-7-11x12.jpg 11w, https:\/\/halleffectkeyboard.com\/wp-content\/uploads\/2026\/04\/MAD-LIGHT-60-HE-7-300x337.jpg 300w, https:\/\/halleffectkeyboard.com\/wp-content\/uploads\/2026\/04\/MAD-LIGHT-60-HE-7-1200x1347.jpg 1200w\" sizes=\"auto, (max-width: 2281px) 100vw, 2281px\" \/> <img loading=\"lazy\" decoding=\"async\" class=\"alignnone size-full wp-image-4299\" src=\"https:\/\/halleffectkeyboard.com\/wp-content\/uploads\/2026\/04\/MAD-LIGHT-60-HE-8-scaled.jpg\" alt=\"MADLIONS MAD Light 60HE\" width=\"2560\" height=\"2509\" srcset=\"https:\/\/halleffectkeyboard.com\/wp-content\/uploads\/2026\/04\/MAD-LIGHT-60-HE-8-scaled.jpg 2560w, https:\/\/halleffectkeyboard.com\/wp-content\/uploads\/2026\/04\/MAD-LIGHT-60-HE-8-300x294.jpg 300w, https:\/\/halleffectkeyboard.com\/wp-content\/uploads\/2026\/04\/MAD-LIGHT-60-HE-8-1024x1004.jpg 1024w, https:\/\/halleffectkeyboard.com\/wp-content\/uploads\/2026\/04\/MAD-LIGHT-60-HE-8-768x753.jpg 768w, https:\/\/halleffectkeyboard.com\/wp-content\/uploads\/2026\/04\/MAD-LIGHT-60-HE-8-1536x1505.jpg 1536w, https:\/\/halleffectkeyboard.com\/wp-content\/uploads\/2026\/04\/MAD-LIGHT-60-HE-8-2048x2007.jpg 2048w, https:\/\/halleffectkeyboard.com\/wp-content\/uploads\/2026\/04\/MAD-LIGHT-60-HE-8-12x12.jpg 12w, https:\/\/halleffectkeyboard.com\/wp-content\/uploads\/2026\/04\/MAD-LIGHT-60-HE-8-1200x1176.jpg 1200w, https:\/\/halleffectkeyboard.com\/wp-content\/uploads\/2026\/04\/MAD-LIGHT-60-HE-8-50x50.jpg 50w\" sizes=\"auto, (max-width: 2560px) 100vw, 2560px\" \/><\/p>\n<p>&nbsp;<\/p>","protected":false},"excerpt":{"rendered":"<p><strong>MADLIONS MAD Light 60HE :<\/strong> Un clavier de jeu haut de gamme 60% \u00e0 effet Hall avec un bo\u00eetier en aluminium CNC, une fr\u00e9quence d&#039;interrogation de 8 kHz et une fonction Rapid Trigger r\u00e9glable pour un jeu ultra-pr\u00e9cis avec une latence de 0,1 ms.<\/p>","protected":false},"featured_media":4286,"comment_status":"open","ping_status":"closed","template":"","meta":[],"product_brand":[79],"product_cat":[322],"product_tag":[59,58,22],"class_list":{"0":"post-4277","1":"product","2":"type-product","3":"status-publish","4":"has-post-thumbnail","6":"product_brand-madlions","7":"product_cat-hall-effect-keyboard","8":"product_tag-custom-keyboard","9":"product_tag-hall-effect-keyboard","10":"product_tag-keyboard","12":"first","13":"instock","14":"taxable","15":"shipping-taxable","16":"purchasable","17":"product-type-variable","18":"wvs-archive-product-wrapper"},"aioseo_notices":[],"ct_brands":[{"id":79,"name":"MADLIONS","slug":"madlions"}],"jetpack_sharing_enabled":true,"_links":{"self":[{"href":"https:\/\/halleffectkeyboard.com\/fr\/wp-json\/wp\/v2\/product\/4277","targetHints":{"allow":["GET"]}}],"collection":[{"href":"https:\/\/halleffectkeyboard.com\/fr\/wp-json\/wp\/v2\/product"}],"about":[{"href":"https:\/\/halleffectkeyboard.com\/fr\/wp-json\/wp\/v2\/types\/product"}],"replies":[{"embeddable":true,"href":"https:\/\/halleffectkeyboard.com\/fr\/wp-json\/wp\/v2\/comments?post=4277"}],"version-history":[{"count":3,"href":"https:\/\/halleffectkeyboard.com\/fr\/wp-json\/wp\/v2\/product\/4277\/revisions"}],"predecessor-version":[{"id":4302,"href":"https:\/\/halleffectkeyboard.com\/fr\/wp-json\/wp\/v2\/product\/4277\/revisions\/4302"}],"wp:featuredmedia":[{"embeddable":true,"href":"https:\/\/halleffectkeyboard.com\/fr\/wp-json\/wp\/v2\/media\/4286"}],"wp:attachment":[{"href":"https:\/\/halleffectkeyboard.com\/fr\/wp-json\/wp\/v2\/media?parent=4277"}],"wp:term":[{"taxonomy":"product_brand","embeddable":true,"href":"https:\/\/halleffectkeyboard.com\/fr\/wp-json\/wp\/v2\/product_brand?post=4277"},{"taxonomy":"product_cat","embeddable":true,"href":"https:\/\/halleffectkeyboard.com\/fr\/wp-json\/wp\/v2\/product_cat?post=4277"},{"taxonomy":"product_tag","embeddable":true,"href":"https:\/\/halleffectkeyboard.com\/fr\/wp-json\/wp\/v2\/product_tag?post=4277"}],"curies":[{"name":"wp","href":"https:\/\/api.w.org\/{rel}","templated":true}]}}