{"id":4192,"date":"2026-04-16T16:53:16","date_gmt":"2026-04-16T08:53:16","guid":{"rendered":"https:\/\/halleffectkeyboard.com\/"},"modified":"2026-04-16T18:04:12","modified_gmt":"2026-04-16T10:04:12","slug":"touches-de-clavier-mignonnes-inspirees-des-animaux-fantastiques","status":"publish","type":"product","link":"https:\/\/halleffectkeyboard.com\/fr\/product\/touches-de-clavier-mignonnes-inspirees-des-animaux-fantastiques\/","title":{"rendered":"Touches de clavier mignonnes inspir\u00e9es des Animaux Fantastiques"},"content":{"rendered":"<h1>Touches de clavier Fantastic Beasts Cute Keycaps \u2013 Ensemble de touches PBT personnalis\u00e9es de qualit\u00e9 sup\u00e9rieure<\/h1>\n<p>Apportez une touche de magie \u00e0 votre espace de travail avec notre <strong>Touches de clavier mignonnes inspir\u00e9es des Animaux Fantastiques<\/strong>. Que vous soyez un passionn\u00e9 de frappe ou un joueur inv\u00e9t\u00e9r\u00e9, ces touches personnalis\u00e9es offrent un parfait \u00e9quilibre entre esth\u00e9tique et durabilit\u00e9. Si vous recherchez l&#039;am\u00e9lioration ultime pour personnaliser votre espace de travail, ce kit complet vous offre une sensation haut de gamme et une exp\u00e9rience visuelle \u00e9poustouflante.<\/p>\n<h2>Caract\u00e9ristiques principales des touches mignonnes Fantastic Beasts<\/h2>\n<ul>\n<li><strong>Mat\u00e9riau \u00e9pais de qualit\u00e9 sup\u00e9rieure :<\/strong> Fabriqu\u00e9s en PBT de haute qualit\u00e9 de 1,7 mm d&#039;\u00e9paisseur, ces <strong>Touches de clavier mignonnes inspir\u00e9es des Animaux Fantastiques<\/strong>\u00a0Offrant une frappe agr\u00e9able et pr\u00e9cise, ainsi qu&#039;un son plus profond, ce clavier est fabriqu\u00e9 dans un mat\u00e9riau durable et tr\u00e8s r\u00e9sistant aux frottements, \u00e9vitant ainsi l&#039;apparition de traces grasses, fr\u00e9quentes sur les touches standard.<\/li>\n<li><strong>Sublimation thermique avanc\u00e9e sur 5 faces\u00a0:<\/strong>\u00a0Les motifs complexes sont appliqu\u00e9s gr\u00e2ce \u00e0 un proc\u00e9d\u00e9 de sublimation thermique m\u00e9ticuleux sur 5 faces. Ainsi, les couleurs \u00e9clatantes et les inscriptions sur vos touches sont incrust\u00e9es en profondeur dans le plastique et ne s&#039;effaceront jamais.<\/li>\n<li><strong>Profils de frappe polyvalents\u00a0:<\/strong>\u00a0Personnalisez votre exp\u00e9rience de frappe en choisissant entre le profil Cherry classique et ergonomique ou le profil MOA tendance, uniforme et arrondi.\u00a0<strong>touches mignonnes<\/strong>.<\/li>\n<li><strong>Disposition massive \u00e0 152 touches\u00a0:<\/strong>\u00a0Contrairement aux kits de base, ce jeu de touches haut de gamme contient 152 touches soigneusement rang\u00e9es dans une bo\u00eete. Il offre une polyvalence incroyable et de nombreuses touches originales pour personnaliser enti\u00e8rement votre clavier.<\/li>\n<li><strong>Toile solide et audacieuse :<\/strong>\u00a0Pour pr\u00e9server la haute r\u00e9solution et l&#039;\u00e9clat des couleurs, ces touches sont pleines et non transparentes. On obtient ainsi une surface lisse et uniforme qui met parfaitement en valeur ces motifs exceptionnels.<\/li>\n<\/ul>\n<h2>Compatibilit\u00e9 in\u00e9gal\u00e9e<\/h2>\n<p>Trouver le clavier id\u00e9al pour vos mises \u00e0 niveau n&#039;a jamais \u00e9t\u00e9 aussi simple. Con\u00e7u pour une grande adaptabilit\u00e9, ce clavier \u00e0 152 touches <strong>Touches de clavier mignonnes inspir\u00e9es des Animaux Fantastiques<\/strong> Ce kit s&#039;adapte facilement \u00e0 une large gamme de claviers m\u00e9caniques. Il est enti\u00e8rement compatible avec les configurations \u00e0 61, 64, 68, 75, 84, 87, 96, 980, 100 et 104 touches, ce qui permet de moderniser sans effort la quasi-totalit\u00e9 des claviers m\u00e9caniques standard ou personnalis\u00e9s du march\u00e9.<\/p>\n<h2>Sp\u00e9cifications du produit<\/h2>\n<ul>\n<li><strong>Nom du produit :<\/strong>\u00a0Touches de clavier mignonnes inspir\u00e9es des Animaux Fantastiques<\/li>\n<li><strong>Nombre de cl\u00e9s\u00a0:<\/strong>\u00a0152 cl\u00e9s<\/li>\n<li><strong>Profil:<\/strong>\u00a0Profil de cerise \/ Profil MOA<\/li>\n<li><strong>Mat\u00e9riel:<\/strong>\u00a0PBT (mat\u00e9riau d&#039;\u00e9paisseur 1,6 \u2013 1,7 mm)<\/li>\n<li><strong>M\u00e9thode d&#039;impression\u00a0:<\/strong>\u00a0Impression par sublimation thermique sur 5 faces<\/li>\n<li><strong>Translucide\/R\u00e9tro\u00e9clair\u00e9 :<\/strong>\u00a0Non (Toile unie)<\/li>\n<li><strong>Conditionnement:<\/strong>\u00a0En bo\u00eete<\/li>\n<li><strong>Compatibilit\u00e9 de la mise en page\u00a0:<\/strong>\u00a061 \/ 64 \/ 68 \/ 75 \/ 84 \/ 87 \/ 96 \/ 980 \/ 100 \/ 104 et plus.<\/li>\n<\/ul>\n<p><img loading=\"lazy\" decoding=\"async\" class=\"alignnone size-full wp-image-4206\" src=\"https:\/\/halleffectkeyboard.com\/wp-content\/uploads\/2026\/04\/05.jpg\" alt=\"Touches de clavier mignonnes inspir\u00e9es des Animaux Fantastiques\" width=\"2000\" height=\"2000\" srcset=\"https:\/\/halleffectkeyboard.com\/wp-content\/uploads\/2026\/04\/05.jpg 2000w, https:\/\/halleffectkeyboard.com\/wp-content\/uploads\/2026\/04\/05-300x300.jpg 300w, https:\/\/halleffectkeyboard.com\/wp-content\/uploads\/2026\/04\/05-1024x1024.jpg 1024w, https:\/\/halleffectkeyboard.com\/wp-content\/uploads\/2026\/04\/05-150x150.jpg 150w, https:\/\/halleffectkeyboard.com\/wp-content\/uploads\/2026\/04\/05-768x768.jpg 768w, https:\/\/halleffectkeyboard.com\/wp-content\/uploads\/2026\/04\/05-1536x1536.jpg 1536w, https:\/\/halleffectkeyboard.com\/wp-content\/uploads\/2026\/04\/05-12x12.jpg 12w, https:\/\/halleffectkeyboard.com\/wp-content\/uploads\/2026\/04\/05-1200x1200.jpg 1200w, https:\/\/halleffectkeyboard.com\/wp-content\/uploads\/2026\/04\/05-100x100.jpg 100w, https:\/\/halleffectkeyboard.com\/wp-content\/uploads\/2026\/04\/05-50x50.jpg 50w\" sizes=\"auto, (max-width: 2000px) 100vw, 2000px\" \/> <img loading=\"lazy\" decoding=\"async\" class=\"alignnone size-full wp-image-4207\" src=\"https:\/\/halleffectkeyboard.com\/wp-content\/uploads\/2026\/04\/07-2.jpg\" alt=\"Touches de clavier mignonnes inspir\u00e9es des Animaux Fantastiques\" width=\"2000\" height=\"2000\" srcset=\"https:\/\/halleffectkeyboard.com\/wp-content\/uploads\/2026\/04\/07-2.jpg 2000w, https:\/\/halleffectkeyboard.com\/wp-content\/uploads\/2026\/04\/07-2-300x300.jpg 300w, https:\/\/halleffectkeyboard.com\/wp-content\/uploads\/2026\/04\/07-2-1024x1024.jpg 1024w, https:\/\/halleffectkeyboard.com\/wp-content\/uploads\/2026\/04\/07-2-150x150.jpg 150w, https:\/\/halleffectkeyboard.com\/wp-content\/uploads\/2026\/04\/07-2-768x768.jpg 768w, https:\/\/halleffectkeyboard.com\/wp-content\/uploads\/2026\/04\/07-2-1536x1536.jpg 1536w, https:\/\/halleffectkeyboard.com\/wp-content\/uploads\/2026\/04\/07-2-12x12.jpg 12w, https:\/\/halleffectkeyboard.com\/wp-content\/uploads\/2026\/04\/07-2-1200x1200.jpg 1200w, https:\/\/halleffectkeyboard.com\/wp-content\/uploads\/2026\/04\/07-2-100x100.jpg 100w, https:\/\/halleffectkeyboard.com\/wp-content\/uploads\/2026\/04\/07-2-50x50.jpg 50w\" sizes=\"auto, (max-width: 2000px) 100vw, 2000px\" \/> <img loading=\"lazy\" decoding=\"async\" class=\"alignnone size-full wp-image-4208\" src=\"https:\/\/halleffectkeyboard.com\/wp-content\/uploads\/2026\/04\/08-3.jpg\" alt=\"Touches de clavier mignonnes inspir\u00e9es des Animaux Fantastiques\" width=\"2000\" height=\"2000\" srcset=\"https:\/\/halleffectkeyboard.com\/wp-content\/uploads\/2026\/04\/08-3.jpg 2000w, https:\/\/halleffectkeyboard.com\/wp-content\/uploads\/2026\/04\/08-3-300x300.jpg 300w, https:\/\/halleffectkeyboard.com\/wp-content\/uploads\/2026\/04\/08-3-1024x1024.jpg 1024w, https:\/\/halleffectkeyboard.com\/wp-content\/uploads\/2026\/04\/08-3-150x150.jpg 150w, https:\/\/halleffectkeyboard.com\/wp-content\/uploads\/2026\/04\/08-3-768x768.jpg 768w, https:\/\/halleffectkeyboard.com\/wp-content\/uploads\/2026\/04\/08-3-1536x1536.jpg 1536w, https:\/\/halleffectkeyboard.com\/wp-content\/uploads\/2026\/04\/08-3-12x12.jpg 12w, https:\/\/halleffectkeyboard.com\/wp-content\/uploads\/2026\/04\/08-3-1200x1200.jpg 1200w, https:\/\/halleffectkeyboard.com\/wp-content\/uploads\/2026\/04\/08-3-100x100.jpg 100w, https:\/\/halleffectkeyboard.com\/wp-content\/uploads\/2026\/04\/08-3-50x50.jpg 50w\" sizes=\"auto, (max-width: 2000px) 100vw, 2000px\" \/> <img loading=\"lazy\" decoding=\"async\" class=\"alignnone size-full wp-image-4215\" src=\"https:\/\/halleffectkeyboard.com\/wp-content\/uploads\/2026\/04\/18-1.jpg\" alt=\"Touches de clavier mignonnes inspir\u00e9es des Animaux Fantastiques\" width=\"1200\" height=\"1200\" srcset=\"https:\/\/halleffectkeyboard.com\/wp-content\/uploads\/2026\/04\/18-1.jpg 1200w, https:\/\/halleffectkeyboard.com\/wp-content\/uploads\/2026\/04\/18-1-300x300.jpg 300w, https:\/\/halleffectkeyboard.com\/wp-content\/uploads\/2026\/04\/18-1-1024x1024.jpg 1024w, https:\/\/halleffectkeyboard.com\/wp-content\/uploads\/2026\/04\/18-1-150x150.jpg 150w, https:\/\/halleffectkeyboard.com\/wp-content\/uploads\/2026\/04\/18-1-768x768.jpg 768w, https:\/\/halleffectkeyboard.com\/wp-content\/uploads\/2026\/04\/18-1-12x12.jpg 12w, https:\/\/halleffectkeyboard.com\/wp-content\/uploads\/2026\/04\/18-1-100x100.jpg 100w, https:\/\/halleffectkeyboard.com\/wp-content\/uploads\/2026\/04\/18-1-50x50.jpg 50w\" sizes=\"auto, (max-width: 1200px) 100vw, 1200px\" \/> <img loading=\"lazy\" decoding=\"async\" class=\"alignnone size-full wp-image-4209\" src=\"https:\/\/halleffectkeyboard.com\/wp-content\/uploads\/2026\/04\/11-3.jpg\" alt=\"Touches de clavier mignonnes inspir\u00e9es des Animaux Fantastiques\" width=\"2000\" height=\"2000\" srcset=\"https:\/\/halleffectkeyboard.com\/wp-content\/uploads\/2026\/04\/11-3.jpg 2000w, https:\/\/halleffectkeyboard.com\/wp-content\/uploads\/2026\/04\/11-3-300x300.jpg 300w, https:\/\/halleffectkeyboard.com\/wp-content\/uploads\/2026\/04\/11-3-1024x1024.jpg 1024w, https:\/\/halleffectkeyboard.com\/wp-content\/uploads\/2026\/04\/11-3-150x150.jpg 150w, https:\/\/halleffectkeyboard.com\/wp-content\/uploads\/2026\/04\/11-3-768x768.jpg 768w, https:\/\/halleffectkeyboard.com\/wp-content\/uploads\/2026\/04\/11-3-1536x1536.jpg 1536w, https:\/\/halleffectkeyboard.com\/wp-content\/uploads\/2026\/04\/11-3-12x12.jpg 12w, https:\/\/halleffectkeyboard.com\/wp-content\/uploads\/2026\/04\/11-3-1200x1200.jpg 1200w, https:\/\/halleffectkeyboard.com\/wp-content\/uploads\/2026\/04\/11-3-100x100.jpg 100w, https:\/\/halleffectkeyboard.com\/wp-content\/uploads\/2026\/04\/11-3-50x50.jpg 50w\" sizes=\"auto, (max-width: 2000px) 100vw, 2000px\" \/> <img loading=\"lazy\" decoding=\"async\" class=\"alignnone size-full wp-image-4210\" src=\"https:\/\/halleffectkeyboard.com\/wp-content\/uploads\/2026\/04\/12-2.jpg\" alt=\"Touches de clavier mignonnes inspir\u00e9es des Animaux Fantastiques\" width=\"2000\" height=\"2000\" srcset=\"https:\/\/halleffectkeyboard.com\/wp-content\/uploads\/2026\/04\/12-2.jpg 2000w, https:\/\/halleffectkeyboard.com\/wp-content\/uploads\/2026\/04\/12-2-300x300.jpg 300w, https:\/\/halleffectkeyboard.com\/wp-content\/uploads\/2026\/04\/12-2-1024x1024.jpg 1024w, https:\/\/halleffectkeyboard.com\/wp-content\/uploads\/2026\/04\/12-2-150x150.jpg 150w, https:\/\/halleffectkeyboard.com\/wp-content\/uploads\/2026\/04\/12-2-768x768.jpg 768w, https:\/\/halleffectkeyboard.com\/wp-content\/uploads\/2026\/04\/12-2-1536x1536.jpg 1536w, https:\/\/halleffectkeyboard.com\/wp-content\/uploads\/2026\/04\/12-2-12x12.jpg 12w, https:\/\/halleffectkeyboard.com\/wp-content\/uploads\/2026\/04\/12-2-1200x1200.jpg 1200w, https:\/\/halleffectkeyboard.com\/wp-content\/uploads\/2026\/04\/12-2-100x100.jpg 100w, https:\/\/halleffectkeyboard.com\/wp-content\/uploads\/2026\/04\/12-2-50x50.jpg 50w\" sizes=\"auto, (max-width: 2000px) 100vw, 2000px\" \/> <img loading=\"lazy\" decoding=\"async\" class=\"alignnone size-full wp-image-4211\" src=\"https:\/\/halleffectkeyboard.com\/wp-content\/uploads\/2026\/04\/13-2.jpg\" alt=\"Touches de clavier mignonnes inspir\u00e9es des Animaux Fantastiques\" width=\"2000\" height=\"2000\" srcset=\"https:\/\/halleffectkeyboard.com\/wp-content\/uploads\/2026\/04\/13-2.jpg 2000w, https:\/\/halleffectkeyboard.com\/wp-content\/uploads\/2026\/04\/13-2-300x300.jpg 300w, https:\/\/halleffectkeyboard.com\/wp-content\/uploads\/2026\/04\/13-2-1024x1024.jpg 1024w, https:\/\/halleffectkeyboard.com\/wp-content\/uploads\/2026\/04\/13-2-150x150.jpg 150w, https:\/\/halleffectkeyboard.com\/wp-content\/uploads\/2026\/04\/13-2-768x768.jpg 768w, https:\/\/halleffectkeyboard.com\/wp-content\/uploads\/2026\/04\/13-2-1536x1536.jpg 1536w, https:\/\/halleffectkeyboard.com\/wp-content\/uploads\/2026\/04\/13-2-12x12.jpg 12w, https:\/\/halleffectkeyboard.com\/wp-content\/uploads\/2026\/04\/13-2-1200x1200.jpg 1200w, https:\/\/halleffectkeyboard.com\/wp-content\/uploads\/2026\/04\/13-2-100x100.jpg 100w, https:\/\/halleffectkeyboard.com\/wp-content\/uploads\/2026\/04\/13-2-50x50.jpg 50w\" sizes=\"auto, (max-width: 2000px) 100vw, 2000px\" \/> <img loading=\"lazy\" decoding=\"async\" class=\"alignnone size-full wp-image-4213\" src=\"https:\/\/halleffectkeyboard.com\/wp-content\/uploads\/2026\/04\/16-4.jpg\" alt=\"Touches de clavier mignonnes inspir\u00e9es des Animaux Fantastiques\" width=\"1200\" height=\"1200\" srcset=\"https:\/\/halleffectkeyboard.com\/wp-content\/uploads\/2026\/04\/16-4.jpg 1200w, https:\/\/halleffectkeyboard.com\/wp-content\/uploads\/2026\/04\/16-4-300x300.jpg 300w, https:\/\/halleffectkeyboard.com\/wp-content\/uploads\/2026\/04\/16-4-1024x1024.jpg 1024w, https:\/\/halleffectkeyboard.com\/wp-content\/uploads\/2026\/04\/16-4-150x150.jpg 150w, https:\/\/halleffectkeyboard.com\/wp-content\/uploads\/2026\/04\/16-4-768x768.jpg 768w, https:\/\/halleffectkeyboard.com\/wp-content\/uploads\/2026\/04\/16-4-12x12.jpg 12w, https:\/\/halleffectkeyboard.com\/wp-content\/uploads\/2026\/04\/16-4-100x100.jpg 100w, https:\/\/halleffectkeyboard.com\/wp-content\/uploads\/2026\/04\/16-4-50x50.jpg 50w\" sizes=\"auto, (max-width: 1200px) 100vw, 1200px\" \/> <img loading=\"lazy\" decoding=\"async\" class=\"alignnone size-full wp-image-4212\" src=\"https:\/\/halleffectkeyboard.com\/wp-content\/uploads\/2026\/04\/15-3.jpg\" alt=\"Touches de clavier mignonnes inspir\u00e9es des Animaux Fantastiques\" width=\"1200\" height=\"1200\" srcset=\"https:\/\/halleffectkeyboard.com\/wp-content\/uploads\/2026\/04\/15-3.jpg 1200w, https:\/\/halleffectkeyboard.com\/wp-content\/uploads\/2026\/04\/15-3-300x300.jpg 300w, https:\/\/halleffectkeyboard.com\/wp-content\/uploads\/2026\/04\/15-3-1024x1024.jpg 1024w, https:\/\/halleffectkeyboard.com\/wp-content\/uploads\/2026\/04\/15-3-150x150.jpg 150w, https:\/\/halleffectkeyboard.com\/wp-content\/uploads\/2026\/04\/15-3-768x768.jpg 768w, https:\/\/halleffectkeyboard.com\/wp-content\/uploads\/2026\/04\/15-3-12x12.jpg 12w, https:\/\/halleffectkeyboard.com\/wp-content\/uploads\/2026\/04\/15-3-100x100.jpg 100w, https:\/\/halleffectkeyboard.com\/wp-content\/uploads\/2026\/04\/15-3-50x50.jpg 50w\" sizes=\"auto, (max-width: 1200px) 100vw, 1200px\" \/> <img loading=\"lazy\" decoding=\"async\" class=\"alignnone size-full wp-image-4214\" src=\"https:\/\/halleffectkeyboard.com\/wp-content\/uploads\/2026\/04\/17-2.jpg\" alt=\"Touches de clavier mignonnes inspir\u00e9es des Animaux Fantastiques\" width=\"1200\" height=\"1200\" srcset=\"https:\/\/halleffectkeyboard.com\/wp-content\/uploads\/2026\/04\/17-2.jpg 1200w, https:\/\/halleffectkeyboard.com\/wp-content\/uploads\/2026\/04\/17-2-300x300.jpg 300w, https:\/\/halleffectkeyboard.com\/wp-content\/uploads\/2026\/04\/17-2-1024x1024.jpg 1024w, https:\/\/halleffectkeyboard.com\/wp-content\/uploads\/2026\/04\/17-2-150x150.jpg 150w, https:\/\/halleffectkeyboard.com\/wp-content\/uploads\/2026\/04\/17-2-768x768.jpg 768w, https:\/\/halleffectkeyboard.com\/wp-content\/uploads\/2026\/04\/17-2-12x12.jpg 12w, https:\/\/halleffectkeyboard.com\/wp-content\/uploads\/2026\/04\/17-2-100x100.jpg 100w, https:\/\/halleffectkeyboard.com\/wp-content\/uploads\/2026\/04\/17-2-50x50.jpg 50w\" sizes=\"auto, (max-width: 1200px) 100vw, 1200px\" \/><\/p>\n<p>&nbsp;<\/p>","protected":false},"excerpt":{"rendered":"<p>Apportez de la magie \u00e0 votre bureau avec le <strong>Touches de clavier mignonnes inspir\u00e9es des Animaux Fantastiques<\/strong>. Con\u00e7u pour les passionn\u00e9s de dactylographie et les joueurs, cet ensemble allie durabilit\u00e9 et esth\u00e9tique remarquable.<\/p>\n<ul>\n<li><strong>Mat\u00e9riau de qualit\u00e9 sup\u00e9rieure :<\/strong> Clavier en PBT de 1,7 mm d&#039;\u00e9paisseur pour une exp\u00e9rience de frappe solide et sans brillance.<\/li>\n<li><strong>\u0152uvres d&#039;art \u00e9clatantes :<\/strong>\u00a0Impression par sublimation thermique sur 5 faces, r\u00e9sistante \u00e0 la d\u00e9coloration.<\/li>\n<li><strong>Profils personnalis\u00e9s\u00a0:<\/strong>\u00a0Choisissez entre les profils ergonomiques Cherry ou arrondis MOA.<\/li>\n<li><strong>Taille universelle :<\/strong>\u00a0Disposition \u00e0 152 touches, compatible avec les claviers m\u00e9caniques de 61 \u00e0 104 touches.<\/li>\n<\/ul>","protected":false},"featured_media":4200,"comment_status":"open","ping_status":"closed","template":"","meta":[],"product_brand":[191],"product_cat":[134],"product_tag":[369,371,136,170],"class_list":{"0":"post-4192","1":"product","2":"type-product","3":"status-publish","4":"has-post-thumbnail","6":"product_brand-hek","7":"product_cat-keycaps","8":"product_tag-custom-keycaps","9":"product_tag-cute-keycaps","10":"product_tag-keycaps","11":"product_tag-pbt-keycaps","13":"first","14":"instock","15":"taxable","16":"shipping-taxable","17":"purchasable","18":"product-type-variable","19":"wvs-archive-product-wrapper"},"aioseo_notices":[],"ct_brands":[{"id":191,"name":"HEK","slug":"hek"}],"jetpack_sharing_enabled":true,"_links":{"self":[{"href":"https:\/\/halleffectkeyboard.com\/fr\/wp-json\/wp\/v2\/product\/4192","targetHints":{"allow":["GET"]}}],"collection":[{"href":"https:\/\/halleffectkeyboard.com\/fr\/wp-json\/wp\/v2\/product"}],"about":[{"href":"https:\/\/halleffectkeyboard.com\/fr\/wp-json\/wp\/v2\/types\/product"}],"replies":[{"embeddable":true,"href":"https:\/\/halleffectkeyboard.com\/fr\/wp-json\/wp\/v2\/comments?post=4192"}],"version-history":[{"count":6,"href":"https:\/\/halleffectkeyboard.com\/fr\/wp-json\/wp\/v2\/product\/4192\/revisions"}],"predecessor-version":[{"id":4219,"href":"https:\/\/halleffectkeyboard.com\/fr\/wp-json\/wp\/v2\/product\/4192\/revisions\/4219"}],"wp:featuredmedia":[{"embeddable":true,"href":"https:\/\/halleffectkeyboard.com\/fr\/wp-json\/wp\/v2\/media\/4200"}],"wp:attachment":[{"href":"https:\/\/halleffectkeyboard.com\/fr\/wp-json\/wp\/v2\/media?parent=4192"}],"wp:term":[{"taxonomy":"product_brand","embeddable":true,"href":"https:\/\/halleffectkeyboard.com\/fr\/wp-json\/wp\/v2\/product_brand?post=4192"},{"taxonomy":"product_cat","embeddable":true,"href":"https:\/\/halleffectkeyboard.com\/fr\/wp-json\/wp\/v2\/product_cat?post=4192"},{"taxonomy":"product_tag","embeddable":true,"href":"https:\/\/halleffectkeyboard.com\/fr\/wp-json\/wp\/v2\/product_tag?post=4192"}],"curies":[{"name":"wp","href":"https:\/\/api.w.org\/{rel}","templated":true}]}}