{"id":3690,"date":"2026-03-11T16:25:51","date_gmt":"2026-03-11T08:25:51","guid":{"rendered":"https:\/\/halleffectkeyboard.com\/?post_type=product&#038;p=3690"},"modified":"2026-03-16T17:47:30","modified_gmt":"2026-03-16T09:47:30","slug":"interrupteurs-a-effet-hall-gravastar-ufo","status":"publish","type":"product","link":"https:\/\/halleffectkeyboard.com\/fr\/product\/interrupteurs-a-effet-hall-gravastar-ufo\/","title":{"rendered":"Interrupteurs \u00e0 effet Hall GravaStar UFO"},"content":{"rendered":"<h1>Interrupteurs \u00e0 effet Hall GravaStar UFO\u00a0: la pr\u00e9cision nouvelle g\u00e9n\u00e9ration pour votre clavier<\/h1>\n<p>Am\u00e9liorez votre exp\u00e9rience de jeu et de frappe gr\u00e2ce \u00e0 la r\u00e9volutionnaire <strong>Interrupteurs \u00e0 effet Hall GravaStar UFO<\/strong>. Con\u00e7us selon la philosophie \u201c\u00a0Squelette pour la forme, Magn\u00e9tique pour le noyau\u00a0\u2018, ces interrupteurs s&#039;affranchissent des conceptions conventionnelles pour offrir une vitesse et une durabilit\u00e9 sans pr\u00e9c\u00e9dent, ainsi qu&#039;une esth\u00e9tique de science-fiction audacieuse inspir\u00e9e des mechas.<\/p>\n<p>Con\u00e7us parfaitement pour les claviers \u00e0 effet Hall compatibles, ces <strong>Interrupteurs \u00e0 effet Hall<\/strong> D\u00e9bloquez une pr\u00e9cision microm\u00e9trique et des temps de r\u00e9ponse ultra-rapides pour les FPS, les MOBA, les MMORPG et les simulateurs de course.<\/p>\n<h2>Caract\u00e9ristiques principales et performances<\/h2>\n<ul>\n<li><strong>Contr\u00f4le de pr\u00e9cision au niveau microm\u00e9trique\u00a0:<\/strong>\u00a0Dot\u00e9s d&#039;aimants de terres rares N52H de haute qualit\u00e9 et d&#039;une densit\u00e9 de flux magn\u00e9tique de 600 GS, ces interrupteurs garantissent une absence totale de d\u00e9gradation des contacts. Profitez d&#039;une pr\u00e9cision de d\u00e9clenchement rapide (RT) r\u00e9glable par incr\u00e9ments de 0,005 mm \u00e0 0,001 mm, pour une r\u00e9activit\u00e9 instantan\u00e9e \u00e0 vos micromouvements.<\/li>\n<li><strong>Architecture squelettique innovante \u00e0 360\u00b0 :<\/strong>\u00a0Sa structure circulaire unique \u00e0 double rail \u00e9limine les mat\u00e9riaux superflus. Ceci optimise la r\u00e9partition de la force, am\u00e9liore la dissipation de la chaleur et offre une brillance RGB \u00e9clatante et sans obstruction.<\/li>\n<li><strong>Sensation lin\u00e9aire ultra-douce\u00a0:<\/strong>\u00a0Dot\u00e9s d&#039;un ressort allong\u00e9 de 23 mm (activation initiale de 40 gf), ces commutateurs offrent une frappe lin\u00e9aire douce, confortable et stable, pratiquement sans jeu au niveau de la tige.<\/li>\n<li><strong>Signature acoustique haut de gamme :<\/strong>\u00a0L&#039;axe mural en forme de croix en POM pr\u00e9sente une conception \u00e0 fond ouvert pr\u00e9coce, combin\u00e9e \u00e0 une chambre acoustique scell\u00e9e en bas et \u00e0 un bo\u00eetier inf\u00e9rieur en PA66, pour produire un profil sonore concentr\u00e9 et profond de type \u201c tuile de mahjong HIFI \u201d.<\/li>\n<li><strong>Actionnement personnalisable\u00a0:<\/strong>\u00a0Exploitez pleinement les capacit\u00e9s de votre clavier \u00e0 effet Hall gr\u00e2ce \u00e0 une plage de course d&#039;activation personnalisable de 0 \u00e0 3,5 mm, s&#039;adaptant instantan\u00e9ment \u00e0 votre style de jeu ou de frappe pr\u00e9f\u00e9r\u00e9.<\/li>\n<\/ul>\n<h2>Sp\u00e9cifications techniques<\/h2>\n<ul>\n<li><strong>Type de commutateur\u00a0:<\/strong>\u00a0Interrupteur magn\u00e9tique lin\u00e9aire<\/li>\n<li><strong>Dur\u00e9e de vie:<\/strong>\u00a0Plus de 100 millions de cycles<\/li>\n<li><strong>Force d&#039;actionnement initiale :<\/strong>\u00a040\u00b110 gf<\/li>\n<li><strong>Force de fin de course :<\/strong>\u00a050\u00b110 gf<\/li>\n<li><strong>Course d&#039;actionnement\u00a0:<\/strong>\u00a00 \u2013 3,5 mm (Personnalisable)<\/li>\n<li><strong>D\u00e9placements totaux :<\/strong>\u00a03,50 \u00b1 0,2 mm<\/li>\n<li><strong>Longueur du ressort :<\/strong>\u00a023 mm<\/li>\n<li><strong>Mat\u00e9riau de la tige :<\/strong>\u00a0POM (Conception de tige de type mural)<\/li>\n<li><strong>Logements de premier ordre :<\/strong>\u00a0PC (Finition brillante)<\/li>\n<li><strong>Bo\u00eetier inf\u00e9rieur :<\/strong>\u00a0PA66 (Haute r\u00e9sistance \u00e0 la traction)<\/li>\n<li><strong>Guide lumineux :<\/strong>\u00a0Colonne de guide de lumi\u00e8re ind\u00e9pendante givr\u00e9e en polycarbonate<\/li>\n<\/ul>\n<h2>Avis important concernant la compatibilit\u00e9 et l&#039;installation<\/h2>\n<p>Pour garantir des performances optimales de votre clavier \u00e0 effet Hall, veuillez prendre en compte les consignes d&#039;installation suivantes\u00a0:<\/p>\n<ul>\n<li><strong>Outil d\u00e9di\u00e9 requis\u00a0:<\/strong>\u00a0Gr\u00e2ce \u00e0 leur structure squelettique unique,\u00a0<strong>Interrupteurs \u00e0 effet Hall GravaStar UFO<\/strong>\u00a0n\u00e9cessite un extracteur d&#039;interrupteur d\u00e9di\u00e9 pour une installation et un retrait en toute s\u00e9curit\u00e9 (inclus).<\/li>\n<li><strong>Compatibilit\u00e9 du stabilisateur\u00a0:<\/strong>\u00a0Lorsqu&#039;il est utilis\u00e9 avec des stabilisateurs sur certains types de plaques, il peut exister un l\u00e9ger risque de d\u00e9tachement (bien que cela n&#039;affecte pas la fonctionnalit\u00e9).<\/li>\n<li><strong>V\u00e9rification pr\u00e9alable \u00e0 l&#039;installation\u00a0:<\/strong>\u00a0Pour les touches stabilis\u00e9es (barre d&#039;espace, Maj, Entr\u00e9e, etc.), nous vous recommandons vivement de v\u00e9rifier la compatibilit\u00e9 de la plaque de votre clavier avant l&#039;installation afin de garantir les meilleures performances possibles.<\/li>\n<\/ul>\n<hr \/>\n<p><strong>Pr\u00eat \u00e0 r\u00e9volutionner votre configuration ?<\/strong> \u00c9quipez votre clavier de <strong>Interrupteurs \u00e0 effet Hall GravaStar UFO<\/strong> D\u00e9couvrez d\u00e8s aujourd&#039;hui le m\u00e9lange ultime de design de science-fiction et de performances magn\u00e9tiques exceptionnelles.<\/p>\n<p><img loading=\"lazy\" decoding=\"async\" class=\"alignnone size-full wp-image-3723\" src=\"https:\/\/halleffectkeyboard.com\/wp-content\/uploads\/2026\/03\/Hall-Effect-Switches-scaled.jpg\" alt=\"Interrupteurs \u00e0 effet Hall magn\u00e9tiques GravaStar UFO\" width=\"2560\" height=\"1440\" srcset=\"https:\/\/halleffectkeyboard.com\/wp-content\/uploads\/2026\/03\/Hall-Effect-Switches-scaled.jpg 2560w, https:\/\/halleffectkeyboard.com\/wp-content\/uploads\/2026\/03\/Hall-Effect-Switches-300x169.jpg 300w, https:\/\/halleffectkeyboard.com\/wp-content\/uploads\/2026\/03\/Hall-Effect-Switches-1024x576.jpg 1024w, https:\/\/halleffectkeyboard.com\/wp-content\/uploads\/2026\/03\/Hall-Effect-Switches-768x432.jpg 768w, https:\/\/halleffectkeyboard.com\/wp-content\/uploads\/2026\/03\/Hall-Effect-Switches-1536x864.jpg 1536w, https:\/\/halleffectkeyboard.com\/wp-content\/uploads\/2026\/03\/Hall-Effect-Switches-2048x1152.jpg 2048w, https:\/\/halleffectkeyboard.com\/wp-content\/uploads\/2026\/03\/Hall-Effect-Switches-18x10.jpg 18w, https:\/\/halleffectkeyboard.com\/wp-content\/uploads\/2026\/03\/Hall-Effect-Switches-1200x675.jpg 1200w\" sizes=\"auto, (max-width: 2560px) 100vw, 2560px\" \/><img loading=\"lazy\" decoding=\"async\" class=\"alignnone size-full wp-image-3724\" src=\"https:\/\/halleffectkeyboard.com\/wp-content\/uploads\/2026\/03\/Hall-Effect-Switches-2-scaled.jpg\" alt=\"Interrupteurs \u00e0 effet Hall magn\u00e9tiques GravaStar UFO\" width=\"2560\" height=\"1440\" srcset=\"https:\/\/halleffectkeyboard.com\/wp-content\/uploads\/2026\/03\/Hall-Effect-Switches-2-scaled.jpg 2560w, https:\/\/halleffectkeyboard.com\/wp-content\/uploads\/2026\/03\/Hall-Effect-Switches-2-300x169.jpg 300w, https:\/\/halleffectkeyboard.com\/wp-content\/uploads\/2026\/03\/Hall-Effect-Switches-2-1024x576.jpg 1024w, https:\/\/halleffectkeyboard.com\/wp-content\/uploads\/2026\/03\/Hall-Effect-Switches-2-768x432.jpg 768w, https:\/\/halleffectkeyboard.com\/wp-content\/uploads\/2026\/03\/Hall-Effect-Switches-2-1536x864.jpg 1536w, https:\/\/halleffectkeyboard.com\/wp-content\/uploads\/2026\/03\/Hall-Effect-Switches-2-2048x1152.jpg 2048w, https:\/\/halleffectkeyboard.com\/wp-content\/uploads\/2026\/03\/Hall-Effect-Switches-2-18x10.jpg 18w, https:\/\/halleffectkeyboard.com\/wp-content\/uploads\/2026\/03\/Hall-Effect-Switches-2-1200x675.jpg 1200w\" sizes=\"auto, (max-width: 2560px) 100vw, 2560px\" \/><img loading=\"lazy\" decoding=\"async\" class=\"alignnone size-full wp-image-3725\" src=\"https:\/\/halleffectkeyboard.com\/wp-content\/uploads\/2026\/03\/Hall-Effect-Switches-3-scaled.jpg\" alt=\"Interrupteurs \u00e0 effet Hall magn\u00e9tiques GravaStar UFO\" width=\"2560\" height=\"1440\" srcset=\"https:\/\/halleffectkeyboard.com\/wp-content\/uploads\/2026\/03\/Hall-Effect-Switches-3-scaled.jpg 2560w, https:\/\/halleffectkeyboard.com\/wp-content\/uploads\/2026\/03\/Hall-Effect-Switches-3-300x169.jpg 300w, https:\/\/halleffectkeyboard.com\/wp-content\/uploads\/2026\/03\/Hall-Effect-Switches-3-1024x576.jpg 1024w, https:\/\/halleffectkeyboard.com\/wp-content\/uploads\/2026\/03\/Hall-Effect-Switches-3-768x432.jpg 768w, https:\/\/halleffectkeyboard.com\/wp-content\/uploads\/2026\/03\/Hall-Effect-Switches-3-1536x864.jpg 1536w, https:\/\/halleffectkeyboard.com\/wp-content\/uploads\/2026\/03\/Hall-Effect-Switches-3-2048x1152.jpg 2048w, https:\/\/halleffectkeyboard.com\/wp-content\/uploads\/2026\/03\/Hall-Effect-Switches-3-18x10.jpg 18w, https:\/\/halleffectkeyboard.com\/wp-content\/uploads\/2026\/03\/Hall-Effect-Switches-3-1200x675.jpg 1200w\" sizes=\"auto, (max-width: 2560px) 100vw, 2560px\" \/><img loading=\"lazy\" decoding=\"async\" class=\"alignnone size-full wp-image-3726\" src=\"https:\/\/halleffectkeyboard.com\/wp-content\/uploads\/2026\/03\/Hall-Effect-Switches-4-scaled.jpg\" alt=\"Interrupteurs \u00e0 effet Hall magn\u00e9tiques GravaStar UFO\" width=\"2560\" height=\"1440\" srcset=\"https:\/\/halleffectkeyboard.com\/wp-content\/uploads\/2026\/03\/Hall-Effect-Switches-4-scaled.jpg 2560w, https:\/\/halleffectkeyboard.com\/wp-content\/uploads\/2026\/03\/Hall-Effect-Switches-4-300x169.jpg 300w, https:\/\/halleffectkeyboard.com\/wp-content\/uploads\/2026\/03\/Hall-Effect-Switches-4-1024x576.jpg 1024w, https:\/\/halleffectkeyboard.com\/wp-content\/uploads\/2026\/03\/Hall-Effect-Switches-4-768x432.jpg 768w, https:\/\/halleffectkeyboard.com\/wp-content\/uploads\/2026\/03\/Hall-Effect-Switches-4-1536x864.jpg 1536w, https:\/\/halleffectkeyboard.com\/wp-content\/uploads\/2026\/03\/Hall-Effect-Switches-4-2048x1152.jpg 2048w, https:\/\/halleffectkeyboard.com\/wp-content\/uploads\/2026\/03\/Hall-Effect-Switches-4-18x10.jpg 18w, https:\/\/halleffectkeyboard.com\/wp-content\/uploads\/2026\/03\/Hall-Effect-Switches-4-1200x675.jpg 1200w\" sizes=\"auto, (max-width: 2560px) 100vw, 2560px\" \/><img loading=\"lazy\" decoding=\"async\" class=\"alignnone size-full wp-image-3727\" src=\"https:\/\/halleffectkeyboard.com\/wp-content\/uploads\/2026\/03\/Hall-Effect-Switches-5.jpg\" alt=\"Interrupteurs \u00e0 effet Hall magn\u00e9tiques GravaStar UFO\" width=\"2513\" height=\"1406\" srcset=\"https:\/\/halleffectkeyboard.com\/wp-content\/uploads\/2026\/03\/Hall-Effect-Switches-5.jpg 2513w, https:\/\/halleffectkeyboard.com\/wp-content\/uploads\/2026\/03\/Hall-Effect-Switches-5-300x168.jpg 300w, https:\/\/halleffectkeyboard.com\/wp-content\/uploads\/2026\/03\/Hall-Effect-Switches-5-1024x573.jpg 1024w, https:\/\/halleffectkeyboard.com\/wp-content\/uploads\/2026\/03\/Hall-Effect-Switches-5-768x430.jpg 768w, https:\/\/halleffectkeyboard.com\/wp-content\/uploads\/2026\/03\/Hall-Effect-Switches-5-1536x859.jpg 1536w, https:\/\/halleffectkeyboard.com\/wp-content\/uploads\/2026\/03\/Hall-Effect-Switches-5-2048x1146.jpg 2048w, https:\/\/halleffectkeyboard.com\/wp-content\/uploads\/2026\/03\/Hall-Effect-Switches-5-18x10.jpg 18w, https:\/\/halleffectkeyboard.com\/wp-content\/uploads\/2026\/03\/Hall-Effect-Switches-5-1200x671.jpg 1200w\" sizes=\"auto, (max-width: 2513px) 100vw, 2513px\" \/><img loading=\"lazy\" decoding=\"async\" class=\"alignnone size-full wp-image-3728\" src=\"https:\/\/halleffectkeyboard.com\/wp-content\/uploads\/2026\/03\/Hall-Effect-Switches-6.jpg\" alt=\"Interrupteurs \u00e0 effet Hall magn\u00e9tiques GravaStar UFO\" width=\"2513\" height=\"1406\" srcset=\"https:\/\/halleffectkeyboard.com\/wp-content\/uploads\/2026\/03\/Hall-Effect-Switches-6.jpg 2513w, https:\/\/halleffectkeyboard.com\/wp-content\/uploads\/2026\/03\/Hall-Effect-Switches-6-300x168.jpg 300w, https:\/\/halleffectkeyboard.com\/wp-content\/uploads\/2026\/03\/Hall-Effect-Switches-6-1024x573.jpg 1024w, https:\/\/halleffectkeyboard.com\/wp-content\/uploads\/2026\/03\/Hall-Effect-Switches-6-768x430.jpg 768w, https:\/\/halleffectkeyboard.com\/wp-content\/uploads\/2026\/03\/Hall-Effect-Switches-6-1536x859.jpg 1536w, https:\/\/halleffectkeyboard.com\/wp-content\/uploads\/2026\/03\/Hall-Effect-Switches-6-2048x1146.jpg 2048w, https:\/\/halleffectkeyboard.com\/wp-content\/uploads\/2026\/03\/Hall-Effect-Switches-6-18x10.jpg 18w, https:\/\/halleffectkeyboard.com\/wp-content\/uploads\/2026\/03\/Hall-Effect-Switches-6-1200x671.jpg 1200w\" sizes=\"auto, (max-width: 2513px) 100vw, 2513px\" \/><img loading=\"lazy\" decoding=\"async\" class=\"alignnone size-full wp-image-3729\" src=\"https:\/\/halleffectkeyboard.com\/wp-content\/uploads\/2026\/03\/Hall-Effect-Switches-7.jpg\" alt=\"Interrupteurs \u00e0 effet Hall magn\u00e9tiques GravaStar UFO\" width=\"2513\" height=\"1406\" srcset=\"https:\/\/halleffectkeyboard.com\/wp-content\/uploads\/2026\/03\/Hall-Effect-Switches-7.jpg 2513w, https:\/\/halleffectkeyboard.com\/wp-content\/uploads\/2026\/03\/Hall-Effect-Switches-7-300x168.jpg 300w, https:\/\/halleffectkeyboard.com\/wp-content\/uploads\/2026\/03\/Hall-Effect-Switches-7-1024x573.jpg 1024w, https:\/\/halleffectkeyboard.com\/wp-content\/uploads\/2026\/03\/Hall-Effect-Switches-7-768x430.jpg 768w, https:\/\/halleffectkeyboard.com\/wp-content\/uploads\/2026\/03\/Hall-Effect-Switches-7-1536x859.jpg 1536w, https:\/\/halleffectkeyboard.com\/wp-content\/uploads\/2026\/03\/Hall-Effect-Switches-7-2048x1146.jpg 2048w, https:\/\/halleffectkeyboard.com\/wp-content\/uploads\/2026\/03\/Hall-Effect-Switches-7-18x10.jpg 18w, https:\/\/halleffectkeyboard.com\/wp-content\/uploads\/2026\/03\/Hall-Effect-Switches-7-1200x671.jpg 1200w\" sizes=\"auto, (max-width: 2513px) 100vw, 2513px\" \/><img loading=\"lazy\" decoding=\"async\" class=\"alignnone size-full wp-image-3730\" src=\"https:\/\/halleffectkeyboard.com\/wp-content\/uploads\/2026\/03\/Hall-Effect-Switches-8-scaled.jpg\" alt=\"Interrupteurs \u00e0 effet Hall magn\u00e9tiques GravaStar UFO\" width=\"2560\" height=\"1440\" srcset=\"https:\/\/halleffectkeyboard.com\/wp-content\/uploads\/2026\/03\/Hall-Effect-Switches-8-scaled.jpg 2560w, https:\/\/halleffectkeyboard.com\/wp-content\/uploads\/2026\/03\/Hall-Effect-Switches-8-300x169.jpg 300w, https:\/\/halleffectkeyboard.com\/wp-content\/uploads\/2026\/03\/Hall-Effect-Switches-8-1024x576.jpg 1024w, https:\/\/halleffectkeyboard.com\/wp-content\/uploads\/2026\/03\/Hall-Effect-Switches-8-768x432.jpg 768w, https:\/\/halleffectkeyboard.com\/wp-content\/uploads\/2026\/03\/Hall-Effect-Switches-8-1536x864.jpg 1536w, https:\/\/halleffectkeyboard.com\/wp-content\/uploads\/2026\/03\/Hall-Effect-Switches-8-2048x1152.jpg 2048w, https:\/\/halleffectkeyboard.com\/wp-content\/uploads\/2026\/03\/Hall-Effect-Switches-8-18x10.jpg 18w, https:\/\/halleffectkeyboard.com\/wp-content\/uploads\/2026\/03\/Hall-Effect-Switches-8-1200x675.jpg 1200w\" sizes=\"auto, (max-width: 2560px) 100vw, 2560px\" \/><img loading=\"lazy\" decoding=\"async\" class=\"alignnone size-full wp-image-3732\" src=\"https:\/\/halleffectkeyboard.com\/wp-content\/uploads\/2026\/03\/Hall-Effect-Switches-10-scaled.jpg\" alt=\"Interrupteurs \u00e0 effet Hall magn\u00e9tiques GravaStar UFO\" width=\"2560\" height=\"1440\" srcset=\"https:\/\/halleffectkeyboard.com\/wp-content\/uploads\/2026\/03\/Hall-Effect-Switches-10-scaled.jpg 2560w, https:\/\/halleffectkeyboard.com\/wp-content\/uploads\/2026\/03\/Hall-Effect-Switches-10-300x169.jpg 300w, https:\/\/halleffectkeyboard.com\/wp-content\/uploads\/2026\/03\/Hall-Effect-Switches-10-1024x576.jpg 1024w, https:\/\/halleffectkeyboard.com\/wp-content\/uploads\/2026\/03\/Hall-Effect-Switches-10-768x432.jpg 768w, https:\/\/halleffectkeyboard.com\/wp-content\/uploads\/2026\/03\/Hall-Effect-Switches-10-1536x864.jpg 1536w, https:\/\/halleffectkeyboard.com\/wp-content\/uploads\/2026\/03\/Hall-Effect-Switches-10-2048x1152.jpg 2048w, https:\/\/halleffectkeyboard.com\/wp-content\/uploads\/2026\/03\/Hall-Effect-Switches-10-18x10.jpg 18w, https:\/\/halleffectkeyboard.com\/wp-content\/uploads\/2026\/03\/Hall-Effect-Switches-10-1200x675.jpg 1200w\" sizes=\"auto, (max-width: 2560px) 100vw, 2560px\" \/><img loading=\"lazy\" decoding=\"async\" class=\"alignnone size-full wp-image-3733\" src=\"https:\/\/halleffectkeyboard.com\/wp-content\/uploads\/2026\/03\/Hall-Effect-Switches-11-scaled.jpg\" alt=\"Interrupteurs \u00e0 effet Hall magn\u00e9tiques GravaStar UFO\" width=\"2560\" height=\"1440\" srcset=\"https:\/\/halleffectkeyboard.com\/wp-content\/uploads\/2026\/03\/Hall-Effect-Switches-11-scaled.jpg 2560w, https:\/\/halleffectkeyboard.com\/wp-content\/uploads\/2026\/03\/Hall-Effect-Switches-11-300x169.jpg 300w, https:\/\/halleffectkeyboard.com\/wp-content\/uploads\/2026\/03\/Hall-Effect-Switches-11-1024x576.jpg 1024w, https:\/\/halleffectkeyboard.com\/wp-content\/uploads\/2026\/03\/Hall-Effect-Switches-11-768x432.jpg 768w, https:\/\/halleffectkeyboard.com\/wp-content\/uploads\/2026\/03\/Hall-Effect-Switches-11-1536x864.jpg 1536w, https:\/\/halleffectkeyboard.com\/wp-content\/uploads\/2026\/03\/Hall-Effect-Switches-11-2048x1152.jpg 2048w, https:\/\/halleffectkeyboard.com\/wp-content\/uploads\/2026\/03\/Hall-Effect-Switches-11-18x10.jpg 18w, https:\/\/halleffectkeyboard.com\/wp-content\/uploads\/2026\/03\/Hall-Effect-Switches-11-1200x675.jpg 1200w\" sizes=\"auto, (max-width: 2560px) 100vw, 2560px\" \/> <img loading=\"lazy\" decoding=\"async\" class=\"alignnone size-full wp-image-3734\" src=\"https:\/\/halleffectkeyboard.com\/wp-content\/uploads\/2026\/03\/Hall-Effect-Switches-12-scaled.jpg\" alt=\"Interrupteurs \u00e0 effet Hall magn\u00e9tiques GravaStar UFO\" width=\"2560\" height=\"1440\" srcset=\"https:\/\/halleffectkeyboard.com\/wp-content\/uploads\/2026\/03\/Hall-Effect-Switches-12-scaled.jpg 2560w, https:\/\/halleffectkeyboard.com\/wp-content\/uploads\/2026\/03\/Hall-Effect-Switches-12-300x169.jpg 300w, https:\/\/halleffectkeyboard.com\/wp-content\/uploads\/2026\/03\/Hall-Effect-Switches-12-1024x576.jpg 1024w, https:\/\/halleffectkeyboard.com\/wp-content\/uploads\/2026\/03\/Hall-Effect-Switches-12-768x432.jpg 768w, https:\/\/halleffectkeyboard.com\/wp-content\/uploads\/2026\/03\/Hall-Effect-Switches-12-1536x864.jpg 1536w, https:\/\/halleffectkeyboard.com\/wp-content\/uploads\/2026\/03\/Hall-Effect-Switches-12-2048x1152.jpg 2048w, https:\/\/halleffectkeyboard.com\/wp-content\/uploads\/2026\/03\/Hall-Effect-Switches-12-18x10.jpg 18w, https:\/\/halleffectkeyboard.com\/wp-content\/uploads\/2026\/03\/Hall-Effect-Switches-12-1200x675.jpg 1200w\" sizes=\"auto, (max-width: 2560px) 100vw, 2560px\" \/><\/p>","protected":false},"excerpt":{"rendered":"<p>Les commutateurs \u00e0 effet Hall GravaStar UFO offrent une pr\u00e9cision de jeu optimale. Profitez d&#039;une r\u00e9ponse lin\u00e9aire ultra-rapide et d&#039;un temps de r\u00e9ponse ajustable.<\/p>","protected":false},"featured_media":3707,"comment_status":"open","ping_status":"closed","template":"","meta":[],"product_brand":[320],"product_cat":[138,323],"product_tag":[185],"class_list":{"0":"post-3690","1":"product","2":"type-product","3":"status-publish","4":"has-post-thumbnail","6":"product_brand-gravastar","7":"product_cat-hall-effect-switches","8":"product_cat-switches","9":"product_tag-hall-effect-switches","11":"first","12":"instock","13":"taxable","14":"shipping-taxable","15":"purchasable","16":"product-type-variable","17":"wvs-archive-product-wrapper"},"aioseo_notices":[],"ct_brands":[{"id":320,"name":"GravaStar","slug":"gravastar"}],"jetpack_sharing_enabled":true,"_links":{"self":[{"href":"https:\/\/halleffectkeyboard.com\/fr\/wp-json\/wp\/v2\/product\/3690","targetHints":{"allow":["GET"]}}],"collection":[{"href":"https:\/\/halleffectkeyboard.com\/fr\/wp-json\/wp\/v2\/product"}],"about":[{"href":"https:\/\/halleffectkeyboard.com\/fr\/wp-json\/wp\/v2\/types\/product"}],"replies":[{"embeddable":true,"href":"https:\/\/halleffectkeyboard.com\/fr\/wp-json\/wp\/v2\/comments?post=3690"}],"version-history":[{"count":3,"href":"https:\/\/halleffectkeyboard.com\/fr\/wp-json\/wp\/v2\/product\/3690\/revisions"}],"predecessor-version":[{"id":3735,"href":"https:\/\/halleffectkeyboard.com\/fr\/wp-json\/wp\/v2\/product\/3690\/revisions\/3735"}],"wp:featuredmedia":[{"embeddable":true,"href":"https:\/\/halleffectkeyboard.com\/fr\/wp-json\/wp\/v2\/media\/3707"}],"wp:attachment":[{"href":"https:\/\/halleffectkeyboard.com\/fr\/wp-json\/wp\/v2\/media?parent=3690"}],"wp:term":[{"taxonomy":"product_brand","embeddable":true,"href":"https:\/\/halleffectkeyboard.com\/fr\/wp-json\/wp\/v2\/product_brand?post=3690"},{"taxonomy":"product_cat","embeddable":true,"href":"https:\/\/halleffectkeyboard.com\/fr\/wp-json\/wp\/v2\/product_cat?post=3690"},{"taxonomy":"product_tag","embeddable":true,"href":"https:\/\/halleffectkeyboard.com\/fr\/wp-json\/wp\/v2\/product_tag?post=3690"}],"curies":[{"name":"wp","href":"https:\/\/api.w.org\/{rel}","templated":true}]}}